{"id":203,"date":"2023-01-27T15:09:42","date_gmt":"2023-01-27T15:09:42","guid":{"rendered":"https:\/\/dev.umfst.ro\/e-umfst\/?page_id=203"},"modified":"2023-02-23T14:49:13","modified_gmt":"2023-02-23T14:49:13","slug":"documente-de-management","status":"publish","type":"page","link":"https:\/\/umfst.ro\/e-umfst\/en\/documente\/documente-de-management\/","title":{"rendered":"Documente de Management"},"content":{"rendered":"<p><strong>Documente \u00eentocmite de&nbsp;Departamentul de Asigurare a Calit\u0103\u021bii<\/strong><\/p>\n\n\n\n<p><a href=\"https:\/\/www.umfst.ro\/fileadmin\/intranet_access\/documente_oficiale\/management\/RDAC-02-2021.pdf\">RDAC-2021-02 Raport anual asupra evalu\u0103rii satisfac\u021biei studen\u021bilor \u0219i cadrelor didactice fa\u021b\u0103 de serviciile oferite de Universitatea de Medicin\u0103, Farmacie, \u0218tiin\u021be \u0219i Tehnologie \u201eGeorge Emil Palade\u201d din T\u00e2rgu Mure\u0219 An universitar 2020\/2021<\/a><\/p>\n\n\n\n<p><a href=\"https:\/\/www.umfst.ro\/fileadmin\/intranet_access\/documente_oficiale\/management\/RDAC-2020-04_Raport_satisfactie_absolventi.pdf\">RDAC-2020-04 Raport privind satisfac\u0163ia absolven\u0163ilor Universit\u0103\u0163ii de Medicin\u0103, Farmacie, \u0218tiin\u021be \u015fi Tehnologie \u201dGeorge Emil Palade\u201d din T\u00e2rgu Mure\u015f Anul universitar 2019-2020<\/a><\/p>\n\n\n\n<p><a href=\"https:\/\/www.umfst.ro\/fileadmin\/intranet_access\/documente_oficiale\/management\/RDAC-02-2020_Raport_satisfactie_serviciile.pdf\">RDAC-2020-02 Raport anual asupra evalu\u0103rii satisfac\u021biei studen\u021bilor \u0219i cadrelor didactice fa\u021b\u0103 de serviciile oferite de Universitatea de Medicin\u0103, Farmacie, \u0218tiin\u021be \u0219i Tehnologie \u201eGeorge Emil Palade\u201d din T\u00e2rgu Mure\u0219 An universitar 2019\/2020<\/a><\/p>\n\n\n\n<p><a href=\"https:\/\/www.umfst.ro\/fileadmin\/intranet_access\/documente_oficiale\/management\/RDAC-2019-04_Raport_satisfactie_absolventi.pdf\">RDAC-2019-04 Raport privind satisfac\u0163ia absolven\u0163ilor Universit\u0103\u0163ii de Medicin\u0103, Farmacie, \u0218tiin\u021be \u015fi Tehnologie \u201dGeorge Emil Palade\u201d din T\u00e2rgu Mure\u015f Anul universitar 2018-2019<\/a><\/p>\n\n\n\n<p><a href=\"https:\/\/www.umfst.ro\/fileadmin\/intranet_access\/documente_oficiale\/management\/RDAC-2018-04_Raport_evaluare_satisfactie_absolventi.pdf\">RDAC-2018-04 Raport privind satisfac\u0163ia absolven\u0163ilor Universit\u0103\u0163ii de Medicin\u0103, Farmacie, \u0218tiin\u021be \u015fi Tehnologie din T\u00e2rgu Mure\u015f Anul universitar 2017-2018<\/a><\/p>\n\n\n\n<p><a href=\"https:\/\/www.umfst.ro\/fileadmin\/intranet_access\/documente_oficiale\/management\/RDAC-2017-04_Raport_evaluare_satisfactie_absolventi..pdf\">RDAC-2017-04&nbsp;Raport privind satisfac\u0163ia absolven\u0163ilor Universit\u0103\u0163ii de Medicin\u0103 \u015fi Farmacie din T\u00eergu Mure\u015f &#8211; Anul universitar 2016-2017<\/a><\/p>\n\n\n\n<p><a href=\"https:\/\/www.umfst.ro\/fileadmin\/intranet_access\/documente_oficiale\/management\/RDAC-2016-04_Raport_evaluare_satisfactie_absolventi.pdf\">RDAC-2016-04 Raport privind satisfac\u0163ia absolven\u0163ilor Universit\u0103\u0163ii de Medicin\u0103 \u015fi Farmacie din T\u00eergu Mure\u015f -Anul universitar 2015-2016<\/a><\/p>\n\n\n\n<p><a href=\"https:\/\/www.umfst.ro\/fileadmin\/intranet_access\/documente_oficiale\/management\/RDAC-02-2018.pdf\">RDAC-2018-02 Raport anual asupra evalu\u0103rii satisfac\u021biei studen\u021bilor \u0219i cadrelor didactice fa\u021b\u0103 de serviciile oferite de Universitatea de Medicin\u0103, Farmacie, \u0218tiin\u021be \u0219i Tehnologie T\u00e2rgu Mure\u0219 &#8211; Anul universitar 2017-2018<\/a><\/p>\n\n\n\n<p><a href=\"https:\/\/www.umfst.ro\/fileadmin\/intranet_access\/documente_oficiale\/management\/RDAC-2017-02.pdf\">RDAC-2017-02&nbsp;Raport anual asupra evalu\u0103rii satisfac\u021biei studen\u021bilor \u0219i cadrelor didactice fa\u021b\u0103 de serviciile oferite de Univeristatea de Medicin\u0103 \u0219i Farmacie T\u00eergu Mure\u0219&nbsp;&#8211;&nbsp;An universitar 2016\/2017<\/a><\/p>\n\n\n\n<p><a href=\"https:\/\/www.umfst.ro\/fileadmin\/intranet_access\/documente_oficiale\/management\/RDAC-2016-02_Raport_grad_de_satisfactie_servicii_UMF.pdf\">RDAC-2016-02&nbsp;Raport anual asupra evalu\u0103rii satisfac\u021biei studen\u021bilor \u0219i cadrelor didactice fa\u021b\u0103 de serviciile oferite de Univeristatea de Medicin\u0103 \u0219i Farmacie T\u00eergu Mure\u0219&nbsp;&#8211;&nbsp;An universitar 2015\/2016<\/a><\/p>\n\n\n\n<p><a href=\"https:\/\/www.umfst.ro\/fileadmin\/man_calit\/RDAC-2015-02.pdf\">Raport anual asupra evalu\u0103rii satisfac\u021biei studen\u021bilor \u0219i cadrelor didactice fa\u021b\u0103 de serviciile oferite de Universitatea de&nbsp; Medicin\u0103 \u0219i Farmacie Tg.Mure\u0219&nbsp; &#8211; an universitar 2014\/2015<\/a><\/p>\n\n\n\n<p><a href=\"https:\/\/www.umfst.ro\/fileadmin\/man_calit\/RDAC-2014-02_RAPORT_EVALUARE_SATISFACTIE.pdf\">Raport anual asupra evalu\u0103rii satisfac\u021biei studen\u021bilor \u0219i cadrelor didactice fa\u021b\u0103 de serviciile oferite de Universitatea de&nbsp; Medicin\u0103 \u0219i Farmacie Tg.Mure\u0219&nbsp; &#8211; an universitar 2013\/2014<\/a><\/p>\n\n\n\n<p><a href=\"https:\/\/www.umfst.ro\/fileadmin\/man_calit\/RDAC-2013-01_Satisfactie_servicii.pdf\">Raport asupra evalu\u0103rii satisfac\u021biei studen\u021bilor \u0219i cadrelor didactice fa\u021b\u0103 de serviciile oferite de Universitatea de Medicin\u0103 \u0219i Farmacie T\u00e2rgu Mure\u0219<\/a><\/p>\n\n\n\n<p><a href=\"https:\/\/www.umfst.ro\/fileadmin\/man_calit\/RDAC-2013-03.pdf\">Raport cu privire la satisfac\u021bia studen\u021bilor fa\u021b\u0103 de metodele de predare \u0219i examinare din cadrul Facult\u0103\u021bii de medicin\u0103 UMF T\u00e2rgu Mure\u0219<\/a><\/p>","protected":false},"excerpt":{"rendered":"<p>Documente \u00eentocmite de&nbsp;Departamentul de Asigurare a Calit\u0103\u021bii RDAC-2021-02 Raport anual asupra evalu\u0103rii satisfac\u021biei studen\u021bilor \u0219i cadrelor didactice fa\u021b\u0103 de serviciile oferite de Universitatea de Medicin\u0103, Farmacie, \u0218tiin\u021be \u0219i Tehnologie \u201eGeorge Emil Palade\u201d din T\u00e2rgu Mure\u0219 An universitar 2020\/2021 RDAC-2020-04 Raport privind satisfac\u0163ia absolven\u0163ilor Universit\u0103\u0163ii de Medicin\u0103, Farmacie, \u0218tiin\u021be \u015fi Tehnologie \u201dGeorge Emil Palade\u201d din T\u00e2rgu [&hellip;]<\/p>\n","protected":false},"author":6,"featured_media":0,"parent":201,"menu_order":0,"comment_status":"closed","ping_status":"closed","template":"","meta":{"_relevanssi_hide_post":"","_relevanssi_hide_content":"","_relevanssi_pin_for_all":"","_relevanssi_pin_keywords":"","_relevanssi_unpin_keywords":"","_relevanssi_related_keywords":"","_relevanssi_related_include_ids":"","_relevanssi_related_exclude_ids":"","_relevanssi_related_no_append":"","_relevanssi_related_not_related":"","_relevanssi_related_posts":"1","_relevanssi_noindex_reason":"","footnotes":""},"categories":[12],"tags":[],"class_list":["post-203","page","type-page","status-publish","hentry","category-pagina-cu-sidebar"],"meta_box":[],"_links":{"self":[{"href":"https:\/\/umfst.ro\/e-umfst\/en\/wp-json\/wp\/v2\/pages\/203","targetHints":{"allow":["GET"]}}],"collection":[{"href":"https:\/\/umfst.ro\/e-umfst\/en\/wp-json\/wp\/v2\/pages"}],"about":[{"href":"https:\/\/umfst.ro\/e-umfst\/en\/wp-json\/wp\/v2\/types\/page"}],"author":[{"embeddable":true,"href":"https:\/\/umfst.ro\/e-umfst\/en\/wp-json\/wp\/v2\/users\/6"}],"replies":[{"embeddable":true,"href":"https:\/\/umfst.ro\/e-umfst\/en\/wp-json\/wp\/v2\/comments?post=203"}],"version-history":[{"count":2,"href":"https:\/\/umfst.ro\/e-umfst\/en\/wp-json\/wp\/v2\/pages\/203\/revisions"}],"predecessor-version":[{"id":461,"href":"https:\/\/umfst.ro\/e-umfst\/en\/wp-json\/wp\/v2\/pages\/203\/revisions\/461"}],"up":[{"embeddable":true,"href":"https:\/\/umfst.ro\/e-umfst\/en\/wp-json\/wp\/v2\/pages\/201"}],"wp:attachment":[{"href":"https:\/\/umfst.ro\/e-umfst\/en\/wp-json\/wp\/v2\/media?parent=203"}],"wp:term":[{"taxonomy":"category","embeddable":true,"href":"https:\/\/umfst.ro\/e-umfst\/en\/wp-json\/wp\/v2\/categories?post=203"},{"taxonomy":"post_tag","embeddable":true,"href":"https:\/\/umfst.ro\/e-umfst\/en\/wp-json\/wp\/v2\/tags?post=203"}],"curies":[{"name":"wp","href":"https:\/\/api.w.org\/{rel}","templated":true}]}}