{"id":225,"date":"2023-01-27T15:36:58","date_gmt":"2023-01-27T15:36:58","guid":{"rendered":"https:\/\/dev.umfst.ro\/e-umfst\/?page_id=225"},"modified":"2023-02-07T11:59:19","modified_gmt":"2023-02-07T11:59:19","slug":"facultatea-de-stiinte-si-litere","status":"publish","type":"page","link":"https:\/\/umfst.ro\/e-umfst\/en\/hotarari-ale-consiliului-facultatii\/facultatea-de-stiinte-si-litere\/","title":{"rendered":"Stiinte si Litere"},"content":{"rendered":"<h2 class=\"wp-block-heading\">Hot\u0103r\u00e2ri ale Consiliului Facult\u0103\u021bii de Stiinte si Litere<\/h2>\n\n\n\n<p><a href=\"https:\/\/www.umfst.ro\/fileadmin\/intranet_access\/Stiinte_si_Litere\/hotarari_consiliu\/Proces-verbal_Consiliu_Facultate__28.09.2022.pdf\">Proces verbal 28 septembrie 2022<\/a><\/p>\n\n\n\n<p><a href=\"https:\/\/www.umfst.ro\/fileadmin\/intranet_access\/Stiinte_si_Litere\/hotarari_consiliu\/Proces-verbal_Consiliu_Facultate_22.06.2022.pdf\">Proces verbal 22 iunie 2022<\/a><\/p>\n\n\n\n<p><a href=\"https:\/\/www.umfst.ro\/fileadmin\/intranet_access\/Stiinte_si_Litere\/hotarari_consiliu\/Proces-verbal_Consiliu_Facultate_24.03.2022.pdf\">Proces verbal 24 martie 2022<\/a><\/p>\n\n\n\n<p><a href=\"https:\/\/www.umfst.ro\/fileadmin\/intranet_access\/Stiinte_si_Litere\/hotarari_consiliu\/Proces-verbal_Consiliu_Facultate_02.03.2022.pdf\">Proces verbal 2 martie 2022<\/a><\/p>\n\n\n\n<p><a href=\"https:\/\/www.umfst.ro\/fileadmin\/intranet_access\/Stiinte_si_Litere\/hotarari_consiliu\/Proces-verbal_Consiliu_Facultate_22.02.2022.pdf\">Proces verbal 22 februarie 2022<\/a><\/p>\n\n\n\n<p><a href=\"https:\/\/www.umfst.ro\/fileadmin\/intranet_access\/Stiinte_si_Litere\/hotarari_consiliu\/Proces-verbal_Consiliu_Facultate_18.02.2022.pdf\">Proces verbal 18 februarie 2022<\/a><\/p>\n\n\n\n<p><a href=\"https:\/\/www.umfst.ro\/fileadmin\/intranet_access\/Stiinte_si_Litere\/hotarari_consiliu\/PV_13.01.2022.pdf\">Proces verbal 13 ianuarie 2022<\/a><\/p>\n\n\n\n<p><a href=\"https:\/\/www.umfst.ro\/fileadmin\/intranet_access\/Stiinte_si_Litere\/hotarari_consiliu\/PV_12.12.2021.pdf\">Proces verbal 12 decembrie 2021<\/a><\/p>\n\n\n\n<p><a href=\"https:\/\/www.umfst.ro\/fileadmin\/intranet_access\/Stiinte_si_Litere\/hotarari_consiliu\/PV_11.11.2021.pdf\">Proces verbal 11 noiembrie 2021<\/a><\/p>\n\n\n\n<p><a href=\"https:\/\/www.umfst.ro\/fileadmin\/intranet_access\/Stiinte_si_Litere\/hotarari_consiliu\/PV_10.09.2021.pdf\">Proces verbal 10 septembrie 2021<\/a><\/p>\n\n\n\n<p><a href=\"https:\/\/www.umfst.ro\/fileadmin\/intranet_access\/Stiinte_si_Litere\/hotarari_consiliu\/PV_28.07.2021.pdf\">Proces verbal 28 iulie 2021<\/a><\/p>\n\n\n\n<p><a href=\"https:\/\/www.umfst.ro\/fileadmin\/intranet_access\/Stiinte_si_Litere\/hotarari_consiliu\/PV_28.05.2021.pdf\">Proces verbal 28 mai 2021<\/a><\/p>\n\n\n\n<p><a href=\"https:\/\/www.umfst.ro\/fileadmin\/intranet_access\/Stiinte_si_Litere\/hotarari_consiliu\/PV_23.03.2021.pdf\">Proces verbal 23 martie 2021<\/a><\/p>\n\n\n\n<p><a href=\"https:\/\/www.umfst.ro\/fileadmin\/intranet_access\/Stiinte_si_Litere\/hotarari_consiliu\/PV_18.02.2021.pdf\">Proces verbal 18 februarie 2021<\/a><\/p>\n\n\n\n<p><a href=\"https:\/\/www.umfst.ro\/fileadmin\/f_stiinte_litere\/examen_licenta\/2021\/tematica\/Proces-verbal_15_februarie_2021.pdf\">Proces verbal&nbsp;15 februarie 2021<\/a><\/p>\n\n\n\n<p><a href=\"https:\/\/www.umfst.ro\/fileadmin\/intranet_access\/Stiinte_si_Litere\/hotarari_consiliu\/PV_02.02.2021.pdf\">Proces verbal 02 februarie 2021<\/a><\/p>\n\n\n\n<p><a href=\"https:\/\/www.umfst.ro\/fileadmin\/intranet_access\/Stiinte_si_Litere\/hotarari_consiliu\/PV_26.01.2021.pdf\">Proces verbal 26 ianuarie 2021<\/a><\/p>\n\n\n\n<p><a href=\"https:\/\/www.umfst.ro\/fileadmin\/intranet_access\/Stiinte_si_Litere\/hotarari_consiliu\/Proces_verbal_din_11.01.2021.pdf\">Proces verbal&nbsp;11 ianuarie 2021<\/a><\/p>\n\n\n\n<p><a href=\"https:\/\/www.umfst.ro\/fileadmin\/intranet_access\/Stiinte_si_Litere\/hotarari_consiliu\/Proces_verbal_din_11.12.2020.pdf\">Proces verbal&nbsp;11 decembrie 2020<\/a><\/p>\n\n\n\n<p><a href=\"https:\/\/www.umfst.ro\/fileadmin\/intranet_access\/Stiinte_si_Litere\/hotarari_consiliu\/Proces_verbal_din_10.09.2020.pdf\">Proces verbal&nbsp;10 septembrie 2020<\/a><\/p>\n\n\n\n<p><a href=\"https:\/\/www.umfst.ro\/fileadmin\/intranet_access\/Stiinte_si_Litere\/hotarari_consiliu\/Proces_verbal_27_mai_2020.pdf\">Proces verbal 27 mai 2020<\/a><\/p>\n\n\n\n<p><a href=\"https:\/\/www.umfst.ro\/fileadmin\/intranet_access\/Stiinte_si_Litere\/hotarari_consiliu\/Proces_verbal_din_31.03.2020.pdf\">Proces verbal&nbsp;31 martie 2020<\/a><\/p>\n\n\n\n<p><a href=\"https:\/\/www.umfst.ro\/fileadmin\/intranet_access\/Stiinte_si_Litere\/hotarari_consiliu\/Proces_verbal_din_23.03.2020.pdf\">Proces verbal&nbsp;23 martie 2020<\/a><\/p>","protected":false},"excerpt":{"rendered":"<p>Hot\u0103r\u00e2ri ale Consiliului Facult\u0103\u021bii de Stiinte si Litere Proces verbal 28 septembrie 2022 Proces verbal 22 iunie 2022 Proces verbal 24 martie 2022 Proces verbal 2 martie 2022 Proces verbal 22 februarie 2022 Proces verbal 18 februarie 2022 Proces verbal 13 ianuarie 2022 Proces verbal 12 decembrie 2021 Proces verbal 11 noiembrie 2021 Proces verbal [&hellip;]<\/p>\n","protected":false},"author":6,"featured_media":0,"parent":213,"menu_order":0,"comment_status":"closed","ping_status":"closed","template":"","meta":{"_relevanssi_hide_post":"","_relevanssi_hide_content":"","_relevanssi_pin_for_all":"","_relevanssi_pin_keywords":"","_relevanssi_unpin_keywords":"","_relevanssi_related_keywords":"","_relevanssi_related_include_ids":"","_relevanssi_related_exclude_ids":"","_relevanssi_related_no_append":"","_relevanssi_related_not_related":"","_relevanssi_related_posts":"1","_relevanssi_noindex_reason":"","footnotes":""},"categories":[12],"tags":[],"class_list":["post-225","page","type-page","status-publish","hentry","category-pagina-cu-sidebar"],"meta_box":[],"_links":{"self":[{"href":"https:\/\/umfst.ro\/e-umfst\/en\/wp-json\/wp\/v2\/pages\/225","targetHints":{"allow":["GET"]}}],"collection":[{"href":"https:\/\/umfst.ro\/e-umfst\/en\/wp-json\/wp\/v2\/pages"}],"about":[{"href":"https:\/\/umfst.ro\/e-umfst\/en\/wp-json\/wp\/v2\/types\/page"}],"author":[{"embeddable":true,"href":"https:\/\/umfst.ro\/e-umfst\/en\/wp-json\/wp\/v2\/users\/6"}],"replies":[{"embeddable":true,"href":"https:\/\/umfst.ro\/e-umfst\/en\/wp-json\/wp\/v2\/comments?post=225"}],"version-history":[{"count":2,"href":"https:\/\/umfst.ro\/e-umfst\/en\/wp-json\/wp\/v2\/pages\/225\/revisions"}],"predecessor-version":[{"id":416,"href":"https:\/\/umfst.ro\/e-umfst\/en\/wp-json\/wp\/v2\/pages\/225\/revisions\/416"}],"up":[{"embeddable":true,"href":"https:\/\/umfst.ro\/e-umfst\/en\/wp-json\/wp\/v2\/pages\/213"}],"wp:attachment":[{"href":"https:\/\/umfst.ro\/e-umfst\/en\/wp-json\/wp\/v2\/media?parent=225"}],"wp:term":[{"taxonomy":"category","embeddable":true,"href":"https:\/\/umfst.ro\/e-umfst\/en\/wp-json\/wp\/v2\/categories?post=225"},{"taxonomy":"post_tag","embeddable":true,"href":"https:\/\/umfst.ro\/e-umfst\/en\/wp-json\/wp\/v2\/tags?post=225"}],"curies":[{"name":"wp","href":"https:\/\/api.w.org\/{rel}","templated":true}]}}