{"id":650,"date":"2023-05-03T15:06:51","date_gmt":"2023-05-03T12:06:51","guid":{"rendered":"https:\/\/dev.umfst.ro\/e-umfst\/?page_id=650"},"modified":"2023-05-03T15:07:30","modified_gmt":"2023-05-03T12:07:30","slug":"modalitatea-de-acordarea-burselor","status":"publish","type":"page","link":"https:\/\/umfst.ro\/e-umfst\/en\/intranet-studenti\/formulare-pentru-studenti\/modalitatea-de-acordarea-burselor\/","title":{"rendered":"Modalitatea de acordarea burselor"},"content":{"rendered":"<script type=\"text\/javascript\">var gform;gform||(document.addEventListener(\"gform_main_scripts_loaded\",function(){gform.scriptsLoaded=!0}),window.addEventListener(\"DOMContentLoaded\",function(){gform.domLoaded=!0}),gform={domLoaded:!1,scriptsLoaded:!1,initializeOnLoaded:function(o){gform.domLoaded&&gform.scriptsLoaded?o():!gform.domLoaded&&gform.scriptsLoaded?window.addEventListener(\"DOMContentLoaded\",o):document.addEventListener(\"gform_main_scripts_loaded\",o)},hooks:{action:{},filter:{}},addAction:function(o,n,r,t){gform.addHook(\"action\",o,n,r,t)},addFilter:function(o,n,r,t){gform.addHook(\"filter\",o,n,r,t)},doAction:function(o){gform.doHook(\"action\",o,arguments)},applyFilters:function(o){return gform.doHook(\"filter\",o,arguments)},removeAction:function(o,n){gform.removeHook(\"action\",o,n)},removeFilter:function(o,n,r){gform.removeHook(\"filter\",o,n,r)},addHook:function(o,n,r,t,i){null==gform.hooks[o][n]&&(gform.hooks[o][n]=[]);var e=gform.hooks[o][n];null==i&&(i=n+\"_\"+e.length),gform.hooks[o][n].push({tag:i,callable:r,priority:t=null==t?10:t})},doHook:function(n,o,r){var t;if(r=Array.prototype.slice.call(r,1),null!=gform.hooks[n][o]&&((o=gform.hooks[n][o]).sort(function(o,n){return o.priority-n.priority}),o.forEach(function(o){\"function\"!=typeof(t=o.callable)&&(t=window[t]),\"action\"==n?t.apply(null,r):r[0]=t.apply(null,r)})),\"filter\"==n)return r[0]},removeHook:function(o,n,t,i){var r;null!=gform.hooks[o][n]&&(r=(r=gform.hooks[o][n]).filter(function(o,n,r){return!!(null!=i&&i!=o.tag||null!=t&&t!=o.priority)}),gform.hooks[o][n]=r)}});<\/script>\n                <div class='gf_browser_gecko gform_wrapper gravity-theme gform-theme--no-framework' data-form-theme='gravity-theme' data-form-index='0' id='gform_wrapper_20' >\n                        <div class='gform_heading'>\n\t\t\t\t\t\t\t<p class='gform_required_legend'>&quot;<span class=\"gfield_required gfield_required_asterisk\">*<\/span>&quot; indicates required fields<\/p>\n                        <\/div><form method='post' enctype='multipart\/form-data'  id='gform_20'  action='\/e-umfst\/en\/wp-json\/wp\/v2\/pages\/650' data-formid='20' novalidate>\n                        <div class='gform-body gform_body'><div id='gform_fields_20' class='gform_fields top_label form_sublabel_below description_below'><div id=\"field_20_1\"  class=\"gfield gfield--type-text gfield_contains_required field_sublabel_below gfield--no-description field_description_below gfield_visibility_visible\"  data-js-reload=\"field_20_1\"><label class='gfield_label gform-field-label' for='input_20_1' >Facultatea<span class=\"gfield_required\"><span class=\"gfield_required gfield_required_asterisk\">*<\/span><\/span><\/label><div class='ginput_container ginput_container_text'><input name='input_1' id='input_20_1' type='text' value='' class='large'     aria-required=\"true\" aria-invalid=\"false\"   \/> <\/div><\/div><div id=\"field_20_2\"  class=\"gfield gfield--type-text gfield--width-full gfield_contains_required field_sublabel_below gfield--no-description field_description_below gfield_visibility_visible\"  data-js-reload=\"field_20_2\"><label class='gfield_label gform-field-label' for='input_20_2' >Programul de studii<span class=\"gfield_required\"><span class=\"gfield_required gfield_required_asterisk\">*<\/span><\/span><\/label><div class='ginput_container ginput_container_text'><input name='input_2' id='input_20_2' type='text' value='' class='large'     aria-required=\"true\" aria-invalid=\"false\"   \/> <\/div><\/div><div id=\"field_20_13\"  class=\"gfield gfield--type-text gfield--width-full gfield_contains_required field_sublabel_below gfield--no-description field_description_below gfield_visibility_visible\"  data-js-reload=\"field_20_13\"><label class='gfield_label gform-field-label' for='input_20_13' >Anul de studii<span class=\"gfield_required\"><span class=\"gfield_required gfield_required_asterisk\">*<\/span><\/span><\/label><div class='ginput_container ginput_container_text'><input name='input_13' id='input_20_13' type='text' value='' class='large'     aria-required=\"true\" aria-invalid=\"false\"   \/> <\/div><\/div><div id=\"field_20_3\"  class=\"gfield gfield--type-text gfield--width-full gfield_contains_required field_sublabel_below gfield--no-description field_description_below gfield_visibility_visible\"  data-js-reload=\"field_20_3\"><label class='gfield_label gform-field-label' for='input_20_3' >Nume \u0219i Prenume Student\u0103<span class=\"gfield_required\"><span class=\"gfield_required gfield_required_asterisk\">*<\/span><\/span><\/label><div class='ginput_container ginput_container_text'><input name='input_3' id='input_20_3' type='text' value='' class='large'     aria-required=\"true\" aria-invalid=\"false\"   \/> <\/div><\/div><div id=\"field_20_14\"  class=\"gfield gfield--type-html gfield--width-full gfield_html gfield_html_formatted gfield_no_follows_desc field_sublabel_below gfield--no-description field_description_below gfield_visibility_visible\"  data-js-reload=\"field_20_14\"><b>A. Venituri Realizate<\/b><\/div><div id=\"field_20_15\"  class=\"gfield gfield--type-number gfield--width-full gfield_contains_required field_sublabel_below gfield--has-description field_description_below gfield_visibility_visible\"  data-js-reload=\"field_20_15\"><label class='gfield_label gform-field-label' for='input_20_15' >1. VENITURILE SALARIALE \u0218I ASIMILATE ACESTORA:<span class=\"gfield_required\"><span class=\"gfield_required gfield_required_asterisk\">*<\/span><\/span><\/label><div class='ginput_container ginput_container_number'><input name='input_15' id='input_20_15' type='number' step='any'   value='' class='large'     aria-required=\"true\" aria-invalid=\"false\" aria-describedby=\"gfield_description_20_15\" \/><\/div><div class='gfield_description' id='gfield_description_20_15'>Ron\/lun\u0103<\/div><\/div><div id=\"field_20_16\"  class=\"gfield gfield--type-number gfield--width-full gfield_contains_required field_sublabel_below gfield--has-description field_description_below gfield_visibility_visible\"  data-js-reload=\"field_20_16\"><label class='gfield_label gform-field-label' for='input_20_16' >2. PENSII INDEXATE<span class=\"gfield_required\"><span class=\"gfield_required gfield_required_asterisk\">*<\/span><\/span><\/label><div class='ginput_container ginput_container_number'><input name='input_16' id='input_20_16' type='number' step='any'   value='' class='large'     aria-required=\"true\" aria-invalid=\"false\" aria-describedby=\"gfield_description_20_16\" \/><\/div><div class='gfield_description' id='gfield_description_20_16'>Ron\/lun\u0103<\/div><\/div><div id=\"field_20_5\"  class=\"gfield gfield--type-number gfield--width-full gfield_contains_required field_sublabel_below gfield--has-description field_description_below gfield_visibility_visible\"  data-js-reload=\"field_20_5\"><label class='gfield_label gform-field-label' for='input_20_5' >3. ALOCA\u0162II DE STAT PENTRU COPII<span class=\"gfield_required\"><span class=\"gfield_required gfield_required_asterisk\">*<\/span><\/span><\/label><div class='ginput_container ginput_container_number'><input name='input_5' id='input_20_5' type='number' step='any'   value='' class='large'     aria-required=\"true\" aria-invalid=\"false\" aria-describedby=\"gfield_description_20_5\" \/><\/div><div class='gfield_description' id='gfield_description_20_5'>Ron\/lun\u0103<\/div><\/div><div id=\"field_20_17\"  class=\"gfield gfield--type-number gfield--width-full gfield_contains_required field_sublabel_below gfield--has-description field_description_below gfield_visibility_visible\"  data-js-reload=\"field_20_17\"><label class='gfield_label gform-field-label' for='input_20_17' >4. ALOCA\u0162II DE PLASAMENT<span class=\"gfield_required\"><span class=\"gfield_required gfield_required_asterisk\">*<\/span><\/span><\/label><div class='ginput_container ginput_container_number'><input name='input_17' id='input_20_17' type='number' step='any'   value='' class='large'     aria-required=\"true\" aria-invalid=\"false\" aria-describedby=\"gfield_description_20_17\" \/><\/div><div class='gfield_description' id='gfield_description_20_17'>Ron\/lun\u0103<\/div><\/div><div id=\"field_20_18\"  class=\"gfield gfield--type-number gfield--width-full gfield_contains_required field_sublabel_below gfield--has-description field_description_below gfield_visibility_visible\"  data-js-reload=\"field_20_18\"><label class='gfield_label gform-field-label' for='input_20_18' >5. ALTE AJUTOARE PRIMITE DE LA STAT<span class=\"gfield_required\"><span class=\"gfield_required gfield_required_asterisk\">*<\/span><\/span><\/label><div class='ginput_container ginput_container_number'><input name='input_18' id='input_20_18' type='number' step='any'   value='' class='large'     aria-required=\"true\" aria-invalid=\"false\" aria-describedby=\"gfield_description_20_18\" \/><\/div><div class='gfield_description' id='gfield_description_20_18'>Ron\/lun\u0103<\/div><\/div><div id=\"field_20_19\"  class=\"gfield gfield--type-number gfield--width-full gfield_contains_required field_sublabel_below gfield--has-description field_description_below gfield_visibility_visible\"  data-js-reload=\"field_20_19\"><label class='gfield_label gform-field-label' for='input_20_19' >6. VENITURI DIN IMOBILE INCHIRIATE<span class=\"gfield_required\"><span class=\"gfield_required gfield_required_asterisk\">*<\/span><\/span><\/label><div class='ginput_container ginput_container_number'><input name='input_19' id='input_20_19' type='number' step='any'   value='' class='large'     aria-required=\"true\" aria-invalid=\"false\" aria-describedby=\"gfield_description_20_19\" \/><\/div><div class='gfield_description' id='gfield_description_20_19'>Ron\/lun\u0103<\/div><\/div><div id=\"field_20_20\"  class=\"gfield gfield--type-number gfield--width-full gfield_contains_required field_sublabel_below gfield--has-description field_description_below gfield_visibility_visible\"  data-js-reload=\"field_20_20\"><label class='gfield_label gform-field-label' for='input_20_20' >7. VENITURI DIN ASOCIERE LA SOCIET\u0102TI CU CAPITAL PRIVAT<span class=\"gfield_required\"><span class=\"gfield_required gfield_required_asterisk\">*<\/span><\/span><\/label><div class='ginput_container ginput_container_number'><input name='input_20' id='input_20_20' type='number' step='any'   value='' class='large'     aria-required=\"true\" aria-invalid=\"false\" aria-describedby=\"gfield_description_20_20\" \/><\/div><div class='gfield_description' id='gfield_description_20_20'>Inclusiv dividende &#8211; Ron\/lun\u0103<\/div><\/div><div id=\"field_20_21\"  class=\"gfield gfield--type-number gfield--width-full gfield_contains_required field_sublabel_below gfield--has-description field_description_below gfield_visibility_visible\"  data-js-reload=\"field_20_21\"><label class='gfield_label gform-field-label' for='input_20_21' >8. VENITURI DIN AGRICULTURA<span class=\"gfield_required\"><span class=\"gfield_required gfield_required_asterisk\">*<\/span><\/span><\/label><div class='ginput_container ginput_container_number'><input name='input_21' id='input_20_21' type='number' step='any'   value='' class='large'     aria-required=\"true\" aria-invalid=\"false\" aria-describedby=\"gfield_description_20_21\" \/><\/div><div class='gfield_description' id='gfield_description_20_21'>Ron\/lun\u0103<\/div><\/div><div id=\"field_20_22\"  class=\"gfield gfield--type-number gfield--width-full gfield_contains_required field_sublabel_below gfield--has-description field_description_below gfield_visibility_visible\"  data-js-reload=\"field_20_22\"><label class='gfield_label gform-field-label' for='input_20_22' >9. ALTE VENITURI REALIZATE DE FAMILIE<span class=\"gfield_required\"><span class=\"gfield_required gfield_required_asterisk\">*<\/span><\/span><\/label><div class='ginput_container ginput_container_number'><input name='input_22' id='input_20_22' type='number' step='any'   value='' class='large'     aria-required=\"true\" aria-invalid=\"false\" aria-describedby=\"gfield_description_20_22\" \/><\/div><div class='gfield_description' id='gfield_description_20_22'>Ron\/lun\u0103<\/div><\/div><div id=\"field_20_23\"  class=\"gfield gfield--type-number gfield--width-full gfield_contains_required field_sublabel_below gfield--has-description field_description_below gfield_visibility_visible\"  data-js-reload=\"field_20_23\"><label class='gfield_label gform-field-label' for='input_20_23' >TOTAL VENITURI<span class=\"gfield_required\"><span class=\"gfield_required gfield_required_asterisk\">*<\/span><\/span><\/label><div class='ginput_container ginput_container_number'><input name='input_23' id='input_20_23' type='number' step='any'   value='' class='large'     aria-required=\"true\" aria-invalid=\"false\" aria-describedby=\"gfield_description_20_23\" \/><\/div><div class='gfield_description' id='gfield_description_20_23'>(1+2+3+4+5+6+7+8) &#8211; Ron\/lun\u0103<\/div><\/div><div id=\"field_20_9\"  class=\"gfield gfield--type-html gfield--width-full gfield_html gfield_html_formatted field_sublabel_below gfield--no-description field_description_below gfield_visibility_visible\"  data-js-reload=\"field_20_9\"><b>B.NUM\u0102RUL PERSOANELOR AFLATE \u00ceN \u00ceNTRE\u0162INERE DIN CARE:<\/b><\/div><div id=\"field_20_24\"  class=\"gfield gfield--type-number gfield--width-full gfield_contains_required field_sublabel_below gfield--no-description field_description_below gfield_visibility_visible\"  data-js-reload=\"field_20_24\"><label class='gfield_label gform-field-label' for='input_20_24' >Elevi<span class=\"gfield_required\"><span class=\"gfield_required gfield_required_asterisk\">*<\/span><\/span><\/label><div class='ginput_container ginput_container_number'><input name='input_24' id='input_20_24' type='number' step='any'   value='' class='large'     aria-required=\"true\" aria-invalid=\"false\"  \/><\/div><\/div><div id=\"field_20_25\"  class=\"gfield gfield--type-number gfield--width-full gfield_contains_required field_sublabel_below gfield--no-description field_description_below gfield_visibility_visible\"  data-js-reload=\"field_20_25\"><label class='gfield_label gform-field-label' for='input_20_25' >Studen\u021bi<span class=\"gfield_required\"><span class=\"gfield_required gfield_required_asterisk\">*<\/span><\/span><\/label><div class='ginput_container ginput_container_number'><input name='input_25' id='input_20_25' type='number' step='any'   value='' class='large'     aria-required=\"true\" aria-invalid=\"false\"  \/><\/div><\/div><div id=\"field_20_26\"  class=\"gfield gfield--type-number gfield--width-full gfield_contains_required field_sublabel_below gfield--no-description field_description_below gfield_visibility_visible\"  data-js-reload=\"field_20_26\"><label class='gfield_label gform-field-label' for='input_20_26' >Copii pre\u0219colari<span class=\"gfield_required\"><span class=\"gfield_required gfield_required_asterisk\">*<\/span><\/span><\/label><div class='ginput_container ginput_container_number'><input name='input_26' id='input_20_26' type='number' step='any'   value='' class='large'     aria-required=\"true\" aria-invalid=\"false\"  \/><\/div><\/div><div id=\"field_20_28\"  class=\"gfield gfield--type-number gfield--width-full gfield_contains_required field_sublabel_below gfield--has-description field_description_below gfield_visibility_visible\"  data-js-reload=\"field_20_28\"><label class='gfield_label gform-field-label' for='input_20_28' >C. VENITUL MEDIU PE MEBRU DE FAMILIE<span class=\"gfield_required\"><span class=\"gfield_required gfield_required_asterisk\">*<\/span><\/span><\/label><div class='ginput_container ginput_container_number'><input name='input_28' id='input_20_28' type='number' step='any'   value='' class='large'     aria-required=\"true\" aria-invalid=\"false\" aria-describedby=\"gfield_description_20_28\" \/><\/div><div class='gfield_description' id='gfield_description_20_28'>Ron\/lun\u0103<\/div><\/div><div id=\"field_20_27\"  class=\"gfield gfield--type-number gfield--width-full gfield_contains_required field_sublabel_below gfield--has-description field_description_below gfield_visibility_visible\"  data-js-reload=\"field_20_27\"><label class='gfield_label gform-field-label' for='input_20_27' >D. BURS\u0102 PE CAZ DE BOAL\u0102 CRONIC\u0102<span class=\"gfield_required\"><span class=\"gfield_required gfield_required_asterisk\">*<\/span><\/span><\/label><div class='ginput_container ginput_container_number'><input name='input_27' id='input_20_27' type='number' step='any'   value='' class='large'     aria-required=\"true\" aria-invalid=\"false\" aria-describedby=\"gfield_description_20_27\" \/><\/div><div class='gfield_description' id='gfield_description_20_27'>Ron\/lun\u0103<\/div><\/div><div id=\"field_20_29\"  class=\"gfield gfield--type-number gfield--width-full gfield_contains_required field_sublabel_below gfield--has-description field_description_below gfield_visibility_visible\"  data-js-reload=\"field_20_29\"><label class='gfield_label gform-field-label' for='input_20_29' >E. BURS\u0102 &#8211; URMA\u015e DE REVOLU\u0162IONAR<span class=\"gfield_required\"><span class=\"gfield_required gfield_required_asterisk\">*<\/span><\/span><\/label><div class='ginput_container ginput_container_number'><input name='input_29' id='input_20_29' type='number' step='any'   value='' class='large'     aria-required=\"true\" aria-invalid=\"false\" aria-describedby=\"gfield_description_20_29\" \/><\/div><div class='gfield_description' id='gfield_description_20_29'>Ron\/lun\u0103<\/div><\/div><div id=\"field_20_30\"  class=\"gfield gfield--type-number gfield--width-full gfield_contains_required field_sublabel_below gfield--has-description field_description_below gfield_visibility_visible\"  data-js-reload=\"field_20_30\"><label class='gfield_label gform-field-label' for='input_20_30' >F. BURS\u0102 \u2013 ORFAN DE UNUL SAU DE AMBII P\u0102RIN\u0162I<span class=\"gfield_required\"><span class=\"gfield_required gfield_required_asterisk\">*<\/span><\/span><\/label><div class='ginput_container ginput_container_number'><input name='input_30' id='input_20_30' type='number' step='any'   value='' class='large'     aria-required=\"true\" aria-invalid=\"false\" aria-describedby=\"gfield_description_20_30\" \/><\/div><div class='gfield_description' id='gfield_description_20_30'>Ron\/lun\u0103<\/div><\/div><div id=\"field_20_31\"  class=\"gfield gfield--type-textarea gfield--width-full field_sublabel_below gfield--no-description field_description_below gfield_visibility_visible\"  data-js-reload=\"field_20_31\"><label class='gfield_label gform-field-label' for='input_20_31' >PENTRU JUSTIFICAREA CELOR DECLARATE ANEXEZ ADEVERIN\u0162ELE SAU COPIILE:<\/label><div class='ginput_container ginput_container_textarea'><textarea name='input_31' id='input_20_31' class='textarea large'      aria-invalid=\"false\"   rows='10' cols='50'><\/textarea><\/div><\/div><div id=\"field_20_32\"  class=\"gfield gfield--type-email field_sublabel_below gfield--no-description field_description_below gfield_visibility_visible\"  data-js-reload=\"field_20_32\"><label class='gfield_label gform-field-label' for='input_20_32' >Email<\/label><div class='ginput_container ginput_container_email'>\n                            <input name='input_32' id='input_20_32' type='email' value='' class='large'     aria-invalid=\"false\"  \/>\n                        <\/div><\/div><\/div><\/div>\n        <div class='gform_footer top_label'> <input type='submit' id='gform_submit_button_20' class='gform_button button' value='Genereaz\u0103 PDF'  onclick='if(window[\"gf_submitting_20\"]){return false;}  if( !jQuery(\"#gform_20\")[0].checkValidity || jQuery(\"#gform_20\")[0].checkValidity()){window[\"gf_submitting_20\"]=true;}  ' onkeypress='if( event.keyCode == 13 ){ if(window[\"gf_submitting_20\"]){return false;} if( !jQuery(\"#gform_20\")[0].checkValidity || jQuery(\"#gform_20\")[0].checkValidity()){window[\"gf_submitting_20\"]=true;}  jQuery(\"#gform_20\").trigger(\"submit\",[true]); }' \/> \n            <input type='hidden' class='gform_hidden' name='is_submit_20' value='1' \/>\n            <input type='hidden' class='gform_hidden' name='gform_submit' value='20' \/>\n            \n            <input type='hidden' class='gform_hidden' name='gform_unique_id' value='' \/>\n            <input type='hidden' class='gform_hidden' name='state_20' value='WyJbXSIsIjQwODMwOGZhZDA0YzI5OTM0OWNhODNjYzZjZDEyNTZlIl0=' \/>\n            <input type='hidden' class='gform_hidden' name='gform_target_page_number_20' id='gform_target_page_number_20' value='0' \/>\n            <input type='hidden' class='gform_hidden' name='gform_source_page_number_20' id='gform_source_page_number_20' value='1' \/>\n            <input type='hidden' name='gform_field_values' value='' \/>\n            \n        <\/div>\n                        <\/form>\n                        <\/div><script>\ngform.initializeOnLoaded( function() {gformInitSpinner( 20, 'https:\/\/umfst.ro\/e-umfst\/wp-content\/plugins\/gravityforms\/images\/spinner.svg', true );jQuery('#gform_ajax_frame_20').on('load',function(){var contents = jQuery(this).contents().find('*').html();var is_postback = contents.indexOf('GF_AJAX_POSTBACK') >= 0;if(!is_postback){return;}var form_content = jQuery(this).contents().find('#gform_wrapper_20');var is_confirmation = jQuery(this).contents().find('#gform_confirmation_wrapper_20').length > 0;var is_redirect = contents.indexOf('gformRedirect(){') >= 0;var is_form = form_content.length > 0 && ! is_redirect && ! is_confirmation;var mt = parseInt(jQuery('html').css('margin-top'), 10) + parseInt(jQuery('body').css('margin-top'), 10) + 100;if(is_form){jQuery('#gform_wrapper_20').html(form_content.html());if(form_content.hasClass('gform_validation_error')){jQuery('#gform_wrapper_20').addClass('gform_validation_error');} else {jQuery('#gform_wrapper_20').removeClass('gform_validation_error');}setTimeout( function() { \/* delay the scroll by 50 milliseconds to fix a bug in chrome *\/  }, 50 );if(window['gformInitDatepicker']) {gformInitDatepicker();}if(window['gformInitPriceFields']) {gformInitPriceFields();}var current_page = jQuery('#gform_source_page_number_20').val();gformInitSpinner( 20, 'https:\/\/umfst.ro\/e-umfst\/wp-content\/plugins\/gravityforms\/images\/spinner.svg', true );jQuery(document).trigger('gform_page_loaded', [20, current_page]);window['gf_submitting_20'] = false;}else if(!is_redirect){var confirmation_content = jQuery(this).contents().find('.GF_AJAX_POSTBACK').html();if(!confirmation_content){confirmation_content = contents;}setTimeout(function(){jQuery('#gform_wrapper_20').replaceWith(confirmation_content);jQuery(document).trigger('gform_confirmation_loaded', [20]);window['gf_submitting_20'] = false;wp.a11y.speak(jQuery('#gform_confirmation_message_20').text());}, 50);}else{jQuery('#gform_20').append(contents);if(window['gformRedirect']) {gformRedirect();}}jQuery(document).trigger('gform_post_render', [20, current_page]);gform.utils.trigger({ event: 'gform\/postRender', native: false, data: { formId: 20, currentPage: current_page } });} );} );\n<\/script>\n","protected":false},"excerpt":{"rendered":"","protected":false},"author":2,"featured_media":0,"parent":163,"menu_order":0,"comment_status":"closed","ping_status":"closed","template":"","meta":{"_relevanssi_hide_post":"","_relevanssi_hide_content":"","_relevanssi_pin_for_all":"","_relevanssi_pin_keywords":"","_relevanssi_unpin_keywords":"","_relevanssi_related_keywords":"","_relevanssi_related_include_ids":"","_relevanssi_related_exclude_ids":"","_relevanssi_related_no_append":"","_relevanssi_related_not_related":"","_relevanssi_related_posts":"1","_relevanssi_noindex_reason":"","footnotes":""},"categories":[12],"tags":[],"class_list":["post-650","page","type-page","status-publish","hentry","category-pagina-cu-sidebar"],"meta_box":[],"_links":{"self":[{"href":"https:\/\/umfst.ro\/e-umfst\/en\/wp-json\/wp\/v2\/pages\/650","targetHints":{"allow":["GET"]}}],"collection":[{"href":"https:\/\/umfst.ro\/e-umfst\/en\/wp-json\/wp\/v2\/pages"}],"about":[{"href":"https:\/\/umfst.ro\/e-umfst\/en\/wp-json\/wp\/v2\/types\/page"}],"author":[{"embeddable":true,"href":"https:\/\/umfst.ro\/e-umfst\/en\/wp-json\/wp\/v2\/users\/2"}],"replies":[{"embeddable":true,"href":"https:\/\/umfst.ro\/e-umfst\/en\/wp-json\/wp\/v2\/comments?post=650"}],"version-history":[{"count":2,"href":"https:\/\/umfst.ro\/e-umfst\/en\/wp-json\/wp\/v2\/pages\/650\/revisions"}],"predecessor-version":[{"id":652,"href":"https:\/\/umfst.ro\/e-umfst\/en\/wp-json\/wp\/v2\/pages\/650\/revisions\/652"}],"up":[{"embeddable":true,"href":"https:\/\/umfst.ro\/e-umfst\/en\/wp-json\/wp\/v2\/pages\/163"}],"wp:attachment":[{"href":"https:\/\/umfst.ro\/e-umfst\/en\/wp-json\/wp\/v2\/media?parent=650"}],"wp:term":[{"taxonomy":"category","embeddable":true,"href":"https:\/\/umfst.ro\/e-umfst\/en\/wp-json\/wp\/v2\/categories?post=650"},{"taxonomy":"post_tag","embeddable":true,"href":"https:\/\/umfst.ro\/e-umfst\/en\/wp-json\/wp\/v2\/tags?post=650"}],"curies":[{"name":"wp","href":"https:\/\/api.w.org\/{rel}","templated":true}]}}