{"id":163,"date":"2023-01-27T07:37:34","date_gmt":"2023-01-27T07:37:34","guid":{"rendered":"https:\/\/dev.umfst.ro\/e-umfst\/?page_id=163"},"modified":"2025-03-24T10:08:16","modified_gmt":"2025-03-24T08:08:16","slug":"formulare-pentru-studenti","status":"publish","type":"page","link":"https:\/\/umfst.ro\/e-umfst\/hu\/intranet-studenti\/formulare-pentru-studenti\/","title":{"rendered":"Formulare pentru studen\u0163i"},"content":{"rendered":"<p>Cereri adresate decanatului, rectoratului sau serviciilor administrative<\/p>\n\n\n\n<p><a href=\"https:\/\/umfst.ro\/e-umfst\/intranet-studenti\/formulare-pentru-studenti\/cerere-de-cazare\/\">&#8211; Cerere de cazare<\/a><\/p>\n\n\n\n<p><a href=\"https:\/\/umfst.ro\/e-umfst\/intranet-studenti\/formulare-pentru-studenti\/cerere-de-transfer-cazare\/\" data-type=\"URL\" data-id=\"https:\/\/dev.umfst.ro\/e-umfst\/intranet-studenti\/formulare-pentru-studenti\/cerere-de-transfer-cazare\/\">&#8211; Cerere de transfer cazare<\/a><\/p>\n\n\n\n<p><a href=\"https:\/\/umfst.ro\/e-umfst\/intranet-studenti\/formulare-pentru-studenti\/cerere-de-retragere-de-la-studii\/\">&#8211; Cerere de retragere de la studii<\/a><\/p>\n\n\n\n<p><a href=\"https:\/\/umfst.ro\/e-umfst\/intranet-studenti\/formulare-pentru-studenti\/cerere-eliberare-adeverinta\/\">&#8211; Cerere eliberare adeverin\u021b\u0103<\/a><\/p>\n\n\n\n<p><a href=\"https:\/\/umfst.ro\/e-umfst\/intranet-studenti\/formulare-pentru-studenti\/cerere-eliberare-programa-analitica\/\">&#8211; Cerere eliberare programa analitic\u0103<\/a><\/p>\n\n\n\n<p><a href=\"https:\/\/umfst.ro\/e-umfst\/intranet-studenti\/formulare-pentru-studenti\/cerere-eliberare-programa-analitica\/\">&#8211; Cerere eliberare programa analitic\u0103<\/a><\/p>\n\n\n\n<p><a href=\"https:\/\/umfst.ro\/e-umfst\/intranet-studenti\/formulare-pentru-studenti\/cerere-eliberare-situatie-scolara\/\">&#8211; Cerere eliberare situa\u021bie \u0219colar\u0103<\/a><\/p>\n\n\n\n<p><a href=\"https:\/\/umfst.ro\/e-umfst\/intranet-studenti\/formulare-pentru-studenti\/cerere-motivare-a-absentelor\/\">&#8211; Cerere motivare a absen\u021belor<\/a><\/p>\n\n\n\n<p><a href=\"https:\/\/umfst.ro\/e-umfst\/intranet-studenti\/formulare-pentru-studenti\/cerere-pentru-eliberare-adeverinta-necesara-pentru-intocmirea-dosarului-de-pensie\/\">&#8211; Cerere pentru eliberare adeverin\u0163\u0103, necesar\u0103 pentru \u00eentocmirea dosarului de pensie<\/a><\/p>\n\n\n\n<p><a href=\"https:\/\/umfst.ro\/e-umfst\/intranet-studenti\/formulare-pentru-studenti\/cerere-renuntare-loc-cazare\/\">&#8211; Cerere renun\u021bare loc cazare<\/a><\/p>\n\n\n\n<p><a href=\"https:\/\/umfst.ro\/e-umfst\/intranet-studenti\/formulare-pentru-studenti\/cerere-repetarea-anului-universitar\/\">&#8211; Cerere repetarea anului universitar<\/a><\/p>\n\n\n\n<p><a href=\"https:\/\/umfst.ro\/e-umfst\/intranet-studenti\/formulare-pentru-studenti\/contract-de-inchiriere-cazare\/\">&#8211; Contract de \u00eenchiriere cazare<\/a><\/p>\n\n\n\n<p><a href=\"https:\/\/umfst.ro\/e-umfst\/intranet-studenti\/formulare-pentru-studenti\/incheierea-studiilor-studentilor\/\">&#8211; \u00cencheierea studiilor studen\u021bilor<\/a><\/p>\n\n\n\n<p><a href=\"https:\/\/umfst.ro\/e-umfst\/intranet-studenti\/formulare-pentru-studenti\/intreruperea-studiilor-studentilor-romani\/\">&#8211; \u00centreruperea studiilor studen\u0163ilor rom\u00e2ni<\/a><\/p>\n\n\n\n<p><a href=\"https:\/\/umfst.ro\/e-umfst\/intranet-studenti\/formulare-pentru-studenti\/modalitatea-de-acordarea-burselor\/\">&#8211; Modalitatea de acordarea burselor<\/a><\/p>\n\n\n\n<p><a href=\"https:\/\/umfst.ro\/e-umfst\/intranet-studenti\/formulare-pentru-studenti\/obtinerea-certificatului-de-conformitate-apostilare-vizare-me-cnred\/\">&#8211; Ob\u021binerea certificatului de conformitate \/ apostilare \/ vizare ME \u2013 CNRED<\/a><\/p>\n\n\n\n<p><a href=\"https:\/\/umfst.ro\/e-umfst\/intranet-studenti\/formulare-pentru-studenti\/reinmatricularea-studentilor-romani\/\">&#8211; Re\u00eenmatricularea studen\u021bilor rom\u00e2ni<\/a><\/p>\n\n\n\n<p><a href=\"https:\/\/umfst.ro\/e-umfst\/intranet-studenti\/formulare-pentru-studenti\/solicitare-eliberare-acte-de-studii-in-regim-de-urgenta\/\">&#8211; Solicitare eliberare acte de studii in regim de urgen\u021b\u0103<\/a><\/p>\n\n\n\n<p><a href=\"https:\/\/umfst.ro\/e-umfst\/intranet-studenti\/formulare-pentru-studenti\/transferul-studentilor-romani-de-la-o-institutie-de-invatamant-superior-la-alta\/\">&#8211; Transferul studen\u021bilor rom\u00e2ni de la o institu\u021bie de invatamant superior la alta<\/a><\/p>","protected":false},"excerpt":{"rendered":"<p>Cereri adresate decanatului, rectoratului sau serviciilor administrative &#8211; Cerere de cazare &#8211; Cerere de transfer cazare &#8211; Cerere de retragere de la studii &#8211; Cerere eliberare adeverin\u021b\u0103 &#8211; Cerere eliberare programa analitic\u0103 &#8211; Cerere eliberare programa analitic\u0103 &#8211; Cerere eliberare situa\u021bie \u0219colar\u0103 &#8211; Cerere motivare a absen\u021belor &#8211; Cerere pentru eliberare adeverin\u0163\u0103, necesar\u0103 pentru \u00eentocmirea [&hellip;]<\/p>\n","protected":false},"author":6,"featured_media":0,"parent":156,"menu_order":0,"comment_status":"closed","ping_status":"closed","template":"","meta":{"_relevanssi_hide_post":"","_relevanssi_hide_content":"","_relevanssi_pin_for_all":"","_relevanssi_pin_keywords":"","_relevanssi_unpin_keywords":"","_relevanssi_related_keywords":"","_relevanssi_related_include_ids":"","_relevanssi_related_exclude_ids":"","_relevanssi_related_no_append":"","_relevanssi_related_not_related":"","_relevanssi_related_posts":"1","_relevanssi_noindex_reason":"","footnotes":""},"categories":[12],"tags":[],"class_list":["post-163","page","type-page","status-publish","hentry","category-pagina-cu-sidebar"],"meta_box":[],"_links":{"self":[{"href":"https:\/\/umfst.ro\/e-umfst\/hu\/wp-json\/wp\/v2\/pages\/163","targetHints":{"allow":["GET"]}}],"collection":[{"href":"https:\/\/umfst.ro\/e-umfst\/hu\/wp-json\/wp\/v2\/pages"}],"about":[{"href":"https:\/\/umfst.ro\/e-umfst\/hu\/wp-json\/wp\/v2\/types\/page"}],"author":[{"embeddable":true,"href":"https:\/\/umfst.ro\/e-umfst\/hu\/wp-json\/wp\/v2\/users\/6"}],"replies":[{"embeddable":true,"href":"https:\/\/umfst.ro\/e-umfst\/hu\/wp-json\/wp\/v2\/comments?post=163"}],"version-history":[{"count":6,"href":"https:\/\/umfst.ro\/e-umfst\/hu\/wp-json\/wp\/v2\/pages\/163\/revisions"}],"predecessor-version":[{"id":1039,"href":"https:\/\/umfst.ro\/e-umfst\/hu\/wp-json\/wp\/v2\/pages\/163\/revisions\/1039"}],"up":[{"embeddable":true,"href":"https:\/\/umfst.ro\/e-umfst\/hu\/wp-json\/wp\/v2\/pages\/156"}],"wp:attachment":[{"href":"https:\/\/umfst.ro\/e-umfst\/hu\/wp-json\/wp\/v2\/media?parent=163"}],"wp:term":[{"taxonomy":"category","embeddable":true,"href":"https:\/\/umfst.ro\/e-umfst\/hu\/wp-json\/wp\/v2\/categories?post=163"},{"taxonomy":"post_tag","embeddable":true,"href":"https:\/\/umfst.ro\/e-umfst\/hu\/wp-json\/wp\/v2\/tags?post=163"}],"curies":[{"name":"wp","href":"https:\/\/api.w.org\/{rel}","templated":true}]}}