{"id":220,"date":"2023-01-27T15:35:01","date_gmt":"2023-01-27T15:35:01","guid":{"rendered":"https:\/\/dev.umfst.ro\/e-umfst\/?page_id=220"},"modified":"2023-02-07T11:58:29","modified_gmt":"2023-02-07T11:58:29","slug":"medicina-dentara","status":"publish","type":"page","link":"https:\/\/umfst.ro\/e-umfst\/hu\/hotarari-ale-consiliului-facultatii\/medicina-dentara\/","title":{"rendered":"Medicin\u0103 Dentar\u0103"},"content":{"rendered":"<h2 class=\"wp-block-heading\">Hot\u0103r\u00e2ri ale Consiliului Facult\u0103\u021bii de Medicin\u0103 Dentar\u0103<\/h2>\n\n\n\n<p><a href=\"https:\/\/www.umfst.ro\/fileadmin\/intranet_access\/medicina_dentara\/hotarari_consiliu\/Rezultat_vot_electronic_16-18_ianuarie_2023.pdf\">Rezultat vot electronic 16-18 ianuarie 2023<\/a><\/p>\n\n\n\n<p><a href=\"https:\/\/www.umfst.ro\/fileadmin\/intranet_access\/medicina_dentara\/hotarari_consiliu\/Rezultat_vot_electronic_28-29_noiembrie_2022.pdf\">Rezultat vot electronic 28-29 noiembrie 2022<\/a><\/p>\n\n\n\n<p><a href=\"https:\/\/www.umfst.ro\/fileadmin\/intranet_access\/medicina_dentara\/hotarari_consiliu\/Rezultat_vot_electronic_27-28_octombrie.pdf\">Rezultat vot electronic 27-28 octombrie 2022<\/a><\/p>\n\n\n\n<p><a href=\"https:\/\/www.umfst.ro\/fileadmin\/intranet_access\/medicina_dentara\/hotarari_consiliu\/Rezultat_vot_electronic_septembrie_2022.pdf\">Rezultat vot electronic 12 -14 septembrie \u0219i 27-29 septembrie 2022<\/a><\/p>\n\n\n\n<p><a href=\"https:\/\/www.umfst.ro\/fileadmin\/intranet_access\/medicina_dentara\/hotarari_consiliu\/Rezultat_vot_electronic_27.07-01.08.2022.pdf\">Rezultat vot electronic 27 iulie &#8211; 1 august 2022<\/a><\/p>\n\n\n\n<p><a href=\"https:\/\/www.umfst.ro\/fileadmin\/intranet_access\/medicina_dentara\/hotarari_consiliu\/Rezultat_vot_electronic_mai__iunie_2022.pdf\">Rezultat vot electronic 24-26 mai \u0219i 17-20 iunie 2022<\/a><\/p>\n\n\n\n<p><a href=\"https:\/\/www.umfst.ro\/fileadmin\/intranet_access\/medicina_dentara\/hotarari_consiliu\/Hotarari_din_05.04.2022.pdf\">Hotarari din 05 aprilie 2022<\/a><\/p>\n\n\n\n<p><a href=\"https:\/\/www.umfst.ro\/fileadmin\/intranet_access\/medicina_dentara\/hotarari_consiliu\/Rezultat_vot_electronic_8-9_martie_2022.pdf\">Rezultat vot electronic 8-9 martie 2022<\/a><\/p>\n\n\n\n<p><a href=\"https:\/\/www.umfst.ro\/fileadmin\/intranet_access\/medicina_dentara\/hotarari_consiliu\/Rezultat_vot_electronic_1-3_februarie.pdf\">Rezultat vot electronic 01-03 februarie 2022<\/a><\/p>\n\n\n\n<p><a href=\"https:\/\/www.umfst.ro\/fileadmin\/intranet_access\/medicina_dentara\/hotarari_consiliu\/Rezultat_vot_electronic_10-11_ianuarie_2022.pdf\">Rezultat vot electronic 10-11 ianuarie 2022<\/a><\/p>\n\n\n\n<p><a href=\"https:\/\/www.umfst.ro\/fileadmin\/intranet_access\/medicina_dentara\/hotarari_consiliu\/Rezultat_vot_electronic_10-12_noiembrie_2021.pdf\">Rezultat vot electronic 10-12 noiembrie 2021<\/a><\/p>\n\n\n\n<p><a href=\"https:\/\/www.umfst.ro\/fileadmin\/intranet_access\/medicina_dentara\/hotarari_consiliu\/Rezutat_vot_electronic_14-16_septembrie_2021.pdf\">Rezultat vot electronic 14 septembrie &#8211; 16 septembrie 2021<\/a><\/p>\n\n\n\n<p><a href=\"https:\/\/www.umfst.ro\/fileadmin\/intranet_access\/medicina_dentara\/hotarari_consiliu\/Rezultat_vot_electronic_1-2_iulie_2021.pdf\">Rezultat vot electronic 1 iulie &#8211; 2 iulie 2021<\/a><\/p>\n\n\n\n<p><a href=\"https:\/\/www.umfst.ro\/fileadmin\/intranet_access\/medicina_dentara\/hotarari_consiliu\/Rezultat_vot_electronic_3-4_iunie_2021.pdf\">Rezultat vot electronic 3 iunie &#8211; 4 iunie 2021<\/a><\/p>\n\n\n\n<p><a href=\"https:\/\/www.umfst.ro\/fileadmin\/intranet_access\/medicina_dentara\/hotarari_consiliu\/Rezultat_vot_electronic_25-27_mai_2021.pdf\">Rezultat vot electronic 25 mai &#8211; 27 mai 2021<\/a><\/p>\n\n\n\n<p><a href=\"https:\/\/www.umfst.ro\/fileadmin\/intranet_access\/medicina_dentara\/hotarari_consiliu\/Rezultat_vot_electronic_10-12_mai_2021.pdf\">Rezultat vot electronic 10 mai &#8211; 12 mai 2021<\/a><\/p>\n\n\n\n<p><a href=\"https:\/\/www.umfst.ro\/fileadmin\/intranet_access\/medicina_dentara\/hotarari_consiliu\/Rezultat_vot_electronic_15-18_martie_2021.pdf\">Rezultat vot electronic 15 martie &#8211; 18 martie 2021<\/a><\/p>\n\n\n\n<p><a href=\"https:\/\/www.umfst.ro\/fileadmin\/intranet_access\/medicina_dentara\/hotarari_consiliu\/2_Rezultat_vot_electronic_26_febr-1_martie.pdf\">Rezultat vot electronic 26 februarie &#8211; 1 martie 2021<\/a><\/p>\n\n\n\n<p><a href=\"https:\/\/www.umfst.ro\/fileadmin\/intranet_access\/medicina_dentara\/hotarari_consiliu\/1_Rezultat_vot_electronic_29_ian-2_febr.pdf\">Rezultat vot electronic 29 ianuarie &#8211; 2&nbsp;februarie 2021<\/a><\/p>\n\n\n\n<p><a href=\"https:\/\/www.umfst.ro\/fileadmin\/intranet_access\/medicina_dentara\/hotarari_consiliu\/1_Rezultat_vot_electronic_8-11_ianuarie_2021.pdf\">Rezultat vot electronic 8-11 ianuarie 2021<\/a><\/p>\n\n\n\n<p><a href=\"https:\/\/www.umfst.ro\/fileadmin\/intranet_access\/medicina_dentara\/hotarari_consiliu\/Rezultat_vot_electronic_17-18_nov_2020.pdf\">Rezultat vot electronic 17-18 noiembrie 2020<\/a><\/p>\n\n\n\n<p><a href=\"https:\/\/www.umfst.ro\/fileadmin\/intranet_access\/medicina_dentara\/hotarari_consiliu\/3_Rezultat_vot_electronic_22-23_septembrie_2020.pdf\">Rezultat vot electronic 22-23 septembrie 2020<\/a><\/p>\n\n\n\n<p><a href=\"https:\/\/www.umfst.ro\/fileadmin\/intranet_access\/medicina_dentara\/hotarari_consiliu\/2_Rezultat_vot_electronic_18-21_septembrie_2020.pdf\">Rezultat vot electronic 18-21 septembrie 2020<\/a><\/p>\n\n\n\n<p><a href=\"https:\/\/www.umfst.ro\/fileadmin\/intranet_access\/medicina_dentara\/hotarari_consiliu\/Rezultat_vot_electronic_8-9_septembrie_2020.pdf\">Rezultat vot electronic 8-9 septembrie 2020<\/a><\/p>\n\n\n\n<p><a href=\"https:\/\/www.umfst.ro\/fileadmin\/intranet_access\/medicina_dentara\/hotarari_consiliu\/Rezultat_vot_electronic_25-27_mai.pdf\">Rezultat vot electronic 25-27 mai 2020<\/a><\/p>\n\n\n\n<p><a href=\"https:\/\/www.umfst.ro\/fileadmin\/intranet_access\/medicina_dentara\/hotarari_consiliu\/Rezultat_vot_electronic_21-23_aprilie_2020.pdf\">Rezultat vot electronic 21-23 aprilie 2020<\/a><\/p>\n\n\n\n<p><a href=\"https:\/\/www.umfst.ro\/fileadmin\/intranet_access\/medicina_dentara\/hotarari_consiliu\/Rezultat_vot_electronic_1-2_aprilie.PDF\">Rezultat vot electronic 1-2&nbsp;aprilie 2020<\/a><\/p>\n\n\n\n<p><a href=\"https:\/\/www.umfst.ro\/fileadmin\/intranet_access\/medicina_dentara\/hotarari_consiliu\/Rezultat_vot_electronic_19-20_martie_2020.pdf\">Rezultat vot electronic 19-20 martie 2020<\/a><\/p>\n\n\n\n<p><a href=\"https:\/\/www.umfst.ro\/fileadmin\/intranet_access\/medicina_dentara\/hotarari_consiliu\/Hotarari_din_13_martie_2020.pdf\">Hotarari din 13 martie 2020<\/a><\/p>\n\n\n\n<p><a href=\"https:\/\/www.umfst.ro\/fileadmin\/intranet_access\/medicina_dentara\/hotarari_consiliu\/Rezultat_vot_electronic_6-9_martie_2020.pdf\">Rezultat vot electronic 6-9 martie 2020<\/a><\/p>\n\n\n\n<p><a href=\"https:\/\/www.umfst.ro\/fileadmin\/intranet_access\/medicina_dentara\/hotarari_consiliu\/Rezultat_vot_electronic_31_ian_-_3_febr_2020.pdf\">Rezultat vot electronic 31 ianuarie &#8211; 3 februarie 2020<\/a><\/p>\n\n\n\n<p><a href=\"https:\/\/www.umfst.ro\/fileadmin\/intranet_access\/medicina_dentara\/hotarari_consiliu\/Hotarari_din_23_ianuarie_2020.pdf\">Hotarari din 23 ianuarie 2020<\/a><\/p>\n\n\n\n<p><a href=\"https:\/\/www.umfst.ro\/fileadmin\/intranet_access\/medicina_dentara\/hotarari_consiliu\/Rezultat_vot_electronic_23-25_oct_28-30_oct_2019.pdf\">Rezultat vot electronic 23-25 octombrie si 28-30 octombrie 2019<\/a><\/p>\n\n\n\n<p><a href=\"https:\/\/www.umfst.ro\/fileadmin\/intranet_access\/medicina_dentara\/hotarari_consiliu\/Rezultat_vot_electronic_6-9_septembrie_2019.pdf\">Rezultat vot electronic 6-9 septembrie 2019<\/a><\/p>\n\n\n\n<p><a href=\"https:\/\/www.umfst.ro\/fileadmin\/intranet_access\/medicina_dentara\/hotarari_consiliu\/Hotarari_din_18_iulie_2019.pdf\">Hotarari din 18 iulie 2019<\/a><\/p>\n\n\n\n<p><a href=\"https:\/\/www.umfst.ro\/fileadmin\/intranet_access\/medicina_dentara\/hotarari_consiliu\/Rezultat_vot_electronic_7-10_iunie_2019.pdf\">Rezultat vot electronic 7-10 iunie 2019<\/a><\/p>\n\n\n\n<p><a href=\"https:\/\/www.umfst.ro\/fileadmin\/intranet_access\/medicina_dentara\/hotarari_consiliu\/Rezultat_vot_electronic_3-5_iunie_2019.pdf\">Rezultat vot electronic 3-5 iunie 2019<\/a><\/p>\n\n\n\n<p><a href=\"https:\/\/www.umfst.ro\/fileadmin\/intranet_access\/medicina_dentara\/hotarari_consiliu\/Rezultat_vot_electronic_19-20_martie_2019.pdf\">Rezultat vot electronic 19-20 martie 2019<\/a><\/p>\n\n\n\n<p><a href=\"https:\/\/www.umfst.ro\/fileadmin\/intranet_access\/medicina_dentara\/hotarari_consiliu\/Hotarari_din_12_februarie_2019.pdf\">Hot\u0103r\u00e2ri din 12 februarie 2019<\/a><\/p>\n\n\n\n<p><a href=\"https:\/\/www.umfst.ro\/fileadmin\/intranet_access\/medicina_dentara\/hotarari_consiliu\/Hotarari_din_22_octombrie_2018.pdf\">Hotarari din 22 octombrie 2018<\/a><\/p>\n\n\n\n<p><a href=\"https:\/\/www.umfst.ro\/fileadmin\/intranet_access\/medicina_dentara\/hotarari_consiliu\/Hotarari_din_17_septembrie_2018.pdf\">Hotarari din 17 septembrie 2018<\/a><\/p>\n\n\n\n<p><a href=\"https:\/\/www.umfst.ro\/fileadmin\/intranet_access\/medicina_dentara\/hotarari_consiliu\/Hotarari_din_3_iulie_2018.pdf\">Hotarari din 3 iulie 2018<\/a><\/p>\n\n\n\n<p><a href=\"https:\/\/www.umfst.ro\/fileadmin\/intranet_access\/medicina_dentara\/hotarari_consiliu\/Hotarari_din_27_martie_2018.pdf\">Hotarari din 27 martie 2018<\/a><\/p>\n\n\n\n<p><a href=\"https:\/\/www.umfst.ro\/fileadmin\/intranet_access\/medicina_dentara\/hotarari_consiliu\/Hotarari_din_9_ianuarie_2018.pdf\">Hotarari din 9 ianuarie 2018<\/a><\/p>\n\n\n\n<p><a href=\"https:\/\/www.umfst.ro\/fileadmin\/intranet_access\/medicina_dentara\/hotarari_consiliu\/Hotarari_din_9_octombrie_2017.pdf\">Hotarari din 9 octombrie 2017<\/a><\/p>\n\n\n\n<p><a href=\"https:\/\/www.umfst.ro\/fileadmin\/intranet_access\/medicina_dentara\/hotarari_consiliu\/Hotarari_din_8_septembrie_2017.pdf\">Hotarari din 8 septembrie 2017<\/a><\/p>\n\n\n\n<p><a href=\"https:\/\/www.umfst.ro\/fileadmin\/intranet_access\/medicina_dentara\/hotarari_consiliu\/Hotarari_din_29_iunie_2017.pdf\">Hot\u0103r\u00e2ri din 29 iunie 2017<\/a><\/p>\n\n\n\n<p><a href=\"https:\/\/www.umfst.ro\/fileadmin\/intranet_access\/medicina_dentara\/hotarari_consiliu\/Hotarari_9_mai_2017.pdf\">Hot\u0103r\u00e2ri din 9 mai 2017<\/a><\/p>\n\n\n\n<p><a href=\"https:\/\/www.umfst.ro\/fileadmin\/intranet_access\/medicina_dentara\/hotarari_consiliu\/Hotarari_21_martie_2017.pdf\">Hot\u0103r\u00e2ri din 21 martie 2017<\/a><\/p>\n\n\n\n<p><a href=\"https:\/\/www.umfst.ro\/fileadmin\/intranet_access\/medicina_dentara\/hotarari_consiliu\/Hotarari_17_ianuarie_2017.pdf\">Hot\u0103r\u00e2ri din 17 ianuarie 2017<\/a><\/p>\n\n\n\n<p><a href=\"https:\/\/www.umfst.ro\/fileadmin\/intranet_access\/medicina_dentara\/hotarari_consiliu\/Hotarari_14_oct_2016.pdf\">Hot\u0103r\u00e2ri din 14 octombrie 2016<\/a><\/p>\n\n\n\n<p><a href=\"https:\/\/www.umfst.ro\/fileadmin\/intranet_access\/medicina_dentara\/hotarari_consiliu\/Hot_CF_MD_2016_09_09.pdf\">Hot\u0103r\u00e2ri din 09 septembrie 2016<\/a><\/p>\n\n\n\n<p><a href=\"https:\/\/www.umfst.ro\/fileadmin\/intranet_access\/medicina_dentara\/hotarari_consiliu\/Hot_CF_MD_2016_07_01.pdf\">Hot\u0103r\u00e2ri din 01 iulie 2016<\/a><\/p>\n\n\n\n<p><a href=\"https:\/\/www.umfst.ro\/fileadmin\/intranet_access\/medicina_dentara\/hotarari_consiliu\/Hot_CF_MD_2016_05_06.pdf\">Hot\u0103r\u00e2ri din 06 mai 2016<\/a><\/p>\n\n\n\n<p><a href=\"https:\/\/www.umfst.ro\/fileadmin\/intranet_access\/medicina_dentara\/hotarari_consiliu\/Hot_CF_MD_2016_04_15.pdf\">Hot\u0103r\u00e2ri din 15 aprilie 2016<\/a><\/p>\n\n\n\n<p><a href=\"https:\/\/www.umfst.ro\/fileadmin\/intranet_access\/medicina_dentara\/hotarari_consiliu\/hot_CF_MD_2015_10_06.pdf\">Hot\u0103r\u00e2ri din 06 octombrie 2015<\/a><\/p>\n\n\n\n<p><a href=\"https:\/\/www.umfst.ro\/fileadmin\/intranet_access\/medicina_dentara\/hotarari_consiliu\/hot_CF_MD_2015_07_21.pdf\">Hot\u0103r\u00e2ri din 21 iulie 2015<\/a><\/p>\n\n\n\n<p><a href=\"https:\/\/www.umfst.ro\/fileadmin\/intranet_access\/medicina_dentara\/hotarari_consiliu\/hot_CF_MD_2015_06_11.pdf\">Hot\u0103r\u00e2ri din 11 iunie 2015<\/a><\/p>\n\n\n\n<p><a href=\"https:\/\/www.umfst.ro\/fileadmin\/intranet_access\/medicina_dentara\/hotarari_consiliu\/hot_CF_MD_2015_03_24.pdf\">Hot\u0103r\u00e2ri din 24 martie 2015<\/a><\/p>","protected":false},"excerpt":{"rendered":"<p>Hot\u0103r\u00e2ri ale Consiliului Facult\u0103\u021bii de Medicin\u0103 Dentar\u0103 Rezultat vot electronic 16-18 ianuarie 2023 Rezultat vot electronic 28-29 noiembrie 2022 Rezultat vot electronic 27-28 octombrie 2022 Rezultat vot electronic 12 -14 septembrie \u0219i 27-29 septembrie 2022 Rezultat vot electronic 27 iulie &#8211; 1 august 2022 Rezultat vot electronic 24-26 mai \u0219i 17-20 iunie 2022 Hotarari din [&hellip;]<\/p>\n","protected":false},"author":6,"featured_media":0,"parent":213,"menu_order":0,"comment_status":"closed","ping_status":"closed","template":"","meta":{"_relevanssi_hide_post":"","_relevanssi_hide_content":"","_relevanssi_pin_for_all":"","_relevanssi_pin_keywords":"","_relevanssi_unpin_keywords":"","_relevanssi_related_keywords":"","_relevanssi_related_include_ids":"","_relevanssi_related_exclude_ids":"","_relevanssi_related_no_append":"","_relevanssi_related_not_related":"","_relevanssi_related_posts":"1","_relevanssi_noindex_reason":"","footnotes":""},"categories":[12],"tags":[],"class_list":["post-220","page","type-page","status-publish","hentry","category-pagina-cu-sidebar"],"meta_box":[],"_links":{"self":[{"href":"https:\/\/umfst.ro\/e-umfst\/hu\/wp-json\/wp\/v2\/pages\/220","targetHints":{"allow":["GET"]}}],"collection":[{"href":"https:\/\/umfst.ro\/e-umfst\/hu\/wp-json\/wp\/v2\/pages"}],"about":[{"href":"https:\/\/umfst.ro\/e-umfst\/hu\/wp-json\/wp\/v2\/types\/page"}],"author":[{"embeddable":true,"href":"https:\/\/umfst.ro\/e-umfst\/hu\/wp-json\/wp\/v2\/users\/6"}],"replies":[{"embeddable":true,"href":"https:\/\/umfst.ro\/e-umfst\/hu\/wp-json\/wp\/v2\/comments?post=220"}],"version-history":[{"count":2,"href":"https:\/\/umfst.ro\/e-umfst\/hu\/wp-json\/wp\/v2\/pages\/220\/revisions"}],"predecessor-version":[{"id":414,"href":"https:\/\/umfst.ro\/e-umfst\/hu\/wp-json\/wp\/v2\/pages\/220\/revisions\/414"}],"up":[{"embeddable":true,"href":"https:\/\/umfst.ro\/e-umfst\/hu\/wp-json\/wp\/v2\/pages\/213"}],"wp:attachment":[{"href":"https:\/\/umfst.ro\/e-umfst\/hu\/wp-json\/wp\/v2\/media?parent=220"}],"wp:term":[{"taxonomy":"category","embeddable":true,"href":"https:\/\/umfst.ro\/e-umfst\/hu\/wp-json\/wp\/v2\/categories?post=220"},{"taxonomy":"post_tag","embeddable":true,"href":"https:\/\/umfst.ro\/e-umfst\/hu\/wp-json\/wp\/v2\/tags?post=220"}],"curies":[{"name":"wp","href":"https:\/\/api.w.org\/{rel}","templated":true}]}}