{"id":256,"date":"2023-01-28T08:23:16","date_gmt":"2023-01-28T06:23:16","guid":{"rendered":"https:\/\/dev.umfst.ro\/e-umfst\/?page_id=256"},"modified":"2023-03-31T10:56:13","modified_gmt":"2023-03-31T07:56:13","slug":"fisele-disciplinelor","status":"publish","type":"page","link":"https:\/\/umfst.ro\/e-umfst\/hu\/cadre-didactice\/fisele-disciplinelor\/","title":{"rendered":"Fi\u0219ele disciplinelor"},"content":{"rendered":"<p><a href=\"http:\/\/fise.umftgm.ro\/\" target=\"_blank\" rel=\"noreferrer noopener\">Acces platforma on-line<\/a><\/p>\n\n\n\n<p><a href=\"http:\/\/www.umftgm.ro\/facultatea-de-medicina\/oferta-educationala\/studii-de-licenta\/programul-de-studiu-medicina\/planuri-de-invatamant.html\" target=\"_blank\" rel=\"noreferrer noopener\">Facultatea de Medicin\u0103 &#8211; Medicin\u0103<\/a><\/p>\n\n\n\n<p><a href=\"http:\/\/www.umftgm.ro\/facultatea-de-medicina\/oferta-educationala\/studii-de-licenta\/programul-de-studiu-medicina-engleza\/planuri-de-invatamant.html\" target=\"_blank\" rel=\"noreferrer noopener\">Facultatea de Medicin\u0103 &#8211; Medicin\u0103&nbsp;Englez\u0103<\/a><\/p>\n\n\n\n<p><a href=\"http:\/\/www.umftgm.ro\/facultatea-de-medicina\/oferta-educationala\/studii-de-licenta\/programul-de-studiu-asistenta-medicala-generala\/planuri-de-invatamant.html\" target=\"_blank\" rel=\"noreferrer noopener\">Facultatea de Medicin\u0103 &#8211; Asisten\u021b\u0103 Medical\u0103 General\u0103<\/a><\/p>\n\n\n\n<p><a href=\"http:\/\/www.umftgm.ro\/facultatea-de-medicina\/oferta-educationala\/studii-de-licenta\/programul-de-studiu-moase\/planuri-de-invatamant.html\" target=\"_blank\" rel=\"noreferrer noopener\">Facultatea de Medicin\u0103 &#8211; Moa\u0219e<\/a><\/p>\n\n\n\n<p><a href=\"http:\/\/www.umftgm.ro\/facultatea-de-medicina\/oferta-educationala\/studii-de-licenta\/programul-de-studiu-nutritie-si-dietetica\/planuri-de-invatamant.html\" target=\"_blank\" rel=\"noreferrer noopener\">Facultatea de Medicin\u0103 &#8211;&nbsp;Nutri\u021bie \u0219i Dietetic\u0103<\/a><\/p>\n\n\n\n<p><a href=\"http:\/\/www.umftgm.ro\/facultatea-de-medicina\/oferta-educationala\/studii-de-licenta\/programul-de-studiu-balneo-fiziokinetoterapie-si-recuperare\/planuri-de-invatamant.html\" target=\"_blank\" rel=\"noreferrer noopener\">Facultatea de Medicin\u0103 &#8211;&nbsp;Balneofiziokinetoterapie \u0219i recuperare<\/a><\/p>\n\n\n\n<p><a href=\"http:\/\/www.umftgm.ro\/facultatea-de-medicina\/oferta-educationala\/studii-de-licenta\/programul-de-studiu-educatie-fizica-si-sportiva\/planuri-de-invatamant.html\" target=\"_blank\" rel=\"noreferrer noopener\">Facultatea de Medicin\u0103 &#8211;&nbsp;Educa\u021bie Fizic\u0103 \u0219i Sportiv\u0103<\/a><\/p>\n\n\n\n<p><a href=\"http:\/\/www.umftgm.ro\/?id=3394\" target=\"_blank\" rel=\"noreferrer noopener\">Facultatea de Medicin\u0103 Dentar\u0103 &#8211; Medicin\u0103 Dentar\u0103<\/a><\/p>\n\n\n\n<p><a href=\"http:\/\/www.umftgm.ro\/?id=3394\" target=\"_blank\" rel=\"noreferrer noopener\">Facultatea de Medicin\u0103 Dentar\u0103 &#8211; Tehnic\u0103 Dentar\u0103<\/a><\/p>\n\n\n\n<p><a href=\"http:\/\/www.umftgm.ro\/?id=1952\" target=\"_blank\" rel=\"noreferrer noopener\">Facultatea de Farmacie &#8211; Farmacie<\/a><\/p>\n\n\n\n<p><a href=\"http:\/\/www.umftgm.ro\/?id=1952\" target=\"_blank\" rel=\"noreferrer noopener\">Facultatea de Farmacie &#8211; Asisten\u021b\u0103 de Farmacie<\/a><\/p>","protected":false},"excerpt":{"rendered":"<p>Acces platforma on-line Facultatea de Medicin\u0103 &#8211; Medicin\u0103 Facultatea de Medicin\u0103 &#8211; Medicin\u0103&nbsp;Englez\u0103 Facultatea de Medicin\u0103 &#8211; Asisten\u021b\u0103 Medical\u0103 General\u0103 Facultatea de Medicin\u0103 &#8211; Moa\u0219e Facultatea de Medicin\u0103 &#8211;&nbsp;Nutri\u021bie \u0219i Dietetic\u0103 Facultatea de Medicin\u0103 &#8211;&nbsp;Balneofiziokinetoterapie \u0219i recuperare Facultatea de Medicin\u0103 &#8211;&nbsp;Educa\u021bie Fizic\u0103 \u0219i Sportiv\u0103 Facultatea de Medicin\u0103 Dentar\u0103 &#8211; Medicin\u0103 Dentar\u0103 Facultatea de Medicin\u0103 Dentar\u0103 [&hellip;]<\/p>\n","protected":false},"author":6,"featured_media":0,"parent":252,"menu_order":0,"comment_status":"closed","ping_status":"closed","template":"","meta":{"_relevanssi_hide_post":"","_relevanssi_hide_content":"","_relevanssi_pin_for_all":"","_relevanssi_pin_keywords":"","_relevanssi_unpin_keywords":"","_relevanssi_related_keywords":"","_relevanssi_related_include_ids":"","_relevanssi_related_exclude_ids":"","_relevanssi_related_no_append":"","_relevanssi_related_not_related":"","_relevanssi_related_posts":"1","_relevanssi_noindex_reason":"","footnotes":""},"categories":[12],"tags":[],"class_list":["post-256","page","type-page","status-publish","hentry","category-pagina-cu-sidebar"],"meta_box":[],"_links":{"self":[{"href":"https:\/\/umfst.ro\/e-umfst\/hu\/wp-json\/wp\/v2\/pages\/256","targetHints":{"allow":["GET"]}}],"collection":[{"href":"https:\/\/umfst.ro\/e-umfst\/hu\/wp-json\/wp\/v2\/pages"}],"about":[{"href":"https:\/\/umfst.ro\/e-umfst\/hu\/wp-json\/wp\/v2\/types\/page"}],"author":[{"embeddable":true,"href":"https:\/\/umfst.ro\/e-umfst\/hu\/wp-json\/wp\/v2\/users\/6"}],"replies":[{"embeddable":true,"href":"https:\/\/umfst.ro\/e-umfst\/hu\/wp-json\/wp\/v2\/comments?post=256"}],"version-history":[{"count":2,"href":"https:\/\/umfst.ro\/e-umfst\/hu\/wp-json\/wp\/v2\/pages\/256\/revisions"}],"predecessor-version":[{"id":526,"href":"https:\/\/umfst.ro\/e-umfst\/hu\/wp-json\/wp\/v2\/pages\/256\/revisions\/526"}],"up":[{"embeddable":true,"href":"https:\/\/umfst.ro\/e-umfst\/hu\/wp-json\/wp\/v2\/pages\/252"}],"wp:attachment":[{"href":"https:\/\/umfst.ro\/e-umfst\/hu\/wp-json\/wp\/v2\/media?parent=256"}],"wp:term":[{"taxonomy":"category","embeddable":true,"href":"https:\/\/umfst.ro\/e-umfst\/hu\/wp-json\/wp\/v2\/categories?post=256"},{"taxonomy":"post_tag","embeddable":true,"href":"https:\/\/umfst.ro\/e-umfst\/hu\/wp-json\/wp\/v2\/tags?post=256"}],"curies":[{"name":"wp","href":"https:\/\/api.w.org\/{rel}","templated":true}]}}