{"id":154,"date":"2023-01-27T07:27:25","date_gmt":"2023-01-27T07:27:25","guid":{"rendered":"https:\/\/dev.umfst.ro\/e-umfst\/?page_id=154"},"modified":"2026-01-20T12:33:56","modified_gmt":"2026-01-20T10:33:56","slug":"university-management-system","status":"publish","type":"page","link":"https:\/\/umfst.ro\/e-umfst\/intranet-studenti\/university-management-system\/","title":{"rendered":"University Management System"},"content":{"rendered":"\t\t<div data-elementor-type=\"wp-page\" data-elementor-id=\"154\" class=\"elementor elementor-154\" data-elementor-post-type=\"page\">\n\t\t\t\t\t\t<section class=\"elementor-section elementor-top-section elementor-element elementor-element-1a294d62 elementor-section-boxed elementor-section-height-default elementor-section-height-default\" data-id=\"1a294d62\" data-element_type=\"section\" data-e-type=\"section\">\n\t\t\t\t\t\t<div class=\"elementor-container elementor-column-gap-default\">\n\t\t\t\t\t<div class=\"elementor-column elementor-col-100 elementor-top-column elementor-element elementor-element-3a388101\" data-id=\"3a388101\" data-element_type=\"column\" data-e-type=\"column\">\n\t\t\t<div class=\"elementor-widget-wrap elementor-element-populated\">\n\t\t\t\t\t\t<div class=\"elementor-element elementor-element-44633802 elementor-widget elementor-widget-text-editor\" data-id=\"44633802\" data-element_type=\"widget\" data-e-type=\"widget\" data-widget_type=\"text-editor.default\">\n\t\t\t\t<div class=\"elementor-widget-container\">\n\t\t\t\t\t\t\t\t\t\n<h2 class=\"wp-block-heading\">\u00a0<\/h2>\n\n<p><strong>Platforma de management academic destinat\u0103 studen\u0163ilor\u00a0<\/strong><\/p>\n\n<p>\u00a0<\/p>\n\n<p>S-a lansat noua aplica\u021bie<strong> Portal Academic<\/strong> <strong>\u2013 SOLARIS<\/strong> care va \u00eenlocui Carnet Online: <a href=\"https:\/\/portal-academic.umfst.ro\/login\" target=\"_blank\" rel=\"noreferrer noopener\">portal-academic.umfst.ro<\/a><\/p>\n\t\t\t\t\t\t\t\t<\/div>\n\t\t\t\t<\/div>\n\t\t\t\t<div class=\"elementor-element elementor-element-a557816 elementor-align-left elementor-mobile-align-center elementor-widget elementor-widget-button\" data-id=\"a557816\" data-element_type=\"widget\" data-e-type=\"widget\" data-widget_type=\"button.default\">\n\t\t\t\t<div class=\"elementor-widget-container\">\n\t\t\t\t\t\t\t\t\t<div class=\"elementor-button-wrapper\">\n\t\t\t\t\t<a class=\"elementor-button elementor-button-link elementor-size-sm\" href=\"http:\/\/portal-academic.umfst.ro\">\n\t\t\t\t\t\t<span class=\"elementor-button-content-wrapper\">\n\t\t\t\t\t\t\t\t\t<span class=\"elementor-button-text\">SOLARIS<\/span>\n\t\t\t\t\t<\/span>\n\t\t\t\t\t<\/a>\n\t\t\t\t<\/div>\n\t\t\t\t\t\t\t\t<\/div>\n\t\t\t\t<\/div>\n\t\t\t\t<div class=\"elementor-element elementor-element-8f93f59 elementor-widget elementor-widget-text-editor\" data-id=\"8f93f59\" data-element_type=\"widget\" data-e-type=\"widget\" data-widget_type=\"text-editor.default\">\n\t\t\t\t<div class=\"elementor-widget-container\">\n\t\t\t\t\t\t\t\t\t<p class=\"wp-block-heading\"><a href=\"https:\/\/www.umfst.ro\/fileadmin\/ums\/Ghid_Carnet_Online_Solaris.pdf\" target=\"_blank\" rel=\"noreferrer noopener\">Ghid func\u021bionalitate Portal Academic &#8211; SOLARIS<\/a><\/p>\n<p><!-- \/wp:heading --><\/p>\n<p><!-- wp:paragraph --><\/p>\n<p><!-- \/wp:paragraph --><\/p>\n<p><!-- wp:paragraph --><\/p>\n<p><!-- \/wp:paragraph --><\/p>\n<p><!-- wp:image {\"linkDestination\":\"custom\"} --><\/p>\n<figure class=\"wp-block-image\"><\/figure>\n<p><!-- \/wp:image --><\/p>\n<p><!-- wp:paragraph --><\/p>\n<p><!-- \/wp:paragraph --><\/p>\n<p><!-- wp:list --><\/p>\n<ul>\n<li style=\"list-style-type: none\">\n<ul><!-- wp:list-item --><\/ul>\n<\/li>\n<\/ul>\n<p><!-- \/wp:list-item --><\/p>\n<p><!-- \/wp:list --><\/p>\n<p><!-- wp:paragraph --><\/p>\n<p>La prima autentificare \u00een aplica\u021bie se va completa c\u00e2mpul Utilizator cu CNP-ul iar c\u00e2mpul Parol\u0103 se va complete cu data na\u0219terii de forma ZZ-LL-AAAA. Dup\u0103 prima autentificare \u00een aplica\u021bie se va deschide o fereastr\u0103 cu un mesaj referitor la prelucrarea \u0219i stocarea datelor cu caracter personal. Pentru a avea acces trebuie accesat butonul de <strong>Confirmare<\/strong>, \u00een caz contrar nu ve\u021bi putea utiliza aplica\u021bia.<\/p>\n<p><!-- \/wp:paragraph --><\/p>\n<p><!-- wp:list --><\/p>\n<ul>\n<li style=\"list-style-type: none\">\n<ul>\n<li style=\"list-style-type: none\">\u00a0<\/li>\n<li><a href=\"https:\/\/www.umfst.ro\/fileadmin\/ums\/Ghid_Plati_Online_SOLARIS.pdf\" target=\"_blank\" rel=\"noreferrer noopener\">Ghid func\u021bionalitate pl\u0103\u021bi online<\/a><\/li>\n<\/ul>\n<\/li>\n<\/ul>\n<p><!-- \/wp:list-item --><\/p>\n<p><!-- wp:list-item --><\/p>\n<p><!-- \/wp:list-item --><\/p>\n<p><!-- wp:list-item --><\/p>\n<ul>\n<li style=\"list-style-type: none\">\n<ul>\n<li><a href=\"https:\/\/www.umfst.ro\/fileadmin\/ums\/Ghid_schimbare_parola_email_institutional.pdf\" target=\"_blank\" rel=\"noreferrer noopener\">Ghid modificare parola e-mail institutional \u2013 Office M365<\/a><\/li>\n<\/ul>\n<\/li>\n<\/ul>\n<p><!-- \/wp:list-item --><\/p>\n<p><!-- \/wp:list --><\/p>\n<p><!-- wp:image {\"linkDestination\":\"custom\"} --><\/p>\n<figure class=\"wp-block-image\"><\/figure>\n<p><!-- \/wp:image --><\/p>\t\t\t\t\t\t\t\t<\/div>\n\t\t\t\t<\/div>\n\t\t\t\t\t<\/div>\n\t\t<\/div>\n\t\t\t\t\t<\/div>\n\t\t<\/section>\n\t\t\t\t<\/div>\n\t\t","protected":false},"excerpt":{"rendered":"<p>\u00a0 Platforma de management academic destinat\u0103 studen\u0163ilor\u00a0 \u00a0 S-a lansat noua aplica\u021bie Portal Academic \u2013 SOLARIS care va \u00eenlocui Carnet Online: portal-academic.umfst.ro SOLARIS Ghid func\u021bionalitate Portal Academic &#8211; SOLARIS La prima autentificare \u00een aplica\u021bie se va completa c\u00e2mpul Utilizator cu CNP-ul iar c\u00e2mpul Parol\u0103 se va complete cu data na\u0219terii de forma ZZ-LL-AAAA. Dup\u0103 prima [&hellip;]<\/p>\n","protected":false},"author":6,"featured_media":0,"parent":156,"menu_order":0,"comment_status":"closed","ping_status":"closed","template":"","meta":{"_relevanssi_hide_post":"","_relevanssi_hide_content":"","_relevanssi_pin_for_all":"","_relevanssi_pin_keywords":"","_relevanssi_unpin_keywords":"","_relevanssi_related_keywords":"","_relevanssi_related_include_ids":"","_relevanssi_related_exclude_ids":"","_relevanssi_related_no_append":"","_relevanssi_related_not_related":"","_relevanssi_related_posts":"1","_relevanssi_noindex_reason":"","footnotes":""},"categories":[12],"tags":[],"class_list":["post-154","page","type-page","status-publish","hentry","category-pagina-cu-sidebar"],"meta_box":[],"_links":{"self":[{"href":"https:\/\/umfst.ro\/e-umfst\/wp-json\/wp\/v2\/pages\/154","targetHints":{"allow":["GET"]}}],"collection":[{"href":"https:\/\/umfst.ro\/e-umfst\/wp-json\/wp\/v2\/pages"}],"about":[{"href":"https:\/\/umfst.ro\/e-umfst\/wp-json\/wp\/v2\/types\/page"}],"author":[{"embeddable":true,"href":"https:\/\/umfst.ro\/e-umfst\/wp-json\/wp\/v2\/users\/6"}],"replies":[{"embeddable":true,"href":"https:\/\/umfst.ro\/e-umfst\/wp-json\/wp\/v2\/comments?post=154"}],"version-history":[{"count":19,"href":"https:\/\/umfst.ro\/e-umfst\/wp-json\/wp\/v2\/pages\/154\/revisions"}],"predecessor-version":[{"id":1043,"href":"https:\/\/umfst.ro\/e-umfst\/wp-json\/wp\/v2\/pages\/154\/revisions\/1043"}],"up":[{"embeddable":true,"href":"https:\/\/umfst.ro\/e-umfst\/wp-json\/wp\/v2\/pages\/156"}],"wp:attachment":[{"href":"https:\/\/umfst.ro\/e-umfst\/wp-json\/wp\/v2\/media?parent=154"}],"wp:term":[{"taxonomy":"category","embeddable":true,"href":"https:\/\/umfst.ro\/e-umfst\/wp-json\/wp\/v2\/categories?post=154"},{"taxonomy":"post_tag","embeddable":true,"href":"https:\/\/umfst.ro\/e-umfst\/wp-json\/wp\/v2\/tags?post=154"}],"curies":[{"name":"wp","href":"https:\/\/api.w.org\/{rel}","templated":true}]}}