{"id":178,"date":"2023-01-27T07:48:54","date_gmt":"2023-01-27T07:48:54","guid":{"rendered":"https:\/\/dev.umfst.ro\/e-umfst\/?page_id=178"},"modified":"2026-02-06T16:02:33","modified_gmt":"2026-02-06T14:02:33","slug":"acces-microsoft-office365","status":"publish","type":"page","link":"https:\/\/umfst.ro\/e-umfst\/e-learning\/acces-microsoft-office365\/","title":{"rendered":"Acces Microsoft Office365"},"content":{"rendered":"\t\t<div data-elementor-type=\"wp-page\" data-elementor-id=\"178\" class=\"elementor elementor-178\" data-elementor-post-type=\"page\">\n\t\t\t\t\t\t<section class=\"elementor-section elementor-top-section elementor-element elementor-element-4cca8af7 elementor-section-boxed elementor-section-height-default elementor-section-height-default\" data-id=\"4cca8af7\" data-element_type=\"section\" data-e-type=\"section\">\n\t\t\t\t\t\t<div class=\"elementor-container elementor-column-gap-default\">\n\t\t\t\t\t<div class=\"elementor-column elementor-col-100 elementor-top-column elementor-element elementor-element-2196612d\" data-id=\"2196612d\" data-element_type=\"column\" data-e-type=\"column\">\n\t\t\t<div class=\"elementor-widget-wrap elementor-element-populated\">\n\t\t\t\t\t\t<div class=\"elementor-element elementor-element-6d2ec9b5 elementor-widget elementor-widget-text-editor\" data-id=\"6d2ec9b5\" data-element_type=\"widget\" data-e-type=\"widget\" data-widget_type=\"text-editor.default\">\n\t\t\t\t<div class=\"elementor-widget-container\">\n\t\t\t\t\t\t\t\t\t<figure class=\"wp-block-image\"><img decoding=\"async\" src=\"https:\/\/www.umfst.ro\/fileadmin\/\/studenti\/o365\/office365.png\" alt=\"Tutoriale\" data-uw-rm-alt-original=\"\" data-uw-rm-alt=\"CT\" \/><\/figure>\n<p><!-- \/wp:image --><!-- wp:heading --><\/p>\n<h2 role=\"heading\" data-uw-rm-heading=\"level\">Tutoriale<\/h2>\n<p><!-- \/wp:heading --><!-- wp:paragraph --><\/p>\n<p>\u00a0<\/p>\n<p><!-- \/wp:paragraph --><!-- wp:paragraph --><\/p>\n<p><strong>EL5 Descriere generala Patforma MS Teams pentru UMFST<\/strong>\u00a0&#8211;\u00a0<a href=\"https:\/\/youtu.be\/wboV6CQwD6Y\" target=\"_blank\" rel=\"noreferrer noopener\" data-uw-rm-brl=\"PR\" data-uw-original-href=\"https:\/\/youtu.be\/wboV6CQwD6Y\" aria-label=\"Tutorial Video - deschide \u00eentr-o fil\u0103 nou\u0103\" data-uw-rm-ext-link=\"\" data-uw-original->Tutorial Video<\/a>\u00a0&#8211;\u00a0<a href=\"https:\/\/www.umfst.ro\/fileadmin\/intranet\/e-learning\/tutoriale_0365\/EL_5.pdf\" data-uw-pdf-br=\"2\" data-uw-pdf-doc=\"\">Document PDF<\/a><br \/><a href=\"https:\/\/youtu.be\/xYlqWNjFx1Y\" data-uw-rm-brl=\"PR\" data-uw-original-href=\"https:\/\/youtu.be\/xYlqWNjFx1Y\" data-uw-original- target=\"_blank\" rel=\"noopener\">Accesare TEAMS din Browser si schimbare setari de cookies pentru membrii UMFST<\/a><\/p>\n<p><!-- \/wp:paragraph --><!-- wp:paragraph --><\/p>\n<p><strong>EL6 Creare Echipe pe platforma de E-learning UMFST<\/strong>\u00a0&#8211;\u00a0<a href=\"https:\/\/www.youtube.com\/watch?v=VjZ7hJwWRrQ&amp;feature=youtu.be\" target=\"_blank\" rel=\"noreferrer noopener\" aria-label=\"Tutorial Video - deschide \u00eentr-o fil\u0103 nou\u0103\" data-uw-rm-ext-link=\"\">Tutorial Video<\/a>\u00a0&#8211;\u00a0<a href=\"https:\/\/www.umfst.ro\/fileadmin\/intranet\/e-learning\/tutoriale_0365\/EL_6.pdf\" data-uw-pdf-br=\"2\" data-uw-pdf-doc=\"\">Document PDF<\/a><\/p>\n<p><!-- \/wp:paragraph --><!-- wp:paragraph --><\/p>\n<p><strong>EL7 Incarcare Materiale Didactice pe platforma de E-learning MS Teams din UMFST<\/strong>\u00a0&#8211;\u00a0<a href=\"https:\/\/youtu.be\/GS9-TFNrSPk\" target=\"_blank\" rel=\"noreferrer noopener\" data-uw-rm-brl=\"PR\" data-uw-original-href=\"https:\/\/youtu.be\/GS9-TFNrSPk\" aria-label=\"Tutorial Video - deschide \u00eentr-o fil\u0103 nou\u0103\" data-uw-rm-ext-link=\"\" data-uw-original->Tutorial Video<\/a>\u00a0&#8211;\u00a0<a href=\"https:\/\/www.umfst.ro\/fileadmin\/intranet\/e-learning\/tutoriale_0365\/EL_7.pdf\" data-uw-pdf-br=\"2\" data-uw-pdf-doc=\"\">Document PDF<\/a><\/p>\n<p><!-- \/wp:paragraph --><!-- wp:paragraph --><\/p>\n<p><strong>EL8 Evaluare studenti, teme si proiecte in MS Teams pentru UMFST<\/strong>\u00a0&#8211;\u00a0<a href=\"https:\/\/youtu.be\/uEd781FaaUs\" target=\"_blank\" rel=\"noreferrer noopener\" data-uw-rm-brl=\"PR\" data-uw-original-href=\"https:\/\/youtu.be\/uEd781FaaUs\" aria-label=\"Tutorial Video - deschide \u00eentr-o fil\u0103 nou\u0103\" data-uw-rm-ext-link=\"\" data-uw-original->Tutorial Video<\/a>\u00a0&#8211;\u00a0<a href=\"https:\/\/www.umfst.ro\/fileadmin\/intranet\/e-learning\/tutoriale_0365\/EL_8.pdf\" data-uw-pdf-br=\"2\" data-uw-pdf-doc=\"\">Document PDF<\/a><\/p>\n<p><!-- \/wp:paragraph --><!-- wp:paragraph --><\/p>\n<p><strong>EL9 Pregatirea si initierea cursului online din perspectiva cadrelor didactice din UMFST<\/strong>\u00a0&#8211;\u00a0<a href=\"https:\/\/youtu.be\/7vIacT7G_e0\" target=\"_blank\" rel=\"noreferrer noopener\" data-uw-rm-brl=\"PR\" data-uw-original-href=\"https:\/\/youtu.be\/7vIacT7G_e0\" aria-label=\"Tutorial Video - deschide \u00eentr-o fil\u0103 nou\u0103\" data-uw-rm-ext-link=\"\" data-uw-original->Tutorial Video<\/a><\/p>\n<p><!-- \/wp:paragraph --><!-- wp:paragraph --><\/p>\n<p><strong>EL10 Participarea studentilor la cursuri online in cadrul UMFST<\/strong>\u00a0&#8211;\u00a0<a href=\"https:\/\/youtu.be\/0vP2qqdkyd4\" target=\"_blank\" rel=\"noreferrer noopener\" data-uw-rm-brl=\"PR\" data-uw-original-href=\"https:\/\/youtu.be\/0vP2qqdkyd4\" aria-label=\"Tutorial Video - deschide \u00eentr-o fil\u0103 nou\u0103\" data-uw-rm-ext-link=\"\" data-uw-original->Tutorial Video<\/a><\/p>\n<p><!-- \/wp:paragraph --><!-- wp:paragraph --><\/p>\n<p><strong>EL11 Crearea Testelor Quizz pentru cadre didactice UMFST<\/strong>\u00a0&#8211;\u00a0<a href=\"https:\/\/youtu.be\/A0HkER30gnE\" target=\"_blank\" rel=\"noreferrer noopener\" data-uw-rm-brl=\"PR\" data-uw-original-href=\"https:\/\/youtu.be\/A0HkER30gnE\" aria-label=\"Tutorial Video - deschide \u00eentr-o fil\u0103 nou\u0103\" data-uw-rm-ext-link=\"\" data-uw-original->Tutorial Video<\/a><\/p>\n<p><!-- \/wp:paragraph --><!-- wp:paragraph --><\/p>\n<p><strong>EL12 Setare Outlook pentru Office365 UMFST<\/strong>\u00a0&#8211;\u00a0<a href=\"https:\/\/youtu.be\/q5nZbgiYqxg\" target=\"_blank\" rel=\"noreferrer noopener\" data-uw-rm-brl=\"PR\" data-uw-original-href=\"https:\/\/youtu.be\/q5nZbgiYqxg\" aria-label=\"Tutorial Video - deschide \u00eentr-o fil\u0103 nou\u0103\" data-uw-rm-ext-link=\"\" data-uw-original->Tutorial Video<\/a><\/p>\n<p><!-- \/wp:paragraph --><!-- wp:paragraph --><\/p>\n<p><strong>EL13 Setare Onedrive pentru studenti si cadre didactice din UMFST<\/strong>\u00a0&#8211;\u00a0<a href=\"https:\/\/youtu.be\/M3_XfBjzz-Y\" target=\"_blank\" rel=\"noreferrer noopener\" data-uw-rm-brl=\"PR\" data-uw-original-href=\"https:\/\/youtu.be\/M3_XfBjzz-Y\" aria-label=\"Tutorial Video - deschide \u00eentr-o fil\u0103 nou\u0103\" data-uw-rm-ext-link=\"\" data-uw-original->Tutorial Video<\/a><\/p>\n<p><!-- \/wp:paragraph --><!-- wp:paragraph --><\/p>\n<p><strong>EL 14 &#8211; Formular de verificare prezenta studentilor la cursurile online in UMFST<\/strong>\u00a0&#8211;\u00a0<a href=\"https:\/\/youtu.be\/sPlYMqJGfjw\" target=\"_blank\" rel=\"noreferrer noopener\" data-uw-rm-brl=\"PR\" data-uw-original-href=\"https:\/\/youtu.be\/sPlYMqJGfjw\" aria-label=\"Tutorial Video - deschide \u00eentr-o fil\u0103 nou\u0103\" data-uw-rm-ext-link=\"\" data-uw-original->Tutorial Video<\/a><\/p>\n<p><!-- \/wp:paragraph --><!-- wp:paragraph --><\/p>\n<p><strong>EL15 &#8211; Inregistrare conferinta video si eliminare continut nedorit din STREAM<\/strong>\u00a0&#8211;\u00a0<a href=\"https:\/\/youtu.be\/wmJ16_bFAsA\" target=\"_blank\" rel=\"noreferrer noopener\" data-uw-rm-brl=\"PR\" data-uw-original-href=\"https:\/\/youtu.be\/wmJ16_bFAsA\" aria-label=\"Tutorial Video - deschide \u00eentr-o fil\u0103 nou\u0103\" data-uw-rm-ext-link=\"\" data-uw-original->Tutorial Video<\/a><\/p>\n<p><!-- \/wp:paragraph --><!-- wp:paragraph --><\/p>\n<p><strong><a href=\"https:\/\/www.umfst.ro\/fileadmin\/intranet\/e-learning\/tutoriale_0365\/Intrebari_si_raspunsuri_final.pdf\" data-uw-pdf-br=\"2\" data-uw-pdf-doc=\"\">\u00centreb\u0103ri \u0219i r\u0103spunsuri \/ Questions and Answers<\/a><\/strong><\/p>\n<p><!-- \/wp:paragraph --><!-- wp:paragraph --><\/p>\n<p><a href=\"https:\/\/www.umfst.ro\/fileadmin\/materiale\/prezentare_umf\/Sablon_cursuri.pptx\" target=\"_blank\" rel=\"noreferrer noopener\" data-uw-rm-brl=\"PR\" data-uw-original-href=\"https:\/\/www.umfst.ro\/fileadmin\/materiale\/prezentare_umf\/Sablon_cursuri.pptx\" aria-label=\"\u0218ablon prezentare PowerPoint - deschide \u00eentr-o fil\u0103 nou\u0103\" data-uw-rm-ext-link=\"\" data-uw-original->\u0218ablon prezentare PowerPoint<\/a><\/p>\n<p><!-- \/wp:paragraph --><!-- wp:heading --><\/p>\n<h2>Tutoriale Microsoft<\/h2>\n<p><a href=\"https:\/\/support.office.com\/ro-ro\/article\/cursul-de-instruire-video-microsoft-teams-4f108e54-240b-4351-8084-b1089f0d21d7\" target=\"_blank\" rel=\"noreferrer noopener\" data-uw-rm-brl=\"PR\" data-uw-original-href=\"https:\/\/support.office.com\/ro-ro\/article\/cursul-de-instruire-video-microsoft-teams-4f108e54-240b-4351-8084-b1089f0d21d7\" aria-label=\"Cursul de instruire video Microsoft Teams - deschide \u00eentr-o fil\u0103 nou\u0103\" data-uw-rm-ext-link=\"\" data-uw-original->Cursul de instruire video Microsoft Teams<\/a><\/p>\n<p><a href=\"https:\/\/support.office.com\/ro-ro\/article\/microsoft-teams-for-education-training-videos-and-resources-926063cd-f5ab-4ded-804c-71fcafce8fdc\" target=\"_blank\" rel=\"noreferrer noopener\" data-uw-rm-brl=\"PR\" data-uw-original-href=\"https:\/\/support.office.com\/ro-ro\/article\/microsoft-teams-for-education-training-videos-and-resources-926063cd-f5ab-4ded-804c-71fcafce8fdc\" aria-label=\"Videoclipuri \u0219i resurse pentru instruirea Microsoft teams pentru educa\u021bie - deschide \u00eentr-o fil\u0103 nou\u0103\" data-uw-rm-ext-link=\"\" data-uw-original->Videoclipuri \u0219i resurse pentru instruirea Microsoft teams pentru educa\u021bie<\/a><\/p>\n<p><!-- \/wp:heading --><!-- wp:paragraph --><\/p>\n<p><a href=\"https:\/\/support.office.com\/en-us\/article\/record-a-slide-show-with-narration-and-slide-timings-0b9502c6-5f6c-40ae-b1e7-e47d8741161c\" target=\"_blank\" rel=\"noreferrer noopener\" data-uw-rm-brl=\"PR\" data-uw-original-href=\"https:\/\/support.office.com\/en-us\/article\/record-a-slide-show-with-narration-and-slide-timings-0b9502c6-5f6c-40ae-b1e7-e47d8741161c\" aria-label=\"Record a slide show with narration and slide timings - deschide \u00eentr-o fil\u0103 nou\u0103\" data-uw-rm-ext-link=\"\" data-uw-original->Record a slide show with narration and slide timings<\/a><\/p>\n<p><!-- \/wp:paragraph --><!-- wp:paragraph --><\/p>\n<p><!-- \/wp:paragraph --><!-- wp:paragraph --><\/p>\n<p><!-- \/wp:paragraph --><!-- wp:paragraph --><\/p>\n<p><a href=\"https:\/\/support.microsoft.com\/en-gb\/office\/use-onenote-class-notebook-in-teams-bd77f11f-27cd-4d41-bfbd-2b11799f1440\" target=\"_blank\" rel=\"noreferrer noopener\" data-uw-rm-brl=\"PR\" data-uw-original-href=\"https:\/\/support.microsoft.com\/en-gb\/office\/use-onenote-class-notebook-in-teams-bd77f11f-27cd-4d41-bfbd-2b11799f1440\" aria-label=\"OneNote-ul grupei pentru notite - deschide \u00eentr-o fil\u0103 nou\u0103\" data-uw-rm-ext-link=\"\" data-uw-original->OneNote-ul grupei pentru notite<\/a><\/p>\n<p><!-- \/wp:paragraph --><!-- wp:paragraph --><\/p>\n<p><a href=\"https:\/\/support.office.com\/en-ie\/article\/use-planner-in-microsoft-teams-62798a9f-e8f7-4722-a700-27dd28a06ee0\" target=\"_blank\" rel=\"noreferrer noopener\" data-uw-rm-brl=\"PR\" data-uw-original-href=\"https:\/\/support.office.com\/en-ie\/article\/use-planner-in-microsoft-teams-62798a9f-e8f7-4722-a700-27dd28a06ee0\" aria-label=\"Planner pentru a se organiza in proiectele de grup - deschide \u00eentr-o fil\u0103 nou\u0103\" data-uw-rm-ext-link=\"\" data-uw-original->Planner pentru a se organiza in proiectele de grup<\/a><\/p>\n<p><!-- \/wp:paragraph --><!-- wp:paragraph --><\/p>\n<p><a href=\"https:\/\/www.youtube.com\/watch?v=YmmswrQSKgU\" target=\"_blank\" rel=\"noreferrer noopener\" aria-label=\"Teams Tip 4: Create personalized assignments - deschide \u00eentr-o fil\u0103 nou\u0103\" data-uw-rm-ext-link=\"\">Teams Tip 4: Create personalized assignments<\/a><\/p>\n<p><!-- \/wp:paragraph --><\/p>\t\t\t\t\t\t\t\t<\/div>\n\t\t\t\t<\/div>\n\t\t\t\t\t<\/div>\n\t\t<\/div>\n\t\t\t\t\t<\/div>\n\t\t<\/section>\n\t\t\t\t<section class=\"elementor-section elementor-top-section elementor-element elementor-element-53b636f elementor-section-boxed elementor-section-height-default elementor-section-height-default\" data-id=\"53b636f\" data-element_type=\"section\" data-e-type=\"section\">\n\t\t\t\t\t\t<div class=\"elementor-container elementor-column-gap-default\">\n\t\t\t\t\t<div class=\"elementor-column elementor-col-100 elementor-top-column elementor-element elementor-element-b13f37f\" data-id=\"b13f37f\" data-element_type=\"column\" data-e-type=\"column\">\n\t\t\t<div class=\"elementor-widget-wrap elementor-element-populated\">\n\t\t\t\t\t\t<div class=\"elementor-element elementor-element-52b1a18 elementor-hidden-widescreen elementor-hidden-desktop elementor-hidden-tablet elementor-hidden-mobile elementor-widget elementor-widget-text-editor\" data-id=\"52b1a18\" data-element_type=\"widget\" data-e-type=\"widget\" data-widget_type=\"text-editor.default\">\n\t\t\t\t<div class=\"elementor-widget-container\">\n\t\t\t\t\t\t\t\t\t<p><strong>EL1 Intro platforma de E-learning UMFST<\/strong>\u00a0 &#8211;\u00a0<a href=\"https:\/\/youtu.be\/PANs4TZJ68s\" target=\"_blank\" rel=\"noreferrer noopener\" data-uw-rm-brl=\"PR\" data-uw-original-href=\"https:\/\/youtu.be\/PANs4TZJ68s\" aria-label=\"Tutorial Video - deschide \u00eentr-o fil\u0103 nou\u0103\" data-uw-rm-ext-link=\"\" data-uw-original->Tutorial Video<\/a><\/p>\n<p>\u00a0<\/p>\n<p><strong>EL2 Activare cont Office 365 cadre didactice UMFST<\/strong>\u00a0&#8211;\u00a0<a href=\"https:\/\/youtu.be\/Qyvvb4pUGAs\" target=\"_blank\" rel=\"noreferrer noopener\" data-uw-rm-brl=\"PR\" data-uw-original-href=\"https:\/\/youtu.be\/Qyvvb4pUGAs\" aria-label=\"Tutorial Video - deschide \u00eentr-o fil\u0103 nou\u0103\" data-uw-rm-ext-link=\"\" data-uw-original->Tutorial Video<\/a>\u00a0 &#8211;\u00a0<a href=\"https:\/\/www.umfst.ro\/fileadmin\/intranet\/e-learning\/tutoriale_0365\/EL_2.pdf\" data-uw-pdf-br=\"2\" data-uw-pdf-doc=\"\">Document PDF<\/a>&#8211;\u00a0NUMAI pentru cadrele didactice care au cont de email institu\u021bional de tipul prenume.nume@umfst.ro \u0219i care p\u00e2na la data de 16.03.2020 nu au avut cont de Office 365 pe domeniul u2b.umfst.ro (prenume.nume@u2b.umfst.ro)<\/p>\n<p>\u00a0<\/p>\n<p><strong>EL3 Activare cont Office365 student pentru E-learning<\/strong>\u00a0&#8211;\u00a0<a href=\"https:\/\/youtu.be\/bx6QWxvLKcc\" target=\"_blank\" rel=\"noreferrer noopener\" data-uw-rm-brl=\"PR\" data-uw-original-href=\"https:\/\/youtu.be\/bx6QWxvLKcc\" aria-label=\"Tutorial Video - deschide \u00eentr-o fil\u0103 nou\u0103\" data-uw-rm-ext-link=\"\" data-uw-original->Tutorial Video<\/a>\u00a0 &#8211;\u00a0<a href=\"https:\/\/www.umfst.ro\/fileadmin\/intranet\/e-learning\/tutoriale_0365\/EL_3.pdf\" data-uw-pdf-br=\"2\" data-uw-pdf-doc=\"\">Document PDF<\/a><\/p>\n<p>\u00a0<\/p>\n<p><strong>EL4 Resetare parola O365<\/strong>\u00a0&#8211;\u00a0<a href=\"https:\/\/youtu.be\/rJ2OmFx1qx8\" target=\"_blank\" rel=\"noreferrer noopener\" data-uw-rm-brl=\"PR\" data-uw-original-href=\"https:\/\/youtu.be\/rJ2OmFx1qx8\" aria-label=\"Tutorial Video - deschide \u00eentr-o fil\u0103 nou\u0103\" data-uw-rm-ext-link=\"\" data-uw-original->Tutorial Video<\/a>\u00a0 &#8211;<a href=\"https:\/\/www.umfst.ro\/fileadmin\/intranet\/e-learning\/tutoriale_0365\/EL_4.pdf\" data-uw-pdf-br=\"2\" data-uw-pdf-doc=\"\">\u00a0Document PDF<\/a><\/p>\t\t\t\t\t\t\t\t<\/div>\n\t\t\t\t<\/div>\n\t\t\t\t\t<\/div>\n\t\t<\/div>\n\t\t\t\t\t<\/div>\n\t\t<\/section>\n\t\t\t\t<\/div>\n\t\t","protected":false},"excerpt":{"rendered":"<p>Tutoriale \u00a0 EL5 Descriere generala Patforma MS Teams pentru UMFST\u00a0&#8211;\u00a0Tutorial Video\u00a0&#8211;\u00a0Document PDFAccesare TEAMS din Browser si schimbare setari de cookies pentru membrii UMFST EL6 Creare Echipe pe platforma de E-learning UMFST\u00a0&#8211;\u00a0Tutorial Video\u00a0&#8211;\u00a0Document PDF EL7 Incarcare Materiale Didactice pe platforma de E-learning MS Teams din UMFST\u00a0&#8211;\u00a0Tutorial Video\u00a0&#8211;\u00a0Document PDF EL8 Evaluare studenti, teme si proiecte in MS [&hellip;]<\/p>\n","protected":false},"author":6,"featured_media":0,"parent":165,"menu_order":0,"comment_status":"closed","ping_status":"closed","template":"","meta":{"_relevanssi_hide_post":"","_relevanssi_hide_content":"","_relevanssi_pin_for_all":"","_relevanssi_pin_keywords":"","_relevanssi_unpin_keywords":"","_relevanssi_related_keywords":"","_relevanssi_related_include_ids":"","_relevanssi_related_exclude_ids":"","_relevanssi_related_no_append":"","_relevanssi_related_not_related":"","_relevanssi_related_posts":"1","_relevanssi_noindex_reason":"","footnotes":""},"categories":[12],"tags":[],"class_list":["post-178","page","type-page","status-publish","hentry","category-pagina-cu-sidebar"],"meta_box":[],"_links":{"self":[{"href":"https:\/\/umfst.ro\/e-umfst\/wp-json\/wp\/v2\/pages\/178","targetHints":{"allow":["GET"]}}],"collection":[{"href":"https:\/\/umfst.ro\/e-umfst\/wp-json\/wp\/v2\/pages"}],"about":[{"href":"https:\/\/umfst.ro\/e-umfst\/wp-json\/wp\/v2\/types\/page"}],"author":[{"embeddable":true,"href":"https:\/\/umfst.ro\/e-umfst\/wp-json\/wp\/v2\/users\/6"}],"replies":[{"embeddable":true,"href":"https:\/\/umfst.ro\/e-umfst\/wp-json\/wp\/v2\/comments?post=178"}],"version-history":[{"count":10,"href":"https:\/\/umfst.ro\/e-umfst\/wp-json\/wp\/v2\/pages\/178\/revisions"}],"predecessor-version":[{"id":1053,"href":"https:\/\/umfst.ro\/e-umfst\/wp-json\/wp\/v2\/pages\/178\/revisions\/1053"}],"up":[{"embeddable":true,"href":"https:\/\/umfst.ro\/e-umfst\/wp-json\/wp\/v2\/pages\/165"}],"wp:attachment":[{"href":"https:\/\/umfst.ro\/e-umfst\/wp-json\/wp\/v2\/media?parent=178"}],"wp:term":[{"taxonomy":"category","embeddable":true,"href":"https:\/\/umfst.ro\/e-umfst\/wp-json\/wp\/v2\/categories?post=178"},{"taxonomy":"post_tag","embeddable":true,"href":"https:\/\/umfst.ro\/e-umfst\/wp-json\/wp\/v2\/tags?post=178"}],"curies":[{"name":"wp","href":"https:\/\/api.w.org\/{rel}","templated":true}]}}