{"id":218,"date":"2023-01-27T15:34:31","date_gmt":"2023-01-27T15:34:31","guid":{"rendered":"https:\/\/dev.umfst.ro\/e-umfst\/?page_id=218"},"modified":"2023-02-07T11:59:03","modified_gmt":"2023-02-07T11:59:03","slug":"medicina-in-limba-engleza","status":"publish","type":"page","link":"https:\/\/umfst.ro\/e-umfst\/hotarari-ale-consiliului-facultatii\/medicina-in-limba-engleza\/","title":{"rendered":"Medicin\u0103 \u00een limba englez\u0103"},"content":{"rendered":"\n<h2 class=\"wp-block-heading\">Hot\u0103r\u00e2ri ale Consiliului Facult\u0103\u021bii de Medicin\u0103 \u00een limba englez\u0103<\/h2>\n\n\n\n<p><a href=\"https:\/\/www.umfst.ro\/fileadmin\/intranet_access\/medicina_engleza\/hotarari_consiliu\/Rezultat_vot_electronic_-_19-20_ianuarie_2023.pdf\">Rezultat vot electronic &#8211; 19-20 ianuarie 2023<\/a><\/p>\n\n\n\n<p><a href=\"https:\/\/www.umfst.ro\/fileadmin\/intranet_access\/medicina_engleza\/hotarari_consiliu\/Rezultat_vot_electronic_-_29_noiembrie_2022.pdf\">Rezultat vot electronic &#8211; 29 noiembrie 2022<\/a><\/p>\n\n\n\n<p><a href=\"https:\/\/www.umfst.ro\/fileadmin\/intranet_access\/medicina_engleza\/hotarari_consiliu\/Rezultat_vot_electronic_-_4_noiembrie_2022.pdf\">Rezultat vot electronic &#8211; 4 noiembrie 2022<\/a><\/p>\n\n\n\n<p><a href=\"https:\/\/www.umfst.ro\/fileadmin\/intranet_access\/medicina_engleza\/hotarari_consiliu\/Rezultat_vot_electronic_-_13-14_octombrie_2022.pdf\">Rezultat vot electronic &#8211; 13-14 octombrie 2022<\/a><\/p>\n\n\n\n<p><a href=\"https:\/\/www.umfst.ro\/fileadmin\/intranet_access\/medicina_engleza\/hotarari_consiliu\/Rezultat_vot_electronic_-_13_septembrie_2022.pdf\">Rezultat vot electronic &#8211; 13 septembrie 2022<\/a><\/p>\n\n\n\n<p><a href=\"https:\/\/www.umfst.ro\/fileadmin\/intranet_access\/medicina_engleza\/hotarari_consiliu\/Rezultat_vot_electronic_20-21_iulie_2022.pdf\">Rezultat vot electronic &#8211; 20-21 iulie 2022<\/a><\/p>\n\n\n\n<p><a href=\"https:\/\/www.umfst.ro\/fileadmin\/intranet_access\/medicina_engleza\/hotarari_consiliu\/Rezultat_vot_electronic_22-23_iunie_2022.pdf\">Rezultat vot electronic &#8211; 22-23 iunie 2022<\/a><\/p>\n\n\n\n<p><a href=\"https:\/\/www.umfst.ro\/fileadmin\/intranet_access\/medicina_engleza\/hotarari_consiliu\/Rezultat_vot_electronic_-_25-26_mai_2022.pdf\">Rezultat vot electronic &#8211; 25-26 mai 2022<\/a><\/p>\n\n\n\n<p><a href=\"https:\/\/www.umfst.ro\/fileadmin\/intranet_access\/medicina_engleza\/hotarari_consiliu\/PV_Consiliu_FMLE_14.04.2022.pdf\">PV Consiliu FMLE 14 aprilie 2022<\/a><\/p>\n\n\n\n<p><a href=\"https:\/\/www.umfst.ro\/fileadmin\/intranet_access\/medicina_engleza\/hotarari_consiliu\/Rezultat_vot_electronic_16-17_martie_2022.pdf\">Rezultat vot electronic &#8211; 16 -17 martie 2022<\/a><\/p>\n\n\n\n<p><a href=\"https:\/\/www.umfst.ro\/fileadmin\/intranet_access\/medicina_engleza\/hotarari_consiliu\/Rezultat_vot_electronic_-_10-11_martie_2022.pdf\">Rezultat vot electronic &#8211; 10 -11 martie 2022<\/a><\/p>\n\n\n\n<p><a href=\"https:\/\/www.umfst.ro\/fileadmin\/intranet_access\/medicina_engleza\/hotarari_consiliu\/Rezultat_vot_electronic_21_ianuarie_2022_.pdf\">Rezultat vot electronic &#8211; 21 ianuarie 2022<\/a><\/p>\n\n\n\n<p><a href=\"https:\/\/www.umfst.ro\/fileadmin\/intranet_access\/medicina_engleza\/hotarari_consiliu\/Hot_20.pdf\">Rezultat vot electronic &#8211; 10 &#8211; 11 ianuarie 2022<\/a><\/p>\n\n\n\n<p><a href=\"https:\/\/www.umfst.ro\/fileadmin\/intranet_access\/medicina_engleza\/hotarari_consiliu\/Hotarari_Consiliu_FMLE_9-10_noiembrie_2021.pdf\">Rezultat vot electronic &#8211; 9 &#8211; 10 noiembrie 2021<\/a><\/p>\n\n\n\n<p><a href=\"https:\/\/www.umfst.ro\/fileadmin\/intranet_access\/medicina_engleza\/hotarari_consiliu\/Hotarari_Consiliu_FMLE_13-14_septembrie_2021.pdf\">Rezultat vot electronic &#8211; 13-14 septembrie 2021<\/a><\/p>\n\n\n\n<p><a href=\"https:\/\/www.umfst.ro\/fileadmin\/intranet_access\/medicina_engleza\/hotarari_consiliu\/Hotarari_Consiliu_FMLE_10_septembrie_2021.pdf\">Rezultat vot electronic &#8211; 10 septembrie 2021<\/a><\/p>\n\n\n\n<p><a href=\"https:\/\/www.umfst.ro\/fileadmin\/intranet_access\/medicina_engleza\/hotarari_consiliu\/Rezultat_vot_electronic_-_25_iunie_2021.pdf\">Rezultat vot electronic &#8211; 25 iunie 2021<\/a><\/p>\n\n\n\n<p><a href=\"https:\/\/www.umfst.ro\/fileadmin\/intranet_access\/medicina_engleza\/hotarari_consiliu\/Rezultat_vot_electronic_-_10_iunie_2021.pdf\">Rezultat vot electronic &#8211; 10 iunie 2021<\/a><\/p>\n\n\n\n<p><a href=\"https:\/\/www.umfst.ro\/fileadmin\/intranet_access\/medicina_engleza\/hotarari_consiliu\/Rezultat_vot_electronic_-_03-04_iunie_2021.pdf\">Rezultat vot electronic &#8211; 03-04 iunie 2021<\/a><\/p>\n\n\n\n<p><a href=\"https:\/\/www.umfst.ro\/fileadmin\/intranet_access\/medicina_engleza\/hotarari_consiliu\/Rezultat_vor_electronic_-_26-27_aprilie.pdf\">Rezultat vot electronic &#8211; 26-27 aprilie 2021<\/a><\/p>\n\n\n\n<p><a href=\"https:\/\/www.umfst.ro\/fileadmin\/intranet_access\/medicina_engleza\/hotarari_consiliu\/Rezultat_vor_electronic_-_12-13_aprilie.pdf\">Rezultat vot electronic &#8211; 12-13&nbsp;aprilie 2021<\/a><\/p>\n\n\n\n<p><a href=\"https:\/\/www.umfst.ro\/fileadmin\/intranet_access\/medicina_engleza\/hotarari_consiliu\/Rezultat_vot_electronic_-_23-24_martie_2021.pdf\">Rezultat vot electronic &#8211; 23-24 martie 2021<\/a><\/p>\n\n\n\n<p><a href=\"https:\/\/www.umfst.ro\/fileadmin\/intranet_access\/medicina_engleza\/hotarari_consiliu\/Rezultat_vot_electronic_-_28-29_ianuarie_2021.pdf\">Rezultat vot electronic &#8211; 28-29 ianuarie 2021<\/a><\/p>\n\n\n\n<p><a href=\"https:\/\/www.umfst.ro\/fileadmin\/intranet_access\/medicina_engleza\/hotarari_consiliu\/Rezultat_vot_electronic_-_8-11_ianuarie_2021.pdf\">Rezultat vot electronic &#8211; 8-11 ianuarie 2021<\/a><\/p>\n\n\n\n<p><a href=\"https:\/\/www.umfst.ro\/fileadmin\/intranet_access\/medicina_engleza\/hotarari_consiliu\/Hotarari_Consiliu_FMLE_-_22_octombrie_2020.pdf\">Rezultat vot electronic &#8211; 21-22 octombrie<\/a><\/p>\n\n\n\n<p><a href=\"https:\/\/www.umfst.ro\/fileadmin\/intranet_access\/medicina_engleza\/hotarari_consiliu\/Rezultat_vot_electronic_09.09.2020.pdf\">Rezultat vot electronic &#8211; 9 septembrie<\/a><\/p>\n\n\n\n<p><a href=\"https:\/\/www.umfst.ro\/fileadmin\/intranet_access\/medicina_engleza\/hotarari_consiliu\/Rezultat_vot_electronic_23-24_iulie_2020.pdf\">Rezultat vot electronic &#8211; 23 iulie&nbsp;&#8211; 24 iulie 2020<\/a><\/p>\n\n\n\n<p><a href=\"https:\/\/www.umfst.ro\/fileadmin\/intranet_access\/medicina_engleza\/hotarari_consiliu\/Rezultat_vot_electronic_30_iunie-1_iulie_2020_Consiliu_FMLE.pdf\">Rezultat vot electronic &#8211; 30 iunie &#8211; 1 iulie 2020<\/a><\/p>\n\n\n\n<p><a href=\"https:\/\/www.umfst.ro\/fileadmin\/intranet_access\/medicina_engleza\/hotarari_consiliu\/Rezultat_vot_electronic_Consiliu_FMLE_22-23_iunie_2020.pdf\">Rezultat vot electronic &#8211; 22-23 iunie 2020<\/a><\/p>\n\n\n\n<p><a href=\"https:\/\/www.umfst.ro\/fileadmin\/intranet_access\/medicina_engleza\/hotarari_consiliu\/Rezultat_vot_electronic_26-27_mai_2020.pdf\">Rezultat vot electronic &#8211;&nbsp;26-27 mai 2020<\/a><\/p>\n\n\n\n<p><a href=\"https:\/\/www.umfst.ro\/fileadmin\/intranet_access\/medicina_engleza\/hotarari_consiliu\/Rezultat_vot_electronic_31martie-1_aprilie_2020.pdf\">Rezultat vot electronic &#8211; 31martie-1 aprilie 2020<\/a><\/p>\n\n\n\n<p><a href=\"https:\/\/www.umfst.ro\/fileadmin\/intranet_access\/medicina_engleza\/hotarari_consiliu\/Rezultat_vot_electronic_19-20_martie_2020.pdf\">Rezultat vot electronic &#8211; 19-20 martie 2020<\/a><\/p>\n\n\n\n<p><a href=\"https:\/\/www.umfst.ro\/fileadmin\/intranet_access\/medicina_engleza\/hotarari_consiliu\/Hotarari_Consiliu_FMLE_-_9_martie_2020.pdf\">Hotarari Consiliu FMLE &#8211; 9 martie 2020<\/a><\/p>\n","protected":false},"excerpt":{"rendered":"<p>Hot\u0103r\u00e2ri ale Consiliului Facult\u0103\u021bii de Medicin\u0103 \u00een limba englez\u0103 Rezultat vot electronic &#8211; 19-20 ianuarie 2023 Rezultat vot electronic &#8211; 29 noiembrie 2022 Rezultat vot electronic &#8211; 4 noiembrie 2022 Rezultat vot electronic &#8211; 13-14 octombrie 2022 Rezultat vot electronic &#8211; 13 septembrie 2022 Rezultat vot electronic &#8211; 20-21 iulie 2022 Rezultat vot electronic &#8211; [&hellip;]<\/p>\n","protected":false},"author":6,"featured_media":0,"parent":213,"menu_order":0,"comment_status":"closed","ping_status":"closed","template":"","meta":{"_relevanssi_hide_post":"","_relevanssi_hide_content":"","_relevanssi_pin_for_all":"","_relevanssi_pin_keywords":"","_relevanssi_unpin_keywords":"","_relevanssi_related_keywords":"","_relevanssi_related_include_ids":"","_relevanssi_related_exclude_ids":"","_relevanssi_related_no_append":"","_relevanssi_related_not_related":"","_relevanssi_related_posts":"1","_relevanssi_noindex_reason":"","footnotes":""},"categories":[12],"tags":[],"class_list":["post-218","page","type-page","status-publish","hentry","category-pagina-cu-sidebar"],"meta_box":[],"_links":{"self":[{"href":"https:\/\/umfst.ro\/e-umfst\/wp-json\/wp\/v2\/pages\/218","targetHints":{"allow":["GET"]}}],"collection":[{"href":"https:\/\/umfst.ro\/e-umfst\/wp-json\/wp\/v2\/pages"}],"about":[{"href":"https:\/\/umfst.ro\/e-umfst\/wp-json\/wp\/v2\/types\/page"}],"author":[{"embeddable":true,"href":"https:\/\/umfst.ro\/e-umfst\/wp-json\/wp\/v2\/users\/6"}],"replies":[{"embeddable":true,"href":"https:\/\/umfst.ro\/e-umfst\/wp-json\/wp\/v2\/comments?post=218"}],"version-history":[{"count":2,"href":"https:\/\/umfst.ro\/e-umfst\/wp-json\/wp\/v2\/pages\/218\/revisions"}],"predecessor-version":[{"id":415,"href":"https:\/\/umfst.ro\/e-umfst\/wp-json\/wp\/v2\/pages\/218\/revisions\/415"}],"up":[{"embeddable":true,"href":"https:\/\/umfst.ro\/e-umfst\/wp-json\/wp\/v2\/pages\/213"}],"wp:attachment":[{"href":"https:\/\/umfst.ro\/e-umfst\/wp-json\/wp\/v2\/media?parent=218"}],"wp:term":[{"taxonomy":"category","embeddable":true,"href":"https:\/\/umfst.ro\/e-umfst\/wp-json\/wp\/v2\/categories?post=218"},{"taxonomy":"post_tag","embeddable":true,"href":"https:\/\/umfst.ro\/e-umfst\/wp-json\/wp\/v2\/tags?post=218"}],"curies":[{"name":"wp","href":"https:\/\/api.w.org\/{rel}","templated":true}]}}