{"id":227,"date":"2023-01-27T15:37:38","date_gmt":"2023-01-27T15:37:38","guid":{"rendered":"https:\/\/dev.umfst.ro\/e-umfst\/?page_id=227"},"modified":"2023-02-23T14:57:31","modified_gmt":"2023-02-23T14:57:31","slug":"facultatea-de-economie-si-drept","status":"publish","type":"page","link":"https:\/\/umfst.ro\/e-umfst\/hotarari-ale-consiliului-facultatii\/facultatea-de-economie-si-drept\/","title":{"rendered":"Economie \u0219i Drept"},"content":{"rendered":"\n<h2 class=\"wp-block-heading\">Hot\u0103r\u00e2ri ale Consiliului Facult\u0103\u021bii de Economie \u0219i Drept<\/h2>\n\n\n\n<p><a href=\"https:\/\/www.umfst.ro\/fileadmin\/intranet_access\/Economie_si_Drept\/hotarari_consiliu\/Hotararile_Consiliului_de_Facultate_20.01.2023.pdf\">Hot\u0103r\u00e2re Consiliu &#8211; 20.01.2023<\/a><\/p>\n\n\n\n<p><a href=\"https:\/\/www.umfst.ro\/fileadmin\/intranet_access\/Economie_si_Drept\/hotarari_consiliu\/Hotarare_Consiliu_-_25.11.2022.pdf\">Hot\u0103r\u00e2re Consiliu &#8211; 25.11.2022<\/a><\/p>\n\n\n\n<p><a href=\"https:\/\/www.umfst.ro\/fileadmin\/intranet_access\/Economie_si_Drept\/hotarari_consiliu\/Hotarare_Consiliu_-_04.11.2022.pdf\">Hot\u0103r\u00e2re Consiliu &#8211; 04.11.2022<\/a><\/p>\n\n\n\n<p><a href=\"https:\/\/www.umfst.ro\/fileadmin\/intranet_access\/Economie_si_Drept\/hotarari_consiliu\/Hotarare_Consiliu_-_14.09.2022.pdf\">Hot\u0103r\u00e2re Consiliu &#8211; 14.09.2022<\/a><\/p>\n\n\n\n<p><a href=\"https:\/\/www.umfst.ro\/fileadmin\/intranet_access\/Economie_si_Drept\/hotarari_consiliu\/Hotarare_Consiliu_-_22.06.2022.pdf\">Hot\u0103r\u00e2re Consiliu &#8211; 22.06.2022<\/a><\/p>\n\n\n\n<p><a href=\"https:\/\/www.umfst.ro\/fileadmin\/intranet_access\/Economie_si_Drept\/hotarari_consiliu\/Hotarare_Consiliu_-_31.03.2022.pdf\">Hot\u0103r\u00e2re Consiliu &#8211; 31.03.2022<\/a><\/p>\n\n\n\n<p><a href=\"https:\/\/www.umfst.ro\/fileadmin\/intranet_access\/Economie_si_Drept\/hotarari_consiliu\/Hotarare_Consiliu_-_02.02.2022.pdf\">Hot\u0103r\u00e2re Consiliu &#8211; 02.02.2022<\/a><\/p>\n\n\n\n<p><a href=\"https:\/\/www.umfst.ro\/fileadmin\/intranet_access\/Economie_si_Drept\/hotarari_consiliu\/Hotarare_Consiliu_-_19.01.2022.pdf\">Hot\u0103r\u00e2re Consiliu &#8211; 19.01.2022<\/a><\/p>\n\n\n\n<p><a href=\"https:\/\/www.umfst.ro\/fileadmin\/intranet_access\/Economie_si_Drept\/hotarari_consiliu\/Hotarare_Consiliu_FED_13.01.2022.pdf\">Hot\u0103r\u00e2re Consiliu &#8211; 13.01.2022<\/a><\/p>\n\n\n\n<p><a href=\"https:\/\/www.umfst.ro\/fileadmin\/intranet_access\/Economie_si_Drept\/hotarari_consiliu\/Hotarari_al_Consiliului_FED_17.12.2021.pdf\">Hot\u0103r\u00e2re Consiliu &#8211; 17.12.2021<\/a><\/p>\n\n\n\n<p><a href=\"https:\/\/www.umfst.ro\/fileadmin\/intranet_access\/Economie_si_Drept\/hotarari_consiliu\/Hotarare_al_Consiliului_FED_10.11.2021.pdf\">Hot\u0103r\u00e2re Consiliu &#8211; 10.11.2021<\/a><\/p>\n\n\n\n<p><a href=\"https:\/\/www.umfst.ro\/fileadmin\/intranet_access\/Economie_si_Drept\/hotarari_consiliu\/Hotarare_al_Consiliului_FED_13.10.2021.pdf\">Hot\u0103r\u00e2re Consiliu &#8211; 13.10.2021<\/a><\/p>\n\n\n\n<p><a href=\"https:\/\/www.umfst.ro\/fileadmin\/intranet_access\/Economie_si_Drept\/hotarari_consiliu\/Hotarare_al_Consiliului_FED_07.10.2021.pdf\">Hot\u0103r\u00e2re Consiliu &#8211; 07.10.2021<\/a><\/p>\n\n\n\n<p><a href=\"https:\/\/www.umfst.ro\/fileadmin\/intranet_access\/Economie_si_Drept\/hotarari_consiliu\/Hotarari_ale_Consiliului_FED_16.09.2021.pdf\">Hot\u0103r\u00e2re Consiliu &#8211; 16.09.2021<\/a><\/p>\n\n\n\n<p><a href=\"https:\/\/www.umfst.ro\/fileadmin\/intranet_access\/Economie_si_Drept\/hotarari_consiliu\/Hotarari_ale_Consiliului_FED_15.09.2021.pdf\">Hot\u0103r\u00e2re Consiliu &#8211; 15.09.2021<\/a><\/p>\n\n\n\n<p><a href=\"https:\/\/www.umfst.ro\/fileadmin\/intranet_access\/Economie_si_Drept\/hotarari_consiliu\/Hotarari_Consiliul_FED_09.07.2021.pdf\">Hot\u0103r\u00e2re Consiliu &#8211; 09.07.2021<\/a><\/p>\n\n\n\n<p><a href=\"https:\/\/www.umfst.ro\/fileadmin\/intranet_access\/Economie_si_Drept\/hotarari_consiliu\/Hotarari_Consiliu_FED_03.06.2021.pdf\">Hot\u0103r\u00e2re Consiliu &#8211; 03.06.2021<\/a><\/p>\n\n\n\n<p><a href=\"https:\/\/www.umfst.ro\/fileadmin\/intranet_access\/Economie_si_Drept\/hotarari_consiliu\/Hotarari_Consiliu_FED_20.04.2021.pdf\">Hot\u0103r\u00e2re Consiliu&nbsp;&#8211; 20.04.2021<\/a><\/p>\n\n\n\n<p><a href=\"https:\/\/www.umfst.ro\/fileadmin\/intranet_access\/Economie_si_Drept\/hotarari_consiliu\/Hotarare_Consiliu_FED_25.03.2021.pdf\">Hot\u0103r\u00e2re Consiliu&nbsp;&#8211; 25.03.2021<\/a><\/p>\n\n\n\n<p><a href=\"https:\/\/www.umfst.ro\/fileadmin\/intranet_access\/Economie_si_Drept\/hotarari_consiliu\/Hotarari_Consiliu_-_18.03.2021.pdf\">Hot\u0103r\u00e2re Consiliu&nbsp;&#8211; 18.03.2021<\/a><\/p>\n\n\n\n<p><a href=\"https:\/\/www.umfst.ro\/fileadmin\/intranet_access\/Economie_si_Drept\/hotarari_consiliu\/Hotarari_Consiliu_26.02.2021.pdf\">Hot\u0103r\u00e2re Consiliu&nbsp;&#8211; 26.02.2021<\/a><\/p>\n\n\n\n<p><a href=\"https:\/\/www.umfst.ro\/fileadmin\/intranet_access\/Economie_si_Drept\/hotarari_consiliu\/Hotarare_Consiliul_FED_17.02.2021.pdf\">Hot\u0103r\u00e2re Consiliu&nbsp;&#8211; 17.02.2021<\/a><\/p>\n\n\n\n<p><a href=\"https:\/\/www.umfst.ro\/fileadmin\/intranet_access\/Economie_si_Drept\/hotarari_consiliu\/Hotarari_Consiliul_FED_11.02.2021.pdf\">Hot\u0103r\u00e2ri Consiliu&nbsp;&#8211; 11.02.2021<\/a><\/p>\n\n\n\n<p><a href=\"https:\/\/www.umfst.ro\/fileadmin\/intranet_access\/Economie_si_Drept\/hotarari_consiliu\/Hotarari_Consiliul_FED_02.02.2021.pdf\">Hot\u0103r\u00e2ri Consiliu&nbsp;&#8211; 02.02.2021<\/a><\/p>\n\n\n\n<p><a href=\"https:\/\/www.umfst.ro\/fileadmin\/intranet_access\/Economie_si_Drept\/hotarari_consiliu\/Hotarare_Consiliul_FED_28.01.2021.pdf\">Hot\u0103r\u00e2re Consiliu&nbsp;&#8211; 28.01.2021<\/a><\/p>\n\n\n\n<p><a href=\"https:\/\/www.umfst.ro\/fileadmin\/intranet_access\/Economie_si_Drept\/hotarari_consiliu\/Hotarari_Consiliul_FED_08.01.2021.pdf\">Hot\u0103r\u00e2ri Consiliu&nbsp;&#8211; 08.01.2021<\/a><\/p>\n","protected":false},"excerpt":{"rendered":"<p>Hot\u0103r\u00e2ri ale Consiliului Facult\u0103\u021bii de Economie \u0219i Drept Hot\u0103r\u00e2re Consiliu &#8211; 20.01.2023 Hot\u0103r\u00e2re Consiliu &#8211; 25.11.2022 Hot\u0103r\u00e2re Consiliu &#8211; 04.11.2022 Hot\u0103r\u00e2re Consiliu &#8211; 14.09.2022 Hot\u0103r\u00e2re Consiliu &#8211; 22.06.2022 Hot\u0103r\u00e2re Consiliu &#8211; 31.03.2022 Hot\u0103r\u00e2re Consiliu &#8211; 02.02.2022 Hot\u0103r\u00e2re Consiliu &#8211; 19.01.2022 Hot\u0103r\u00e2re Consiliu &#8211; 13.01.2022 Hot\u0103r\u00e2re Consiliu &#8211; 17.12.2021 Hot\u0103r\u00e2re Consiliu &#8211; 10.11.2021 Hot\u0103r\u00e2re Consiliu &#8211; [&hellip;]<\/p>\n","protected":false},"author":6,"featured_media":0,"parent":213,"menu_order":0,"comment_status":"closed","ping_status":"closed","template":"","meta":{"_relevanssi_hide_post":"","_relevanssi_hide_content":"","_relevanssi_pin_for_all":"","_relevanssi_pin_keywords":"","_relevanssi_unpin_keywords":"","_relevanssi_related_keywords":"","_relevanssi_related_include_ids":"","_relevanssi_related_exclude_ids":"","_relevanssi_related_no_append":"","_relevanssi_related_not_related":"","_relevanssi_related_posts":"1","_relevanssi_noindex_reason":"","footnotes":""},"categories":[12],"tags":[],"class_list":["post-227","page","type-page","status-publish","hentry","category-pagina-cu-sidebar"],"meta_box":[],"_links":{"self":[{"href":"https:\/\/umfst.ro\/e-umfst\/wp-json\/wp\/v2\/pages\/227","targetHints":{"allow":["GET"]}}],"collection":[{"href":"https:\/\/umfst.ro\/e-umfst\/wp-json\/wp\/v2\/pages"}],"about":[{"href":"https:\/\/umfst.ro\/e-umfst\/wp-json\/wp\/v2\/types\/page"}],"author":[{"embeddable":true,"href":"https:\/\/umfst.ro\/e-umfst\/wp-json\/wp\/v2\/users\/6"}],"replies":[{"embeddable":true,"href":"https:\/\/umfst.ro\/e-umfst\/wp-json\/wp\/v2\/comments?post=227"}],"version-history":[{"count":4,"href":"https:\/\/umfst.ro\/e-umfst\/wp-json\/wp\/v2\/pages\/227\/revisions"}],"predecessor-version":[{"id":466,"href":"https:\/\/umfst.ro\/e-umfst\/wp-json\/wp\/v2\/pages\/227\/revisions\/466"}],"up":[{"embeddable":true,"href":"https:\/\/umfst.ro\/e-umfst\/wp-json\/wp\/v2\/pages\/213"}],"wp:attachment":[{"href":"https:\/\/umfst.ro\/e-umfst\/wp-json\/wp\/v2\/media?parent=227"}],"wp:term":[{"taxonomy":"category","embeddable":true,"href":"https:\/\/umfst.ro\/e-umfst\/wp-json\/wp\/v2\/categories?post=227"},{"taxonomy":"post_tag","embeddable":true,"href":"https:\/\/umfst.ro\/e-umfst\/wp-json\/wp\/v2\/tags?post=227"}],"curies":[{"name":"wp","href":"https:\/\/api.w.org\/{rel}","templated":true}]}}