{"id":268,"date":"2023-01-28T08:31:35","date_gmt":"2023-01-28T08:31:35","guid":{"rendered":"https:\/\/dev.umfst.ro\/e-umfst\/?page_id=268"},"modified":"2023-01-28T08:31:37","modified_gmt":"2023-01-28T08:31:37","slug":"planuri-de-invatamant","status":"publish","type":"page","link":"https:\/\/umfst.ro\/e-umfst\/planuri-de-invatamant\/","title":{"rendered":"Planuri de \u00eenv\u0103\u021b\u0103m\u00e2nt"},"content":{"rendered":"\n<p><strong>Studii de licen\u021b\u0103<\/strong><\/p>\n\n\n\n<p><a href=\"https:\/\/www.umfst.ro\/facultatea-de-medicina\/oferta-educationala\/studii-de-licenta\/programul-de-studiu-medicina.html#c1509\">Facultatea de Medicin\u0103 &#8211; Medicin\u0103<\/a><\/p>\n\n\n\n<p>Facultatea de Medicin\u0103 &#8211; Medicin\u0103 Englez\u0103<\/p>\n\n\n\n<p><a href=\"https:\/\/www.umfst.ro\/medicina\/oferta-educationala\/studii-de-licenta\/programul-de-studiu-asistenta-medicala-generala.html#c1524\">Facultatea de Medicin\u0103 &#8211; Asisten\u021b\u0103 Medical\u0103 General\u0103<\/a><\/p>\n\n\n\n<p><a href=\"https:\/\/www.umfst.ro\/medicina\/oferta-educationala\/studii-de-licenta\/programul-de-studiu-nutritie-si-dietetica.html\">Facultatea de Medicin\u0103 &#8211;&nbsp;Nutri\u021bie \u0219i Dietetic\u0103<\/a><\/p>\n\n\n\n<p><a href=\"https:\/\/www.umfst.ro\/facultatea-de-medicina\/oferta-educationala\/studii-de-licenta\/programul-de-studiu-balneo-fiziokinetoterapie-si-recuperare.html\">Facultatea de Medicin\u0103 &#8211;&nbsp;Balneofiziokinetoterapie \u0219i recuperare<\/a><\/p>\n\n\n\n<p>Facultatea de Medicin\u0103 &#8211;&nbsp;Educa\u021bie Fizic\u0103 \u0219i Sportiv\u0103<\/p>\n\n\n\n<p><a href=\"https:\/\/www.umfst.ro\/facultatea-de-medicina-dentara\/oferta-educationala\/studii-de-licenta\/planuri-de-invatamant.html\">Facultatea de Medicin\u0103 Dentar\u0103 &#8211; Medicin\u0103 Dentar\u0103<\/a><\/p>\n\n\n\n<p><a href=\"https:\/\/www.umfst.ro\/facultatea-de-medicina-dentara\/oferta-educationala\/studii-de-licenta\/planuri-de-invatamant.html\">Facultatea de Medicin\u0103 Dentar\u0103 &#8211; Medicin\u0103 Dentar\u0103 &#8211; limba englez\u0103<\/a><\/p>\n\n\n\n<p><a href=\"https:\/\/www.umfst.ro\/facultatea-de-medicina-dentara\/oferta-educationala\/studii-de-licenta\/planuri-de-invatamant.html\">Facultatea de Medicin\u0103 Dentar\u0103 &#8211; Tehnic\u0103 Dentar\u0103<\/a><\/p>\n\n\n\n<p><a href=\"https:\/\/www.umfst.ro\/facultatea-de-farmacie\/oferta-educationala\/studii-de-licenta\/plan-de-invatamant.html\">Facultatea de Farmacie &#8211; Farmacie<\/a><\/p>\n\n\n\n<p><a href=\"https:\/\/www.umfst.ro\/facultatea-de-farmacie\/oferta-educationala\/studii-de-licenta\/plan-de-invatamant.html\">Facultatea de Farmacie &#8211; Cosmetic\u0103 medical\u0103. Tehnologia produsului cosmetic<\/a><\/p>\n\n\n\n<p><strong>Masterat<\/strong><\/p>\n\n\n\n<p><a href=\"https:\/\/www.umfst.ro\/masterat\/medicina\/terapie-fizica-si-reabilitare-functionala\/plan-de-invatamant.html\">Facultatea de Medicin\u0103 &#8211; Terapie fizic\u0103 \u0219i reabilitare func\u021bional\u0103<\/a><\/p>\n\n\n\n<p><a href=\"https:\/\/www.umfst.ro\/masterat\/medicina\/laborator-clinic\/plan-de-invatamant.html\">Facultatea de Medicin\u0103 &#8211; Laborator Clinic<\/a><\/p>\n\n\n\n<p><a href=\"https:\/\/www.umfst.ro\/masterat\/medicina\/nutritie-clinica-si-comunitara\/plan-de-invatamant.html\">Facultatea de Medicin\u0103 &#8211; Nutri\u021bie Clinic\u0103 \u0219i Comunitar\u0103<\/a><\/p>\n\n\n\n<p><a href=\"https:\/\/www.umfst.ro\/masterat\/medicina\/managementul-serviciilor-de-sanatate\/plan-de-invatamant.html\">Facultatea de Medicin\u0103 &#8211; Managementul serviciilor de s\u0103n\u0103tate<\/a><\/p>\n\n\n\n<p><a href=\"https:\/\/www.umfst.ro\/masterat\/medicina-dentara\/tehnologii-protetice-pe-implanturi\/plan-de-invatamant.html\">Facultatea de Medicin\u0103 Dentar\u0103 &#8211; Tehnologii protetice pe implanturi<\/a><\/p>\n\n\n\n<p><a href=\"http:\/\/www.umftgm.ro\/masterat\/farmacie\/calitatea-medicamentului-alimentului-si-mediului\/planul-de-invatamant.html\" target=\"_blank\" rel=\"noreferrer noopener\">Facultatea de Farmacie&nbsp;&#8211;&nbsp;Calitatea Medicamentului, Alimentului \u0219i Mediului<\/a><\/p>\n\n\n\n<p><a href=\"https:\/\/www.umfst.ro\/masterat\/farmacie\/biotehnologie-medicala\/plan-de-invatamant.html\">Facultatea de Farmacie &#8211; Biotehnologie medical\u0103<\/a><\/p>\n\n\n\n<p><a href=\"https:\/\/www.umfst.ro\/masterat\/farmacie\/cosmetologie-si-dermofarmacie\/plan-de-invatamant.html\">Facultatea de Farmacie &#8211; Cosmetologie \u0219i dermofarmacie<\/a><\/p>\n\n\n\n<p><a href=\"https:\/\/www.umfst.ro\/masterat\/medicina\/cercetare-stiintifica-medico-farmaceutica\/plan-de-invatamant.html\">I.O.S.U.D. \/ \u0218coala Doctoral\u0103 &#8211; Cercetare \u0219tiin\u021bific\u0103 medico-farmaceutic\u0103<\/a><\/p>\n","protected":false},"excerpt":{"rendered":"<p>Studii de licen\u021b\u0103 Facultatea de Medicin\u0103 &#8211; Medicin\u0103 Facultatea de Medicin\u0103 &#8211; Medicin\u0103 Englez\u0103 Facultatea de Medicin\u0103 &#8211; Asisten\u021b\u0103 Medical\u0103 General\u0103 Facultatea de Medicin\u0103 &#8211;&nbsp;Nutri\u021bie \u0219i Dietetic\u0103 Facultatea de Medicin\u0103 &#8211;&nbsp;Balneofiziokinetoterapie \u0219i recuperare Facultatea de Medicin\u0103 &#8211;&nbsp;Educa\u021bie Fizic\u0103 \u0219i Sportiv\u0103 Facultatea de Medicin\u0103 Dentar\u0103 &#8211; Medicin\u0103 Dentar\u0103 Facultatea de Medicin\u0103 Dentar\u0103 &#8211; Medicin\u0103 Dentar\u0103 &#8211; [&hellip;]<\/p>\n","protected":false},"author":6,"featured_media":0,"parent":0,"menu_order":0,"comment_status":"closed","ping_status":"closed","template":"","meta":{"_relevanssi_hide_post":"","_relevanssi_hide_content":"","_relevanssi_pin_for_all":"","_relevanssi_pin_keywords":"","_relevanssi_unpin_keywords":"","_relevanssi_related_keywords":"","_relevanssi_related_include_ids":"","_relevanssi_related_exclude_ids":"","_relevanssi_related_no_append":"","_relevanssi_related_not_related":"","_relevanssi_related_posts":"1","_relevanssi_noindex_reason":"","footnotes":""},"categories":[12],"tags":[],"class_list":["post-268","page","type-page","status-publish","hentry","category-pagina-cu-sidebar"],"meta_box":[],"_links":{"self":[{"href":"https:\/\/umfst.ro\/e-umfst\/wp-json\/wp\/v2\/pages\/268","targetHints":{"allow":["GET"]}}],"collection":[{"href":"https:\/\/umfst.ro\/e-umfst\/wp-json\/wp\/v2\/pages"}],"about":[{"href":"https:\/\/umfst.ro\/e-umfst\/wp-json\/wp\/v2\/types\/page"}],"author":[{"embeddable":true,"href":"https:\/\/umfst.ro\/e-umfst\/wp-json\/wp\/v2\/users\/6"}],"replies":[{"embeddable":true,"href":"https:\/\/umfst.ro\/e-umfst\/wp-json\/wp\/v2\/comments?post=268"}],"version-history":[{"count":1,"href":"https:\/\/umfst.ro\/e-umfst\/wp-json\/wp\/v2\/pages\/268\/revisions"}],"predecessor-version":[{"id":269,"href":"https:\/\/umfst.ro\/e-umfst\/wp-json\/wp\/v2\/pages\/268\/revisions\/269"}],"wp:attachment":[{"href":"https:\/\/umfst.ro\/e-umfst\/wp-json\/wp\/v2\/media?parent=268"}],"wp:term":[{"taxonomy":"category","embeddable":true,"href":"https:\/\/umfst.ro\/e-umfst\/wp-json\/wp\/v2\/categories?post=268"},{"taxonomy":"post_tag","embeddable":true,"href":"https:\/\/umfst.ro\/e-umfst\/wp-json\/wp\/v2\/tags?post=268"}],"curies":[{"name":"wp","href":"https:\/\/api.w.org\/{rel}","templated":true}]}}