{"id":371,"date":"2023-02-07T10:54:05","date_gmt":"2023-02-07T10:54:05","guid":{"rendered":"https:\/\/dev.umfst.ro\/e-umfst\/?page_id=371"},"modified":"2023-02-07T10:54:07","modified_gmt":"2023-02-07T10:54:07","slug":"eduroam","status":"publish","type":"page","link":"https:\/\/umfst.ro\/e-umfst\/e-learning\/eduroam\/","title":{"rendered":"EduRoam"},"content":{"rendered":"\n<figure class=\"wp-block-image\"><img decoding=\"async\" src=\"https:\/\/www.umfst.ro\/fileadmin\/intranet\/e-learning\/eduroam\/eduroam_300pix.png\" alt=\"\"\/><\/figure>\n\n\n\n<p>Serviciu de acces wireless la Internet<\/p>\n\n\n\n<p>EduRoam (Education Roaming) este un serviciu de acces la Internet, dezvoltat pentru comunitatea interna\u021bional\u0103 de cercetare \u0219i educa\u021bie activ \u00een&nbsp;<strong><a href=\"https:\/\/eduroam.org\/where\/\" target=\"_blank\" rel=\"noreferrer noopener\">institu\u021biile afiliate<\/a><\/strong>.<\/p>\n\n\n\n<p>Re\u021beaua UMFST G.E. Palade Tg.Mure\u0219 este afiliat\u0103 re\u021belei EduRoam, prin care sunt oferite servicii de acces wireless la Internet pentru studen\u021bi \u00een urm\u0103toarele cl\u0103diri ale&nbsp; universit\u0103\u021bii:<\/p>\n\n\n\n<p>&#8211; Campus Gherghe Marinescu nr. 38 &#8211; Cl\u0103direa Central\u0103<\/p>\n\n\n\n<p>&#8211; Campus Nicolae Iorga nr.1<\/p>\n\n\n\n<p>&#8211; Campus Livezeni<\/p>\n\n\n\n<p>&#8211; Campus Republicii &#8211; Pia\u021ba Republicii, nr.38<\/p>\n\n\n\n<p>&#8211; C\u0103minul studen\u021besc nr.1 C &#8211; str. C\u0103prioarei nr.4<\/p>\n\n\n\n<p><a href=\"https:\/\/www.umfst.ro\/fileadmin\/intranet\/e-learning\/eduroam\/Tutorial_conectare_EduRoam.pdf\">Tutorial conectare EduRoam<\/a><\/p>\n\n\n\n<p><a href=\"https:\/\/www.umfst.ro\/fileadmin\/intranet\/e-learning\/eduroam\/EduRoam_connect_Tutorial.pdf\">EduRoam connect Tutorial<\/a><\/p>\n","protected":false},"excerpt":{"rendered":"<p>Serviciu de acces wireless la Internet EduRoam (Education Roaming) este un serviciu de acces la Internet, dezvoltat pentru comunitatea interna\u021bional\u0103 de cercetare \u0219i educa\u021bie activ \u00een&nbsp;institu\u021biile afiliate. Re\u021beaua UMFST G.E. Palade Tg.Mure\u0219 este afiliat\u0103 re\u021belei EduRoam, prin care sunt oferite servicii de acces wireless la Internet pentru studen\u021bi \u00een urm\u0103toarele cl\u0103diri ale&nbsp; universit\u0103\u021bii: &#8211; Campus [&hellip;]<\/p>\n","protected":false},"author":6,"featured_media":0,"parent":165,"menu_order":0,"comment_status":"closed","ping_status":"closed","template":"","meta":{"_relevanssi_hide_post":"","_relevanssi_hide_content":"","_relevanssi_pin_for_all":"","_relevanssi_pin_keywords":"","_relevanssi_unpin_keywords":"","_relevanssi_related_keywords":"","_relevanssi_related_include_ids":"","_relevanssi_related_exclude_ids":"","_relevanssi_related_no_append":"","_relevanssi_related_not_related":"","_relevanssi_related_posts":"1","_relevanssi_noindex_reason":"","footnotes":""},"categories":[12],"tags":[],"class_list":["post-371","page","type-page","status-publish","hentry","category-pagina-cu-sidebar"],"meta_box":[],"_links":{"self":[{"href":"https:\/\/umfst.ro\/e-umfst\/wp-json\/wp\/v2\/pages\/371","targetHints":{"allow":["GET"]}}],"collection":[{"href":"https:\/\/umfst.ro\/e-umfst\/wp-json\/wp\/v2\/pages"}],"about":[{"href":"https:\/\/umfst.ro\/e-umfst\/wp-json\/wp\/v2\/types\/page"}],"author":[{"embeddable":true,"href":"https:\/\/umfst.ro\/e-umfst\/wp-json\/wp\/v2\/users\/6"}],"replies":[{"embeddable":true,"href":"https:\/\/umfst.ro\/e-umfst\/wp-json\/wp\/v2\/comments?post=371"}],"version-history":[{"count":1,"href":"https:\/\/umfst.ro\/e-umfst\/wp-json\/wp\/v2\/pages\/371\/revisions"}],"predecessor-version":[{"id":372,"href":"https:\/\/umfst.ro\/e-umfst\/wp-json\/wp\/v2\/pages\/371\/revisions\/372"}],"up":[{"embeddable":true,"href":"https:\/\/umfst.ro\/e-umfst\/wp-json\/wp\/v2\/pages\/165"}],"wp:attachment":[{"href":"https:\/\/umfst.ro\/e-umfst\/wp-json\/wp\/v2\/media?parent=371"}],"wp:term":[{"taxonomy":"category","embeddable":true,"href":"https:\/\/umfst.ro\/e-umfst\/wp-json\/wp\/v2\/categories?post=371"},{"taxonomy":"post_tag","embeddable":true,"href":"https:\/\/umfst.ro\/e-umfst\/wp-json\/wp\/v2\/tags?post=371"}],"curies":[{"name":"wp","href":"https:\/\/api.w.org\/{rel}","templated":true}]}}