{"id":455,"date":"2023-02-23T14:41:44","date_gmt":"2023-02-23T14:41:44","guid":{"rendered":"https:\/\/dev.umfst.ro\/e-umfst\/?page_id=455"},"modified":"2025-03-24T09:36:06","modified_gmt":"2025-03-24T07:36:06","slug":"oferta-educationala","status":"publish","type":"page","link":"https:\/\/umfst.ro\/e-umfst\/oferta-educationala\/","title":{"rendered":"Oferta educa\u021bional\u0103"},"content":{"rendered":"\n<p><a href=\"https:\/\/umfst.ro\/facultatea-de-medicina\/oferta-educationala\/\" target=\"_blank\" rel=\"noreferrer noopener\">Facultatea de Medicin\u0103<\/a><\/p>\n\n\n\n<p><a href=\"https:\/\/umfst.ro\/medicina-engleza\/oferta-educationala\/\" target=\"_blank\" rel=\"noreferrer noopener\">Facultatea de Medicin\u0103 \u00een limba englez\u0103<\/a><\/p>\n\n\n\n<p><a href=\"https:\/\/umfst.ro\/facultatea-de-medicina-dentara\/oferta-educationala\/\" target=\"_blank\" rel=\"noreferrer noopener\">Facultatea de Medicin\u0103 Dentar\u0103<\/a><\/p>\n\n\n\n<p><a href=\"https:\/\/umfst.ro\/facultatea-de-farmacie\/oferta-educationala\/\" target=\"_blank\" rel=\"noreferrer noopener\">Facultatea de Farmacie<\/a><\/p>\n\n\n\n<p><a href=\"https:\/\/umfst.ro\/inginerie\/oferta-educationala\/\" target=\"_blank\" rel=\"noreferrer noopener\">Facultatea de Inginerie \u0219i Tehnologia Informa\u021biilor<\/a><\/p>\n\n\n\n<p><a href=\"https:\/\/umfst.ro\/stiinte-si-litere\/oferta-educationala\/\" target=\"_blank\" rel=\"noreferrer noopener\">Facultatea de \u0218tiin\u021be \u0219i Litere \u201ePetru Maior\u201d<\/a><\/p>\n\n\n\n<p><a href=\"https:\/\/umfst.ro\/economie-si-drept\/oferta-educationala\/\" target=\"_blank\" rel=\"noreferrer noopener\">Facultatea de Economie \u0219i Drept<\/a><\/p>\n","protected":false},"excerpt":{"rendered":"<p>Facultatea de Medicin\u0103 Facultatea de Medicin\u0103 \u00een limba englez\u0103 Facultatea de Medicin\u0103 Dentar\u0103 Facultatea de Farmacie Facultatea de Inginerie \u0219i Tehnologia Informa\u021biilor Facultatea de \u0218tiin\u021be \u0219i Litere \u201ePetru Maior\u201d Facultatea de Economie \u0219i Drept<\/p>\n","protected":false},"author":6,"featured_media":0,"parent":0,"menu_order":0,"comment_status":"closed","ping_status":"closed","template":"","meta":{"_relevanssi_hide_post":"","_relevanssi_hide_content":"","_relevanssi_pin_for_all":"","_relevanssi_pin_keywords":"","_relevanssi_unpin_keywords":"","_relevanssi_related_keywords":"","_relevanssi_related_include_ids":"","_relevanssi_related_exclude_ids":"","_relevanssi_related_no_append":"","_relevanssi_related_not_related":"","_relevanssi_related_posts":"1","_relevanssi_noindex_reason":"","footnotes":""},"categories":[12],"tags":[],"class_list":["post-455","page","type-page","status-publish","hentry","category-pagina-cu-sidebar"],"meta_box":[],"_links":{"self":[{"href":"https:\/\/umfst.ro\/e-umfst\/wp-json\/wp\/v2\/pages\/455","targetHints":{"allow":["GET"]}}],"collection":[{"href":"https:\/\/umfst.ro\/e-umfst\/wp-json\/wp\/v2\/pages"}],"about":[{"href":"https:\/\/umfst.ro\/e-umfst\/wp-json\/wp\/v2\/types\/page"}],"author":[{"embeddable":true,"href":"https:\/\/umfst.ro\/e-umfst\/wp-json\/wp\/v2\/users\/6"}],"replies":[{"embeddable":true,"href":"https:\/\/umfst.ro\/e-umfst\/wp-json\/wp\/v2\/comments?post=455"}],"version-history":[{"count":2,"href":"https:\/\/umfst.ro\/e-umfst\/wp-json\/wp\/v2\/pages\/455\/revisions"}],"predecessor-version":[{"id":1038,"href":"https:\/\/umfst.ro\/e-umfst\/wp-json\/wp\/v2\/pages\/455\/revisions\/1038"}],"wp:attachment":[{"href":"https:\/\/umfst.ro\/e-umfst\/wp-json\/wp\/v2\/media?parent=455"}],"wp:term":[{"taxonomy":"category","embeddable":true,"href":"https:\/\/umfst.ro\/e-umfst\/wp-json\/wp\/v2\/categories?post=455"},{"taxonomy":"post_tag","embeddable":true,"href":"https:\/\/umfst.ro\/e-umfst\/wp-json\/wp\/v2\/tags?post=455"}],"curies":[{"name":"wp","href":"https:\/\/api.w.org\/{rel}","templated":true}]}}