{"id":635,"date":"2023-05-03T14:16:31","date_gmt":"2023-05-03T11:16:31","guid":{"rendered":"https:\/\/dev.umfst.ro\/e-umfst\/?page_id=635"},"modified":"2023-05-03T14:17:12","modified_gmt":"2023-05-03T11:17:12","slug":"cerere-renuntare-loc-cazare","status":"publish","type":"page","link":"https:\/\/umfst.ro\/e-umfst\/intranet-studenti\/formulare-pentru-studenti\/cerere-renuntare-loc-cazare\/","title":{"rendered":"Cerere renun\u021bare loc cazare"},"content":{"rendered":"<script type=\"text\/javascript\">var gform;gform||(document.addEventListener(\"gform_main_scripts_loaded\",function(){gform.scriptsLoaded=!0}),window.addEventListener(\"DOMContentLoaded\",function(){gform.domLoaded=!0}),gform={domLoaded:!1,scriptsLoaded:!1,initializeOnLoaded:function(o){gform.domLoaded&&gform.scriptsLoaded?o():!gform.domLoaded&&gform.scriptsLoaded?window.addEventListener(\"DOMContentLoaded\",o):document.addEventListener(\"gform_main_scripts_loaded\",o)},hooks:{action:{},filter:{}},addAction:function(o,n,r,t){gform.addHook(\"action\",o,n,r,t)},addFilter:function(o,n,r,t){gform.addHook(\"filter\",o,n,r,t)},doAction:function(o){gform.doHook(\"action\",o,arguments)},applyFilters:function(o){return gform.doHook(\"filter\",o,arguments)},removeAction:function(o,n){gform.removeHook(\"action\",o,n)},removeFilter:function(o,n,r){gform.removeHook(\"filter\",o,n,r)},addHook:function(o,n,r,t,i){null==gform.hooks[o][n]&&(gform.hooks[o][n]=[]);var e=gform.hooks[o][n];null==i&&(i=n+\"_\"+e.length),gform.hooks[o][n].push({tag:i,callable:r,priority:t=null==t?10:t})},doHook:function(n,o,r){var t;if(r=Array.prototype.slice.call(r,1),null!=gform.hooks[n][o]&&((o=gform.hooks[n][o]).sort(function(o,n){return o.priority-n.priority}),o.forEach(function(o){\"function\"!=typeof(t=o.callable)&&(t=window[t]),\"action\"==n?t.apply(null,r):r[0]=t.apply(null,r)})),\"filter\"==n)return r[0]},removeHook:function(o,n,t,i){var r;null!=gform.hooks[o][n]&&(r=(r=gform.hooks[o][n]).filter(function(o,n,r){return!!(null!=i&&i!=o.tag||null!=t&&t!=o.priority)}),gform.hooks[o][n]=r)}});<\/script>\n                <div class='gf_browser_gecko gform_wrapper gravity-theme gform-theme--no-framework' data-form-theme='gravity-theme' data-form-index='0' id='gform_wrapper_17' >\n                        <div class='gform_heading'>\n\t\t\t\t\t\t\t<p class='gform_required_legend'>&quot;<span class=\"gfield_required gfield_required_asterisk\">*<\/span>&quot; indicates required fields<\/p>\n                        <\/div><form method='post' enctype='multipart\/form-data'  id='gform_17'  action='\/e-umfst\/wp-json\/wp\/v2\/pages\/635' data-formid='17' novalidate>\n                        <div class='gform-body gform_body'><div id='gform_fields_17' class='gform_fields top_label form_sublabel_below description_below'><div id=\"field_17_3\"  class=\"gfield gfield--type-text gfield--width-full gfield_contains_required field_sublabel_below gfield--no-description field_description_below gfield_visibility_visible\"  data-js-reload=\"field_17_3\"><label class='gfield_label gform-field-label' for='input_17_3' >Subsemnatul(a)<span class=\"gfield_required\"><span class=\"gfield_required gfield_required_asterisk\">*<\/span><\/span><\/label><div class='ginput_container ginput_container_text'><input name='input_3' id='input_17_3' type='text' value='' class='large'     aria-required=\"true\" aria-invalid=\"false\"   \/> <\/div><\/div><div id=\"field_17_4\"  class=\"gfield gfield--type-number gfield--width-five-twelfths gfield_contains_required field_sublabel_below gfield--no-description field_description_below gfield_visibility_visible\"  data-js-reload=\"field_17_4\"><label class='gfield_label gform-field-label' for='input_17_4' >Student(\u0103) \u00een anul<span class=\"gfield_required\"><span class=\"gfield_required gfield_required_asterisk\">*<\/span><\/span><\/label><div class='ginput_container ginput_container_number'><input name='input_4' id='input_17_4' type='number' step='any'   value='' class='large'     aria-required=\"true\" aria-invalid=\"false\"  \/><\/div><\/div><div id=\"field_17_2\"  class=\"gfield gfield--type-text gfield--width-seven-twelfths gfield_contains_required field_sublabel_below gfield--no-description field_description_below gfield_visibility_visible\"  data-js-reload=\"field_17_2\"><label class='gfield_label gform-field-label' for='input_17_2' >Specializarea<span class=\"gfield_required\"><span class=\"gfield_required gfield_required_asterisk\">*<\/span><\/span><\/label><div class='ginput_container ginput_container_text'><input name='input_2' id='input_17_2' type='text' value='' class='large'     aria-required=\"true\" aria-invalid=\"false\"   \/> <\/div><\/div><div id=\"field_17_7\"  class=\"gfield gfield--type-text gfield--width-three-quarter gfield_contains_required field_sublabel_below gfield--no-description field_description_below gfield_visibility_visible\"  data-js-reload=\"field_17_7\"><label class='gfield_label gform-field-label' for='input_17_7' >V\u0103 informez c\u0103 doresc s\u0103 renun\u021b la locul repartizat. \u00een c\u0103minul studen\u021besc nr.:<span class=\"gfield_required\"><span class=\"gfield_required gfield_required_asterisk\">*<\/span><\/span><\/label><div class='ginput_container ginput_container_text'><input name='input_7' id='input_17_7' type='text' value='' class='large'     aria-required=\"true\" aria-invalid=\"false\"   \/> <\/div><\/div><div id=\"field_17_8\"  class=\"gfield gfield--type-text gfield--width-quarter gfield_contains_required field_sublabel_below gfield--no-description field_description_below gfield_visibility_visible\"  data-js-reload=\"field_17_8\"><label class='gfield_label gform-field-label' for='input_17_8' >Camera<span class=\"gfield_required\"><span class=\"gfield_required gfield_required_asterisk\">*<\/span><\/span><\/label><div class='ginput_container ginput_container_text'><input name='input_8' id='input_17_8' type='text' value='' class='large'     aria-required=\"true\" aria-invalid=\"false\"   \/> <\/div><\/div><div id=\"field_17_9\"  class=\"gfield gfield--type-text gfield--width-full gfield_contains_required field_sublabel_below gfield--no-description field_description_below gfield_visibility_visible\"  data-js-reload=\"field_17_9\"><label class='gfield_label gform-field-label' for='input_17_9' >Unde am ob\u021binut loc de cazare pe anul universitar:<span class=\"gfield_required\"><span class=\"gfield_required gfield_required_asterisk\">*<\/span><\/span><\/label><div class='ginput_container ginput_container_text'><input name='input_9' id='input_17_9' type='text' value='' class='large'     aria-required=\"true\" aria-invalid=\"false\"   \/> <\/div><\/div><div id=\"field_17_10\"  class=\"gfield gfield--type-email gfield--width-full field_sublabel_below gfield--no-description field_description_below gfield_visibility_visible\"  data-js-reload=\"field_17_10\"><label class='gfield_label gform-field-label' for='input_17_10' >Email<\/label><div class='ginput_container ginput_container_email'>\n                            <input name='input_10' id='input_17_10' type='email' value='' class='large'     aria-invalid=\"false\"  \/>\n                        <\/div><\/div><\/div><\/div>\n        <div class='gform_footer top_label'> <input type='submit' id='gform_submit_button_17' class='gform_button button' value='Genereaz\u0103 PDF'  onclick='if(window[\"gf_submitting_17\"]){return false;}  if( !jQuery(\"#gform_17\")[0].checkValidity || jQuery(\"#gform_17\")[0].checkValidity()){window[\"gf_submitting_17\"]=true;}  ' onkeypress='if( event.keyCode == 13 ){ if(window[\"gf_submitting_17\"]){return false;} if( !jQuery(\"#gform_17\")[0].checkValidity || jQuery(\"#gform_17\")[0].checkValidity()){window[\"gf_submitting_17\"]=true;}  jQuery(\"#gform_17\").trigger(\"submit\",[true]); }' \/> \n            <input type='hidden' class='gform_hidden' name='is_submit_17' value='1' \/>\n            <input type='hidden' class='gform_hidden' name='gform_submit' value='17' \/>\n            \n            <input type='hidden' class='gform_hidden' name='gform_unique_id' value='' \/>\n            <input type='hidden' class='gform_hidden' name='state_17' value='WyJbXSIsIjQwODMwOGZhZDA0YzI5OTM0OWNhODNjYzZjZDEyNTZlIl0=' \/>\n            <input type='hidden' class='gform_hidden' name='gform_target_page_number_17' id='gform_target_page_number_17' value='0' \/>\n            <input type='hidden' class='gform_hidden' name='gform_source_page_number_17' id='gform_source_page_number_17' value='1' \/>\n            <input type='hidden' name='gform_field_values' value='' \/>\n            \n        <\/div>\n                        <\/form>\n                        <\/div><script>\ngform.initializeOnLoaded( function() {gformInitSpinner( 17, 'https:\/\/umfst.ro\/e-umfst\/wp-content\/plugins\/gravityforms\/images\/spinner.svg', true );jQuery('#gform_ajax_frame_17').on('load',function(){var contents = jQuery(this).contents().find('*').html();var is_postback = contents.indexOf('GF_AJAX_POSTBACK') >= 0;if(!is_postback){return;}var form_content = jQuery(this).contents().find('#gform_wrapper_17');var is_confirmation = jQuery(this).contents().find('#gform_confirmation_wrapper_17').length > 0;var is_redirect = contents.indexOf('gformRedirect(){') >= 0;var is_form = form_content.length > 0 && ! is_redirect && ! is_confirmation;var mt = parseInt(jQuery('html').css('margin-top'), 10) + parseInt(jQuery('body').css('margin-top'), 10) + 100;if(is_form){jQuery('#gform_wrapper_17').html(form_content.html());if(form_content.hasClass('gform_validation_error')){jQuery('#gform_wrapper_17').addClass('gform_validation_error');} else {jQuery('#gform_wrapper_17').removeClass('gform_validation_error');}setTimeout( function() { \/* delay the scroll by 50 milliseconds to fix a bug in chrome *\/  }, 50 );if(window['gformInitDatepicker']) {gformInitDatepicker();}if(window['gformInitPriceFields']) {gformInitPriceFields();}var current_page = jQuery('#gform_source_page_number_17').val();gformInitSpinner( 17, 'https:\/\/umfst.ro\/e-umfst\/wp-content\/plugins\/gravityforms\/images\/spinner.svg', true );jQuery(document).trigger('gform_page_loaded', [17, current_page]);window['gf_submitting_17'] = false;}else if(!is_redirect){var confirmation_content = jQuery(this).contents().find('.GF_AJAX_POSTBACK').html();if(!confirmation_content){confirmation_content = contents;}setTimeout(function(){jQuery('#gform_wrapper_17').replaceWith(confirmation_content);jQuery(document).trigger('gform_confirmation_loaded', [17]);window['gf_submitting_17'] = false;wp.a11y.speak(jQuery('#gform_confirmation_message_17').text());}, 50);}else{jQuery('#gform_17').append(contents);if(window['gformRedirect']) {gformRedirect();}}jQuery(document).trigger('gform_post_render', [17, current_page]);gform.utils.trigger({ event: 'gform\/postRender', native: false, data: { formId: 17, currentPage: current_page } });} );} );\n<\/script>\n","protected":false},"excerpt":{"rendered":"","protected":false},"author":2,"featured_media":0,"parent":163,"menu_order":0,"comment_status":"closed","ping_status":"closed","template":"","meta":{"_relevanssi_hide_post":"","_relevanssi_hide_content":"","_relevanssi_pin_for_all":"","_relevanssi_pin_keywords":"","_relevanssi_unpin_keywords":"","_relevanssi_related_keywords":"","_relevanssi_related_include_ids":"","_relevanssi_related_exclude_ids":"","_relevanssi_related_no_append":"","_relevanssi_related_not_related":"","_relevanssi_related_posts":"1","_relevanssi_noindex_reason":"","footnotes":""},"categories":[12],"tags":[],"class_list":["post-635","page","type-page","status-publish","hentry","category-pagina-cu-sidebar"],"meta_box":[],"_links":{"self":[{"href":"https:\/\/umfst.ro\/e-umfst\/wp-json\/wp\/v2\/pages\/635","targetHints":{"allow":["GET"]}}],"collection":[{"href":"https:\/\/umfst.ro\/e-umfst\/wp-json\/wp\/v2\/pages"}],"about":[{"href":"https:\/\/umfst.ro\/e-umfst\/wp-json\/wp\/v2\/types\/page"}],"author":[{"embeddable":true,"href":"https:\/\/umfst.ro\/e-umfst\/wp-json\/wp\/v2\/users\/2"}],"replies":[{"embeddable":true,"href":"https:\/\/umfst.ro\/e-umfst\/wp-json\/wp\/v2\/comments?post=635"}],"version-history":[{"count":2,"href":"https:\/\/umfst.ro\/e-umfst\/wp-json\/wp\/v2\/pages\/635\/revisions"}],"predecessor-version":[{"id":637,"href":"https:\/\/umfst.ro\/e-umfst\/wp-json\/wp\/v2\/pages\/635\/revisions\/637"}],"up":[{"embeddable":true,"href":"https:\/\/umfst.ro\/e-umfst\/wp-json\/wp\/v2\/pages\/163"}],"wp:attachment":[{"href":"https:\/\/umfst.ro\/e-umfst\/wp-json\/wp\/v2\/media?parent=635"}],"wp:term":[{"taxonomy":"category","embeddable":true,"href":"https:\/\/umfst.ro\/e-umfst\/wp-json\/wp\/v2\/categories?post=635"},{"taxonomy":"post_tag","embeddable":true,"href":"https:\/\/umfst.ro\/e-umfst\/wp-json\/wp\/v2\/tags?post=635"}],"curies":[{"name":"wp","href":"https:\/\/api.w.org\/{rel}","templated":true}]}}