{"id":772,"date":"2023-06-20T16:49:19","date_gmt":"2023-06-20T13:49:19","guid":{"rendered":"https:\/\/dev.umfst.ro\/e-umfst\/?page_id=772"},"modified":"2023-06-23T12:58:07","modified_gmt":"2023-06-23T09:58:07","slug":"sitemap","status":"publish","type":"page","link":"https:\/\/umfst.ro\/e-umfst\/sitemap\/","title":{"rendered":"Sitemap"},"content":{"rendered":"\t\t<div data-elementor-type=\"wp-page\" data-elementor-id=\"772\" class=\"elementor elementor-772\" data-elementor-post-type=\"page\">\n\t\t\t\t\t\t<section class=\"elementor-section elementor-top-section elementor-element elementor-element-38cfe29 elementor-section-boxed elementor-section-height-default elementor-section-height-default\" data-id=\"38cfe29\" data-element_type=\"section\" data-e-type=\"section\">\n\t\t\t\t\t\t<div class=\"elementor-container elementor-column-gap-default\">\n\t\t\t\t\t<div class=\"elementor-column elementor-col-100 elementor-top-column elementor-element elementor-element-d29e896\" data-id=\"d29e896\" data-element_type=\"column\" data-e-type=\"column\">\n\t\t\t<div class=\"elementor-widget-wrap elementor-element-populated\">\n\t\t\t\t\t\t<div class=\"elementor-element elementor-element-c469b85 elementor-widget__width-auto elementor-icon-list--layout-traditional elementor-list-item-link-full_width elementor-widget elementor-widget-icon-list\" data-id=\"c469b85\" data-element_type=\"widget\" data-e-type=\"widget\" data-widget_type=\"icon-list.default\">\n\t\t\t\t<div class=\"elementor-widget-container\">\n\t\t\t\t\t\t\t<ul class=\"elementor-icon-list-items\">\n\t\t\t\t\t\t\t<li class=\"elementor-icon-list-item\">\n\t\t\t\t\t\t\t\t\t\t\t<a href=\"https:\/\/umfst.ro\/sitemap\/\">\n\n\t\t\t\t\t\t\t\t\t\t\t\t<span class=\"elementor-icon-list-icon\">\n\t\t\t\t\t\t\t<i aria-hidden=\"true\" class=\"fas fa-caret-right\"><\/i>\t\t\t\t\t\t<\/span>\n\t\t\t\t\t\t\t\t\t\t<span class=\"elementor-icon-list-text\">Sitemap UMFST<\/span>\n\t\t\t\t\t\t\t\t\t\t\t<\/a>\n\t\t\t\t\t\t\t\t\t<\/li>\n\t\t\t\t\t\t\t\t<li class=\"elementor-icon-list-item\">\n\t\t\t\t\t\t\t\t\t\t\t<a href=\"https:\/\/umfst.ro\/e-umfst\/sitemap\/\">\n\n\t\t\t\t\t\t\t\t\t\t\t\t<span class=\"elementor-icon-list-icon\">\n\t\t\t\t\t\t\t<i aria-hidden=\"true\" class=\"fas fa-caret-right\"><\/i>\t\t\t\t\t\t<\/span>\n\t\t\t\t\t\t\t\t\t\t<span class=\"elementor-icon-list-text\">Sitemap E-UMFST (Intranet)<\/span>\n\t\t\t\t\t\t\t\t\t\t\t<\/a>\n\t\t\t\t\t\t\t\t\t<\/li>\n\t\t\t\t\t\t\t\t<li class=\"elementor-icon-list-item\">\n\t\t\t\t\t\t\t\t\t\t\t<a href=\"https:\/\/umfst.ro\/facultatea-de-medicina\/sitemap\">\n\n\t\t\t\t\t\t\t\t\t\t\t\t<span class=\"elementor-icon-list-icon\">\n\t\t\t\t\t\t\t<i aria-hidden=\"true\" class=\"fas fa-caret-right\"><\/i>\t\t\t\t\t\t<\/span>\n\t\t\t\t\t\t\t\t\t\t<span class=\"elementor-icon-list-text\">Sitemap Facultatea de Medicin\u0103<\/span>\n\t\t\t\t\t\t\t\t\t\t\t<\/a>\n\t\t\t\t\t\t\t\t\t<\/li>\n\t\t\t\t\t\t\t\t<li class=\"elementor-icon-list-item\">\n\t\t\t\t\t\t\t\t\t\t\t<a href=\"https:\/\/umfst.ro\/medicina-engleza\/sitemap\/\">\n\n\t\t\t\t\t\t\t\t\t\t\t\t<span class=\"elementor-icon-list-icon\">\n\t\t\t\t\t\t\t<i aria-hidden=\"true\" class=\"fas fa-caret-right\"><\/i>\t\t\t\t\t\t<\/span>\n\t\t\t\t\t\t\t\t\t\t<span class=\"elementor-icon-list-text\">Sitemap Facultatea de Medicin\u0103 Englez\u0103<\/span>\n\t\t\t\t\t\t\t\t\t\t\t<\/a>\n\t\t\t\t\t\t\t\t\t<\/li>\n\t\t\t\t\t\t\t\t<li class=\"elementor-icon-list-item\">\n\t\t\t\t\t\t\t\t\t\t\t<a href=\"https:\/\/umfst.ro\/facultatea-de-medicina-dentara\/sitemap\/\">\n\n\t\t\t\t\t\t\t\t\t\t\t\t<span class=\"elementor-icon-list-icon\">\n\t\t\t\t\t\t\t<i aria-hidden=\"true\" class=\"fas fa-caret-right\"><\/i>\t\t\t\t\t\t<\/span>\n\t\t\t\t\t\t\t\t\t\t<span class=\"elementor-icon-list-text\">Sitemap Facultatea de Medicin\u0103 Dentar\u0103<\/span>\n\t\t\t\t\t\t\t\t\t\t\t<\/a>\n\t\t\t\t\t\t\t\t\t<\/li>\n\t\t\t\t\t\t\t\t<li class=\"elementor-icon-list-item\">\n\t\t\t\t\t\t\t\t\t\t\t<a href=\"https:\/\/umfst.ro\/facultatea-de-farmacie\/sitemap\/\">\n\n\t\t\t\t\t\t\t\t\t\t\t\t<span class=\"elementor-icon-list-icon\">\n\t\t\t\t\t\t\t<i aria-hidden=\"true\" class=\"fas fa-caret-right\"><\/i>\t\t\t\t\t\t<\/span>\n\t\t\t\t\t\t\t\t\t\t<span class=\"elementor-icon-list-text\">Sitemap Facultatea de Farmacie<\/span>\n\t\t\t\t\t\t\t\t\t\t\t<\/a>\n\t\t\t\t\t\t\t\t\t<\/li>\n\t\t\t\t\t\t\t\t<li class=\"elementor-icon-list-item\">\n\t\t\t\t\t\t\t\t\t\t\t<a href=\"https:\/\/umfst.ro\/inginerie\/sitemap\/\">\n\n\t\t\t\t\t\t\t\t\t\t\t\t<span class=\"elementor-icon-list-icon\">\n\t\t\t\t\t\t\t<i aria-hidden=\"true\" class=\"fas fa-caret-right\"><\/i>\t\t\t\t\t\t<\/span>\n\t\t\t\t\t\t\t\t\t\t<span class=\"elementor-icon-list-text\">Sitemap Facultatea de Inginerie \u0219i Tehnologia Informa\u021biei<\/span>\n\t\t\t\t\t\t\t\t\t\t\t<\/a>\n\t\t\t\t\t\t\t\t\t<\/li>\n\t\t\t\t\t\t\t\t<li class=\"elementor-icon-list-item\">\n\t\t\t\t\t\t\t\t\t\t\t<a href=\"https:\/\/umfst.ro\/stiinte-si-litere\/sitemap\/\">\n\n\t\t\t\t\t\t\t\t\t\t\t\t<span class=\"elementor-icon-list-icon\">\n\t\t\t\t\t\t\t<i aria-hidden=\"true\" class=\"fas fa-caret-right\"><\/i>\t\t\t\t\t\t<\/span>\n\t\t\t\t\t\t\t\t\t\t<span class=\"elementor-icon-list-text\">Sitemap Facultatea de \u0218tiin\u021be \u0219i Litere<\/span>\n\t\t\t\t\t\t\t\t\t\t\t<\/a>\n\t\t\t\t\t\t\t\t\t<\/li>\n\t\t\t\t\t\t\t\t<li class=\"elementor-icon-list-item\">\n\t\t\t\t\t\t\t\t\t\t\t<a href=\"https:\/\/umfst.ro\/economie-si-drept\/sitemap\/\">\n\n\t\t\t\t\t\t\t\t\t\t\t\t<span class=\"elementor-icon-list-icon\">\n\t\t\t\t\t\t\t<i aria-hidden=\"true\" class=\"fas fa-caret-right\"><\/i>\t\t\t\t\t\t<\/span>\n\t\t\t\t\t\t\t\t\t\t<span class=\"elementor-icon-list-text\">Sitemap Facultatea de Economie \u0219i Drept<\/span>\n\t\t\t\t\t\t\t\t\t\t\t<\/a>\n\t\t\t\t\t\t\t\t\t<\/li>\n\t\t\t\t\t\t<\/ul>\n\t\t\t\t\t\t<\/div>\n\t\t\t\t<\/div>\n\t\t\t\t<div class=\"elementor-element elementor-element-bd2df35 elementor-widget elementor-widget-sitemap\" data-id=\"bd2df35\" data-element_type=\"widget\" data-e-type=\"widget\" data-widget_type=\"sitemap.default\">\n\t\t\t\t<div class=\"elementor-widget-container\">\n\t\t\t\t\t<div class=\"elementor-sitemap-wrap\"><div class=\"elementor-sitemap-section\"><h2 class=\"elementor-sitemap-title elementor-sitemap-page-title\">Pagini<\/h2><ul class=\"elementor-sitemap-list elementor-sitemap-page-list\"><li class=\"elementor-sitemap-item elementor-sitemap-item-page page_item page-item-772\"><a href=\"https:\/\/umfst.ro\/e-umfst\/sitemap\/\">Sitemap<\/a><\/li><li class=\"elementor-sitemap-item elementor-sitemap-item-page page_item page-item-539\"><a href=\"https:\/\/umfst.ro\/e-umfst\/\">Intranet<\/a><\/li><li class=\"elementor-sitemap-item elementor-sitemap-item-page page_item page-item-476\"><a href=\"https:\/\/umfst.ro\/e-umfst\/formular-solicitare-eliberare-acte-de-studii-in-regim-de-urgenta-umfst-reg-67-f01\/\">Formular &#8211; Solicitare eliberare acte de studii in regim de urgen\u021b\u0103 UMFST-REG-67-F01<\/a><\/li><li class=\"elementor-sitemap-item elementor-sitemap-item-page page_item page-item-455\"><a href=\"https:\/\/umfst.ro\/e-umfst\/oferta-educationala\/\">Oferta educa\u021bional\u0103<\/a><\/li><li class=\"elementor-sitemap-item elementor-sitemap-item-page page_item page-item-272\"><a href=\"https:\/\/umfst.ro\/e-umfst\/cercetare-stiintifica\/\">Cercetare \u0218tiin\u021bific\u0103<\/a><ul class='children'><li class=\"elementor-sitemap-item elementor-sitemap-item-page page_item page-item-276\"><a href=\"https:\/\/umfst.ro\/e-umfst\/cercetare-stiintifica\/evaluare-granturi-interne\/\">Evaluare granturi interne<\/a><\/li><li class=\"elementor-sitemap-item elementor-sitemap-item-page page_item page-item-274\"><a href=\"https:\/\/umfst.ro\/e-umfst\/cercetare-stiintifica\/aplicati-granturi-interne\/\">Aplica\u021bi Granturi Interne<\/a><\/li><\/ul><\/li><li class=\"elementor-sitemap-item elementor-sitemap-item-page page_item page-item-270\"><a href=\"https:\/\/umfst.ro\/e-umfst\/rapoarte\/\">Rapoarte<\/a><\/li><li class=\"elementor-sitemap-item elementor-sitemap-item-page page_item page-item-268\"><a href=\"https:\/\/umfst.ro\/e-umfst\/planuri-de-invatamant\/\">Planuri de \u00eenv\u0103\u021b\u0103m\u00e2nt<\/a><\/li><li class=\"elementor-sitemap-item elementor-sitemap-item-page page_item page-item-252\"><a href=\"https:\/\/umfst.ro\/e-umfst\/cadre-didactice\/\">Cadre didactice<\/a><ul class='children'><li class=\"elementor-sitemap-item elementor-sitemap-item-page page_item page-item-266\"><a href=\"https:\/\/umfst.ro\/e-umfst\/cadre-didactice\/cerere-deplasari\/\">Cerere deplas\u0103ri<\/a><\/li><li class=\"elementor-sitemap-item elementor-sitemap-item-page page_item page-item-264\"><a href=\"https:\/\/umfst.ro\/e-umfst\/cadre-didactice\/solicitare-tiparire-carti-cursuri\/\">Solicitare tip\u0103rire c\u0103r\u021bi, cursuri<\/a><\/li><li class=\"elementor-sitemap-item elementor-sitemap-item-page page_item page-item-262\"><a href=\"https:\/\/umfst.ro\/e-umfst\/cadre-didactice\/plata-cu-ora\/\">Plata cu ora<\/a><\/li><li class=\"elementor-sitemap-item elementor-sitemap-item-page page_item page-item-260\"><a href=\"https:\/\/umfst.ro\/e-umfst\/cadre-didactice\/fise-de-autoevaluare\/\">Fi\u015fe de autoevaluare<\/a><\/li><li class=\"elementor-sitemap-item elementor-sitemap-item-page page_item page-item-258\"><a href=\"https:\/\/umfst.ro\/e-umfst\/cadre-didactice\/alegeri\/\">Alegeri<\/a><\/li><li class=\"elementor-sitemap-item elementor-sitemap-item-page page_item page-item-256\"><a href=\"https:\/\/umfst.ro\/e-umfst\/cadre-didactice\/fisele-disciplinelor\/\">Fi\u0219ele disciplinelor<\/a><\/li><li class=\"elementor-sitemap-item elementor-sitemap-item-page page_item page-item-254\"><a href=\"https:\/\/umfst.ro\/e-umfst\/cadre-didactice\/admitere-2015\/\">Admitere 2015<\/a><\/li><\/ul><\/li><li class=\"elementor-sitemap-item elementor-sitemap-item-page page_item page-item-246\"><a href=\"https:\/\/umfst.ro\/e-umfst\/manifestari-stiintifice\/\">Manifest\u0103ri \u0218tiintifice<\/a><ul class='children'><li class=\"elementor-sitemap-item elementor-sitemap-item-page page_item page-item-250\"><a href=\"https:\/\/umfst.ro\/e-umfst\/manifestari-stiintifice\/inscriere-la-manifestari-stiintifice\/\">\u00censcriere la manifest\u0103ri \u0219tiin\u021bifice<\/a><\/li><li class=\"elementor-sitemap-item elementor-sitemap-item-page page_item page-item-248\"><a href=\"https:\/\/umfst.ro\/e-umfst\/manifestari-stiintifice\/trimitere-lucrari-stiintifice\/\">Trimitere lucr\u0103ri \u015ftiin\u0163ifice<\/a><\/li><\/ul><\/li><li class=\"elementor-sitemap-item elementor-sitemap-item-page page_item page-item-244\"><a href=\"https:\/\/umfst.ro\/e-umfst\/administrativ\/\">Administrativ<\/a><\/li><li class=\"elementor-sitemap-item elementor-sitemap-item-page page_item page-item-213\"><a href=\"https:\/\/umfst.ro\/e-umfst\/hotarari-ale-consiliului-facultatii\/\">Hot\u0103r\u00e2ri ale Consiliului Facult\u0103\u021bii<\/a><ul class='children'><li class=\"elementor-sitemap-item elementor-sitemap-item-page page_item page-item-227\"><a href=\"https:\/\/umfst.ro\/e-umfst\/hotarari-ale-consiliului-facultatii\/facultatea-de-economie-si-drept\/\">Economie \u0219i Drept<\/a><\/li><li class=\"elementor-sitemap-item elementor-sitemap-item-page page_item page-item-225\"><a href=\"https:\/\/umfst.ro\/e-umfst\/hotarari-ale-consiliului-facultatii\/facultatea-de-stiinte-si-litere\/\">Stiinte si Litere<\/a><\/li><li class=\"elementor-sitemap-item elementor-sitemap-item-page page_item page-item-223\"><a href=\"https:\/\/umfst.ro\/e-umfst\/hotarari-ale-consiliului-facultatii\/farmacie\/\">Farmacie<\/a><\/li><li class=\"elementor-sitemap-item elementor-sitemap-item-page page_item page-item-220\"><a href=\"https:\/\/umfst.ro\/e-umfst\/hotarari-ale-consiliului-facultatii\/medicina-dentara\/\">Medicin\u0103 Dentar\u0103<\/a><\/li><li class=\"elementor-sitemap-item elementor-sitemap-item-page page_item page-item-218\"><a href=\"https:\/\/umfst.ro\/e-umfst\/hotarari-ale-consiliului-facultatii\/medicina-in-limba-engleza\/\">Medicin\u0103 \u00een limba englez\u0103<\/a><\/li><li class=\"elementor-sitemap-item elementor-sitemap-item-page page_item page-item-215\"><a href=\"https:\/\/umfst.ro\/e-umfst\/hotarari-ale-consiliului-facultatii\/medicina\/\">Medicin\u0103<\/a><\/li><\/ul><\/li><li class=\"elementor-sitemap-item elementor-sitemap-item-page page_item page-item-201\"><a href=\"https:\/\/umfst.ro\/e-umfst\/documente\/\">Documente<\/a><ul class='children'><li class=\"elementor-sitemap-item elementor-sitemap-item-page page_item page-item-240\"><a href=\"https:\/\/umfst.ro\/e-umfst\/documente\/formulare\/\">Formulare<\/a><ul class='children'><li class=\"elementor-sitemap-item elementor-sitemap-item-page page_item page-item-242\"><a href=\"https:\/\/umfst.ro\/e-umfst\/documente\/formulare\/granturi-de-cercetare\/\">Granturi interne de cercetare<\/a><\/li><\/ul><\/li><li class=\"elementor-sitemap-item elementor-sitemap-item-page page_item page-item-238\"><a href=\"https:\/\/umfst.ro\/e-umfst\/documente\/documente-printate\/\">Documente printate<\/a><\/li><li class=\"elementor-sitemap-item elementor-sitemap-item-page page_item page-item-236\"><a href=\"https:\/\/umfst.ro\/e-umfst\/documente\/acces-smartprinting-umfst\/\">Acces SmartPrinting UMFST<\/a><\/li><li class=\"elementor-sitemap-item elementor-sitemap-item-page page_item page-item-234\"><a href=\"https:\/\/umfst.ro\/e-umfst\/documente\/proceduri-de-sistem\/\">Proceduri de sistem<\/a><\/li><li class=\"elementor-sitemap-item elementor-sitemap-item-page page_item page-item-231\"><a href=\"https:\/\/umfst.ro\/e-umfst\/documente\/proceduri-operationale\/\">Proceduri opera\u021bionale<\/a><\/li><li class=\"elementor-sitemap-item elementor-sitemap-item-page page_item page-item-229\"><a href=\"https:\/\/umfst.ro\/e-umfst\/documente\/evaluari-externe\/\">Evalu\u0103ri externe<\/a><\/li><li class=\"elementor-sitemap-item elementor-sitemap-item-page page_item page-item-211\"><a href=\"https:\/\/umfst.ro\/e-umfst\/documente\/arhiva-hotarari-csud\/\">Arhiv\u0103 Hot\u0103r\u00e2ri C.S.U.D.<\/a><\/li><li class=\"elementor-sitemap-item elementor-sitemap-item-page page_item page-item-209\"><a href=\"https:\/\/umfst.ro\/e-umfst\/documente\/hotarari-csud\/\">Hot\u0103r\u00e2ri C.S.U.D.<\/a><\/li><li class=\"elementor-sitemap-item elementor-sitemap-item-page page_item page-item-207\"><a href=\"https:\/\/umfst.ro\/e-umfst\/documente\/hotarari-ale-senatului-umfst\/\">Hot\u0103r\u00e2ri ale Senatului<\/a><\/li><li class=\"elementor-sitemap-item elementor-sitemap-item-page page_item page-item-205\"><a href=\"https:\/\/umfst.ro\/e-umfst\/documente\/hotarari-ale-consiliului-de-administratie-umfst\/\">Hot\u0103r\u00e2ri ale Consiliului de Administra\u021bie<\/a><\/li><li class=\"elementor-sitemap-item elementor-sitemap-item-page page_item page-item-203\"><a href=\"https:\/\/umfst.ro\/e-umfst\/documente\/documente-de-management\/\">Documente de Management<\/a><\/li><\/ul><\/li><li class=\"elementor-sitemap-item elementor-sitemap-item-page page_item page-item-199\"><a href=\"https:\/\/umfst.ro\/e-umfst\/rezidentiat\/\">Reziden\u021biat<\/a><ul class='children'><li class=\"elementor-sitemap-item elementor-sitemap-item-page page_item page-item-383\"><a href=\"https:\/\/umfst.ro\/e-umfst\/rezidentiat\/evidenta-rezidenti\/\">Eviden\u021b\u0103 reziden\u021bi<\/a><\/li><\/ul><\/li><li class=\"elementor-sitemap-item elementor-sitemap-item-page page_item page-item-197\"><a href=\"https:\/\/umfst.ro\/e-umfst\/admitere\/\">Admitere<\/a><\/li><li class=\"elementor-sitemap-item elementor-sitemap-item-page page_item page-item-188\"><a href=\"https:\/\/umfst.ro\/e-umfst\/biblioteca-online\/\">Biblioteca Online<\/a><ul class='children'><li class=\"elementor-sitemap-item elementor-sitemap-item-page page_item page-item-194\"><a href=\"https:\/\/umfst.ro\/e-umfst\/biblioteca-online\/solicitare-articol-stiintific\/\">Solicitare articol \u015ftiin\u0163ific<\/a><\/li><li class=\"elementor-sitemap-item elementor-sitemap-item-page page_item page-item-191\"><a href=\"https:\/\/umfst.ro\/e-umfst\/biblioteca-online\/acces-reviste-si-baze-de-date-online\/\">Acces reviste \u0219i baze de date online<\/a><\/li><\/ul><\/li><li class=\"elementor-sitemap-item elementor-sitemap-item-page page_item page-item-165\"><a href=\"https:\/\/umfst.ro\/e-umfst\/e-learning\/\">E-learning<\/a><ul class='children'><li class=\"elementor-sitemap-item elementor-sitemap-item-page page_item page-item-1032\"><a href=\"https:\/\/umfst.ro\/e-umfst\/e-learning\/aplicatie-whiteboard\/\">Aplica\u021bie Whiteboard<\/a><\/li><li class=\"elementor-sitemap-item elementor-sitemap-item-page page_item page-item-371\"><a href=\"https:\/\/umfst.ro\/e-umfst\/e-learning\/eduroam\/\">EduRoam<\/a><\/li><li class=\"elementor-sitemap-item elementor-sitemap-item-page page_item page-item-178\"><a href=\"https:\/\/umfst.ro\/e-umfst\/e-learning\/acces-microsoft-office365\/\">Acces Microsoft Office365<\/a><ul class='children'><li class=\"elementor-sitemap-item elementor-sitemap-item-page page_item page-item-185\"><a href=\"https:\/\/umfst.ro\/e-umfst\/e-learning\/acces-microsoft-office365\/prelucrarea-datelor-cu-caracter-personal\/\">Prelucrarea datelor cu caracter personal<\/a><\/li><li class=\"elementor-sitemap-item elementor-sitemap-item-page page_item page-item-180\"><a href=\"https:\/\/umfst.ro\/e-umfst\/e-learning\/acces-microsoft-office365\/tutoriale\/\">Tutoriale<\/a><\/li><\/ul><\/li><li class=\"elementor-sitemap-item elementor-sitemap-item-page page_item page-item-176\"><a href=\"https:\/\/umfst.ro\/e-umfst\/e-learning\/abilitati-practice\/\">Abilit\u0103\u0163i practice<\/a><\/li><li class=\"elementor-sitemap-item elementor-sitemap-item-page page_item page-item-171\"><a href=\"https:\/\/umfst.ro\/e-umfst\/e-learning\/roelme-romanian-e-learning-made-easy\/\">RoELME \u2013 Romanian E-learning Made Easy<\/a><\/li><li class=\"elementor-sitemap-item elementor-sitemap-item-page page_item page-item-169\"><a href=\"https:\/\/umfst.ro\/e-umfst\/e-learning\/matlab\/\">MATLAB<\/a><\/li><li class=\"elementor-sitemap-item elementor-sitemap-item-page page_item page-item-167\"><a href=\"https:\/\/umfst.ro\/e-umfst\/e-learning\/blackboard\/\">BlackBoard<\/a><\/li><\/ul><\/li><li class=\"elementor-sitemap-item elementor-sitemap-item-page page_item page-item-156\"><a href=\"https:\/\/umfst.ro\/e-umfst\/intranet-studenti\/\">Studen\u021bi<\/a><ul class='children'><li class=\"elementor-sitemap-item elementor-sitemap-item-page page_item page-item-163\"><a href=\"https:\/\/umfst.ro\/e-umfst\/intranet-studenti\/formulare-pentru-studenti\/\">Formulare pentru studen\u0163i<\/a><ul class='children'><li class=\"elementor-sitemap-item elementor-sitemap-item-page page_item page-item-662\"><a href=\"https:\/\/umfst.ro\/e-umfst\/intranet-studenti\/formulare-pentru-studenti\/transferul-studentilor-romani-de-la-o-institutie-de-invatamant-superior-la-alta\/\">Transferul studen\u021bilor rom\u00e2ni de la o institu\u021bie de invatamant superior la alta<\/a><\/li><li class=\"elementor-sitemap-item elementor-sitemap-item-page page_item page-item-659\"><a href=\"https:\/\/umfst.ro\/e-umfst\/intranet-studenti\/formulare-pentru-studenti\/solicitare-eliberare-acte-de-studii-in-regim-de-urgenta\/\">Solicitare eliberare acte de studii in regim de urgen\u021b\u0103<\/a><\/li><li class=\"elementor-sitemap-item elementor-sitemap-item-page page_item page-item-656\"><a href=\"https:\/\/umfst.ro\/e-umfst\/intranet-studenti\/formulare-pentru-studenti\/reinmatricularea-studentilor-romani\/\">Re\u00eenmatricularea studen\u021bilor rom\u00e2ni<\/a><\/li><li class=\"elementor-sitemap-item elementor-sitemap-item-page page_item page-item-653\"><a href=\"https:\/\/umfst.ro\/e-umfst\/intranet-studenti\/formulare-pentru-studenti\/obtinerea-certificatului-de-conformitate-apostilare-vizare-me-cnred\/\">Ob\u021binerea certificatului de conformitate \/ apostilare \/ vizare ME \u2013 CNRED<\/a><\/li><li class=\"elementor-sitemap-item elementor-sitemap-item-page page_item page-item-650\"><a href=\"https:\/\/umfst.ro\/e-umfst\/intranet-studenti\/formulare-pentru-studenti\/modalitatea-de-acordarea-burselor\/\">Modalitatea de acordarea burselor<\/a><\/li><li class=\"elementor-sitemap-item elementor-sitemap-item-page page_item page-item-647\"><a href=\"https:\/\/umfst.ro\/e-umfst\/intranet-studenti\/formulare-pentru-studenti\/intreruperea-studiilor-studentilor-romani\/\">\u00centreruperea studiilor studen\u0163ilor rom\u00e2ni<\/a><\/li><li class=\"elementor-sitemap-item elementor-sitemap-item-page page_item page-item-644\"><a href=\"https:\/\/umfst.ro\/e-umfst\/intranet-studenti\/formulare-pentru-studenti\/incheierea-studiilor-studentilor\/\">\u00cencheierea studiilor studen\u021bilor<\/a><\/li><li class=\"elementor-sitemap-item elementor-sitemap-item-page page_item page-item-641\"><a href=\"https:\/\/umfst.ro\/e-umfst\/intranet-studenti\/formulare-pentru-studenti\/contract-de-inchiriere-cazare\/\">Contract de \u00eenchiriere cazare<\/a><\/li><li class=\"elementor-sitemap-item elementor-sitemap-item-page page_item page-item-638\"><a href=\"https:\/\/umfst.ro\/e-umfst\/intranet-studenti\/formulare-pentru-studenti\/cerere-repetarea-anului-universitar\/\">Cerere repetarea anului universitar<\/a><\/li><li class=\"elementor-sitemap-item elementor-sitemap-item-page page_item page-item-635\"><a href=\"https:\/\/umfst.ro\/e-umfst\/intranet-studenti\/formulare-pentru-studenti\/cerere-renuntare-loc-cazare\/\">Cerere renun\u021bare loc cazare<\/a><\/li><li class=\"elementor-sitemap-item elementor-sitemap-item-page page_item page-item-632\"><a href=\"https:\/\/umfst.ro\/e-umfst\/intranet-studenti\/formulare-pentru-studenti\/cerere-pentru-eliberare-adeverinta-necesara-pentru-intocmirea-dosarului-de-pensie\/\">Cerere pentru eliberare adeverin\u0163\u0103, necesar\u0103 pentru \u00eentocmirea dosarului de pensie<\/a><\/li><li class=\"elementor-sitemap-item elementor-sitemap-item-page page_item page-item-629\"><a href=\"https:\/\/umfst.ro\/e-umfst\/intranet-studenti\/formulare-pentru-studenti\/cerere-motivare-a-absentelor\/\">Cerere motivare a absen\u021belor<\/a><\/li><li class=\"elementor-sitemap-item elementor-sitemap-item-page page_item page-item-626\"><a href=\"https:\/\/umfst.ro\/e-umfst\/intranet-studenti\/formulare-pentru-studenti\/cerere-eliberare-situatie-scolara\/\">Cerere eliberare situa\u021bie \u0219colar\u0103<\/a><\/li><li class=\"elementor-sitemap-item elementor-sitemap-item-page page_item page-item-623\"><a href=\"https:\/\/umfst.ro\/e-umfst\/intranet-studenti\/formulare-pentru-studenti\/cerere-eliberare-programa-analitica\/\">Cerere eliberare programa analitic\u0103<\/a><\/li><li class=\"elementor-sitemap-item elementor-sitemap-item-page page_item page-item-620\"><a href=\"https:\/\/umfst.ro\/e-umfst\/intranet-studenti\/formulare-pentru-studenti\/cerere-eliberare-duplicat-acte-de-studii\/\">Cerere eliberare duplicat acte de studii<\/a><\/li><li class=\"elementor-sitemap-item elementor-sitemap-item-page page_item page-item-617\"><a href=\"https:\/\/umfst.ro\/e-umfst\/intranet-studenti\/formulare-pentru-studenti\/cerere-eliberare-adeverinta\/\">Cerere eliberare adeverin\u021b\u0103<\/a><\/li><li class=\"elementor-sitemap-item elementor-sitemap-item-page page_item page-item-614\"><a href=\"https:\/\/umfst.ro\/e-umfst\/intranet-studenti\/formulare-pentru-studenti\/cerere-de-transfer-cazare\/\">Cerere de transfer cazare<\/a><\/li><li class=\"elementor-sitemap-item elementor-sitemap-item-page page_item page-item-611\"><a href=\"https:\/\/umfst.ro\/e-umfst\/intranet-studenti\/formulare-pentru-studenti\/cerere-de-retragere-de-la-studii\/\">Cerere de retragere de la studii<\/a><\/li><li class=\"elementor-sitemap-item elementor-sitemap-item-page page_item page-item-608\"><a href=\"https:\/\/umfst.ro\/e-umfst\/intranet-studenti\/formulare-pentru-studenti\/cerere-de-iesire-din-camin\/\">Cerere de ie\u0219ire din c\u0103min<\/a><\/li><li class=\"elementor-sitemap-item elementor-sitemap-item-page page_item page-item-604\"><a href=\"https:\/\/umfst.ro\/e-umfst\/intranet-studenti\/formulare-pentru-studenti\/cerere-de-cazare\/\">Cerere de cazare<\/a><\/li><\/ul><\/li><li class=\"elementor-sitemap-item elementor-sitemap-item-page page_item page-item-161\"><a href=\"https:\/\/umfst.ro\/e-umfst\/intranet-studenti\/specimene-contracte-de-studii\/\">Specimene ale contractelor de studii<\/a><\/li><li class=\"elementor-sitemap-item elementor-sitemap-item-page page_item page-item-158\"><a href=\"https:\/\/umfst.ro\/e-umfst\/intranet-studenti\/evaluare-cadre-didactice\/\">Evaluare cadre didactice<\/a><\/li><li class=\"elementor-sitemap-item elementor-sitemap-item-page page_item page-item-154\"><a href=\"https:\/\/umfst.ro\/e-umfst\/intranet-studenti\/university-management-system\/\">University Management System<\/a><\/li><\/ul><\/li><\/ul><\/div><\/div>\t\t\t\t<\/div>\n\t\t\t\t<\/div>\n\t\t\t\t\t<\/div>\n\t\t<\/div>\n\t\t\t\t\t<\/div>\n\t\t<\/section>\n\t\t\t\t<\/div>\n\t\t","protected":false},"excerpt":{"rendered":"<p>Sitemap UMFST Sitemap E-UMFST (Intranet) Sitemap Facultatea de Medicin\u0103 Sitemap Facultatea de Medicin\u0103 Englez\u0103 Sitemap Facultatea de Medicin\u0103 Dentar\u0103 Sitemap Facultatea de Farmacie Sitemap Facultatea de Inginerie \u0219i Tehnologia Informa\u021biei Sitemap Facultatea de \u0218tiin\u021be \u0219i Litere Sitemap Facultatea de Economie \u0219i Drept<\/p>\n","protected":false},"author":2,"featured_media":0,"parent":0,"menu_order":0,"comment_status":"closed","ping_status":"closed","template":"","meta":{"_relevanssi_hide_post":"","_relevanssi_hide_content":"","_relevanssi_pin_for_all":"","_relevanssi_pin_keywords":"","_relevanssi_unpin_keywords":"","_relevanssi_related_keywords":"","_relevanssi_related_include_ids":"","_relevanssi_related_exclude_ids":"","_relevanssi_related_no_append":"","_relevanssi_related_not_related":"","_relevanssi_related_posts":"1","_relevanssi_noindex_reason":"","footnotes":""},"categories":[35],"tags":[],"class_list":["post-772","page","type-page","status-publish","hentry","category-pagina-generala"],"meta_box":[],"_links":{"self":[{"href":"https:\/\/umfst.ro\/e-umfst\/wp-json\/wp\/v2\/pages\/772","targetHints":{"allow":["GET"]}}],"collection":[{"href":"https:\/\/umfst.ro\/e-umfst\/wp-json\/wp\/v2\/pages"}],"about":[{"href":"https:\/\/umfst.ro\/e-umfst\/wp-json\/wp\/v2\/types\/page"}],"author":[{"embeddable":true,"href":"https:\/\/umfst.ro\/e-umfst\/wp-json\/wp\/v2\/users\/2"}],"replies":[{"embeddable":true,"href":"https:\/\/umfst.ro\/e-umfst\/wp-json\/wp\/v2\/comments?post=772"}],"version-history":[{"count":7,"href":"https:\/\/umfst.ro\/e-umfst\/wp-json\/wp\/v2\/pages\/772\/revisions"}],"predecessor-version":[{"id":803,"href":"https:\/\/umfst.ro\/e-umfst\/wp-json\/wp\/v2\/pages\/772\/revisions\/803"}],"wp:attachment":[{"href":"https:\/\/umfst.ro\/e-umfst\/wp-json\/wp\/v2\/media?parent=772"}],"wp:term":[{"taxonomy":"category","embeddable":true,"href":"https:\/\/umfst.ro\/e-umfst\/wp-json\/wp\/v2\/categories?post=772"},{"taxonomy":"post_tag","embeddable":true,"href":"https:\/\/umfst.ro\/e-umfst\/wp-json\/wp\/v2\/tags?post=772"}],"curies":[{"name":"wp","href":"https:\/\/api.w.org\/{rel}","templated":true}]}}