{"id":66,"date":"2022-11-22T17:38:53","date_gmt":"2022-11-22T15:38:53","guid":{"rendered":"https:\/\/dev.umfst.ro\/economie-si-drept\/?page_id=66"},"modified":"2024-04-15T13:15:20","modified_gmt":"2024-04-15T10:15:20","slug":"studii-de-licenta","status":"publish","type":"page","link":"https:\/\/umfst.ro\/economie-si-drept\/en\/oferta-educationala\/studii-de-licenta\/","title":{"rendered":"Bachelor\u2019s degree studies"},"content":{"rendered":"\t\t<div data-elementor-type=\"wp-page\" data-elementor-id=\"66\" class=\"elementor elementor-66\" data-elementor-post-type=\"page\">\n\t\t\t\t\t\t<section class=\"elementor-section elementor-top-section elementor-element elementor-element-10585a2 elementor-section-boxed elementor-section-height-default elementor-section-height-default\" data-id=\"10585a2\" data-element_type=\"section\" data-e-type=\"section\">\n\t\t\t\t\t\t<div class=\"elementor-container elementor-column-gap-default\">\n\t\t\t\t\t<div class=\"elementor-column elementor-col-100 elementor-top-column elementor-element elementor-element-3342ae7\" data-id=\"3342ae7\" data-element_type=\"column\" data-e-type=\"column\">\n\t\t\t<div class=\"elementor-widget-wrap elementor-element-populated\">\n\t\t\t\t\t\t<div class=\"elementor-element elementor-element-3946da9 elementor-widget elementor-widget-text-editor\" data-id=\"3946da9\" data-element_type=\"widget\" data-e-type=\"widget\" data-widget_type=\"text-editor.default\">\n\t\t\t\t<div class=\"elementor-widget-container\">\n\t\t\t\t\t\t\t\t\t<h2>Oferta educa\u021bional\u0103<\/h2><p>\n<div class=\"wpdt-c wdt-skin-light\">\n    \n    <input type=\"hidden\" id=\"wdtNonceFrontendServerSide_3\" name=\"wdtNonceFrontendServerSide_3\" value=\"b13c3586e3\" \/><input type=\"hidden\" name=\"_wp_http_referer\" value=\"\/economie-si-drept\/en\/wp-json\/wp\/v2\/pages\/66\" \/>    <input type=\"hidden\" id=\"table_1_desc\"\n           value='{\"tableId\":\"table_1\",\"tableType\":\"manual\",\"selector\":\"#table_1\",\"responsive\":true,\"responsiveAction\":\"icon\",\"editable\":false,\"inlineEditing\":false,\"infoBlock\":false,\"pagination_top\":0,\"pagination\":0,\"paginationAlign\":\"right\",\"paginationLayout\":\"full_numbers\",\"paginationLayoutMobile\":\"simple\",\"file_location\":\"\",\"tableSkin\":\"light\",\"table_wcag\":0,\"simple_template_id\":0,\"scrollable\":false,\"fixedLayout\":true,\"globalSearch\":false,\"showRowsPerPage\":false,\"popoverTools\":false,\"loader\":\"1\",\"showCartInformation\":1,\"hideBeforeLoad\":false,\"number_format\":1,\"decimalPlaces\":2,\"spinnerSrc\":\"https:\\\/\\\/umfst.ro\\\/economie-si-drept\\\/wp-content\\\/plugins\\\/wpdatatables\\\/assets\\\/\\\/img\\\/spinner.gif\",\"index_column\":0,\"groupingEnabled\":false,\"tableWpId\":3,\"dataTableParams\":{\"sDom\":\"BT\\u003C\\u0027clear\\u0027\\u003Et\",\"bSortCellsTop\":false,\"bFilter\":true,\"aLengthMenu\":[[1,5,10,25,50,100,-1],[1,5,10,25,50,100,\"All\"]],\"iDisplayLength\":10,\"columnDefs\":[{\"sType\":\"formatted-num\",\"wdtType\":\"int\",\"bVisible\":false,\"orderable\":true,\"searchable\":true,\"InputType\":\"text\",\"name\":\"wdt_ID\",\"origHeader\":\"wdt_ID\",\"notNull\":false,\"conditionalFormattingRules\":[],\"transformValueRules\":\"\",\"className\":\"numdata integer  column-wdt_id\",\"aTargets\":[0]},{\"sType\":\"string\",\"wdtType\":\"string\",\"bVisible\":true,\"orderable\":true,\"searchable\":true,\"InputType\":\"text\",\"name\":\"domeniul\",\"origHeader\":\"domeniul\",\"notNull\":false,\"conditionalFormattingRules\":[],\"transformValueRules\":\"\",\"className\":\" column-domeniul\",\"sWidth\":\"13%\",\"aTargets\":[1]},{\"sType\":\"string\",\"wdtType\":\"link\",\"bVisible\":true,\"orderable\":true,\"searchable\":true,\"InputType\":\"text\",\"name\":\"programdestudiu\",\"origHeader\":\"programdestudiu\",\"notNull\":false,\"conditionalFormattingRules\":[],\"transformValueRules\":\"\",\"className\":\" column-programdestudiu\",\"sWidth\":\"25%\",\"aTargets\":[2]},{\"sType\":\"string\",\"wdtType\":\"string\",\"bVisible\":true,\"orderable\":true,\"searchable\":true,\"InputType\":\"text\",\"name\":\"formadeinvatamant\",\"origHeader\":\"formadeinvatamant\",\"notNull\":false,\"conditionalFormattingRules\":[],\"transformValueRules\":\"\",\"className\":\" column-formadeinvatamant\",\"sWidth\":\"12%\",\"aTargets\":[3]},{\"sType\":\"string\",\"wdtType\":\"string\",\"bVisible\":true,\"orderable\":true,\"searchable\":true,\"InputType\":\"text\",\"name\":\"anidestudiu\",\"origHeader\":\"anidestudiu\",\"notNull\":false,\"conditionalFormattingRules\":[],\"transformValueRules\":\"\",\"className\":\" column-anidestudiu\",\"sWidth\":\"10%\",\"aTargets\":[4]},{\"sType\":\"string\",\"wdtType\":\"string\",\"bVisible\":true,\"orderable\":true,\"searchable\":true,\"InputType\":\"text\",\"name\":\"crediteecfs\",\"origHeader\":\"crediteecfs\",\"notNull\":false,\"conditionalFormattingRules\":[],\"transformValueRules\":\"\",\"className\":\" column-crediteecfs\",\"sWidth\":\"10%\",\"aTargets\":[5]},{\"sType\":\"string\",\"wdtType\":\"string\",\"bVisible\":true,\"orderable\":true,\"searchable\":true,\"InputType\":\"text\",\"name\":\"situatiaaracis\",\"origHeader\":\"situatiaaracis\",\"notNull\":false,\"conditionalFormattingRules\":[],\"transformValueRules\":\"\",\"className\":\" column-situatiaaracis\",\"sWidth\":\"15%\",\"aTargets\":[6]},{\"sType\":\"string\",\"wdtType\":\"string\",\"bVisible\":true,\"orderable\":true,\"searchable\":true,\"InputType\":\"text\",\"name\":\"limbadepredare\",\"origHeader\":\"limbadepredare\",\"notNull\":false,\"conditionalFormattingRules\":[],\"transformValueRules\":\"\",\"className\":\" column-limbadepredare\",\"sWidth\":\"14%\",\"aTargets\":[7]}],\"bAutoWidth\":false,\"order\":[[0,\"asc\"]],\"ordering\":false,\"fixedHeader\":{\"header\":false,\"headerOffset\":0},\"fixedColumns\":false,\"oLanguage\":{\"sSearchPlaceholder\":\"\"},\"buttons\":[],\"bProcessing\":false,\"serverSide\":true,\"ajax\":{\"url\":\"https:\\\/\\\/umfst.ro\\\/economie-si-drept\\\/wp-admin\\\/admin-ajax.php?action=get_wdtable&#038;table_id=3\",\"type\":\"POST\"},\"oSearch\":{\"bSmart\":false,\"bRegex\":false,\"sSearch\":\"\"}},\"customRowDisplay\":\"\",\"tabletWidth\":\"1024\",\"mobileWidth\":\"480\",\"renderFilter\":\"footer\",\"advancedFilterEnabled\":false,\"serverSide\":true,\"autoRefreshInterval\":0,\"processing\":true,\"fnServerData\":true,\"columnsFixed\":0,\"sumFunctionsLabel\":false,\"avgFunctionsLabel\":false,\"minFunctionsLabel\":false,\"maxFunctionsLabel\":false,\"columnsDecimalPlaces\":{\"wdt_ID\":-1,\"domeniul\":-1,\"programdestudiu\":-1,\"formadeinvatamant\":-1,\"anidestudiu\":-1,\"crediteecfs\":-1,\"situatiaaracis\":-1,\"limbadepredare\":-1},\"columnsThousandsSeparator\":{\"wdt_ID\":0},\"sumColumns\":[],\"avgColumns\":[],\"sumAvgColumns\":[],\"timeFormat\":\"h:i A\",\"datepickFormat\":\"dd\\\/mm\\\/yy\"}'\/>\n\n    <table id=\"table_1\"\n           class=\"  responsive display nowrap wdt-no-display data-t data-t wpDataTable wpDataTableID-3 \"\n           style=\"\"\n           data-described-by='table_1_desc'\n           data-wpdatatable_id=\"3\">\n        \n        <!-- Table header -->\n        \n<thead>\n<tr>\n                    <th\n                data-hide=\"phone,tablet\"        class=\"phone,tablet wdtheader sort numdata integer \"\n        style=\"\">        ID<\/th>        <th\n                data-hide=\"phone,tablet\"        class=\"phone,tablet wdtheader sort \"\n        style=\"\">        Domeniul de studiu<\/th>        <th\n        data-class=\"expand\"                class=\" wdtheader sort \"\n        style=\"\">        Denumirea programului de studiu<\/th>        <th\n                        class=\" wdtheader sort \"\n        style=\"\">        Durata studiilor<\/th>        <th\n                data-hide=\"phone,tablet\"        class=\"phone,tablet wdtheader sort \"\n        style=\"\">        Forma de \u00eenv\u0103\u021b\u0103m\u00e2nt*<\/th>        <th\n                data-hide=\"phone,tablet\"        class=\"phone,tablet wdtheader sort \"\n        style=\"\">        Credite ECTS<\/th>        <th\n                        class=\" wdtheader sort \"\n        style=\"\">        Situa\u021bia ARACIS<\/th>        <th\n                        class=\" wdtheader sort \"\n        style=\"\">        Limba de studiu<\/th>    <\/tr>\n<\/thead>\n        <!-- \/Table header -->\n\n        <!-- Table body -->\n        \n<tbody>\n<!-- Table body -->\n<div data-id=\"3\"\n     class=\"wdt-timeline-item wdt-timeline-table_1\"\n     style=\"\">\n    <div class=\"wdt-table-loader\">\n        <div class=\"wdt-table-loader-row wdt-table-loader-header\">\n            <div class=\"wdt-table-loader-header-cell wdt-animated-background\"><\/div>\n            <div class=\"wdt-table-loader-header-cell wdt-animated-background\"><\/div>\n            <div class=\"wdt-table-loader-header-cell wdt-animated-background\"><\/div>\n        <\/div>\n                    <div class=\"wdt-table-loader-row\">\n                <div class=\"wdt-table-loader-cell wdt-animated-background\"><\/div>\n                <div class=\"wdt-table-loader-cell wdt-animated-background\"><\/div>\n                <div class=\"wdt-table-loader-cell wdt-animated-background\"><\/div>\n            <\/div>\n                    <div class=\"wdt-table-loader-row\">\n                <div class=\"wdt-table-loader-cell wdt-animated-background\"><\/div>\n                <div class=\"wdt-table-loader-cell wdt-animated-background\"><\/div>\n                <div class=\"wdt-table-loader-cell wdt-animated-background\"><\/div>\n            <\/div>\n                    <div class=\"wdt-table-loader-row\">\n                <div class=\"wdt-table-loader-cell wdt-animated-background\"><\/div>\n                <div class=\"wdt-table-loader-cell wdt-animated-background\"><\/div>\n                <div class=\"wdt-table-loader-cell wdt-animated-background\"><\/div>\n            <\/div>\n                    <div class=\"wdt-table-loader-row\">\n                <div class=\"wdt-table-loader-cell wdt-animated-background\"><\/div>\n                <div class=\"wdt-table-loader-cell wdt-animated-background\"><\/div>\n                <div class=\"wdt-table-loader-cell wdt-animated-background\"><\/div>\n            <\/div>\n                    <div class=\"wdt-table-loader-row\">\n                <div class=\"wdt-table-loader-cell wdt-animated-background\"><\/div>\n                <div class=\"wdt-table-loader-cell wdt-animated-background\"><\/div>\n                <div class=\"wdt-table-loader-cell wdt-animated-background\"><\/div>\n            <\/div>\n                    <div class=\"wdt-table-loader-row\">\n                <div class=\"wdt-table-loader-cell wdt-animated-background\"><\/div>\n                <div class=\"wdt-table-loader-cell wdt-animated-background\"><\/div>\n                <div class=\"wdt-table-loader-cell wdt-animated-background\"><\/div>\n            <\/div>\n                    <div class=\"wdt-table-loader-row\">\n                <div class=\"wdt-table-loader-cell wdt-animated-background\"><\/div>\n                <div class=\"wdt-table-loader-cell wdt-animated-background\"><\/div>\n                <div class=\"wdt-table-loader-cell wdt-animated-background\"><\/div>\n            <\/div>\n                    <div class=\"wdt-table-loader-row\">\n                <div class=\"wdt-table-loader-cell wdt-animated-background\"><\/div>\n                <div class=\"wdt-table-loader-cell wdt-animated-background\"><\/div>\n                <div class=\"wdt-table-loader-cell wdt-animated-background\"><\/div>\n            <\/div>\n                    <div class=\"wdt-table-loader-row\">\n                <div class=\"wdt-table-loader-cell wdt-animated-background\"><\/div>\n                <div class=\"wdt-table-loader-cell wdt-animated-background\"><\/div>\n                <div class=\"wdt-table-loader-cell wdt-animated-background\"><\/div>\n            <\/div>\n                    <div class=\"wdt-table-loader-row\">\n                <div class=\"wdt-table-loader-cell wdt-animated-background\"><\/div>\n                <div class=\"wdt-table-loader-cell wdt-animated-background\"><\/div>\n                <div class=\"wdt-table-loader-cell wdt-animated-background\"><\/div>\n            <\/div>\n            <\/div>\n<\/div><!-- \/Table body -->\n                    <tr id=\"table_3_row_0\"\n            data-row-index=\"0\">\n                            <td style=\"\">1<\/td>\n                            <td style=\"\">Administrarea afacerilor<\/td>\n                            <td style=\"\"><a data-content='Economia comer\u021bului, turismului \u0219i serviciilor' href='https:\/\/umfst.ro\/economie-si-drept\/oferta-educationala\/studii-de-licenta\/economia-comertului-turismului-si-serviciilor\/' rel='' target='_self'>Economia comer\u021bului, turismului \u0219i serviciilor<\/a><\/td>\n                            <td style=\"\">3 ani<\/td>\n                            <td style=\"\">\u00a0IF<\/td>\n                            <td style=\"\">180<\/td>\n                            <td style=\"\">Acreditat<\/td>\n                            <td style=\"\">Rom\u00e2n\u0103<\/td>\n                    <\/tr>\n                            <tr id=\"table_3_row_1\"\n            data-row-index=\"1\">\n                            <td style=\"\">2<\/td>\n                            <td style=\"\">Contabilitate<\/td>\n                            <td style=\"\"><a data-content='Contabilitate \u0219i informatic\u0103 de gestiune' href='https:\/\/umfst.ro\/economie-si-drept\/oferta-educationala\/studii-de-licenta\/contabilitate-si-informatica-de-gestiune\/' rel='' target='_self'>Contabilitate \u0219i informatic\u0103 de gestiune<\/a><\/td>\n                            <td style=\"\">3 ani<\/td>\n                            <td style=\"\">\u00a0IF<\/td>\n                            <td style=\"\">180<\/td>\n                            <td style=\"\">Acreditat<\/td>\n                            <td style=\"\">Rom\u00e2n\u0103<\/td>\n                    <\/tr>\n                            <tr id=\"table_3_row_2\"\n            data-row-index=\"2\">\n                            <td style=\"\">3<\/td>\n                            <td style=\"\">Contabilitate<\/td>\n                            <td style=\"\"><a data-content='Contabilitate \u0219i informatic\u0103 de gestiune' href='https:\/\/umfst.ro\/economie-si-drept\/oferta-educationala\/studii-de-licenta\/contabilitate-si-informatica-de-gestiune-id\/' rel='' target='_self'>Contabilitate \u0219i informatic\u0103 de gestiune<\/a><\/td>\n                            <td style=\"\">3 ani<\/td>\n                            <td style=\"\">ID<\/td>\n                            <td style=\"\">180<\/td>\n                            <td style=\"\">Autorizat<\/td>\n                            <td style=\"\">Rom\u00e2n\u0103<\/td>\n                    <\/tr>\n                            <tr id=\"table_3_row_3\"\n            data-row-index=\"3\">\n                            <td style=\"\">4<\/td>\n                            <td style=\"\">Drept<\/td>\n                            <td style=\"\"><a data-content='Drept' href='https:\/\/umfst.ro\/economie-si-drept\/oferta-educationala\/studii-de-licenta\/drept\/' rel='' target='_self'>Drept<\/a><\/td>\n                            <td style=\"\">4 ani<\/td>\n                            <td style=\"\">IF<\/td>\n                            <td style=\"\">240<\/td>\n                            <td style=\"\">Acreditat<\/td>\n                            <td style=\"\">Rom\u00e2n\u0103<\/td>\n                    <\/tr>\n                            <tr id=\"table_3_row_4\"\n            data-row-index=\"4\">\n                            <td style=\"\">5<\/td>\n                            <td style=\"\">Drept<\/td>\n                            <td style=\"\"><a data-content='Drept' href='https:\/\/umfst.ro\/economie-si-drept\/oferta-educationala\/studii-de-licenta\/drept-id\/' rel='' target='_self'>Drept<\/a><\/td>\n                            <td style=\"\">4 ani<\/td>\n                            <td style=\"\">ID<\/td>\n                            <td style=\"\">240<\/td>\n                            <td style=\"\">Autorizat<\/td>\n                            <td style=\"\">Rom\u00e2n\u0103<\/td>\n                    <\/tr>\n                            <tr id=\"table_3_row_5\"\n            data-row-index=\"5\">\n                            <td style=\"\">6<\/td>\n                            <td style=\"\">Finan\u021be<\/td>\n                            <td style=\"\"><a data-content='Finan\u021be \u0219i b\u0103nci' href='https:\/\/umfst.ro\/economie-si-drept\/oferta-educationala\/studii-de-licenta\/finante-si-banci\/' rel='' target='_self'>Finan\u021be \u0219i b\u0103nci<\/a><\/td>\n                            <td style=\"\">3 ani<\/td>\n                            <td style=\"\">IF<\/td>\n                            <td style=\"\">180<\/td>\n                            <td style=\"\">Acreditat<\/td>\n                            <td style=\"\">Rom\u00e2n\u0103<\/td>\n                    <\/tr>\n                            <tr id=\"table_3_row_6\"\n            data-row-index=\"6\">\n                            <td style=\"\">7<\/td>\n                            <td style=\"\">Management<\/td>\n                            <td style=\"\"><a data-content='Management' href='https:\/\/umfst.ro\/economie-si-drept\/oferta-educationala\/studii-de-licenta\/management\/' rel='' target='_self'>Management<\/a><\/td>\n                            <td style=\"\">3 ani<\/td>\n                            <td style=\"\">IF<\/td>\n                            <td style=\"\">180<\/td>\n                            <td style=\"\">Acreditat<\/td>\n                            <td style=\"\">Rom\u00e2n\u0103<\/td>\n                    <\/tr>\n                            <tr id=\"table_3_row_7\"\n            data-row-index=\"7\">\n                            <td style=\"\">8<\/td>\n                            <td style=\"\">Management<\/td>\n                            <td style=\"\"><a data-content='Management' href='https:\/\/umfst.ro\/economie-si-drept\/oferta-educationala\/studii-de-licenta\/management-id\/' rel='' target='_self'>Management<\/a><\/td>\n                            <td style=\"\">3 ani<\/td>\n                            <td style=\"\">ID<\/td>\n                            <td style=\"\">180<\/td>\n                            <td style=\"\">Autorizat<\/td>\n                            <td style=\"\">Rom\u00e2n\u0103<\/td>\n                    <\/tr>\n                            <tr id=\"table_3_row_8\"\n            data-row-index=\"8\">\n                            <td style=\"\">9<\/td>\n                            <td style=\"\">\u0218tiin\u021be administrative<\/td>\n                            <td style=\"\"><a data-content='Administra\u021bie public\u0103' href='https:\/\/umfst.ro\/economie-si-drept\/oferta-educationala\/studii-de-licenta\/administratie-publica\/' rel='' target='_self'>Administra\u021bie public\u0103<\/a><\/td>\n                            <td style=\"\">3 ani<\/td>\n                            <td style=\"\">\u00a0IF<\/td>\n                            <td style=\"\">180<\/td>\n                            <td style=\"\">Acreditat<\/td>\n                            <td style=\"\">Rom\u00e2n\u0103<\/td>\n                    <\/tr>\n            <\/tbody>        <!-- \/Table body -->\n\n        <!-- Table footer -->\n        \n        <!-- \/Table footer -->\n    <\/table>\n\n<\/div><style>\ntable.wpDataTable { table-layout: fixed !important; }\ntable.wpDataTable td, table.wpDataTable th { white-space: normal !important; }\ntable.wpDataTable td.numdata { text-align: right !important; }\n<\/style>\n<style>\n<\/style>\n<style>\n            \/* th background color *\/\n    .wpdt-c.wpDataTablesWrapper table.wpdtSimpleTable.bt[data-has-header='1'] td.wpdt-header-classes,\n    .wpdt-c.wpDataTablesWrapper table#wpdtSimpleTable-3 thead th,\n    .wpdt-c .wpDataTablesWrapper table.wpDataTable.wpDataTableID-3 > thead > tr > th,\n    .wpdt-c .wpDataTablesWrapper table.wpDataTable.wpDataTableID-3 thead th,\n    .wpdt-c .wpDataTablesWrapper table.wpDataTable.wpDataTableID-3 thead th.sorting {\n        background-color: #D4670A !important;\n        background-image: none !important;\n    }\n\n                \/* th font color *\/\n    .wpdt-c.wpDataTablesWrapper table.wpdtSimpleTable.bt[data-has-header='1'] td.wpdt-header-classes,\n    .wpdt-c.wpDataTablesWrapper table#wpdtSimpleTable-3 thead th,\n    .wpdt-c .wpDataTablesWrapper table.wpDataTable.wpDataTableID-3 thead th {\n        color: #FFFFFF !important;\n    }\n\n    .wpdt-c .wpDataTablesWrapper table.wpDataTable.wpDataTableID-3 thead th.sorting:after,\n    .wpdt-c .wpDataTablesWrapper table.wpDataTable.wpDataTableID-3 thead th.sorting_asc:after {\n        border-bottom-color: #FFFFFF !important;\n    }\n\n    .wpdt-c .wpDataTablesWrapper table.wpDataTable.wpDataTableID-3 thead th.sorting_desc:after {\n        border-top-color: #FFFFFF !important;\n    }\n\n                \n                                        \n                    \n<\/style>\n<\/p><p><em>IF &#8211; \u00eenv\u0103\u021b\u0103m\u00e2nt cu frecven\u021b\u0103; ID &#8211; \u00eenv\u0103\u021b\u0103m\u00e2nt la distan\u021b\u0103<\/em><\/p>\t\t\t\t\t\t\t\t<\/div>\n\t\t\t\t<\/div>\n\t\t\t\t\t<\/div>\n\t\t<\/div>\n\t\t\t\t\t<\/div>\n\t\t<\/section>\n\t\t\t\t<\/div>\n\t\t","protected":false},"excerpt":{"rendered":"<p>Oferta educa\u021bional\u0103 IF &#8211; \u00eenv\u0103\u021b\u0103m\u00e2nt cu frecven\u021b\u0103; ID &#8211; \u00eenv\u0103\u021b\u0103m\u00e2nt la distan\u021b\u0103<\/p>","protected":false},"author":4,"featured_media":0,"parent":64,"menu_order":1,"comment_status":"closed","ping_status":"closed","template":"","meta":{"_relevanssi_hide_post":"","_relevanssi_hide_content":"","_relevanssi_pin_for_all":"","_relevanssi_pin_keywords":"","_relevanssi_unpin_keywords":"","_relevanssi_related_keywords":"","_relevanssi_related_include_ids":"","_relevanssi_related_exclude_ids":"","_relevanssi_related_no_append":"","_relevanssi_related_not_related":"","_relevanssi_related_posts":"1","_relevanssi_noindex_reason":"","footnotes":""},"categories":[13,32],"tags":[],"class_list":["post-66","page","type-page","status-publish","hentry","category-pagina-cu-sidebar","category-pagina-oferta-educationala"],"meta_box":[],"_links":{"self":[{"href":"https:\/\/umfst.ro\/economie-si-drept\/en\/wp-json\/wp\/v2\/pages\/66","targetHints":{"allow":["GET"]}}],"collection":[{"href":"https:\/\/umfst.ro\/economie-si-drept\/en\/wp-json\/wp\/v2\/pages"}],"about":[{"href":"https:\/\/umfst.ro\/economie-si-drept\/en\/wp-json\/wp\/v2\/types\/page"}],"author":[{"embeddable":true,"href":"https:\/\/umfst.ro\/economie-si-drept\/en\/wp-json\/wp\/v2\/users\/4"}],"replies":[{"embeddable":true,"href":"https:\/\/umfst.ro\/economie-si-drept\/en\/wp-json\/wp\/v2\/comments?post=66"}],"version-history":[{"count":105,"href":"https:\/\/umfst.ro\/economie-si-drept\/en\/wp-json\/wp\/v2\/pages\/66\/revisions"}],"predecessor-version":[{"id":2740,"href":"https:\/\/umfst.ro\/economie-si-drept\/en\/wp-json\/wp\/v2\/pages\/66\/revisions\/2740"}],"up":[{"embeddable":true,"href":"https:\/\/umfst.ro\/economie-si-drept\/en\/wp-json\/wp\/v2\/pages\/64"}],"wp:attachment":[{"href":"https:\/\/umfst.ro\/economie-si-drept\/en\/wp-json\/wp\/v2\/media?parent=66"}],"wp:term":[{"taxonomy":"category","embeddable":true,"href":"https:\/\/umfst.ro\/economie-si-drept\/en\/wp-json\/wp\/v2\/categories?post=66"},{"taxonomy":"post_tag","embeddable":true,"href":"https:\/\/umfst.ro\/economie-si-drept\/en\/wp-json\/wp\/v2\/tags?post=66"}],"curies":[{"name":"wp","href":"https:\/\/api.w.org\/{rel}","templated":true}]}}