{"id":95,"date":"2022-11-22T18:55:03","date_gmt":"2022-11-22T18:55:03","guid":{"rendered":"https:\/\/dev.umfst.ro\/economie-si-drept\/?page_id=95"},"modified":"2025-11-12T13:57:53","modified_gmt":"2025-11-12T11:57:53","slug":"burse","status":"publish","type":"page","link":"https:\/\/umfst.ro\/economie-si-drept\/en\/informatii-studenti\/informatii-specifice-facultatii\/burse\/","title":{"rendered":"Burse"},"content":{"rendered":"<div data-elementor-type=\"wp-page\" data-elementor-id=\"95\" class=\"elementor elementor-95\" data-elementor-post-type=\"page\">\n\t\t\t\t\t\t<section class=\"elementor-section elementor-top-section elementor-element elementor-element-6aa2dfc elementor-section-boxed elementor-section-height-default elementor-section-height-default\" data-id=\"6aa2dfc\" data-element_type=\"section\" data-e-type=\"section\">\n\t\t\t\t\t\t<div class=\"elementor-container elementor-column-gap-default\">\n\t\t\t\t\t<div class=\"elementor-column elementor-col-100 elementor-top-column elementor-element elementor-element-9a79e8e\" data-id=\"9a79e8e\" data-element_type=\"column\" data-e-type=\"column\">\n\t\t\t<div class=\"elementor-widget-wrap elementor-element-populated\">\n\t\t\t\t\t\t<div class=\"elementor-element elementor-element-93725c6 elementor-widget elementor-widget-text-editor\" data-id=\"93725c6\" data-element_type=\"widget\" data-e-type=\"widget\" data-widget_type=\"text-editor.default\">\n\t\t\t\t<div class=\"elementor-widget-container\">\n\t\t\t\t\t\t\t\t\t<h2>Burse\u00a0studen\u021bi,\u00a0anul universitar 2025-2026<\/h2><p><a href=\"https:\/\/www.umfst.ro\/fileadmin\/f_economie_drept\/burse\/2025-2026\/Beneficiari_bursa_de_performanta_didactica_si_de_merit_programe_de_licenta_FED.pdf\">Beneficiari burs\u0103 de performan\u021b\u0103 didactic\u0103 \u0219i de merit_programe de licen\u021b\u0103<\/a><\/p><p><a href=\"https:\/\/www.umfst.ro\/fileadmin\/f_economie_drept\/burse\/2025-2026\/Beneficiari_bursa_de_performanta_didactica_si_de_merit_programe_de_masterat_FED.pdf\">Beneficiari burs\u0103 de performan\u021b\u0103 didactic\u0103 \u0219i de merit_programe de masterat<\/a><\/p><p><a href=\"https:\/\/www.umfst.ro\/fileadmin\/f_economie_drept\/burse\/2025-2026\/Beneficiari_bursa_de_performanta_sportiva_FED.pdf\">Beneficiari burs\u0103 de performan\u021b\u0103 sportiv\u0103<\/a><\/p><p><a href=\"https:\/\/umfst.ro\/student\/burse\/\">Burse sociale<\/a><\/p><h2>Burse studen\u021bi, anul universitar\u00a0 2024-2025<\/h2><p><a href=\"https:\/\/www.umfst.ro\/fileadmin\/f_economie_drept\/burse\/2024-2025\/Burse_masterat_FED.pdf\">Beneficiari burse de performan\u021b\u0103 didactic\u0103 si de merit_programe de masterat_FED<\/a><\/p><p><a href=\"https:\/\/www.umfst.ro\/fileadmin\/f_economie_drept\/burse\/2024-2025\/Burse_licenta_FED.pdf\">Beneficiari burse de performan\u021b\u0103 didactic\u0103 si de merit_programe de licen\u021b\u0103_FED<\/a><\/p><p><a href=\"https:\/\/www.umfst.ro\/fileadmin\/f_economie_drept\/burse\/2024-2025\/Burse_de_merit_sportiv_FED.pdf\">Beneficiari burse de merit sportiv_FED<\/a><\/p><h2>Burse sociale,\u00a0 semestrul 1, 2024-2025<\/h2><p>Dosarul de burs\u0103 social\u0103 se \u00eentocme\u0219te \u00een conformitate cu\u00a0prevederile art. 10, din\u00a0<em>Regulamentul privind acordarea de burse studen\u021bilor din cadrul Universit\u0103\u021bii de Medicin\u0103, Farmacie, \u0218tiin\u021be \u0219i Tehnologie din T\u00e2rgu Mure\u0219, Cod regulament: UMFST-REG-47, Edi\u021bia 13<\/em>.<\/p><p><a href=\"https:\/\/umfst.ro\/fileadmin\/documente_oficiale\/regulamente\/UMFST-REG-47.pdf\">https:\/\/umfst.ro\/fileadmin\/documente_oficiale\/regulamente\/UMFST-REG-47.pdf<\/a><\/p><p>Dovezile de venit vor fi pentru perioada <span style=\"color: #ff0000\">SEPTEMBRIE 2023 &#8211; AUGUST 2024.<\/span><strong>\u00a0<\/strong><\/p><p>Venitul NET pe membru de familie nu trebuie s\u0103 dep\u0103\u0219easc\u0103 <span style=\"color: #ff0000\"><strong>2111 LEI<\/strong><\/span><\/p><p><strong><u>\u00a0<\/u><\/strong><\/p><p><strong><u>Calendarul pentru burse sociale &#8211; \u00a0anul universitar 2024-2025<\/u><\/strong><\/p><p>25 septembrie \u2013 15 octombrie \u2013 depunerea documenta\u021biei complete<\/p><p>16 \u2013 28 octombrie \u2013 evaluarea dosarelor<\/p><p>29 octombrie \u2013 comunicarea rezultatelor<\/p><p>30-31 octombrie \u2013 depunerea contesta\u021biilor<\/p><p>1- 4 noiembrie \u2013 analiza \u0219i solu\u021bionarea contesta\u021biilor<\/p><p>5 noiembrie \u2013 comunicarea rezultatelor finale<\/p><p>Dosarele cu toate documentele solicitate se depun la secretariatul facult\u0103\u021bii, p\u00e2n\u0103 la 15 octombrie, ora 13.00.<\/p><p><strong><span style=\"color: #ff0000\">ATEN\u021aIE<\/span> &#8211; NU SE ACCEPTA DOSARE INCOMPLETE!<\/strong><\/p><p><strong>\u00a0<\/strong><\/p><p>1. <a href=\"https:\/\/www.umfst.ro\/fileadmin\/f_economie_drept\/burse\/2024-2025\/1.Lista_documentelor_necesare_pentru_acordarea_burselor_sociale.pdf\">Lista documentelor necesare pentru acordarea burselor sociale<\/a><\/p><p>2. <a href=\"https:\/\/www.umfst.ro\/fileadmin\/f_economie_drept\/burse\/2024-2025\/2.Anexa01_Cerere_de_acordare_bursa_sociala.pdf\">Cerere de acordare bursa social\u0103 &#8211; Anexa 01<\/a><br \/>3. <a href=\"https:\/\/www.umfst.ro\/fileadmin\/f_economie_drept\/burse\/2024-2025\/3.Declaratie_de_consimtamant_student.pdf\">Declaratie de consimtamant student<\/a><br \/><a href=\"https:\/\/www.umfst.ro\/fileadmin\/f_economie_drept\/burse\/2024-2025\/3.1.Declaratie_de_consimtamant_membri_de_familie.pdf\">\u00a0\u00a0\u00a0\u00a0 3.1. Declaratie de\u00a0 consimtamant membri de familie <\/a><br \/>4. <a href=\"https:\/\/www.umfst.ro\/fileadmin\/f_economie_drept\/burse\/2024-2025\/5.Regulament_de_burse_UMFST-REG-47_Ed.13.pdf\">Regulament de burse &#8211; <em>Cod regulament: UMFST-REG-47, Edi\u021bia 13<\/em><\/a><\/p>\t\t\t\t\t\t\t\t<\/div>\n\t\t\t\t<\/div>\n\t\t\t\t\t<\/div>\n\t\t<\/div>\n\t\t\t\t\t<\/div>\n\t\t<\/section>\n\t\t\t\t<section class=\"elementor-section elementor-top-section elementor-element elementor-element-1023f28 elementor-section-boxed elementor-section-height-default elementor-section-height-default\" data-id=\"1023f28\" data-element_type=\"section\" data-e-type=\"section\">\n\t\t\t\t\t\t<div class=\"elementor-container elementor-column-gap-default\">\n\t\t\t\t\t<div class=\"elementor-column elementor-col-100 elementor-top-column elementor-element elementor-element-d131209\" data-id=\"d131209\" data-element_type=\"column\" data-e-type=\"column\">\n\t\t\t<div class=\"elementor-widget-wrap elementor-element-populated\">\n\t\t\t\t\t\t<div class=\"elementor-element elementor-element-1dda0c8 elementor-widget-divider--view-line_icon elementor-view-default elementor-widget-divider--element-align-center elementor-widget elementor-widget-divider\" data-id=\"1dda0c8\" data-element_type=\"widget\" data-e-type=\"widget\" data-widget_type=\"divider.default\">\n\t\t\t\t<div class=\"elementor-widget-container\">\n\t\t\t\t\t\t\t<div class=\"elementor-divider\">\n\t\t\t<span class=\"elementor-divider-separator\">\n\t\t\t\t\t\t\t<div class=\"elementor-icon elementor-divider__element\">\n\t\t\t\t\t<i aria-hidden=\"true\" class=\"fas fa-university\"><\/i><\/div>\n\t\t\t\t\t\t<\/span>\n\t\t<\/div>\n\t\t\t\t\t\t<\/div>\n\t\t\t\t<\/div>\n\t\t\t\t\t<\/div>\n\t\t<\/div>\n\t\t\t\t\t<\/div>\n\t\t<\/section>\n\t\t\t\t<section class=\"elementor-section elementor-top-section elementor-element elementor-element-71d0e5b elementor-section-boxed elementor-section-height-default elementor-section-height-default\" data-id=\"71d0e5b\" data-element_type=\"section\" data-e-type=\"section\">\n\t\t\t\t\t\t<div class=\"elementor-container elementor-column-gap-default\">\n\t\t\t\t\t<div class=\"elementor-column elementor-col-100 elementor-top-column elementor-element elementor-element-69dee0be\" data-id=\"69dee0be\" data-element_type=\"column\" data-e-type=\"column\">\n\t\t\t<div class=\"elementor-widget-wrap elementor-element-populated\">\n\t\t\t\t\t\t<div class=\"elementor-element elementor-element-451a6cfd elementor-widget elementor-widget-text-editor\" data-id=\"451a6cfd\" data-element_type=\"widget\" data-e-type=\"widget\" data-widget_type=\"text-editor.default\">\n\t\t\t\t<div class=\"elementor-widget-container\">\n\t\t\t\t\t\t\t\t\t<h2><span style=\"font-size: 10.0pt;font-family: 'Verdana',sans-serif\">List\u0103 suplimentar\u0103 cu beneficiarii de burse de merit_2023-2024<\/span><\/h2><p><span style=\"font-size: 10.0pt;font-family: 'Verdana',sans-serif\"><a href=\"https:\/\/umfst.ro\/fileadmin\/f_economie_drept\/burse\/2023-2024\/List%C4%83%20suplimentar%C4%83%20cu%20beneficiarii%20de%20burse%20de%20merit_2023-2024_nivel%20de%20licen%C8%9B%C4%83.pdf\">\u00a0Bachelor\u2019s degree studies<\/a><br \/><\/span><\/p><p><a href=\"https:\/\/umfst.ro\/fileadmin\/f_economie_drept\/burse\/2023-2024\/List%C4%83%20suplimentar%C4%83%20cu%20beneficiarii%20de%20burse%20de%20merit_2023-2024_nivel%20de%20masterat.pdf\">Master\u2019s degree studies<\/a><\/p><h2>\u00a0<\/h2><p><span style=\"font-size: 10.0pt;font-family: 'Verdana',sans-serif\">Studen\u021bii <strong><span style=\"font-family: 'Verdana',sans-serif\">Facult\u0103\u021bii de Economie \u0219i Drept, <\/span><\/strong>bursieri, posesori ai oric\u0103rui tip de burs\u0103, vor transmite \u00een perioada\u00a0<strong><span style=\"font-family: 'Verdana',sans-serif\">16.11.2023\u00a0 &#8211; \u00a024.11.2023<\/span><\/strong>, conturile IBAN \u2013 extras de cont sau lista IBAN pentru informare deschise la: Banca Transilvania sau Banca Rom\u00e2n\u0103 de Dezvoltare (BRD) sau Banca Raiffeisen, la urm\u0103toarea adres\u0103 de e-mail &#8211;\u00a0<a href=\"mailto:burse.online.3@umfst.ro\">burse.online.3@umfst.ro<\/a><\/span><\/p><p><span style=\"font-size: 10.0pt;font-family: 'Verdana',sans-serif\">Studen\u021bii care vor transmite extrase de cont vor desc\u0103rca, completa (electronic) \u015fi retrimite \u0219i <a href=\"https:\/\/umfst.ro\/fileadmin\/f_economie_drept\/burse\/2023-2024\/Declara%C8%9Bie%20de%20consim%C8%9B%C4%83m%C3%A2nt_UMFST-PO-JUR-05-F01-1_burse.pdf\"><span style=\"font-family: 'Verdana',sans-serif\">DECLARATIA de consim\u021b\u0103m\u00e2nt<\/span><\/a> privind utilizarea \u0219i prelucrarea datelor cu caracter personal.<\/span><\/p><p><span style=\"font-size: 10.0pt;font-family: 'Verdana',sans-serif\">Se accept\u0103 doar extras de cont bancar\u00a0<strong><span style=\"font-family: 'Verdana',sans-serif\">personal<\/span><\/strong>\u00a0iar la transmitere se vor men\u021biona: anul de studiu, specializarea, CNP-ul \u0219i num\u0103rul de \u00eenmatriculare.<\/span><\/p><p><strong><span style=\"font-size: 10.0pt;font-family: 'Verdana',sans-serif\">Nu<\/span><\/strong><span style=\"font-size: 10.0pt;font-family: 'Verdana',sans-serif\">\u00a0vor transmite extrase de cont\u00a0<strong><i><span style=\"font-family: 'Verdana',sans-serif\">studen\u021bii care au beneficiat de burs\u0103 \u00een anul universitar 2022\/2023<\/span><\/i><\/strong>, indiferent de tipul bursei.<\/span><\/p><p><span style=\"font-size: 10.0pt;font-family: 'Verdana',sans-serif\"><a href=\"https:\/\/umfst.ro\/fileadmin\/f_economie_drept\/burse\/2023-2024\/Declara%C8%9Bie%20de%20consim%C8%9B%C4%83m%C3%A2nt_UMFST-PO-JUR-05-F01-1_burse.pdf\">DECLARATIA de consim\u021b\u0103m\u00e2nt<\/a><\/span><\/p><h2><strong>Burse\u00a0de performan\u021b\u0103 didactic\u0103 sau de merit 2023-2024<\/strong><\/h2><p><a href=\"https:\/\/umfst.ro\/fileadmin\/f_economie_drept\/burse\/2023-2024\/Extras_PV_contestatii_burse%20de%20merit_2023.pdf\">Extras PV contestatii burse de merit 2023<\/a><\/p><p><a href=\"https:\/\/umfst.ro\/fileadmin\/f_economie_drept\/burse\/2023-2024\/Beneficiari_burse-performanta-merit_2023-2024_licenta.pdf\">Beneficiari_burse de performan\u021b\u0103 didactic\u0103 sau burse de merit 2023-2024 nivel de licen\u021b\u0103<\/a><\/p><p><a href=\"https:\/\/umfst.ro\/fileadmin\/f_economie_drept\/burse\/2023-2024\/Beneficiari_burse-performanta-merit_2023-2024_masterat.pdf\">Beneficiari_burse de performan\u021b\u0103 didactic\u0103 sau burse de merit 2023-2024 nivel de masterat<\/a><\/p><h2>Burse sociale,\u00a0 semestrul 1, 2023-2024<\/h2><p><a href=\"https:\/\/umfst.ro\/fileadmin\/f_economie_drept\/burse\/2023-2024\/Lista_documentelor_necesare_pentru_acordarea_burselor_sociale.pdf\">Lista documentelor necesare pentru acordarea burselor sociale<\/a><\/p><p><a href=\"https:\/\/umfst.ro\/fileadmin\/f_economie_drept\/burse\/2023-2024\/Cerere_pentru_acordarea_bursei_sociale.pdf\">Cerere pentru acordarea bursei sociale<\/a><\/p><p><a href=\"https:\/\/umfst.ro\/fileadmin\/f_economie_drept\/burse\/2023-2024\/1._Acord-prelucrare-date-personale_student.pdf\">1. Acord prelucrare date personale student<\/a><\/p><p><a href=\"https:\/\/umfst.rofileadmin\/f_economie_drept\/burse\/2023-2024\/2._Acord-prelucrare-date-personale_membru_de_familie.pdf\">2. Acord prelucrare date personale membru de familie<\/a><\/p><p><a href=\"https:\/\/umfst.ro\/info-studenti\/burse\/\">Anun\u021b<\/a><strong><br \/><\/strong><\/p>\t\t\t\t\t\t\t\t<\/div>\n\t\t\t\t<\/div>\n\t\t\t\t\t<\/div>\n\t\t<\/div>\n\t\t\t\t\t<\/div>\n\t\t<\/section>\n\t\t\t\t<\/div>","protected":false},"excerpt":{"rendered":"<p>Burse\u00a0studen\u021bi,\u00a0anul universitar 2025-2026 Beneficiari burs\u0103 de performan\u021b\u0103 didactic\u0103 \u0219i de merit_programe de licen\u021b\u0103 Beneficiari burs\u0103 de performan\u021b\u0103 didactic\u0103 \u0219i de merit_programe de masterat Beneficiari burs\u0103 de performan\u021b\u0103 sportiv\u0103 Burse sociale Burse studen\u021bi, anul universitar\u00a0 2024-2025 Beneficiari burse de performan\u021b\u0103 didactic\u0103 si de merit_programe de masterat_FED Beneficiari burse de performan\u021b\u0103 didactic\u0103 si de merit_programe de licen\u021b\u0103_FED [&hellip;]<\/p>\n","protected":false},"author":4,"featured_media":0,"parent":80,"menu_order":0,"comment_status":"closed","ping_status":"closed","template":"","meta":{"_relevanssi_hide_post":"","_relevanssi_hide_content":"","_relevanssi_pin_for_all":"","_relevanssi_pin_keywords":"","_relevanssi_unpin_keywords":"","_relevanssi_related_keywords":"","_relevanssi_related_include_ids":"","_relevanssi_related_exclude_ids":"","_relevanssi_related_no_append":"","_relevanssi_related_not_related":"","_relevanssi_related_posts":"1","_relevanssi_noindex_reason":"","footnotes":""},"categories":[13,33],"tags":[],"class_list":["post-95","page","type-page","status-publish","hentry","category-pagina-cu-sidebar","category-pagina-studenti"],"meta_box":[],"_links":{"self":[{"href":"https:\/\/umfst.ro\/economie-si-drept\/en\/wp-json\/wp\/v2\/pages\/95","targetHints":{"allow":["GET"]}}],"collection":[{"href":"https:\/\/umfst.ro\/economie-si-drept\/en\/wp-json\/wp\/v2\/pages"}],"about":[{"href":"https:\/\/umfst.ro\/economie-si-drept\/en\/wp-json\/wp\/v2\/types\/page"}],"author":[{"embeddable":true,"href":"https:\/\/umfst.ro\/economie-si-drept\/en\/wp-json\/wp\/v2\/users\/4"}],"replies":[{"embeddable":true,"href":"https:\/\/umfst.ro\/economie-si-drept\/en\/wp-json\/wp\/v2\/comments?post=95"}],"version-history":[{"count":79,"href":"https:\/\/umfst.ro\/economie-si-drept\/en\/wp-json\/wp\/v2\/pages\/95\/revisions"}],"predecessor-version":[{"id":4301,"href":"https:\/\/umfst.ro\/economie-si-drept\/en\/wp-json\/wp\/v2\/pages\/95\/revisions\/4301"}],"up":[{"embeddable":true,"href":"https:\/\/umfst.ro\/economie-si-drept\/en\/wp-json\/wp\/v2\/pages\/80"}],"wp:attachment":[{"href":"https:\/\/umfst.ro\/economie-si-drept\/en\/wp-json\/wp\/v2\/media?parent=95"}],"wp:term":[{"taxonomy":"category","embeddable":true,"href":"https:\/\/umfst.ro\/economie-si-drept\/en\/wp-json\/wp\/v2\/categories?post=95"},{"taxonomy":"post_tag","embeddable":true,"href":"https:\/\/umfst.ro\/economie-si-drept\/en\/wp-json\/wp\/v2\/tags?post=95"}],"curies":[{"name":"wp","href":"https:\/\/api.w.org\/{rel}","templated":true}]}}