{"id":40,"date":"2022-11-14T09:09:46","date_gmt":"2022-11-14T07:09:46","guid":{"rendered":"https:\/\/dev.umfst.ro\/economie-si-drept\/?page_id=40"},"modified":"2026-02-16T09:48:14","modified_gmt":"2026-02-16T07:48:14","slug":"consiliul-facultatii-de-economie-si-drept","status":"publish","type":"page","link":"https:\/\/umfst.ro\/economie-si-drept\/hu\/organizare\/consiliul-facultatii-de-economie-si-drept\/","title":{"rendered":"Consiliul Facult\u0103\u021bii de Economie \u0219i Drept"},"content":{"rendered":"<div data-elementor-type=\"wp-page\" data-elementor-id=\"40\" class=\"elementor elementor-40\" data-elementor-post-type=\"page\">\n\t\t\t\t\t\t<section class=\"elementor-section elementor-top-section elementor-element elementor-element-4dec426 elementor-section-boxed elementor-section-height-default elementor-section-height-default\" data-id=\"4dec426\" data-element_type=\"section\" data-e-type=\"section\">\n\t\t\t\t\t\t<div class=\"elementor-container elementor-column-gap-default\">\n\t\t\t\t\t<div class=\"elementor-column elementor-col-100 elementor-top-column elementor-element elementor-element-f0c9526\" data-id=\"f0c9526\" data-element_type=\"column\" data-e-type=\"column\">\n\t\t\t<div class=\"elementor-widget-wrap elementor-element-populated\">\n\t\t\t\t\t\t<div class=\"elementor-element elementor-element-dd3acbe elementor-widget elementor-widget-heading\" data-id=\"dd3acbe\" data-element_type=\"widget\" data-e-type=\"widget\" data-widget_type=\"heading.default\">\n\t\t\t\t<div class=\"elementor-widget-container\">\n\t\t\t\t\t<h2 class=\"elementor-heading-title elementor-size-default\">Biroul Consiliului Facult\u0103\u021bii<\/h2>\t\t\t\t<\/div>\n\t\t\t\t<\/div>\n\t\t\t\t\t<\/div>\n\t\t<\/div>\n\t\t\t\t\t<\/div>\n\t\t<\/section>\n\t\t\t\t<section class=\"elementor-section elementor-top-section elementor-element elementor-element-c7c147b elementor-section-boxed elementor-section-height-default elementor-section-height-default\" data-id=\"c7c147b\" data-element_type=\"section\" data-e-type=\"section\">\n\t\t\t\t\t\t<div class=\"elementor-container elementor-column-gap-default\">\n\t\t\t\t\t<div class=\"elementor-column elementor-col-100 elementor-top-column elementor-element elementor-element-e232d2c\" data-id=\"e232d2c\" data-element_type=\"column\" data-e-type=\"column\">\n\t\t\t<div class=\"elementor-widget-wrap elementor-element-populated\">\n\t\t\t\t\t\t<div class=\"elementor-element elementor-element-36cd0ec elementor-widget elementor-widget-text-editor\" data-id=\"36cd0ec\" data-element_type=\"widget\" data-e-type=\"widget\" data-widget_type=\"text-editor.default\">\n\t\t\t\t<div class=\"elementor-widget-container\">\n\t\t\t\t\t\t\t\t\t<p><strong>Decan<br \/><\/strong>Prof. univ. dr. habil. Daniel \u015etefan<\/p><p><strong>Prodecan<br \/><\/strong>Lect. univ. dr. Adrian-Vasile Boant\u0103<\/p><p><strong>Director ED1<br \/><\/strong>Conf. univ. dr. Liviu Ciucan-Rusu<\/p><p><strong>Director ED2<\/strong> <br \/>Conf. univ. dr. Daniela-Cristina Valea<\/p><p><strong>Director CIFRD<br \/><\/strong>Lect. univ. dr. Angela On<strong><br \/><\/strong><\/p>\t\t\t\t\t\t\t\t<\/div>\n\t\t\t\t<\/div>\n\t\t\t\t\t<\/div>\n\t\t<\/div>\n\t\t\t\t\t<\/div>\n\t\t<\/section>\n\t\t\t\t<section class=\"elementor-section elementor-top-section elementor-element elementor-element-97c03fd elementor-section-boxed elementor-section-height-default elementor-section-height-default\" data-id=\"97c03fd\" data-element_type=\"section\" data-e-type=\"section\">\n\t\t\t\t\t\t<div class=\"elementor-container elementor-column-gap-default\">\n\t\t\t\t\t<div class=\"elementor-column elementor-col-100 elementor-top-column elementor-element elementor-element-ca9188e\" data-id=\"ca9188e\" data-element_type=\"column\" data-e-type=\"column\">\n\t\t\t<div class=\"elementor-widget-wrap elementor-element-populated\">\n\t\t\t\t\t\t<div class=\"elementor-element elementor-element-29db5cc elementor-widget elementor-widget-heading\" data-id=\"29db5cc\" data-element_type=\"widget\" data-e-type=\"widget\" data-widget_type=\"heading.default\">\n\t\t\t\t<div class=\"elementor-widget-container\">\n\t\t\t\t\t<h2 class=\"elementor-heading-title elementor-size-default\">Consiliul Facult\u0103\u021bii <\/h2>\t\t\t\t<\/div>\n\t\t\t\t<\/div>\n\t\t\t\t\t<\/div>\n\t\t<\/div>\n\t\t\t\t\t<\/div>\n\t\t<\/section>\n\t\t\t\t<section class=\"elementor-section elementor-top-section elementor-element elementor-element-f987479 elementor-section-boxed elementor-section-height-default elementor-section-height-default\" data-id=\"f987479\" data-element_type=\"section\" data-e-type=\"section\">\n\t\t\t\t\t\t<div class=\"elementor-container elementor-column-gap-default\">\n\t\t\t\t\t<div class=\"elementor-column elementor-col-100 elementor-top-column elementor-element elementor-element-65a9f3f\" data-id=\"65a9f3f\" data-element_type=\"column\" data-e-type=\"column\">\n\t\t\t<div class=\"elementor-widget-wrap elementor-element-populated\">\n\t\t\t\t\t\t<div class=\"elementor-element elementor-element-bb514e6 elementor-widget elementor-widget-text-editor\" data-id=\"bb514e6\" data-element_type=\"widget\" data-e-type=\"widget\" data-widget_type=\"text-editor.default\">\n\t\t\t\t<div class=\"elementor-widget-container\">\n\t\t\t\t\t\t\t\t\t<p><strong>Decan <\/strong><br \/>Prof. univ. dr. habil. Daniel \u015etefan<\/p><p><strong>Prodecan<\/strong><br \/>Lect. univ. dr. Adrian-Vasile Boant\u0103<\/p><p><strong>Director ED1<br \/><\/strong>Conf. univ. dr. Liviu Ciucan-Rusu<\/p><p><strong>Director ED2<\/strong><br \/>Conf. univ. dr. Daniela-Cristina Valea<\/p><p><strong>\u00a0<\/strong><\/p><p><strong>Membrii Consiliului<br \/><\/strong><\/p><p>Prof. univ. dr. Lucre\u0163ia Dogaru<br \/>Prof. univ. dr. habil. Petru\u021ba Blaga<br \/>Prof. univ. dr. habil. Emilia-Doina Herman<br \/>Conf. univ. dr. Daniela \u0218tef\u0103nescu<br \/>Conf. univ. dr. Br\u00eendu\u0219a Marian<br \/>Lect. univ. dr. Angela On<br \/>Lect. univ. dr. Ioan-Ovidiu Sp\u0103t\u0103cean<br \/>Katharina-Gabriela \u021a\u00eentea, Drept, anul\u00a0 II<br \/>Ricardo Honcea, Drept, anul I<\/p>\t\t\t\t\t\t\t\t<\/div>\n\t\t\t\t<\/div>\n\t\t\t\t\t<\/div>\n\t\t<\/div>\n\t\t\t\t\t<\/div>\n\t\t<\/section>\n\t\t\t\t<section class=\"elementor-section elementor-top-section elementor-element elementor-element-51c1247 elementor-section-boxed elementor-section-height-default elementor-section-height-default\" data-id=\"51c1247\" data-element_type=\"section\" data-e-type=\"section\">\n\t\t\t\t\t\t<div class=\"elementor-container elementor-column-gap-default\">\n\t\t\t\t\t<div class=\"elementor-column elementor-col-100 elementor-top-column elementor-element elementor-element-62b86b1\" data-id=\"62b86b1\" data-element_type=\"column\" data-e-type=\"column\">\n\t\t\t<div class=\"elementor-widget-wrap elementor-element-populated\">\n\t\t\t\t\t\t<div class=\"elementor-element elementor-element-c2416bf elementor-widget elementor-widget-heading\" data-id=\"c2416bf\" data-element_type=\"widget\" data-e-type=\"widget\" data-widget_type=\"heading.default\">\n\t\t\t\t<div class=\"elementor-widget-container\">\n\t\t\t\t\t<h2 class=\"elementor-heading-title elementor-size-default\">Hot\u0103r\u00e2ri ale Consiliului Facult\u0103\u021bii de Economie \u0219i Drept<\/h2>\t\t\t\t<\/div>\n\t\t\t\t<\/div>\n\t\t\t\t\t<\/div>\n\t\t<\/div>\n\t\t\t\t\t<\/div>\n\t\t<\/section>\n\t\t\t\t<section class=\"elementor-section elementor-top-section elementor-element elementor-element-e166f9c elementor-section-boxed elementor-section-height-default elementor-section-height-default\" data-id=\"e166f9c\" data-element_type=\"section\" data-e-type=\"section\">\n\t\t\t\t\t\t<div class=\"elementor-container elementor-column-gap-default\">\n\t\t\t\t\t<div class=\"elementor-column elementor-col-100 elementor-top-column elementor-element elementor-element-3805eb3\" data-id=\"3805eb3\" data-element_type=\"column\" data-e-type=\"column\">\n\t\t\t<div class=\"elementor-widget-wrap elementor-element-populated\">\n\t\t\t\t\t\t<div class=\"elementor-element elementor-element-6ad2eac elementor-widget elementor-widget-text-editor\" data-id=\"6ad2eac\" data-element_type=\"widget\" data-e-type=\"widget\" data-widget_type=\"text-editor.default\">\n\t\t\t\t<div class=\"elementor-widget-container\">\n\t\t\t\t\t\t\t\t\t<p><a href=\"https:\/\/documente.umfst.ro\/documente\/hotarari-ale-consiliului-facultatii\/facultatea-de-economie-si-drept\/\"><span>Hot\u0103r\u00e2ri ale Consiliului Facult\u0103\u021bii<\/span><\/a><\/p>\t\t\t\t\t\t\t\t<\/div>\n\t\t\t\t<\/div>\n\t\t\t\t\t<\/div>\n\t\t<\/div>\n\t\t\t\t\t<\/div>\n\t\t<\/section>\n\t\t\t\t<\/div>","protected":false},"excerpt":{"rendered":"<p>Biroul Consiliului Facult\u0103\u021bii DecanProf. univ. dr. habil. Daniel \u015etefan ProdecanLect. univ. dr. Adrian-Vasile Boant\u0103 Director ED1Conf. univ. dr. Liviu Ciucan-Rusu Director ED2 Conf. univ. dr. Daniela-Cristina Valea Director CIFRDLect. univ. dr. Angela On Consiliul Facult\u0103\u021bii Decan Prof. univ. dr. habil. Daniel \u015etefan ProdecanLect. univ. dr. Adrian-Vasile Boant\u0103 Director ED1Conf. univ. dr. Liviu Ciucan-Rusu Director ED2Conf. [&hellip;]<\/p>\n","protected":false},"author":6,"featured_media":0,"parent":31,"menu_order":2,"comment_status":"closed","ping_status":"closed","template":"","meta":{"_relevanssi_hide_post":"","_relevanssi_hide_content":"","_relevanssi_pin_for_all":"","_relevanssi_pin_keywords":"","_relevanssi_unpin_keywords":"","_relevanssi_related_keywords":"","_relevanssi_related_include_ids":"","_relevanssi_related_exclude_ids":"","_relevanssi_related_no_append":"","_relevanssi_related_not_related":"","_relevanssi_related_posts":"1","_relevanssi_noindex_reason":"","footnotes":""},"categories":[13],"tags":[],"class_list":["post-40","page","type-page","status-publish","hentry","category-pagina-cu-sidebar"],"meta_box":[],"_links":{"self":[{"href":"https:\/\/umfst.ro\/economie-si-drept\/hu\/wp-json\/wp\/v2\/pages\/40","targetHints":{"allow":["GET"]}}],"collection":[{"href":"https:\/\/umfst.ro\/economie-si-drept\/hu\/wp-json\/wp\/v2\/pages"}],"about":[{"href":"https:\/\/umfst.ro\/economie-si-drept\/hu\/wp-json\/wp\/v2\/types\/page"}],"author":[{"embeddable":true,"href":"https:\/\/umfst.ro\/economie-si-drept\/hu\/wp-json\/wp\/v2\/users\/6"}],"replies":[{"embeddable":true,"href":"https:\/\/umfst.ro\/economie-si-drept\/hu\/wp-json\/wp\/v2\/comments?post=40"}],"version-history":[{"count":81,"href":"https:\/\/umfst.ro\/economie-si-drept\/hu\/wp-json\/wp\/v2\/pages\/40\/revisions"}],"predecessor-version":[{"id":4443,"href":"https:\/\/umfst.ro\/economie-si-drept\/hu\/wp-json\/wp\/v2\/pages\/40\/revisions\/4443"}],"up":[{"embeddable":true,"href":"https:\/\/umfst.ro\/economie-si-drept\/hu\/wp-json\/wp\/v2\/pages\/31"}],"wp:attachment":[{"href":"https:\/\/umfst.ro\/economie-si-drept\/hu\/wp-json\/wp\/v2\/media?parent=40"}],"wp:term":[{"taxonomy":"category","embeddable":true,"href":"https:\/\/umfst.ro\/economie-si-drept\/hu\/wp-json\/wp\/v2\/categories?post=40"},{"taxonomy":"post_tag","embeddable":true,"href":"https:\/\/umfst.ro\/economie-si-drept\/hu\/wp-json\/wp\/v2\/tags?post=40"}],"curies":[{"name":"wp","href":"https:\/\/api.w.org\/{rel}","templated":true}]}}