{"id":54,"date":"2022-11-22T17:24:11","date_gmt":"2022-11-22T15:24:11","guid":{"rendered":"https:\/\/dev.umfst.ro\/economie-si-drept\/?page_id=54"},"modified":"2026-02-16T13:34:01","modified_gmt":"2026-02-16T11:34:01","slug":"departamente","status":"publish","type":"page","link":"https:\/\/umfst.ro\/economie-si-drept\/hu\/departamente\/","title":{"rendered":"Departamente"},"content":{"rendered":"<div data-elementor-type=\"wp-page\" data-elementor-id=\"54\" class=\"elementor elementor-54\" data-elementor-post-type=\"page\">\n\t\t\t\t\t\t<section class=\"elementor-section elementor-top-section elementor-element elementor-element-1d780433 elementor-section-boxed elementor-section-height-default elementor-section-height-default\" data-id=\"1d780433\" data-element_type=\"section\" data-e-type=\"section\">\n\t\t\t\t\t\t<div class=\"elementor-container elementor-column-gap-default\">\n\t\t\t\t\t<div class=\"elementor-column elementor-col-100 elementor-top-column elementor-element elementor-element-1ca4bc3a\" data-id=\"1ca4bc3a\" data-element_type=\"column\" data-e-type=\"column\">\n\t\t\t<div class=\"elementor-widget-wrap elementor-element-populated\">\n\t\t\t\t\t\t<div class=\"elementor-element elementor-element-599cf93f elementor-widget elementor-widget-text-editor\" data-id=\"599cf93f\" data-element_type=\"widget\" data-e-type=\"widget\" data-widget_type=\"text-editor.default\">\n\t\t\t\t<div class=\"elementor-widget-container\">\n\t\t\t\t\t\t\t\t\t<p><\/p>\n<h2 class=\"wp-block-heading\">Departamentele Facult\u0103\u021bii de Economie \u0219i Drept <\/h2>\n<p><\/p>\t\t\t\t\t\t\t\t<\/div>\n\t\t\t\t<\/div>\n\t\t\t\t\t<\/div>\n\t\t<\/div>\n\t\t\t\t\t<\/div>\n\t\t<\/section>\n\t\t\t\t<section class=\"elementor-section elementor-top-section elementor-element elementor-element-5a80f9f elementor-section-boxed elementor-section-height-default elementor-section-height-default\" data-id=\"5a80f9f\" data-element_type=\"section\" data-e-type=\"section\">\n\t\t\t\t\t\t<div class=\"elementor-container elementor-column-gap-default\">\n\t\t\t\t\t<div class=\"elementor-column elementor-col-100 elementor-top-column elementor-element elementor-element-da38b0b\" data-id=\"da38b0b\" data-element_type=\"column\" data-e-type=\"column\">\n\t\t\t<div class=\"elementor-widget-wrap elementor-element-populated\">\n\t\t\t\t\t\t<div class=\"elementor-element elementor-element-bf8ecd7 elementor-widget elementor-widget-jet-accordion\" data-id=\"bf8ecd7\" data-element_type=\"widget\" data-e-type=\"widget\" data-widget_type=\"jet-accordion.default\">\n\t\t\t\t<div class=\"elementor-widget-container\">\n\t\t\t\t\t\t\t\t\t<div class=\"jet-accordion\" data-settings=\"{&quot;collapsible&quot;:false,&quot;ajaxTemplate&quot;:false,&quot;switchScrolling&quot;:false,&quot;switchScrollingTablet&quot;:false,&quot;switchScrollingMobile&quot;:false,&quot;switchScrollingOffset&quot;:{&quot;size&quot;:0,&quot;unit&quot;:&quot;px&quot;},&quot;switchScrollingOffsetTablet&quot;:{&quot;size&quot;:0,&quot;unit&quot;:&quot;px&quot;},&quot;switchScrollingOffsetMobile&quot;:{&quot;size&quot;:0,&quot;unit&quot;:&quot;px&quot;},&quot;switchScrollingDelay&quot;:500,&quot;switchScrollingDelayTablet&quot;:500,&quot;switchScrollingDelayMobile&quot;:500}\">\n\t\t\t<div class=\"jet-accordion__inner\">\n\t\t\t\t<div class=\"jet-accordion__item jet-toggle jet-toggle-move-up-effect\">\n\t\t\t\t\t\t\t<div id=\"jet-toggle-control-2001\" class=\"jet-toggle__control elementor-menu-anchor\" data-toggle=\"1\" role=\"button\" tabindex=\"0\" aria-controls=\"jet-toggle-content-2001\" aria-expanded=\"false\" data-template-id=\"false\">\n\t\t\t\t\t\t\t\t<div class=\"jet-toggle__label-icon jet-toggle-icon-position-right\"><span class=\"jet-toggle__icon icon-normal jet-tabs-icon\"><svg xmlns=\"http:\/\/www.w3.org\/2000\/svg\" viewbox=\"0 0 448 512\"><path d=\"M256 80c0-17.7-14.3-32-32-32s-32 14.3-32 32V224H48c-17.7 0-32 14.3-32 32s14.3 32 32 32H192V432c0 17.7 14.3 32 32 32s32-14.3 32-32V288H400c17.7 0 32-14.3 32-32s-14.3-32-32-32H256V80z\"><\/path><\/svg><\/span><span class=\"jet-toggle__icon icon-active jet-tabs-icon\"><svg xmlns=\"http:\/\/www.w3.org\/2000\/svg\" viewbox=\"0 0 448 512\"><path d=\"M432 256c0 17.7-14.3 32-32 32L48 288c-17.7 0-32-14.3-32-32s14.3-32 32-32l352 0c17.7 0 32 14.3 32 32z\"><\/path><\/svg><\/span><\/div><div class=\"jet-toggle__label-text\">\u0218tiin\u021be Economice ED1<\/div>\t\t\t\t\t\t\t<\/div>\n\t\t\t\t\t\t\t<div id=\"jet-toggle-content-2001\" class=\"jet-toggle__content\" data-toggle=\"1\" role=\"region\" data-template-id=\"false\">\n\t\t\t\t\t\t\t\t<div class=\"jet-toggle__content-inner\"><p><strong>Director Departament:<\/strong><\/p>\n<p>Conf. univ. dr. Ciucan-Rusu Liviu<\/p>\n<p><strong>\u00a0<\/strong><\/p>\n<p><strong>Membrii Consiliul Departamentului:<\/strong><\/p>\n<p>Prof. univ. dr. habil. Blaga Petru\u021ba \u2013\u00a0<a href=\"https:\/\/umfst.ro\/fileadmin\/f_economie_drept\/cadre%20didactice\/cv_ED1\/Blaga_P_CV_site_UMFST.pdf\">CV<\/a><br \/>Prof. univ. dr. habil. Herman Emilia-Doina \u2013\u00a0<a href=\"https:\/\/umfst.ro\/fileadmin\/f_economie_drept\/cadre%20didactice\/cv_ED1\/Herman_CV_site_umfst.pdf\">CV<\/a><br \/>Prof. univ. dr. habil. \u0218tefan Daniel \u2013 <a href=\"https:\/\/umfst.ro\/fileadmin\/f_economie_drept\/cadre%20didactice\/cv_ED1\/Stefan_D_CV_site_umfst.pdf\">CV<\/a><br \/>Conf. univ. dr. \u0218tef\u0103nescu Daniela \u2013 <a href=\"https:\/\/umfst.ro\/fileadmin\/f_economie_drept\/cadre%20didactice\/cv_ED1\/Stefanescu_D_CV_site_umfst.pdf\">CV<\/a><br \/>Conf. univ. dr. \u0218tefan Anamari-Beatrice \u2013\u00a0<a href=\"https:\/\/umfst.ro\/fileadmin\/f_economie_drept\/cadre%20didactice\/cv_ED1\/Stefan_AB_CV_site_umfst.pdf\">CV<\/a><br \/>Conf. univ. dr. Comes C\u0103lin-Adrian \u2013\u00a0<a href=\"https:\/\/umfst.ro\/fileadmin\/f_economie_drept\/cadre%20didactice\/cv_ED1\/Calin_Adrian_COMES_CV_site_umfst.pdf\">CV<\/a><br \/>Lect. univ. dr. Sp\u0103t\u0103cean Ioan-Ovidiu \u2013\u00a0<a href=\"https:\/\/www.umfst.ro\/fileadmin\/f_economie_drept\/cadre%20didactice\/cv_ED1\/Spataceanu-Ioan-Ovidiu.pdf\">CV<\/a><br \/>Lect. univ. dr. Pop-Nistor Paula \u2013\u00a0<a href=\"https:\/\/umfst.ro\/fileadmin\/f_economie_drept\/cadre%20didactice\/cv_ED1\/Pop%20Nistor%20Paula_CV_site_umfst.pdf\">CV<\/a><\/p>\n<p><strong>\u00a0Membri:<\/strong><\/p>\n<p>Prof. univ. dr. habil. Szabo Zsuzsanna Katalin \u2013\u00a0<a href=\"https:\/\/umfst.ro\/fileadmin\/f_economie_drept\/cadre%20didactice\/cv_ED1\/Szabo%20Zsuzsanna_CV_site_umfst.pdf\">CV<\/a><br \/>Prof. univ. dr. D\u0103nescu Tatiana \u2013\u00a0<a href=\"https:\/\/umfst.ro\/fileadmin\/f_economie_drept\/cadre%20didactice\/cv_ED1\/Danescu%20Tatiana_CV_site_umfst_2023.pdf\">CV<\/a><br \/>Prof. univ. dr. Neag Ramona\u00a0 \u2013 CV\u00a0<br \/>Prof. univ. dr. habil. Gabor Manuela-Rozalia \u2013\u00a0<a href=\"https:\/\/umfst.ro\/fileadmin\/f_economie_drept\/cadre%20didactice\/cv_ED1\/GABOR%20MR_CV_site_umfst_25%20sept.pdf\">CV<\/a><br \/>Prof. univ. dr. habil. Kardos Mihaela\u00a0<a href=\"https:\/\/umfst.ro\/fileadmin\/f_economie_drept\/cadre%20didactice\/cv_ED1\/Kardos%20M_CV_site_umfst_2024.pdf\">\u2013 CV<\/a><br \/>Conf. univ. dr. G\u00f6nd\u00f6r Mihaela \u2013\u00a0<a href=\"https:\/\/umfst.ro\/fileadmin\/f_economie_drept\/cadre%20didactice\/cv_ED1\/Gondor_Mihaela-Liliana.pdf\">CV<\/a><br \/>Conf. univ. dr. Ma\u0219ca Ema-Speran\u021ba \u2013\u00a0<a href=\"https:\/\/umfst.ro\/fileadmin\/f_economie_drept\/cadre%20didactice\/cv_ED1\/Masca%20Ema%20CV%20site%20UMFST%202023.pdf\">CV<\/a><br \/>Conf. univ. dr. habil. Oltean Flavia-Dana \u2013\u00a0<a href=\"https:\/\/umfst.ro\/fileadmin\/f_economie_drept\/cadre%20didactice\/cv_ED1\/OLTEAN_%20FD_CV_site_umfst_.pdf\">CV<\/a><u><br \/><\/u>Conf. univ. dr. Bunduchi Elena \u2013\u00a0<a href=\"https:\/\/www.umfst.ro\/fileadmin\/f_economie_drept\/cadre%20didactice\/cv_ED1\/Bunduchi_Elena.pdf\">CV<\/a><br \/>Lect. univ. dr. On Angela \u2013\u00a0<a href=\"https:\/\/umfst.ro\/fileadmin\/f_economie_drept\/cadre%20didactice\/cv_ED1\/On%20Angela_CV_site_umfst.pdf\">CV<\/a><br \/>Lect. univ. dr. Re\u0219 Moreno-Doru \u2013\u00a0<a href=\"https:\/\/umfst.ro\/fileadmin\/f_economie_drept\/cadre%20didactice\/cv_ED1\/RES_CV_site_umfst.pdf\">CV<\/a><br \/>Lect. univ. dr. P\u0103\u0219can Irina\u2013Doina \u2013\u00a0<a href=\"https:\/\/umfst.ro\/fileadmin\/f_economie_drept\/cadre%20didactice\/cv_ED1\/Pascan_Irina_CV_site_umfst_2023.pdf\">CV<\/a><br \/>Lect. univ. dr. Sonea Adrian \u2013 CV<br \/>Lect. univ. dr. Varga Elena-Iulia \u2013 CV<br \/>Lect. univ. dr. Zsid\u00f3 Kinga-Emese-\u00a0<a href=\"https:\/\/umfst.ro\/fileadmin\/f_economie_drept\/cadre%20didactice\/cv_ED1\/Zsido_model_CV_site_umfst.pdf\">CV<\/a><br \/>Lect. univ. dr. Kiss M\u00e1rta \u2013 <a href=\"https:\/\/umfst.ro\/fileadmin\/f_economie_drept\/cadre%20didactice\/cv_ED1\/Kiss Marta_CV_site_umfst 2025.pdf\" data-wplink-url-error=\"true\">CV<\/a><br \/>Lector univ. dr. Popt\u0103ma\u0219 Maria- Alexandra \u2013 <a href=\"https:\/\/umfst.ro\/fileadmin\/f_economie_drept\/cadre%20didactice\/cv_ED1\/Poptamas_Maria-Alexandra.pdf\">CV<\/a><br \/>Lector univ. dr. Timu\u0219 Mihai &#8211; <a href=\"https:\/\/umfst.ro\/fileadmin\/f_economie_drept\/cadre%20didactice\/cv_ED1\/Timus_M_CV_site_umfst.pdf\">CV<\/a><br \/>Asist. univ. dr. Baco\u0219 Ioan Bogdan \u2013\u00a0<a href=\"https:\/\/umfst.ro\/fileadmin\/f_economie_drept\/cadre%20didactice\/cv_ED1\/Bacos_IB_CV_SITE_UMFST_2023.pdf\">CV<\/a><u><br \/><\/u>Asist. univ. drd. Curta Petru-Alexandru \u2013 <a href=\"https:\/\/umfst.ro\/fileadmin\/f_economie_drept\/cadre%20didactice\/cv_ED1\/Curta_Petru-Alexandru.pdf\">CV<\/a><br \/>Asist. univ. drd. Socotar Diana \u2013 <a href=\"https:\/\/umfst.ro\/fileadmin\/f_economie_drept\/cadre%20didactice\/cv_ED1\/Socotar_Diana_CV.pdf\">CV<\/a><br \/>Asist. univ. drd. Stejerean Roxana \u2013 <a href=\"https:\/\/umfst.ro\/fileadmin\/f_economie_drept\/cadre%20didactice\/cv_ED1\/Stejerean_Roxana_Maria.pdf\">CV<\/a><br \/><br \/><\/p><\/div>\n\t\t\t\t\t\t\t<\/div>\n\t\t\t\t\t\t<\/div><div class=\"jet-accordion__item jet-toggle jet-toggle-move-up-effect\">\n\t\t\t\t\t\t\t<div id=\"jet-toggle-control-2002\" class=\"jet-toggle__control elementor-menu-anchor\" data-toggle=\"2\" role=\"button\" tabindex=\"0\" aria-controls=\"jet-toggle-content-2002\" aria-expanded=\"false\" data-template-id=\"false\">\n\t\t\t\t\t\t\t\t<div class=\"jet-toggle__label-icon jet-toggle-icon-position-right\"><span class=\"jet-toggle__icon icon-normal jet-tabs-icon\"><svg xmlns=\"http:\/\/www.w3.org\/2000\/svg\" viewbox=\"0 0 448 512\"><path d=\"M256 80c0-17.7-14.3-32-32-32s-32 14.3-32 32V224H48c-17.7 0-32 14.3-32 32s14.3 32 32 32H192V432c0 17.7 14.3 32 32 32s32-14.3 32-32V288H400c17.7 0 32-14.3 32-32s-14.3-32-32-32H256V80z\"><\/path><\/svg><\/span><span class=\"jet-toggle__icon icon-active jet-tabs-icon\"><svg xmlns=\"http:\/\/www.w3.org\/2000\/svg\" viewbox=\"0 0 448 512\"><path d=\"M432 256c0 17.7-14.3 32-32 32L48 288c-17.7 0-32-14.3-32-32s14.3-32 32-32l352 0c17.7 0 32 14.3 32 32z\"><\/path><\/svg><\/span><\/div><div class=\"jet-toggle__label-text\">Drept \u0219i Administra\u021bie Public\u0103 ED2<\/div>\t\t\t\t\t\t\t<\/div>\n\t\t\t\t\t\t\t<div id=\"jet-toggle-content-2002\" class=\"jet-toggle__content\" data-toggle=\"2\" role=\"region\" data-template-id=\"false\">\n\t\t\t\t\t\t\t\t<div class=\"jet-toggle__content-inner\"><p><strong>Director de departament<\/strong><\/p>\n<p>Conf. univ. dr. Valea Daniela-Cristina \u2013\u00a0<a href=\"https:\/\/umfst.ro\/fileadmin\/f_economie_drept\/cadre%20didactice\/cv_ED2\/CV_site_umfst_VALEA_D.pdf\">CV<\/a><\/p>\n<p><strong>Consiliul departamentului<\/strong><\/p>\n<p>Prof. univ. dr. Dogaru Lucre\u0163ia\u2013\u00a0<a href=\"https:\/\/umfst.ro\/fileadmin\/f_economie_drept\/cadre%20didactice\/cv_ED2\/CV_site_umfst_DOGARU_L.pdf\">CV<\/a><br \/>Conf. univ. dr. Hurub\u0103 Eugen \u2013\u00a0<a href=\"https:\/\/umfst.ro\/fileadmin\/f_economie_drept\/cadre%20didactice\/cv_ED2\/CV_site_umfst_HURUBA_E.pdf\">CV<\/a><br \/>Conf. univ. dr. Sab\u0103u-Pop Aurelian-Olimpiu\u2013\u00a0<a href=\"https:\/\/umfst.ro\/fileadmin\/f_economie_drept\/cadre%20didactice\/cv_ED2\/CV_site_umfst_SABAU-POP_O.pdf\">CV<\/a><br \/>Lect. univ. dr. Boant\u0103 Vasile-Adrian \u2013\u00a0<a href=\"https:\/\/umfst.ro\/fileadmin\/f_economie_drept\/cadre%20didactice\/cv_ED2\/CV_site_boanta_BOANTA_A.pdf\">CV<\/a><\/p>\n<p><strong>Membri<\/strong><\/p>\n<p>Conf. univ. dr. Boil\u0103 Lacrima-Rodica \u2013\u00a0<a href=\"https:\/\/umfst.ro\/fileadmin\/f_economie_drept\/cadre%20didactice\/cv_ED2\/CV_site_umfst_BOILA_R.pdf\">CV<\/a><br \/>Conf. univ. dr. Ploe\u0219teanu Nicolae-Drago\u015f \u2013\u00a0<a href=\"https:\/\/umfst.ro\/fileadmin\/f_economie_drept\/cadre%20didactice\/cv_ED2\/CV_site_umfst_PLOESTEANU_N.pdf\">CV<\/a><br \/>Conf. univ. dr. Marian Br\u00eendu\u0219a \u2013 <a href=\"https:\/\/umfst.ro\/fileadmin\/f_economie_drept\/cadre%20didactice\/cv_ED2\/CV_site_umfst_MARIAN_B.pdf\">CV<\/a><br \/>Conf. univ. dr. Coman Ramona-Mihaela\u2013\u00a0<a href=\"https:\/\/umfst.ro\/fileadmin\/f_economie_drept\/cadre%20didactice\/cv_ED2\/CV_site_umfst_COMAN_R.pdf\">CV<\/a><br \/>Conf. univ. dr. Moldovan Maria-Ximena \u2013\u00a0<a href=\"https:\/\/umfst.ro\/fileadmin\/f_economie_drept\/cadre%20didactice\/cv_ED2\/CV_site_umfst_MOLDOVAN_X.pdf\">CV<\/a><br \/>Lect. univ. dr. Roba Roxana-Maria \u2013\u00a0<a href=\"https:\/\/umfst.ro\/fileadmin\/f_economie_drept\/cadre%20didactice\/cv_ED2\/CV_site_umfst_ROBA_R.pdf\">CV<\/a><br \/>Lect. univ. dr. \u015etefan Ileana \u2013\u00a0<a href=\"https:\/\/umfst.ro\/fileadmin\/f_economie_drept\/cadre%20didactice\/cv_ED2\/CV_site_umfst_STEFA_I.pdf\">CV<\/a><br \/>Lect. univ. dr. Miron Raul \u2013<a href=\"https:\/\/umfst.ro\/fileadmin\/f_economie_drept\/cadre%20didactice\/cv_ED2\/CV_site_umfst_MIRON_R.pdf\">\u00a0CV<\/a><br \/>Lect. univ. dr. Kajcsa Andrea \u2013\u00a0<a href=\"https:\/\/umfst.ro\/fileadmin\/f_economie_drept\/cadre%20didactice\/cv_ED2\/CV_site_umfst_KAJCSA_A.pdf\">CV<\/a><br \/>Lect. univ. dr. Luntraru Bianca-Lacrima \u2013\u00a0<a href=\"https:\/\/umfst.ro\/fileadmin\/f_economie_drept\/cadre%20didactice\/cv_ED2\/CV_site_umfst_LUNTRARU_B.pdf\">CV<\/a><br \/>Asistent univ. dr. Blaj Sonia-Bianca \u2013 <a href=\"https:\/\/umfst.ro\/fileadmin\/f_economie_drept\/cadre%20didactice\/cv_ED2\/Sonia Blaj_CV_site_umfst.pdf\" data-wplink-url-error=\"true\">CV<\/a><br \/>Asistent univ. dr. Tru\u021ba Roxana-Silvia &#8211; <a href=\"https:\/\/umfst.ro\/fileadmin\/f_economie_drept\/cadre%20didactice\/cv_ED2\/Tru\u021ba Roxana Silvia_CV_site_umfst.pdf\" data-wplink-url-error=\"true\">CV<\/a><\/p><\/div>\n\t\t\t\t\t\t\t<\/div>\n\t\t\t\t\t\t<\/div><div class=\"jet-accordion__item jet-toggle jet-toggle-move-up-effect\">\n\t\t\t\t\t\t\t<div id=\"jet-toggle-control-2003\" class=\"jet-toggle__control elementor-menu-anchor\" data-toggle=\"3\" role=\"button\" tabindex=\"0\" aria-controls=\"jet-toggle-content-2003\" aria-expanded=\"false\" data-template-id=\"false\">\n\t\t\t\t\t\t\t\t<div class=\"jet-toggle__label-icon jet-toggle-icon-position-right\"><span class=\"jet-toggle__icon icon-normal jet-tabs-icon\"><svg xmlns=\"http:\/\/www.w3.org\/2000\/svg\" viewbox=\"0 0 448 512\"><path d=\"M256 80c0-17.7-14.3-32-32-32s-32 14.3-32 32V224H48c-17.7 0-32 14.3-32 32s14.3 32 32 32H192V432c0 17.7 14.3 32 32 32s32-14.3 32-32V288H400c17.7 0 32-14.3 32-32s-14.3-32-32-32H256V80z\"><\/path><\/svg><\/span><span class=\"jet-toggle__icon icon-active jet-tabs-icon\"><svg xmlns=\"http:\/\/www.w3.org\/2000\/svg\" viewbox=\"0 0 448 512\"><path d=\"M432 256c0 17.7-14.3 32-32 32L48 288c-17.7 0-32-14.3-32-32s14.3-32 32-32l352 0c17.7 0 32 14.3 32 32z\"><\/path><\/svg><\/span><\/div><div class=\"jet-toggle__label-text\">Centrul de \u00cenv\u0103\u021b\u0103m\u00e2nt cu Frecven\u021b\u0103 Redus\u0103 \u0219i la Distan\u021b\u0103<\/div>\t\t\t\t\t\t\t<\/div>\n\t\t\t\t\t\t\t<div id=\"jet-toggle-content-2003\" class=\"jet-toggle__content\" data-toggle=\"3\" role=\"region\" data-template-id=\"false\">\n\t\t\t\t\t\t\t\t<div class=\"jet-toggle__content-inner\"><p><strong>Director CIFRD<br \/><\/strong>Lector univ. dr. Angela On &#8211; <a href=\"https:\/\/umfst.ro\/fileadmin\/f_economie_drept\/cadre didactice\/cifrd\/CV_ON_ANGELA_2025.pdf\">CV<\/a><\/p>\n<p><strong>Consiliul CIFRD<br \/><\/strong>Lector univ. dr. Adrian Boant\u0103 &#8211; <a href=\"https:\/\/umfst.ro\/fileadmin\/f_economie_drept\/cadre%20didactice\/cifrd\/CV_Adrian_Boanta_ID_2025.pdf\">CV<\/a><br \/>Conf. univ. dr. Br\u00eendu\u0219a Marian &#8211; <a href=\"https:\/\/umfst.ro\/fileadmin\/f_economie_drept\/cadre%20didactice\/cifrd\/CV_ Marian_B_ID_2025.pdf\">CV<\/a><br \/>Lector univ. dr. Kinga Zsido &#8211; <a href=\"https:\/\/umfst.ro\/fileadmin\/f_economie_drept\/cadre%20didactice\/cifrd\/CV_ID_Zsido_Kinga_Emese_2025.pdf\">CV<\/a><br \/>Lector univ. dr. Moreno Re\u0219 &#8211; <a href=\"https:\/\/umfst.ro\/fileadmin\/f_economie_drept\/cadre%20didactice\/cifrd\/CV_RES_MORENO_NOV_2025.pdf\">CV<\/a><\/p>\n<section class=\"middleTop\">\n<div class=\"container\">\n<div class=\"row middleContent\">\n<div class=\"col-md-9 defaultRight\">\n<div id=\"c9020\" class=\"frame frame-default frame-type-text frame-layout-0\">\n<p><strong>Secretariat CIFRD<\/strong><br \/>Agnes Geng <br \/>Tel: +40 0265 208 946, +40-0265-215551 int. 541<br \/>E-mail: <a href=\"mailto:secretariat.cifr@umfst.ro\">secretariat.cifr@umfst.ro<\/a>, <a href=\"mailto:agnes.geng@umfst.ro\">agnes.geng@umfst.ro<\/a><\/p>\n<p><strong>Localizare\/Programe<\/strong><\/p>\n<ul>\n<li>Derularea programelor de studii la forma ID se realizeaz\u0103 printr-o structur\u0103 distinct\u0103 a universit\u0103\u021bii, numit\u0103 Centrul pentru \u00cenv\u0103\u021b\u0103m\u00e2nt cu Frecven\u021b\u0103 Redus\u0103 \u0219i la Distan\u021b\u0103 (CIFRD);<\/li>\n<li>Centrul IFRD este localizat la nivelul Facult\u0103\u021bii de Economie \u0219i Drept, la adresa: Str. Livezeni, nr. 69;<\/li>\n<li>Programele de studii \u00een formatul ID pe care Facultatea de Economie \u0219i Drept le pune la dispozi\u021bia candida\u021bilor sunt: Management (3 ani), Contabilitate \u0219i Informatic\u0103 de Gestiune (3 ani) \u0219i Drept (4 ani);<\/li>\n<li>Preadmiterea \u0219i admiterea la programele de studii ID sunt identice cu cele de la programele cu frecven\u021b\u0103 (informa\u021bii pe\u00a0<a href=\"https:\/\/adminfo.umfst.ro\/\" target=\"_blank\" rel=\"noopener noreferrer\">https:\/\/adminfo.umfst.ro\/<\/a>).<\/li>\n<\/ul>\n<p>\u00a0<\/p>\n<p><strong>Descriere ID<\/strong><\/p>\n<ul>\n<li>Instruirea la distan\u021b\u0103 este o form\u0103 flexibil\u0103 de \u00eenv\u0103\u021b\u0103m\u00e2nt superior, bazat\u0103 \u00een cea mai mare m\u0103sur\u0103 pe utilizarea platformelor informatice; studentul \u00ee\u0219i gestioneaz\u0103 individual timpul dedicat autoinstruirii;<\/li>\n<li>\u00cenv\u0103\u021b\u0103m\u00e2ntul la distan\u021b\u0103 se adreseaz\u0103 \u00een special persoanelor care desf\u0103\u0219oar\u0103 o activitate profesional\u0103 activ\u0103 \u0219i care doresc o instruire de nivel superior printr-o form\u0103 accesibil\u0103 de \u00eenv\u0103\u021b\u0103m\u00e2nt;<\/li>\n<li>Se pot \u00eenrola absolven\u021bi de liceu din promo\u021bia actual\u0103 sau promo\u021bii anterioare (v\u00e2rsta nu are relevan\u021b\u0103); rom\u00e2ni din diaspora &#8211; av\u00e2nd \u00een vedere c\u0103 nici localizarea geografic\u0103 a studen\u021bilor nu are relevan\u021b\u0103; persoane care au absolvit anterior alte facult\u0103\u021bi sau programe de instruire \u0219i care doresc reconversia profesional\u0103;<\/li>\n<li>\u00cenv\u0103\u021b\u0103m\u00e2ntul la distan\u021b\u0103 se organizeaz\u0103 numai \u00een regim cu tax\u0103; cuantumul taxelor de studii \u015fi a celorlalte tipuri de taxe se aprob\u0103 anual de c\u0103tre Senatul Universit\u0103\u0163ii;<\/li>\n<li>Taxa de studiu este unic\u0103 pentru to\u0163i studen\u0163ii programelor de licen\u021b\u0103 ai Facult\u0103\u021bii de Economie \u0219i Drept (inclusiv programe ID) \u0219i poate fi achitat\u0103 integral sau \u00een 4 rate \u00een decursul anului universitar;<\/li>\n<li>Planurile de \u00eenv\u0103\u0163\u0103m\u00e2nt ID au acela\u0219i con\u021binut cu cele de la \u00eenv\u0103\u021b\u0103m\u00e2ntul cu frecven\u021b\u0103 (IF), prin urmare \u0219i diplomele de licen\u021b\u0103 sunt echivalente;<\/li>\n<li>Activit\u0103\u021bile didactice se realizeaz\u0103 prin intermediul platformelor electronice; \u00eent\u00e2lnirile online obligatorii sunt organizate la sf\u00e2r\u0219it de s\u0103pt\u0103m\u00e2n\u0103, \u00een zilele de vineri dup\u0103 masa \u0219i s\u00e2mb\u0103ta, dup\u0103 un <a href=\"https:\/\/www.umfst.ro\/economie-si-drept\/informatii-studenti\/informatii-specifice-facultatii\/orare-de-invatamant.html\">orar<\/a> stabilit la \u00eenceput de modul;<\/li>\n<li>Cadrele didactice sunt instruite \u00een tehnologia ID \u0219i se oblig\u0103 s\u0103 pun\u0103 la dispozi\u021bia studen\u021bilor toate mijloacele necesare pentru facilitarea autoinstruirii \u0219i autoevalu\u0103rii progresive (\u00eenregistr\u0103ri, materiale scrise, pagini web, materiale multimedia, aplica\u021bii informatice etc.);<\/li>\n<li>Studen\u021bii ID au acces la toate facilit\u0103\u021bile universit\u0103\u021bii: biblioteci, s\u0103li de sport, platforme electronice etc.;<\/li>\n<li>Studen\u021bii ID se pot \u00eenscrie la Modulul Pedagogic &#8211; preg\u0103tirea psiho-pedagogic\u0103 \u015fi metodic\u0103 \u00een vederea ocup\u0103rii unui post \u00een \u00eenv\u0103\u0163\u0103m\u00e2nt;<\/li>\n<li>Exist\u0103 posibilitatea particip\u0103rii la activitatea de cercetare stiin\u0163ific\u0103 studen\u0163easc\u0103 \u015fi la sesiunile \u015ftiin\u0163ifice organizate \u00een cadrul Universit\u0103\u0163ii;<\/li>\n<li>Informa\u021bii mai detaliate despre ID g\u0103si\u021bi \u00een Ghidul de consiliere a studen\u021bilor ID.<\/li>\n<\/ul>\n<\/div>\n<\/div>\n<\/div>\n<\/div>\n<\/section>\n<h5>\u00a0<\/h5>\n<h5 class=\"col-xs-12 col-sm-6 col-md-3 colmenu\"><strong>Ghiduri, regulamente \u0219i proceduri ID<\/strong><\/h5>\n<div><strong>Ghiduri<br \/><\/strong><a class=\"download\" href=\"https:\/\/www.umfst.ro\/fileadmin\/f_economie_drept\/organizare\/CIFRD\/Ghid_consiliere_studenti_ID.pdf\" target=\"_blank\" rel=\"noopener\">Ghid consiliere studenti ID<\/a><\/div>\n<div><a href=\"https:\/\/www.umfst.ro\/fileadmin\/f_economie_drept\/organizare\/CIFRD\/Ghidul_privind_intocmirea_materialelor_didactice_ID.pdf\">GHID pentru elaborarea materialelor didactice \u00een tehnologie ID<\/a><\/div>\n<div><a href=\"https:\/\/www.umfst.ro\/fileadmin\/f_economie_drept\/organizare\/CIFRD\/Serviciile_suport_la_distanta.pdf\">Serviciile de suport la distan\u021b\u0103<\/a><\/div>\n<div>\u00a0<\/div>\n<div><strong>Regulamente<\/strong><\/div>\n<div>\n<div class=\"col-xs-12 col-sm-6 col-md-3 colmenu\">Regulamentul de ordine \u0219i func\u021bionare CIFRD\u00a0<a href=\"https:\/\/umfst.ro\/fileadmin\/documente_oficiale\/regulamente\/UMFST-REG-96.pdf\" data-uw-pdf-br=\"2\" data-uw-pdf-doc=\"\">UMFST-REG-96 Editia 02<\/a><\/div>\n<\/div>\n<div>\u00a0<\/div>\n<div><strong>Proceduri ID<\/strong><\/div>\n<div><a href=\"https:\/\/www.umfst.ro\/fileadmin\/f_economie_drept\/organizare\/CIFRD\/Procedura_actualizare_materiale_ID.pdf\">Procedur\u0103 privind actualizarea periodic\u0103 a materialelor de studiu ID<\/a><\/div>\n<div><a href=\"https:\/\/www.umfst.ro\/fileadmin\/f_economie_drept\/organizare\/CIFRD\/Procedura_instruire_perfectionare_ID.pdf\">Procedur\u0103 privind instruirea \u0219i perfec\u021bionarea periodic\u0103 a personalului implicat \u00een \u00eenv\u0103\u021b\u0103m\u00e2ntul la distan\u021b\u0103<\/a><\/div>\n<div><a href=\"https:\/\/www.umfst.ro\/fileadmin\/f_economie_drept\/organizare\/CIFRD\/Procedura_monitorizare_plan_fise_ID_.pdf\">Procedur\u0103 privind monitorizarea \u0219i asigurarea echivalen\u021bei activit\u0103\u021bilor din planurile de \u00eenv\u0103\u0163\u0103m\u00e2nt \u0219i fi\u0219ele de disciplin\u0103 la ID<\/a><\/div>\n<div><a href=\"https:\/\/www.umfst.ro\/fileadmin\/f_economie_drept\/organizare\/CIFRD\/Procedura_monitorizare_sistemtutorial_ID.pdf\">Procedur\u0103 privind monitorizarea sistemului tutorial \u0219i de comunicare bidirec\u021bional\u0103 \u00een cadrul programelor de studii ID<\/a><\/div>\n<div>\u00a0<\/div>\n<div>\u00a0<\/div><\/div>\n\t\t\t\t\t\t\t<\/div>\n\t\t\t\t\t\t<\/div>\t\t\t<\/div>\n\t\t<\/div>\n\t\t\t\t\t\t<\/div>\n\t\t\t\t<\/div>\n\t\t\t\t\t<\/div>\n\t\t<\/div>\n\t\t\t\t\t<\/div>\n\t\t<\/section>\n\t\t\t\t<\/div>","protected":false},"excerpt":{"rendered":"<p>Departamentele Facult\u0103\u021bii de Economie \u0219i Drept \u0218tiin\u021be Economice ED1 Director Departament: Conf. univ. dr. Ciucan-Rusu Liviu \u00a0 Membrii Consiliul Departamentului: Prof. univ. dr. habil. Blaga Petru\u021ba \u2013\u00a0CVProf. univ. dr. habil. Herman Emilia-Doina \u2013\u00a0CVProf. univ. dr. habil. \u0218tefan Daniel \u2013 CVConf. univ. dr. \u0218tef\u0103nescu Daniela \u2013 CVConf. univ. dr. \u0218tefan Anamari-Beatrice \u2013\u00a0CVConf. univ. dr. Comes C\u0103lin-Adrian [&hellip;]<\/p>\n","protected":false},"author":4,"featured_media":0,"parent":0,"menu_order":3,"comment_status":"closed","ping_status":"closed","template":"","meta":{"_relevanssi_hide_post":"","_relevanssi_hide_content":"","_relevanssi_pin_for_all":"","_relevanssi_pin_keywords":"","_relevanssi_unpin_keywords":"","_relevanssi_related_keywords":"","_relevanssi_related_include_ids":"","_relevanssi_related_exclude_ids":"","_relevanssi_related_no_append":"","_relevanssi_related_not_related":"","_relevanssi_related_posts":"1","_relevanssi_noindex_reason":"","footnotes":""},"categories":[13],"tags":[],"class_list":["post-54","page","type-page","status-publish","hentry","category-pagina-cu-sidebar"],"meta_box":[],"_links":{"self":[{"href":"https:\/\/umfst.ro\/economie-si-drept\/hu\/wp-json\/wp\/v2\/pages\/54","targetHints":{"allow":["GET"]}}],"collection":[{"href":"https:\/\/umfst.ro\/economie-si-drept\/hu\/wp-json\/wp\/v2\/pages"}],"about":[{"href":"https:\/\/umfst.ro\/economie-si-drept\/hu\/wp-json\/wp\/v2\/types\/page"}],"author":[{"embeddable":true,"href":"https:\/\/umfst.ro\/economie-si-drept\/hu\/wp-json\/wp\/v2\/users\/4"}],"replies":[{"embeddable":true,"href":"https:\/\/umfst.ro\/economie-si-drept\/hu\/wp-json\/wp\/v2\/comments?post=54"}],"version-history":[{"count":145,"href":"https:\/\/umfst.ro\/economie-si-drept\/hu\/wp-json\/wp\/v2\/pages\/54\/revisions"}],"predecessor-version":[{"id":4452,"href":"https:\/\/umfst.ro\/economie-si-drept\/hu\/wp-json\/wp\/v2\/pages\/54\/revisions\/4452"}],"wp:attachment":[{"href":"https:\/\/umfst.ro\/economie-si-drept\/hu\/wp-json\/wp\/v2\/media?parent=54"}],"wp:term":[{"taxonomy":"category","embeddable":true,"href":"https:\/\/umfst.ro\/economie-si-drept\/hu\/wp-json\/wp\/v2\/categories?post=54"},{"taxonomy":"post_tag","embeddable":true,"href":"https:\/\/umfst.ro\/economie-si-drept\/hu\/wp-json\/wp\/v2\/tags?post=54"}],"curies":[{"name":"wp","href":"https:\/\/api.w.org\/{rel}","templated":true}]}}