{"id":82,"date":"2022-11-22T18:43:33","date_gmt":"2022-11-22T16:43:33","guid":{"rendered":"https:\/\/dev.umfst.ro\/economie-si-drept\/?page_id=82"},"modified":"2025-07-01T11:17:12","modified_gmt":"2025-07-01T08:17:12","slug":"anunturi-studenti","status":"publish","type":"page","link":"https:\/\/umfst.ro\/economie-si-drept\/hu\/informatii-studenti\/informatii-specifice-facultatii\/anunturi-studenti\/","title":{"rendered":"Anun\u021buri studen\u021bi"},"content":{"rendered":"<div data-elementor-type=\"wp-page\" data-elementor-id=\"82\" class=\"elementor elementor-82\" data-elementor-post-type=\"page\">\n\t\t\t\t\t\t<section class=\"elementor-section elementor-top-section elementor-element elementor-element-b003d42 elementor-section-boxed elementor-section-height-default elementor-section-height-default\" data-id=\"b003d42\" data-element_type=\"section\" data-e-type=\"section\">\n\t\t\t\t\t\t<div class=\"elementor-container elementor-column-gap-default\">\n\t\t\t\t\t<div class=\"elementor-column elementor-col-100 elementor-top-column elementor-element elementor-element-ecfa62b\" data-id=\"ecfa62b\" data-element_type=\"column\" data-e-type=\"column\">\n\t\t\t<div class=\"elementor-widget-wrap elementor-element-populated\">\n\t\t\t\t\t\t<div class=\"elementor-element elementor-element-063a7b7 elementor-widget elementor-widget-text-editor\" data-id=\"063a7b7\" data-element_type=\"widget\" data-e-type=\"widget\" data-widget_type=\"text-editor.default\">\n\t\t\t\t<div class=\"elementor-widget-container\">\n\t\t\t\t\t\t\t\t\t<h2>Anun\u021buri studen\u021bi anul universitar 2024-2025<\/h2><p><span style=\"color: #ff0000\">Colocviul de restan\u021b\u0103 la disciplina <em><strong>Educa\u021bie fizic\u0103<\/strong><\/em> \u0219i <strong>Educa\u021bie fizic\u0103 \u0219i sport<\/strong> (modul 1,2,3 \u0219i 4) pentru toate programele de licen\u021b\u0103, \u00eenv\u0103\u021b\u0103m\u00e2nt cu frecven\u021b\u0103, va avea loc \u00een data de:<\/span><\/p><p><span style=\"color: #ff0000\"><strong>\u00a03 iulie 2025<\/strong> &#8211; <strong>ora 10<sup>00<\/sup><\/strong> &#8211;\u00a0 <strong>sala de Sport dr. Pongracz Antal<\/strong> (str. Gheorghe Marinescu nr. 38)<\/span><\/p><p>Colocviul la Educa\u021bie fizic\u0103 ID va avea loc duminic\u0103 \u00een data de 3 noiembrie<\/p><p>8.00 \u2013 10.00 GRUPA 1,<\/p><p>10.00-12.00 GRUPA 2,<\/p><p>12.00 -14.00 GRUPA 3<\/p>\t\t\t\t\t\t\t\t<\/div>\n\t\t\t\t<\/div>\n\t\t\t\t\t<\/div>\n\t\t<\/div>\n\t\t\t\t\t<\/div>\n\t\t<\/section>\n\t\t\t\t<\/div>","protected":false},"excerpt":{"rendered":"<p>Anun\u021buri studen\u021bi anul universitar 2024-2025 Colocviul de restan\u021b\u0103 la disciplina Educa\u021bie fizic\u0103 \u0219i Educa\u021bie fizic\u0103 \u0219i sport (modul 1,2,3 \u0219i 4) pentru toate programele de licen\u021b\u0103, \u00eenv\u0103\u021b\u0103m\u00e2nt cu frecven\u021b\u0103, va avea loc \u00een data de: \u00a03 iulie 2025 &#8211; ora 1000 &#8211;\u00a0 sala de Sport dr. Pongracz Antal (str. Gheorghe Marinescu nr. 38) Colocviul la [&hellip;]<\/p>\n","protected":false},"author":4,"featured_media":0,"parent":80,"menu_order":0,"comment_status":"closed","ping_status":"closed","template":"","meta":{"_relevanssi_hide_post":"","_relevanssi_hide_content":"","_relevanssi_pin_for_all":"","_relevanssi_pin_keywords":"","_relevanssi_unpin_keywords":"","_relevanssi_related_keywords":"","_relevanssi_related_include_ids":"","_relevanssi_related_exclude_ids":"","_relevanssi_related_no_append":"","_relevanssi_related_not_related":"","_relevanssi_related_posts":"1","_relevanssi_noindex_reason":"","footnotes":""},"categories":[13,33],"tags":[],"class_list":["post-82","page","type-page","status-publish","hentry","category-pagina-cu-sidebar","category-pagina-studenti"],"meta_box":[],"_links":{"self":[{"href":"https:\/\/umfst.ro\/economie-si-drept\/hu\/wp-json\/wp\/v2\/pages\/82","targetHints":{"allow":["GET"]}}],"collection":[{"href":"https:\/\/umfst.ro\/economie-si-drept\/hu\/wp-json\/wp\/v2\/pages"}],"about":[{"href":"https:\/\/umfst.ro\/economie-si-drept\/hu\/wp-json\/wp\/v2\/types\/page"}],"author":[{"embeddable":true,"href":"https:\/\/umfst.ro\/economie-si-drept\/hu\/wp-json\/wp\/v2\/users\/4"}],"replies":[{"embeddable":true,"href":"https:\/\/umfst.ro\/economie-si-drept\/hu\/wp-json\/wp\/v2\/comments?post=82"}],"version-history":[{"count":26,"href":"https:\/\/umfst.ro\/economie-si-drept\/hu\/wp-json\/wp\/v2\/pages\/82\/revisions"}],"predecessor-version":[{"id":4168,"href":"https:\/\/umfst.ro\/economie-si-drept\/hu\/wp-json\/wp\/v2\/pages\/82\/revisions\/4168"}],"up":[{"embeddable":true,"href":"https:\/\/umfst.ro\/economie-si-drept\/hu\/wp-json\/wp\/v2\/pages\/80"}],"wp:attachment":[{"href":"https:\/\/umfst.ro\/economie-si-drept\/hu\/wp-json\/wp\/v2\/media?parent=82"}],"wp:term":[{"taxonomy":"category","embeddable":true,"href":"https:\/\/umfst.ro\/economie-si-drept\/hu\/wp-json\/wp\/v2\/categories?post=82"},{"taxonomy":"post_tag","embeddable":true,"href":"https:\/\/umfst.ro\/economie-si-drept\/hu\/wp-json\/wp\/v2\/tags?post=82"}],"curies":[{"name":"wp","href":"https:\/\/api.w.org\/{rel}","templated":true}]}}