{"id":99,"date":"2022-11-22T18:57:49","date_gmt":"2022-11-22T18:57:49","guid":{"rendered":"https:\/\/dev.umfst.ro\/economie-si-drept\/?page_id=99"},"modified":"2025-06-18T13:41:03","modified_gmt":"2025-06-18T10:41:03","slug":"tabere","status":"publish","type":"page","link":"https:\/\/umfst.ro\/economie-si-drept\/hu\/informatii-studenti\/informatii-specifice-facultatii\/tabere\/","title":{"rendered":"Tabere"},"content":{"rendered":"<div data-elementor-type=\"wp-page\" data-elementor-id=\"99\" class=\"elementor elementor-99\" data-elementor-post-type=\"page\">\n\t\t\t\t\t\t<section class=\"elementor-section elementor-top-section elementor-element elementor-element-1c56237 elementor-section-boxed elementor-section-height-default elementor-section-height-default\" data-id=\"1c56237\" data-element_type=\"section\" data-e-type=\"section\">\n\t\t\t\t\t\t<div class=\"elementor-container elementor-column-gap-default\">\n\t\t\t\t\t<div class=\"elementor-column elementor-col-100 elementor-top-column elementor-element elementor-element-c05eda3\" data-id=\"c05eda3\" data-element_type=\"column\" data-e-type=\"column\">\n\t\t\t<div class=\"elementor-widget-wrap elementor-element-populated\">\n\t\t\t\t\t\t<div class=\"elementor-element elementor-element-c361a2a elementor-widget elementor-widget-text-editor\" data-id=\"c361a2a\" data-element_type=\"widget\" data-e-type=\"widget\" data-widget_type=\"text-editor.default\">\n\t\t\t\t<div class=\"elementor-widget-container\">\n\t\t\t\t\t\t\t\t\t<h2>Tabere studen\u021be\u0219ti 2025<\/h2>\n<p><a href=\"https:\/\/www.umfst.ro\/fileadmin\/studenti\/tabere\/2025\/FED\/Alegerea loca\u021biilor \u00een Tab\u0103ra de var\u0103 2025_FED.pdf\" data-wplink-url-error=\"true\">Alegerea loca\u021biilor \u00een Tab\u0103ra de var\u0103 2025<\/a><\/p>\n<p><a href=\"https:\/\/www.umfst.ro\/fileadmin\/studenti\/tabere\/2025\/FED\/Alegerea loca\u021biilor \u00een Tab\u0103ra de var\u0103 2025_FED.pdf\" data-wplink-url-error=\"true\">Proces verbal selec\u021bie_Tabere 2025<\/a><\/p>\n<p><a href=\"https:\/\/www.umfst.ro\/fileadmin\/studenti\/tabere\/2025\/FED\/Anun\u021b \u00eentrunire comisie de selec\u021bie.pdf\" data-wplink-url-error=\"true\">Anun\u021b \u00eentrunire comisie de selec\u021bie<\/a><\/p>\n<p><a href=\"https:\/\/www.umfst.ro\/fileadmin\/studenti\/tabere\/2025\/FED\/Lista studen\u021bilor care au depus cereri pentru ob\u021binerea unui loc \u00een Tab\u0103ra de var\u0103 2025.pdf\" data-wplink-url-error=\"true\">Lista studen\u021bilor care au depus cereri pentru ob\u021binerea unui loc \u00een Tab\u0103ra de var\u0103 2025<\/a><\/p>\n<p><a href=\"https:\/\/www.umfst.ro\/fileadmin\/studenti\/tabere\/2025\/Anunt depunere tabere studentesti 2025.pdf\" data-wplink-url-error=\"true\">Anunt depunere tabere studentesti 2025<\/a><\/p>\n<p><a href=\"https:\/\/www.umfst.ro\/fileadmin\/studenti\/tabere\/2025\/Metodologie Tabere studentesti 2025.pdf\" target=\"_blank\" rel=\"noopener\" aria-label=\"Metodologie privind organizarea taberelor studen\u021be\u0219ti - deschide \u00eentr-o fil\u0103 nou\u0103\" data-uw-rm-ext-link=\"\" data-uw-pdf-br=\"2\" data-uw-pdf-doc=\"\">Metodologie privind organizarea taberelor studen\u021be\u0219ti<\/a><\/p>\n<p><a href=\"https:\/\/www.umfst.ro\/fileadmin\/studenti\/tabere\/2025\/Anexa 4 la metodologie TS.docx\" target=\"_blank\" rel=\"noopener\" data-uw-rm-brl=\"PR\" data-uw-original-href=\"https:\/\/www.umfst.ro\/fileadmin\/studenti\/tabere\/2025\/Anexa%204%20la%20metodologie%20TS.docx\" aria-label=\"Anexa nr. 4 la metodologie - deschide \u00eentr-o fil\u0103 nou\u0103\" data-uw-rm-ext-link=\"\" data-wplink-url-error=\"true\">Anexa nr. 4 la metodologie<\/a><\/p>\n<p><a href=\"https:\/\/www.umfst.ro\/fileadmin\/studenti\/tabere\/2025\/Modalit\u0103\u021bi de depunere a cererilor pentru tabere studen\u021be\u0219ti 2025.pdf\" data-wplink-url-error=\"true\">Modalit\u0103\u021bi de depunere a cererilor pentru tabere studen\u021be\u0219ti 2025<\/a><\/p>\n<p>\u00a0<\/p>\t\t\t\t\t\t\t\t<\/div>\n\t\t\t\t<\/div>\n\t\t\t\t\t<\/div>\n\t\t<\/div>\n\t\t\t\t\t<\/div>\n\t\t<\/section>\n\t\t\t\t<section class=\"elementor-section elementor-top-section elementor-element elementor-element-c35d92e elementor-section-boxed elementor-section-height-default elementor-section-height-default\" data-id=\"c35d92e\" data-element_type=\"section\" data-e-type=\"section\">\n\t\t\t\t\t\t<div class=\"elementor-container elementor-column-gap-default\">\n\t\t\t\t\t<div class=\"elementor-column elementor-col-100 elementor-top-column elementor-element elementor-element-e25c91f\" data-id=\"e25c91f\" data-element_type=\"column\" data-e-type=\"column\">\n\t\t\t<div class=\"elementor-widget-wrap elementor-element-populated\">\n\t\t\t\t\t\t<div class=\"elementor-element elementor-element-1fb7d8f elementor-widget elementor-widget-text-editor\" data-id=\"1fb7d8f\" data-element_type=\"widget\" data-e-type=\"widget\" data-widget_type=\"text-editor.default\">\n\t\t\t\t<div class=\"elementor-widget-container\">\n\t\t\t\t\t\t\t\t\t<h2>Tabere studen\u021be\u0219ti 2024<\/h2>\n<p><a href=\"https:\/\/www.umfst.ro\/fileadmin\/studenti\/tabere\/2024\/Alegerea_locatiilor_in_Tabara_de_vara_2024.pdf\">Alegerea locatiilor \u00een Tab\u0103ra de var\u0103 2024<\/a><\/p>\n<p><a href=\"https:\/\/www.umfst.ro\/fileadmin\/studenti\/tabere\/2024\/2.Anunt_intalnire_pentru_repartizarea_locurilor_in_tabereFED.pdf\">Anun\u021b \u00eentrunire Comisie pentru repartizarea locurilor in taberele studen\u021be\u0219ti<\/a><\/p>\n<p><a href=\"https:\/\/www.umfst.ro\/fileadmin\/f_economie_drept\/inf_studenti\/tabere\/2024\/Anunt_intrunire_comisie_de_selectie.pdf\">Anun\u021b \u00eentrunire Comisie de selec\u021bie tabere studen\u021be\u0219ti<\/a><\/p>\n<p><a href=\"https:\/\/www.umfst.ro\/fileadmin\/f_economie_drept\/inf_studenti\/tabere\/2024\/Lista_studenti_care_au_depus_cerere_pentru_tabara_03.06.2024.pdf\">Lista studen\u021bi care au depus cereri pentru tabere<\/a><\/p>\n<p><a href=\"https:\/\/www.umfst.ro\/fileadmin\/studenti\/tabere\/2024\/proces-verbal-selectie_Tabere_FED.pdf\">Proces verbal selec\u021bie beneficiari tabere studen\u021be\u0219ti<\/a><\/p>\n<p><a href=\"https:\/\/www.umfst.ro\/fileadmin\/studenti\/tabere\/2024\/Metodologie_tabere_studentesti_2024.pdf\">Metodologia privind organizarea taberelor studen\u021be\u0219ti 2024<\/a><\/p>\n<p><a href=\"https:\/\/www.umfst.ro\/fileadmin\/studenti\/tabere\/2024\/Anexa_4_Metodologie_tabere_studentesti_2024.pdf\">Anexa 4 Metodologie tabere studen\u021be\u0219ti 2024 \u2013 Cerere individual\u0103 pentru ocuparea unui loc \u00een cadrul taberelor studen\u021be\u0219ti 2024<\/a><\/p>\n<p><u><a href=\"https:\/\/www.umfst.ro\/fileadmin\/studenti\/tabere\/2024\/Anunt_depunere_tabere_studentesti_2024.pdf\">Modalit\u0103\u021bi de depunere a cererilor pentru tabere studen\u021be\u0219ti 2024<\/a><\/u><\/p>\t\t\t\t\t\t\t\t<\/div>\n\t\t\t\t<\/div>\n\t\t\t\t\t<\/div>\n\t\t<\/div>\n\t\t\t\t\t<\/div>\n\t\t<\/section>\n\t\t\t\t<section class=\"elementor-section elementor-top-section elementor-element elementor-element-3e0d47cf elementor-section-boxed elementor-section-height-default elementor-section-height-default\" data-id=\"3e0d47cf\" data-element_type=\"section\" data-e-type=\"section\">\n\t\t\t\t\t\t<div class=\"elementor-container elementor-column-gap-default\">\n\t\t\t\t\t<div class=\"elementor-column elementor-col-100 elementor-top-column elementor-element elementor-element-53899f07\" data-id=\"53899f07\" data-element_type=\"column\" data-e-type=\"column\">\n\t\t\t<div class=\"elementor-widget-wrap elementor-element-populated\">\n\t\t\t\t\t\t<div class=\"elementor-element elementor-element-57905c67 elementor-widget elementor-widget-text-editor\" data-id=\"57905c67\" data-element_type=\"widget\" data-e-type=\"widget\" data-widget_type=\"text-editor.default\">\n\t\t\t\t<div class=\"elementor-widget-container\">\n\t\t\t\t\t\t\t\t\t\n<h2 class=\"wp-block-heading\">TABERE 2023<\/h2>\n\n<p><a title=\"Edit\" href=\"https:\/\/www.umfst.ro\/fileadmin\/documente_oficiale\/tabere\/Metodologia_privind_organizarea_taberelor_studentesti_2023.pdf\">Metodologia privind organizarea taberelor studentesti 2023<\/a>\u00a0<\/p>\n<p><a title=\"Edit\" href=\"https:\/\/www.umfst.ro\/fileadmin\/documente_oficiale\/tabere\/Modalitati_depunere_tabere_studentesti_2023.pdf\">Modalit\u0103\u021bi de depunere a cererilor pentru tabere studentesti 2023<\/a><\/p>\n<p><a title=\"Edit\" href=\"https:\/\/www.umfst.ro\/fileadmin\/documente_oficiale\/tabere\/Anexa_4_Metodologie_tabere__studentesti_2023.docx\">Cerere individuala pentru ocuparea unui loc \u00een cadrul taberelor studen\u021be\u0219ti 2023<\/a><\/p>\n<p><a href=\"https:\/\/www.umfst.ro\/fileadmin\/documente_oficiale\/tabere\/Calendar_tabere_studentesti_2023.pdf\">Calendar tabere studentesti 2023<\/a><\/p>\n\t\t\t\t\t\t\t\t<\/div>\n\t\t\t\t<\/div>\n\t\t\t\t\t<\/div>\n\t\t<\/div>\n\t\t\t\t\t<\/div>\n\t\t<\/section>\n\t\t\t\t<section class=\"elementor-section elementor-top-section elementor-element elementor-element-d3f2458 elementor-section-boxed elementor-section-height-default elementor-section-height-default\" data-id=\"d3f2458\" data-element_type=\"section\" data-e-type=\"section\">\n\t\t\t\t\t\t<div class=\"elementor-container elementor-column-gap-default\">\n\t\t\t\t\t<div class=\"elementor-column elementor-col-100 elementor-top-column elementor-element elementor-element-26e0a9f\" data-id=\"26e0a9f\" data-element_type=\"column\" data-e-type=\"column\">\n\t\t\t<div class=\"elementor-widget-wrap elementor-element-populated\">\n\t\t\t\t\t\t<div class=\"elementor-element elementor-element-6b66c33 elementor-widget-divider--view-line_icon elementor-view-default elementor-widget-divider--element-align-center elementor-widget elementor-widget-divider\" data-id=\"6b66c33\" data-element_type=\"widget\" data-e-type=\"widget\" data-widget_type=\"divider.default\">\n\t\t\t\t<div class=\"elementor-widget-container\">\n\t\t\t\t\t\t\t<div class=\"elementor-divider\">\n\t\t\t<span class=\"elementor-divider-separator\">\n\t\t\t\t\t\t\t<div class=\"elementor-icon elementor-divider__element\">\n\t\t\t\t\t<i aria-hidden=\"true\" class=\"fas fa-universal-access\"><\/i><\/div>\n\t\t\t\t\t\t<\/span>\n\t\t<\/div>\n\t\t\t\t\t\t<\/div>\n\t\t\t\t<\/div>\n\t\t\t\t\t<\/div>\n\t\t<\/div>\n\t\t\t\t\t<\/div>\n\t\t<\/section>\n\t\t\t\t<section class=\"elementor-section elementor-top-section elementor-element elementor-element-d32bf52 elementor-section-boxed elementor-section-height-default elementor-section-height-default\" data-id=\"d32bf52\" data-element_type=\"section\" data-e-type=\"section\">\n\t\t\t\t\t\t<div class=\"elementor-container elementor-column-gap-default\">\n\t\t\t\t\t<div class=\"elementor-column elementor-col-100 elementor-top-column elementor-element elementor-element-d8df482\" data-id=\"d8df482\" data-element_type=\"column\" data-e-type=\"column\">\n\t\t\t<div class=\"elementor-widget-wrap elementor-element-populated\">\n\t\t\t\t\t\t<div class=\"elementor-element elementor-element-4017e79 elementor-widget elementor-widget-text-editor\" data-id=\"4017e79\" data-element_type=\"widget\" data-e-type=\"widget\" data-widget_type=\"text-editor.default\">\n\t\t\t\t<div class=\"elementor-widget-container\">\n\t\t\t\t\t\t\t\t\t<p><a href=\"https:\/\/www.umfst.ro\/fileadmin\/studenti\/tabere\/2023\/Anunt_intrunire_comisie_de_selectie_FED.pdf\">Anun\u021b \u00eentrunire Comisie de selec\u021bie tabere studen\u021be\u0219ti<\/a><\/p>\n<p><a href=\"https:\/\/www.umfst.ro\/fileadmin\/studenti\/tabere\/2023\/Lista_studentilor_care_au_depus_cerere_pentru_tabere_FED.pdf\">Lista studen\u021bi care au depus cereri pentru tabere<\/a><\/p>\n<p><a href=\"https:\/\/www.umfst.ro\/fileadmin\/studenti\/tabere\/2023\/Facultatea_de_Economie_si_Drept_-_Proces_verbal_selectie_beneficiari_tabere_studentesti_2023.pdf\">Proces verbal selec\u021bie beneficiari tabere studen\u021be\u0219ti, 2023<\/a><\/p>\n<p><a href=\"https:\/\/www.umfst.ro\/fileadmin\/studenti\/tabere\/2023\/FED_Anunt_Intalnirea_comisiei_cu_studentii_pentru_repartizarea_locurilor_in_tabere.pdf\">Anun\u021b \u00eentrunire Comisie repartizare locuri \u00een taberele studen\u021be\u0219ti<\/a><\/p>\t\t\t\t\t\t\t\t<\/div>\n\t\t\t\t<\/div>\n\t\t\t\t\t<\/div>\n\t\t<\/div>\n\t\t\t\t\t<\/div>\n\t\t<\/section>\n\t\t\t\t<\/div>","protected":false},"excerpt":{"rendered":"<p>Tabere studen\u021be\u0219ti 2025 Alegerea loca\u021biilor \u00een Tab\u0103ra de var\u0103 2025 Proces verbal selec\u021bie_Tabere 2025 Anun\u021b \u00eentrunire comisie de selec\u021bie Lista studen\u021bilor care au depus cereri pentru ob\u021binerea unui loc \u00een Tab\u0103ra de var\u0103 2025 Anunt depunere tabere studentesti 2025 Metodologie privind organizarea taberelor studen\u021be\u0219ti Anexa nr. 4 la metodologie Modalit\u0103\u021bi de depunere a cererilor pentru [&hellip;]<\/p>\n","protected":false},"author":4,"featured_media":0,"parent":80,"menu_order":0,"comment_status":"closed","ping_status":"closed","template":"","meta":{"_relevanssi_hide_post":"","_relevanssi_hide_content":"","_relevanssi_pin_for_all":"","_relevanssi_pin_keywords":"","_relevanssi_unpin_keywords":"","_relevanssi_related_keywords":"","_relevanssi_related_include_ids":"","_relevanssi_related_exclude_ids":"","_relevanssi_related_no_append":"","_relevanssi_related_not_related":"","_relevanssi_related_posts":"1","_relevanssi_noindex_reason":"","footnotes":""},"categories":[13,33],"tags":[],"class_list":["post-99","page","type-page","status-publish","hentry","category-pagina-cu-sidebar","category-pagina-studenti"],"meta_box":[],"_links":{"self":[{"href":"https:\/\/umfst.ro\/economie-si-drept\/hu\/wp-json\/wp\/v2\/pages\/99","targetHints":{"allow":["GET"]}}],"collection":[{"href":"https:\/\/umfst.ro\/economie-si-drept\/hu\/wp-json\/wp\/v2\/pages"}],"about":[{"href":"https:\/\/umfst.ro\/economie-si-drept\/hu\/wp-json\/wp\/v2\/types\/page"}],"author":[{"embeddable":true,"href":"https:\/\/umfst.ro\/economie-si-drept\/hu\/wp-json\/wp\/v2\/users\/4"}],"replies":[{"embeddable":true,"href":"https:\/\/umfst.ro\/economie-si-drept\/hu\/wp-json\/wp\/v2\/comments?post=99"}],"version-history":[{"count":67,"href":"https:\/\/umfst.ro\/economie-si-drept\/hu\/wp-json\/wp\/v2\/pages\/99\/revisions"}],"predecessor-version":[{"id":4152,"href":"https:\/\/umfst.ro\/economie-si-drept\/hu\/wp-json\/wp\/v2\/pages\/99\/revisions\/4152"}],"up":[{"embeddable":true,"href":"https:\/\/umfst.ro\/economie-si-drept\/hu\/wp-json\/wp\/v2\/pages\/80"}],"wp:attachment":[{"href":"https:\/\/umfst.ro\/economie-si-drept\/hu\/wp-json\/wp\/v2\/media?parent=99"}],"wp:term":[{"taxonomy":"category","embeddable":true,"href":"https:\/\/umfst.ro\/economie-si-drept\/hu\/wp-json\/wp\/v2\/categories?post=99"},{"taxonomy":"post_tag","embeddable":true,"href":"https:\/\/umfst.ro\/economie-si-drept\/hu\/wp-json\/wp\/v2\/tags?post=99"}],"curies":[{"name":"wp","href":"https:\/\/api.w.org\/{rel}","templated":true}]}}