{"id":845,"date":"2023-06-05T11:09:31","date_gmt":"2023-06-05T08:09:31","guid":{"rendered":"https:\/\/dev.umfst.ro\/economie-si-drept\/?page_id=845"},"modified":"2026-03-30T15:02:33","modified_gmt":"2026-03-30T12:02:33","slug":"comisii-de-lucru","status":"publish","type":"page","link":"https:\/\/umfst.ro\/economie-si-drept\/organizare\/comisii-de-lucru\/","title":{"rendered":"Comisii de lucru"},"content":{"rendered":"\t\t<div data-elementor-type=\"wp-page\" data-elementor-id=\"845\" class=\"elementor elementor-845\" data-elementor-post-type=\"page\">\n\t\t\t\t\t\t<section class=\"elementor-section elementor-top-section elementor-element elementor-element-e4a559a elementor-section-boxed elementor-section-height-default elementor-section-height-default\" data-id=\"e4a559a\" data-element_type=\"section\" data-e-type=\"section\">\n\t\t\t\t\t\t<div class=\"elementor-container elementor-column-gap-default\">\n\t\t\t\t\t<div class=\"elementor-column elementor-col-100 elementor-top-column elementor-element elementor-element-02ce340\" data-id=\"02ce340\" data-element_type=\"column\" data-e-type=\"column\">\n\t\t\t<div class=\"elementor-widget-wrap elementor-element-populated\">\n\t\t\t\t\t\t<div class=\"elementor-element elementor-element-d0135c8 elementor-widget elementor-widget-jet-accordion\" data-id=\"d0135c8\" data-element_type=\"widget\" data-e-type=\"widget\" data-widget_type=\"jet-accordion.default\">\n\t\t\t\t<div class=\"elementor-widget-container\">\n\t\t\t\t\t\t\t\t\t<div class=\"jet-accordion\" data-settings=\"{&quot;collapsible&quot;:false,&quot;ajaxTemplate&quot;:false,&quot;switchScrolling&quot;:false,&quot;switchScrollingTablet&quot;:false,&quot;switchScrollingMobile&quot;:false,&quot;switchScrollingOffset&quot;:{&quot;size&quot;:0,&quot;unit&quot;:&quot;px&quot;},&quot;switchScrollingOffsetTablet&quot;:{&quot;size&quot;:0,&quot;unit&quot;:&quot;px&quot;},&quot;switchScrollingOffsetMobile&quot;:{&quot;size&quot;:0,&quot;unit&quot;:&quot;px&quot;},&quot;switchScrollingDelay&quot;:500,&quot;switchScrollingDelayTablet&quot;:500,&quot;switchScrollingDelayMobile&quot;:500}\">\n\t\t\t<div class=\"jet-accordion__inner\">\n\t\t\t\t<div class=\" jet-accordion__item jet-toggle jet-toggle-move-up-effect \">\n\t\t\t\t\t\t\t<div id=\"jet-toggle-control-2181\" class=\"jet-toggle__control elementor-menu-anchor\" data-toggle=\"1\" role=\"button\" tabindex=\"0\" aria-controls=\"jet-toggle-content-2181\" aria-expanded=\"false\" data-template-id=\"false\">\n\t\t\t\t\t\t\t\t<div class=\"jet-toggle__label-icon jet-toggle-icon-position-right\"><span class=\"jet-toggle__icon icon-normal jet-tabs-icon\"><svg xmlns=\"http:\/\/www.w3.org\/2000\/svg\" viewBox=\"0 0 448 512\"><path d=\"M256 80c0-17.7-14.3-32-32-32s-32 14.3-32 32V224H48c-17.7 0-32 14.3-32 32s14.3 32 32 32H192V432c0 17.7 14.3 32 32 32s32-14.3 32-32V288H400c17.7 0 32-14.3 32-32s-14.3-32-32-32H256V80z\"><\/path><\/svg><\/span><span class=\"jet-toggle__icon icon-active jet-tabs-icon\"><svg xmlns=\"http:\/\/www.w3.org\/2000\/svg\" viewBox=\"0 0 448 512\"><path d=\"M432 256c0 17.7-14.3 32-32 32L48 288c-17.7 0-32-14.3-32-32s14.3-32 32-32l352 0c17.7 0 32 14.3 32 32z\"><\/path><\/svg><\/span><\/div><div class=\"jet-toggle__label-text\">Comisia de strategie, reform\u0103 \u0219i dezvoltare curricular\u0103<\/div>\t\t\t\t\t\t\t<\/div>\n\t\t\t\t\t\t\t<div id=\"jet-toggle-content-2181\" class=\"jet-toggle__content\" data-toggle=\"1\" role=\"region\" data-template-id=\"false\">\n\t\t\t\t\t\t\t\t<div class=\"jet-toggle__content-inner\"><p><strong>Pre\u0219edinte<br \/><\/strong>Prof. univ. dr. habil. Daniel \u0218tefan<\/p>\n<p><strong>Membri<br \/><\/strong>Lect. univ. dr. Vasile-Adrian Boant\u0103<br \/>Prof. univ. dr. Lucre\u021bia Dogaru<br \/>Conf. univ. dr. Daniela-Cristina Valea<br \/>Conf. univ. dr. Liviu Ciucan-Rusu<br \/>Lect. univ. dr. Angela On<br \/>Cons. jr. Adina Rus \u2013 Consilier Juridic E.ON Rom\u00e2nia, reprezentant al angajatorilor<br \/>Student Cristina-L\u0103cr\u0103mioara Kelemen, Drept, anul IV \u2013 reprezentant al studen\u021bilor<\/p>\n<p><a href=\"https:\/\/www.umfst.ro\/fileadmin\/f_farmacie\/comisii\/2025_Regulament_CSRDC_FED.pdf\">Regulamentul comisiei<\/a><\/p>\n<p><strong>Raport sintez\u0103 al comisiei de strategie, reform\u0103 \u015fi dezvoltare curricular\u0103<br \/><\/strong><a href=\"https:\/\/umfst.ro\/fileadmin\/f_economie_drept\/planuri_rapoarte\/Raport_CSRDC_FED_2025.pdf\">2025<\/a> \u00a0 \u00a0<a href=\"https:\/\/umfst.ro\/fileadmin\/f_economie_drept\/organizare\/Raport_CSRDC_FED_2024.pdf\">2024<\/a><\/p><\/div>\n\t\t\t\t\t\t\t<\/div>\n\t\t\t\t\t\t<\/div><div class=\" jet-accordion__item jet-toggle jet-toggle-move-up-effect \">\n\t\t\t\t\t\t\t<div id=\"jet-toggle-control-2182\" class=\"jet-toggle__control elementor-menu-anchor\" data-toggle=\"2\" role=\"button\" tabindex=\"0\" aria-controls=\"jet-toggle-content-2182\" aria-expanded=\"false\" data-template-id=\"false\">\n\t\t\t\t\t\t\t\t<div class=\"jet-toggle__label-icon jet-toggle-icon-position-right\"><span class=\"jet-toggle__icon icon-normal jet-tabs-icon\"><svg xmlns=\"http:\/\/www.w3.org\/2000\/svg\" viewBox=\"0 0 448 512\"><path d=\"M256 80c0-17.7-14.3-32-32-32s-32 14.3-32 32V224H48c-17.7 0-32 14.3-32 32s14.3 32 32 32H192V432c0 17.7 14.3 32 32 32s32-14.3 32-32V288H400c17.7 0 32-14.3 32-32s-14.3-32-32-32H256V80z\"><\/path><\/svg><\/span><span class=\"jet-toggle__icon icon-active jet-tabs-icon\"><svg xmlns=\"http:\/\/www.w3.org\/2000\/svg\" viewBox=\"0 0 448 512\"><path d=\"M432 256c0 17.7-14.3 32-32 32L48 288c-17.7 0-32-14.3-32-32s14.3-32 32-32l352 0c17.7 0 32 14.3 32 32z\"><\/path><\/svg><\/span><\/div><div class=\"jet-toggle__label-text\">Comisia de evaluare \u0219i asigurare a calit\u0103\u021bii<\/div>\t\t\t\t\t\t\t<\/div>\n\t\t\t\t\t\t\t<div id=\"jet-toggle-content-2182\" class=\"jet-toggle__content\" data-toggle=\"2\" role=\"region\" data-template-id=\"false\">\n\t\t\t\t\t\t\t\t<div class=\"jet-toggle__content-inner\"><p><strong>Pre\u0219edinte<\/strong><strong><br \/><\/strong>Lector univ. dr. Adrian Vasile BOANT\u0102 \u2013 prodecan &#8211; pre\u0219edintele Comisiei<\/p>\n<p><strong>Membri<\/strong><br \/>Lector univ. dr. Zsid\u00f3 Kinga-Emese \u2013 responsabil privind calitatea programelor de studii din domeniul: <em>Management \u0219i Administrarea afacerilor<\/em> &#8211; ED1<br \/>Lector univ. dr. Maria-Alexandra Popt\u0103ma\u0219 \u2013 responsabil privind calitatea programelor de studii din domeniul: <em>Contabilitate \u0219i Finan\u021be<\/em> &#8211; ED1<br \/>Lector univ. dr. Andrea Kajcsa \u2013 responsabil privind calitatea programelor de studii din domeniul: <em>Drept \u0219i \u0218tiin\u021be Administrative<\/em> \u2013 ED2 \u00a0<br \/>Adina RUS \u2013 Consilier Juridic E.ON Rom\u00e2nia, reprezentant al angajatorilor<br \/>Mihai TIMU\u0218 &#8211; reprezentant al absolven\u021bilor<br \/>Cristina-L\u0103cr\u0103mioara KELEMEN, anul I, Master APP &#8211; reprezentant al studen\u021bilor<\/p>\n<p><a href=\"https:\/\/www.umfst.ro\/fileadmin\/f_economie_drept\/organizare\/comisii_de_evaluare_interna_a_calitatii.pdf\" target=\"_blank\" rel=\"noopener\">Comisii de evaluare intern\u0103 a calit\u0103\u021bii<\/a><\/p>\n<p><a href=\"https:\/\/www.umfst.ro\/fileadmin\/f_farmacie\/comisii\/2025_Regulament_CEAC_FED.pdf\">Regulamentul comisiei<\/a><\/p>\n<p><\/p>\n<p><\/p>\n<p><\/p>\n<p><\/p>\n<p><strong>Raport de evaluare interna a programelor de studii<\/strong><br \/><a href=\"https:\/\/umfst.ro\/fileadmin\/f_economie_drept\/organizare\/Raport_de_evaluare_interna_a_programelor_de_studii_2025.pdf\">2025<\/a>\u00a0 \u00a0 <a href=\"https:\/\/umfst.ro\/fileadmin\/f_economie_drept\/organizare\/Raport_de_evaluare_interna_a_programelor_de_studii_2024.pdf\">2024<\/a>\u00a0 \u00a0<a href=\"https:\/\/umfst.ro\/fileadmin\/f_economie_drept\/organizare\/Raport_evaluare_interna_programe_studii_2023.pdf\"> 2023<\/a>\u00a0 \u00a0 <a href=\"https:\/\/www.umfst.ro\/fileadmin\/f_economie_drept\/organizare\/Raport_de_evaluare_interna_a_programelor_de_studii_pentru_anul_2022.pdf\">2022<\/a> \u00a0 <a href=\"https:\/\/www.umfst.ro\/fileadmin\/f_economie_drept\/organizare\/Raport_de_evaluare_interna_a_programelor_de_studii_pentru_anul_2021.pdf\">2021\u00a0<\/a> \u00a0\u00a0 <a href=\"https:\/\/www.umfst.ro\/fileadmin\/f_economie_drept\/organizare\/Raport_CEAC_2020.pdf\"> 2020<\/a><\/p>\n<p><\/p>\n<p><\/p>\n<p><strong>Raport privind satisfac\u021bia absolven\u021bilor<\/strong><br \/><a href=\"https:\/\/www.umfst.ro\/fileadmin\/f_economie_drept\/organizare\/Raport_satisfactia_abs_2024-2025.pdf\">2024-2025<\/a>\u00a0 \u00a0 <a href=\"https:\/\/www.umfst.ro\/fileadmin\/f_economie_drept\/organizare\/Raport_satisfactie_absolvent_23_24.pdf\">2023-2024<\/a>\u00a0 \u00a0 <a href=\"https:\/\/www.umfst.ro\/fileadmin\/f_economie_drept\/organizare\/Raport_satisfactia_abs_2022-2023.pdf\">2022-2023<\/a>\u00a0 \u00a0 \u00a0<a href=\"https:\/\/www.umfst.ro\/fileadmin\/f_economie_drept\/organizare\/Raport_privind_satisfactia_absolventilor_anul_universitar_2021-2022.pdf\">2021-2022<\/a> \u00a0 <a href=\"https:\/\/www.umfst.ro\/fileadmin\/f_economie_drept\/organizare\/Raport_privind_satisfactia_absolventilor_anul_universitar_2020-2021.pdf\">2020-2021<\/a>\u00a0\u00a0\u00a0 <a href=\"https:\/\/www.umfst.ro\/fileadmin\/f_economie_drept\/organizare\/Raport_privind_satisfactia_absolventilor_anul_universitar_2019-2020.pdf\">2019-2020<\/a><\/p>\n<p><strong>Raport privind satisfac\u021bia studentilor 2025-2026<br \/><\/strong><a href=\"https:\/\/www.umfst.ro\/fileadmin\/f_economie_drept\/organizare\/Raport_satisfactia_stud_2025-2026_Modul_1.pdf\">Modul1<\/a> \u00a0<a href=\"https:\/\/www.umfst.ro\/fileadmin\/f_economie_drept\/organizare\/Raport_satisfactia_stud_2025-2026_Modul_2.pdf\">Modul2<\/a><\/p>\n<p><strong>Raport privind satisfac\u021bia studentilor 2024-2025<br \/><\/strong><a href=\"https:\/\/www.umfst.ro\/fileadmin\/f_economie_drept\/organizare\/Raport_evaluare_studenti_modul1_24_25.pdf\">Modul1<\/a>\u00a0 <a href=\"https:\/\/www.umfst.ro\/fileadmin\/f_economie_drept\/organizare\/raport_satisfactie_modul2_2024_2025.pdf\">Modul2<\/a>\u00a0 <a href=\"https:\/\/www.umfst.ro\/fileadmin\/f_economie_drept\/organizare\/Raport privind satisfactia studentilor_Modul 3_2024_2025.pdf\" data-wplink-url-error=\"true\">Modul3<\/a> <a href=\"https:\/\/www.umfst.ro\/fileadmin\/f_economie_drept\/organizare\/Raport_privind_satisfactia_studentilor_Modul_4_2024_2025.pdf\">Modul4<\/a><\/p>\n<p><\/p>\n<p><\/p>\n<p><strong>Raport privind satisfac\u021bia studentilor<\/strong><br \/><a href=\"https:\/\/www.umfst.ro\/fileadmin\/f_economie_drept\/organizare\/Raport_satisfactia_stud_2023-2024.pdf\">2023-2024<\/a> \u00a0\u00a0\u00a0 <a href=\"https:\/\/www.umfst.ro\/fileadmin\/f_economie_drept\/organizare\/Raport_satisfactia_stud_2022-2023.pdf\">2022-2023<\/a> \u00a0\u00a0\u00a0 <a href=\"https:\/\/www.umfst.ro\/fileadmin\/f_economie_drept\/organizare\/Raport_privind_satisfactia_studentilor_anul_universitar_2021-2022.pdf\">2021-2022<\/a> \u00a0 \u00a0<a href=\"https:\/\/www.umfst.ro\/fileadmin\/f_economie_drept\/organizare\/Raport_privind_satisfactia_studentilor_anul_universitar_2020-2021.pdf\">2020-2021<\/a> \u00a0 \u00a0<a href=\"https:\/\/www.umfst.ro\/fileadmin\/f_economie_drept\/organizare\/Raport_privind_satisfactia_studentilor_anul_universitar_2019-2020.pdf\">2019-2020<\/a><\/p>\n<p><\/p>\n<p><\/p><\/div>\n\t\t\t\t\t\t\t<\/div>\n\t\t\t\t\t\t<\/div><div class=\" jet-accordion__item jet-toggle jet-toggle-move-up-effect \">\n\t\t\t\t\t\t\t<div id=\"jet-toggle-control-2183\" class=\"jet-toggle__control elementor-menu-anchor\" data-toggle=\"3\" role=\"button\" tabindex=\"0\" aria-controls=\"jet-toggle-content-2183\" aria-expanded=\"false\" data-template-id=\"false\">\n\t\t\t\t\t\t\t\t<div class=\"jet-toggle__label-icon jet-toggle-icon-position-right\"><span class=\"jet-toggle__icon icon-normal jet-tabs-icon\"><svg xmlns=\"http:\/\/www.w3.org\/2000\/svg\" viewBox=\"0 0 448 512\"><path d=\"M256 80c0-17.7-14.3-32-32-32s-32 14.3-32 32V224H48c-17.7 0-32 14.3-32 32s14.3 32 32 32H192V432c0 17.7 14.3 32 32 32s32-14.3 32-32V288H400c17.7 0 32-14.3 32-32s-14.3-32-32-32H256V80z\"><\/path><\/svg><\/span><span class=\"jet-toggle__icon icon-active jet-tabs-icon\"><svg xmlns=\"http:\/\/www.w3.org\/2000\/svg\" viewBox=\"0 0 448 512\"><path d=\"M432 256c0 17.7-14.3 32-32 32L48 288c-17.7 0-32-14.3-32-32s14.3-32 32-32l352 0c17.7 0 32 14.3 32 32z\"><\/path><\/svg><\/span><\/div><div class=\"jet-toggle__label-text\">Comisia de recunoa\u0219tere \u0219i echivalare a creditelor transferabile (ECTS)<\/div>\t\t\t\t\t\t\t<\/div>\n\t\t\t\t\t\t\t<div id=\"jet-toggle-content-2183\" class=\"jet-toggle__content\" data-toggle=\"3\" role=\"region\" data-template-id=\"false\">\n\t\t\t\t\t\t\t\t<div class=\"jet-toggle__content-inner\"><p><strong>Pre\u0219edinte<br \/><\/strong>Prof. univ. dr. habil. Daniel \u0218tefan &#8211; Decan<\/p>\n<p><strong>Membri<\/strong><br \/>Lector univ. dr. Vasile-Adrian Boant\u0103 &#8211; Prodecan<br \/>Conf. univ, dr\u00a0 Daniela-Cristina Valea \u2013 Director Departament ED2<br \/>Lect. univ. dr. Angela On \u2013 Director CIFRD<br \/>Lect. univ. dr. Ioan-Ovidiu Sp\u0103t\u0103cean<\/p>\n<p><strong>Secretar<br \/><\/strong>Ec. Bakos Irma \u2013 Secretar \u0219ef facultate<br \/><br \/><a href=\"https:\/\/www.umfst.ro\/fileadmin\/f_farmacie\/comisii\/2025_Regulament_Recunoastere credite ECTS.pdf\" data-wplink-url-error=\"true\">Regulamentul comisiei<\/a><\/p>\n<p><strong>Raport sintez\u0103 al c<\/strong><strong>omisie de recunoa\u0219tere \u0219i echivalare a creditelor transferabile (ECTS)<\/strong><\/p>\n<p><a href=\"https:\/\/umfst.ro\/fileadmin\/f_economie_drept\/organizare\/2025_Raport_CREC_ECTS_FED2.pdf\">2025<\/a> \u00a0\u00a0 <a href=\"https:\/\/umfst.ro\/fileadmin\/f_economie_drept\/organizare\/Raport sintez\u0103_CRC_2024.pdf\" data-wplink-url-error=\"true\">2024<\/a><\/p>\n<p><!-- \/wp:paragraph --><!-- wp:paragraph --><\/p>\n<p><!-- \/wp:paragraph --><\/p><\/div>\n\t\t\t\t\t\t\t<\/div>\n\t\t\t\t\t\t<\/div>\t\t\t<\/div>\n\t\t<\/div>\n\t\t\t\t\t\t<\/div>\n\t\t\t\t<\/div>\n\t\t\t\t\t<\/div>\n\t\t<\/div>\n\t\t\t\t\t<\/div>\n\t\t<\/section>\n\t\t\t\t<\/div>\n\t\t","protected":false},"excerpt":{"rendered":"<p>Comisia de strategie, reform\u0103 \u0219i dezvoltare curricular\u0103 Pre\u0219edinteProf. univ. dr. habil. Daniel \u0218tefan MembriLect. univ. dr. Vasile-Adrian Boant\u0103Prof. univ. dr. Lucre\u021bia DogaruConf. univ. dr. Daniela-Cristina ValeaConf. univ. dr. Liviu Ciucan-RusuLect. univ. dr. Angela OnCons. jr. Adina Rus \u2013 Consilier Juridic E.ON Rom\u00e2nia, reprezentant al angajatorilorStudent Cristina-L\u0103cr\u0103mioara Kelemen, Drept, anul IV \u2013 reprezentant al studen\u021bilor Regulamentul [&hellip;]<\/p>\n","protected":false},"author":25,"featured_media":0,"parent":31,"menu_order":3,"comment_status":"closed","ping_status":"closed","template":"","meta":{"_relevanssi_hide_post":"","_relevanssi_hide_content":"","_relevanssi_pin_for_all":"","_relevanssi_pin_keywords":"","_relevanssi_unpin_keywords":"","_relevanssi_related_keywords":"","_relevanssi_related_include_ids":"","_relevanssi_related_exclude_ids":"","_relevanssi_related_no_append":"","_relevanssi_related_not_related":"","_relevanssi_related_posts":"1","_relevanssi_noindex_reason":"","footnotes":""},"categories":[13],"tags":[],"class_list":["post-845","page","type-page","status-publish","hentry","category-pagina-cu-sidebar"],"meta_box":[],"_links":{"self":[{"href":"https:\/\/umfst.ro\/economie-si-drept\/wp-json\/wp\/v2\/pages\/845","targetHints":{"allow":["GET"]}}],"collection":[{"href":"https:\/\/umfst.ro\/economie-si-drept\/wp-json\/wp\/v2\/pages"}],"about":[{"href":"https:\/\/umfst.ro\/economie-si-drept\/wp-json\/wp\/v2\/types\/page"}],"author":[{"embeddable":true,"href":"https:\/\/umfst.ro\/economie-si-drept\/wp-json\/wp\/v2\/users\/25"}],"replies":[{"embeddable":true,"href":"https:\/\/umfst.ro\/economie-si-drept\/wp-json\/wp\/v2\/comments?post=845"}],"version-history":[{"count":155,"href":"https:\/\/umfst.ro\/economie-si-drept\/wp-json\/wp\/v2\/pages\/845\/revisions"}],"predecessor-version":[{"id":4501,"href":"https:\/\/umfst.ro\/economie-si-drept\/wp-json\/wp\/v2\/pages\/845\/revisions\/4501"}],"up":[{"embeddable":true,"href":"https:\/\/umfst.ro\/economie-si-drept\/wp-json\/wp\/v2\/pages\/31"}],"wp:attachment":[{"href":"https:\/\/umfst.ro\/economie-si-drept\/wp-json\/wp\/v2\/media?parent=845"}],"wp:term":[{"taxonomy":"category","embeddable":true,"href":"https:\/\/umfst.ro\/economie-si-drept\/wp-json\/wp\/v2\/categories?post=845"},{"taxonomy":"post_tag","embeddable":true,"href":"https:\/\/umfst.ro\/economie-si-drept\/wp-json\/wp\/v2\/tags?post=845"}],"curies":[{"name":"wp","href":"https:\/\/api.w.org\/{rel}","templated":true}]}}