{"id":17031,"date":"2023-10-31T12:52:04","date_gmt":"2023-10-31T10:52:04","guid":{"rendered":"https:\/\/umfst.ro\/?page_id=17031"},"modified":"2026-05-11T09:50:11","modified_gmt":"2026-05-11T06:50:11","slug":"grants-for-initiation-in-scientific-research-3","status":"publish","type":"page","link":"https:\/\/umfst.ro\/en\/universitate\/cercetare\/junior-researcher-academy\/dedicated-level\/granturi-de-cercetare-stiintifica\/","title":{"rendered":"Granturi de cercetare \u0219tiin\u021bific\u0103"},"content":{"rendered":"<div data-elementor-type=\"wp-page\" data-elementor-id=\"17031\" class=\"elementor elementor-17031\" data-elementor-post-type=\"page\">\n\t\t\t\t\t\t<section class=\"elementor-section elementor-top-section elementor-element elementor-element-bbb84e5 elementor-section-boxed elementor-section-height-default elementor-section-height-default\" data-id=\"bbb84e5\" data-element_type=\"section\" data-e-type=\"section\">\n\t\t\t\t\t\t<div class=\"elementor-container elementor-column-gap-default\">\n\t\t\t\t\t<div class=\"elementor-column elementor-col-100 elementor-top-column elementor-element elementor-element-e4ec925\" data-id=\"e4ec925\" data-element_type=\"column\" data-e-type=\"column\">\n\t\t\t<div class=\"elementor-widget-wrap elementor-element-populated\">\n\t\t\t\t\t\t<div class=\"elementor-element elementor-element-dbfcc7f elementor-widget elementor-widget-text-editor\" data-id=\"dbfcc7f\" data-element_type=\"widget\" data-e-type=\"widget\" data-widget_type=\"text-editor.default\">\n\t\t\t\t<div class=\"elementor-widget-container\">\n\t\t\t\t\t\t\t\t\t<h2 role=\"heading\" data-uw-rm-heading=\"level\"><strong>LAUNCH OF THE COMPETITION FOR FINANCING GRANTS FOR SCIENTIFIC RESEARCH -2026<\/strong><\/h2><p>The \"George Emil Palade\" University of Medicine, Pharmacy, Science, and Technology from T\u00e2rgu Mure\u0219 informs the students who have the quality of JRA Dedicated member about launching the competition for obtaining grants for scientific research.<\/p><p><strong>Eligibility Criteria (cumulative criteria):<\/strong><\/p><p>-the applicant for the grant has bachelor or master student status at the UMFST G.E. Palade T\u00e2rgu Mure\u0219 and is member of the\u00a0<strong>Junior Researcher Academy,\u00a0<\/strong>level\u00a0<strong>Dedicated<\/strong>;<\/p><p>-the applicant within the proposed grant is coordinated by a tutor, employee of the UMFST G.E. Palade T\u00e2rgu Mure\u0219, who in any of these positions:<\/p><ul><li>University Assistant, Head of Works \/ University Lecturer, Associate professor, Professor, Research Assistant, Scientific Researcher, third degree Scientific Researcher, second degree Scientific Researcher, first degree Scientific Researcher;<\/li><\/ul><p>-the applicant of the proposed grant has not implemented any JRA grant for Dedicated level;<\/p><p>-the content of the proposed grant will represent:<\/p><ul><li>an original research, applied research or innovation project for scientific research grants.<\/li><\/ul><p class=\" translation-block\">The file is drawn up in accordance with art. 7 of the Methodology for financing the grants for scientific research initiation and for scientific research grants within Junior Researcher Academy<\/em>, code\u00a0<a href=\"https:\/\/umfst.ro\/fileadmin\/documente_oficiale\/regulamente\/UMFST-REG-106_EN.pdf\" data-uw-pdf-br=\"2\" data-uw-pdf-doc=\"\" target=\"_self\">UMFST-REG-106<strong>,\u00a0<\/strong>edition 2.<\/a><\/p><p>Applicants are required to send to:\u00a0 <em>jra_granturi_cercetare@umfst.ro<\/em>\u00a0the following documents:<\/p><p>a) Signed grant application, filled out in accordance with\u00a0<a href=\"https:\/\/umfst.ro\/fileadmin\/documente_oficiale\/regulamente\/UMFST-REG-106-F02_EN.doc\"><em>Annex 02<\/em><\/a>\u00a0(<em>Grant application for scientific research grants within Junior Researcher Academy<\/em>)<strong>, in English language\u00a0<\/strong>( unprotected PDF file \u2013 a PDF file generated from an editable file, not a scanned document);<\/p><p>b) declarations filled out according to\u00a0<a href=\"https:\/\/umfst.ro\/fileadmin\/documente_oficiale\/regulamente\/UMFST-REG-106-F03_EN.doc\"><em>3<\/em><\/a>\u00a0<em>and\u00a0<\/em><a href=\"https:\/\/umfst.ro\/fileadmin\/documente_oficiale\/regulamente\/UMFST-REG-106-F04_EN.doc\"><em>4<\/em><\/a>(signed and scanned);<\/p><p>c) A Certificate issued by the Dean's Office which confirms the applicant\u2019s student statute and enrollment in the current academic year as bachelor or master student, as well as the fact that the applicant has not repeated any year of study due to the accumulation of an insufficient number of ECTS for promotion (signed and scanned).<\/p><p>The documents (signed and scanned in PDF format) are sent by e-mail to the address:\u00a0<a href=\"mailto:jra_granturi_cercetare@umfst.ro\"><em>jra_granturi_cercetare@umfst.ro<\/em><\/a><em>\u00a0<\/em>until\u00a0<strong>May 25, 2026<\/strong>. In correspondence, in the subject line please specify:\u00a0<em>Research Grant File.<\/em><\/p><p>The list of the projects accepted for financing is established taking into consideration the allocated budget and the obtained scores. Projects that obtained a score less than 80 out of 100 are not going to be financed. The list of projects accepted for financing is going to be published on the website of UMFST G.E. Palade T\u00e2rgu Mure\u0219, section JRA Grants \u2013 Dedicated level.<\/p><p><strong>Competition program<\/strong><\/p><p>May 11 \u2013 25, 2026 \u2013 submission of files<\/p><p>May 26, 2026 - communication of eligibility results<\/p><p>May 27-29, 2026 \u2013 filing appeals regarding eligibility<\/p><p>June 02-03, 2026 \u2013 evaluation of files<\/p><p>June 04, 2026 \u2013 communication of results<\/p><p>June 05-09, 2026 \u2013 filing appeals<\/p><p>June 10, 2026 \u2013 analysis of appeals<\/p><p>June 19, 2026 \u2013 communication of final results<\/p><p>Methodology for financing the grants for scientific research initiation and for scientific research grants within Junior Researcher Academy, <a href=\"https:\/\/umfst.ro\/fileadmin\/documente_oficiale\/regulamente\/UMFST-REG-106_EN.pdf\"><strong>UMFST-REG-106, Edition 02<\/strong><\/a><br \/>Annexes:\u00a0<a href=\"https:\/\/umfst.ro\/fileadmin\/documente_oficiale\/regulamente\/UMFST-REG-106-F01_EN.doc\" data-uw-rm-brl=\"PR\" data-uw-original-href=\"https:\/\/umfst.ro\/fileadmin\/documente_oficiale\/regulamente\/UMFST-REG-106-F01.doc\">F01<\/a>,\u00a0<a href=\"https:\/\/umfst.ro\/fileadmin\/documente_oficiale\/regulamente\/UMFST-REG-106-F02_EN.doc\" data-uw-rm-brl=\"PR\" data-uw-original-href=\"https:\/\/umfst.ro\/fileadmin\/documente_oficiale\/regulamente\/UMFST-REG-106-F02.doc\">F02<\/a>,\u00a0<a href=\"https:\/\/umfst.ro\/fileadmin\/documente_oficiale\/regulamente\/UMFST-REG-106-F03_EN.doc\" data-uw-rm-brl=\"PR\" data-uw-original-href=\"https:\/\/umfst.ro\/fileadmin\/documente_oficiale\/regulamente\/UMFST-REG-106-F03.doc\">F03<\/a>,\u00a0<a href=\"https:\/\/umfst.ro\/fileadmin\/documente_oficiale\/regulamente\/UMFST-REG-106-F04_EN.doc\" data-uw-rm-brl=\"PR\" data-uw-original-href=\"https:\/\/umfst.ro\/fileadmin\/documente_oficiale\/regulamente\/UMFST-REG-106-F04.doc\">F04<\/a><\/p>\t\t\t\t\t\t\t\t<\/div>\n\t\t\t\t<\/div>\n\t\t\t\t<div class=\"elementor-element elementor-element-0bb6cc4 elementor-widget elementor-widget-text-editor\" data-id=\"0bb6cc4\" data-element_type=\"widget\" data-e-type=\"widget\" data-widget_type=\"text-editor.default\">\n\t\t\t\t<div class=\"elementor-widget-container\">\n\t\t\t\t\t\t\t\t\t<h2 role=\"heading\" data-uw-rm-heading=\"level\"><strong>LAUNCH OF THE COMPETITION FOR FINANCING GRANTS FOR SCIENTIFIC RESEARCH -2025 <\/strong><\/h2><p>The \"George Emil Palade\" University of Medicine, Pharmacy, Science, and Technology from T\u00e2rgu Mure\u0219 informs the students who have the quality of JRA Dedicated member about launching the competition for obtaining grants for scientific research.<\/p><p><strong>Eligibility Criteria (cumulative criteria):<\/strong><\/p><p>-the applicant for the grant has bachelor or master student status at the UMFST G.E. Palade T\u00e2rgu Mure\u0219 and is member of the\u00a0<strong>Junior Researcher Academy,\u00a0<\/strong>level\u00a0<strong>Dedicated<\/strong>;<\/p><p>-the applicant within the proposed grant is coordinated by a tutor, employee of the UMFST G.E. Palade T\u00e2rgu Mure\u0219, who in any of these positions:<\/p><ul><li>University Assistant, Head of Works \/ University Lecturer, Associate professor, Professor, Research Assistant, Scientific Researcher, third degree Scientific Researcher, second degree Scientific Researcher, first degree Scientific Researcher;<\/li><\/ul><p>-the applicant of the proposed grant has not implemented any JRA grant for Dedicated level;<\/p><p>-the content of the proposed grant will represent:<\/p><ul><li>an original research, applied research or innovation project for scientific research grants.<\/li><\/ul><p class=\" translation-block\">The file is drawn up in accordance with art. 7 of the Methodology for financing the grants for scientific research initiation and for scientific research grants within Junior Researcher Academy<\/em>, code\u00a0<a href=\"https:\/\/umfst.ro\/fileadmin\/documente_oficiale\/regulamente\/UMFST-REG-106_EN.pdf\" data-uw-pdf-br=\"2\" data-uw-pdf-doc=\"\" target=\"_self\">UMFST-REG-106<strong>,\u00a0<\/strong>edition 2.<\/a><\/p><p class=\" translation-block\">Applicants are required to send to: jra_granturi_cercetare@umfst.ro the following documents:<\/p><ol><li class=\" translation-block\">-Signed grant application, filled out in accordance with Annex 02 (Grant application for scientific research grants within Junior Researcher Academy), in English language ( unprotected PDF file \u2013 a PDF file generated from an editable file, not a scanned document);<\/li><li>b) declarations filled out according to\u00a0<a href=\"https:\/\/www.umfst.ro\/fileadmin\/cercetare\/2024\/UMFST-REG-106-F03.doc\" data-uw-rm-brl=\"PR\" data-uw-original-href=\"https:\/\/www.umfst.ro\/fileadmin\/cercetare\/2024\/UMFST-REG-106-F03.doc\"><em>3<\/em><\/a> <em>and\u00a0<\/em><a href=\"https:\/\/www.umfst.ro\/fileadmin\/cercetare\/2024\/UMFST-REG-106-F04.doc\" data-uw-rm-brl=\"PR\" data-uw-original-href=\"https:\/\/www.umfst.ro\/fileadmin\/cercetare\/2024\/UMFST-REG-106-F04.doc\"><em>4<\/em><\/a>(signed and scanned);<\/li><li>c) A Certificate issued by the Dean's Office which confirms the applicant\u2019s student statute and enrollment in the current academic year as bachelor or master student, as well as the fact that the applicant has not repeated any year of study due to the accumulation of an insufficient number of ECTS for promotion (signed and scanned).<\/li><\/ol><p class=\" translation-block\">The documents (signed and scanned in PDF format) are sent by e-mail to the address: jra_granturi_cercetare@umfst.ro until June 11, 2025.In correspondence, in the subject line please specify: Research Grant File.<\/p><p>The list of the projects accepted for financing is established taking into consideration the allocated budget and the obtained scores. Projects that obtained a score less than 80 out of 100 are not going to be financed. The list of projects accepted for financing is going to be published on the website of UMFST G.E. Palade T\u00e2rgu Mure\u0219, section JRA Grants \u2013 Dedicated level.<\/p><p><strong>Competition program<\/strong><\/p><p>May 28 \u2013 June 11, 2025 \u2013 submission of files<\/p><p>June 12, 2025 - communication of eligibility results<\/p><p>June 13 \u2013 17, 2025 \u2013 filing appeals regarding eligibility<\/p><p>June 18 \u2013 19, 2025 \u2013 evaluation of files<\/p><p>June 20, 2025 \u2013 communication of results<\/p><p>June 23 \u2013 25, 2025 \u2013 filing appeals<\/p><p>June 26, 2025 \u2013 analysis of appeals<\/p><p>June 27,  2025 \u2013  communication of final results<\/p>\t\t\t\t\t\t\t\t<\/div>\n\t\t\t\t<\/div>\n\t\t\t\t\t<\/div>\n\t\t<\/div>\n\t\t\t\t\t<\/div>\n\t\t<\/section>\n\t\t\t\t<section class=\"elementor-section elementor-top-section elementor-element elementor-element-165a642 elementor-section-boxed elementor-section-height-default elementor-section-height-default\" data-id=\"165a642\" data-element_type=\"section\" data-e-type=\"section\">\n\t\t\t\t\t\t<div class=\"elementor-container elementor-column-gap-default\">\n\t\t\t\t\t<div class=\"elementor-column elementor-col-100 elementor-top-column elementor-element elementor-element-75a5e1d\" data-id=\"75a5e1d\" data-element_type=\"column\" data-e-type=\"column\">\n\t\t\t<div class=\"elementor-widget-wrap elementor-element-populated\">\n\t\t\t\t\t\t<div class=\"elementor-element elementor-element-ff894cf elementor-widget elementor-widget-text-editor\" data-id=\"ff894cf\" data-element_type=\"widget\" data-e-type=\"widget\" data-widget_type=\"text-editor.default\">\n\t\t\t\t<div class=\"elementor-widget-container\">\n\t\t\t\t\t\t\t\t\t<h2 role=\"heading\" data-uw-rm-heading=\"level\">Final results of the competition for financing grants for scientific research - 2024<\/h2><p>According to Administrative Board Decision No. 4 of 07.06.2024, the financing of the grants in the table below is approved.<\/p><p><a href=\"https:\/\/www.umfst.ro\/fileadmin\/cercetare\/JRA\/Clasament_granturi_de_cercetare_2024_fn.pdf\" data-uw-pdf-br=\"2\" data-uw-pdf-doc=\"\">Scientific research grant competition results<\/a><\/p>\t\t\t\t\t\t\t\t<\/div>\n\t\t\t\t<\/div>\n\t\t\t\t\t<\/div>\n\t\t<\/div>\n\t\t\t\t\t<\/div>\n\t\t<\/section>\n\t\t\t\t<section class=\"elementor-section elementor-top-section elementor-element elementor-element-96307b4 elementor-section-boxed elementor-section-height-default elementor-section-height-default\" data-id=\"96307b4\" data-element_type=\"section\" data-e-type=\"section\">\n\t\t\t\t\t\t<div class=\"elementor-container elementor-column-gap-default\">\n\t\t\t\t\t<div class=\"elementor-column elementor-col-100 elementor-top-column elementor-element elementor-element-45ac7c0\" data-id=\"45ac7c0\" data-element_type=\"column\" data-e-type=\"column\">\n\t\t\t<div class=\"elementor-widget-wrap elementor-element-populated\">\n\t\t\t\t\t\t<div class=\"elementor-element elementor-element-d0c24fc elementor-widget elementor-widget-text-editor\" data-id=\"d0c24fc\" data-element_type=\"widget\" data-e-type=\"widget\" data-widget_type=\"text-editor.default\">\n\t\t\t\t<div class=\"elementor-widget-container\">\n\t\t\t\t\t<style>.elementor-element-d0c24fc{display:none !important}<\/style>\t\t\t\t<\/div>\n\t\t\t\t<\/div>\n\t\t\t\t\t<\/div>\n\t\t<\/div>\n\t\t\t\t\t<\/div>\n\t\t<\/section>\n\t\t\t\t<section class=\"elementor-section elementor-top-section elementor-element elementor-element-9dcab93 elementor-section-boxed elementor-section-height-default elementor-section-height-default\" data-id=\"9dcab93\" data-element_type=\"section\" data-e-type=\"section\">\n\t\t\t\t\t\t<div class=\"elementor-container elementor-column-gap-default\">\n\t\t\t\t\t<div class=\"elementor-column elementor-col-100 elementor-top-column elementor-element elementor-element-29d6b73\" data-id=\"29d6b73\" data-element_type=\"column\" data-e-type=\"column\">\n\t\t\t<div class=\"elementor-widget-wrap elementor-element-populated\">\n\t\t\t\t\t\t<div class=\"elementor-element elementor-element-e3a6f09 elementor-widget elementor-widget-text-editor\" data-id=\"e3a6f09\" data-element_type=\"widget\" data-e-type=\"widget\" data-widget_type=\"text-editor.default\">\n\t\t\t\t<div class=\"elementor-widget-container\">\n\t\t\t\t\t\t\t\t\t<div id=\"c11476\" class=\"frame frame-default frame-type-text frame-layout-0\"><header><h2 role=\"heading\" data-uw-rm-heading=\"level\">Final results of the competition for financing grants for scientific research - 2023<\/h2><\/header><p>According to Administrative Board Decision no. 11 of 12.07.2023, the funding of the grant with the title: \"Fishing for gamma waves \u2013 Can Zebrafish be used in novel Alzheimer's disease research\" is approved.<\/p><p class=\"text-justify\"><a href=\"https:\/\/arhiva.umfst.ro\/fileadmin\/cercetare\/2023\/Clasament_granturi_de_cercetare_2023_fn.pdf\" target=\"_blank\" rel=\"noopener\" aria-label=\"Rezultate competi\u021bie granturi de cercetare \u0219tiin\u021bific\u0103 - deschide \u00eentr-o fil\u0103 nou\u0103\" data-uw-rm-ext-link=\"\" data-uw-pdf-br=\"2\" data-uw-pdf-doc=\"\">Scientific research grant competition results<\/a><\/p><\/div>\t\t\t\t\t\t\t\t<\/div>\n\t\t\t\t<\/div>\n\t\t\t\t\t<\/div>\n\t\t<\/div>\n\t\t\t\t\t<\/div>\n\t\t<\/section>\n\t\t\t\t<\/div>","protected":false},"excerpt":{"rendered":"<p>Lansarea competi\u021biei pentru acordarea granturilor de cercetare \u0219tiin\u021bific\u0103 \u2013 2026 Universitatea de Medicin\u0103, Farmacie, \u0218tiin\u021be \u0219i Tehnologie \u201eGeorge Emil Palade\u201d din T\u00e2rgu Mure\u0219 informeaz\u0103 studen\u021bii care au calitatea de membru JRA Dedicated cu privire la lansarea competi\u021biei pentru acordarea granturilor de cercetare \u0219tiin\u021bific\u0103. Art. 4. Criterii de eligibilitate (criterii cumulative): 1) solicitantul are calitatea de [&hellip;]<\/p>\n","protected":false},"author":25,"featured_media":0,"parent":755,"menu_order":0,"comment_status":"closed","ping_status":"closed","template":"","meta":{"_relevanssi_hide_post":"","_relevanssi_hide_content":"","_relevanssi_pin_for_all":"","_relevanssi_pin_keywords":"","_relevanssi_unpin_keywords":"","_relevanssi_related_keywords":"","_relevanssi_related_include_ids":"","_relevanssi_related_exclude_ids":"","_relevanssi_related_no_append":"","_relevanssi_related_not_related":"","_relevanssi_related_posts":"154,150","_relevanssi_noindex_reason":"","footnotes":""},"categories":[145,16],"tags":[],"class_list":["post-17031","page","type-page","status-publish","hentry","category-pagina-cercetare","category-pagina-sidebar"],"meta_box":[],"_links":{"self":[{"href":"https:\/\/umfst.ro\/en\/wp-json\/wp\/v2\/pages\/17031","targetHints":{"allow":["GET"]}}],"collection":[{"href":"https:\/\/umfst.ro\/en\/wp-json\/wp\/v2\/pages"}],"about":[{"href":"https:\/\/umfst.ro\/en\/wp-json\/wp\/v2\/types\/page"}],"author":[{"embeddable":true,"href":"https:\/\/umfst.ro\/en\/wp-json\/wp\/v2\/users\/25"}],"replies":[{"embeddable":true,"href":"https:\/\/umfst.ro\/en\/wp-json\/wp\/v2\/comments?post=17031"}],"version-history":[{"count":73,"href":"https:\/\/umfst.ro\/en\/wp-json\/wp\/v2\/pages\/17031\/revisions"}],"predecessor-version":[{"id":48440,"href":"https:\/\/umfst.ro\/en\/wp-json\/wp\/v2\/pages\/17031\/revisions\/48440"}],"up":[{"embeddable":true,"href":"https:\/\/umfst.ro\/en\/wp-json\/wp\/v2\/pages\/755"}],"wp:attachment":[{"href":"https:\/\/umfst.ro\/en\/wp-json\/wp\/v2\/media?parent=17031"}],"wp:term":[{"taxonomy":"category","embeddable":true,"href":"https:\/\/umfst.ro\/en\/wp-json\/wp\/v2\/categories?post=17031"},{"taxonomy":"post_tag","embeddable":true,"href":"https:\/\/umfst.ro\/en\/wp-json\/wp\/v2\/tags?post=17031"}],"curies":[{"name":"wp","href":"https:\/\/api.w.org\/{rel}","templated":true}]}}