{"id":17660,"date":"2023-11-09T09:37:42","date_gmt":"2023-11-09T07:37:42","guid":{"rendered":"https:\/\/umfst.ro\/?page_id=17660"},"modified":"2025-10-30T08:55:27","modified_gmt":"2025-10-30T06:55:27","slug":"general-secretariat","status":"publish","type":"page","link":"https:\/\/umfst.ro\/en\/universitate\/secretariat-general-universitate\/","title":{"rendered":"Secretariat General"},"content":{"rendered":"<div data-elementor-type=\"wp-page\" data-elementor-id=\"17660\" class=\"elementor elementor-17660\" data-elementor-post-type=\"page\">\n\t\t\t\t\t\t<section class=\"elementor-section elementor-top-section elementor-element elementor-element-b2e7e30 elementor-section-boxed elementor-section-height-default elementor-section-height-default\" data-id=\"b2e7e30\" data-element_type=\"section\" data-e-type=\"section\">\n\t\t\t\t\t\t<div class=\"elementor-container elementor-column-gap-default\">\n\t\t\t\t\t<div class=\"elementor-column elementor-col-100 elementor-top-column elementor-element elementor-element-8d48579\" data-id=\"8d48579\" data-element_type=\"column\" data-e-type=\"column\">\n\t\t\t<div class=\"elementor-widget-wrap elementor-element-populated\">\n\t\t\t\t\t\t<div class=\"elementor-element elementor-element-5827bcb elementor-widget elementor-widget-text-editor\" data-id=\"5827bcb\" data-element_type=\"widget\" data-e-type=\"widget\" data-widget_type=\"text-editor.default\">\n\t\t\t\t<div class=\"elementor-widget-container\">\n\t\t\t\t\t\t\t\t\t<h2><strong>Secretariat General<br \/><\/strong><\/h2><p><strong><span style=\"color: #993300\">University Head Secretary<\/span><br \/><\/strong>Ana-Ioana M\u0103tea<br \/>E-mail:\u00a0<a href=\"mailto:rectorat@umfst.ro\">rectorat@umfst.ro<\/a>, <a href=\"mailto:ioana.matea@umfst.ro\">ioana.matea@umfst.ro<\/a><\/p><p><span style=\"color: #993300\"><strong>Assistant Head Secretary<br \/><\/strong><\/span>Irina C\u0103t\u0103lina B\u00eersan<br \/>E-mail:\u00a0<a href=\"mailto:rectorat@umfst.ro\">rectorat@umfst.ro<\/a>, <a href=\"mailto:irina.birsan@umfst.ro\">irina.birsan@umfst.ro<\/a><\/p><p><span style=\"color: #993300\"><strong>Consilier <\/strong><\/span><br \/>Ovidiu Constantin Chel\u0103rescu<br \/>E-mail:\u00a0<a href=\"mailto:ovidiu.chelarescu@umfst.ro\">ovidiu.chelarescu@umfst.ro<\/a><\/p><p><span style=\"color: #993300\"><strong>Secretary <\/strong><\/span><br \/>M\u0103d\u0103lina Orban<br \/>E-mail:\u00a0<a href=\"mailto:rectorat@umfst.ro\">rectorat@umfst.ro<\/a>,\u00a0 <a href=\"mailto:madalina.orban@umfst.ro\">madalina.orban@umfst.ro<\/a><\/p><p><span style=\"color: #993300\"><strong>Secretary <\/strong><\/span><br \/>Csizmadia Erzsebet<br \/>E-mail: <a href=\"mailto:erzsebet.csizmadia@umfst.ro\">erzsebet.csizmadia@umfst.ro<\/a><\/p><p>Secretariatul General al UMFST G.E. Palade T\u00e2rgu Mure\u0219 particip\u0103 la realizarea unui management academic eficient prin activit\u0103\u021bi de secretariat la nivelul conducerii Universit\u0103\u021bii, a Facult\u0103\u021bilor \u0219i a altor compartimente care deruleaz\u0103 activit\u0103\u021bi cu caracter didactic, organizeaz\u0103 \u0219i monitorizeaz\u0103 circuitul documentelor elaborate \u00een cadrul UMFST G.E. Palade T\u00e2rgu Mure\u0219 \u0219i\u00a0 a coresponden\u021bei interne \u0219i externe, \u00een condi\u021bii de legalitate \u0219i siguran\u021b\u0103.<\/p>\t\t\t\t\t\t\t\t<\/div>\n\t\t\t\t<\/div>\n\t\t\t\t<div class=\"elementor-element elementor-element-86119d9 elementor-widget-divider--view-line_icon elementor-view-default elementor-widget-divider--element-align-center elementor-widget elementor-widget-divider\" data-id=\"86119d9\" data-element_type=\"widget\" data-e-type=\"widget\" data-widget_type=\"divider.default\">\n\t\t\t\t<div class=\"elementor-widget-container\">\n\t\t\t\t\t\t\t<div class=\"elementor-divider\">\n\t\t\t<span class=\"elementor-divider-separator\">\n\t\t\t\t\t\t\t<div class=\"elementor-icon elementor-divider__element\">\n\t\t\t\t\t<i aria-hidden=\"true\" class=\"fas fa-university\"><\/i><\/div>\n\t\t\t\t\t\t<\/span>\n\t\t<\/div>\n\t\t\t\t\t\t<\/div>\n\t\t\t\t<\/div>\n\t\t\t\t<div class=\"elementor-element elementor-element-29f207f elementor-widget elementor-widget-text-editor\" data-id=\"29f207f\" data-element_type=\"widget\" data-e-type=\"widget\" data-widget_type=\"text-editor.default\">\n\t\t\t\t<div class=\"elementor-widget-container\">\n\t\t\t\t\t\t\t\t\t<h5><span style=\"color: #993300\"><strong>Registratura General\u0103 <\/strong><\/span><\/h5><p><strong>Secretary<br \/><\/strong>Marioara Stoica<br \/>E-mail: <a href=\"mailto:registratura@umfst.ro\">registratura@umfst.ro<\/a> ; <a href=\"mailto:marioara.stoica@umfst.ro\">marioara.stoica@umfst.ro<\/a><\/p><p><strong>Secretary<br \/><\/strong>Maria Pop<br \/>E-mail: <a href=\"mailto:maria.pop@umfst.ro\">maria.pop@umfst.ro<\/a><\/p><p><strong>Secretary<br \/><\/strong>Szasz Eniko<br \/>E-mail: <a href=\"mailto:eniko.szasz@umfst.ro\">eniko.szasz@umfst.ro<\/a><\/p><p>\u00a0<\/p><h5><span style=\"color: #993300\"><strong>Compartiment Acte de Studii<\/strong><\/span><\/h5><p><strong>Secretary<br \/><\/strong>Crina Bor\u0219a<br \/>Gh. Marinescu, nr. 38, T\u00e2rgu Mure\u0219, Mure\u0219, 540142, Rom\u00e2nia<br \/>Tel: <a href=\"tel:+40265215551\">+40-265-215.551<\/a>, int. 202<br \/>E-mail: <a href=\"mailto:crina.puscas@umfst.ro\">crina.puscas@umfst.ro<\/a><\/p><p><strong>Secretary<br \/><\/strong>Ioana C\u0103tan\u0103<br \/>N.Iorga, nr. 1, T\u00e2rgu Mure\u0219, Mure\u0219, 540088, Rom\u00e2nia<br \/>Tel\/Fax: <a href=\"tel:+40265215551\">+40-265-215.551<\/a>, int. 512<br \/>E-mail: <a href=\"mailto:ioana.catana@umfst.ro\">ioana.catana@umfst.ro<\/a><\/p><p><strong>\u00a0<\/strong><\/p><p><strong>Secretariatul General coordoneaz\u0103 activitatea urm\u0103toarelor compartimente: <\/strong><\/p><ul><li>Secretariatele Facult\u0103\u0163ilor de Medicin\u0103,\u00a0Medicin\u0103 \u00een Limba Englez\u0103, Medicin\u0103 Dentar\u0103, Farmacie, Inginerie \u0219i Tehnologia Informa\u021biei, \u0218tiin\u021be \u0219i Litere \u201ePetru Maior\u201d, Economie \u0219i Drept<\/li><li>Secretariatul \u0218colilor Doctorale<\/li><li>Secretariatele Prorectoratelor<\/li><li>Secretariatul CEIPSCU<\/li><li>Secretariatul Departamentului Rela\u021bii Interna\u021bionale<\/li><li>Secretariatul Compartimentului Reziden\u021biat \u0219i \u00cenv\u0103\u021b\u0103m\u00e2nt Postuniversitar<\/li><li>Secretariatul Compartimentului Publica\u021bii \u0218tiin\u021bifice<\/li><li>Secretariatul Compartimentului Scientometrie \u0219i Ranking Universitar<\/li><li>Secretariatul Departamentului de Preg\u0103tire a Personalului Didactic<\/li><li>Compartimentul Acte de studii<\/li><li>Registratura General\u0103 a Universit\u0103\u021bi<\/li><li>Arhiva \u0219i Curierat<\/li><\/ul><p><strong>\u00a0<\/strong><\/p>\t\t\t\t\t\t\t\t<\/div>\n\t\t\t\t<\/div>\n\t\t\t\t\t<\/div>\n\t\t<\/div>\n\t\t\t\t\t<\/div>\n\t\t<\/section>\n\t\t\t\t<section class=\"elementor-section elementor-top-section elementor-element elementor-element-fe6611a elementor-section-boxed elementor-section-height-default elementor-section-height-default\" data-id=\"fe6611a\" data-element_type=\"section\" data-e-type=\"section\">\n\t\t\t\t\t\t<div class=\"elementor-container elementor-column-gap-default\">\n\t\t\t\t\t<div class=\"elementor-column elementor-col-100 elementor-top-column elementor-element elementor-element-aca7601\" data-id=\"aca7601\" data-element_type=\"column\" data-e-type=\"column\">\n\t\t\t<div class=\"elementor-widget-wrap\">\n\t\t\t\t\t\t\t<\/div>\n\t\t<\/div>\n\t\t\t\t\t<\/div>\n\t\t<\/section>\n\t\t\t\t<\/div>","protected":false},"excerpt":{"rendered":"<p>Secretariat General Secretar-\u0219ef universitateAna-Ioana M\u0103teaE-mail:\u00a0rectorat@umfst.ro, ioana.matea@umfst.ro Secretar-\u0219ef adjunctIrina C\u0103t\u0103lina B\u00eersanE-mail:\u00a0rectorat@umfst.ro, irina.birsan@umfst.ro Consilier Ovidiu Constantin Chel\u0103rescuE-mail:\u00a0ovidiu.chelarescu@umfst.ro Secretar M\u0103d\u0103lina OrbanE-mail:\u00a0rectorat@umfst.ro,\u00a0 madalina.orban@umfst.ro Secretar Csizmadia ErzsebetE-mail: erzsebet.csizmadia@umfst.ro Secretariatul General al UMFST G.E. Palade T\u00e2rgu Mure\u0219 particip\u0103 la realizarea unui management academic eficient prin activit\u0103\u021bi de secretariat la nivelul conducerii Universit\u0103\u021bii, a Facult\u0103\u021bilor \u0219i a altor compartimente care deruleaz\u0103 activit\u0103\u021bi [&hellip;]<\/p>\n","protected":false},"author":25,"featured_media":0,"parent":83,"menu_order":1,"comment_status":"closed","ping_status":"closed","template":"","meta":{"_relevanssi_hide_post":"","_relevanssi_hide_content":"","_relevanssi_pin_for_all":"","_relevanssi_pin_keywords":"","_relevanssi_unpin_keywords":"","_relevanssi_related_keywords":"","_relevanssi_related_include_ids":"","_relevanssi_related_exclude_ids":"","_relevanssi_related_no_append":"","_relevanssi_related_not_related":"","_relevanssi_related_posts":"2388,2382,2387,2389,2385,2390","_relevanssi_noindex_reason":"","footnotes":""},"categories":[16],"tags":[],"class_list":["post-17660","page","type-page","status-publish","hentry","category-pagina-sidebar"],"meta_box":[],"_links":{"self":[{"href":"https:\/\/umfst.ro\/en\/wp-json\/wp\/v2\/pages\/17660","targetHints":{"allow":["GET"]}}],"collection":[{"href":"https:\/\/umfst.ro\/en\/wp-json\/wp\/v2\/pages"}],"about":[{"href":"https:\/\/umfst.ro\/en\/wp-json\/wp\/v2\/types\/page"}],"author":[{"embeddable":true,"href":"https:\/\/umfst.ro\/en\/wp-json\/wp\/v2\/users\/25"}],"replies":[{"embeddable":true,"href":"https:\/\/umfst.ro\/en\/wp-json\/wp\/v2\/comments?post=17660"}],"version-history":[{"count":108,"href":"https:\/\/umfst.ro\/en\/wp-json\/wp\/v2\/pages\/17660\/revisions"}],"predecessor-version":[{"id":44382,"href":"https:\/\/umfst.ro\/en\/wp-json\/wp\/v2\/pages\/17660\/revisions\/44382"}],"up":[{"embeddable":true,"href":"https:\/\/umfst.ro\/en\/wp-json\/wp\/v2\/pages\/83"}],"wp:attachment":[{"href":"https:\/\/umfst.ro\/en\/wp-json\/wp\/v2\/media?parent=17660"}],"wp:term":[{"taxonomy":"category","embeddable":true,"href":"https:\/\/umfst.ro\/en\/wp-json\/wp\/v2\/categories?post=17660"},{"taxonomy":"post_tag","embeddable":true,"href":"https:\/\/umfst.ro\/en\/wp-json\/wp\/v2\/tags?post=17660"}],"curies":[{"name":"wp","href":"https:\/\/api.w.org\/{rel}","templated":true}]}}