{"id":27691,"date":"2024-07-10T14:25:25","date_gmt":"2024-07-10T11:25:25","guid":{"rendered":"https:\/\/umfst.ro\/?page_id=27691"},"modified":"2026-03-13T09:23:04","modified_gmt":"2026-03-13T07:23:04","slug":"regulations-and-reports","status":"publish","type":"page","link":"https:\/\/umfst.ro\/en\/universitate\/relatii-internationale\/regulamente-si-rapoarte\/","title":{"rendered":"Regulamente \u0219i rapoarte"},"content":{"rendered":"<div data-elementor-type=\"wp-page\" data-elementor-id=\"27691\" class=\"elementor elementor-27691\" data-elementor-post-type=\"page\">\n\t\t\t\t\t\t<section class=\"elementor-section elementor-top-section elementor-element elementor-element-b042d95 elementor-section-boxed elementor-section-height-default elementor-section-height-default\" data-id=\"b042d95\" data-element_type=\"section\" data-e-type=\"section\">\n\t\t\t\t\t\t<div class=\"elementor-container elementor-column-gap-default\">\n\t\t\t\t\t<div class=\"elementor-column elementor-col-100 elementor-top-column elementor-element elementor-element-f71a316\" data-id=\"f71a316\" data-element_type=\"column\" data-e-type=\"column\">\n\t\t\t<div class=\"elementor-widget-wrap elementor-element-populated\">\n\t\t\t\t\t\t<div class=\"elementor-element elementor-element-a53600b elementor-widget elementor-widget-text-editor\" data-id=\"a53600b\" data-element_type=\"widget\" data-e-type=\"widget\" data-widget_type=\"text-editor.default\">\n\t\t\t\t<div class=\"elementor-widget-container\">\n\t\t\t\t\t\t\t\t\t<h2>Regulamente<\/h2>\n<p><a href=\"https:\/\/umfst.ro\/fileadmin\/documente_oficiale\/regulamente\/UMFST-REG-43.pdf\" target=\"_blank\" rel=\"noopener\">Regulation on the organisation and operation of the International Relations Department<\/a><\/p>\n<p><a href=\"https:\/\/umfst.ro\/fileadmin\/documente_oficiale\/regulamente\/UMFST-REG-41.pdf\" target=\"_blank\" rel=\"noopener\">Regulation on the organisation and operation of the Bureau for Community Programmes<\/a><\/p>\n<p><a href=\"https:\/\/umfst.ro\/fileadmin\/documente_oficiale\/regulamente\/UMFST-REG-42.pdf\" target=\"_blank\" rel=\"noopener\">Regulament de recunoa\u015ftere a mobilit\u0103\u021bilor de studiu sau de practic\u0103 efectuate de studen\u021bi \u00een str\u0103in\u0103tate<\/a><\/p>\t\t\t\t\t\t\t\t<\/div>\n\t\t\t\t<\/div>\n\t\t\t\t\t<\/div>\n\t\t<\/div>\n\t\t\t\t\t<\/div>\n\t\t<\/section>\n\t\t\t\t<section class=\"elementor-section elementor-top-section elementor-element elementor-element-9292ecf elementor-section-boxed elementor-section-height-default elementor-section-height-default\" data-id=\"9292ecf\" data-element_type=\"section\" data-e-type=\"section\">\n\t\t\t\t\t\t<div class=\"elementor-container elementor-column-gap-default\">\n\t\t\t\t\t<div class=\"elementor-column elementor-col-100 elementor-top-column elementor-element elementor-element-f79f7b4\" data-id=\"f79f7b4\" data-element_type=\"column\" data-e-type=\"column\">\n\t\t\t<div class=\"elementor-widget-wrap elementor-element-populated\">\n\t\t\t\t\t\t<div class=\"elementor-element elementor-element-92fa98c elementor-widget elementor-widget-text-editor\" data-id=\"92fa98c\" data-element_type=\"widget\" data-e-type=\"widget\" data-widget_type=\"text-editor.default\">\n\t\t\t\t<div class=\"elementor-widget-container\">\n\t\t\t\t\t\t\t\t\t<h2>Rapoarte<\/h2><p><a href=\"https:\/\/umfst.ro\/fileadmin\/relatii_internationale\/rapoarte\/DIVERSE_Raport_de_activitate.pdf\">Raport de activitate DIVERSE\u00a0 2024-2025<\/a><\/p><p><a href=\"https:\/\/umfst.ro\/fileadmin\/relatii_internationale\/rapoarte\/Raport_Relatii_internationale_2025.pdf\" target=\"_blank\" rel=\"noopener\">Raport institutional Relatii Internationale 2025<\/a><\/p><p><a href=\"https:\/\/umfst.ro\/fileadmin\/relatii_internationale\/rapoarte\/Raport_Rel_Int_2024.pdf\" target=\"_blank\" rel=\"noopener\">Raport institutional Relatii Internationale 2024<\/a><\/p><p><a href=\"https:\/\/umfst.ro\/fileadmin\/relatii_internationale\/rapoarte\/Raport_Rel_Int_2023.pdf\" target=\"_blank\" rel=\"noopener\">Raport institutional Relatii Internationale 2023<\/a><\/p><p><a href=\"https:\/\/umfst.ro\/fileadmin\/relatii_internationale\/rapoarte\/Raport_Rel_Int_2022_.pdf\" target=\"_blank\" rel=\"noopener\">Raport institutional Relatii Internationale 2022<\/a><\/p><p><a href=\"https:\/\/umfst.ro\/fileadmin\/relatii_internationale\/rapoarte\/Raport_Rel_Int_2021__4_.pdf\" target=\"_blank\" rel=\"noopener\">Raport institutional Relatii Internationale 2021<\/a><\/p><p><a href=\"https:\/\/umfst.ro\/fileadmin\/relatii_internationale\/rapoarte\/Raport__Rel_Int_2020.pdf\" target=\"_blank\" rel=\"noopener\">Raport institutional Relatii Internationale 2020<\/a><\/p><p><a href=\"https:\/\/umfst.ro\/fileadmin\/relatii_internationale\/rapoarte\/Raport_Rel_Int_2019_final_pentru_site.pdf\" target=\"_blank\" rel=\"noopener\">Raport institutional Relatii Internationale 2019<\/a><\/p><p><a href=\"https:\/\/umfst.ro\/fileadmin\/relatii_internationale\/rapoarte\/Raport_Rel_Int_2018.pdf\" target=\"_blank\" rel=\"noopener\">Raport institutional Relatii Internationale 2018<\/a><\/p><p><a href=\"https:\/\/umfst.ro\/fileadmin\/relatii_internationale\/rapoarte\/Raport_Rel_Int_2017.pdf\" target=\"_blank\" rel=\"noopener\">Raport institutional Relatii Internationale 2017<\/a><\/p><p><a href=\"https:\/\/umfst.ro\/fileadmin\/relatii_internationale\/rapoarte\/Raport_institutional_Rel_Int_2016.pdf\" target=\"_blank\" rel=\"noopener\">Institutional report of the International Relations department 2016<\/a><\/p><p><a href=\"https:\/\/umfst.ro\/fileadmin\/relatii_internationale\/rapoarte\/Raport_Relatii_Internationale_2015.pdf\" target=\"_blank\" rel=\"noopener\">Institutional report of the International Relations department 2015<\/a><\/p><p><a href=\"https:\/\/umfst.ro\/fileadmin\/relatii_internationale\/rapoarte\/Raport_Rel_Internationale_2014.pdf\" target=\"_blank\" rel=\"noopener\">Institutional report of the International Relations department 2014<\/a><\/p><p><a href=\"https:\/\/umfst.ro\/fileadmin\/relatii_internationale\/rapoarte\/Raport_Rel_Internationale_2013.pdf\" target=\"_blank\" rel=\"noopener\">Institutional report of the International Relations department 2013<\/a><\/p><p><a href=\"https:\/\/umfst.ro\/fileadmin\/relatii_internationale\/rapoarte\/Raport_institutional_Relatii_Internationale_2012.pdf\" target=\"_blank\" rel=\"noopener\">Institutional report of the International Relations department 2012<\/a><\/p>\t\t\t\t\t\t\t\t<\/div>\n\t\t\t\t<\/div>\n\t\t\t\t\t<\/div>\n\t\t<\/div>\n\t\t\t\t\t<\/div>\n\t\t<\/section>\n\t\t\t\t<\/div>","protected":false},"excerpt":{"rendered":"<p>Regulamente Regulament de organizare si functionare a Departamentului de Relatii Internationale Regulamentul privind organizarea \u0219i func\u021bionarea Biroului Erasmus+ Regulament de recunoa\u015ftere a mobilit\u0103\u021bilor de studiu sau de practic\u0103 efectuate de studen\u021bi \u00een str\u0103in\u0103tate Rapoarte Raport de activitate DIVERSE\u00a0 2024-2025 Raport institutional Relatii Internationale 2025 Raport institutional Relatii Internationale 2024 Raport institutional Relatii Internationale 2023 Raport [&hellip;]<\/p>\n","protected":false},"author":19,"featured_media":0,"parent":348,"menu_order":6,"comment_status":"closed","ping_status":"closed","template":"","meta":{"_relevanssi_hide_post":"","_relevanssi_hide_content":"","_relevanssi_pin_for_all":"","_relevanssi_pin_keywords":"","_relevanssi_unpin_keywords":"","_relevanssi_related_keywords":"","_relevanssi_related_include_ids":"","_relevanssi_related_exclude_ids":"","_relevanssi_related_no_append":"","_relevanssi_related_not_related":"","_relevanssi_related_posts":"2390,5940,14117,17954,2385,2386","_relevanssi_noindex_reason":"","footnotes":""},"categories":[16,146],"tags":[],"class_list":["post-27691","page","type-page","status-publish","hentry","category-pagina-sidebar","category-pagina-international"],"meta_box":[],"_links":{"self":[{"href":"https:\/\/umfst.ro\/en\/wp-json\/wp\/v2\/pages\/27691","targetHints":{"allow":["GET"]}}],"collection":[{"href":"https:\/\/umfst.ro\/en\/wp-json\/wp\/v2\/pages"}],"about":[{"href":"https:\/\/umfst.ro\/en\/wp-json\/wp\/v2\/types\/page"}],"author":[{"embeddable":true,"href":"https:\/\/umfst.ro\/en\/wp-json\/wp\/v2\/users\/19"}],"replies":[{"embeddable":true,"href":"https:\/\/umfst.ro\/en\/wp-json\/wp\/v2\/comments?post=27691"}],"version-history":[{"count":49,"href":"https:\/\/umfst.ro\/en\/wp-json\/wp\/v2\/pages\/27691\/revisions"}],"predecessor-version":[{"id":46982,"href":"https:\/\/umfst.ro\/en\/wp-json\/wp\/v2\/pages\/27691\/revisions\/46982"}],"up":[{"embeddable":true,"href":"https:\/\/umfst.ro\/en\/wp-json\/wp\/v2\/pages\/348"}],"wp:attachment":[{"href":"https:\/\/umfst.ro\/en\/wp-json\/wp\/v2\/media?parent=27691"}],"wp:term":[{"taxonomy":"category","embeddable":true,"href":"https:\/\/umfst.ro\/en\/wp-json\/wp\/v2\/categories?post=27691"},{"taxonomy":"post_tag","embeddable":true,"href":"https:\/\/umfst.ro\/en\/wp-json\/wp\/v2\/tags?post=27691"}],"curies":[{"name":"wp","href":"https:\/\/api.w.org\/{rel}","templated":true}]}}