{"id":27897,"date":"2024-07-11T11:53:15","date_gmt":"2024-07-11T08:53:15","guid":{"rendered":"https:\/\/umfst.ro\/?page_id=27897"},"modified":"2025-02-06T10:05:22","modified_gmt":"2025-02-06T08:05:22","slug":"outgoing","status":"publish","type":"page","link":"https:\/\/umfst.ro\/en\/universitate\/relatii-internationale\/erasmus-plus\/mobilitati-eu\/personal-academic\/outgoing\/","title":{"rendered":"Outgoing"},"content":{"rendered":"<div data-elementor-type=\"wp-page\" data-elementor-id=\"27897\" class=\"elementor elementor-27897\" data-elementor-post-type=\"page\">\n\t\t\t\t\t\t<section class=\"elementor-section elementor-top-section elementor-element elementor-element-65579617 elementor-section-boxed elementor-section-height-default elementor-section-height-default\" data-id=\"65579617\" data-element_type=\"section\" data-e-type=\"section\">\n\t\t\t\t\t\t<div class=\"elementor-container elementor-column-gap-default\">\n\t\t\t\t\t<div class=\"elementor-column elementor-col-100 elementor-top-column elementor-element elementor-element-20a881cc\" data-id=\"20a881cc\" data-element_type=\"column\" data-e-type=\"column\">\n\t\t\t<div class=\"elementor-widget-wrap elementor-element-populated\">\n\t\t\t\t\t\t<div class=\"elementor-element elementor-element-7ce2bc14 elementor-widget elementor-widget-text-editor\" data-id=\"7ce2bc14\" data-element_type=\"widget\" data-e-type=\"widget\" data-widget_type=\"text-editor.default\">\n\t\t\t\t<div class=\"elementor-widget-container\">\n\t\t\t\t\t\t\t\t\t\n<p><\/p>\n\n\n\n<p><\/p>\n\t\t\t\t\t\t\t\t<\/div>\n\t\t\t\t<\/div>\n\t\t\t\t\t<\/div>\n\t\t<\/div>\n\t\t\t\t\t<\/div>\n\t\t<\/section>\n\t\t\t\t<section class=\"elementor-section elementor-top-section elementor-element elementor-element-0c592e4 elementor-section-boxed elementor-section-height-default elementor-section-height-default\" data-id=\"0c592e4\" data-element_type=\"section\" data-e-type=\"section\">\n\t\t\t\t\t\t<div class=\"elementor-container elementor-column-gap-default\">\n\t\t\t\t\t<div class=\"elementor-column elementor-col-100 elementor-top-column elementor-element elementor-element-cf66ae0\" data-id=\"cf66ae0\" data-element_type=\"column\" data-e-type=\"column\">\n\t\t\t<div class=\"elementor-widget-wrap elementor-element-populated\">\n\t\t\t\t\t\t<div class=\"elementor-element elementor-element-28747f2 elementor-widget elementor-widget-text-editor\" data-id=\"28747f2\" data-element_type=\"widget\" data-e-type=\"widget\" data-widget_type=\"text-editor.default\">\n\t\t\t\t<div class=\"elementor-widget-container\">\n\t\t\t\t\t\t\t\t\t<h2 class=\"elementor-heading-title elementor-size-default\">Outgoing<\/h2>\t\t\t\t\t\t\t\t<\/div>\n\t\t\t\t<\/div>\n\t\t\t\t\t<\/div>\n\t\t<\/div>\n\t\t\t\t\t<\/div>\n\t\t<\/section>\n\t\t\t\t<section class=\"elementor-section elementor-top-section elementor-element elementor-element-5c297ae elementor-section-boxed elementor-section-height-default elementor-section-height-default\" data-id=\"5c297ae\" data-element_type=\"section\" data-e-type=\"section\">\n\t\t\t\t\t\t<div class=\"elementor-container elementor-column-gap-default\">\n\t\t\t\t\t<div class=\"elementor-column elementor-col-100 elementor-top-column elementor-element elementor-element-5700c3d\" data-id=\"5700c3d\" data-element_type=\"column\" data-e-type=\"column\">\n\t\t\t<div class=\"elementor-widget-wrap elementor-element-populated\">\n\t\t\t\t\t\t<div class=\"elementor-element elementor-element-92649e3 elementor-widget elementor-widget-text-editor\" data-id=\"92649e3\" data-element_type=\"widget\" data-e-type=\"widget\" data-widget_type=\"text-editor.default\">\n\t\t\t\t<div class=\"elementor-widget-container\">\n\t\t\t\t\t\t\t\t\t\n<h2>Mobilit\u0103\u021bi de predare<\/h2>\n<p><em><strong>General rules for teaching mobilities<\/strong><\/em><\/p>\n\n<p>\u25cf Teaching mobilities are conducted at a university participating in the LLP, with which the University of Medicine and Pharmacy of T\u00e2rgu Mure\u0219 has signed a bilateral agreement;<br \/>\u25cf The bilateral agreement contains the number of teachers who can perform mobilities during an academic year;<br \/>\u25cf Teachers who have a permanent employment contract with the University of Medicine and Pharmacy of T\u00e2rgu Mure\u0219 are eligible;<br \/>\u25cf Inainte de plecare, pentru fiecare cadru didactic \u00een parte, se convine asupra unui program de predare,\u00a0 \u00eempreun\u0103 cu universitatea partener\u0103. Subiectele con\u021binute \u00een programul de predare trebuie s\u0103 fac\u0103 parte din curricula universit\u0103\u021bii gazd\u0103. La \u00eencheierea perioadei de predare, institutia gazd\u0103 elibereaz\u0103 un certificat care s\u0103 ateste realizarea programului convenit.<\/p>\n\t\t\t\t\t\t\t\t<\/div>\n\t\t\t\t<\/div>\n\t\t\t\t\t<\/div>\n\t\t<\/div>\n\t\t\t\t\t<\/div>\n\t\t<\/section>\n\t\t\t\t<section class=\"elementor-section elementor-top-section elementor-element elementor-element-428ddda elementor-section-boxed elementor-section-height-default elementor-section-height-default\" data-id=\"428ddda\" data-element_type=\"section\" data-e-type=\"section\">\n\t\t\t\t\t\t<div class=\"elementor-container elementor-column-gap-default\">\n\t\t\t\t\t<div class=\"elementor-column elementor-col-100 elementor-top-column elementor-element elementor-element-af4057f\" data-id=\"af4057f\" data-element_type=\"column\" data-e-type=\"column\">\n\t\t\t<div class=\"elementor-widget-wrap elementor-element-populated\">\n\t\t\t\t\t\t<div class=\"elementor-element elementor-element-573839b elementor-widget elementor-widget-text-editor\" data-id=\"573839b\" data-element_type=\"widget\" data-e-type=\"widget\" data-widget_type=\"text-editor.default\">\n\t\t\t\t<div class=\"elementor-widget-container\">\n\t\t\t\t\t\t\t\t\t<p><\/p>\n<p><b><i>Informa\u021bii utile<\/i><\/b><\/p>\n<p><\/p>\n<p><a href=\"https:\/\/www.umfst.ro\/fileadmin\/relatii_internationale\/materiale\/2024Score-STA-Health.docx\" data-uw-rm-brl=\"PR\" data-uw-original-href=\"https:\/\/www.umfst.ro\/fileadmin\/relatii_internationale\/materiale\/2024Score-STA-Health.docx\">Self-evaluation<\/a>\/Scoresheet \u2013 domeniul s\u0103n\u0103tate<\/p>\n<p><a href=\"https:\/\/www.umfst.ro\/fileadmin\/relatii_internationale\/materiale\/2024Score-STA-Sci%26Tech.docx\" data-uw-rm-brl=\"PR\" data-uw-original-href=\"https:\/\/www.umfst.ro\/fileadmin\/relatii_internationale\/materiale\/2024Score-STA-Sci%26Tech.docx\">Self-evaluation<\/a>\/Scoresheet \u2013 domeniile \u0219tiin\u021be \u0219i tehnologie<\/p>\n<p><\/p>\n<p><\/p>\n<p><a href=\"https:\/\/www.umfst.ro\/fileadmin\/relatii_internationale\/forms\/STA%20outgoing\/mobility-agreement-teaching-2015_en.docx\" data-uw-rm-brl=\"PR\" data-uw-original-href=\"https:\/\/www.umfst.ro\/fileadmin\/relatii_internationale\/forms\/STA%20outgoing\/mobility-agreement-teaching-2015_en.docx\">Teaching mobility agreement<\/a><\/p>\n<p><\/p>\n<p><a href=\"https:\/\/www.umfst.ro\/fileadmin\/relatii_internationale\/forms\/STA%20outgoing\/UMFST-PO-RI-03-F03_-_certificat_prezenta.doc\" data-uw-rm-brl=\"PR\" data-uw-original-href=\"https:\/\/www.umfst.ro\/fileadmin\/relatii_internationale\/forms\/STA%20outgoing\/UMFST-PO-RI-03-F03_-_certificat_prezenta.doc\">Certificate of attendance<\/a><\/p>\n<p><\/p>\t\t\t\t\t\t\t\t<\/div>\n\t\t\t\t<\/div>\n\t\t\t\t\t<\/div>\n\t\t<\/div>\n\t\t\t\t\t<\/div>\n\t\t<\/section>\n\t\t\t\t<section class=\"elementor-section elementor-top-section elementor-element elementor-element-a237406 elementor-section-boxed elementor-section-height-default elementor-section-height-default\" data-id=\"a237406\" data-element_type=\"section\" data-e-type=\"section\">\n\t\t\t\t\t\t<div class=\"elementor-container elementor-column-gap-default\">\n\t\t\t\t\t<div class=\"elementor-column elementor-col-100 elementor-top-column elementor-element elementor-element-0575b70\" data-id=\"0575b70\" data-element_type=\"column\" data-e-type=\"column\">\n\t\t\t<div class=\"elementor-widget-wrap elementor-element-populated\">\n\t\t\t\t\t\t<div class=\"elementor-element elementor-element-3d8757d elementor-widget elementor-widget-text-editor\" data-id=\"3d8757d\" data-element_type=\"widget\" data-e-type=\"widget\" data-widget_type=\"text-editor.default\">\n\t\t\t\t<div class=\"elementor-widget-container\">\n\t\t\t\t\t\t\t\t\t<h2>Mobilit\u0103\u021bi de formare<\/h2>\n<p><em><strong>Reguli generale pentru mobilit\u0103\u021bile de formare<\/strong><\/em><\/p>\n<p>Mobilit\u0103\u021bile Erasmus de formare profesional\u0103 (Staff Training \u2013 STT) se adreseaz\u0103 personalului nedidactic \u0219i personalului didactic cu func\u021bii administrative din cadrul UMFST G.E. Palade Tg. Mure\u0219.<\/p>\n<p>Mobilitatea presupune un stagiu de formare cu o durat\u0103 de 5 zile, la una dintre institu\u0163iile cu care universitatea noastr\u0103 are \u00eencheiat un acord bilateral \u00een programul Erasmus+ \u0219i \u00een care sunt prev\u0103zute mobilit\u0103\u021bi de tip STT (lista este disponibil\u0103 aici ) sau la orice organiza\u021bie\/institu\u021bie din domeniul educa\u021biei sau orice organiza\u021bie\/institu\u021bie care este activ\u0103 pe pia\u021ba muncii din Uniunea European\u0103.<\/p>\n<p>Their aim is to help perfect the professional abilities and competences of the university staff, as well as their linguistic abilities, thus contributing to the internationalization of the university.<\/p>\t\t\t\t\t\t\t\t<\/div>\n\t\t\t\t<\/div>\n\t\t\t\t\t<\/div>\n\t\t<\/div>\n\t\t\t\t\t<\/div>\n\t\t<\/section>\n\t\t\t\t<section class=\"elementor-section elementor-top-section elementor-element elementor-element-4b466da elementor-section-boxed elementor-section-height-default elementor-section-height-default\" data-id=\"4b466da\" data-element_type=\"section\" data-e-type=\"section\">\n\t\t\t\t\t\t<div class=\"elementor-container elementor-column-gap-default\">\n\t\t\t\t\t<div class=\"elementor-column elementor-col-100 elementor-top-column elementor-element elementor-element-babe4c5\" data-id=\"babe4c5\" data-element_type=\"column\" data-e-type=\"column\">\n\t\t\t<div class=\"elementor-widget-wrap elementor-element-populated\">\n\t\t\t\t\t\t<div class=\"elementor-element elementor-element-a9eb763 elementor-widget elementor-widget-text-editor\" data-id=\"a9eb763\" data-element_type=\"widget\" data-e-type=\"widget\" data-widget_type=\"text-editor.default\">\n\t\t\t\t<div class=\"elementor-widget-container\">\n\t\t\t\t\t\t\t\t\t<p><b><i>Informa\u021bii utile<\/i><\/b><\/p>\n<p><a href=\"https:\/\/www.umfst.ro\/fileadmin\/relatii_internationale\/forms\/STT_outgoing\/Fisa_punctaj_pentru_mobilitati_de_formare_Erasmus_.doc\" data-uw-rm-brl=\"PR\" data-uw-original-href=\"https:\/\/www.umfst.ro\/fileadmin\/relatii_internationale\/forms\/STT_outgoing\/Fisa_punctaj_pentru_mobilitati_de_formare_Erasmus_.doc\">Fisa punctaj pentru mobilitati de formare Erasmus+<\/a><\/p>\n<p><a href=\"https:\/\/www.umfst.ro\/fileadmin\/relatii_internationale\/erasmus_2015-2016\/Acord_de_formare_.docx\" data-uw-rm-brl=\"PR\" data-uw-original-href=\"https:\/\/www.umfst.ro\/fileadmin\/relatii_internationale\/erasmus_2015-2016\/Acord_de_formare_.docx\">Acord de formare<\/a><\/p>\n<p><a href=\"https:\/\/www.umfst.ro\/fileadmin\/relatii_internationale\/materiale\/Certificat_de_prezenta.doc\">Certificat de prezenta<\/a><\/p>\n<p><!-- \/wp:paragraph --><\/p>\t\t\t\t\t\t\t\t<\/div>\n\t\t\t\t<\/div>\n\t\t\t\t\t<\/div>\n\t\t<\/div>\n\t\t\t\t\t<\/div>\n\t\t<\/section>\n\t\t\t\t<\/div>","protected":false},"excerpt":{"rendered":"<p>Outgoing Mobilit\u0103\u021bi de predare Reguli generale pentru mobilit\u0103\u021bile de predare ale cadrelor didactice \u25cf Mobilit\u0103\u021bile de predare se realizeaz\u0103 la o universitate participant\u0103 la programul LLP, cu care UMF T\u00e2rgu Mure\u0219 are \u00eencheiat un acord bilateral\u25cf Acordul bilateral cuprinde num\u0103rul cadrelor didactice care pot efectua o mobilitate pe durata unui an universitar\u25cf Sunt eligibile cadrele [&hellip;]<\/p>\n","protected":false},"author":19,"featured_media":0,"parent":27836,"menu_order":0,"comment_status":"closed","ping_status":"closed","template":"","meta":{"_relevanssi_hide_post":"","_relevanssi_hide_content":"","_relevanssi_pin_for_all":"","_relevanssi_pin_keywords":"","_relevanssi_unpin_keywords":"","_relevanssi_related_keywords":"","_relevanssi_related_include_ids":"","_relevanssi_related_exclude_ids":"","_relevanssi_related_no_append":"","_relevanssi_related_not_related":"","_relevanssi_related_posts":"150,154","_relevanssi_noindex_reason":"","footnotes":""},"categories":[16,146],"tags":[],"class_list":["post-27897","page","type-page","status-publish","hentry","category-pagina-sidebar","category-pagina-international"],"meta_box":[],"_links":{"self":[{"href":"https:\/\/umfst.ro\/en\/wp-json\/wp\/v2\/pages\/27897","targetHints":{"allow":["GET"]}}],"collection":[{"href":"https:\/\/umfst.ro\/en\/wp-json\/wp\/v2\/pages"}],"about":[{"href":"https:\/\/umfst.ro\/en\/wp-json\/wp\/v2\/types\/page"}],"author":[{"embeddable":true,"href":"https:\/\/umfst.ro\/en\/wp-json\/wp\/v2\/users\/19"}],"replies":[{"embeddable":true,"href":"https:\/\/umfst.ro\/en\/wp-json\/wp\/v2\/comments?post=27897"}],"version-history":[{"count":16,"href":"https:\/\/umfst.ro\/en\/wp-json\/wp\/v2\/pages\/27897\/revisions"}],"predecessor-version":[{"id":37007,"href":"https:\/\/umfst.ro\/en\/wp-json\/wp\/v2\/pages\/27897\/revisions\/37007"}],"up":[{"embeddable":true,"href":"https:\/\/umfst.ro\/en\/wp-json\/wp\/v2\/pages\/27836"}],"wp:attachment":[{"href":"https:\/\/umfst.ro\/en\/wp-json\/wp\/v2\/media?parent=27897"}],"wp:term":[{"taxonomy":"category","embeddable":true,"href":"https:\/\/umfst.ro\/en\/wp-json\/wp\/v2\/categories?post=27897"},{"taxonomy":"post_tag","embeddable":true,"href":"https:\/\/umfst.ro\/en\/wp-json\/wp\/v2\/tags?post=27897"}],"curies":[{"name":"wp","href":"https:\/\/api.w.org\/{rel}","templated":true}]}}