{"id":29151,"date":"2024-08-20T13:30:55","date_gmt":"2024-08-20T10:30:55","guid":{"rendered":"https:\/\/umfst.ro\/?page_id=29151"},"modified":"2024-09-14T18:21:29","modified_gmt":"2024-09-14T15:21:29","slug":"continuing-education","status":"publish","type":"page","link":"https:\/\/umfst.ro\/en\/info-studenti\/studii\/postuniversitar\/formare-continua\/","title":{"rendered":"Programe de studii postuniversitare \u015fi de educa\u021bie permanent\u0103"},"content":{"rendered":"<div data-elementor-type=\"wp-page\" data-elementor-id=\"29151\" class=\"elementor elementor-29151\" data-elementor-post-type=\"page\">\n\t\t\t\t\t\t<section class=\"elementor-section elementor-top-section elementor-element elementor-element-bca3faf elementor-section-boxed elementor-section-height-default elementor-section-height-default\" data-id=\"bca3faf\" data-element_type=\"section\" data-e-type=\"section\">\n\t\t\t\t\t\t<div class=\"elementor-container elementor-column-gap-default\">\n\t\t\t\t\t<div class=\"elementor-column elementor-col-50 elementor-top-column elementor-element elementor-element-39edc83\" data-id=\"39edc83\" data-element_type=\"column\" data-e-type=\"column\">\n\t\t\t<div class=\"elementor-widget-wrap elementor-element-populated\">\n\t\t\t\t\t\t<div class=\"elementor-element elementor-element-fb8035d elementor-widget__width-initial elementor-widget elementor-widget-text-editor\" data-id=\"fb8035d\" data-element_type=\"widget\" data-e-type=\"widget\" data-widget_type=\"text-editor.default\">\n\t\t\t\t<div class=\"elementor-widget-container\">\n\t\t\t\t\t\t\t\t\t<h2 style=\"text-align: center\"><strong>Investe\u0219te \u00een viitorul t\u0103u prin educa\u021bie permanent\u0103 la <\/strong><strong>UMFST<\/strong><strong> G.E. Palade T\u00e2rgu Mure\u0219!<\/strong><\/h2><p>Pentru o carier\u0103 de succes necesar\u0103 eviden\u021bierii ca expert \u00een domeniul de activitate, pentru a promova \u00een organiza\u021bie, <strong>UMFST G.E. Palade T\u00e2rgu Mure\u0219<\/strong> prin <strong><em>Centrul de dezvoltare profesional\u0103 a adul\u021bilor<\/em><\/strong> v\u0103 ajut\u0103 s\u0103 dob\u00e2ndi\u021bi competen\u021be cheie, transversale \u015fi profesionale \u00eentr-un domeniu de activitate, concretizate \u00een cuno\u0219tin\u021be, aptitudini \u015fi abilit\u0103\u021bi solicitate \u00eentr-o varietate de situa\u021bii \u0219i medii de lucru.<\/p><p><strong>Calificarea postuniversitar\u0103,<\/strong> ca investi\u021bie \u00een viitorul t\u0103u, este o cale pentru <strong>cre\u0219terea poten\u021bialului de c\u00e2\u0219tig<\/strong>, dar \u0219i pentru a ob\u021bine mai multe satisfac\u021bii profesionale sau de a aprofunda un subiect de care e\u0219ti pasionat.<\/p><p>V\u0103 oferim noi <strong>dovezi ale rezultatelor \u00eenv\u0103\u021b\u0103rii<\/strong> dob\u00e2ndite prin parcurgerea de programe postuniversitare care <strong>s\u0103 v\u0103 dezvolte portofoliul educa\u021bional <\/strong>necesar pentru inser\u021bia pe pia\u021ba muncii. Pentru organiza\u021bii oferim <strong>programe personalizate<\/strong> prin care transmitem cuno\u0219tin\u021be noi necesare dezvolt\u0103rii competen\u021belor angaja\u021bilor \u00een direc\u021bia potrivit\u0103 pentru dumneavoastr\u0103.<\/p><p>Este posibil s\u0103 <strong>studia\u021bi \u0219i s\u0103 lucra\u021bi \u00een acela\u0219i timp<\/strong>, pun\u00e2ndu-v\u0103 la dispozi\u021bie o structur\u0103 de programe postuniversitare \u015fi de educa\u021bie flexibile \u0219i modulare, axate preponderent pe cuno\u0219tin\u021be practice \u00eembinate cu rezultate din cercetare, care \u00eempreun\u0103 s\u0103 conduc\u0103 la ob\u021binerea de <strong>certificate<\/strong><strong>\/<\/strong><strong>microcertificate recunoscute de Ministerul Educa\u021biei. <\/strong><\/p><p><strong>Reglement\u0103ri<\/strong><\/p><ul><li>Regulamentul de organizare \u0219i func\u021bionare a Centrului de Dezvoltare Profesional\u0103 a Adul\u021bilor, cod: <a href=\"https:\/\/www.umfst.ro\/fileadmin\/documente_oficiale\/regulamente\/UMFST-REG-138.pdf\">UMFST-REG -138<\/a><\/li><li>Metodologia proprie de organizare \u0219i desf\u0103\u0219urare a programelor de formare profesional\u0103 \u0219i de educa\u021bie permanent\u0103 a adul\u021bilor, cod: <a href=\"https:\/\/www.umfst.ro\/fileadmin\/documente_oficiale\/regulamente\/UMFST-REG-137.pdf\">UMFST-REG -137<\/a><\/li><li>Metodologia proprie de organizare a programelor de studii postuniversitare, cod: <a href=\"https:\/\/www.umfst.ro\/fileadmin\/documente_oficiale\/regulamente\/UMFST-REG-136.pdf\">UMFST-REG -136<\/a><\/li><\/ul><p><strong>Formarea postuniversitar\u0103 continu\u0103 <\/strong>prin:<\/p><p><a href=\"https:\/\/umfst.ro\/info-studenti\/studii\/postuniversitar\/formare-continua\/programe-de-studii-postuniversitare-de-formare-profesionala-si-educatie-permanenta-a-adultilor\/\"><strong>Programe de studii postuniversitare de formare profesional\u0103 \u015fi educa\u021bie permanent\u0103 a adul\u021bilor<\/strong><\/a><\/p><p><strong><a href=\"https:\/\/umfst.ro\/info-studenti\/studii\/postuniversitar\/formare-continua\/compartimentul-de-cursuri-postuniversitare-ccp\/\">Cursuri postuniversitare<\/a><br \/><\/strong><\/p><p><strong>&#8230;&#8230;&#8230;&#8230;&#8230;&#8230;&#8230;&#8230;&#8230;&#8230;&#8230;&#8230;&#8230;&#8230;&#8230;&#8230;&#8230;&#8230;&#8230;<\/strong><\/p>\t\t\t\t\t\t\t\t<\/div>\n\t\t\t\t<\/div>\n\t\t\t\t<div class=\"elementor-element elementor-element-898f3e8 elementor-widget elementor-widget-spacer\" data-id=\"898f3e8\" data-element_type=\"widget\" data-e-type=\"widget\" data-widget_type=\"spacer.default\">\n\t\t\t\t<div class=\"elementor-widget-container\">\n\t\t\t\t\t\t\t<div class=\"elementor-spacer\">\n\t\t\t<div class=\"elementor-spacer-inner\"><\/div>\n\t\t<\/div>\n\t\t\t\t\t\t<\/div>\n\t\t\t\t<\/div>\n\t\t\t\t\t<\/div>\n\t\t<\/div>\n\t\t\t\t<div class=\"elementor-column elementor-col-50 elementor-top-column elementor-element elementor-element-a3401f8\" data-id=\"a3401f8\" data-element_type=\"column\" data-e-type=\"column\">\n\t\t\t<div class=\"elementor-widget-wrap elementor-element-populated\">\n\t\t\t\t\t\t<section class=\"elementor-section elementor-inner-section elementor-element elementor-element-770f16d elementor-section-boxed elementor-section-height-default elementor-section-height-default\" data-id=\"770f16d\" data-element_type=\"section\" data-e-type=\"section\">\n\t\t\t\t\t\t<div class=\"elementor-container elementor-column-gap-default\">\n\t\t\t\t\t<div data-dce-background-color=\"#F2F7FF\" class=\"elementor-column elementor-col-100 elementor-inner-column elementor-element elementor-element-1fa1fec\" data-id=\"1fa1fec\" data-element_type=\"column\" data-e-type=\"column\" data-settings=\"{&quot;background_background&quot;:&quot;classic&quot;}\">\n\t\t\t<div class=\"elementor-widget-wrap elementor-element-populated\">\n\t\t\t\t\t\t<div class=\"elementor-element elementor-element-39cb271 elementor-widget elementor-widget-heading\" data-id=\"39cb271\" data-element_type=\"widget\" data-e-type=\"widget\" data-widget_type=\"heading.default\">\n\t\t\t\t<div class=\"elementor-widget-container\">\n\t\t\t\t\t<h5 class=\"elementor-heading-title elementor-size-default\">Contact<\/h5>\t\t\t\t<\/div>\n\t\t\t\t<\/div>\n\t\t\t\t<div class=\"elementor-element elementor-element-8193df6 elementor-widget-divider--view-line elementor-widget elementor-widget-divider\" data-id=\"8193df6\" data-element_type=\"widget\" data-e-type=\"widget\" data-widget_type=\"divider.default\">\n\t\t\t\t<div class=\"elementor-widget-container\">\n\t\t\t\t\t\t\t<div class=\"elementor-divider\">\n\t\t\t<span class=\"elementor-divider-separator\">\n\t\t\t\t\t\t<\/span>\n\t\t<\/div>\n\t\t\t\t\t\t<\/div>\n\t\t\t\t<\/div>\n\t\t\t\t<div class=\"elementor-element elementor-element-bbed140 elementor-widget elementor-widget-icon-box\" data-id=\"bbed140\" data-element_type=\"widget\" data-e-type=\"widget\" data-widget_type=\"icon-box.default\">\n\t\t\t\t<div class=\"elementor-widget-container\">\n\t\t\t\t\t\t\t<div class=\"elementor-icon-box-wrapper\">\n\n\t\t\t\n\t\t\t\t\t\t<div class=\"elementor-icon-box-content\">\n\n\t\t\t\t\t\t\t\t\t<h3 class=\"elementor-icon-box-title\">\n\t\t\t\t\t\t<span  >\n\t\t\t\t\t\t\tDirector\t\t\t\t\t\t<\/span>\n\t\t\t\t\t<\/h3>\n\t\t\t\t\n\t\t\t\t\t\t\t\t\t<p class=\"elementor-icon-box-description\">\n\t\t\t\t\t\tProf. univ. dr. Tatiana D\u0102NESCU\t\t\t\t\t<\/p>\n\t\t\t\t\n\t\t\t<\/div>\n\t\t\t\n\t\t<\/div>\n\t\t\t\t\t\t<\/div>\n\t\t\t\t<\/div>\n\t\t\t\t<div class=\"elementor-element elementor-element-0d56cfe elementor-widget elementor-widget-icon-box\" data-id=\"0d56cfe\" data-element_type=\"widget\" data-e-type=\"widget\" data-widget_type=\"icon-box.default\">\n\t\t\t\t<div class=\"elementor-widget-container\">\n\t\t\t\t\t\t\t<div class=\"elementor-icon-box-wrapper\">\n\n\t\t\t\n\t\t\t\t\t\t<div class=\"elementor-icon-box-content\">\n\n\t\t\t\t\t\t\t\t\t<h3 class=\"elementor-icon-box-title\">\n\t\t\t\t\t\t<span  >\n\t\t\t\t\t\t\tSecretary\t\t\t\t\t\t<\/span>\n\t\t\t\t\t<\/h3>\n\t\t\t\t\n\t\t\t\t\t\t\t\t\t<p class=\"elementor-icon-box-description\">\n\t\t\t\t\t\tLiliana-Delia S\u0103rm\u0103\u0219an \t\t\t\t\t<\/p>\n\t\t\t\t\n\t\t\t<\/div>\n\t\t\t\n\t\t<\/div>\n\t\t\t\t\t\t<\/div>\n\t\t\t\t<\/div>\n\t\t\t\t<div class=\"elementor-element elementor-element-506c1d5 elementor-widget elementor-widget-icon-box\" data-id=\"506c1d5\" data-element_type=\"widget\" data-e-type=\"widget\" data-widget_type=\"icon-box.default\">\n\t\t\t\t<div class=\"elementor-widget-container\">\n\t\t\t\t\t\t\t<div class=\"elementor-icon-box-wrapper\">\n\n\t\t\t\n\t\t\t\t\t\t<div class=\"elementor-icon-box-content\">\n\n\t\t\t\t\t\t\t\t\t<h3 class=\"elementor-icon-box-title\">\n\t\t\t\t\t\t<span  >\n\t\t\t\t\t\t\tEmail\t\t\t\t\t\t<\/span>\n\t\t\t\t\t<\/h3>\n\t\t\t\t\n\t\t\t\t\t\t\t\t\t<p class=\"elementor-icon-box-description\">\n\t\t\t\t\t\tcdpa@umfst.ro\t\t\t\t\t<\/p>\n\t\t\t\t\n\t\t\t<\/div>\n\t\t\t\n\t\t<\/div>\n\t\t\t\t\t\t<\/div>\n\t\t\t\t<\/div>\n\t\t\t\t<div class=\"elementor-element elementor-element-f656296 elementor-widget elementor-widget-icon-box\" data-id=\"f656296\" data-element_type=\"widget\" data-e-type=\"widget\" data-widget_type=\"icon-box.default\">\n\t\t\t\t<div class=\"elementor-widget-container\">\n\t\t\t\t\t\t\t<div class=\"elementor-icon-box-wrapper\">\n\n\t\t\t\n\t\t\t\t\t\t<div class=\"elementor-icon-box-content\">\n\n\t\t\t\t\t\t\t\t\t<h3 class=\"elementor-icon-box-title\">\n\t\t\t\t\t\t<span  >\n\t\t\t\t\t\t\tPhone\t\t\t\t\t\t<\/span>\n\t\t\t\t\t<\/h3>\n\t\t\t\t\n\t\t\t\t\t\t\t\t\t<p class=\"elementor-icon-box-description\">\n\t\t\t\t\t\t+40-265-215.551, int. 522\n+40-265-208.939 \n\t\t\t\t\t<\/p>\n\t\t\t\t\n\t\t\t<\/div>\n\t\t\t\n\t\t<\/div>\n\t\t\t\t\t\t<\/div>\n\t\t\t\t<\/div>\n\t\t\t\t<div class=\"elementor-element elementor-element-27a4fc0 elementor-widget elementor-widget-icon-box\" data-id=\"27a4fc0\" data-element_type=\"widget\" data-e-type=\"widget\" data-widget_type=\"icon-box.default\">\n\t\t\t\t<div class=\"elementor-widget-container\">\n\t\t\t\t\t\t\t<div class=\"elementor-icon-box-wrapper\">\n\n\t\t\t\n\t\t\t\t\t\t<div class=\"elementor-icon-box-content\">\n\n\t\t\t\t\t\t\t\t\t<h3 class=\"elementor-icon-box-title\">\n\t\t\t\t\t\t<span  >\n\t\t\t\t\t\t\tAddress\t\t\t\t\t\t<\/span>\n\t\t\t\t\t<\/h3>\n\t\t\t\t\n\t\t\t\t\t\t\t\t\t<p class=\"elementor-icon-box-description\">\n\t\t\t\t\t\tStr. Nicolae Iorga nr.1, sala R19\n540088, T\u00e2rgu Mure\u015f, Mure\u015f\n\n\t\t\t\t\t<\/p>\n\t\t\t\t\n\t\t\t<\/div>\n\t\t\t\n\t\t<\/div>\n\t\t\t\t\t\t<\/div>\n\t\t\t\t<\/div>\n\t\t\t\t\t<\/div>\n\t\t<\/div>\n\t\t\t\t\t<\/div>\n\t\t<\/section>\n\t\t\t\t\t<\/div>\n\t\t<\/div>\n\t\t\t\t\t<\/div>\n\t\t<\/section>\n\t\t\t\t<\/div>","protected":false},"excerpt":{"rendered":"<p>Investe\u0219te \u00een viitorul t\u0103u prin educa\u021bie permanent\u0103 la UMFST G.E. Palade T\u00e2rgu Mure\u0219! Pentru o carier\u0103 de succes necesar\u0103 eviden\u021bierii ca expert \u00een domeniul de activitate, pentru a promova \u00een organiza\u021bie, UMFST G.E. Palade T\u00e2rgu Mure\u0219 prin Centrul de dezvoltare profesional\u0103 a adul\u021bilor v\u0103 ajut\u0103 s\u0103 dob\u00e2ndi\u021bi competen\u021be cheie, transversale \u015fi profesionale \u00eentr-un domeniu de [&hellip;]<\/p>\n","protected":false},"author":1,"featured_media":0,"parent":29177,"menu_order":0,"comment_status":"closed","ping_status":"closed","template":"","meta":{"_relevanssi_hide_post":"","_relevanssi_hide_content":"","_relevanssi_pin_for_all":"","_relevanssi_pin_keywords":"","_relevanssi_unpin_keywords":"","_relevanssi_related_keywords":"","_relevanssi_related_include_ids":"","_relevanssi_related_exclude_ids":"","_relevanssi_related_no_append":"","_relevanssi_related_not_related":"","_relevanssi_related_posts":"23963,28682,24487,22107,20602,28188","_relevanssi_noindex_reason":"","footnotes":""},"categories":[16],"tags":[],"class_list":["post-29151","page","type-page","status-publish","hentry","category-pagina-sidebar"],"meta_box":[],"_links":{"self":[{"href":"https:\/\/umfst.ro\/en\/wp-json\/wp\/v2\/pages\/29151","targetHints":{"allow":["GET"]}}],"collection":[{"href":"https:\/\/umfst.ro\/en\/wp-json\/wp\/v2\/pages"}],"about":[{"href":"https:\/\/umfst.ro\/en\/wp-json\/wp\/v2\/types\/page"}],"author":[{"embeddable":true,"href":"https:\/\/umfst.ro\/en\/wp-json\/wp\/v2\/users\/1"}],"replies":[{"embeddable":true,"href":"https:\/\/umfst.ro\/en\/wp-json\/wp\/v2\/comments?post=29151"}],"version-history":[{"count":108,"href":"https:\/\/umfst.ro\/en\/wp-json\/wp\/v2\/pages\/29151\/revisions"}],"predecessor-version":[{"id":30916,"href":"https:\/\/umfst.ro\/en\/wp-json\/wp\/v2\/pages\/29151\/revisions\/30916"}],"up":[{"embeddable":true,"href":"https:\/\/umfst.ro\/en\/wp-json\/wp\/v2\/pages\/29177"}],"wp:attachment":[{"href":"https:\/\/umfst.ro\/en\/wp-json\/wp\/v2\/media?parent=29151"}],"wp:term":[{"taxonomy":"category","embeddable":true,"href":"https:\/\/umfst.ro\/en\/wp-json\/wp\/v2\/categories?post=29151"},{"taxonomy":"post_tag","embeddable":true,"href":"https:\/\/umfst.ro\/en\/wp-json\/wp\/v2\/tags?post=29151"}],"curies":[{"name":"wp","href":"https:\/\/api.w.org\/{rel}","templated":true}]}}