{"id":29955,"date":"2024-09-04T19:02:08","date_gmt":"2024-09-04T16:02:08","guid":{"rendered":"https:\/\/umfst.ro\/?page_id=29955"},"modified":"2024-09-16T19:18:21","modified_gmt":"2024-09-16T16:18:21","slug":"diverse-alliance-of-european-universities","status":"publish","type":"page","link":"https:\/\/umfst.ro\/en\/universitate\/relatii-internationale\/diverse-alliance-of-european-universities\/","title":{"rendered":"DIVERSE Alliance of European Universities"},"content":{"rendered":"<div data-elementor-type=\"wp-page\" data-elementor-id=\"29955\" class=\"elementor elementor-29955\" data-elementor-post-type=\"page\">\n\t\t\t\t\t\t<section class=\"elementor-section elementor-top-section elementor-element elementor-element-549846b elementor-section-boxed elementor-section-height-default elementor-section-height-default\" data-id=\"549846b\" data-element_type=\"section\" data-e-type=\"section\">\n\t\t\t\t\t\t<div class=\"elementor-container elementor-column-gap-default\">\n\t\t\t\t\t<div class=\"elementor-column elementor-col-100 elementor-top-column elementor-element elementor-element-6d485c3\" data-id=\"6d485c3\" data-element_type=\"column\" data-e-type=\"column\">\n\t\t\t<div class=\"elementor-widget-wrap elementor-element-populated\">\n\t\t\t\t\t\t<div class=\"elementor-element elementor-element-6ff99b1 elementor-widget elementor-widget-text-editor\" data-id=\"6ff99b1\" data-element_type=\"widget\" data-e-type=\"widget\" data-widget_type=\"text-editor.default\">\n\t\t\t\t<div class=\"elementor-widget-container\">\n\t\t\t\t\t\t\t\t\t<div class=\"elementor-container elementor-column-gap-default\"><div class=\"elementor-column elementor-col-100 elementor-top-column elementor-element elementor-element-35618ae0\" data-id=\"35618ae0\" data-element_type=\"column\"><div class=\"elementor-widget-wrap elementor-element-populated\"><p>G.E. Palade UMFST of Targu Mures is member of the DIVERSE University Alliance (Digital and Innovative Venture Science Education for Resilient and Sustainable Entrepreneurship), together with other 11 universities from 10 countries.<\/p><p class=\" translation-block\">DIVERSE University Alliance strives to become the network of European universities that will be the European reference point for venture science: the need to apply tech advances in solving major societal challenges by giving people things that they really want, creating in effect economically sustainable solutions.<\/p><p>The Alliance, a truly European, multidisciplinary university campus, with more than 150.000 students, was created in response to the European Commission's challenge to create European networks of higher education institutions, aims to \u201ctransfer knowledge\u201d between higher education institutions and the Society, increasing Europe's scientific power and thus reproducing it in economically sustainable products and services, processes and solutions with social impact, reinforcing the economic prosperity of the European Union, as well as the well-being of its citizens.<\/p><p>DIVERSE Alliance had submitted its proposal to the EU initiative \u00bbEuropean Universities\u00ab (Erasmus+) in February 2024. After being evaluated, it was awarded by the European Commission with the \u201cSeal of Excellence\u201d, which attests to the outstanding quality of the proposal going beyond the eligibility to receive funding. The attribution of the \u201cSeal of Excellence\u201d, which is a high-level mark of distinction,   recognizes the merit and quality of the proposal from the DIVERSE Alliance and the universities that comprise it, and can be used both by the Consortium as a whole and individually by each of the 12 partner universities, whether in applications for schemes national funding, whether European or extra-European.<br \/><br \/>DIVERSE Alliance Consortium:<\/p><ul><li>Universitatea de Medicin\u0103, Farmacie, \u0218tiin\u021be \u0219i Tehnologie \u201dGeorge Emil Palade\u201d din T\u00e2rgu Mure\u0219<\/li><li>Algebra University, Croa\u021bia<\/li><li>PXL University of Applied Sciences and Arts, Belgium<\/li><li>Fundacion Universidad Europea Del Atlantico, Spain<\/li><li>Rosenheim Technical University of Applied Sciences, Germany<\/li><li>Griffith College, Irland<\/li><li>SMK University of Applied Social Sciences, Lithuania<\/li><li>Satakunta University of Applied Sciences, Finland<\/li><li>Istanbul Beykent University, Turkey<\/li><li>Universidade Autonoma de Lisboa, Portugal<\/li><li>Technische Hochschule N\u00fcrnberg Georg Simon Ohm, Germany<\/li><li>Windesheim University of Applied Sciences, The Netherlands<\/li><\/ul><\/div><\/div><\/div><p><a href=\"https:\/\/diverse-university.eu\/\" target=\"_blank\" rel=\"noopener\">https:\/\/diverse-university.eu\/<\/a><\/p>\t\t\t\t\t\t\t\t<\/div>\n\t\t\t\t<\/div>\n\t\t\t\t\t<\/div>\n\t\t<\/div>\n\t\t\t\t\t<\/div>\n\t\t<\/section>\n\t\t\t\t<section class=\"elementor-section elementor-top-section elementor-element elementor-element-c61fa42 elementor-section-boxed elementor-section-height-default elementor-section-height-default\" data-id=\"c61fa42\" data-element_type=\"section\" data-e-type=\"section\">\n\t\t\t\t\t\t<div class=\"elementor-container elementor-column-gap-default\">\n\t\t\t\t\t<div class=\"elementor-column elementor-col-100 elementor-top-column elementor-element elementor-element-c43c45b\" data-id=\"c43c45b\" data-element_type=\"column\" data-e-type=\"column\">\n\t\t\t<div class=\"elementor-widget-wrap\">\n\t\t\t\t\t\t\t<\/div>\n\t\t<\/div>\n\t\t\t\t\t<\/div>\n\t\t<\/section>\n\t\t\t\t<section class=\"elementor-section elementor-top-section elementor-element elementor-element-a5f0151 elementor-section-boxed elementor-section-height-default elementor-section-height-default\" data-id=\"a5f0151\" data-element_type=\"section\" data-e-type=\"section\">\n\t\t\t\t\t\t<div class=\"elementor-container elementor-column-gap-default\">\n\t\t\t\t\t<div class=\"elementor-column elementor-col-100 elementor-top-column elementor-element elementor-element-e25700f\" data-id=\"e25700f\" data-element_type=\"column\" data-e-type=\"column\">\n\t\t\t<div class=\"elementor-widget-wrap elementor-element-populated\">\n\t\t\t\t\t\t<div class=\"elementor-element elementor-element-c96fbd7 elementor-widget elementor-widget-gallery\" data-id=\"c96fbd7\" data-element_type=\"widget\" data-e-type=\"widget\" data-settings=\"{&quot;columns&quot;:&quot;3&quot;,&quot;lazyload&quot;:&quot;yes&quot;,&quot;gallery_layout&quot;:&quot;grid&quot;,&quot;columns_tablet&quot;:2,&quot;columns_mobile&quot;:1,&quot;gap&quot;:{&quot;unit&quot;:&quot;px&quot;,&quot;size&quot;:10,&quot;sizes&quot;:[]},&quot;gap_widescreen&quot;:{&quot;unit&quot;:&quot;px&quot;,&quot;size&quot;:&quot;&quot;,&quot;sizes&quot;:[]},&quot;gap_tablet&quot;:{&quot;unit&quot;:&quot;px&quot;,&quot;size&quot;:10,&quot;sizes&quot;:[]},&quot;gap_mobile&quot;:{&quot;unit&quot;:&quot;px&quot;,&quot;size&quot;:10,&quot;sizes&quot;:[]},&quot;link_to&quot;:&quot;file&quot;,&quot;aspect_ratio&quot;:&quot;3:2&quot;,&quot;overlay_background&quot;:&quot;yes&quot;,&quot;content_hover_animation&quot;:&quot;fade-in&quot;}\" data-widget_type=\"gallery.default\">\n\t\t\t\t<div class=\"elementor-widget-container\">\n\t\t\t\t\t\t\t<div class=\"elementor-gallery__container\">\n\t\t\t\t\t\t\t<a class=\"e-gallery-item elementor-gallery-item elementor-animated-content\" href=\"https:\/\/umfst.ro\/wp-content\/uploads\/2024\/09\/Diverse_1.jpg\" data-elementor-open-lightbox=\"yes\" data-elementor-lightbox-slideshow=\"c96fbd7\" data-elementor-lightbox-title=\"Diverse_1\" data-e-action-hash=\"#elementor-action%3Aaction%3Dlightbox%26settings%3DeyJpZCI6MzAyNDAsInVybCI6Imh0dHBzOlwvXC91bWZzdC5yb1wvd3AtY29udGVudFwvdXBsb2Fkc1wvMjAyNFwvMDlcL0RpdmVyc2VfMS5qcGciLCJzbGlkZXNob3ciOiJjOTZmYmQ3In0%3D\">\n\t\t\t\t\t<div class=\"e-gallery-image elementor-gallery-item__image\" data-thumbnail=\"https:\/\/umfst.ro\/wp-content\/uploads\/2024\/09\/Diverse_1-300x200.jpg\" data-width=\"300\" data-height=\"200\" aria-label=\"\" role=\"img\" ><\/div>\n\t\t\t\t\t\t\t\t\t\t\t<div class=\"elementor-gallery-item__overlay\"><\/div>\n\t\t\t\t\t\t\t\t\t\t\t\t\t\t<\/a>\n\t\t\t\t\t\t\t<a class=\"e-gallery-item elementor-gallery-item elementor-animated-content\" href=\"https:\/\/umfst.ro\/wp-content\/uploads\/2024\/09\/Diverse_2.jpg\" data-elementor-open-lightbox=\"yes\" data-elementor-lightbox-slideshow=\"c96fbd7\" data-elementor-lightbox-title=\"Diverse_2\" data-e-action-hash=\"#elementor-action%3Aaction%3Dlightbox%26settings%3DeyJpZCI6MzAyNDEsInVybCI6Imh0dHBzOlwvXC91bWZzdC5yb1wvd3AtY29udGVudFwvdXBsb2Fkc1wvMjAyNFwvMDlcL0RpdmVyc2VfMi5qcGciLCJzbGlkZXNob3ciOiJjOTZmYmQ3In0%3D\">\n\t\t\t\t\t<div class=\"e-gallery-image elementor-gallery-item__image\" data-thumbnail=\"https:\/\/umfst.ro\/wp-content\/uploads\/2024\/09\/Diverse_2-300x108.jpg\" data-width=\"300\" data-height=\"108\" aria-label=\"\" role=\"img\" ><\/div>\n\t\t\t\t\t\t\t\t\t\t\t<div class=\"elementor-gallery-item__overlay\"><\/div>\n\t\t\t\t\t\t\t\t\t\t\t\t\t\t<\/a>\n\t\t\t\t\t\t\t<a class=\"e-gallery-item elementor-gallery-item elementor-animated-content\" href=\"https:\/\/umfst.ro\/wp-content\/uploads\/2024\/09\/Diverse_3.jpg\" data-elementor-open-lightbox=\"yes\" data-elementor-lightbox-slideshow=\"c96fbd7\" data-elementor-lightbox-title=\"Diverse_3\" data-e-action-hash=\"#elementor-action%3Aaction%3Dlightbox%26settings%3DeyJpZCI6MzAyNDIsInVybCI6Imh0dHBzOlwvXC91bWZzdC5yb1wvd3AtY29udGVudFwvdXBsb2Fkc1wvMjAyNFwvMDlcL0RpdmVyc2VfMy5qcGciLCJzbGlkZXNob3ciOiJjOTZmYmQ3In0%3D\">\n\t\t\t\t\t<div class=\"e-gallery-image elementor-gallery-item__image\" data-thumbnail=\"https:\/\/umfst.ro\/wp-content\/uploads\/2024\/09\/Diverse_3-300x225.jpg\" data-width=\"300\" data-height=\"225\" aria-label=\"\" role=\"img\" ><\/div>\n\t\t\t\t\t\t\t\t\t\t\t<div class=\"elementor-gallery-item__overlay\"><\/div>\n\t\t\t\t\t\t\t\t\t\t\t\t\t\t<\/a>\n\t\t\t\t\t<\/div>\n\t\t\t\t\t<\/div>\n\t\t\t\t<\/div>\n\t\t\t\t\t<\/div>\n\t\t<\/div>\n\t\t\t\t\t<\/div>\n\t\t<\/section>\n\t\t\t\t<\/div>","protected":false},"excerpt":{"rendered":"<p>UMFST G.E. Palade T\u00e2rgu Mure\u0219 face parte din Alian\u021ba Universitar\u0103 DIVERSE (Digital and Innovative Venture Science Education for Resilient and Sustainable Entrepreneurship), al\u0103turi de alte 11 universit\u0103\u021bi din 10 \u021b\u0103ri. Alian\u021ba DIVERSE \u00ee\u0219i propune s\u0103 devin\u0103 re\u021beaua de referin\u021b\u0103 a universit\u0103\u021bilor europene pentru venture science: necesitatea de a aplica avansurile tehnologice \u00een solu\u021bionarea principalelor provoc\u0103ri [&hellip;]<\/p>\n","protected":false},"author":1,"featured_media":0,"parent":348,"menu_order":0,"comment_status":"closed","ping_status":"closed","template":"","meta":{"_relevanssi_hide_post":"","_relevanssi_hide_content":"","_relevanssi_pin_for_all":"","_relevanssi_pin_keywords":"","_relevanssi_unpin_keywords":"","_relevanssi_related_keywords":"","_relevanssi_related_include_ids":"","_relevanssi_related_exclude_ids":"","_relevanssi_related_no_append":"","_relevanssi_related_not_related":"","_relevanssi_related_posts":"26437,2387,24234,28378,20200,21938","_relevanssi_noindex_reason":"","footnotes":""},"categories":[146],"tags":[],"class_list":["post-29955","page","type-page","status-publish","hentry","category-pagina-international"],"meta_box":[],"_links":{"self":[{"href":"https:\/\/umfst.ro\/en\/wp-json\/wp\/v2\/pages\/29955","targetHints":{"allow":["GET"]}}],"collection":[{"href":"https:\/\/umfst.ro\/en\/wp-json\/wp\/v2\/pages"}],"about":[{"href":"https:\/\/umfst.ro\/en\/wp-json\/wp\/v2\/types\/page"}],"author":[{"embeddable":true,"href":"https:\/\/umfst.ro\/en\/wp-json\/wp\/v2\/users\/1"}],"replies":[{"embeddable":true,"href":"https:\/\/umfst.ro\/en\/wp-json\/wp\/v2\/comments?post=29955"}],"version-history":[{"count":4,"href":"https:\/\/umfst.ro\/en\/wp-json\/wp\/v2\/pages\/29955\/revisions"}],"predecessor-version":[{"id":30767,"href":"https:\/\/umfst.ro\/en\/wp-json\/wp\/v2\/pages\/29955\/revisions\/30767"}],"up":[{"embeddable":true,"href":"https:\/\/umfst.ro\/en\/wp-json\/wp\/v2\/pages\/348"}],"wp:attachment":[{"href":"https:\/\/umfst.ro\/en\/wp-json\/wp\/v2\/media?parent=29955"}],"wp:term":[{"taxonomy":"category","embeddable":true,"href":"https:\/\/umfst.ro\/en\/wp-json\/wp\/v2\/categories?post=29955"},{"taxonomy":"post_tag","embeddable":true,"href":"https:\/\/umfst.ro\/en\/wp-json\/wp\/v2\/tags?post=29955"}],"curies":[{"name":"wp","href":"https:\/\/api.w.org\/{rel}","templated":true}]}}