{"id":301,"date":"2022-11-07T15:20:23","date_gmt":"2022-11-07T13:20:23","guid":{"rendered":"https:\/\/dev.umfst.ro\/?page_id=301"},"modified":"2023-10-20T10:12:06","modified_gmt":"2023-10-20T07:12:06","slug":"the-botanical-garden","status":"publish","type":"page","link":"https:\/\/umfst.ro\/en\/universitate\/directia-administrativa\/gradina-botanica\/","title":{"rendered":"The botanical garden"},"content":{"rendered":"<div data-elementor-type=\"wp-page\" data-elementor-id=\"301\" class=\"elementor elementor-301\" data-elementor-post-type=\"page\">\n\t\t\t\t\t\t<section class=\"elementor-section elementor-top-section elementor-element elementor-element-233abc31 elementor-section-boxed elementor-section-height-default elementor-section-height-default\" data-id=\"233abc31\" data-element_type=\"section\" data-e-type=\"section\">\n\t\t\t\t\t\t<div class=\"elementor-container elementor-column-gap-default\">\n\t\t\t\t\t<div class=\"elementor-column elementor-col-100 elementor-top-column elementor-element elementor-element-105dd72e\" data-id=\"105dd72e\" data-element_type=\"column\" data-e-type=\"column\">\n\t\t\t<div class=\"elementor-widget-wrap elementor-element-populated\">\n\t\t\t\t\t\t<div class=\"elementor-element elementor-element-3dde2e06 elementor-widget elementor-widget-text-editor\" data-id=\"3dde2e06\" data-element_type=\"widget\" data-e-type=\"widget\" data-widget_type=\"text-editor.default\">\n\t\t\t\t<div class=\"elementor-widget-container\">\n\t\t\t\t\t\t\t\t\t<p style=\"text-align: left\">Gr\u0103dina Botanic\u0103 Universitar\u0103 a fost \u00eenfiin\u021bat\u0103 \u00een 1948, \u00eempreun\u0103 cu Facultatea de Farmacie, la ini\u021biativa \u0219i sub \u00eendrumarea lui dr. Istv\u00e1n Jablonkay (1913-2000), profesor de Geografie \u0219i \u0218tiin\u021be ale Naturii la \u0218coala Gimnazial\u0103 Romano-Catolic\u0103 din T\u00e2rgu Mure\u0219. Gr\u0103dina de plante medicinale a fost \u00eenfiin\u021bat\u0103 \u00een acela\u0219i an (1948) sub \u00eendrumarea profesorului universitar dr. Elem\u00e9r Kopp (1890- 1964), ultimul director al Sta\u021biunii Experimentale de Plante Medicinale din Cluj (desfiin\u021bat\u0103 \u00een 1945). Gr\u0103dina Botanic\u0103 Universitar\u0103 este situat\u0103 la poalele Platoului Corne\u0219ti \u0219i are urm\u0103toarele sectoare:<\/p>\n<ul>\n<li>Parcul Dendrologic (5 ha): \u00eenfiin\u021bat \u00een 1908; cl\u0103direa pe vremea aceea g\u0103zduia \u0218coala Militar\u0103 Imperial\u0103 \u0219i Regal\u0103 din T\u00e2rgu Mure\u0219;<\/li>\n<li>Sistematica plantelor \u0219i Zona de Stej\u0103ri\u0219 (1,5 ha, 685 de taxoni): o sectorul sistematic a fost proiectat de Cseh Halm\u00e1gyi Anna \u00een perioada 1951-1953; Zona de Stej\u0103ri\u0219 face parte din p\u0103durea de foioase seminatural\u0103 Platoul Corne\u0219ti; \u00een acest sector au fost introdu\u0219i \u0219i aclimatiza\u021bi peste 50 de taxoni amenin\u021ba\u021bi la nivel interna\u021bional \u0219i na\u021bional sau taxoni rari; <br><\/li>\n<li>Plante medicinale (3300 m<sup>2<\/sup>): \u00een acest sector se afl\u0103 278 de taxoni de plante medicinale;<\/li>\n<li>Sere: cele patru sere (cu o suprafa\u021b\u0103 de aproximativ 400 m<sup>2<\/sup>) sunt utilizate pentru ob\u021binerea materialului vegetal necesar plant\u0103rii unor specii ornamentale \u00een spa\u021bii exterioare sau pentru iernarea unor plante alohtone (tropicale, subtropicale \u0219i mediteraneene).<\/li>\n<\/ul>\n<p><br><\/p><p>Pentru mai multe informa\u021bii despre Gr\u0103dina Botanic\u0103, accesa\u021bi: <a href=\"https:\/\/gradinabotanica.umfst.ro\/\">https:\/\/gradinabotanica.umfst.ro\/<\/a><\/p>\t\t\t\t\t\t\t\t<\/div>\n\t\t\t\t<\/div>\n\t\t\t\t\t<\/div>\n\t\t<\/div>\n\t\t\t\t\t<\/div>\n\t\t<\/section>\n\t\t\t\t<\/div>","protected":false},"excerpt":{"rendered":"<p>Gr\u0103dina Botanic\u0103 Universitar\u0103 a fost \u00eenfiin\u021bat\u0103 \u00een 1948, \u00eempreun\u0103 cu Facultatea de Farmacie, la ini\u021biativa \u0219i sub \u00eendrumarea lui dr. Istv\u00e1n Jablonkay (1913-2000), profesor de Geografie \u0219i \u0218tiin\u021be ale Naturii la \u0218coala Gimnazial\u0103 Romano-Catolic\u0103 din T\u00e2rgu Mure\u0219. Gr\u0103dina de plante medicinale a fost \u00eenfiin\u021bat\u0103 \u00een acela\u0219i an (1948) sub \u00eendrumarea profesorului universitar dr. Elem\u00e9r Kopp [&hellip;]<\/p>\n","protected":false},"author":3,"featured_media":0,"parent":238,"menu_order":8,"comment_status":"closed","ping_status":"closed","template":"","meta":{"_relevanssi_hide_post":"","_relevanssi_hide_content":"","_relevanssi_pin_for_all":"","_relevanssi_pin_keywords":"","_relevanssi_unpin_keywords":"","_relevanssi_related_keywords":"","_relevanssi_related_include_ids":"","_relevanssi_related_exclude_ids":"","_relevanssi_related_no_append":"","_relevanssi_related_not_related":"","_relevanssi_related_posts":"2384,2383,2390,2382,5016,6273","_relevanssi_noindex_reason":"","footnotes":""},"categories":[16,141],"tags":[],"class_list":["post-301","page","type-page","status-publish","hentry","category-pagina-sidebar","category-pagina-directia-administrativa"],"meta_box":[],"_links":{"self":[{"href":"https:\/\/umfst.ro\/en\/wp-json\/wp\/v2\/pages\/301","targetHints":{"allow":["GET"]}}],"collection":[{"href":"https:\/\/umfst.ro\/en\/wp-json\/wp\/v2\/pages"}],"about":[{"href":"https:\/\/umfst.ro\/en\/wp-json\/wp\/v2\/types\/page"}],"author":[{"embeddable":true,"href":"https:\/\/umfst.ro\/en\/wp-json\/wp\/v2\/users\/3"}],"replies":[{"embeddable":true,"href":"https:\/\/umfst.ro\/en\/wp-json\/wp\/v2\/comments?post=301"}],"version-history":[{"count":25,"href":"https:\/\/umfst.ro\/en\/wp-json\/wp\/v2\/pages\/301\/revisions"}],"predecessor-version":[{"id":15404,"href":"https:\/\/umfst.ro\/en\/wp-json\/wp\/v2\/pages\/301\/revisions\/15404"}],"up":[{"embeddable":true,"href":"https:\/\/umfst.ro\/en\/wp-json\/wp\/v2\/pages\/238"}],"wp:attachment":[{"href":"https:\/\/umfst.ro\/en\/wp-json\/wp\/v2\/media?parent=301"}],"wp:term":[{"taxonomy":"category","embeddable":true,"href":"https:\/\/umfst.ro\/en\/wp-json\/wp\/v2\/categories?post=301"},{"taxonomy":"post_tag","embeddable":true,"href":"https:\/\/umfst.ro\/en\/wp-json\/wp\/v2\/tags?post=301"}],"curies":[{"name":"wp","href":"https:\/\/api.w.org\/{rel}","templated":true}]}}