{"id":326,"date":"2022-11-08T11:20:40","date_gmt":"2022-11-08T09:20:40","guid":{"rendered":"https:\/\/dev.umfst.ro\/?page_id=326"},"modified":"2025-10-02T12:34:45","modified_gmt":"2025-10-02T09:34:45","slug":"the-department-for-quality-assurance","status":"publish","type":"page","link":"https:\/\/umfst.ro\/en\/universitate\/managementul-calitatii\/departamentul-de-asigurare-a-calitatii\/","title":{"rendered":"The Department for quality assurance"},"content":{"rendered":"<div data-elementor-type=\"wp-page\" data-elementor-id=\"326\" class=\"elementor elementor-326\" data-elementor-post-type=\"page\">\n\t\t\t\t\t\t<section class=\"elementor-section elementor-top-section elementor-element elementor-element-5bb6be13 elementor-section-boxed elementor-section-height-default elementor-section-height-default\" data-id=\"5bb6be13\" data-element_type=\"section\" data-e-type=\"section\">\n\t\t\t\t\t\t<div class=\"elementor-container elementor-column-gap-default\">\n\t\t\t\t\t<div class=\"elementor-column elementor-col-100 elementor-top-column elementor-element elementor-element-76c29876\" data-id=\"76c29876\" data-element_type=\"column\" data-e-type=\"column\">\n\t\t\t<div class=\"elementor-widget-wrap elementor-element-populated\">\n\t\t\t\t\t\t<div class=\"elementor-element elementor-element-59e4a400 elementor-widget elementor-widget-text-editor\" data-id=\"59e4a400\" data-element_type=\"widget\" data-e-type=\"widget\" data-widget_type=\"text-editor.default\">\n\t\t\t\t<div class=\"elementor-widget-container\">\n\t\t\t\t\t\t\t\t\t<p><\/p>\n<p>The Quality Assurance Department with an important role in the academic activity, is a functional structure with responsibilities in implementing and monitoring quality requirements in all processes taking place in the university.<\/p>\n<p><\/p>\n<p><\/p>\n<h2 class=\"wp-block-heading\">OBJECTIVES<\/h2>\n<p><\/p>\n<p><\/p>\n<p><strong>Strategic objectives\u00a0<\/strong><\/p>\n<ul>\n<li>Promoting excellence through quality control at the level of all teaching and support processes.<\/li>\n<li>Establishing and developing a quallity management system that integrates all legal and regulated quality requirements, applicable at the levels of didactic and suport processes.<\/li>\n<li>Increasing awareness of the importance of quality, by involving all employees and students in specific activities related to quality and by developing effective communication for the dissemination of quality documents, as well as the results obtained through continuous improvement.\u00a0<\/li>\n<\/ul>\n<p><\/p>\n<p><\/p>\n<p><strong>Operational objectives\u00a0<\/strong><\/p>\n<ul>\n<li>Integration into all teaching and support processes of the common quality requirements resulting from the provisions of the SR EN ISO 9001:2015 standard, the requirements for  internal and external evaluation of the quality of education, as well as those of internal managerial control systems.<\/li>\n<li>Development \/ continuous revision of the documents that regulate the operation of the the quality system in accordance with SR EN ISO 9001: 2015 standard, together with the requirements for internal and external assessment of the quality of education, respectively of the internal managerial control system, in force.<\/li>\n<li>Initiating, monitoring, disseminating the results of activities for the evaluation of the quality of didactic, research and support processes.<\/li>\n<li>Continuous quality evaluation by planning and controlling internal quality audit and internal evaluations of study programs.<\/li>\n<li>Collaborating with process managers to establish improvement measures as a result of the internal and external customer satisfaction assessment process.<\/li>\n<li>Monitoring the fulfiment of the UMPhST G.E. Palade Tg. Mure\u0219 <strong>operational objectives<\/strong>, established annualy.<\/li>\n<li>Improving quality by increasing the degree of stuff training on quality.\u00a0<\/li>\n<li>Evaluation of implementation stage and efficiency of quality requirements.<\/li>\n<li>Continuous updating of knowledge and skills regarding national and international quality requirements, by developping collaborations with other universities or competent bodies in the field, from the country and abroad.<\/li>\n<li>Continuous dissemination of quality assurance information through internal communication channels.<\/li>\n<\/ul>\n<p><\/p>\n<p><\/p>\n<h2 class=\"wp-block-heading\"><br \/>ORGANIZATIONAL STRUCTURE AND MEMBERSHIP<\/h2>\n<p><\/p>\n<p><\/p>\n<p>The Department is composed by representatives from all faculties of the university and auxiliary teaching staff.<\/p>\n<p><\/p>\t\t\t\t\t\t\t\t<\/div>\n\t\t\t\t<\/div>\n\t\t\t\t\t<\/div>\n\t\t<\/div>\n\t\t\t\t\t<\/div>\n\t\t<\/section>\n\t\t\t\t<section class=\"elementor-section elementor-top-section elementor-element elementor-element-78283af elementor-section-boxed elementor-section-height-default elementor-section-height-default\" data-id=\"78283af\" data-element_type=\"section\" data-e-type=\"section\">\n\t\t\t\t\t\t<div class=\"elementor-container elementor-column-gap-default\">\n\t\t\t\t\t<div class=\"elementor-column elementor-col-100 elementor-top-column elementor-element elementor-element-8405da6\" data-id=\"8405da6\" data-element_type=\"column\" data-e-type=\"column\">\n\t\t\t<div class=\"elementor-widget-wrap elementor-element-populated\">\n\t\t\t\t\t\t<div class=\"elementor-element elementor-element-5d357eb elementor-widget elementor-widget-jet-accordion\" data-id=\"5d357eb\" data-element_type=\"widget\" data-e-type=\"widget\" data-widget_type=\"jet-accordion.default\">\n\t\t\t\t<div class=\"elementor-widget-container\">\n\t\t\t\t\t\t\t\t\t<div class=\"jet-accordion\" data-settings=\"{&quot;collapsible&quot;:false,&quot;ajaxTemplate&quot;:false,&quot;switchScrolling&quot;:false,&quot;switchScrollingTablet&quot;:false,&quot;switchScrollingMobile&quot;:false,&quot;switchScrollingOffset&quot;:{&quot;size&quot;:0,&quot;unit&quot;:&quot;px&quot;},&quot;switchScrollingOffsetTablet&quot;:{&quot;size&quot;:0,&quot;unit&quot;:&quot;px&quot;},&quot;switchScrollingOffsetMobile&quot;:{&quot;size&quot;:0,&quot;unit&quot;:&quot;px&quot;},&quot;switchScrollingDelay&quot;:500,&quot;switchScrollingDelayTablet&quot;:500,&quot;switchScrollingDelayMobile&quot;:500}\">\n\t\t\t<div class=\"jet-accordion__inner\">\n\t\t\t\t<div class=\"jet-accordion__item jet-toggle jet-toggle-move-up-effect\">\n\t\t\t\t\t\t\t<div id=\"jet-toggle-control-9771\" class=\"jet-toggle__control elementor-menu-anchor\" data-toggle=\"1\" role=\"button\" tabindex=\"0\" aria-controls=\"jet-toggle-content-9771\" aria-expanded=\"false\" data-template-id=\"false\">\n\t\t\t\t\t\t\t\t<div class=\"jet-toggle__label-icon jet-toggle-icon-position-right\"><span class=\"jet-toggle__icon icon-normal jet-tabs-icon\"><svg xmlns=\"http:\/\/www.w3.org\/2000\/svg\" viewbox=\"0 0 448 512\"><path d=\"M256 80c0-17.7-14.3-32-32-32s-32 14.3-32 32V224H48c-17.7 0-32 14.3-32 32s14.3 32 32 32H192V432c0 17.7 14.3 32 32 32s32-14.3 32-32V288H400c17.7 0 32-14.3 32-32s-14.3-32-32-32H256V80z\"><\/path><\/svg><\/span><span class=\"jet-toggle__icon icon-active jet-tabs-icon\"><svg xmlns=\"http:\/\/www.w3.org\/2000\/svg\" viewbox=\"0 0 448 512\"><path d=\"M432 256c0 17.7-14.3 32-32 32L48 288c-17.7 0-32-14.3-32-32s14.3-32 32-32l352 0c17.7 0 32 14.3 32 32z\"><\/path><\/svg><\/span><\/div><div class=\"jet-toggle__label-text\">Quality Assurance Department Staff<\/div>\t\t\t\t\t\t\t<\/div>\n\t\t\t\t\t\t\t<div id=\"jet-toggle-content-9771\" class=\"jet-toggle__content\" data-toggle=\"1\" role=\"region\" data-template-id=\"false\">\n\t\t\t\t\t\t\t\t<div class=\"jet-toggle__content-inner\"><p><strong>Chairman of the department<\/strong><br \/>Prof. univ. dr. Tanase Corneliu<\/p>\n<p><strong>Vice director<\/strong><br \/>Asist. univ. dr. Cosmin B\u0103nceu<\/p>\n<p><strong>Members<br \/><\/strong>Prof. univ. dr. Mure\u0219an Simona<br \/>Prof. univ. dr. Rusu Aura<br \/>Conf univ. dr. Orb\u00e1n-Kis K\u00e1roly<br \/>Conf. univ. dr. Cerghizan Diana<br \/>Conf. univ. dr. Ber\u021ba Lavina Anda<br \/>Assoc. Prof. Strnad Gabriela PhD<br \/>Lect. univ. dr. Boant\u0103 Adrian<br \/>Hadnagy Ildik\u00f3<br \/>Magyari Annam\u00e1ria<br \/>Mitache Cornelia<\/p><\/div>\n\t\t\t\t\t\t\t<\/div>\n\t\t\t\t\t\t<\/div>\t\t\t<\/div>\n\t\t<\/div>\n\t\t\t\t\t\t<\/div>\n\t\t\t\t<\/div>\n\t\t\t\t\t<\/div>\n\t\t<\/div>\n\t\t\t\t\t<\/div>\n\t\t<\/section>\n\t\t\t\t<section class=\"elementor-section elementor-top-section elementor-element elementor-element-3219032 elementor-section-boxed elementor-section-height-default elementor-section-height-default\" data-id=\"3219032\" data-element_type=\"section\" data-e-type=\"section\">\n\t\t\t\t\t\t<div class=\"elementor-container elementor-column-gap-default\">\n\t\t\t\t\t<div class=\"elementor-column elementor-col-100 elementor-top-column elementor-element elementor-element-14489a7\" data-id=\"14489a7\" data-element_type=\"column\" data-e-type=\"column\">\n\t\t\t<div class=\"elementor-widget-wrap elementor-element-populated\">\n\t\t\t\t\t\t<div class=\"elementor-element elementor-element-6f5b51b elementor-widget elementor-widget-jet-accordion\" data-id=\"6f5b51b\" data-element_type=\"widget\" data-e-type=\"widget\" data-widget_type=\"jet-accordion.default\">\n\t\t\t\t<div class=\"elementor-widget-container\">\n\t\t\t\t\t\t\t\t\t<div class=\"jet-accordion\" data-settings=\"{&quot;collapsible&quot;:false,&quot;ajaxTemplate&quot;:false,&quot;switchScrolling&quot;:false,&quot;switchScrollingTablet&quot;:false,&quot;switchScrollingMobile&quot;:false,&quot;switchScrollingOffset&quot;:{&quot;size&quot;:0,&quot;unit&quot;:&quot;px&quot;},&quot;switchScrollingOffsetTablet&quot;:{&quot;size&quot;:0,&quot;unit&quot;:&quot;px&quot;},&quot;switchScrollingOffsetMobile&quot;:{&quot;size&quot;:0,&quot;unit&quot;:&quot;px&quot;},&quot;switchScrollingDelay&quot;:500,&quot;switchScrollingDelayTablet&quot;:500,&quot;switchScrollingDelayMobile&quot;:500}\">\n\t\t\t<div class=\"jet-accordion__inner\">\n\t\t\t\t<div class=\"jet-accordion__item jet-toggle jet-toggle-move-up-effect\">\n\t\t\t\t\t\t\t<div id=\"jet-toggle-control-1161\" class=\"jet-toggle__control elementor-menu-anchor\" data-toggle=\"1\" role=\"button\" tabindex=\"0\" aria-controls=\"jet-toggle-content-1161\" aria-expanded=\"false\" data-template-id=\"false\">\n\t\t\t\t\t\t\t\t<div class=\"jet-toggle__label-icon jet-toggle-icon-position-right\"><span class=\"jet-toggle__icon icon-normal jet-tabs-icon\"><svg xmlns=\"http:\/\/www.w3.org\/2000\/svg\" viewbox=\"0 0 448 512\"><path d=\"M256 80c0-17.7-14.3-32-32-32s-32 14.3-32 32V224H48c-17.7 0-32 14.3-32 32s14.3 32 32 32H192V432c0 17.7 14.3 32 32 32s32-14.3 32-32V288H400c17.7 0 32-14.3 32-32s-14.3-32-32-32H256V80z\"><\/path><\/svg><\/span><span class=\"jet-toggle__icon icon-active jet-tabs-icon\"><svg xmlns=\"http:\/\/www.w3.org\/2000\/svg\" viewbox=\"0 0 448 512\"><path d=\"M432 256c0 17.7-14.3 32-32 32L48 288c-17.7 0-32-14.3-32-32s14.3-32 32-32l352 0c17.7 0 32 14.3 32 32z\"><\/path><\/svg><\/span><\/div><div class=\"jet-toggle__label-text\">INTERNAL AUDITORS<\/div>\t\t\t\t\t\t\t<\/div>\n\t\t\t\t\t\t\t<div id=\"jet-toggle-content-1161\" class=\"jet-toggle__content\" data-toggle=\"1\" role=\"region\" data-template-id=\"false\">\n\t\t\t\t\t\t\t\t<div class=\"jet-toggle__content-inner\"><p>The Quality Assurance Department coordinates the internal auditors' bodycomposed by representatives of the teaching staff and administrative staff.<br \/>The Internal Auditors' Corps (IAC) brings together the teaching and administrative staff  which, through quality auditing actions, will analyze and evaluate the functioning and effectiveness of the Quality Management System, contributing to the improvement of the quality of educational and administrative services offered by the George Emil Palade University of Medicine, Pharmacy, Science, and Technology of T\u00e2rgu Mure\u0219.<\/p>\n<p>\u00a0<\/p>\n<table>\n<tbody>\n<tr>\n<td width=\"54\">\n<p>Nr.crt.<\/p>\n<\/td>\n<td width=\"274\">\n<p>Nume \u0219i prenume<\/p>\n<\/td>\n<td width=\"274\">\n<p>Facultate \/ structur\u0103 \/ departament \/ serviciu<\/p>\n<\/td>\n<\/tr>\n<tr>\n<td width=\"54\">\n<p>1.\u00a0\u00a0\u00a0\u00a0\u00a0 \u00a0<\/p>\n<\/td>\n<td width=\"274\">\n<p>Prof. univ. dr. Tanase Corneliu<\/p>\n<\/td>\n<td width=\"274\">\n<p>Pharmacy<\/p>\n<\/td>\n<\/tr>\n<tr>\n<td width=\"54\">\n<p>2.\u00a0\u00a0\u00a0\u00a0\u00a0 \u00a0<\/p>\n<\/td>\n<td width=\"274\">\n<p>Prof. univ. dr. Rusu Aura<\/p>\n<\/td>\n<td width=\"274\">\n<p>Pharmacy<\/p>\n<\/td>\n<\/tr>\n<tr>\n<td width=\"54\">\n<p>3.\u00a0\u00a0\u00a0\u00a0\u00a0 \u00a0<\/p>\n<\/td>\n<td width=\"274\">\n<p>Conf. univ. dr. Ber\u021ba Lavinia Anda<\/p>\n<\/td>\n<td width=\"274\">\n<p>Pharmacy<\/p>\n<\/td>\n<\/tr>\n<tr>\n<td width=\"54\">\n<p>4.\u00a0\u00a0\u00a0\u00a0\u00a0 \u00a0<\/p>\n<\/td>\n<td width=\"274\">\n<p>Prof. univ. dr. Mure\u0219an Simona<\/p>\n<\/td>\n<td width=\"274\">\n<p>FMLE<\/p>\n<\/td>\n<\/tr>\n<tr>\n<td width=\"54\">\n<p>5.\u00a0\u00a0\u00a0\u00a0\u00a0 \u00a0<\/p>\n<\/td>\n<td width=\"274\">\n<p>Conf. univ. dr. Orb\u00e1n Kiss K\u00e1roly\u00a0<\/p>\n<\/td>\n<td width=\"274\">\n<p>Medicine<\/p>\n<\/td>\n<\/tr>\n<tr>\n<td width=\"54\">\n<p>6.\u00a0\u00a0\u00a0\u00a0\u00a0 \u00a0<\/p>\n<\/td>\n<td width=\"274\">\n<p>Conf. univ. dr. Cerghizan Diana<\/p>\n<\/td>\n<td width=\"274\">\n<p>MD<\/p>\n<\/td>\n<\/tr>\n<tr>\n<td width=\"54\">\n<p>7.\u00a0\u00a0\u00a0\u00a0\u00a0 \u00a0<\/p>\n<\/td>\n<td width=\"274\">\n<p>Assoc. Prof. Strnad Gabriela PhD<\/p>\n<\/td>\n<td width=\"274\">\n<p>FITI<\/p>\n<\/td>\n<\/tr>\n<tr>\n<td width=\"54\">\n<p>8.\u00a0\u00a0\u00a0\u00a0\u00a0 \u00a0<\/p>\n<\/td>\n<td width=\"274\">\n<p>Conf. univ. dr. Han Bianca<\/p>\n<\/td>\n<td width=\"274\">\n<p>FSL<\/p>\n<\/td>\n<\/tr>\n<tr>\n<td width=\"54\">\n<p>9.\u00a0\u00a0\u00a0\u00a0\u00a0 \u00a0<\/p>\n<\/td>\n<td width=\"274\">\n<p>Conf.univ. Varga Andreea<\/p>\n<\/td>\n<td width=\"274\">\n<p>FMLE<\/p>\n<\/td>\n<\/tr>\n<tr>\n<td width=\"54\">\n<p>10.\u00a0\u00a0 \u00a0<\/p>\n<\/td>\n<td width=\"274\">\n<p>Lect. univ. dr. Boant\u0103 Adrian<\/p>\n<\/td>\n<td width=\"274\">\n<p>FED<\/p>\n<\/td>\n<\/tr>\n<tr>\n<td width=\"54\">\n<p>11.\u00a0\u00a0 \u00a0<\/p>\n<\/td>\n<td width=\"274\">\n<p>\u0218ef lucr. dr. Ion Valentin<\/p>\n<\/td>\n<td width=\"274\">\n<p>Pharmacy<\/p>\n<\/td>\n<\/tr>\n<tr>\n<td width=\"54\">\n<p>12.\u00a0\u00a0 \u00a0<\/p>\n<\/td>\n<td width=\"274\">\n<p>\u0218ef lucr. dr. Babot\u0103 Mihai<\/p>\n<\/td>\n<td width=\"274\">\n<p>Pharmacy<\/p>\n<\/td>\n<\/tr>\n<tr>\n<td width=\"54\">\n<p>13.\u00a0\u00a0 \u00a0<\/p>\n<\/td>\n<td width=\"274\">\n<p>\u0218ef lucr. dr. Cocuz Iuliu<\/p>\n<\/td>\n<td width=\"274\">\n<p>Medicine<\/p>\n<\/td>\n<\/tr>\n<tr>\n<td width=\"54\">\n<p>14.\u00a0\u00a0 \u00a0<\/p>\n<\/td>\n<td width=\"274\">\n<p>Asist.univ. dr. B\u0103nceu Cosmin<\/p>\n<\/td>\n<td width=\"274\">\n<p>FMLE<\/p>\n<\/td>\n<\/tr>\n<tr>\n<td width=\"54\">\n<p>15.\u00a0\u00a0 \u00a0<\/p>\n<\/td>\n<td width=\"274\">\n<p>Ing. Bor\u0219a Marina\u00a0<\/p>\n<\/td>\n<td width=\"274\">\n<p>DAC<\/p>\n<\/td>\n<\/tr>\n<tr>\n<td width=\"54\">\n<p>16.\u00a0\u00a0 \u00a0<\/p>\n<\/td>\n<td width=\"274\">\n<p>Hadnagy Ildik\u00f3<\/p>\n<\/td>\n<td width=\"274\">\n<p>DAC<\/p>\n<\/td>\n<\/tr>\n<tr>\n<td width=\"54\">\n<p>17.\u00a0\u00a0 \u00a0<\/p>\n<\/td>\n<td width=\"274\">\n<p>Magyari Annam\u00e1ria<\/p>\n<\/td>\n<td width=\"274\">\n<p>DAC<\/p>\n<\/td>\n<\/tr>\n<tr>\n<td width=\"54\">\n<p>18.\u00a0\u00a0 \u00a0<\/p>\n<\/td>\n<td width=\"274\">\n<p>Mitache Cornelia<\/p>\n<\/td>\n<td width=\"274\">\n<p>DAC<\/p>\n<\/td>\n<\/tr>\n<tr>\n<td width=\"54\">\n<p>19.\u00a0\u00a0 \u00a0<\/p>\n<\/td>\n<td width=\"274\">\n<p>Pop Gabriela<\/p>\n<\/td>\n<td width=\"274\">\n<p>Secretariat MD<\/p>\n<\/td>\n<\/tr>\n<tr>\n<td width=\"54\">\n<p>20.\u00a0\u00a0 \u00a0<\/p>\n<\/td>\n<td width=\"274\">\n<p>F\u0103rca\u0219 Diana<\/p>\n<\/td>\n<td width=\"274\">\n<p>SRU<\/p>\n<\/td>\n<\/tr>\n<tr>\n<td width=\"54\">\n<p>21.\u00a0\u00a0 \u00a0<\/p>\n<\/td>\n<td width=\"274\">\n<p>Luca Edit<\/p>\n<\/td>\n<td width=\"274\">\n<p>Serviciul Social Administrativ<\/p>\n<\/td>\n<\/tr>\n<tr>\n<td width=\"54\">\n<p>22.\u00a0\u00a0 \u00a0<\/p>\n<\/td>\n<td width=\"274\">\n<p>Gu\u021b\u0103 Ioana<\/p>\n<\/td>\n<td width=\"274\">\n<p>CEIPSCU<\/p>\n<\/td>\n<\/tr>\n<\/tbody>\n<\/table><\/div>\n\t\t\t\t\t\t\t<\/div>\n\t\t\t\t\t\t<\/div><div class=\"jet-accordion__item jet-toggle jet-toggle-move-up-effect\">\n\t\t\t\t\t\t\t<div id=\"jet-toggle-control-1162\" class=\"jet-toggle__control elementor-menu-anchor\" data-toggle=\"2\" role=\"button\" tabindex=\"0\" aria-controls=\"jet-toggle-content-1162\" aria-expanded=\"false\" data-template-id=\"false\">\n\t\t\t\t\t\t\t\t<div class=\"jet-toggle__label-icon jet-toggle-icon-position-right\"><span class=\"jet-toggle__icon icon-normal jet-tabs-icon\"><svg xmlns=\"http:\/\/www.w3.org\/2000\/svg\" viewbox=\"0 0 448 512\"><path d=\"M256 80c0-17.7-14.3-32-32-32s-32 14.3-32 32V224H48c-17.7 0-32 14.3-32 32s14.3 32 32 32H192V432c0 17.7 14.3 32 32 32s32-14.3 32-32V288H400c17.7 0 32-14.3 32-32s-14.3-32-32-32H256V80z\"><\/path><\/svg><\/span><span class=\"jet-toggle__icon icon-active jet-tabs-icon\"><svg xmlns=\"http:\/\/www.w3.org\/2000\/svg\" viewbox=\"0 0 448 512\"><path d=\"M432 256c0 17.7-14.3 32-32 32L48 288c-17.7 0-32-14.3-32-32s14.3-32 32-32l352 0c17.7 0 32 14.3 32 32z\"><\/path><\/svg><\/span><\/div><div class=\"jet-toggle__label-text\">Contact<\/div>\t\t\t\t\t\t\t<\/div>\n\t\t\t\t\t\t\t<div id=\"jet-toggle-content-1162\" class=\"jet-toggle__content\" data-toggle=\"2\" role=\"region\" data-template-id=\"false\">\n\t\t\t\t\t\t\t\t<div class=\"jet-toggle__content-inner\"><p><strong>Chairman of Quality Assurance Department<\/strong><br \/><strong>Quality Management Representative<\/strong><br \/>Prof. Corneliu Tanase PhD<br \/>Cl\u0103direa Facult\u0103\u021bii de Farmacie<br \/>Tel: +40 265.215551, int. 361 <br \/>Fax: +40 265.210407<br \/>E-mail: <a href=\"https:\/\/umfst.ro\/universitate\/managementul-calitatii\/departamentul-de-asigurare-a-calitatii\/linkTo_UnCryptMailto(%27nbjmup%2Bdpsofmjv%5C%2FubobtfAvngtu%5C%2Fsp%27);\">corneliu.tanase@umfst.ro<\/a><\/p>\n<p><strong>Members<br \/><\/strong>Hadnagy Ildik\u00f3<br \/>Tel: +40 265.215551, int. 181 <br \/>Fax: +40 265.210407<br \/>E-mail: <a href=\"https:\/\/umfst.ro\/universitate\/managementul-calitatii\/departamentul-de-asigurare-a-calitatii\/linkTo_UnCryptMailto(%27nbjmup%2Bbtjhvsbsfb%5C%2FdbmjubujjAvngtu%5C%2Fsp%27);\">asigurarea.calitatii@umfst.ro<\/a><\/p>\n<p>Magyari Annam\u00e1ria<br \/>Cl\u0103direa Central\u0103<br \/>Tel: +40 265.215551, int. 181 <br \/>Fax: +40 265.21040<br \/>E-mail: <a href=\"https:\/\/umfst.ro\/universitate\/managementul-calitatii\/departamentul-de-asigurare-a-calitatii\/linkTo_UnCryptMailto(%27nbjmup%2Bboobnbsjb%5C%2FnbhzbsjAvngtu%5C%2Fsp%27);\">annamaria.magyari@umfst.ro<\/a><\/p>\n<p>Cornelia Mitache<br \/>Cl\u0103direa Central\u0103<br \/>Tel: +40 265.215551, int. 207\u00a0<br \/>E-mail:\u00a0<a href=\"mailto:cornelia.mitache@umfst.ro\">cornelia.mitache@umfst.ro<\/a><\/p><\/div>\n\t\t\t\t\t\t\t<\/div>\n\t\t\t\t\t\t<\/div><div class=\"hide jet-accordion__item jet-toggle jet-toggle-move-up-effect\">\n\t\t\t\t\t\t\t<div id=\"jet-toggle-control-1163\" class=\"jet-toggle__control elementor-menu-anchor\" data-toggle=\"3\" role=\"button\" tabindex=\"0\" aria-controls=\"jet-toggle-content-1163\" aria-expanded=\"false\" data-template-id=\"false\">\n\t\t\t\t\t\t\t\t<div class=\"jet-toggle__label-icon jet-toggle-icon-position-right\"><span class=\"jet-toggle__icon icon-normal jet-tabs-icon\"><svg xmlns=\"http:\/\/www.w3.org\/2000\/svg\" viewbox=\"0 0 448 512\"><path d=\"M256 80c0-17.7-14.3-32-32-32s-32 14.3-32 32V224H48c-17.7 0-32 14.3-32 32s14.3 32 32 32H192V432c0 17.7 14.3 32 32 32s32-14.3 32-32V288H400c17.7 0 32-14.3 32-32s-14.3-32-32-32H256V80z\"><\/path><\/svg><\/span><span class=\"jet-toggle__icon icon-active jet-tabs-icon\"><svg xmlns=\"http:\/\/www.w3.org\/2000\/svg\" viewbox=\"0 0 448 512\"><path d=\"M432 256c0 17.7-14.3 32-32 32L48 288c-17.7 0-32-14.3-32-32s14.3-32 32-32l352 0c17.7 0 32 14.3 32 32z\"><\/path><\/svg><\/span><\/div><div class=\"jet-toggle__label-text\">Contact<\/div>\t\t\t\t\t\t\t<\/div>\n\t\t\t\t\t\t\t<div id=\"jet-toggle-content-1163\" class=\"jet-toggle__content\" data-toggle=\"3\" role=\"region\" data-template-id=\"false\">\n\t\t\t\t\t\t\t\t<div class=\"jet-toggle__content-inner\"><p><strong>Chairman of Quality Assurance Department<\/strong><br \/><strong>Quality Management Representative<\/strong><br \/>Prof. Corneliu Tanase PhD<br \/>Cl\u0103direa Facult\u0103\u021bii de Farmacie<br \/>Tel: +40 265.215551, int. 361 <br \/>Fax: +40 265.210407<br \/>E-mail: <a href=\"https:\/\/umfst.ro\/universitate\/managementul-calitatii\/departamentul-de-asigurare-a-calitatii\/linkTo_UnCryptMailto(%27nbjmup%2Bdpsofmjv%5C%2FubobtfAvngtu%5C%2Fsp%27);\">corneliu.tanase@umfst.ro<\/a><\/p>\n<p><strong>Members<\/strong><br \/>Ing. Marina Constan\u021ba Bor\u0219a<br \/>Cl\u0103direa Central\u0103<br \/>Tel: +40 265.215551, int. 287 <br \/>Fax: +40 265.210407<br \/>E-mail: <a href=\"https:\/\/umfst.ro\/universitate\/managementul-calitatii\/departamentul-de-asigurare-a-calitatii\/linkTo_UnCryptMailto(%27nbjmup%2Bnbsjob%5C%2FcpstbAvngtu%5C%2Fsp%27);\">marina.borsa@umfst.ro<\/a><\/p>\n<p>Hadnagy Ildik\u00f3<br \/>Tel: +40 265.215551, int. 181 <br \/>Fax: +40 265.210407<br \/>E-mail: <a href=\"https:\/\/umfst.ro\/universitate\/managementul-calitatii\/departamentul-de-asigurare-a-calitatii\/linkTo_UnCryptMailto(%27nbjmup%2Bbtjhvsbsfb%5C%2FdbmjubujjAvngtu%5C%2Fsp%27);\">asigurarea.calitatii@umfst.ro<\/a><\/p>\n<p>Magyari Annam\u00e1ria<br \/>Cl\u0103direa Central\u0103<br \/>Tel: +40 265.215551, int. 181 <br \/>Fax: +40 265.21040<br \/>E-mail: <a href=\"https:\/\/umfst.ro\/universitate\/managementul-calitatii\/departamentul-de-asigurare-a-calitatii\/linkTo_UnCryptMailto(%27nbjmup%2Bboobnbsjb%5C%2FnbhzbsjAvngtu%5C%2Fsp%27);\">annamaria.magyari@umfst.ro<\/a><\/p>\n<p>Cornelia Mitache<br \/>Cl\u0103direa Central\u0103<br \/>Tel: +40 265.215551, int. 207\u00a0<br \/>E-mail:\u00a0<a href=\"mailto:cornelia.mitache@umfst.ro\">cornelia.mitache@umfst.ro<\/a><\/p><\/div>\n\t\t\t\t\t\t\t<\/div>\n\t\t\t\t\t\t<\/div>\t\t\t<\/div>\n\t\t<\/div>\n\t\t\t\t\t\t<\/div>\n\t\t\t\t<\/div>\n\t\t\t\t\t<\/div>\n\t\t<\/div>\n\t\t\t\t\t<\/div>\n\t\t<\/section>\n\t\t\t\t<\/div>","protected":false},"excerpt":{"rendered":"<p>Departamentul de Asigurare a Calit\u0103\u021bii este o structur\u0103 func\u021bional\u0103, cu rol important \u00een activitatea academic\u0103, cu responsabilit\u0103\u021bi \u00een implementarea \u0219i monitorizarea cerin\u021belor calit\u0103\u021bii \u00een cadrul tuturor proceselor care se desf\u0103\u0219oar\u0103 \u00een universitate. OBIECTIVE Obiective strategice\u00a0 Promovarea excelen\u0163ei prin controlul calit\u0103\u021bii la nivelul tuturor proceselor didactice \u0219i suport. Fundamentarea \u0219i dezvoltarea unui sistem de management al [&hellip;]<\/p>\n","protected":false},"author":3,"featured_media":0,"parent":313,"menu_order":1,"comment_status":"closed","ping_status":"closed","template":"","meta":{"_relevanssi_hide_post":"","_relevanssi_hide_content":"","_relevanssi_pin_for_all":"","_relevanssi_pin_keywords":"","_relevanssi_unpin_keywords":"","_relevanssi_related_keywords":"","_relevanssi_related_include_ids":"","_relevanssi_related_exclude_ids":"","_relevanssi_related_no_append":"","_relevanssi_related_not_related":"","_relevanssi_related_posts":"2389,2391,5940,2384,6273,2388","_relevanssi_noindex_reason":"","footnotes":""},"categories":[16,143],"tags":[],"class_list":["post-326","page","type-page","status-publish","hentry","category-pagina-sidebar","category-pagina-managementul-calitatii"],"meta_box":[],"_links":{"self":[{"href":"https:\/\/umfst.ro\/en\/wp-json\/wp\/v2\/pages\/326","targetHints":{"allow":["GET"]}}],"collection":[{"href":"https:\/\/umfst.ro\/en\/wp-json\/wp\/v2\/pages"}],"about":[{"href":"https:\/\/umfst.ro\/en\/wp-json\/wp\/v2\/types\/page"}],"author":[{"embeddable":true,"href":"https:\/\/umfst.ro\/en\/wp-json\/wp\/v2\/users\/3"}],"replies":[{"embeddable":true,"href":"https:\/\/umfst.ro\/en\/wp-json\/wp\/v2\/comments?post=326"}],"version-history":[{"count":77,"href":"https:\/\/umfst.ro\/en\/wp-json\/wp\/v2\/pages\/326\/revisions"}],"predecessor-version":[{"id":43323,"href":"https:\/\/umfst.ro\/en\/wp-json\/wp\/v2\/pages\/326\/revisions\/43323"}],"up":[{"embeddable":true,"href":"https:\/\/umfst.ro\/en\/wp-json\/wp\/v2\/pages\/313"}],"wp:attachment":[{"href":"https:\/\/umfst.ro\/en\/wp-json\/wp\/v2\/media?parent=326"}],"wp:term":[{"taxonomy":"category","embeddable":true,"href":"https:\/\/umfst.ro\/en\/wp-json\/wp\/v2\/categories?post=326"},{"taxonomy":"post_tag","embeddable":true,"href":"https:\/\/umfst.ro\/en\/wp-json\/wp\/v2\/tags?post=326"}],"curies":[{"name":"wp","href":"https:\/\/api.w.org\/{rel}","templated":true}]}}