{"id":348,"date":"2022-11-08T15:36:02","date_gmt":"2022-11-08T13:36:02","guid":{"rendered":"https:\/\/dev.umfst.ro\/?page_id=348"},"modified":"2026-03-11T12:32:51","modified_gmt":"2026-03-11T10:32:51","slug":"international-relations","status":"publish","type":"page","link":"https:\/\/umfst.ro\/en\/universitate\/relatii-internationale\/","title":{"rendered":"Rela\u021bii Interna\u021bionale"},"content":{"rendered":"<div data-elementor-type=\"wp-post\" data-elementor-id=\"348\" class=\"elementor elementor-348\" data-elementor-post-type=\"page\">\n\t\t\t\t\t\t<section class=\"elementor-section elementor-top-section elementor-element elementor-element-221f1b4e elementor-section-boxed elementor-section-height-default elementor-section-height-default\" data-id=\"221f1b4e\" data-element_type=\"section\" data-e-type=\"section\">\n\t\t\t\t\t\t<div class=\"elementor-container elementor-column-gap-default\">\n\t\t\t\t\t<div class=\"elementor-column elementor-col-50 elementor-top-column elementor-element elementor-element-44e72f3a\" data-id=\"44e72f3a\" data-element_type=\"column\" data-e-type=\"column\">\n\t\t\t<div class=\"elementor-widget-wrap elementor-element-populated\">\n\t\t\t\t\t\t<div class=\"elementor-element elementor-element-4af5b53d elementor-widget elementor-widget-text-editor\" data-id=\"4af5b53d\" data-element_type=\"widget\" data-e-type=\"widget\" data-widget_type=\"text-editor.default\">\n\t\t\t\t<div class=\"elementor-widget-container\">\n\t\t\t\t\t\t\t\t\t<p class=\" translation-block\">Internationalization is a strategic pillar of G.E. Palade UMPhST Targu Mures, having a crucial role in its continuous development. The concept of \"Smart Internationalization\" adopted by the university is part of its innovative vision, aiming to strengthen its academic and research relevance at European and international level.<\/p>\n<p>G.E. Palade UMPhST Targu Mures capitalizes internationally its strengths by:<\/p>\n<ul>\n<li class=\" translation-block\">International academic cooperation \u2013 academic partnerships with more than 200 universities and research institutions around the world, as well as affiliation to numerous international organizations, which provide opportunities for collaboration and integration into global academic networks;<\/li>\n<li class=\" translation-block\">International mobilities - through programs such as Erasmus+ (the largest budget in Romania in 2024), Leonardo da Vinci, CEEPUS, etc. over 1000 students and a significant number of teachers enrich their academic and professional experience annually at universities and organizations abroad, also promoting intercultural exchanges;<\/li>\n<li class=\" translation-block\">Study programs in foreign languages, especially in English, with a preponderance in medical education \u2013 more than 1400 international students from over 80 countries study in an interconnected and dynamic community;<\/li>\n<li class=\" translation-block\">Participation in academic and research projects \u2013 through funding attracted of approx. EUR 100 million, contributing to the advancement of knowledge and development of innovative solutions for various global problems in medicine, technologies or entrepreneurship;<\/li>\n<li class=\" translation-block\">The UMFST \u2013 UMCH Branch opened in Hamburg, Germany in 2019, through which the university, the first in Romania to open a branch abroad, brought to Europe a model of academic excellence in terms of medical education;<\/li>\n<li><strong>Academic and scientific events of international prestige.<\/strong><\/li>\n<\/ul>\n<p>\u00a0<\/p>\n<p>The university's internationalization policy and specific activities are implemented by the Department of International Relations, under the coordination of Vice-Rector Office for International Relations, University Networks and Public Relations<\/p>\n<p>\u00a0<\/p>\n<p><!-- \/wp:paragraph --><\/p>\t\t\t\t\t\t\t\t<\/div>\n\t\t\t\t<\/div>\n\t\t\t\t\t<\/div>\n\t\t<\/div>\n\t\t\t\t<div class=\"elementor-column elementor-col-50 elementor-top-column elementor-element elementor-element-1320174\" data-id=\"1320174\" data-element_type=\"column\" data-e-type=\"column\">\n\t\t\t<div class=\"elementor-widget-wrap elementor-element-populated\">\n\t\t\t\t\t\t<section class=\"elementor-section elementor-inner-section elementor-element elementor-element-a52b04a elementor-section-boxed elementor-section-height-default elementor-section-height-default\" data-id=\"a52b04a\" data-element_type=\"section\" data-e-type=\"section\">\n\t\t\t\t\t\t<div class=\"elementor-container elementor-column-gap-default\">\n\t\t\t\t\t<div data-dce-background-color=\"#F2F7FF\" class=\"elementor-column elementor-col-100 elementor-inner-column elementor-element elementor-element-00aa184\" data-id=\"00aa184\" data-element_type=\"column\" data-e-type=\"column\" data-settings=\"{&quot;background_background&quot;:&quot;classic&quot;}\">\n\t\t\t<div class=\"elementor-widget-wrap elementor-element-populated\">\n\t\t\t\t\t\t<div class=\"elementor-element elementor-element-0579d30 elementor-widget elementor-widget-heading\" data-id=\"0579d30\" data-element_type=\"widget\" data-e-type=\"widget\" data-widget_type=\"heading.default\">\n\t\t\t\t<div class=\"elementor-widget-container\">\n\t\t\t\t\t<h5 class=\"elementor-heading-title elementor-size-default\">Contact<\/h5>\t\t\t\t<\/div>\n\t\t\t\t<\/div>\n\t\t\t\t<div class=\"elementor-element elementor-element-d8f2350 elementor-widget-divider--view-line elementor-widget elementor-widget-divider\" data-id=\"d8f2350\" data-element_type=\"widget\" data-e-type=\"widget\" data-widget_type=\"divider.default\">\n\t\t\t\t<div class=\"elementor-widget-container\">\n\t\t\t\t\t\t\t<div class=\"elementor-divider\">\n\t\t\t<span class=\"elementor-divider-separator\">\n\t\t\t\t\t\t<\/span>\n\t\t<\/div>\n\t\t\t\t\t\t<\/div>\n\t\t\t\t<\/div>\n\t\t\t\t<div class=\"elementor-element elementor-element-625bae8 elementor-widget elementor-widget-icon-box\" data-id=\"625bae8\" data-element_type=\"widget\" data-e-type=\"widget\" data-widget_type=\"icon-box.default\">\n\t\t\t\t<div class=\"elementor-widget-container\">\n\t\t\t\t\t\t\t<div class=\"elementor-icon-box-wrapper\">\n\n\t\t\t\n\t\t\t\t\t\t<div class=\"elementor-icon-box-content\">\n\n\t\t\t\t\t\t\t\t\t<h3 class=\"elementor-icon-box-title\">\n\t\t\t\t\t\t<span  >\n\t\t\t\t\t\t\tAddress\t\t\t\t\t\t<\/span>\n\t\t\t\t\t<\/h3>\n\t\t\t\t\n\t\t\t\t\t\t\t\t\t<p class=\"elementor-icon-box-description\">\n\t\t\t\t\t\tStr. Gheorghe Marinescu Nr. 38 <br>\nT\u00e2rgu Mure\u0219, 540142\nRom\u00e2nia\n\n\n\n\t\t\t\t\t<\/p>\n\t\t\t\t\n\t\t\t<\/div>\n\t\t\t\n\t\t<\/div>\n\t\t\t\t\t\t<\/div>\n\t\t\t\t<\/div>\n\t\t\t\t<div class=\"elementor-element elementor-element-04ebfdd elementor-widget elementor-widget-icon-box\" data-id=\"04ebfdd\" data-element_type=\"widget\" data-e-type=\"widget\" data-widget_type=\"icon-box.default\">\n\t\t\t\t<div class=\"elementor-widget-container\">\n\t\t\t\t\t\t\t<div class=\"elementor-icon-box-wrapper\">\n\n\t\t\t\n\t\t\t\t\t\t<div class=\"elementor-icon-box-content\">\n\n\t\t\t\t\t\t\t\t\t<h3 class=\"elementor-icon-box-title\">\n\t\t\t\t\t\t<span  >\n\t\t\t\t\t\t\tE-mail\t\t\t\t\t\t<\/span>\n\t\t\t\t\t<\/h3>\n\t\t\t\t\n\t\t\t\t\t\t\t\t\t<p class=\"elementor-icon-box-description\">\n\t\t\t\t\t\trel.int@umfst.ro\t\t\t\t\t<\/p>\n\t\t\t\t\n\t\t\t<\/div>\n\t\t\t\n\t\t<\/div>\n\t\t\t\t\t\t<\/div>\n\t\t\t\t<\/div>\n\t\t\t\t<div class=\"elementor-element elementor-element-5b7396c elementor-widget elementor-widget-icon-box\" data-id=\"5b7396c\" data-element_type=\"widget\" data-e-type=\"widget\" data-widget_type=\"icon-box.default\">\n\t\t\t\t<div class=\"elementor-widget-container\">\n\t\t\t\t\t\t\t<div class=\"elementor-icon-box-wrapper\">\n\n\t\t\t\n\t\t\t\t\t\t<div class=\"elementor-icon-box-content\">\n\n\t\t\t\t\t\t\t\t\t<h3 class=\"elementor-icon-box-title\">\n\t\t\t\t\t\t<span  >\n\t\t\t\t\t\t\tPhone\t\t\t\t\t\t<\/span>\n\t\t\t\t\t<\/h3>\n\t\t\t\t\n\t\t\t\t\t\t\t\t\t<p class=\"elementor-icon-box-description\">\n\t\t\t\t\t\t+40-265-215.551, int. 235\t\t\t\t\t<\/p>\n\t\t\t\t\n\t\t\t<\/div>\n\t\t\t\n\t\t<\/div>\n\t\t\t\t\t\t<\/div>\n\t\t\t\t<\/div>\n\t\t\t\t\t<\/div>\n\t\t<\/div>\n\t\t\t\t\t<\/div>\n\t\t<\/section>\n\t\t\t\t\t<\/div>\n\t\t<\/div>\n\t\t\t\t\t<\/div>\n\t\t<\/section>\n\t\t\t\t<section class=\"elementor-section elementor-top-section elementor-element elementor-element-53c2b7d elementor-section-boxed elementor-section-height-default elementor-section-height-default\" data-id=\"53c2b7d\" data-element_type=\"section\" data-e-type=\"section\">\n\t\t\t\t\t\t<div class=\"elementor-container elementor-column-gap-default\">\n\t\t\t\t\t<div class=\"elementor-column elementor-col-50 elementor-top-column elementor-element elementor-element-2080c55\" data-id=\"2080c55\" data-element_type=\"column\" data-e-type=\"column\">\n\t\t\t<div class=\"elementor-widget-wrap elementor-element-populated\">\n\t\t\t\t\t\t<div class=\"elementor-element elementor-element-d0a2823 elementor-widget elementor-widget-text-editor\" data-id=\"d0a2823\" data-element_type=\"widget\" data-e-type=\"widget\" data-widget_type=\"text-editor.default\">\n\t\t\t\t<div class=\"elementor-widget-container\">\n\t\t\t\t\t\t\t\t\t<h2 style=\"text-align: justify;background: white\"><b><span lang=\"RO\" style=\"font-family: 'Lato',sans-serif;color: #0f0f0f\">Structure<\/span><\/b><\/h2>\t\t\t\t\t\t\t\t<\/div>\n\t\t\t\t<\/div>\n\t\t\t\t\t<\/div>\n\t\t<\/div>\n\t\t\t\t<div class=\"elementor-column elementor-col-50 elementor-top-column elementor-element elementor-element-79178fd\" data-id=\"79178fd\" data-element_type=\"column\" data-e-type=\"column\">\n\t\t\t<div class=\"elementor-widget-wrap\">\n\t\t\t\t\t\t\t<\/div>\n\t\t<\/div>\n\t\t\t\t\t<\/div>\n\t\t<\/section>\n\t\t\t\t<section class=\"elementor-section elementor-top-section elementor-element elementor-element-3f94ec2 elementor-section-boxed elementor-section-height-default elementor-section-height-default\" data-id=\"3f94ec2\" data-element_type=\"section\" data-e-type=\"section\">\n\t\t\t\t\t\t<div class=\"elementor-container elementor-column-gap-default\">\n\t\t\t\t\t<div class=\"elementor-column elementor-col-50 elementor-top-column elementor-element elementor-element-1ff3898\" data-id=\"1ff3898\" data-element_type=\"column\" data-e-type=\"column\">\n\t\t\t<div class=\"elementor-widget-wrap elementor-element-populated\">\n\t\t\t\t\t\t<div class=\"elementor-element elementor-element-f4b9a79 elementor-widget elementor-widget-text-editor\" data-id=\"f4b9a79\" data-element_type=\"widget\" data-e-type=\"widget\" data-widget_type=\"text-editor.default\">\n\t\t\t\t<div class=\"elementor-widget-container\">\n\t\t\t\t\t\t\t\t\t<p><strong>Vice-Rector<\/strong><br \/>International Relations, University Networks and Public Relations<br \/>Professor Mihaela Kardos, PhD<br \/>E-mail: <a href=\"mailto:prorectorat.international@umfst.ro\">prorectorat.international@umfst.ro<\/a>; <a href=\"mailto:mihaela.kardos@umfst.ro\">mihaela.kardos@umfst.ro<\/a><\/p>\n<p><strong>Director \u00a0\u00a0<\/strong><br \/>ERASMUS+ Institutional Coordinator<br \/>Prof. univ. dr. Angela Borda<br \/>E-mail:\u00a0<a href=\"mailto:international@umfst.ro\">international@umfst.ro<\/a><br \/>Tel: +40-265-215.551, int. 235, 180<\/p>\n<p>\u00a0<\/p>\n<p><strong>Erasmus+ Coordinators<\/strong><\/p>\n<p><strong>Faculty of Medicine<\/strong><br \/>Prof. univ. dr. Szil\u00e1gyi Tibor<br \/>E-mail:\u00a0<a href=\"mailto:tibor.szilagyi@umfst.ro\">tibor.szilagyi@umfst.ro<\/a><br \/>Tel: +40-265-215.551, int. 235<\/p>\n<p><strong>Faculty of Medicine in English<br \/><\/strong>\u0218ef lucr. dr. Laura Chinezu<br \/>E-mail:\u00a0<a href=\"mailto:laura.chinezu@umfst.ro\">laura.chinezu@umfst.ro<\/a><br \/>Tel: +40-265-215.551, int. 235<\/p>\n<p><strong>Faculty of Dental Medicine<\/strong><br \/>\u0218ef lucr. dr. Alexandra-Mihaela Stoica<br \/>E-mail:\u00a0<a href=\"mailto:alexandra.stoica@umfst.ro\">alexandra.stoica@umfst.ro<\/a><br \/>Tel: +40-265-215.551, int. 322<\/p>\n<p><strong>Faculty of Pharmacy<\/strong><br \/>Prof. Silvia Imre PhD<br \/>E-mail:\u00a0<a href=\"mailto:silvia.imre@umfst.ro\">silvia.imre@umfst.ro<\/a><br \/>Tel: +40-265-215.551, int. 380<\/p>\n<p><strong>Faculty of Engineering and Information Technology<\/strong><br \/>Prof. univ. eng. Liviu Moldovan, PhD<br \/>E-mail:\u00a0<a href=\"mailto:liviu.moldovan@umfst.ro\">liviu.moldovan@umfst.ro<\/a><br \/>Tel: +40-265-233.212<\/p>\n<p><strong>\u201ePetru Maior\u201d Faculty of Scince and Letters<br \/><\/strong>Prof. Giordano Altarozzi, PhD<br \/>E-mail: <a href=\"mailto:giordano.altarozzi@umfst.ro\">giordano.altarozzi@umfst.ro<\/a><br \/>Tel: + 40-265-236.034<\/p>\n<p><strong>Faculty of economics and Law<\/strong><br \/>Prof. Daniel \u0218tefan, PhD<br \/>E-mail:<a href=\"mailto:daniel.stefan@umfst.ro\">\u00a0daniel.stefan@umfst.ro<\/a><br \/>Tel: + 40-265-219.034<\/p>\n<p><strong>Incoming mobilities \u2013 Health<\/strong><br \/>Conf. univ. dr. Simona Mure\u0219an<br \/>E-mail:\u00a0<a href=\"mailto:simona.muresan@umfst.ro\">simona.muresan@umfst.ro<\/a><br \/>Tel: +40-265-215.551, int. 235<\/p>\n<p><strong>Outgoing mobilities \u2013 Health<\/strong><br \/>Conf. univ. dr. Andrada Loghin<br \/>E-mail:\u00a0<a href=\"mailto:andrada.loghin@umfst.ro\">andrada.loghin@umfst.ro<\/a><br \/>Tel: +40-265-215.551, int. 191<\/p>\t\t\t\t\t\t\t\t<\/div>\n\t\t\t\t<\/div>\n\t\t\t\t\t<\/div>\n\t\t<\/div>\n\t\t\t\t<div class=\"elementor-column elementor-col-50 elementor-top-column elementor-element elementor-element-e57db57\" data-id=\"e57db57\" data-element_type=\"column\" data-e-type=\"column\">\n\t\t\t<div class=\"elementor-widget-wrap elementor-element-populated\">\n\t\t\t\t\t\t\t<\/div>\n\t\t<\/div>\n\t\t\t\t\t<\/div>\n\t\t<\/section>\n\t\t\t\t<section class=\"elementor-section elementor-top-section elementor-element elementor-element-ac59be2 elementor-section-boxed elementor-section-height-default elementor-section-height-default\" data-id=\"ac59be2\" data-element_type=\"section\" data-e-type=\"section\">\n\t\t\t\t\t\t<div class=\"elementor-container elementor-column-gap-default\">\n\t\t\t\t\t<div class=\"elementor-column elementor-col-50 elementor-top-column elementor-element elementor-element-364aad9\" data-id=\"364aad9\" data-element_type=\"column\" data-e-type=\"column\">\n\t\t\t<div class=\"elementor-widget-wrap elementor-element-populated\">\n\t\t\t\t\t\t<div class=\"elementor-element elementor-element-b5f4ca9 elementor-widget elementor-widget-text-editor\" data-id=\"b5f4ca9\" data-element_type=\"widget\" data-e-type=\"widget\" data-widget_type=\"text-editor.default\">\n\t\t\t\t<div class=\"elementor-widget-container\">\n\t\t\t\t\t\t\t\t\t<p><strong>International\/Erasmus+ Officer<\/strong><br \/>Anca R\u0103chit\u0103<\/p>\n<ul>\n<li>Students OUTGOING mobilities, Bachelor (Faculty of Medicine, Faculty of Medicine in English)<\/li>\n<li>Students OUTGOING mobilities, Doctoral Studies, Health<\/li>\n<li>Academic Teaching Staff OUTGOING mobilities &#8211; Health<\/li>\n<\/ul>\n<p>Program with public:<br \/>Tuesday: 09:00 \u2013 12:00<br \/>Wednesday: 09:00 \u2013 12:00<br \/>Thursday: 09:00 \u2013 12:00<\/p>\n<p>\u00a0<br \/><strong>International\/Erasmus+ Officer<\/strong><br \/>Silviana Tulbure<\/p>\n<ul>\n<li>Students OUTGOING mobilities, Bachelor (Faculty of Dental Medicine, Faculty of Pharmacy)<\/li>\n<li>Management of bilateral agreements &#8211; Health<\/li>\n<\/ul>\n<p>E-mail:\u00a0<a href=\"mailto:silviana.tulbure@umfst.ro\">silviana.tulbure@umfst.ro<\/a><br \/>Program with public:<br \/>Tuesday: 09:00 \u2013 12:00<br \/>Wednesday: 09:00 \u2013 12:00<br \/>Thursday: 09:00 \u2013 12:00<\/p>\n<p><strong><br \/>International\/Erasmus+ Officer<\/strong><br \/>Lumini\u021ba S\u00eengeorzan<\/p>\n<ul>\n<li>Academic teaching and administrative staff INCOMING mobilities (Faculties of Medicine, Dental Medicine and Pharmacy)<\/li>\n<li>Academic Administrative Staff in University OUTGOING mobilities<\/li>\n<li>Students, Academic Teaching and Administrative Staff OUTGOING and INCOMING mobilities, Health, Erasmus+ KA171<\/li>\n<\/ul>\n<p>E-mail:\u00a0<a href=\"mailto:luminita.singeorzan@umfst.ro\">luminita.singeorzan@umfst.ro<\/a><br \/>Program with public:<br \/>Tuesday: 09:00 \u2013 12:00<br \/>Wednesday: 09:00 \u2013 12:00<br \/>Thursday: 09:00 \u2013 12:00<\/p>\t\t\t\t\t\t\t\t<\/div>\n\t\t\t\t<\/div>\n\t\t\t\t\t<\/div>\n\t\t<\/div>\n\t\t\t\t<div class=\"elementor-column elementor-col-50 elementor-top-column elementor-element elementor-element-d198a7a\" data-id=\"d198a7a\" data-element_type=\"column\" data-e-type=\"column\">\n\t\t\t<div class=\"elementor-widget-wrap\">\n\t\t\t\t\t\t\t<\/div>\n\t\t<\/div>\n\t\t\t\t\t<\/div>\n\t\t<\/section>\n\t\t\t\t<section class=\"elementor-section elementor-top-section elementor-element elementor-element-092ae8d elementor-section-boxed elementor-section-height-default elementor-section-height-default\" data-id=\"092ae8d\" data-element_type=\"section\" data-e-type=\"section\">\n\t\t\t\t\t\t<div class=\"elementor-container elementor-column-gap-default\">\n\t\t\t\t\t<div class=\"elementor-column elementor-col-100 elementor-top-column elementor-element elementor-element-25f70b0\" data-id=\"25f70b0\" data-element_type=\"column\" data-e-type=\"column\">\n\t\t\t<div class=\"elementor-widget-wrap elementor-element-populated\">\n\t\t\t\t\t\t<div data-dce-background-color=\"#2359B317\" class=\"elementor-element elementor-element-78302af elementor-widget__width-auto elementor-widget elementor-widget-button\" data-id=\"78302af\" data-element_type=\"widget\" data-e-type=\"widget\" data-widget_type=\"button.default\">\n\t\t\t\t<div class=\"elementor-widget-container\">\n\t\t\t\t\t\t\t\t\t<div class=\"elementor-button-wrapper\">\n\t\t\t\t\t<a class=\"elementor-button elementor-button-link elementor-size-sm\" href=\"https:\/\/www.umfst.ro\/fileadmin\/\/relatii_internationale\/org_rel_int.jpg\" target=\"_blank\">\n\t\t\t\t\t\t<span class=\"elementor-button-content-wrapper\">\n\t\t\t\t\t\t<span class=\"elementor-button-icon\">\n\t\t\t\t<i aria-hidden=\"true\" class=\"far fa-image\"><\/i>\t\t\t<\/span>\n\t\t\t\t\t\t\t\t\t<span class=\"elementor-button-text\">Organigrama<\/span>\n\t\t\t\t\t<\/span>\n\t\t\t\t\t<\/a>\n\t\t\t\t<\/div>\n\t\t\t\t\t\t\t\t<\/div>\n\t\t\t\t<\/div>\n\t\t\t\t\t<\/div>\n\t\t<\/div>\n\t\t\t\t\t<\/div>\n\t\t<\/section>\n\t\t\t\t<section class=\"elementor-section elementor-top-section elementor-element elementor-element-45aabaf elementor-section-boxed elementor-section-height-default elementor-section-height-default\" data-id=\"45aabaf\" data-element_type=\"section\" data-e-type=\"section\">\n\t\t\t\t\t\t<div class=\"elementor-container elementor-column-gap-default\">\n\t\t\t\t\t<div class=\"elementor-column elementor-col-100 elementor-top-column elementor-element elementor-element-b5ae98a\" data-id=\"b5ae98a\" data-element_type=\"column\" data-e-type=\"column\">\n\t\t\t<div class=\"elementor-widget-wrap elementor-element-populated\">\n\t\t\t\t\t\t<div class=\"elementor-element elementor-element-9f0d7fa elementor-widget elementor-widget-jet-tabs\" data-id=\"9f0d7fa\" data-element_type=\"widget\" data-e-type=\"widget\" data-settings=\"{&quot;no_active_tabs&quot;:&quot;yes&quot;,&quot;tabs_position&quot;:&quot;top&quot;}\" data-widget_type=\"jet-tabs.default\">\n\t\t\t\t<div class=\"elementor-widget-container\">\n\t\t\t\t\t\n\t\t<div class=\"jet-tabs jet-tabs-position-top jet-tabs-move-up-effect\" data-settings=\"{&quot;activeIndex&quot;:-1,&quot;event&quot;:&quot;click&quot;,&quot;autoSwitch&quot;:false,&quot;autoSwitchDelay&quot;:3000,&quot;ajaxTemplate&quot;:false,&quot;tabsPosition&quot;:&quot;top&quot;,&quot;switchScrolling&quot;:false,&quot;switchScrollingOffset&quot;:0}\">\n\t\t\t\t\t\t<div class=\"jet-tabs__control-wrapper\" role=\"tablist\">\n\n                                    <div id=\"jet-tabs-control-1661\" class=\"jet-tabs__control jet-tabs__control-icon-right elementor-menu-anchor\" data-tab=\"1\" tabindex=\"0\" role=\"tab\" aria-controls=\"jet-tabs-content-1661\" aria-expanded=\"true\" data-template-id=\"false\"><div class=\"jet-tabs__control-inner\"><div class=\"jet-tabs__label-text\">Regulamente<\/div><\/div><\/div>\n                    \t\t\t    <\/div>\n\t\t\t<div class=\"jet-tabs__content-wrapper\">\n\t\t\t\t<div id=\"jet-tabs-content-1661\" class=\"jet-tabs__content\" data-tab=\"1\" role=\"tabpanel\" aria-hidden=\"false\" data-template-id=\"false\"><p><a class=\"download\" href=\"https:\/\/www.umfst.ro\/fileadmin\/documente_oficiale\/regulamente\/UMFST-REG-43.pdf\">Regulation on the organisation and operation of the International Relations Department<\/a><\/p>\n<p><a href=\"https:\/\/www.umfst.ro\/fileadmin\/documente_oficiale\/regulamente\/UMFST-REG-41.pdf\">Regulation on the organisation and operation of the Bureau for Community Programmes<\/a><\/p>\n<p><a href=\"https:\/\/www.umfst.ro\/fileadmin\/documente_oficiale\/regulamente\/UMFST-REG-42.pdf\">Regulation on the recognition of study or placement periods under the ERASMUS mobility<\/a><\/p>\n<p><a class=\"download\" href=\"https:\/\/www.umfst.ro\/fileadmin\/documente_oficiale\/regulamente\/UMFST-REG-78.pdf\">Regulation on the recognition of study or placement periods of non-ERASMUS mobilities<\/a><\/p><\/div>\t\t\t<\/div>\n\t\t\t\t\t<\/div>\n\t\t\t\t\t\t<\/div>\n\t\t\t\t<\/div>\n\t\t\t\t\t<\/div>\n\t\t<\/div>\n\t\t\t\t\t<\/div>\n\t\t<\/section>\n\t\t\t\t<\/div>","protected":false},"excerpt":{"rendered":"<p>Interna\u021bionalizarea este un pilon strategic al UMFST G.E. Palade T\u00e2rgu Mure\u0219, av\u00e2nd un rol crucial \u00een dezvoltarea sa continu\u0103. Conceptul de &#8222;Smart Internationalization&#8221; adoptat de universitate face parte din viziunea sa inovatoare, prin care se urm\u0103re\u0219te consolidarea relevan\u021bei academice \u0219i de cercetare pe plan european \u0219i interna\u021bional. UMFST G.E. Palade T\u00e2rgu Mure\u0219 \u00ee\u0219i valorific\u0103 atuurile [&hellip;]<\/p>\n","protected":false},"author":3,"featured_media":0,"parent":83,"menu_order":0,"comment_status":"closed","ping_status":"closed","template":"","meta":{"_relevanssi_hide_post":"","_relevanssi_hide_content":"","_relevanssi_pin_for_all":"","_relevanssi_pin_keywords":"","_relevanssi_unpin_keywords":"","_relevanssi_related_keywords":"","_relevanssi_related_include_ids":"","_relevanssi_related_exclude_ids":"","_relevanssi_related_no_append":"","_relevanssi_related_not_related":"","_relevanssi_related_posts":"5940,11989,11980,2386,2391,2388","_relevanssi_noindex_reason":"","footnotes":""},"categories":[16,146],"tags":[],"class_list":["post-348","page","type-page","status-publish","hentry","category-pagina-sidebar","category-pagina-international"],"meta_box":[],"_links":{"self":[{"href":"https:\/\/umfst.ro\/en\/wp-json\/wp\/v2\/pages\/348","targetHints":{"allow":["GET"]}}],"collection":[{"href":"https:\/\/umfst.ro\/en\/wp-json\/wp\/v2\/pages"}],"about":[{"href":"https:\/\/umfst.ro\/en\/wp-json\/wp\/v2\/types\/page"}],"author":[{"embeddable":true,"href":"https:\/\/umfst.ro\/en\/wp-json\/wp\/v2\/users\/3"}],"replies":[{"embeddable":true,"href":"https:\/\/umfst.ro\/en\/wp-json\/wp\/v2\/comments?post=348"}],"version-history":[{"count":243,"href":"https:\/\/umfst.ro\/en\/wp-json\/wp\/v2\/pages\/348\/revisions"}],"predecessor-version":[{"id":46969,"href":"https:\/\/umfst.ro\/en\/wp-json\/wp\/v2\/pages\/348\/revisions\/46969"}],"up":[{"embeddable":true,"href":"https:\/\/umfst.ro\/en\/wp-json\/wp\/v2\/pages\/83"}],"wp:attachment":[{"href":"https:\/\/umfst.ro\/en\/wp-json\/wp\/v2\/media?parent=348"}],"wp:term":[{"taxonomy":"category","embeddable":true,"href":"https:\/\/umfst.ro\/en\/wp-json\/wp\/v2\/categories?post=348"},{"taxonomy":"post_tag","embeddable":true,"href":"https:\/\/umfst.ro\/en\/wp-json\/wp\/v2\/tags?post=348"}],"curies":[{"name":"wp","href":"https:\/\/api.w.org\/{rel}","templated":true}]}}