{"id":355,"date":"2022-11-08T16:07:45","date_gmt":"2022-11-08T14:07:45","guid":{"rendered":"https:\/\/dev.umfst.ro\/?page_id=355"},"modified":"2026-02-05T08:56:22","modified_gmt":"2026-02-05T06:56:22","slug":"partner-universities","status":"publish","type":"page","link":"https:\/\/umfst.ro\/en\/universitate\/relatii-internationale\/universitati-partenere\/","title":{"rendered":"Partner universities"},"content":{"rendered":"<div data-elementor-type=\"wp-page\" data-elementor-id=\"355\" class=\"elementor elementor-355\" data-elementor-post-type=\"page\">\n\t\t\t\t\t\t<section class=\"elementor-section elementor-top-section elementor-element elementor-element-557082c6 elementor-section-boxed elementor-section-height-default elementor-section-height-default\" data-id=\"557082c6\" data-element_type=\"section\" data-e-type=\"section\">\n\t\t\t\t\t\t<div class=\"elementor-container elementor-column-gap-default\">\n\t\t\t\t\t<div class=\"elementor-column elementor-col-100 elementor-top-column elementor-element elementor-element-46cfbd18\" data-id=\"46cfbd18\" data-element_type=\"column\" data-e-type=\"column\">\n\t\t\t<div class=\"elementor-widget-wrap elementor-element-populated\">\n\t\t\t\t\t\t<div class=\"elementor-element elementor-element-79cee5e5 elementor-widget elementor-widget-text-editor\" data-id=\"79cee5e5\" data-element_type=\"widget\" data-e-type=\"widget\" data-widget_type=\"text-editor.default\">\n\t\t\t\t<div class=\"elementor-widget-container\">\n\t\t\t\t\t\t\t\t\t<h2 class=\"wp-block-heading\" role=\"heading\" data-uw-rm-heading=\"level\">Erasmus Bilateral Agreements<\/h2>\n<p><!-- \/wp:heading --><!-- wp:paragraph --><\/p>\n<p><a href=\"https:\/\/umfst.ro\/universitate\/relatii-internationale\/erasmus-plus\/mobilitati-eu\/acorduri-interinstitutionale\/\" target=\"_blank\" rel=\"noopener\" data-uw-rm-brl=\"PR\" data-uw-original-href=\"https:\/\/umfst.ro\/universitate\/relatii-internationale\/erasmus-plus\/mobilitati-eu\/acorduri-interinstitutionale\/\" aria-label=\"ERASMUS+ UE Bilateral Agreements - deschide \u00eentr-o fil\u0103 nou\u0103\" data-uw-rm-ext-link=\"\">ERASMUS+ UE Bilateral Agreements<\/a><\/p>\n<p><a href=\"https:\/\/umfst.ro\/universitate\/relatii-internationale\/erasmus-plus\/mobilitati-non-eu\/acorduri-interinstitutionale\/\" target=\"_blank\" rel=\"noopener\">ERASMUS+ non-UE Bilateral Agreements<\/a><\/p>\n<p><!-- \/wp:paragraph --><!-- wp:heading {\"level\":1} --><\/p>\n<h2 class=\"wp-block-heading\" role=\"heading\" data-uw-rm-heading=\"level\">International Cooperation Agreements<\/h2>\n<p><!-- \/wp:heading --><!-- wp:paragraph --><\/p>\n<p>UMFST G.E. Palade T\u00e2rgu Mure\u0219 is committed to developing the international dimension of the university through an open policy of cooperation with universities, international organizations, NGOs,\npublic institutions, libraries, cultural and research centers. All the university's bilateral agreements reflect our policy of global cooperation in research, scientific and cultural events, academic and \nstudent exchanges. An open list of our international agreements can be found\u00a0<a href=\"https:\/\/www.umfst.ro\/fileadmin\/relatii_internationale\/materiale\/International_Cooperation_Agreements_of_G.E._Palade_UMPhST_of_Targu_Mures.pdf\" data-uw-pdf-br=\"2\" data-uw-pdf-doc=\"\">here\u00a0<\/a>.<\/p>\n<p><!-- \/wp:paragraph --><!-- wp:paragraph --><\/p>\n<p><a href=\"https:\/\/www.umfst.ro\/fileadmin\/relatii_internationale\/materiale\/2021_01\/Partner_Universities_of_Doctoral_Schools_-_UMFST_G.E.Palade_Tg._Mures.pdf\" data-uw-pdf-br=\"2\" data-uw-pdf-doc=\"\">Doctoral School Partnerships of UMFST G.E. Palade T\u00e2rgu Mure\u0219<\/a><\/p>\n<p><!-- \/wp:paragraph --><\/p>\t\t\t\t\t\t\t\t<\/div>\n\t\t\t\t<\/div>\n\t\t\t\t\t<\/div>\n\t\t<\/div>\n\t\t\t\t\t<\/div>\n\t\t<\/section>\n\t\t\t\t<\/div>","protected":false},"excerpt":{"rendered":"<p>Acorduri bilaterale ERASMUS ERASMUS+ UE Bilateral Agreements ERASMUS+ non-UE Bilateral Agreements Acorduri de cooperare interna\u021bional\u0103 UMFST G.E. Palade T\u00e2rgu Mure\u0219 se angajeaz\u0103 s\u0103 dezvolte dimensiunea interna\u021bional\u0103 a universit\u0103\u021bii printr-o politic\u0103 deschis\u0103 de cooperare cu universit\u0103\u021bi, organiza\u021bii interna\u021bionale, ONG-uri, institu\u021bii publice, biblioteci, centre culturale \u0219i de cercetare. Toate acordurile bilaterale ale universit\u0103\u021bii reflect\u0103 politica noastr\u0103 de [&hellip;]<\/p>\n","protected":false},"author":3,"featured_media":0,"parent":348,"menu_order":2,"comment_status":"closed","ping_status":"closed","template":"","meta":{"_relevanssi_hide_post":"","_relevanssi_hide_content":"","_relevanssi_pin_for_all":"","_relevanssi_pin_keywords":"","_relevanssi_unpin_keywords":"","_relevanssi_related_keywords":"","_relevanssi_related_include_ids":"","_relevanssi_related_exclude_ids":"","_relevanssi_related_no_append":"","_relevanssi_related_not_related":"","_relevanssi_related_posts":"2390,5940,14117,17954,2385,2386","_relevanssi_noindex_reason":"","footnotes":""},"categories":[16,146],"tags":[],"class_list":["post-355","page","type-page","status-publish","hentry","category-pagina-sidebar","category-pagina-international"],"meta_box":[],"_links":{"self":[{"href":"https:\/\/umfst.ro\/en\/wp-json\/wp\/v2\/pages\/355","targetHints":{"allow":["GET"]}}],"collection":[{"href":"https:\/\/umfst.ro\/en\/wp-json\/wp\/v2\/pages"}],"about":[{"href":"https:\/\/umfst.ro\/en\/wp-json\/wp\/v2\/types\/page"}],"author":[{"embeddable":true,"href":"https:\/\/umfst.ro\/en\/wp-json\/wp\/v2\/users\/3"}],"replies":[{"embeddable":true,"href":"https:\/\/umfst.ro\/en\/wp-json\/wp\/v2\/comments?post=355"}],"version-history":[{"count":21,"href":"https:\/\/umfst.ro\/en\/wp-json\/wp\/v2\/pages\/355\/revisions"}],"predecessor-version":[{"id":46110,"href":"https:\/\/umfst.ro\/en\/wp-json\/wp\/v2\/pages\/355\/revisions\/46110"}],"up":[{"embeddable":true,"href":"https:\/\/umfst.ro\/en\/wp-json\/wp\/v2\/pages\/348"}],"wp:attachment":[{"href":"https:\/\/umfst.ro\/en\/wp-json\/wp\/v2\/media?parent=355"}],"wp:term":[{"taxonomy":"category","embeddable":true,"href":"https:\/\/umfst.ro\/en\/wp-json\/wp\/v2\/categories?post=355"},{"taxonomy":"post_tag","embeddable":true,"href":"https:\/\/umfst.ro\/en\/wp-json\/wp\/v2\/tags?post=355"}],"curies":[{"name":"wp","href":"https:\/\/api.w.org\/{rel}","templated":true}]}}