{"id":37930,"date":"2022-11-14T14:38:00","date_gmt":"2022-11-14T12:38:00","guid":{"rendered":"https:\/\/umfst.ro\/?page_id=37930"},"modified":"2026-05-05T12:34:40","modified_gmt":"2026-05-05T09:34:40","slug":"evenimente","status":"publish","type":"page","link":"https:\/\/umfst.ro\/en\/universitate\/cercetare\/junior-researcher-academy\/evenimente\/","title":{"rendered":"Events"},"content":{"rendered":"<div data-elementor-type=\"wp-page\" data-elementor-id=\"37930\" class=\"elementor elementor-37930\" data-elementor-post-type=\"page\">\n\t\t\t\t\t\t<section class=\"elementor-section elementor-top-section elementor-element elementor-element-19d1ff8 elementor-section-boxed elementor-section-height-default elementor-section-height-default\" data-id=\"19d1ff8\" data-element_type=\"section\" data-e-type=\"section\">\n\t\t\t\t\t\t<div class=\"elementor-container elementor-column-gap-default\">\n\t\t\t\t\t<div class=\"elementor-column elementor-col-100 elementor-top-column elementor-element elementor-element-d4882b9\" data-id=\"d4882b9\" data-element_type=\"column\" data-e-type=\"column\">\n\t\t\t<div class=\"elementor-widget-wrap elementor-element-populated\">\n\t\t\t\t\t\t<div class=\"elementor-element elementor-element-1de4b3d elementor-widget elementor-widget-text-editor\" data-id=\"1de4b3d\" data-element_type=\"widget\" data-e-type=\"widget\" data-widget_type=\"text-editor.default\">\n\t\t\t\t<div class=\"elementor-widget-container\">\n\t\t\t\t\t\t\t\t\t<h2><strong>Calendar of activities JRA Entry Level <\/strong><strong>2026<\/strong><\/h2><p><strong>20.02.2026<br \/><\/strong>The reality of journal publishing: expectations revisited<br \/>Prof. Mark Slevin PhD<\/p><p><strong>06.03.2026<br \/><\/strong>From idea to funding \u2013 how to write a grant proposal<br \/>Prof. Gabriel Hancu PhD<\/p><p><strong>13.03.2026<br \/><\/strong>Research in the AI era: acceleration, scaling, innovation<br \/>Assist. Vlad Ani\u021bei PhD student<\/p><p><strong>30.03.2026 <span style=\"color: #ab1b1b;\">- online event<\/span><br \/><\/strong>Healthcare start-ups: academic and applied perspectives<br \/>Mihai Sfin\u021bescu, Lecturer Irina Matran PhD<\/p><p><strong>08.05.2026<span style=\"color: #ab1b1b;\"> - online event<\/span><br \/><\/strong>Intellectual property protection and technology transfer<br \/>Lecturer Irina Matran PhD<\/p><p><strong>15.05.2026<br \/><\/strong>Interdisciplinary approaches in research: medicine, nutrition and engineering<br \/>Gen. Manag. Eng. C\u0103t\u0103lin Bilbie<\/p><p><strong>22.05.2026<br \/><\/strong>Regulation of medical devices: from development to clinical use<br \/>Prof. Dorin Bic\u0103 PhD<\/p><p><strong>29.05.2026<br \/><\/strong>Dissemination of research results and exchange of know-how within scientific events<br \/>Prof. Claudia B\u0103nescu PhD, Lecturer Andreea Pricopie PhD<\/p>\t\t\t\t\t\t\t\t<\/div>\n\t\t\t\t<\/div>\n\t\t\t\t<div class=\"elementor-element elementor-element-d6181f9 elementor-widget elementor-widget-text-editor\" data-id=\"d6181f9\" data-element_type=\"widget\" data-e-type=\"widget\" data-widget_type=\"text-editor.default\">\n\t\t\t\t<div class=\"elementor-widget-container\">\n\t\t\t\t\t\t\t\t\t<p><a href=\"https:\/\/www.umfst.ro\/fileadmin\/cercetare\/JRA\/Calendar_activitati_JRA_Entry_Level_2025.pdf\">Calendar of activities JRA Entry Level 2025<\/a><\/p>\t\t\t\t\t\t\t\t<\/div>\n\t\t\t\t<\/div>\n\t\t\t\t\t<\/div>\n\t\t<\/div>\n\t\t\t\t\t<\/div>\n\t\t<\/section>\n\t\t\t\t<\/div>","protected":false},"excerpt":{"rendered":"<p>Calendar activit\u0103\u021bi JRA Entry Level 2026 20.02.2026The reality of journal publishing: expectations revisitedProf. univ. dr. Mark Slevin 06.03.2026De la idee la finan\u021bare \u2013 cum se redacteaz\u0103 o propunere de grantProf. univ. dr. Gabriel Hancu 13.03.2026Cercetarea \u00een era AI: accelerare, scalare, inova\u021bieAsist.univ.drd. Vlad Ani\u021bei 30.03.2026 &#8211; eveniment onlineStart-up-uri \u00een s\u0103n\u0103tate: perspective academice \u0219i aplicateMihai Sfin\u021bescu, \u0218ef [&hellip;]<\/p>\n","protected":false},"author":25,"featured_media":0,"parent":746,"menu_order":-1,"comment_status":"closed","ping_status":"closed","template":"","meta":{"_relevanssi_hide_post":"","_relevanssi_hide_content":"","_relevanssi_pin_for_all":"","_relevanssi_pin_keywords":"","_relevanssi_unpin_keywords":"","_relevanssi_related_keywords":"","_relevanssi_related_include_ids":"","_relevanssi_related_exclude_ids":"","_relevanssi_related_no_append":"","_relevanssi_related_not_related":"","_relevanssi_related_posts":"150,154","_relevanssi_noindex_reason":"","footnotes":""},"categories":[145,16],"tags":[],"class_list":["post-37930","page","type-page","status-publish","hentry","category-pagina-cercetare","category-pagina-sidebar"],"meta_box":[],"_links":{"self":[{"href":"https:\/\/umfst.ro\/en\/wp-json\/wp\/v2\/pages\/37930","targetHints":{"allow":["GET"]}}],"collection":[{"href":"https:\/\/umfst.ro\/en\/wp-json\/wp\/v2\/pages"}],"about":[{"href":"https:\/\/umfst.ro\/en\/wp-json\/wp\/v2\/types\/page"}],"author":[{"embeddable":true,"href":"https:\/\/umfst.ro\/en\/wp-json\/wp\/v2\/users\/25"}],"replies":[{"embeddable":true,"href":"https:\/\/umfst.ro\/en\/wp-json\/wp\/v2\/comments?post=37930"}],"version-history":[{"count":46,"href":"https:\/\/umfst.ro\/en\/wp-json\/wp\/v2\/pages\/37930\/revisions"}],"predecessor-version":[{"id":48219,"href":"https:\/\/umfst.ro\/en\/wp-json\/wp\/v2\/pages\/37930\/revisions\/48219"}],"up":[{"embeddable":true,"href":"https:\/\/umfst.ro\/en\/wp-json\/wp\/v2\/pages\/746"}],"wp:attachment":[{"href":"https:\/\/umfst.ro\/en\/wp-json\/wp\/v2\/media?parent=37930"}],"wp:term":[{"taxonomy":"category","embeddable":true,"href":"https:\/\/umfst.ro\/en\/wp-json\/wp\/v2\/categories?post=37930"},{"taxonomy":"post_tag","embeddable":true,"href":"https:\/\/umfst.ro\/en\/wp-json\/wp\/v2\/tags?post=37930"}],"curies":[{"name":"wp","href":"https:\/\/api.w.org\/{rel}","templated":true}]}}