{"id":39584,"date":"2025-05-12T09:03:46","date_gmt":"2025-05-12T06:03:46","guid":{"rendered":"https:\/\/umfst.ro\/?page_id=39584"},"modified":"2025-06-11T09:22:07","modified_gmt":"2025-06-11T06:22:07","slug":"multidisciplinary-network-on-renewal-of-urban-brownfields","status":"publish","type":"page","link":"https:\/\/umfst.ro\/en\/universitate\/relatii-internationale\/alte-programe-internationale\/ceepus\/multidisciplinary-network-on-renewal-of-urban-brownfields\/","title":{"rendered":"Multidisciplinary Network on Renewal of Urban Brownfields"},"content":{"rendered":"<div data-elementor-type=\"wp-page\" data-elementor-id=\"39584\" class=\"elementor elementor-39584\" data-elementor-post-type=\"page\">\n\t\t\t\t\t\t<section class=\"elementor-section elementor-top-section elementor-element elementor-element-29057890 elementor-section-boxed elementor-section-height-default elementor-section-height-default\" data-id=\"29057890\" data-element_type=\"section\" data-e-type=\"section\">\n\t\t\t\t\t\t<div class=\"elementor-container elementor-column-gap-default\">\n\t\t\t\t\t<div class=\"elementor-column elementor-col-100 elementor-top-column elementor-element elementor-element-3dae835f\" data-id=\"3dae835f\" data-element_type=\"column\" data-e-type=\"column\">\n\t\t\t<div class=\"elementor-widget-wrap elementor-element-populated\">\n\t\t\t\t\t\t<div class=\"elementor-element elementor-element-658a72c2 elementor-widget elementor-widget-text-editor\" data-id=\"658a72c2\" data-element_type=\"widget\" data-e-type=\"widget\" data-no-translation=\"\" data-widget_type=\"text-editor.default\">\n\t\t\t\t<div class=\"elementor-widget-container\">\n\t\t\t\t\t<style>.elementor-element-658a72c2{display:none !important}<\/style>\t\t\t\t<\/div>\n\t\t\t\t<\/div>\n\t\t\t\t<div class=\"elementor-element elementor-element-d60f7ef elementor-widget elementor-widget-text-editor\" data-id=\"d60f7ef\" data-element_type=\"widget\" data-e-type=\"widget\" data-no-translation=\"\" data-widget_type=\"text-editor.default\">\n\t\t\t\t<div class=\"elementor-widget-container\">\n\t\t\t\t\t\t\t\t\t<p><strong>Project title:<\/strong>\u00a0<strong>Multidisciplinary Network on Renewal of Urban Brownfields<\/strong><\/p>\n<p><strong>Project number: <\/strong>HU-1905-02-2526<\/p>\n<p><strong>Starting Date:\u00a0 01\/09\/2025<\/strong><\/p>\n<p><strong>End Date:\u00a031\/08\/2026<\/strong><\/p>\n<p><strong>Partners:<\/strong><\/p>\n<p>Ybl Mikl\u00f3s Faculty of Architecture and Civil Engineering, Obuda University, Budapest, Hungary &#8211; (Coordinator)<\/p>\n<p>Faculty of Architecture and Design, Slovak University of Technology in Bratislava, Slovak Republic<\/p>\n<p>Faculty of Engineering and Information Technology, George Emil Palade University of Medicine, Pharmacy, Science and Technology of T\u00e2rgu Mure\u0219, Romania<\/p>\n<p>Faculty of Architecture, Silesian University of Technology, Gliwice, Poland<\/p>\n<p>Faculty of Environmental Engineering and Land Surveying, University of Agriculture in Krakow, Poland<\/p>\n<p>Academy of Arts, University of Novi Sad, Serbia<\/p>\n<p>Polytechnic University of Tirana, Albania<\/p>\n<p><strong>Local Institutional coordinator: <\/strong>\u00a0Assoc. Prof. Arch. Mara POPESCU, PhD<\/p>\n<p><strong>Website:<\/strong>\u00a0 <a href=\"https:\/\/www.ceepus.info\/nw\/1905-2526\" target=\"_blank\" rel=\"noopener\">https:\/\/www.ceepus.info\/nw\/1905-2526<\/a><\/p>\n<p><br \/><strong>Project description:<\/strong><\/p>\n<ol>\n<li><strong>Objectives<\/strong><\/li>\n<\/ol>\n<p><br \/>In the context of the CEEPUS programmes, a key element in the regeneration of brownfield sites is to analyse how the modern urban planning and urban design principles of Walkable City, 15 Minutes District, Smart City, Positive Energy District, etc., which are already integral parts of university education programmes, can be applied and exploited.<\/p>\n<p>As many countries in Europe and beyond have developed policies to promote high-quality of so called Baukultur, reflecting the increasing demand for a state-of-art \u201carchitectural policy\u201d via \u201clandscape\u201d to \u201cshaped environment\u201d. The main policy objective of all these policies is high quality building culture (Baukultur policy), which should focus on the renewal of degraded urban areas and the importance of preserving their value.<\/p>\n<p>The reuse and integration of brownfield sites into the surrounding urban fabric requires a high degree of creativity and innovation, which can significantly support university education, whether in the context of normal semester projects, master thesis, doctoral training or research programmes. Since the problem of brownfield sites and degraded urban areas in general is almost ubiquitous, particular emphasis should be placed on the exchange of international experience, on the exposure of students to innovative solutions and thus on the emergence of new ideas and creative urban concepts.<\/p>\n<p>The new CEEPUS Network is being launched makes possible this multidisciplinary and multinational approach. The Network targets not only to incorporate student and teacher mobility to enhance the various educational and scientific cooperations, but also to create an information platform that will facilitate the development of a database of good practice and set-up new networks on this field.<\/p>\n<p><strong>\u00a0<\/strong><\/p>\n<ol start=\"2\">\n<li><strong>Main activities<\/strong><\/li>\n<\/ol>\n<p><br \/>The Network is going to offer the usual activities to the participants. In the \ufb01rst semester the programme is focusing on teachers and student mobilities and a cooperation meeting for preparing joint excursions. In case of successful network submission, we intend to organise Short Term (3-5 day) Excursions, Student Exchange for full semester as well as Short Term Student Exchange (1-2 month) particularly for PhD students within the CEEPUS network. In the longer-term Summer Schools are also planned to be organised by the partner institutions, however this form of mobility will be the subject of future application.\u00a0<\/p>\n<p>The backbone of the programme is the joint student and faculty workshop sessions organised in the autumn and spring semesters, complemented by annual coordinator meetings, faculty and student mobility. The host institution for the workshops is the institution that de\ufb01nes the professional content of the year, rotating among the participating partners following successful renewal of the proposal.<\/p>\n<p>Some workshops use the short-term study trip format of 3-4 days, typically in conjunction with a research or professional event at the host institution. In addition to participating in the event, they provide an opportunity to get to know the city by visiting best practice sites related to the theme of the project &#8211; brown\ufb01eld revitalisation &#8211; or by identifying problem areas. Another form of workshop is the intensive course of more than 5 days, which provides an international creative week of meetings and learning opportunities<\/p>\n<p>Besides the usual mobilities mentioned above, the mobility expected to attract the most students and teachers in the network will be the Summer Schools. We intend to organise it every year within the network and will apply for it separately, in accordance with CEEPUS rules.\u00a0<\/p>\n<p>Since 2018, under the name of \u201cI\u20195 Industrial Heritage Workshop\u201d Summer Survey Camps and Summer Schools have been organised in different brown\ufb01eld sites for architecture students at the \u00d3buda University. The task is to survey existing disused industrial sites and buildings and to develop a sustainable proposal for their re-use. We intend to extend this tradition in the framework of the CEEPUS programme by i) inviting students from the partner university in addition to the Hungarian students, and ii) by providing the opportunity to involve other disciplines related to the task, such as landscape architect students, urban planning and design students, or engineering students dealing with the contamination of the area.\u00a0<\/p>\n<p>This provides an excellent opportunity for cooperation between different universities and different disciplines. The Summer School are mutually recognised as credit courses at the partner universities, and it can be a basis for further semester project in the regular curriculum. The Summer Schools are intended to include symposium, lectures and workshops.\u00a0<\/p>\n<ul>\n<li>students can complete a full semester programme at the partner university;<\/li>\n<li>short term exchanges programme up to 1-2 weeks for doctoral students;<\/li>\n<li>inviting guest speakers and lecturers from partner universities during the Intensive Week, and for other semester programmes;<\/li>\n<li>to develop joint research programmes.<\/li>\n<\/ul>\n<p>\u00a0<\/p>\n<ol start=\"3\">\n<li><strong>Results<\/strong><\/li>\n<\/ol>\n<p><br \/>To develop and improve a multidisciplinary educational approach to prepare site analysis and design proposals of urban brownfield sites by<\/p>\n<ul>\n<li>highlighting the urban planning and sustainability need for brownfield renewal programmes;<\/li>\n<li>\u00a0introducing to the student the complexity and the importance of the topic and the benefits of working in a multidisciplinary team;<\/li>\n<li>providing an international forum for architectural, urban and interior design achievements related to brownfield redevelopments;<\/li>\n<li>to lay the foundations for a future brownfield inventory.<\/li>\n<\/ul>\t\t\t\t\t\t\t\t<\/div>\n\t\t\t\t<\/div>\n\t\t\t\t\t<\/div>\n\t\t<\/div>\n\t\t\t\t\t<\/div>\n\t\t<\/section>\n\t\t\t\t<\/div>","protected":false},"excerpt":{"rendered":"<p>Titlul proiectului:\u00a0Multidisciplinary Network on Renewal of Urban Brownfields \/ Re\u021bea multidisciplinar\u0103 privind renovarea terenurilor industriale urbane Nr. proiect: HU-1905-02-2526 Data de incepere:\u00a001\/09\/2025 Data de incheiere:\u00a031\/08\/2026 Parteneri: Facultatea de Arhitectur\u0103 \u0219i Inginerie Civil\u0103 Ybl Mikl\u00f3s, Universitatea Obuda, Budapesta, Ungaria &#8211; (Coordinator) Facultatea de Arhitectur\u0103 \u0219i Design, Universitatea Tehnologic\u0103 Slovac\u0103 din Bratislava, Republica Slovac\u0103 Facultatea de Inginerie [&hellip;]<\/p>\n","protected":false},"author":25,"featured_media":0,"parent":429,"menu_order":0,"comment_status":"closed","ping_status":"closed","template":"","meta":{"_relevanssi_hide_post":"","_relevanssi_hide_content":"","_relevanssi_pin_for_all":"","_relevanssi_pin_keywords":"","_relevanssi_unpin_keywords":"","_relevanssi_related_keywords":"","_relevanssi_related_include_ids":"","_relevanssi_related_exclude_ids":"","_relevanssi_related_no_append":"","_relevanssi_related_not_related":"","_relevanssi_related_posts":"17554,38547,34881,19085,19914,21638","_relevanssi_noindex_reason":"","footnotes":""},"categories":[16,146],"tags":[],"class_list":["post-39584","page","type-page","status-publish","hentry","category-pagina-sidebar","category-pagina-international"],"meta_box":[],"_links":{"self":[{"href":"https:\/\/umfst.ro\/en\/wp-json\/wp\/v2\/pages\/39584","targetHints":{"allow":["GET"]}}],"collection":[{"href":"https:\/\/umfst.ro\/en\/wp-json\/wp\/v2\/pages"}],"about":[{"href":"https:\/\/umfst.ro\/en\/wp-json\/wp\/v2\/types\/page"}],"author":[{"embeddable":true,"href":"https:\/\/umfst.ro\/en\/wp-json\/wp\/v2\/users\/25"}],"replies":[{"embeddable":true,"href":"https:\/\/umfst.ro\/en\/wp-json\/wp\/v2\/comments?post=39584"}],"version-history":[{"count":8,"href":"https:\/\/umfst.ro\/en\/wp-json\/wp\/v2\/pages\/39584\/revisions"}],"predecessor-version":[{"id":40693,"href":"https:\/\/umfst.ro\/en\/wp-json\/wp\/v2\/pages\/39584\/revisions\/40693"}],"up":[{"embeddable":true,"href":"https:\/\/umfst.ro\/en\/wp-json\/wp\/v2\/pages\/429"}],"wp:attachment":[{"href":"https:\/\/umfst.ro\/en\/wp-json\/wp\/v2\/media?parent=39584"}],"wp:term":[{"taxonomy":"category","embeddable":true,"href":"https:\/\/umfst.ro\/en\/wp-json\/wp\/v2\/categories?post=39584"},{"taxonomy":"post_tag","embeddable":true,"href":"https:\/\/umfst.ro\/en\/wp-json\/wp\/v2\/tags?post=39584"}],"curies":[{"name":"wp","href":"https:\/\/api.w.org\/{rel}","templated":true}]}}