{"id":40277,"date":"2025-06-02T09:23:22","date_gmt":"2025-06-02T06:23:22","guid":{"rendered":"https:\/\/umfst.ro\/?page_id=40277"},"modified":"2025-11-19T10:59:55","modified_gmt":"2025-11-19T08:59:55","slug":"pulse","status":"publish","type":"page","link":"https:\/\/umfst.ro\/en\/alumni\/pulse\/","title":{"rendered":"What is UMPhST Pulse?"},"content":{"rendered":"<div data-elementor-type=\"wp-page\" data-elementor-id=\"40277\" class=\"elementor elementor-40277\" data-elementor-post-type=\"page\">\n\t\t\t\t\t\t<section class=\"elementor-section elementor-top-section elementor-element elementor-element-f1c4fcc elementor-section-boxed elementor-section-height-default elementor-section-height-default\" data-id=\"f1c4fcc\" data-element_type=\"section\" data-e-type=\"section\">\n\t\t\t\t\t\t<div class=\"elementor-container elementor-column-gap-default\">\n\t\t\t\t\t<div class=\"elementor-column elementor-col-100 elementor-top-column elementor-element elementor-element-3de150d\" data-id=\"3de150d\" data-element_type=\"column\" data-e-type=\"column\">\n\t\t\t<div class=\"elementor-widget-wrap elementor-element-populated\">\n\t\t\t\t\t\t<div class=\"elementor-element elementor-element-153eb7b elementor-widget__width-initial elementor-widget elementor-widget-text-editor\" data-id=\"153eb7b\" data-element_type=\"widget\" data-e-type=\"widget\" data-widget_type=\"text-editor.default\">\n\t\t\t\t<div class=\"elementor-widget-container\">\n\t\t\t\t\t\t\t\t\t<h5><strong>Download the Pulse App!<\/strong><\/h5><p class=\" translation-block\">Stay connected every day with your university! <b>UMPhST Pulse <\/b>is available on:<\/p><p><a href=\"https:\/\/play.google.com\/store\/search?q=umfst%20pulse&amp;c=apps\" target=\"_blank\" rel=\"noopener\"><img decoding=\"async\" class=\"alignnone wp-image-40319 size-full\" src=\"https:\/\/umfst.ro\/wp-content\/uploads\/2025\/06\/Store-download-button.png\" alt=\"\" width=\"120\" height=\"40\" srcset=\"https:\/\/umfst.ro\/wp-content\/uploads\/2025\/06\/Store-download-button.png 120w, https:\/\/umfst.ro\/wp-content\/uploads\/2025\/06\/Store-download-button-18x6.png 18w\" sizes=\"(max-width: 120px) 100vw, 120px\" \/><\/a>\u00a0 \u00a0 <a href=\"https:\/\/apps.apple.com\/ro\/app\/umfst-pulse\/id6738797090\" target=\"_blank\" rel=\"noopener\"><img decoding=\"async\" class=\"alignnone wp-image-40320 size-full\" src=\"https:\/\/umfst.ro\/wp-content\/uploads\/2025\/06\/Component-2.png\" alt=\"\" width=\"120\" height=\"40\" srcset=\"https:\/\/umfst.ro\/wp-content\/uploads\/2025\/06\/Component-2.png 120w, https:\/\/umfst.ro\/wp-content\/uploads\/2025\/06\/Component-2-18x6.png 18w\" sizes=\"(max-width: 120px) 100vw, 120px\" \/><\/a><\/p><p>sau pe aplica\u021bia web: <a href=\"https:\/\/pulse.umfst.ro\/\">pulse.umfst.ro<\/a><\/p><p>Create your account, personalize your profile, and\u2026 let\u2019s be together again!<\/p><p>\u00a0<\/p><h2>What is UMPhST Pulse?<\/h2><p>An app? Yes.<br \/>A platform? Even more.<br \/>UMPhST Pulse is the bridge that keeps your university memories alive while guiding your professional journey forward.<\/p><p>It\u2019s the official digital space of the UMPhST Alumni community, available as a mobile app (iOS &amp; Android), where you can:<\/p><ul><li>Stay connected with your university and classmates<\/li><li>Receive invitations to events, reunions, and conferences<\/li><li>Participate in mentoring and networking programs<\/li><li>Access resources, news, and initiatives from academic and professional circles<\/li><li>Actively contribute to a global UMPhST Alumni community<\/li><\/ul><h5><strong><br \/>A Global Platform for a Global Network<\/strong><\/h5><p class=\" translation-block\">No matter where you are \u2014 T\u00e2rgu Mure\u0219, London, or New York \u2014 <b>Pulse<\/b> keeps you connected.<Br><br>\nIt\u2019s made for everyone who has walked the halls of our university:<\/p><ul><li>Bachelor\u2019s, Master\u2019s, or Doctoral graduates<\/li><li>Graduates of the Institute of Medicine and Pharmacy in T\u00e2rgu Mure\u0219<\/li><li>Alumni of the former \u201cPetru Maior\u201d University<\/li><li>Graduates of the T\u00e2rgu Mure\u0219 University of Medicine and Pharmacy<\/li><li>Members of today\u2019s G.E. Palade UMPhST of Targu Mures and UMCH Campus Hamburg<\/li><\/ul><p><br \/>If you\u2019re one of us, Pulse is made for you.<\/p>\t\t\t\t\t\t\t\t<\/div>\n\t\t\t\t<\/div>\n\t\t\t\t<div class=\"elementor-element elementor-element-6357b80 elementor-widget elementor-widget-text-editor\" data-id=\"6357b80\" data-element_type=\"widget\" data-e-type=\"widget\" data-widget_type=\"text-editor.default\">\n\t\t\t\t<div class=\"elementor-widget-container\">\n\t\t\t\t\t\t\t\t\t<h2><strong>Pulse\u2019s Mission = Our Mission<\/strong><\/h2><ul><li>To keep the connection between alumni and Alma Mater alive<\/li><li>To build an active, visible, and engaged Alumni community<\/li><li>To promote mentoring, collaboration, and success through networking<\/li><\/ul><p>UMPhST Alumni Pulse means opportunities. Old friends. New ideas. And a community that always supports you.<\/p><p><strong>Join the community!<\/strong><\/p><p>UMPhST Pulse isn\u2019t just about what was. It\u2019s about everything we can build together from here on. Be part of the movement. Join Pulse.<\/p>\t\t\t\t\t\t\t\t<\/div>\n\t\t\t\t<\/div>\n\t\t\t\t\t<\/div>\n\t\t<\/div>\n\t\t\t\t\t<\/div>\n\t\t<\/section>\n\t\t\t\t<\/div>","protected":false},"excerpt":{"rendered":"<p>Descarc\u0103 aplica\u021bia Pulse! Fii conectat(\u0103) \u00een fiecare zi cu universitatea ta!\u00a0UMFST Pulse este disponibil \u00een: \u00a0 \u00a0 sau pe aplica\u021bia web: pulse.umfst.ro Creeaz\u0103-\u021bi contul, personalizeaz\u0103-\u021bi profilul \u0219i&#8230; hai s\u0103 fim din nou \u00eempreun\u0103! \u00a0 Ce este UMFST Pulse? O aplica\u021bie? Da.O platform\u0103? \u0218i mai mult.UMFST Pulse este podul care leag\u0103 trecutul t\u0103u universitar de viitorul [&hellip;]<\/p>\n","protected":false},"author":25,"featured_media":0,"parent":40186,"menu_order":0,"comment_status":"closed","ping_status":"closed","template":"","meta":{"_relevanssi_hide_post":"","_relevanssi_hide_content":"","_relevanssi_pin_for_all":"","_relevanssi_pin_keywords":"","_relevanssi_unpin_keywords":"","_relevanssi_related_keywords":"","_relevanssi_related_include_ids":"","_relevanssi_related_exclude_ids":"","_relevanssi_related_no_append":"","_relevanssi_related_not_related":"","_relevanssi_related_posts":"30650,36735,18731,28682,37749,21938","_relevanssi_noindex_reason":"","footnotes":""},"categories":[292,16],"tags":[],"class_list":["post-40277","page","type-page","status-publish","hentry","category-pagina-alumni","category-pagina-sidebar"],"meta_box":[],"_links":{"self":[{"href":"https:\/\/umfst.ro\/en\/wp-json\/wp\/v2\/pages\/40277","targetHints":{"allow":["GET"]}}],"collection":[{"href":"https:\/\/umfst.ro\/en\/wp-json\/wp\/v2\/pages"}],"about":[{"href":"https:\/\/umfst.ro\/en\/wp-json\/wp\/v2\/types\/page"}],"author":[{"embeddable":true,"href":"https:\/\/umfst.ro\/en\/wp-json\/wp\/v2\/users\/25"}],"replies":[{"embeddable":true,"href":"https:\/\/umfst.ro\/en\/wp-json\/wp\/v2\/comments?post=40277"}],"version-history":[{"count":42,"href":"https:\/\/umfst.ro\/en\/wp-json\/wp\/v2\/pages\/40277\/revisions"}],"predecessor-version":[{"id":44849,"href":"https:\/\/umfst.ro\/en\/wp-json\/wp\/v2\/pages\/40277\/revisions\/44849"}],"up":[{"embeddable":true,"href":"https:\/\/umfst.ro\/en\/wp-json\/wp\/v2\/pages\/40186"}],"wp:attachment":[{"href":"https:\/\/umfst.ro\/en\/wp-json\/wp\/v2\/media?parent=40277"}],"wp:term":[{"taxonomy":"category","embeddable":true,"href":"https:\/\/umfst.ro\/en\/wp-json\/wp\/v2\/categories?post=40277"},{"taxonomy":"post_tag","embeddable":true,"href":"https:\/\/umfst.ro\/en\/wp-json\/wp\/v2\/tags?post=40277"}],"curies":[{"name":"wp","href":"https:\/\/api.w.org\/{rel}","templated":true}]}}