{"id":421,"date":"2022-11-10T14:17:35","date_gmt":"2022-11-10T12:17:35","guid":{"rendered":"https:\/\/dev.umfst.ro\/?page_id=421"},"modified":"2025-02-25T09:41:11","modified_gmt":"2025-02-25T07:41:11","slug":"erasmus-non-ue-ka107","status":"publish","type":"page","link":"https:\/\/umfst.ro\/en\/universitate\/relatii-internationale\/erasmus-plus\/mobilitati-non-eu\/acorduri-interinstitutionale\/erasmus-non-ue-ka107\/","title":{"rendered":"ERASMUS+ non-UE KA171"},"content":{"rendered":"<div data-elementor-type=\"wp-page\" data-elementor-id=\"421\" class=\"elementor elementor-421\" data-elementor-post-type=\"page\">\n\t\t\t\t\t\t<section class=\"elementor-section elementor-top-section elementor-element elementor-element-d33f6de elementor-section-boxed elementor-section-height-default elementor-section-height-default\" data-id=\"d33f6de\" data-element_type=\"section\" data-e-type=\"section\">\n\t\t\t\t\t\t<div class=\"elementor-container elementor-column-gap-default\">\n\t\t\t\t\t<div class=\"elementor-column elementor-col-100 elementor-top-column elementor-element elementor-element-934cc83\" data-id=\"934cc83\" data-element_type=\"column\" data-e-type=\"column\">\n\t\t\t<div class=\"elementor-widget-wrap elementor-element-populated\">\n\t\t\t\t\t\t<div class=\"elementor-element elementor-element-ecfcd9a elementor-widget elementor-widget-text-editor\" data-id=\"ecfcd9a\" data-element_type=\"widget\" data-e-type=\"widget\" data-widget_type=\"text-editor.default\">\n\t\t\t\t<div class=\"elementor-widget-container\">\n\t\t\t\t\t\t\t\t\t<p><strong>FACULTATEA DE MEDICIN\u0102 \/ FACULTY OF MEDICINE<\/strong><\/p><p><a href=\"https:\/\/umfst.ro\/fileadmin\/relatii_internationale\/erasmus_2023-2024\/non-ue\/Acorduri.Erasmus.Medicina.KA171_SMS.pdf\">Faculty of Medicine_Bilateral Agreements for Medicine &#8211; SMS<\/a><\/p><p><a href=\"https:\/\/umfst.ro\/fileadmin\/relatii_internationale\/erasmus_2023-2024\/non-ue\/Acorduri.Erasmus.Medicina.KA171_SMP.pdf\">Faculty of Medicine Bilateral Agreements for Medicine &#8211; SMP<\/a><\/p><p><a href=\"https:\/\/umfst.ro\/fileadmin\/relatii_internationale\/erasmus_2023-2024\/non-ue\/Acorduri.Erasmus.Medicina.KA171_STA.pdf\">Faculty of Medicine Bilateral Agreements for Medicine &#8211; STA<\/a><\/p><p><a href=\"https:\/\/umfst.ro\/fileadmin\/relatii_internationale\/erasmus_2023-2024\/non-ue\/Acorduri.Erasmus.Medicina.KA171_STT.pdf\">Faculty of Medicine Bilateral Agreements for Medicine &#8211; STT<\/a><\/p><p><strong>FACULTATEA DE MEDICIN\u0102 DENTAR\u0102 \/ FACULTY OF DENTAL MEDICINE<\/strong><\/p><p><a href=\"https:\/\/umfst.ro\/fileadmin\/relatii_internationale\/erasmus_2023-2024\/non-ue\/Acorduri.Erasmus.Medicina_Dentara.KA171_SMS.pdf\">Faculty of Dental Medicine \u2013 Bilateral Agreements \u2013 SMS <\/a><\/p><p><a href=\"https:\/\/umfst.ro\/fileadmin\/relatii_internationale\/erasmus_2023-2024\/non-ue\/Acorduri.Erasmus.Medicina_Dentara.KA171_SMP.pdf\">Faculty of Dental Medicine \u2013 Bilateral Agreements \u2013 SMP<\/a><\/p><p><a href=\"https:\/\/umfst.ro\/fileadmin\/relatii_internationale\/erasmus_2023-2024\/non-ue\/Acorduri.Erasmus.Medicina_Dentara.KA171_STA.pdf\">Faculty of Dental Medicine \u2013 Bilateral Agreements \u2013 STA<\/a><\/p><p><a href=\"https:\/\/umfst.ro\/fileadmin\/relatii_internationale\/erasmus_2023-2024\/non-ue\/Acorduri.Erasmus.Medicina_Dentara.KA171_STT.pdf\">Faculty of Dental Medicine \u2013 Bilateral Agreements \u2013 STT<\/a><\/p><p><strong>FACULTATEA DE FARMACIE \/ FACULTY OF PHARMACY<\/strong><\/p><p><a href=\"https:\/\/umfst.ro\/fileadmin\/relatii_internationale\/erasmus_2023-2024\/non-ue\/Acorduri.Erasmus._Farmacie.KA171_SMS.pdf\">Faculty of Pharmacy \u2013 Bilateral Agreements \u2013 SMS<\/a><\/p><p><a href=\"https:\/\/umfst.ro\/fileadmin\/relatii_internationale\/erasmus_2023-2024\/non-ue\/Acorduri.Erasmus._Farmacie.KA171_SMP.pdf\">Faculty of Pharmacy \u2013 Bilateral Agreements \u2013 SMP<\/a><\/p><p><a href=\"https:\/\/umfst.ro\/fileadmin\/relatii_internationale\/erasmus_2023-2024\/non-ue\/Acorduri.Erasmus._Farmacie.KA171_STA.pdf\">Faculty of Pharmacy \u2013 Bilateral Agreements \u2013 STA<\/a><\/p><p><a href=\"https:\/\/umfst.ro\/fileadmin\/relatii_internationale\/erasmus_2023-2024\/non-ue\/Acorduri.Erasmus._Farmacie.KA171_STT.pdf\">Faculty of Pharmacy \u2013 Bilateral Agreements \u2013 STT<\/a><\/p><p><strong>FACULTATEA DE INGINERIE \u0218I TEHNOLOGIA INFORMA\u021aIEI\/ FACULTY OF ENGINEERING AND INFORMATION TECHNOLOGY<\/strong><\/p><p><a href=\"https:\/\/www.umfst.ro\/fileadmin\/relatii_internationale\/erasmus_2023-2024\/non-ue\/Acorduri.Erasmus.FITI.KA171-SMS.pdf\">Faculty of Engineering and Information Technology \u2013 Bilateral Agreements &#8211; SMS<\/a><\/p><p><a href=\"https:\/\/www.umfst.ro\/fileadmin\/relatii_internationale\/erasmus_2023-2024\/non-ue\/Acorduri.Erasmus.FITI.KA171-SMP.pdf\">Faculty of Engineering and Information Technology \u2013 Bilateral Agreements &#8211; SMP<\/a><\/p><p><a href=\"https:\/\/www.umfst.ro\/fileadmin\/relatii_internationale\/erasmus_2024-2025\/non_ue\/acorduri\/Acorduri.Erasmus.FITI.KA171 - STA.pdf\" data-wplink-url-error=\"true\">Faculty of Engineering and Information Technology \u2013 Bilateral Agreements &#8211; STA<\/a><\/p><p><a href=\"https:\/\/www.umfst.ro\/fileadmin\/relatii_internationale\/erasmus_2024-2025\/non_ue\/acorduri\/Acorduri.Erasmus.FITI.KA171 - STT.pdf\" data-wplink-url-error=\"true\">Faculty of Engineering and Information Technology \u2013 Bilateral Agreements &#8211; STT<\/a><\/p><p><b>FACULTATEA DE \u0218TIIN\u021aE \u0218I LITERE ,,PETRU MAIOR\u201d\/ \u201ePETRU MAIOR\u201d FACULTY OF SCIENCES AND LETTERS<\/b><br \/><br \/><a href=\"https:\/\/www.umfst.ro\/fileadmin\/relatii_internationale\/erasmus_2024-2025\/non_ue\/acorduri\/Acorduri.Erasmus.FSL.KA171_-_SMS.pdf\" target=\"_blank\" rel=\"noopener\" aria-label=\"\u201ePetru Maior\u201d Faculty of Sciences and Letters \u2013 Bilateral Agreements \u2013 SMS - deschide \u00eentr-o fil\u0103 nou\u0103\" data-uw-rm-ext-link=\"\">\u201ePetru Maior\u201d Faculty of Sciences and Letters \u2013 Bilateral Agreements \u2013 SMS<\/a><\/p><p><a href=\"https:\/\/www.umfst.ro\/fileadmin\/relatii_internationale\/erasmus_2024-2025\/non_ue\/acorduri\/Acorduri.Erasmus.FSL.KA171_-_SMP.pdf\">\u201ePetru Maior\u201d Faculty of Sciences and Letters \u2013 Bilateral Agreements \u2013 SMP<\/a><br \/><br \/><a href=\"https:\/\/www.umfst.ro\/fileadmin\/relatii_internationale\/erasmus_2024-2025\/non_ue\/acorduri\/Acorduri.Erasmus.FSL.KA171_-_STA.pdf\" target=\"_blank\" rel=\"noopener\" aria-label=\"\u201ePetru Maior\u201d Faculty of Sciences and Letters \u2013 Bilateral Agreements \u2013 STA - deschide \u00eentr-o fil\u0103 nou\u0103\" data-uw-rm-ext-link=\"\">\u201ePetru Maior\u201d Faculty of Sciences and Letters \u2013 Bilateral Agreements \u2013 STA<\/a><br \/><br \/><a href=\"https:\/\/www.umfst.ro\/fileadmin\/relatii_internationale\/erasmus_2024-2025\/non_ue\/acorduri\/Acorduri.Erasmus.FSL.KA171_-_STT.pdf\" target=\"_blank\" rel=\"noopener\" aria-label=\"\u201ePetru Maior\u201d Faculty of Sciences and Letters \u2013 Bilateral Agreements \u2013 STT - deschide \u00eentr-o fil\u0103 nou\u0103\" data-uw-rm-ext-link=\"\">\u201ePetru Maior\u201d Faculty of Sciences and Letters \u2013 Bilateral Agreements \u2013 STT<\/a><br \/><br \/><b>FACULTATEA DE ECONOMIE \u0218I DREPT\/ FACULTY OF ECONOMICS AND LAW<\/b><br \/><br \/><a href=\"https:\/\/www.umfst.ro\/fileadmin\/relatii_internationale\/erasmus_2024-2025\/non_ue\/acorduri\/Acorduri.Erasmus.FED.KA171_-_SMS.pdf\" target=\"_blank\" rel=\"noopener\" aria-label=\"Faculty of Economics and Law \u2013 Bilateral Agreements \u2013 SMS - deschide \u00eentr-o fil\u0103 nou\u0103\" data-uw-rm-ext-link=\"\">Faculty of Economics and Law \u2013 Bilateral Agreements \u2013 SMS<\/a><br \/><br \/><a href=\"https:\/\/www.umfst.ro\/fileadmin\/relatii_internationale\/erasmus_2024-2025\/non_ue\/acorduri\/Acorduri.Erasmus.FED.KA171_-_SMP.pdf\" target=\"_blank\" rel=\"noopener\" aria-label=\"Faculty of Economics and Law \u2013 Bilateral Agreements \u2013 SMP - deschide \u00eentr-o fil\u0103 nou\u0103\" data-uw-rm-ext-link=\"\">Faculty of Economics and Law \u2013 Bilateral Agreements \u2013 SMP<\/a><br \/><br \/><a href=\"https:\/\/www.umfst.ro\/fileadmin\/relatii_internationale\/erasmus_2024-2025\/non_ue\/acorduri\/Acorduri.Erasmus.FED.KA171 - STA.pdf\" target=\"_blank\" rel=\"noopener\" aria-label=\"Faculty of Economics and Law \u2013 Bilateral Agreements \u2013 STA - deschide \u00eentr-o fil\u0103 nou\u0103\" data-uw-rm-ext-link=\"\" data-wplink-url-error=\"true\">Faculty of Economics and Law \u2013 Bilateral Agreements \u2013 STA<\/a><br \/><br \/><a href=\"https:\/\/www.umfst.ro\/fileadmin\/relatii_internationale\/erasmus_2024-2025\/non_ue\/acorduri\/Acorduri.Erasmus.FED.KA171 - STT.pdf\" target=\"_blank\" rel=\"noopener\" aria-label=\"Faculty of Economics and Law \u2013 Bilateral Agreements \u2013 STT - deschide \u00eentr-o fil\u0103 nou\u0103\" data-uw-rm-ext-link=\"\" data-wplink-url-error=\"true\">Faculty of Economics and Law \u2013 Bilateral Agreements \u2013 STT<\/a><\/p>\t\t\t\t\t\t\t\t<\/div>\n\t\t\t\t<\/div>\n\t\t\t\t\t<\/div>\n\t\t<\/div>\n\t\t\t\t\t<\/div>\n\t\t<\/section>\n\t\t\t\t<\/div>","protected":false},"excerpt":{"rendered":"<p>FACULTATEA DE MEDICIN\u0102 \/ FACULTY OF MEDICINE Faculty of Medicine_Bilateral Agreements for Medicine &#8211; SMS Faculty of Medicine Bilateral Agreements for Medicine &#8211; SMP Faculty of Medicine Bilateral Agreements for Medicine &#8211; STA Faculty of Medicine Bilateral Agreements for Medicine &#8211; STT FACULTATEA DE MEDICIN\u0102 DENTAR\u0102 \/ FACULTY OF DENTAL MEDICINE Faculty of Dental Medicine [&hellip;]<\/p>\n","protected":false},"author":3,"featured_media":0,"parent":28012,"menu_order":0,"comment_status":"closed","ping_status":"closed","template":"","meta":{"_relevanssi_hide_post":"","_relevanssi_hide_content":"","_relevanssi_pin_for_all":"","_relevanssi_pin_keywords":"","_relevanssi_unpin_keywords":"","_relevanssi_related_keywords":"","_relevanssi_related_include_ids":"","_relevanssi_related_exclude_ids":"","_relevanssi_related_no_append":"","_relevanssi_related_not_related":"","_relevanssi_related_posts":"154,150","_relevanssi_noindex_reason":"","footnotes":""},"categories":[16,146],"tags":[],"class_list":["post-421","page","type-page","status-publish","hentry","category-pagina-sidebar","category-pagina-international"],"meta_box":[],"_links":{"self":[{"href":"https:\/\/umfst.ro\/en\/wp-json\/wp\/v2\/pages\/421","targetHints":{"allow":["GET"]}}],"collection":[{"href":"https:\/\/umfst.ro\/en\/wp-json\/wp\/v2\/pages"}],"about":[{"href":"https:\/\/umfst.ro\/en\/wp-json\/wp\/v2\/types\/page"}],"author":[{"embeddable":true,"href":"https:\/\/umfst.ro\/en\/wp-json\/wp\/v2\/users\/3"}],"replies":[{"embeddable":true,"href":"https:\/\/umfst.ro\/en\/wp-json\/wp\/v2\/comments?post=421"}],"version-history":[{"count":32,"href":"https:\/\/umfst.ro\/en\/wp-json\/wp\/v2\/pages\/421\/revisions"}],"predecessor-version":[{"id":37647,"href":"https:\/\/umfst.ro\/en\/wp-json\/wp\/v2\/pages\/421\/revisions\/37647"}],"up":[{"embeddable":true,"href":"https:\/\/umfst.ro\/en\/wp-json\/wp\/v2\/pages\/28012"}],"wp:attachment":[{"href":"https:\/\/umfst.ro\/en\/wp-json\/wp\/v2\/media?parent=421"}],"wp:term":[{"taxonomy":"category","embeddable":true,"href":"https:\/\/umfst.ro\/en\/wp-json\/wp\/v2\/categories?post=421"},{"taxonomy":"post_tag","embeddable":true,"href":"https:\/\/umfst.ro\/en\/wp-json\/wp\/v2\/tags?post=421"}],"curies":[{"name":"wp","href":"https:\/\/api.w.org\/{rel}","templated":true}]}}