{"id":429,"date":"2022-11-10T14:44:32","date_gmt":"2022-11-10T12:44:32","guid":{"rendered":"https:\/\/dev.umfst.ro\/?page_id=429"},"modified":"2025-06-11T09:40:46","modified_gmt":"2025-06-11T06:40:46","slug":"ceepus","status":"publish","type":"page","link":"https:\/\/umfst.ro\/en\/universitate\/relatii-internationale\/alte-programe-internationale\/ceepus\/","title":{"rendered":"CEEPUS"},"content":{"rendered":"<div data-elementor-type=\"wp-page\" data-elementor-id=\"429\" class=\"elementor elementor-429\" data-elementor-post-type=\"page\">\n\t\t\t\t\t\t<section class=\"elementor-section elementor-top-section elementor-element elementor-element-3ed66ce9 elementor-section-boxed elementor-section-height-default elementor-section-height-default\" data-id=\"3ed66ce9\" data-element_type=\"section\" data-e-type=\"section\">\n\t\t\t\t\t\t<div class=\"elementor-container elementor-column-gap-default\">\n\t\t\t\t\t<div class=\"elementor-column elementor-col-100 elementor-top-column elementor-element elementor-element-6cfd29c8\" data-id=\"6cfd29c8\" data-element_type=\"column\" data-e-type=\"column\">\n\t\t\t<div class=\"elementor-widget-wrap elementor-element-populated\">\n\t\t\t\t\t\t<div class=\"elementor-element elementor-element-9bca932 elementor-widget elementor-widget-text-editor\" data-id=\"9bca932\" data-element_type=\"widget\" data-e-type=\"widget\" data-widget_type=\"text-editor.default\">\n\t\t\t\t<div class=\"elementor-widget-container\">\n\t\t\t\t\t\t\t\t\t<p><strong>CEEPUS \u2013 Central European Exchange Program for University Studies is a multilateral university exchange program in the extended Danube region, based on an international agreement, aimed at promoting cooperation in the field of higher education.\nDetails about this program can be found at the following address:\u00a0<a href=\"http:\/\/www.ceepus.info\/\" target=\"_blank\" rel=\"noopener\">http:\/\/www.ceepus.info<\/a>.<\/strong><\/p>\t\t\t\t\t\t\t\t<\/div>\n\t\t\t\t<\/div>\n\t\t\t\t<div class=\"elementor-element elementor-element-18a32fe elementor-widget elementor-widget-text-editor\" data-id=\"18a32fe\" data-element_type=\"widget\" data-e-type=\"widget\" data-no-translation=\"\" data-widget_type=\"text-editor.default\">\n\t\t\t\t<div class=\"elementor-widget-container\">\n\t\t\t\t\t<style>.elementor-element-18a32fe{display:none !important}<\/style>\t\t\t\t<\/div>\n\t\t\t\t<\/div>\n\t\t\t\t<div class=\"elementor-element elementor-element-f3469d4 elementor-widget elementor-widget-text-editor\" data-id=\"f3469d4\" data-element_type=\"widget\" data-e-type=\"widget\" data-no-translation=\"\" data-widget_type=\"text-editor.default\">\n\t\t\t\t<div class=\"elementor-widget-container\">\n\t\t\t\t\t\t\t\t\t<h2>Projects<\/h2>\n<p>&#8211; <a href=\"https:\/\/umfst.ro\/en\/university\/international-relations\/other-international-programs\/ceepus\/active-methods-in-teaching-and-learning-mathematics-informatics-and-their-applications\/\">Active Methods in Teaching and Learning Mathematics, Informatics and their Applications<\/a><\/p>\n<p>&#8211; <a href=\"https:\/\/umfst.ro\/en\/university\/international-relations\/other-international-programs\/ceepus\/healthcare-communication\/\">Healthcare communication<\/a><\/p>\n<p>&#8211; <a href=\"https:\/\/umfst.ro\/en\/university\/international-relations\/other-international-programs\/ceepus\/teaching-and-learning-bioanalysis\/\">Teaching and Learning Bioanalysis<\/a><\/p>\n<p>&#8211; <a href=\"https:\/\/umfst.ro\/en\/university\/international-relations\/other-international-programs\/ceepus\/food-safety-for-healthy-living\/\">Food Safety for Healthy Living<\/a><\/p>\n<p>&#8211; <a href=\"https:\/\/umfst.ro\/en\/university\/international-relations\/other-international-programs\/ceepus\/multidisciplinary-network-on-renewal-of-urban-brownfields\/\">Multidisciplinary Network on Renewal of Urban Brownfields<\/a><\/p>\t\t\t\t\t\t\t\t<\/div>\n\t\t\t\t<\/div>\n\t\t\t\t<div class=\"elementor-element elementor-element-2bda7f22 elementor-hidden-widescreen elementor-hidden-desktop elementor-hidden-tablet elementor-hidden-mobile elementor-widget elementor-widget-text-editor\" data-id=\"2bda7f22\" data-element_type=\"widget\" data-e-type=\"widget\" data-widget_type=\"text-editor.default\">\n\t\t\t\t<div class=\"elementor-widget-container\">\n\t\t\t\t\t\t\t\t\t\n<p>CEEPUS (Central European Exchange Program for University Studies) is an international program, which promote the cooperation at high education level. Details about this program can be read at homepage: http:\/\/www.ceepus.info\u00a0<a href=\"http:\/\/www.ceepus.info\/\" target=\"_blank\" rel=\"noreferrer noopener\">http:\/\/www.ceepus.info<\/a><\/p>\n\n<p>The CEEPUS program had three periods: CEEPUS I between 1998-2005, CEEPUS II between 2005-2010 and CEEPUS III beginning with 2011 till now.<\/p>\n\n<p>Contractul de colaborare CEEPUS III a fost semnat de urm\u0103toarele \u0163\u0103ri central \u015fi est-europene: \u00a0Albania, Austria, Bulgaria, Bosnia-Herzegovina, Croatia, Republica Ceh\u0103, Ungaria, Macedonia, Montenegro, Polonia, Romania, serbia, Slovacia, \u015fi Slovenia, la care au aderat mai t\u00e2rziu Pristina-Kosovo \u015fi Republica Moldova. Detalii privind contractul de colaborare se pot citi pe adresa:<\/p>\n\n<p><a href=\"http:\/\/www.ceepus.info\/files\/c3\/gi\/C3Agreement.pdf\" target=\"_blank\" rel=\"noreferrer noopener\">http:\/\/www.ceepus.info\/files\/c3\/gi\/C3Agreement.pdf<\/a><\/p>\n\n<p>CEEPUS is based on lean management. The highest ranking decision making CEEPUS body is the Joint Committee of Ministers that meets once a year and takes all strategic decisions. Coordination, evaluation, program development and advertizing are the main tasks of the Central CEEPUS Office (consisting of only two persons). Each country has a National CEEPUS Office in charge of national implementation. In order to avoid setting up new administrative bodies, the National CEEPUS Offices are integrated into already existing structures, usually national agencies. The main coordinators of the CEEPUS Networks supervise the activities within the Networks, edit the Network Report and the Netwok Application of each academic year. The local coordonators supervise the exchange activities and provide the necessary information to the main coordinator. The CEEPUS scholarships are payed by the host Country<\/p>\n\t\t\t\t\t\t\t\t<\/div>\n\t\t\t\t<\/div>\n\t\t\t\t\t<\/div>\n\t\t<\/div>\n\t\t\t\t\t<\/div>\n\t\t<\/section>\n\t\t\t\t<\/div>","protected":false},"excerpt":{"rendered":"<p>CEEPUS &#8211; Central European Exchange Program for University Studies este un program multilateral de schimb universitar \u00een regiunea extins\u0103 a Dun\u0103rii, bazat pe un acord interna\u021bional, pentru promovarea cooper\u0103rii \u00een domeniul \u00eenv\u0103\u0163\u0103m\u00e2ntului superior.\u00a0Detalii privind acest program se reg\u0103sesc pe adresa:\u00a0http:\/\/www.ceepus.info. Proiecte &#8211; Active Methods in Teaching and Learning Mathematics, Informatics and their Applications &#8211; Healthcare [&hellip;]<\/p>\n","protected":false},"author":3,"featured_media":0,"parent":27683,"menu_order":2,"comment_status":"closed","ping_status":"closed","template":"","meta":{"_relevanssi_hide_post":"","_relevanssi_hide_content":"","_relevanssi_pin_for_all":"","_relevanssi_pin_keywords":"","_relevanssi_unpin_keywords":"","_relevanssi_related_keywords":"","_relevanssi_related_include_ids":"","_relevanssi_related_exclude_ids":"","_relevanssi_related_no_append":"","_relevanssi_related_not_related":"","_relevanssi_related_posts":"154,150","_relevanssi_noindex_reason":"","footnotes":""},"categories":[16,146],"tags":[],"class_list":["post-429","page","type-page","status-publish","hentry","category-pagina-sidebar","category-pagina-international"],"meta_box":[],"_links":{"self":[{"href":"https:\/\/umfst.ro\/en\/wp-json\/wp\/v2\/pages\/429","targetHints":{"allow":["GET"]}}],"collection":[{"href":"https:\/\/umfst.ro\/en\/wp-json\/wp\/v2\/pages"}],"about":[{"href":"https:\/\/umfst.ro\/en\/wp-json\/wp\/v2\/types\/page"}],"author":[{"embeddable":true,"href":"https:\/\/umfst.ro\/en\/wp-json\/wp\/v2\/users\/3"}],"replies":[{"embeddable":true,"href":"https:\/\/umfst.ro\/en\/wp-json\/wp\/v2\/comments?post=429"}],"version-history":[{"count":28,"href":"https:\/\/umfst.ro\/en\/wp-json\/wp\/v2\/pages\/429\/revisions"}],"predecessor-version":[{"id":40716,"href":"https:\/\/umfst.ro\/en\/wp-json\/wp\/v2\/pages\/429\/revisions\/40716"}],"up":[{"embeddable":true,"href":"https:\/\/umfst.ro\/en\/wp-json\/wp\/v2\/pages\/27683"}],"wp:attachment":[{"href":"https:\/\/umfst.ro\/en\/wp-json\/wp\/v2\/media?parent=429"}],"wp:term":[{"taxonomy":"category","embeddable":true,"href":"https:\/\/umfst.ro\/en\/wp-json\/wp\/v2\/categories?post=429"},{"taxonomy":"post_tag","embeddable":true,"href":"https:\/\/umfst.ro\/en\/wp-json\/wp\/v2\/tags?post=429"}],"curies":[{"name":"wp","href":"https:\/\/api.w.org\/{rel}","templated":true}]}}