{"id":464,"date":"2022-11-13T09:47:04","date_gmt":"2022-11-13T07:47:04","guid":{"rendered":"https:\/\/dev.umfst.ro\/?page_id=464"},"modified":"2024-07-11T10:44:10","modified_gmt":"2024-07-11T07:44:10","slug":"daad-scholarships","status":"publish","type":"page","link":"https:\/\/umfst.ro\/en\/universitate\/relatii-internationale\/alte-programe-internationale\/burse-daad\/","title":{"rendered":"Burse DAAD"},"content":{"rendered":"<div data-elementor-type=\"wp-page\" data-elementor-id=\"464\" class=\"elementor elementor-464\" data-elementor-post-type=\"page\">\n\t\t\t\t\t\t<section class=\"elementor-section elementor-top-section elementor-element elementor-element-2df6dae3 elementor-section-boxed elementor-section-height-default elementor-section-height-default\" data-id=\"2df6dae3\" data-element_type=\"section\" data-e-type=\"section\">\n\t\t\t\t\t\t<div class=\"elementor-container elementor-column-gap-default\">\n\t\t\t\t\t<div class=\"elementor-column elementor-col-100 elementor-top-column elementor-element elementor-element-60fbdff6\" data-id=\"60fbdff6\" data-element_type=\"column\" data-e-type=\"column\">\n\t\t\t<div class=\"elementor-widget-wrap elementor-element-populated\">\n\t\t\t\t\t\t<div class=\"elementor-element elementor-element-30fddc55 elementor-widget elementor-widget-text-editor\" data-id=\"30fddc55\" data-element_type=\"widget\" data-e-type=\"widget\" data-widget_type=\"text-editor.default\">\n\t\t\t\t<div class=\"elementor-widget-container\">\n\t\t\t\t\t\t\t\t\t<p><\/p>\n<header>\n<h2 class=\"wp-block-heading\">Oferta de Burse DAAD pentru anul universitar 2024-2025<\/h2>\n<\/header>\n<p><\/p>\n<p><\/p>\n<p class=\"yiv5476318890MsoNormal\">Serviciul German de Schimb Academic (DAAD) scoate \u0219i \u00een acest an la concurs burse \u00een Germania pentru studen\u021bi, absolven\u021bi, doctoranzi \u0219i cadre didactice din cadrul institu\u021biilor de \u00eenv\u0103\u021b\u0103m\u00e2nt superior \u0219i cercetare din Rom\u00e2nia.<\/p>\n<p class=\"yiv5476318890MsoNormal\">Sunt finan\u021bate <strong>cursuri de limb\u0103<\/strong>, <strong>cursuri de limbaj de specialitate \u0219i civiliza\u021bie german\u0103<\/strong>, <strong>programe de masterat<\/strong> and <strong>stagii de cercetare<\/strong>. De asemenea, v\u0103 aducem la cuno\u0219tin\u021b\u0103, c\u0103 DAAD finan\u021beaz\u0103 programe desf\u0103\u0219urate \u00een <strong>limba german\u0103 \u0219i\/sau \u00een limba englez\u0103<\/strong>.<\/p>\n<p class=\"yiv5476318890MsoNormal\">Oferta complet\u0103 a programelor de burse DAAD Rom\u00e2nia este accesibil\u0103 aici: <strong><a href=\"https:\/\/www.daad.ro\/ro\/gasirea-unui-program-de-finantare\/baza-de-date-cu-oferte-de-burse\/\" target=\"_blank\" rel=\"noopener noreferrer\">https:\/\/www.daad.ro\/ro\/gasirea-unui-program-de-finantare\/baza-de-date-cu-oferte-de-burse\/<\/a><\/strong><\/p>\n<p class=\"yiv5476318890MsoNormal\">Ca \u0219i \u00een anii trecu\u021bi, oferim \u00eempreun\u0103 cu lectorii DAAD din \u021bar\u0103, pe l\u00e2ng\u0103 sesiunile de prezentare fizice, \u0219i mai multe <strong>sesiuni de informare online <\/strong>\u00een limbile rom\u00e2n\u0103, german\u0103 \u0219i englez\u0103. Ne-am bucura dac\u0103 a\u021bi disimina afi\u0219ul cu prezent\u0103rile noastre printre studen\u021bii, doctoranzii \u0219i colegii Dvs. precum \u0219i pe re\u021belele sociale ale universit\u0103\u021bii\/facult\u0103\u021bii.<\/p>\n<p class=\"yiv5476318890MsoNormal\">Link afi\u0219 pe Facebook: <strong><a href=\"https:\/\/www.facebook.com\/photo\/?fbid=714092640747147&amp;set=a.347348124088269\" target=\"_blank\" rel=\"noopener noreferrer\">https:\/\/www.facebook.com\/photo\/?fbid=714092640747147&amp;set=a.347348124088269<\/a><\/strong><\/p>\n<p class=\"yiv5476318890MsoNormal\">Link afi\u0219 pe Instagram: <strong><a href=\"https:\/\/www.instagram.com\/p\/CyN4JxusS-u\/\" target=\"_blank\" rel=\"noopener noreferrer\">https:\/\/www.instagram.com\/p\/CyN4JxusS-u\/<\/a><\/strong><\/p>\n<p><\/p>\t\t\t\t\t\t\t\t<\/div>\n\t\t\t\t<\/div>\n\t\t\t\t<div class=\"elementor-element elementor-element-2d422e2 elementor-widget elementor-widget-text-editor\" data-id=\"2d422e2\" data-element_type=\"widget\" data-e-type=\"widget\" data-widget_type=\"text-editor.default\">\n\t\t\t\t<div class=\"elementor-widget-container\">\n\t\t\t\t\t\t\t\t\t<p><\/p>\n<h2 class=\"wp-block-heading\">BURSE DAAD 2020\/2021<\/h2>\n<p><\/p>\n<p><\/p>\n<p>Serviciul German de Schimb Academic (DAAD) scoate \u0219i \u00een acest an la concurs burse \u00een Germania pentru studen\u021bi, absolven\u021bi, doctoranzi \u0219i cadre didactice din cadrul institu\u021biilor de \u00eenv\u0103\u021b\u0103m\u00e2nt superior \u0219i cercetare din Rom\u00e2nia.<\/p>\n<p><\/p>\n<p><\/p>\n<p>Sunt finan\u021bate cursuri de limb\u0103, cursuri de limbaj de specialitate \u0219i civiliza\u021bie german\u0103, programe de masterat \u0219i stagii de cercetare. Doresc totodat\u0103 s\u0103 v\u0103 atrag aten\u021bia, c\u0103 DAAD finan\u021beaz\u0103 \u0219i programe desf\u0103\u0219urate \u00een\u00a0<strong>limba german\u0103 sau \u00een limba englez\u0103<\/strong>.<\/p>\n<p><\/p>\n<p><\/p>\n<p>Un tabel sinoptic al celor mai importante programe de burse DAAD poate fi consultat la urm\u0103toarea adres\u0103:\u00a0<strong><a href=\"http:\/\/bit.ly\/31XgPjR\" target=\"_blank\" rel=\"noreferrer noopener\">Burse DAAD Rom\u00e2nia 2020\/2021\u00a0<\/a><\/strong>(hyperlink \u00een text)<\/p>\n<p><\/p>\n<p><\/p>\n<p>Oferta complet\u0103 a programelor de burse DAAD Rom\u00e2nia este accesibil\u0103:<\/p>\n<p><\/p>\n<p><\/p>\n<p><a href=\"http:\/\/bit.ly\/burseDAAD20-21\" target=\"_blank\" rel=\"noreferrer noopener\">bit.ly\/burseDAAD20-21<\/a><strong>.<\/strong><\/p>\n<p><\/p>\n<p><\/p>\n<p>Termenele de aplicare pentru stagiile finan\u021bate \u00een anul universitar 2020-2021 sunt trecute \u00een tabel \u00een ultima coloan\u0103.<\/p>\n<p><\/p>\n<p><\/p>\n<p>V\u0103 rog s\u0103 disemina\u021bi aceste informa\u021bii printre studen\u021bii, doctoranzii \u0219i colegii Dvs. mul\u021bumindu-v\u0103, totodat\u0103, \u00een numele Dlui. Michael Jaumann, directorul DAAD Rom\u00e2nia, pentru sprijin \u0219i bun\u0103voin\u021b\u0103.<\/p>\n<p><\/p>\n<p><\/p>\n<p>Cu cele mai bune g\u00e2nduri,<\/p>\n<p><\/p>\n<p><\/p>\n<p>Echipa DAAD<\/p>\n<p><\/p>\n<p><\/p>\n<p><em>Oferta de burse pentru anul universitar 2020\/2021 (hyperlinkuri in text):<\/em><\/p>\n<p><\/p>\n<p><\/p>\n<p><em>Informa\u021bii suplimentare despre condi\u021biile de aplicare, burse \u0219i actele necesare g\u0103si\u021bi acces\u00e2nd\u00a0<\/em><strong><em><a href=\"http:\/\/www.funding-guide.de\/\" target=\"_blank\" rel=\"noreferrer noopener\">www.funding-guide.de<\/a> <\/em><\/strong><em>.<\/em>\u00a0<em>Pentru consiliere personal\u0103<\/em>\u00a0<em>pute\u021bi contacta\u00a0<strong><a href=\"linkTo_UnCryptMailto(%27nbjmup%2BjogpAebbe%5C%2Fsp%27);\">Centrul de Informare DAAD<\/a><\/strong>,\u00a0<strong><a href=\"https:\/\/www.daad.de\/miniwebs\/icbukarest\/ro\/11203\/index.html\" target=\"_blank\" rel=\"noreferrer noopener\">lectorii DAAD\u00a0<\/a><\/strong>din Rom\u00e2nia sau\u00a0<strong><a href=\"http:\/\/www.facebook.com\/DAADRomania\" target=\"_blank\" rel=\"noreferrer noopener\">www.facebook.com\/DAADRomania\u00a0<\/a><\/strong>.\u00a0<\/em><em>Candidaturile la bursele DAAD se depun prin<\/em>\u00a0<strong><em><a href=\"http:\/\/www.funding-guide.de\/\" target=\"_blank\" rel=\"noreferrer noopener\">www.funding-guide.de\u00a0<\/a><\/em><\/strong><em>.<\/em><\/p>\n<p><\/p>\n<p><\/p>\n<h2 class=\"wp-block-heading\">BURSE DAAD 2019\/2020<\/h2>\n<p><\/p>\n<p><\/p>\n<p>Serviciul German de Schimb Academic (DAAD) scoate \u0219i \u00een acest an la concurs burse \u00een Germania pentru studen\u021bi, absolven\u021bi, doctoranzi \u0219i cadre didactice din cadrul institu\u021biilor de \u00eenv\u0103\u021b\u0103m\u00e2nt superior \u0219i cercetare din Rom\u00e2nia.<\/p>\n<p><\/p>\n<p><\/p>\n<p>Sunt finan\u021bate cursuri de limb\u0103, cursuri de limbaj de specialitate \u0219i civiliza\u021bie german\u0103, programe de masterat \u0219i stagii de cercetare. Doresc totodat\u0103 s\u0103 v\u0103 atrag aten\u021bia, c\u0103 DAAD finan\u021beaz\u0103 \u0219i programe desf\u0103\u0219urate \u00een\u00a0<strong>limba german\u0103 sau \u00een limba englez\u0103<\/strong>.<\/p>\n<p><\/p>\n<p><\/p>\n<p>Un tabel sinoptic al celor mai importante programe de burse DAAD poate fi consultat la urm\u0103toarea\u00a0adres\u0103:\u00a0<strong><a href=\"https:\/\/www.daad.de\/imperia\/md\/content\/informationszentren\/ic-bukarest\/stipendien\/rumaenisch\/daad_stipendien_kurz_19-20-ro.pdf\" target=\"_blank\" rel=\"noreferrer noopener\">Burse DAAD Rom\u00e2nia 2019\/2020<\/a><\/strong><\/p>\n<p><\/p>\n<p><\/p>\n<p>Oferta complet\u0103 a programelor de burse DAAD Rom\u00e2nia este accesibil\u0103:\u00a0<strong><a href=\"http:\/\/bit.ly\/burseDAAD19-20\" target=\"_blank\" rel=\"noreferrer noopener\">http:\/\/bit.ly\/burseDAAD19-20<\/a><\/strong><strong>.<\/strong><\/p>\n<p><\/p>\n<p><\/p>\n<p>Termenele de aplicare pentru stagiile finan\u021bate \u00een anul universitar 2019-2020 sunt trecute \u00een tabel \u00een ultima coloan\u0103.<\/p>\n<p><\/p>\t\t\t\t\t\t\t\t<\/div>\n\t\t\t\t<\/div>\n\t\t\t\t\t<\/div>\n\t\t<\/div>\n\t\t\t\t\t<\/div>\n\t\t<\/section>\n\t\t\t\t<\/div>","protected":false},"excerpt":{"rendered":"<p>Oferta de Burse DAAD pentru anul universitar 2024-2025 Serviciul German de Schimb Academic (DAAD) scoate \u0219i \u00een acest an la concurs burse \u00een Germania pentru studen\u021bi, absolven\u021bi, doctoranzi \u0219i cadre didactice din cadrul institu\u021biilor de \u00eenv\u0103\u021b\u0103m\u00e2nt superior \u0219i cercetare din Rom\u00e2nia. Sunt finan\u021bate cursuri de limb\u0103, cursuri de limbaj de specialitate \u0219i civiliza\u021bie german\u0103, programe [&hellip;]<\/p>\n","protected":false},"author":3,"featured_media":0,"parent":27683,"menu_order":0,"comment_status":"closed","ping_status":"closed","template":"","meta":{"_relevanssi_hide_post":"","_relevanssi_hide_content":"","_relevanssi_pin_for_all":"","_relevanssi_pin_keywords":"","_relevanssi_unpin_keywords":"","_relevanssi_related_keywords":"","_relevanssi_related_include_ids":"","_relevanssi_related_exclude_ids":"","_relevanssi_related_no_append":"","_relevanssi_related_not_related":"","_relevanssi_related_posts":"154,150","_relevanssi_noindex_reason":"","footnotes":""},"categories":[16,146],"tags":[],"class_list":["post-464","page","type-page","status-publish","hentry","category-pagina-sidebar","category-pagina-international"],"meta_box":[],"_links":{"self":[{"href":"https:\/\/umfst.ro\/en\/wp-json\/wp\/v2\/pages\/464","targetHints":{"allow":["GET"]}}],"collection":[{"href":"https:\/\/umfst.ro\/en\/wp-json\/wp\/v2\/pages"}],"about":[{"href":"https:\/\/umfst.ro\/en\/wp-json\/wp\/v2\/types\/page"}],"author":[{"embeddable":true,"href":"https:\/\/umfst.ro\/en\/wp-json\/wp\/v2\/users\/3"}],"replies":[{"embeddable":true,"href":"https:\/\/umfst.ro\/en\/wp-json\/wp\/v2\/comments?post=464"}],"version-history":[{"count":7,"href":"https:\/\/umfst.ro\/en\/wp-json\/wp\/v2\/pages\/464\/revisions"}],"predecessor-version":[{"id":15416,"href":"https:\/\/umfst.ro\/en\/wp-json\/wp\/v2\/pages\/464\/revisions\/15416"}],"up":[{"embeddable":true,"href":"https:\/\/umfst.ro\/en\/wp-json\/wp\/v2\/pages\/27683"}],"wp:attachment":[{"href":"https:\/\/umfst.ro\/en\/wp-json\/wp\/v2\/media?parent=464"}],"wp:term":[{"taxonomy":"category","embeddable":true,"href":"https:\/\/umfst.ro\/en\/wp-json\/wp\/v2\/categories?post=464"},{"taxonomy":"post_tag","embeddable":true,"href":"https:\/\/umfst.ro\/en\/wp-json\/wp\/v2\/tags?post=464"}],"curies":[{"name":"wp","href":"https:\/\/api.w.org\/{rel}","templated":true}]}}