{"id":484,"date":"2022-11-13T10:10:12","date_gmt":"2022-11-13T08:10:12","guid":{"rendered":"https:\/\/dev.umfst.ro\/?page_id=484"},"modified":"2025-05-30T10:10:49","modified_gmt":"2025-05-30T07:10:49","slug":"ceipscu","status":"publish","type":"page","link":"https:\/\/umfst.ro\/en\/universitate\/ceipscu\/","title":{"rendered":"Internal Evaluation of Study Programs and University Curriculum Department"},"content":{"rendered":"<div data-elementor-type=\"wp-page\" data-elementor-id=\"484\" class=\"elementor elementor-484\" data-elementor-post-type=\"page\">\n\t\t\t\t\t\t<section class=\"elementor-section elementor-top-section elementor-element elementor-element-fe1afa9 elementor-section-boxed elementor-section-height-default elementor-section-height-default\" data-id=\"fe1afa9\" data-element_type=\"section\" data-e-type=\"section\">\n\t\t\t\t\t\t<div class=\"elementor-container elementor-column-gap-default\">\n\t\t\t\t\t<div class=\"elementor-column elementor-col-50 elementor-top-column elementor-element elementor-element-245c1b8\" data-id=\"245c1b8\" data-element_type=\"column\" data-e-type=\"column\">\n\t\t\t<div class=\"elementor-widget-wrap elementor-element-populated\">\n\t\t\t\t\t\t<div class=\"elementor-element elementor-element-2bca2c3 elementor-widget elementor-widget-text-editor\" data-id=\"2bca2c3\" data-element_type=\"widget\" data-e-type=\"widget\" data-widget_type=\"text-editor.default\">\n\t\t\t\t<div class=\"elementor-widget-container\">\n\t\t\t\t\t\t\t\t\t<p><span style=\"font-size: 10.0pt;font-family: 'Verdana',sans-serif\">The main purpose of Internal Evaluation of Study Programs and University Curriculum Department (CEIPSCU) is to ensure and coordinate the evaluation of the quality of study programs and the implementation of curricular reform measures.<\/span><\/p><p><span style=\"font-size: 10.0pt;font-family: 'Verdana',sans-serif\">The main objectives of CEIPSCU are:<\/span><\/p><ul><li><span style=\"font-size: 10.0pt;font-family: 'Verdana',sans-serif\">checking and validating the discipline sheets, with the identification of overlapping elements in the topics<\/span><\/li><li><span style=\"font-size: 10.0pt;font-family: 'Verdana',sans-serif\">monitoring the way teaching and examination activities are carried out, in compliance with quality standards and the elaboration of methodologies related to these processes<\/span><\/li><li><span style=\"font-size: 10.0pt;font-family: 'Verdana',sans-serif\">evaluating the student examination process.<\/span><\/li><\/ul><p><span style=\"font-size: 10.0pt;font-family: 'Verdana',sans-serif\">\u00a0<\/span><\/p><h2>CEIPSCU MEMBERS<\/h2><p><\/p><p>\u00a0<\/p><p><\/p><table><tbody><tr><td width=\"310\"><p><strong>Name and Surname<\/strong><\/p><\/td><td width=\"408\"><p><strong>Position<\/strong><\/p><\/td><td width=\"212\"><p><strong>Faculty<\/strong><\/p><\/td><\/tr><tr><td width=\"310\"><p>Conf. dr. Grigorescu Bianca-Liana<\/p><\/td><td width=\"408\"><p>CEIPSCU Director<\/p><\/td><td width=\"212\"><p>\u00a0<\/p><\/td><\/tr><tr><td width=\"310\"><p>Conf. dr. Frigy Attila<\/p><\/td><td width=\"408\"><p>CEIPSCU Deputy Director<\/p><\/td><td width=\"212\"><p>\u00a0<\/p><\/td><\/tr><tr><td width=\"310\"><p>Conf. dr. Ianosi Edith Simona<\/p><\/td><td width=\"408\"><p>Coordinator Curricular Office MF \u2013 clinical<\/p><\/td><td width=\"212\"><p>Medicine<\/p><\/td><\/tr><tr><td width=\"310\"><p>Prof. dr. Man Adrian<\/p><\/td><td width=\"408\"><p>Coordinator Curricular Office MF \u2013 preclinical<\/p><\/td><td width=\"212\"><p>Medicine<\/p><\/td><\/tr><tr><td width=\"310\"><p>\u015eef lucr. dr. Ciurea Cristina-Nicoleta<\/p><\/td><td width=\"408\"><p>CEIPSCU Member, preclinical<\/p><\/td><td width=\"212\"><p>Medicine<\/p><\/td><\/tr><tr><td width=\"310\"><p>\u015eef lucr. dr. Macarie Melania<\/p><\/td><td width=\"408\"><p>CEIPSCU Member, ND responsible<\/p><\/td><td width=\"212\"><p>Medicine<\/p><\/td><\/tr><tr><td width=\"310\"><p>\u015eef lucr. dr. Solyom Arpad<\/p><\/td><td width=\"408\"><p>CEIPSCU Member, BFK responsible<\/p><\/td><td width=\"212\"><p>Medicine<\/p><\/td><\/tr><tr><td width=\"310\"><p>\u015eef lucr. dr. Fodor Stefania-Raluca<\/p><\/td><td width=\"408\"><p>CEIPSCU Member, AMG responsible<\/p><\/td><td width=\"212\"><p>Medicine<\/p><\/td><\/tr><tr><td width=\"310\"><p>Prof. dr. Bac\u00e2rea Anca<\/p><\/td><td width=\"408\"><p>Coordinator Curricular Office Masterat MF, CEIPSCU Member<\/p><\/td><td width=\"212\"><p>Medicine<\/p><\/td><\/tr><tr><td width=\"310\"><p>Prof. dr. Ciurba Adriana-Daniela<\/p><\/td><td width=\"408\"><p>Coordinator Pharmacy Field<\/p><\/td><td width=\"212\"><p>Pharmacy<\/p><\/td><\/tr><tr><td width=\"310\"><p>\u015eef lucr. dr. Kov\u00e1cs B\u00e9la<\/p><\/td><td width=\"408\"><p>CEIPSCU Member<\/p><\/td><td width=\"212\"><p>Pharmacy<\/p><\/td><\/tr><tr><td width=\"310\"><p>\u015eef lucr. dr. Laz\u0103r Ana-Petra<\/p><\/td><td width=\"408\"><p>CEIPSCU Member<\/p><\/td><td width=\"212\"><p>Dental Medicine<\/p><\/td><\/tr><tr><td width=\"310\"><p>\u015eef lucr. dr. Bardocz-Veres Zsuzsanna<\/p><\/td><td width=\"408\"><p>CEIPSCU Member<\/p><\/td><td width=\"212\"><p>Dental Medicine<\/p><\/td><\/tr><tr><td width=\"310\"><p>Conf. dr. Marian Br\u00eendu\u0219a<\/p><\/td><td width=\"408\"><p>Coordinator Curricular Office ST<\/p><\/td><td width=\"212\"><p>Science and Technology field<\/p><\/td><\/tr><tr><td width=\"310\"><p>Prof. dr. ing. Bic\u0103 Dorin<\/p><\/td><td width=\"408\"><p>Coordinator Curricular Office Master ST<\/p><\/td><td width=\"212\"><p>Science and Technology field<\/p><\/td><\/tr><tr><td width=\"310\"><p>Prof. dr. Void\u0103zan Toader-Septimiu<\/p><\/td><td width=\"408\"><p>Coordinator Statistical Analysis Office<\/p><\/td><td width=\"212\"><p>\u00a0<\/p><\/td><\/tr><tr><td width=\"310\"><p>Conf. dr. Pop Raluca-Monica<\/p><\/td><td width=\"408\"><p>CEIPSCU Member, Statistical Analysis Office<\/p><\/td><td width=\"212\"><p><strong>\u00a0<\/strong><\/p><\/td><\/tr><\/tbody><\/table><p><\/p>\t\t\t\t\t\t\t\t<\/div>\n\t\t\t\t<\/div>\n\t\t\t\t\t<\/div>\n\t\t<\/div>\n\t\t\t\t<div class=\"elementor-column elementor-col-50 elementor-top-column elementor-element elementor-element-ffefe45\" data-id=\"ffefe45\" data-element_type=\"column\" data-e-type=\"column\">\n\t\t\t<div class=\"elementor-widget-wrap elementor-element-populated\">\n\t\t\t\t\t\t<section class=\"elementor-section elementor-inner-section elementor-element elementor-element-d11bdbd elementor-section-boxed elementor-section-height-default elementor-section-height-default\" data-id=\"d11bdbd\" data-element_type=\"section\" data-e-type=\"section\">\n\t\t\t\t\t\t<div class=\"elementor-container elementor-column-gap-default\">\n\t\t\t\t\t<div data-dce-background-color=\"#F2F7FF\" class=\"elementor-column elementor-col-100 elementor-inner-column elementor-element elementor-element-8e4872f\" data-id=\"8e4872f\" data-element_type=\"column\" data-e-type=\"column\" data-settings=\"{&quot;background_background&quot;:&quot;classic&quot;}\">\n\t\t\t<div class=\"elementor-widget-wrap elementor-element-populated\">\n\t\t\t\t\t\t<div class=\"elementor-element elementor-element-f9fa2db elementor-widget elementor-widget-heading\" data-id=\"f9fa2db\" data-element_type=\"widget\" data-e-type=\"widget\" data-widget_type=\"heading.default\">\n\t\t\t\t<div class=\"elementor-widget-container\">\n\t\t\t\t\t<h5 class=\"elementor-heading-title elementor-size-default\">Contact<\/h5>\t\t\t\t<\/div>\n\t\t\t\t<\/div>\n\t\t\t\t<div class=\"elementor-element elementor-element-e541250 elementor-widget-divider--view-line elementor-widget elementor-widget-divider\" data-id=\"e541250\" data-element_type=\"widget\" data-e-type=\"widget\" data-widget_type=\"divider.default\">\n\t\t\t\t<div class=\"elementor-widget-container\">\n\t\t\t\t\t\t\t<div class=\"elementor-divider\">\n\t\t\t<span class=\"elementor-divider-separator\">\n\t\t\t\t\t\t<\/span>\n\t\t<\/div>\n\t\t\t\t\t\t<\/div>\n\t\t\t\t<\/div>\n\t\t\t\t<div class=\"elementor-element elementor-element-c739f94 elementor-widget elementor-widget-icon-box\" data-id=\"c739f94\" data-element_type=\"widget\" data-e-type=\"widget\" data-widget_type=\"icon-box.default\">\n\t\t\t\t<div class=\"elementor-widget-container\">\n\t\t\t\t\t\t\t<div class=\"elementor-icon-box-wrapper\">\n\n\t\t\t\n\t\t\t\t\t\t<div class=\"elementor-icon-box-content\">\n\n\t\t\t\t\t\t\t\t\t<h3 class=\"elementor-icon-box-title\">\n\t\t\t\t\t\t<span  >\n\t\t\t\t\t\t\tAddress\t\t\t\t\t\t<\/span>\n\t\t\t\t\t<\/h3>\n\t\t\t\t\n\t\t\t\t\t\t\t\t\t<p class=\"elementor-icon-box-description\">\n\t\t\t\t\t\tStr. Gheorghe Marinescu Nr. 38 <br>\nT\u00e2rgu Mure\u0219, 540142\nRom\u00e2nia\n\n\n\n\t\t\t\t\t<\/p>\n\t\t\t\t\n\t\t\t<\/div>\n\t\t\t\n\t\t<\/div>\n\t\t\t\t\t\t<\/div>\n\t\t\t\t<\/div>\n\t\t\t\t<div class=\"elementor-element elementor-element-2a6e7d9 elementor-widget elementor-widget-icon-box\" data-id=\"2a6e7d9\" data-element_type=\"widget\" data-e-type=\"widget\" data-widget_type=\"icon-box.default\">\n\t\t\t\t<div class=\"elementor-widget-container\">\n\t\t\t\t\t\t\t<div class=\"elementor-icon-box-wrapper\">\n\n\t\t\t\n\t\t\t\t\t\t<div class=\"elementor-icon-box-content\">\n\n\t\t\t\t\t\t\t\t\t<h3 class=\"elementor-icon-box-title\">\n\t\t\t\t\t\t<span  >\n\t\t\t\t\t\t\tSecretariat\t\t\t\t\t\t<\/span>\n\t\t\t\t\t<\/h3>\n\t\t\t\t\n\t\t\t\t\t\t\t\t\t<p class=\"elementor-icon-box-description\">\n\t\t\t\t\t\tGu\u021b\u0103 Ioana\n\n\n\n\t\t\t\t\t<\/p>\n\t\t\t\t\n\t\t\t<\/div>\n\t\t\t\n\t\t<\/div>\n\t\t\t\t\t\t<\/div>\n\t\t\t\t<\/div>\n\t\t\t\t<div class=\"elementor-element elementor-element-6ad380e elementor-widget elementor-widget-icon-box\" data-id=\"6ad380e\" data-element_type=\"widget\" data-e-type=\"widget\" data-widget_type=\"icon-box.default\">\n\t\t\t\t<div class=\"elementor-widget-container\">\n\t\t\t\t\t\t\t<div class=\"elementor-icon-box-wrapper\">\n\n\t\t\t\n\t\t\t\t\t\t<div class=\"elementor-icon-box-content\">\n\n\t\t\t\t\t\t\t\t\t<h3 class=\"elementor-icon-box-title\">\n\t\t\t\t\t\t<span  >\n\t\t\t\t\t\t\tE-mail\t\t\t\t\t\t<\/span>\n\t\t\t\t\t<\/h3>\n\t\t\t\t\n\t\t\t\t\t\t\t\t\t<p class=\"elementor-icon-box-description\">\n\t\t\t\t\t\tceipscu@umfst.ro\n\t\t\t\t\t<\/p>\n\t\t\t\t\n\t\t\t<\/div>\n\t\t\t\n\t\t<\/div>\n\t\t\t\t\t\t<\/div>\n\t\t\t\t<\/div>\n\t\t\t\t<div class=\"elementor-element elementor-element-0796654 elementor-widget elementor-widget-icon-box\" data-id=\"0796654\" data-element_type=\"widget\" data-e-type=\"widget\" data-widget_type=\"icon-box.default\">\n\t\t\t\t<div class=\"elementor-widget-container\">\n\t\t\t\t\t\t\t<div class=\"elementor-icon-box-wrapper\">\n\n\t\t\t\n\t\t\t\t\t\t<div class=\"elementor-icon-box-content\">\n\n\t\t\t\t\t\t\t\t\t<h3 class=\"elementor-icon-box-title\">\n\t\t\t\t\t\t<span  >\n\t\t\t\t\t\t\tPhone\t\t\t\t\t\t<\/span>\n\t\t\t\t\t<\/h3>\n\t\t\t\t\n\t\t\t\t\t\t\t\t\t<p class=\"elementor-icon-box-description\">\n\t\t\t\t\t\t+40-265-215.551, int. 228\t\t\t\t\t<\/p>\n\t\t\t\t\n\t\t\t<\/div>\n\t\t\t\n\t\t<\/div>\n\t\t\t\t\t\t<\/div>\n\t\t\t\t<\/div>\n\t\t\t\t\t<\/div>\n\t\t<\/div>\n\t\t\t\t\t<\/div>\n\t\t<\/section>\n\t\t\t\t\t<\/div>\n\t\t<\/div>\n\t\t\t\t\t<\/div>\n\t\t<\/section>\n\t\t\t\t<section class=\"elementor-section elementor-top-section elementor-element elementor-element-e1500c4 elementor-hidden-widescreen elementor-hidden-desktop elementor-hidden-tablet elementor-hidden-mobile elementor-section-boxed elementor-section-height-default elementor-section-height-default\" data-id=\"e1500c4\" data-element_type=\"section\" data-e-type=\"section\">\n\t\t\t\t\t\t<div class=\"elementor-container elementor-column-gap-default\">\n\t\t\t\t\t<div class=\"elementor-column elementor-col-100 elementor-top-column elementor-element elementor-element-0706f99\" data-id=\"0706f99\" data-element_type=\"column\" data-e-type=\"column\">\n\t\t\t<div class=\"elementor-widget-wrap elementor-element-populated\">\n\t\t\t\t\t\t<div data-dce-background-color=\"#2359B317\" class=\"elementor-element elementor-element-dded3e6 elementor-widget__width-auto elementor-widget elementor-widget-button\" data-id=\"dded3e6\" data-element_type=\"widget\" data-e-type=\"widget\" data-widget_type=\"button.default\">\n\t\t\t\t<div class=\"elementor-widget-container\">\n\t\t\t\t\t\t\t\t\t<div class=\"elementor-button-wrapper\">\n\t\t\t\t\t<a class=\"elementor-button elementor-button-link elementor-size-sm\" href=\"https:\/\/www.umfst.ro\/fileadmin\/documente_oficiale\/regulamente\/UMFST-REG-86.pdf\" target=\"_blank\">\n\t\t\t\t\t\t<span class=\"elementor-button-content-wrapper\">\n\t\t\t\t\t\t<span class=\"elementor-button-icon\">\n\t\t\t\t<i aria-hidden=\"true\" class=\"fas fa-file-download\"><\/i>\t\t\t<\/span>\n\t\t\t\t\t\t\t\t\t<span class=\"elementor-button-text\">Regulament<\/span>\n\t\t\t\t\t<\/span>\n\t\t\t\t\t<\/a>\n\t\t\t\t<\/div>\n\t\t\t\t\t\t\t\t<\/div>\n\t\t\t\t<\/div>\n\t\t\t\t<div data-dce-background-color=\"#2359B317\" class=\"elementor-element elementor-element-4ea1c9e elementor-widget__width-auto elementor-widget elementor-widget-button\" data-id=\"4ea1c9e\" data-element_type=\"widget\" data-e-type=\"widget\" data-widget_type=\"button.default\">\n\t\t\t\t<div class=\"elementor-widget-container\">\n\t\t\t\t\t\t\t\t\t<div class=\"elementor-button-wrapper\">\n\t\t\t\t\t<a class=\"elementor-button elementor-button-link elementor-size-sm\" href=\"https:\/\/www.umfst.ro\/fileadmin\/ceipscu\/Organigrama_CEIPSCU.pdf\" target=\"_blank\">\n\t\t\t\t\t\t<span class=\"elementor-button-content-wrapper\">\n\t\t\t\t\t\t<span class=\"elementor-button-icon\">\n\t\t\t\t<i aria-hidden=\"true\" class=\"fas fa-file-download\"><\/i>\t\t\t<\/span>\n\t\t\t\t\t\t\t\t\t<span class=\"elementor-button-text\">Organigram\u0103<\/span>\n\t\t\t\t\t<\/span>\n\t\t\t\t\t<\/a>\n\t\t\t\t<\/div>\n\t\t\t\t\t\t\t\t<\/div>\n\t\t\t\t<\/div>\n\t\t\t\t<div data-dce-background-color=\"#2359B317\" class=\"elementor-element elementor-element-ef01606 elementor-widget__width-auto elementor-widget elementor-widget-button\" data-id=\"ef01606\" data-element_type=\"widget\" data-e-type=\"widget\" data-widget_type=\"button.default\">\n\t\t\t\t<div class=\"elementor-widget-container\">\n\t\t\t\t\t\t\t\t\t<div class=\"elementor-button-wrapper\">\n\t\t\t\t\t<a class=\"elementor-button elementor-button-link elementor-size-sm\" href=\"https:\/\/www.umfst.ro\/fileadmin\/documente_oficiale\/alte_doc\/Plan_operational_CEIPSCU_2024.pdf\" target=\"_blank\">\n\t\t\t\t\t\t<span class=\"elementor-button-content-wrapper\">\n\t\t\t\t\t\t<span class=\"elementor-button-icon\">\n\t\t\t\t<i aria-hidden=\"true\" class=\"fas fa-file-download\"><\/i>\t\t\t<\/span>\n\t\t\t\t\t\t\t\t\t<span class=\"elementor-button-text\">Plan opera\u021bional<\/span>\n\t\t\t\t\t<\/span>\n\t\t\t\t\t<\/a>\n\t\t\t\t<\/div>\n\t\t\t\t\t\t\t\t<\/div>\n\t\t\t\t<\/div>\n\t\t\t\t\t<\/div>\n\t\t<\/div>\n\t\t\t\t\t<\/div>\n\t\t<\/section>\n\t\t\t\t<section class=\"elementor-section elementor-top-section elementor-element elementor-element-c82972f elementor-section-boxed elementor-section-height-default elementor-section-height-default\" data-id=\"c82972f\" data-element_type=\"section\" data-e-type=\"section\">\n\t\t\t\t\t\t<div class=\"elementor-container elementor-column-gap-default\">\n\t\t\t\t\t<div class=\"elementor-column elementor-col-100 elementor-top-column elementor-element elementor-element-8829194\" data-id=\"8829194\" data-element_type=\"column\" data-e-type=\"column\">\n\t\t\t<div class=\"elementor-widget-wrap elementor-element-populated\">\n\t\t\t\t\t\t<div class=\"elementor-element elementor-element-8ecf9d1 elementor-widget elementor-widget-text-editor\" data-id=\"8ecf9d1\" data-element_type=\"widget\" data-e-type=\"widget\" data-widget_type=\"text-editor.default\">\n\t\t\t\t<div class=\"elementor-widget-container\">\n\t\t\t\t\t<style>.elementor-element-8ecf9d1{display:none !important}<\/style>\t\t\t\t<\/div>\n\t\t\t\t<\/div>\n\t\t\t\t\t<\/div>\n\t\t<\/div>\n\t\t\t\t\t<\/div>\n\t\t<\/section>\n\t\t\t\t<section class=\"elementor-section elementor-top-section elementor-element elementor-element-453a6cc elementor-section-boxed elementor-section-height-default elementor-section-height-default\" data-id=\"453a6cc\" data-element_type=\"section\" data-e-type=\"section\">\n\t\t\t\t\t\t<div class=\"elementor-container elementor-column-gap-default\">\n\t\t\t\t\t<div class=\"elementor-column elementor-col-100 elementor-top-column elementor-element elementor-element-5a1badb\" data-id=\"5a1badb\" data-element_type=\"column\" data-e-type=\"column\">\n\t\t\t<div class=\"elementor-widget-wrap elementor-element-populated\">\n\t\t\t\t\t\t<div class=\"elementor-element elementor-element-7241609 elementor-widget elementor-widget-text-editor\" data-id=\"7241609\" data-element_type=\"widget\" data-e-type=\"widget\" data-widget_type=\"text-editor.default\">\n\t\t\t\t<div class=\"elementor-widget-container\">\n\t\t\t\t\t<style>.elementor-element-7241609{display:none !important}<\/style>\t\t\t\t<\/div>\n\t\t\t\t<\/div>\n\t\t\t\t<div data-dce-background-color=\"#2359B317\" class=\"elementor-element elementor-element-04bb4f4 elementor-widget__width-auto elementor-widget elementor-widget-button\" data-id=\"04bb4f4\" data-element_type=\"widget\" data-e-type=\"widget\" data-widget_type=\"button.default\">\n\t\t\t\t<div class=\"elementor-widget-container\">\n\t\t\t\t\t<style>.elementor-element-04bb4f4{display:none !important}<\/style>\t\t\t\t<\/div>\n\t\t\t\t<\/div>\n\t\t\t\t<div data-dce-background-color=\"#2359B317\" class=\"elementor-element elementor-element-c23a756 elementor-widget__width-auto elementor-widget elementor-widget-button\" data-id=\"c23a756\" data-element_type=\"widget\" data-e-type=\"widget\" data-widget_type=\"button.default\">\n\t\t\t\t<div class=\"elementor-widget-container\">\n\t\t\t\t\t<style>.elementor-element-c23a756{display:none !important}<\/style>\t\t\t\t<\/div>\n\t\t\t\t<\/div>\n\t\t\t\t<div data-dce-background-color=\"#2359B317\" class=\"elementor-element elementor-element-b5aca10 elementor-widget__width-auto elementor-widget elementor-widget-button\" data-id=\"b5aca10\" data-element_type=\"widget\" data-e-type=\"widget\" data-widget_type=\"button.default\">\n\t\t\t\t<div class=\"elementor-widget-container\">\n\t\t\t\t\t<style>.elementor-element-b5aca10{display:none !important}<\/style>\t\t\t\t<\/div>\n\t\t\t\t<\/div>\n\t\t\t\t<div data-dce-background-color=\"#2359B317\" class=\"elementor-element elementor-element-cd0e4e9 elementor-widget__width-auto elementor-widget elementor-widget-button\" data-id=\"cd0e4e9\" data-element_type=\"widget\" data-e-type=\"widget\" data-widget_type=\"button.default\">\n\t\t\t\t<div class=\"elementor-widget-container\">\n\t\t\t\t\t<style>.elementor-element-cd0e4e9{display:none !important}<\/style>\t\t\t\t<\/div>\n\t\t\t\t<\/div>\n\t\t\t\t<div data-dce-background-color=\"#2359B317\" class=\"elementor-element elementor-element-7241e58 elementor-widget__width-auto elementor-widget elementor-widget-button\" data-id=\"7241e58\" data-element_type=\"widget\" data-e-type=\"widget\" data-widget_type=\"button.default\">\n\t\t\t\t<div class=\"elementor-widget-container\">\n\t\t\t\t\t<style>.elementor-element-7241e58{display:none !important}<\/style>\t\t\t\t<\/div>\n\t\t\t\t<\/div>\n\t\t\t\t<div data-dce-background-color=\"#2359B317\" class=\"elementor-element elementor-element-7ff7ef6 elementor-widget__width-auto elementor-hidden-widescreen elementor-hidden-desktop elementor-hidden-tablet elementor-hidden-mobile elementor-widget elementor-widget-button\" data-id=\"7ff7ef6\" data-element_type=\"widget\" data-e-type=\"widget\" data-widget_type=\"button.default\">\n\t\t\t\t<div class=\"elementor-widget-container\">\n\t\t\t\t\t<style>.elementor-element-7ff7ef6{display:none !important}<\/style>\t\t\t\t<\/div>\n\t\t\t\t<\/div>\n\t\t\t\t\t<\/div>\n\t\t<\/div>\n\t\t\t\t\t<\/div>\n\t\t<\/section>\n\t\t\t\t<\/div>","protected":false},"excerpt":{"rendered":"<p>Scopul principal al CEIPSCU este de a asigura \u0219i coordona evaluarea calit\u0103\u021bii programelor de studii \u0219i implementarea m\u0103surilor de reform\u0103 curricular\u0103. Principalele obiective ale CEIPSCU sunt: verificarea \u0219i validarea fi\u0219elor de disciplin\u0103, cu identificarea elementelor de suprapunere \u00een tematici monitorizarea modului de desf\u0103\u0219urare a activit\u0103\u021bii didactice de predare \u0219i examinare, cu respectarea standardelor de calitate [&hellip;]<\/p>\n","protected":false},"author":3,"featured_media":0,"parent":83,"menu_order":14,"comment_status":"closed","ping_status":"closed","template":"","meta":{"_relevanssi_hide_post":"","_relevanssi_hide_content":"","_relevanssi_pin_for_all":"","_relevanssi_pin_keywords":"","_relevanssi_unpin_keywords":"","_relevanssi_related_keywords":"","_relevanssi_related_include_ids":"","_relevanssi_related_exclude_ids":"","_relevanssi_related_no_append":"","_relevanssi_related_not_related":"","_relevanssi_related_posts":"150,154","_relevanssi_noindex_reason":"","footnotes":""},"categories":[16],"tags":[],"class_list":["post-484","page","type-page","status-publish","hentry","category-pagina-sidebar"],"meta_box":[],"_links":{"self":[{"href":"https:\/\/umfst.ro\/en\/wp-json\/wp\/v2\/pages\/484","targetHints":{"allow":["GET"]}}],"collection":[{"href":"https:\/\/umfst.ro\/en\/wp-json\/wp\/v2\/pages"}],"about":[{"href":"https:\/\/umfst.ro\/en\/wp-json\/wp\/v2\/types\/page"}],"author":[{"embeddable":true,"href":"https:\/\/umfst.ro\/en\/wp-json\/wp\/v2\/users\/3"}],"replies":[{"embeddable":true,"href":"https:\/\/umfst.ro\/en\/wp-json\/wp\/v2\/comments?post=484"}],"version-history":[{"count":129,"href":"https:\/\/umfst.ro\/en\/wp-json\/wp\/v2\/pages\/484\/revisions"}],"predecessor-version":[{"id":40197,"href":"https:\/\/umfst.ro\/en\/wp-json\/wp\/v2\/pages\/484\/revisions\/40197"}],"up":[{"embeddable":true,"href":"https:\/\/umfst.ro\/en\/wp-json\/wp\/v2\/pages\/83"}],"wp:attachment":[{"href":"https:\/\/umfst.ro\/en\/wp-json\/wp\/v2\/media?parent=484"}],"wp:term":[{"taxonomy":"category","embeddable":true,"href":"https:\/\/umfst.ro\/en\/wp-json\/wp\/v2\/categories?post=484"},{"taxonomy":"post_tag","embeddable":true,"href":"https:\/\/umfst.ro\/en\/wp-json\/wp\/v2\/tags?post=484"}],"curies":[{"name":"wp","href":"https:\/\/api.w.org\/{rel}","templated":true}]}}