{"id":659,"date":"2022-11-15T12:30:13","date_gmt":"2022-11-15T10:30:13","guid":{"rendered":"https:\/\/dev.umfst.ro\/?page_id=659"},"modified":"2025-10-24T15:13:57","modified_gmt":"2025-10-24T12:13:57","slug":"news","status":"publish","type":"page","link":"https:\/\/umfst.ro\/en\/universitate\/cercetare\/noutati\/","title":{"rendered":"News"},"content":{"rendered":"<div data-elementor-type=\"wp-page\" data-elementor-id=\"659\" class=\"elementor elementor-659\" data-elementor-post-type=\"page\">\n\t\t\t\t\t\t<section class=\"elementor-section elementor-top-section elementor-element elementor-element-98dfc07 elementor-section-boxed elementor-section-height-default elementor-section-height-default\" data-id=\"98dfc07\" data-element_type=\"section\" data-e-type=\"section\">\n\t\t\t\t\t\t<div class=\"elementor-container elementor-column-gap-default\">\n\t\t\t\t\t<div class=\"elementor-column elementor-col-100 elementor-top-column elementor-element elementor-element-b612d07\" data-id=\"b612d07\" data-element_type=\"column\" data-e-type=\"column\">\n\t\t\t<div class=\"elementor-widget-wrap elementor-element-populated\">\n\t\t\t\t\t\t<div class=\"elementor-element elementor-element-049d748 elementor-widget elementor-widget-text-editor\" data-id=\"049d748\" data-element_type=\"widget\" data-e-type=\"widget\" data-widget_type=\"text-editor.default\">\n\t\t\t\t<div class=\"elementor-widget-container\">\n\t\t\t\t\t\t\t\t\t<h2 role=\"heading\" data-uw-rm-heading=\"level\">Apel 2025<\/h2><p>Universitatea de Medicin\u0103, Farmacie, \u0218tiin\u021be \u0219i Tehnologie \u201eGeorge Emil Palade\u201d din T\u00e2rgu Mure\u015f recompenseaz\u0103 excelen\u0163a \u00een cercetarea \u015ftiin\u0163ific\u0103 dup\u0103 cum urmeaz\u0103:<\/p><p><span style=\"color: #993366\"><strong>Pentru domeniul S\u0103n\u0103tate:<\/strong><\/span><\/p><ol><li><strong> Premiul destinat cadrului didactic titular din universitate care a ob\u021binut \u00een anul calendaristic 2025:<br \/><\/strong>\u2022 factorul de impact cumulat cel mai mare;<br \/>\u2022 doar din pozi\u021bia de prim autor (NU \u015fi coautor, autor corespondent, ultim autor);<br \/>\u2022 cu afiliere institu\u021bional\u0103 la UMFST G.E. Palade T\u00e2rgu Mure\u0219;<br \/>\u2022 prin publicarea in extenso \u00een reviste de prestigiu a unor articole \u015ftiin\u0163ifice \u0219i care nu a mai c\u00e2\u0219tigat acest premiu \u00een ultimii 2 ani.<\/li><\/ol><p>Se iau \u00een considerare doar articolele indexate pe platforma WOS \u00een anul 2025.<\/p><p>\u00a0<\/p><ol start=\"2\"><li><strong> Premiul destinat unui cadru didactic titular din universitate cu v\u00e2rsta de p\u00e2n\u0103 \u00een 35 de ani (la data depunerii dosarului de candidatur\u0103) care a ob\u021binut \u00een anul calendaristic 2025:<br \/><\/strong>\u2022 factorul de impact cumulat cel mai ridicat;<br \/>\u2022 doar din pozi\u021bia de prim autor (NU \u015fi coautor, autor corespondent, ultim autor);<br \/>\u2022 cu afiliere institu\u021bional\u0103 la UMFST G.E. Palade T\u00e2rgu Mure\u0219;<br \/>\u2022 prin publicarea in extenso \u00een reviste de prestigiu a unor articole \u015ftiin\u0163ifice \u0219i care nu a mai c\u00e2\u0219tigat acest premiu \u00een ultimii 2 ani.<\/li><\/ol><p>Se iau \u00een considerare doar articolele indexate pe platforma WOS \u00een anul 2025.<\/p><p><strong>Pentru acordarea premiilor de excelen\u021b\u0103 \u00een domeniul S\u0103n\u0103tate se poate candida la o singur\u0103 categorie.<\/strong><\/p><p>\u00a0<\/p><p><span style=\"color: #993366\"><span style=\"font-weight: bolder\">Pentru domeniile \u0218tiin\u021be \u0219i Tehnologie:<\/span><\/span><\/p><p><strong>Premiul destinat unui cadru didactic titular din universitate care a ob\u021binut cel mai mare punctaj \u00een anul 2025<\/strong>, conform urm\u0103toarelor criterii:<\/p><ul><li>Lucr\u0103ri publicate \u00een reviste clasificate ISI \u00een zona ro\u0219ie \u2013 12 puncte (articolul este indexat pe platforma WOS \u00een anul 2025);<br \/>\u2022 Lucr\u0103ri publicate \u00een reviste clasificate ISI \u00een zona galben\u0103 \u2013 8 puncte (articolul este indexat pe platforma WOS \u00een anul 2025);<br \/>\u2022 Lucr\u0103ri publicate \u00een reviste clasificate ISI \u00een zona alb\u0103 \u2013 4 puncte (articolul este indexat pe platforma WOS \u00een anul 2025);<br \/>\u2022 Brevete de inven\u021bie, UMFST G.E. Palade T\u00e2rgu Mure\u0219 \u00een calitate de titular al inven\u021biei \u2013 24 puncte\/brevet.<\/li><\/ul><p>Cadrul didactic nu a mai c\u00e2\u0219tigat acest premiu \u00een ultimii 2 ani.<\/p><p>Rezultatele publicate \u00een comun se \u00eempart \u00een mod egal la num\u0103rul de autori.<\/p><p>Premiile constau \u00een finan\u021barea de c\u0103tre universitate \u00een anul 2026 a particip\u0103rii la o manifestare \u0219tiin\u021bific\u0103 interna\u021bional\u0103 (taxa de participare, transport, cazare)\u00a0<strong>\u0219i\/sau\u00a0<\/strong>finan\u021barea taxei de publicare a unui articol indexat Web of Science \u00een cuantum de max.\u00a0<strong>1000 Euro<\/strong>.<\/p><p><strong>Nu se pot cumula premiile de excelen\u021b\u0103 acordate de c\u0103tre IOSUD cu premiile acordate prin aceast\u0103 competi\u021bie.<\/strong><\/p><p>Dosarele de candidatur\u0103 se depun la Registratura universit\u0103\u021bii (\u00eempreun\u0103 cu documentele justificative) p\u00e2n\u0103 la data de\u00a0<strong>20 noiembrie 2025\u00a0<\/strong>(inclusiv).<\/p><p>\u00a0<\/p><h2>Apel 2024<\/h2><p>Universitatea de Medicin\u0103, Farmacie, \u0218tiin\u021be \u0219i Tehnologie \u201eGeorge Emil Palade\u201d din T\u00e2rgu Mure\u015f recompenseaz\u0103 excelen\u0163a \u00een cercetarea \u015ftiin\u0163ific\u0103 dup\u0103 cum urmeaz\u0103:<\/p><p><span style=\"color: #993366\"><strong>Pentru domeniul S\u0103n\u0103tate:<\/strong><\/span><\/p><ol><li><strong>Premiul destinat cadrului didactic titular din universitate care a ob\u021binut \u00een anul calendaristic 2024:<\/strong><strong><br \/><\/strong>\u2022 factorul de impact cumulat cel mai mare;<br \/>\u2022 doar din pozi\u021bia de prim autor (NU \u015fi coautor, autor corespondent, ultim autor);<br \/>\u2022 cu afiliere institu\u021bional\u0103 UMFST;<br \/>\u2022 prin publicarea in extenso \u00een reviste de prestigiu a unor articole \u015ftiin\u0163ifice \u0219i care nu a mai c\u00e2\u0219tigat acest premiu \u00een ultimii 2 ani.<\/li><li><strong>Premiul destinat unui cadru didactic\u00a0titular din universitate cu v\u00e2rsta de p\u00e2n\u0103 \u00een 35 de ani (la data depunerii dosarului de candidatur\u0103) care a ob\u021binut \u00een anul calendaristic 2024:<\/strong><strong><br \/><\/strong>\u2022 factorul de impact cumulat cel mai ridicat;<br \/>\u2022 doar din pozi\u021bia de prim autor (NU \u015fi coautor, autor corespondent, ultim autor);<br \/>\u2022 cu afiliere institu\u021bional\u0103 UMFST;<br \/>\u2022 prin publicarea in extenso \u00een reviste de prestigiu a unor articole \u015ftiin\u0163ifice \u0219i care nu a mai c\u00e2\u0219tigat acest premiu \u00een ultimii 2 ani.<\/li><\/ol><p><span style=\"color: #993366\"><strong>Pentru domeniile \u0218tiin\u021be \u0219i Tehnologie:<\/strong><\/span><\/p><p><strong>Premiul destinat unui cadru didactic titular din universitate care a ob\u021binut cel mai mare punctaj \u00een anul 2024<\/strong>, conform urm\u0103toarelor criterii:<\/p><ul><li>Lucr\u0103ri publicate \u00een reviste clasificate ISI \u00een zona ro\u0219ie \u2013 12 puncte (articolul este indexat pe platforma WOS \u00een anul 2024);<br \/>\u2022 Lucr\u0103ri publicate \u00een reviste clasificate ISI \u00een zona galben\u0103 \u2013 8 puncte (articolul este indexat pe platforma WOS \u00een anul 2024);<br \/>\u2022 Lucr\u0103ri publicate \u00een reviste clasificate ISI \u00een zona alb\u0103 \u2013 4 puncte (articolul este indexat pe platforma WOS \u00een anul 2024);<br \/>\u2022 Brevete de inven\u021bie \u2013 24 puncte\/brevet.<\/li><\/ul><p>Cadrul didactic nu a mai castigat acest premiu in ultimii 2 ani.<\/p><p>Rezultatele publicate \u00een comun se \u00eempart \u00een mod egal la num\u0103rul de autori.<\/p><p>Premiile constau \u00een finan\u021barea de c\u0103tre universitate \u00een anul 2025 a particip\u0103rii la un congres \u0219tiin\u021bific interna\u021bional (taxa de participare, transport, cazare)\u00a0<strong>\u0219i\/sau\u00a0<\/strong>finan\u021barea taxei de publicare a unui articol indexat Web of Science \u00een cuantum de max.\u00a0<strong>1000 Euro<\/strong>.<\/p><p>Dosarele de candidatur\u0103 se depun la Registratura universit\u0103\u021bii (\u00eempreun\u0103 cu documentele justificative) p\u00e2n\u0103 la data de\u00a0<strong>22\u00a0noiembrie 2024\u00a0<\/strong>(inclusiv).<\/p>\t\t\t\t\t\t\t\t<\/div>\n\t\t\t\t<\/div>\n\t\t\t\t\t<\/div>\n\t\t<\/div>\n\t\t\t\t\t<\/div>\n\t\t<\/section>\n\t\t\t\t<section class=\"elementor-section elementor-top-section elementor-element elementor-element-656a9090 elementor-section-boxed elementor-section-height-default elementor-section-height-default\" data-id=\"656a9090\" data-element_type=\"section\" data-e-type=\"section\">\n\t\t\t\t\t\t<div class=\"elementor-container elementor-column-gap-default\">\n\t\t\t\t\t<div class=\"elementor-column elementor-col-100 elementor-top-column elementor-element elementor-element-1b06ff52\" data-id=\"1b06ff52\" data-element_type=\"column\" data-e-type=\"column\">\n\t\t\t<div class=\"elementor-widget-wrap elementor-element-populated\">\n\t\t\t\t\t\t<div class=\"elementor-element elementor-element-8e02df9 elementor-widget elementor-widget-heading\" data-id=\"8e02df9\" data-element_type=\"widget\" data-e-type=\"widget\" data-widget_type=\"heading.default\">\n\t\t\t\t<div class=\"elementor-widget-container\">\n\t\t\t\t\t<h2 class=\"elementor-heading-title elementor-size-default\">Apel 2023 <\/h2>\t\t\t\t<\/div>\n\t\t\t\t<\/div>\n\t\t\t\t<div class=\"elementor-element elementor-element-756c58d7 elementor-widget elementor-widget-text-editor\" data-id=\"756c58d7\" data-element_type=\"widget\" data-e-type=\"widget\" data-widget_type=\"text-editor.default\">\n\t\t\t\t<div class=\"elementor-widget-container\">\n\t\t\t\t\t\t\t\t\t<p>Universitatea de Medicin\u0103, Farmacie, \u0218tiin\u021be \u0219i Tehnologie \u201eGeorge Emil Palade\u201d din T\u00e2rgu Mure\u015f recompenseaz\u0103 excelen\u0163a \u00een cercetarea \u015ftiin\u0163ific\u0103 dup\u0103 cum urmeaz\u0103:<\/p><p><span style=\"color: #a5243d\"><strong> Pentru domeniul S\u0103n\u0103tate<\/strong><\/span><\/p><p><strong>1. Premiul destinat cadrului didactic titular din universitate care a ob\u021binut \u00een anul calendaristic 2023:<br \/><\/strong><\/p><ul><li>factorul de impact cumulat cel mai mare;<\/li><li>doar din pozi\u021bia de prim autor (NU \u015fi coautor, autor corespondent, ultim autor);<\/li><li>cu afiliere institu\u021bional\u0103 UMFST;<\/li><li>prin publicarea in extenso \u00een reviste de prestigiu a unor articole \u015ftiin\u0163ifice \u0219i care nu a mai c\u00e2\u0219tigat acest premiu \u00een ultimii 2 ani.<\/li><\/ul><p><strong>\u00a0<\/strong><\/p><p><strong>2. Premiul destinat unui cadru didactic din universitate cu v\u00e2rsta de p\u00e2n\u0103 \u00een 35 de ani (la data depunerii dosarului de candidatur\u0103) care a ob\u021binut \u00een anul calendaristic 2023:<\/strong><\/p><ul><li>factorul de impact cumulat cel mai ridicat;<\/li><li>doar din pozi\u021bia de prim autor (NU \u015fi coautor, autor corespondent, ultim autor);<\/li><li>cu afiliere institu\u021bional\u0103 UMFST;<\/li><li>prin publicarea in extenso \u00een reviste de prestigiu a unor articole \u015ftiin\u0163ifice \u0219i care nu a mai c\u00e2\u0219tigat acest premiu \u00een ultimii 2 ani.<\/li><\/ul><p>\u00a0<\/p><p><span style=\"color: #a5243d\"><strong>Pentru domeniile \u0218tiin\u021be \u0219i Tehnologie<\/strong><\/span><\/p><p><strong>Premiul destinat unui cadru didactic titular din universitate care a ob\u021binut cel mai mare punctaj \u00een anul 2023<\/strong>, conform urm\u0103toarelor criterii:<\/p><ul><li>Lucr\u0103ri publicate \u00een reviste clasificate ISI \u00een zona ro\u0219ie \u2013 12 puncte (articolul este indexat pe platforma WOS \u00een anul 2023);<\/li><li>Lucr\u0103ri publicate \u00een reviste clasificate ISI \u00een zona galben\u0103 \u2013 8 puncte (articolul este indexat pe platforma WOS \u00een anul 2023);<\/li><li>Lucr\u0103ri publicate \u00een reviste clasificate ISI \u00een zona alb\u0103 \u2013 4 puncte (articolul este indexat pe platforma WOS \u00een anul 2023);<\/li><li>Brevete de inven\u021bie \u2013 12 puncte\/brevet.<\/li><\/ul><p>\u00a0<\/p><p>Cadrul didactic nu a mai c\u00e2\u0219tigat acest premiu \u00een ultimii 2 ani.<\/p><p>Rezultatele publicate \u00een comun se \u00eempart \u00een mod egal la num\u0103rul de autori.<\/p><p>Premiile constau \u00een finan\u021barea de c\u0103tre universitate \u00een anul 2024 a particip\u0103rii la un congres \u0219tiin\u021bific interna\u021bional (taxa de participare, transport, cazare)\u00a0<strong>\u0219i\/sau <\/strong>finan\u021barea taxei de publicare a unui articol indexat Web of Science \u00een cuantum de max.\u00a0<strong>1000 Euro<\/strong>.<\/p><p>Dosarele de candidatur\u0103 se depun la Registratura universit\u0103\u021bii (\u00eempreun\u0103 cu documentele justificative) p\u00e2n\u0103 la data de\u00a0<strong>15 noiembrie 2023\u00a0<\/strong>(inclusiv).<\/p>\t\t\t\t\t\t\t\t<\/div>\n\t\t\t\t<\/div>\n\t\t\t\t\t<\/div>\n\t\t<\/div>\n\t\t\t\t\t<\/div>\n\t\t<\/section>\n\t\t\t\t<\/div>","protected":false},"excerpt":{"rendered":"<p>Apel 2025 Universitatea de Medicin\u0103, Farmacie, \u0218tiin\u021be \u0219i Tehnologie \u201eGeorge Emil Palade\u201d din T\u00e2rgu Mure\u015f recompenseaz\u0103 excelen\u0163a \u00een cercetarea \u015ftiin\u0163ific\u0103 dup\u0103 cum urmeaz\u0103: Pentru domeniul S\u0103n\u0103tate: Premiul destinat cadrului didactic titular din universitate care a ob\u021binut \u00een anul calendaristic 2025:\u2022 factorul de impact cumulat cel mai mare;\u2022 doar din pozi\u021bia de prim autor (NU \u015fi [&hellip;]<\/p>\n","protected":false},"author":3,"featured_media":0,"parent":657,"menu_order":1,"comment_status":"closed","ping_status":"closed","template":"","meta":{"_relevanssi_hide_post":"","_relevanssi_hide_content":"","_relevanssi_pin_for_all":"","_relevanssi_pin_keywords":"","_relevanssi_unpin_keywords":"","_relevanssi_related_keywords":"","_relevanssi_related_include_ids":"","_relevanssi_related_exclude_ids":"","_relevanssi_related_no_append":"","_relevanssi_related_not_related":"","_relevanssi_related_posts":"154,150","_relevanssi_noindex_reason":"","footnotes":""},"categories":[145,16],"tags":[],"class_list":["post-659","page","type-page","status-publish","hentry","category-pagina-cercetare","category-pagina-sidebar"],"meta_box":[],"_links":{"self":[{"href":"https:\/\/umfst.ro\/en\/wp-json\/wp\/v2\/pages\/659","targetHints":{"allow":["GET"]}}],"collection":[{"href":"https:\/\/umfst.ro\/en\/wp-json\/wp\/v2\/pages"}],"about":[{"href":"https:\/\/umfst.ro\/en\/wp-json\/wp\/v2\/types\/page"}],"author":[{"embeddable":true,"href":"https:\/\/umfst.ro\/en\/wp-json\/wp\/v2\/users\/3"}],"replies":[{"embeddable":true,"href":"https:\/\/umfst.ro\/en\/wp-json\/wp\/v2\/comments?post=659"}],"version-history":[{"count":35,"href":"https:\/\/umfst.ro\/en\/wp-json\/wp\/v2\/pages\/659\/revisions"}],"predecessor-version":[{"id":44190,"href":"https:\/\/umfst.ro\/en\/wp-json\/wp\/v2\/pages\/659\/revisions\/44190"}],"up":[{"embeddable":true,"href":"https:\/\/umfst.ro\/en\/wp-json\/wp\/v2\/pages\/657"}],"wp:attachment":[{"href":"https:\/\/umfst.ro\/en\/wp-json\/wp\/v2\/media?parent=659"}],"wp:term":[{"taxonomy":"category","embeddable":true,"href":"https:\/\/umfst.ro\/en\/wp-json\/wp\/v2\/categories?post=659"},{"taxonomy":"post_tag","embeddable":true,"href":"https:\/\/umfst.ro\/en\/wp-json\/wp\/v2\/tags?post=659"}],"curies":[{"name":"wp","href":"https:\/\/api.w.org\/{rel}","templated":true}]}}