{"id":749,"date":"2022-11-15T13:36:09","date_gmt":"2022-11-15T11:36:09","guid":{"rendered":"https:\/\/dev.umfst.ro\/?page_id=749"},"modified":"2025-10-06T13:20:03","modified_gmt":"2025-10-06T10:20:03","slug":"entry-level","status":"publish","type":"page","link":"https:\/\/umfst.ro\/en\/universitate\/cercetare\/junior-researcher-academy\/entry-level\/","title":{"rendered":"Entry level"},"content":{"rendered":"<div data-elementor-type=\"wp-page\" data-elementor-id=\"749\" class=\"elementor elementor-749\" data-elementor-post-type=\"page\">\n\t\t\t\t\t\t<section class=\"elementor-section elementor-top-section elementor-element elementor-element-19d1ff8 elementor-section-boxed elementor-section-height-default elementor-section-height-default\" data-id=\"19d1ff8\" data-element_type=\"section\" data-e-type=\"section\">\n\t\t\t\t\t\t<div class=\"elementor-container elementor-column-gap-default\">\n\t\t\t\t\t<div class=\"elementor-column elementor-col-100 elementor-top-column elementor-element elementor-element-d4882b9\" data-id=\"d4882b9\" data-element_type=\"column\" data-e-type=\"column\">\n\t\t\t<div class=\"elementor-widget-wrap elementor-element-populated\">\n\t\t\t\t\t\t<div class=\"elementor-element elementor-element-d6181f9 elementor-widget elementor-widget-text-editor\" data-id=\"d6181f9\" data-element_type=\"widget\" data-e-type=\"widget\" data-widget_type=\"text-editor.default\">\n\t\t\t\t<div class=\"elementor-widget-container\">\n\t\t\t\t\t\t\t\t\t<h2><strong>Junior Researcher Academy opens enrollment for the \"Entry level\" \u2013 2025<\/strong><\/h2><p>Junior Researcher Academy opens enrollment for the \"Entry level\" \u2013 2025 session.<\/p><p class=\" translation-block\">In order to become JRA Entry Level members, students from bachelor\u2019s and master\u2019s degrees have to fill the <a href=\"https:\/\/docs.google.com\/forms\/d\/e\/1FAIpQLSdWItZ5rdNkyp9MN7w2pLcF7V-Ak6ldsEuZFynvhNlqazQMeA\/viewform\" data-uw-rm-brl=\"PR\" data-uw-original-href=\"https:\/\/docs.google.com\/forms\/d\/e\/1FAIpQLSdWItZ5rdNkyp9MN7w2pLcF7V-Ak6ldsEuZFynvhNlqazQMeA\/viewform\" data-uw-rm-ext-link=\"\" data-uw-original-=\"\" target=\"_blank\" rel=\"noopener\">form<\/a> during the period: <strong>06 October \u2013 06 November 2025<\/strong>.<\/p><p>The result of the application will be sent out to each applicant via e-mail within 20 working days from the end of the period of enrollment.<\/p>\t\t\t\t\t\t\t\t<\/div>\n\t\t\t\t<\/div>\n\t\t\t\t\t<\/div>\n\t\t<\/div>\n\t\t\t\t\t<\/div>\n\t\t<\/section>\n\t\t\t\t<section class=\"elementor-section elementor-top-section elementor-element elementor-element-ed89d17 elementor-section-boxed elementor-section-height-default elementor-section-height-default\" data-id=\"ed89d17\" data-element_type=\"section\" data-e-type=\"section\">\n\t\t\t\t\t\t<div class=\"elementor-container elementor-column-gap-default\">\n\t\t\t\t\t<div class=\"elementor-column elementor-col-100 elementor-top-column elementor-element elementor-element-b918ecd\" data-id=\"b918ecd\" data-element_type=\"column\" data-e-type=\"column\">\n\t\t\t<div class=\"elementor-widget-wrap elementor-element-populated\">\n\t\t\t\t\t\t<div class=\"elementor-element elementor-element-8a1993b elementor-widget elementor-widget-text-editor\" data-id=\"8a1993b\" data-element_type=\"widget\" data-e-type=\"widget\" data-widget_type=\"text-editor.default\">\n\t\t\t\t<div class=\"elementor-widget-container\">\n\t\t\t\t\t\t\t\t\t<h2><strong>Junior Researcher Academy opens enrollment for the \u201cEntry level\u201d \u2013 2024<\/strong><\/h2><p>Junior Researcher Academy opens enrollment for the \u201cEntry level\u201d \u2013 2024<\/p><p class=\" translation-block\">In order to become JRA Entry Level members, students from bachelor\u2019s and master\u2019s degrees have to fill the form during the period: 08 October \u2013 8 November 2024.<\/p><p>The result of the application will be sent out to each applicant via e-mail within 20 working days from the end of the period of enrollment<\/p>\t\t\t\t\t\t\t\t<\/div>\n\t\t\t\t<\/div>\n\t\t\t\t\t<\/div>\n\t\t<\/div>\n\t\t\t\t\t<\/div>\n\t\t<\/section>\n\t\t\t\t<section class=\"elementor-section elementor-top-section elementor-element elementor-element-001c09c elementor-hidden-widescreen elementor-hidden-desktop elementor-hidden-tablet elementor-hidden-mobile elementor-section-boxed elementor-section-height-default elementor-section-height-default\" data-id=\"001c09c\" data-element_type=\"section\" data-e-type=\"section\">\n\t\t\t\t\t\t<div class=\"elementor-container elementor-column-gap-default\">\n\t\t\t\t\t<div class=\"elementor-column elementor-col-100 elementor-top-column elementor-element elementor-element-10a3109\" data-id=\"10a3109\" data-element_type=\"column\" data-e-type=\"column\">\n\t\t\t<div class=\"elementor-widget-wrap elementor-element-populated\">\n\t\t\t\t\t\t<div class=\"elementor-element elementor-element-565117b elementor-widget elementor-widget-text-editor\" data-id=\"565117b\" data-element_type=\"widget\" data-e-type=\"widget\" data-widget_type=\"text-editor.default\">\n\t\t\t\t<div class=\"elementor-widget-container\">\n\t\t\t\t\t\t\t\t\t<header><h2>Junior Researcher Academy &#8211; Lansare \u00eenrol\u0103ri &#8222;Entry level&#8221; 2023<\/h2><\/header><p>Junior Research Academy deschide \u00eenrol\u0103rile pentru nivelul &#8222;Entry level&#8221; &#8211; 2023.<\/p><p>\u00cen perioada\u00a0<strong>09 octombrie &#8211; 06 noiembrie 2023<\/strong>\u00a0pute\u021bi aplica pentru a deveni membru JRA complet\u00e2nd <a href=\"https:\/\/docs.google.com\/forms\/d\/e\/1FAIpQLSdWItZ5rdNkyp9MN7w2pLcF7V-Ak6ldsEuZFynvhNlqazQMeA\/viewform?usp=sf_link\" target=\"_blank\" rel=\"noopener\">formularul<\/a>.<\/p><p>Confirmation of JRA Entry Level status will be sent to applicants by email. <\/p>\t\t\t\t\t\t\t\t<\/div>\n\t\t\t\t<\/div>\n\t\t\t\t\t<\/div>\n\t\t<\/div>\n\t\t\t\t\t<\/div>\n\t\t<\/section>\n\t\t\t\t<section class=\"elementor-section elementor-top-section elementor-element elementor-element-a899823 elementor-section-boxed elementor-section-height-default elementor-section-height-default\" data-id=\"a899823\" data-element_type=\"section\" data-e-type=\"section\">\n\t\t\t\t\t\t<div class=\"elementor-container elementor-column-gap-default\">\n\t\t\t\t\t<div class=\"elementor-column elementor-col-100 elementor-top-column elementor-element elementor-element-e858f34\" data-id=\"e858f34\" data-element_type=\"column\" data-e-type=\"column\">\n\t\t\t<div class=\"elementor-widget-wrap\">\n\t\t\t\t\t\t\t<\/div>\n\t\t<\/div>\n\t\t\t\t\t<\/div>\n\t\t<\/section>\n\t\t\t\t<\/div>","protected":false},"excerpt":{"rendered":"<p>Junior Researcher Academy \u2013 Lansare \u00eenrol\u0103ri &#8222;Entry level&#8221; 2025 Junior Research Academy deschide \u00eenrol\u0103rile pentru nivelul &#8222;Entry level\u201d \u2013 sesiunea 2025. \u00cen perioada\u00a006 octombrie \u2013 06 noiembrie 2025\u00a0studen\u021bii din ciclul de licen\u021b\u0103 \u0219i de masterat pot aplica pentru a deveni membru JRA complet\u00e2nd\u00a0formularul. Confirmarea statutului de JRA Entry Level se va transmite aplican\u021bilor prin e-mail [&hellip;]<\/p>\n","protected":false},"author":3,"featured_media":0,"parent":746,"menu_order":0,"comment_status":"closed","ping_status":"closed","template":"","meta":{"_relevanssi_hide_post":"","_relevanssi_hide_content":"","_relevanssi_pin_for_all":"","_relevanssi_pin_keywords":"","_relevanssi_unpin_keywords":"","_relevanssi_related_keywords":"","_relevanssi_related_include_ids":"","_relevanssi_related_exclude_ids":"","_relevanssi_related_no_append":"","_relevanssi_related_not_related":"","_relevanssi_related_posts":"150,154","_relevanssi_noindex_reason":"","footnotes":""},"categories":[145,16],"tags":[],"class_list":["post-749","page","type-page","status-publish","hentry","category-pagina-cercetare","category-pagina-sidebar"],"meta_box":[],"_links":{"self":[{"href":"https:\/\/umfst.ro\/en\/wp-json\/wp\/v2\/pages\/749","targetHints":{"allow":["GET"]}}],"collection":[{"href":"https:\/\/umfst.ro\/en\/wp-json\/wp\/v2\/pages"}],"about":[{"href":"https:\/\/umfst.ro\/en\/wp-json\/wp\/v2\/types\/page"}],"author":[{"embeddable":true,"href":"https:\/\/umfst.ro\/en\/wp-json\/wp\/v2\/users\/3"}],"replies":[{"embeddable":true,"href":"https:\/\/umfst.ro\/en\/wp-json\/wp\/v2\/comments?post=749"}],"version-history":[{"count":22,"href":"https:\/\/umfst.ro\/en\/wp-json\/wp\/v2\/pages\/749\/revisions"}],"predecessor-version":[{"id":43466,"href":"https:\/\/umfst.ro\/en\/wp-json\/wp\/v2\/pages\/749\/revisions\/43466"}],"up":[{"embeddable":true,"href":"https:\/\/umfst.ro\/en\/wp-json\/wp\/v2\/pages\/746"}],"wp:attachment":[{"href":"https:\/\/umfst.ro\/en\/wp-json\/wp\/v2\/media?parent=749"}],"wp:term":[{"taxonomy":"category","embeddable":true,"href":"https:\/\/umfst.ro\/en\/wp-json\/wp\/v2\/categories?post=749"},{"taxonomy":"post_tag","embeddable":true,"href":"https:\/\/umfst.ro\/en\/wp-json\/wp\/v2\/tags?post=749"}],"curies":[{"name":"wp","href":"https:\/\/api.w.org\/{rel}","templated":true}]}}