{"id":751,"date":"2022-11-15T13:38:56","date_gmt":"2022-11-15T11:38:56","guid":{"rendered":"https:\/\/dev.umfst.ro\/?page_id=751"},"modified":"2025-10-13T10:40:42","modified_gmt":"2025-10-13T07:40:42","slug":"involved-level","status":"publish","type":"page","link":"https:\/\/umfst.ro\/en\/universitate\/cercetare\/junior-researcher-academy\/involved-level\/","title":{"rendered":"Involved level"},"content":{"rendered":"<div data-elementor-type=\"wp-post\" data-elementor-id=\"751\" class=\"elementor elementor-751\" data-elementor-post-type=\"page\">\n\t\t\t\t\t\t<section class=\"elementor-section elementor-top-section elementor-element elementor-element-7b83aadb elementor-section-boxed elementor-section-height-default elementor-section-height-default\" data-id=\"7b83aadb\" data-element_type=\"section\" data-e-type=\"section\">\n\t\t\t\t\t\t<div class=\"elementor-container elementor-column-gap-default\">\n\t\t\t\t\t<div class=\"elementor-column elementor-col-100 elementor-top-column elementor-element elementor-element-17ba8b1\" data-id=\"17ba8b1\" data-element_type=\"column\" data-e-type=\"column\">\n\t\t\t<div class=\"elementor-widget-wrap elementor-element-populated\">\n\t\t\t\t\t\t<div class=\"elementor-element elementor-element-e402b12 elementor-widget elementor-widget-text-editor\" data-id=\"e402b12\" data-element_type=\"widget\" data-e-type=\"widget\" data-no-translation=\"\" data-widget_type=\"text-editor.default\">\n\t\t\t\t<div class=\"elementor-widget-container\">\n\t\t\t\t\t<style>.elementor-element-e402b12{display:none !important}<\/style>\t\t\t\t<\/div>\n\t\t\t\t<\/div>\n\t\t\t\t<div class=\"elementor-element elementor-element-332404e elementor-widget elementor-widget-text-editor\" data-id=\"332404e\" data-element_type=\"widget\" data-e-type=\"widget\" data-no-translation=\"\" data-widget_type=\"text-editor.default\">\n\t\t\t\t<div class=\"elementor-widget-container\">\n\t\t\t\t\t\t\t\t\t<h2>The Junior Research Academy opens enrollments for the &#8222;Involved level&#8221; &#8211; 2025<\/h2><p>The Junior Research Academy opens enrollments for the &#8222;Involved level&#8221; &#8211; 2025.<\/p><p>Between <strong>October 13 and November 3, 2025,<\/strong> JRA Entry level members who wish to promote to the Involved level are invited to submit a Motivation letter in English language, according to <a href=\"https:\/\/www.umfst.ro\/fileadmin\/documente_oficiale\/regulamente\/UMFST-REG-105-F02.doc\">Annex 02<\/a> to the address: <a href=\"mailto:jra@umfst.ro\">jra@umfst.ro<\/a>.<\/p><p>Confirmation of JRA Involved Level status will be sent to applicants by email.<\/p>\t\t\t\t\t\t\t\t<\/div>\n\t\t\t\t<\/div>\n\t\t\t\t<div class=\"elementor-element elementor-element-57b824dc elementor-widget elementor-widget-text-editor\" data-id=\"57b824dc\" data-element_type=\"widget\" data-e-type=\"widget\" data-widget_type=\"text-editor.default\">\n\t\t\t\t<div class=\"elementor-widget-container\">\n\t\t\t\t\t\t\t\t\t<h2>The Junior Research Academy opens enrollments for the \"Involved level\" - 2024.<\/h2><p>Junior Research Academy deschide \u00eenrol\u0103rile pentru nivelul \u201eInvolved level\u201d \u2013 2024.<\/p><p class=\" translation-block\">Between October 14 and November 4, 2024, JRA Entry level members who wish to promote to the Involved level are invited to submit a Motivation letter in English language, according to Annex 02 to the address: jra@umfst.ro.<\/p><p>The letter of intent will be written in English, according to the model in\u00a0\u00a0<a href=\"https:\/\/www.umfst.ro\/fileadmin\/cercetare\/2024\/UMFST-REG-105-F02_EN-ed03.doc\">Annex 02<\/a>.<\/p><p>Confirmation of JRA Involved Level status will be sent to applicants by email.<\/p>\t\t\t\t\t\t\t\t<\/div>\n\t\t\t\t<\/div>\n\t\t\t\t\t<\/div>\n\t\t<\/div>\n\t\t\t\t\t<\/div>\n\t\t<\/section>\n\t\t\t\t<\/div>","protected":false},"excerpt":{"rendered":"<p>Junior Researcher Academy \u2013 lansare \u00eenrol\u0103ri \u201eInvolved level\u201d 2025 Junior Research Academy deschide \u00eenrol\u0103rile pentru nivelul \u201eInvolved level\u201d \u2013 2025. Membrii JRA Entry level care doresc s\u0103 promoveze la nivelul Involved, sunt invita\u021bi s\u0103 depun\u0103 \u00een perioada\u00a013 octombrie \u2013 03 noiembrie 2025, o scrisoare de inten\u021bie la adresa:\u00a0jra@umfst.ro. Scrisoarea de inten\u021bie va fi redactat\u0103 \u00een [&hellip;]<\/p>\n","protected":false},"author":3,"featured_media":0,"parent":746,"menu_order":0,"comment_status":"closed","ping_status":"closed","template":"","meta":{"_relevanssi_hide_post":"","_relevanssi_hide_content":"","_relevanssi_pin_for_all":"","_relevanssi_pin_keywords":"","_relevanssi_unpin_keywords":"","_relevanssi_related_keywords":"","_relevanssi_related_include_ids":"","_relevanssi_related_exclude_ids":"","_relevanssi_related_no_append":"","_relevanssi_related_not_related":"","_relevanssi_related_posts":"150,154","_relevanssi_noindex_reason":"","footnotes":""},"categories":[145,16],"tags":[],"class_list":["post-751","page","type-page","status-publish","hentry","category-pagina-cercetare","category-pagina-sidebar"],"meta_box":[],"_links":{"self":[{"href":"https:\/\/umfst.ro\/en\/wp-json\/wp\/v2\/pages\/751","targetHints":{"allow":["GET"]}}],"collection":[{"href":"https:\/\/umfst.ro\/en\/wp-json\/wp\/v2\/pages"}],"about":[{"href":"https:\/\/umfst.ro\/en\/wp-json\/wp\/v2\/types\/page"}],"author":[{"embeddable":true,"href":"https:\/\/umfst.ro\/en\/wp-json\/wp\/v2\/users\/3"}],"replies":[{"embeddable":true,"href":"https:\/\/umfst.ro\/en\/wp-json\/wp\/v2\/comments?post=751"}],"version-history":[{"count":40,"href":"https:\/\/umfst.ro\/en\/wp-json\/wp\/v2\/pages\/751\/revisions"}],"predecessor-version":[{"id":43726,"href":"https:\/\/umfst.ro\/en\/wp-json\/wp\/v2\/pages\/751\/revisions\/43726"}],"up":[{"embeddable":true,"href":"https:\/\/umfst.ro\/en\/wp-json\/wp\/v2\/pages\/746"}],"wp:attachment":[{"href":"https:\/\/umfst.ro\/en\/wp-json\/wp\/v2\/media?parent=751"}],"wp:term":[{"taxonomy":"category","embeddable":true,"href":"https:\/\/umfst.ro\/en\/wp-json\/wp\/v2\/categories?post=751"},{"taxonomy":"post_tag","embeddable":true,"href":"https:\/\/umfst.ro\/en\/wp-json\/wp\/v2\/tags?post=751"}],"curies":[{"name":"wp","href":"https:\/\/api.w.org\/{rel}","templated":true}]}}