{"id":755,"date":"2022-11-15T14:41:13","date_gmt":"2022-11-15T12:41:13","guid":{"rendered":"https:\/\/dev.umfst.ro\/?page_id=755"},"modified":"2026-03-16T09:18:39","modified_gmt":"2026-03-16T07:18:39","slug":"dedicated-level","status":"publish","type":"page","link":"https:\/\/umfst.ro\/en\/universitate\/cercetare\/junior-researcher-academy\/dedicated-level\/","title":{"rendered":"Dedicated level"},"content":{"rendered":"<div data-elementor-type=\"wp-post\" data-elementor-id=\"755\" class=\"elementor elementor-755\" data-elementor-post-type=\"page\">\n\t\t\t\t\t\t<section class=\"elementor-section elementor-top-section elementor-element elementor-element-1338638 elementor-section-boxed elementor-section-height-default elementor-section-height-default\" data-id=\"1338638\" data-element_type=\"section\" data-e-type=\"section\">\n\t\t\t\t\t\t<div class=\"elementor-container elementor-column-gap-default\">\n\t\t\t\t\t<div class=\"elementor-column elementor-col-100 elementor-top-column elementor-element elementor-element-33196a9\" data-id=\"33196a9\" data-element_type=\"column\" data-e-type=\"column\">\n\t\t\t<div class=\"elementor-widget-wrap elementor-element-populated\">\n\t\t\t\t\t\t<div class=\"elementor-element elementor-element-7abe192 elementor-widget elementor-widget-text-editor\" data-id=\"7abe192\" data-element_type=\"widget\" data-e-type=\"widget\" data-widget_type=\"text-editor.default\">\n\t\t\t\t<div class=\"elementor-widget-container\">\n\t\t\t\t\t\t\t\t\t<h2><strong>Junior Research Academy opens enrollment for the \"Dedicated level\" - 2026<\/strong><\/h2><p>The JRA members who meet the conditions provided by the\u00a0<a href=\"https:\/\/umfst.ro\/fileadmin\/documente_oficiale\/regulamente\/UMFST-REG-105_EN.pdf\">Methodology regarding access and promotion within The Junior Researcher Academy<\/a>\u00a0, UMFST-REG-105, 3nd edition:<\/p><ul><li>have successfully implemented in internal competitions an \u201cInitiation Grant\u201d in research, obtained through the JRA\u2013 Involved level.<\/li><li>participated at least one scientific conference, as main author, with a presentation, poster or abstract and published at least one article in extenso, as main author, in a journal of UMFST G.E. Palade Tg. Mure\u0219 indexed in international databases (IDB), in an international journal indexed Web of Science.The documentation and writing of the article will be done according to the specific methodology for one of the following types of articles: original research type articles, review article including systematic review, state-of-the-art review, umbrella review, meta-analysis.<br \/><br \/><\/li><\/ul><p>are invited to submit between\u00a0<strong>16-27, March, 2026<\/strong>, to the address:\u00a0<a href=\"mailto:jra@umfst.ro\">jra@umfst.ro<\/a>\u00a0the following documents (signed and scanned):<\/p><ul><li>Motivation letter in English language, according to\u00a0<a href=\"https:\/\/www.umfst.ro\/fileadmin\/cercetare\/2026\/UMFST-REG-105-F02.doc\">Annex 02<\/a>;<\/li><li>a recommendation letter from their tutor from the laboratory\/research center where the candidate is going to carry out its activity<br \/><br \/><\/li><\/ul><p>Confirmation of JRA Dedicated level status will be emailed to applicants<\/p>\t\t\t\t\t\t\t\t<\/div>\n\t\t\t\t<\/div>\n\t\t\t\t<div class=\"elementor-element elementor-element-62433c9 elementor-widget elementor-widget-text-editor\" data-id=\"62433c9\" data-element_type=\"widget\" data-e-type=\"widget\" data-no-translation=\"\" data-widget_type=\"text-editor.default\">\n\t\t\t\t<div class=\"elementor-widget-container\">\n\t\t\t\t\t<style>.elementor-element-62433c9{display:none !important}<\/style>\t\t\t\t<\/div>\n\t\t\t\t<\/div>\n\t\t\t\t<div class=\"elementor-element elementor-element-688dc1a elementor-widget elementor-widget-text-editor\" data-id=\"688dc1a\" data-element_type=\"widget\" data-e-type=\"widget\" data-widget_type=\"text-editor.default\">\n\t\t\t\t<div class=\"elementor-widget-container\">\n\t\t\t\t\t\t\t\t\t<h2>JUNIOR RESEARCHER ACADEMY &#8211; LAUNCH OF ENROLLMENTS FOR THE &#8222;DEDICATED LEVEL&#8221; 2025<\/h2><p>Junior Research Academy opens enrollment for the &#8222;Dedicated level&#8221; &#8211; 2025.<br \/>JRA Involved level members who meet the conditions provided by the Methodology regarding access and promotion within The Junior Researcher Academy, UMFST-REG-105, 3nd edition:<br \/>&#8211; have successfully implemented in internal competitions an \u201cInitiation Grant\u201d in research, obtained through the JRA\u2013 Involved level. <br \/>&#8211; participated at least one scientific conference, as main author, with a presentation, poster or abstract and published at least one article in extenso, as main author, in a journal of UMFST G.E. Palade Tg. Mure\u0219 indexed in international databases (IDB), in an international journal indexed Web of Science.The documentation and writing of the article will be done according to the specific methodology for one of the following types of articles: original research type articles, review article including systematic review, state-of-the-art review, umbrella review, meta-analysis. <br \/>are invited to submit the following documents (signed and scanned) between 10-24, March, 2025 to the address: <a href=\"mailto:jra@umfst.ro\">jra@umfst.ro<\/a>:<br \/>&#8211; Motivation letter in English language, according to Annex 02;<br \/>&#8211; a recommendation letter from their tutor from the laboratory\/research center where the candidate is going to carry out its activity<br \/>Confirmation of JRA Dedicated level status will be emailed to applicants<\/p>\t\t\t\t\t\t\t\t<\/div>\n\t\t\t\t<\/div>\n\t\t\t\t\t<\/div>\n\t\t<\/div>\n\t\t\t\t\t<\/div>\n\t\t<\/section>\n\t\t\t\t<section class=\"elementor-section elementor-top-section elementor-element elementor-element-60cd61e elementor-section-boxed elementor-section-height-default elementor-section-height-default\" data-id=\"60cd61e\" data-element_type=\"section\" data-e-type=\"section\">\n\t\t\t\t\t\t<div class=\"elementor-container elementor-column-gap-default\">\n\t\t\t\t\t<div class=\"elementor-column elementor-col-100 elementor-top-column elementor-element elementor-element-4d960b2\" data-id=\"4d960b2\" data-element_type=\"column\" data-e-type=\"column\">\n\t\t\t<div class=\"elementor-widget-wrap elementor-element-populated\">\n\t\t\t\t\t\t<div class=\"elementor-element elementor-element-619a669 elementor-hidden-widescreen elementor-hidden-desktop elementor-hidden-tablet elementor-hidden-mobile elementor-widget elementor-widget-text-editor\" data-id=\"619a669\" data-element_type=\"widget\" data-e-type=\"widget\" data-widget_type=\"text-editor.default\">\n\t\t\t\t<div class=\"elementor-widget-container\">\n\t\t\t\t\t\t\t\t\t<h2><strong>Junior Research Academy \u2013 lansare promov\u0103ri la nivelul \u201eDedicated\u201d 2024<\/strong><\/h2><p>JRA Involved level members who meet the conditions provided by the\u00a0<a href=\"https:\/\/www.umfst.ro\/fileadmin\/cercetare\/2024\/UMFST-REG-105.pdf\">Methodology regarding access and promotion within The Junior Researcher Academy<\/a> , UMFST-REG-105, 3nd edition:<\/p><ul><li>au implementat cu succes un <strong>\u201eGrant de Ini\u021biere\u201d <\/strong>\u00een cercetare acordat \u00een cadrul competi\u021biilor interne ale JRA \u2013 Involved level;<\/li><li>participated at least one scientific conference, as main author, with a presentation, poster or abstract and published at least one article in extenso, as main author, in a journal of UMFST G.E. Palade Tg. Mure\u0219 indexed in international databases (IDB), in an international journal indexed Web of Science.The documentation and writing of the article will be done according to the specific methodology for one of the following types of articles: original research type articles, review article including systematic review, state-of-the-art review, umbrella review, meta-analysis.<\/li><\/ul><p>are invited to submit between\u00a0<strong>12\u201325 aprilie 2024<\/strong>, to the address:\u00a0<a href=\"mailto:jra@umfst.ro\">jra@umfst.ro<\/a>\u00a0the following documents (signed and scanned):<\/p><ul><li><em>o scrisoare de inten\u021bie redactat\u0103 \u00een limba englez\u0103<\/em>, conform modelului din <a href=\"https:\/\/www.umfst.ro\/fileadmin\/cercetare\/2024\/UMFST-REG-105-F02.doc\">Annex 02<\/a>;<\/li><li><em>o scrisoare de recomandare <\/em>de la tutorele din cadrul laboratorului\/centrului de cercetare \u00een care urmeaz\u0103 s\u0103 \u00ee\u0219i desf\u0103\u0219oare activitatea candidatul.<\/li><\/ul><p>Confirmation of JRA Dedicated level status will be emailed to applicants<\/p>\t\t\t\t\t\t\t\t<\/div>\n\t\t\t\t<\/div>\n\t\t\t\t\t<\/div>\n\t\t<\/div>\n\t\t\t\t\t<\/div>\n\t\t<\/section>\n\t\t\t\t<section class=\"elementor-section elementor-top-section elementor-element elementor-element-75fbc05c elementor-hidden-widescreen elementor-hidden-desktop elementor-hidden-tablet elementor-hidden-mobile elementor-section-boxed elementor-section-height-default elementor-section-height-default\" data-id=\"75fbc05c\" data-element_type=\"section\" data-e-type=\"section\">\n\t\t\t\t\t\t<div class=\"elementor-container elementor-column-gap-default\">\n\t\t\t\t\t<div class=\"elementor-column elementor-col-100 elementor-top-column elementor-element elementor-element-5956f32c\" data-id=\"5956f32c\" data-element_type=\"column\" data-e-type=\"column\">\n\t\t\t<div class=\"elementor-widget-wrap elementor-element-populated\">\n\t\t\t\t\t\t<div class=\"elementor-element elementor-element-3e1e5214 elementor-widget elementor-widget-text-editor\" data-id=\"3e1e5214\" data-element_type=\"widget\" data-e-type=\"widget\" data-widget_type=\"text-editor.default\">\n\t\t\t\t<div class=\"elementor-widget-container\">\n\t\t\t\t\t\t\t\t\t<div class=\"col-md-9 defaultRight\"><div id=\"c11378\" class=\"frame frame-default frame-type-text frame-layout-0\"><header><h2>Junior Research Academy \u2013 lansare \u00eenrol\u0103ri &#8222;Dedicated level&#8221; 2023<\/h2><\/header><p class=\"text-justify\">Junior Research Academy deschide \u00eenrol\u0103rile pentru &#8222;Dedicated level&#8221; &#8211; 2023.<\/p><p class=\"text-justify\">Membrii JRA Involved level care \u00eendeplinesc condi\u021biile prev\u0103zute de <a href=\"https:\/\/www.umfst.ro\/fileadmin\/cercetare\/JRA\/UMFST-REG-105_Met_acces_promovare_Ro.pdf\">Methodology regarding access and promotion within The Junior Researcher Academy<\/a>:<\/p><ul><li class=\"text-justify\">have successfully implemented in internal competitions an \u201cInitiation Grant\u201d in research, obtained through the JRA\u2013 Involved level.<\/li><li class=\"text-justify\">au participat la cel pu\u021bin o conferin\u021b\u0103 \u0219tiin\u021bific\u0103, ca prim autor, cu prezentare sau poster \u0219i au publicat cel pu\u021bin un articol in extenso, ca prim autor, \u00eentr-o revist\u0103 a UMFST G.E. Palade T\u00e2rgu Mure\u0219, \u00eentr-o revist\u0103 extern\u0103 indexat\u0103 \u00een baze de date interna\u021bionale (BDI), \u00eentr-o revist\u0103 extern\u0103 indexat\u0103 \u00een Web of Science sau \u00eentr-un volum al unei manifest\u0103ri \u0219tiin\u021bifice sunt invitati s\u0103 depun\u0103 \u00een perioada <strong>16 &#8211; 29 mai 2023<\/strong>, to the address:\u00a0<a href=\"mailto:jra@umfst.ro\">jra@umfst.ro<\/a> the following documents (signed and scanned):<\/li><li class=\"text-justify\">Motivation letter in English language, according to <a href=\"https:\/\/www.umfst.ro\/fileadmin\/cercetare\/JRA\/UMFST-REG-105-F02_Motivation_letter.doc\">Annex 02<\/a>;<\/li><li class=\"text-justify\">a recommendation letter from their tutor from the laboratory\/research center where the candidate is going to carry out its activity<\/li><\/ul><p>Confirmation of JRA Dedicated level status will be emailed to applicants<\/p><\/div><\/div>\t\t\t\t\t\t\t\t<\/div>\n\t\t\t\t<\/div>\n\t\t\t\t\t<\/div>\n\t\t<\/div>\n\t\t\t\t\t<\/div>\n\t\t<\/section>\n\t\t\t\t<\/div>","protected":false},"excerpt":{"rendered":"<p>Junior Research Academy \u2013 lansare promov\u0103ri la nivelul \u201eDedicated\u201d 2026 Membrii JRA care \u00eendeplinesc una din condi\u021biile pentru promovarea la nivelul \u201cDedicated\u201d prev\u0103zute de\u00a0Metodologia privind accesul \u0219i promovarea \u00een cadrul Junior Researcher Academy\u00a0, UMFST-REG-105, Edi\u0163ia 03: au implementat cu succes un \u201eGrant de Ini\u021biere\u201d \u00een cercetare acordat \u00een cadrul competi\u021biilor interne ale JRA \u2013 Involved [&hellip;]<\/p>\n","protected":false},"author":3,"featured_media":0,"parent":746,"menu_order":0,"comment_status":"closed","ping_status":"closed","template":"","meta":{"_relevanssi_hide_post":"","_relevanssi_hide_content":"","_relevanssi_pin_for_all":"","_relevanssi_pin_keywords":"","_relevanssi_unpin_keywords":"","_relevanssi_related_keywords":"","_relevanssi_related_include_ids":"","_relevanssi_related_exclude_ids":"","_relevanssi_related_no_append":"","_relevanssi_related_not_related":"","_relevanssi_related_posts":"154,150","_relevanssi_noindex_reason":"","footnotes":""},"categories":[145,16],"tags":[],"class_list":["post-755","page","type-page","status-publish","hentry","category-pagina-cercetare","category-pagina-sidebar"],"meta_box":[],"_links":{"self":[{"href":"https:\/\/umfst.ro\/en\/wp-json\/wp\/v2\/pages\/755","targetHints":{"allow":["GET"]}}],"collection":[{"href":"https:\/\/umfst.ro\/en\/wp-json\/wp\/v2\/pages"}],"about":[{"href":"https:\/\/umfst.ro\/en\/wp-json\/wp\/v2\/types\/page"}],"author":[{"embeddable":true,"href":"https:\/\/umfst.ro\/en\/wp-json\/wp\/v2\/users\/3"}],"replies":[{"embeddable":true,"href":"https:\/\/umfst.ro\/en\/wp-json\/wp\/v2\/comments?post=755"}],"version-history":[{"count":50,"href":"https:\/\/umfst.ro\/en\/wp-json\/wp\/v2\/pages\/755\/revisions"}],"predecessor-version":[{"id":47000,"href":"https:\/\/umfst.ro\/en\/wp-json\/wp\/v2\/pages\/755\/revisions\/47000"}],"up":[{"embeddable":true,"href":"https:\/\/umfst.ro\/en\/wp-json\/wp\/v2\/pages\/746"}],"wp:attachment":[{"href":"https:\/\/umfst.ro\/en\/wp-json\/wp\/v2\/media?parent=755"}],"wp:term":[{"taxonomy":"category","embeddable":true,"href":"https:\/\/umfst.ro\/en\/wp-json\/wp\/v2\/categories?post=755"},{"taxonomy":"post_tag","embeddable":true,"href":"https:\/\/umfst.ro\/en\/wp-json\/wp\/v2\/tags?post=755"}],"curies":[{"name":"wp","href":"https:\/\/api.w.org\/{rel}","templated":true}]}}