{"id":757,"date":"2022-11-15T14:45:31","date_gmt":"2022-11-15T12:45:31","guid":{"rendered":"https:\/\/dev.umfst.ro\/?page_id=757"},"modified":"2025-11-10T11:07:29","modified_gmt":"2025-11-10T09:07:29","slug":"burse-de-performanta-stiintifica","status":"publish","type":"page","link":"https:\/\/umfst.ro\/en\/universitate\/cercetare\/junior-researcher-academy\/burse-de-performanta-stiintifica\/","title":{"rendered":"Burse de performan\u021b\u0103 \u0219tiin\u021bific\u0103"},"content":{"rendered":"<div data-elementor-type=\"wp-page\" data-elementor-id=\"757\" class=\"elementor elementor-757\" data-elementor-post-type=\"page\">\n\t\t\t\t\t\t<section class=\"elementor-section elementor-top-section elementor-element elementor-element-2f98254 elementor-section-boxed elementor-section-height-default elementor-section-height-default\" data-id=\"2f98254\" data-element_type=\"section\" data-e-type=\"section\">\n\t\t\t\t\t\t<div class=\"elementor-container elementor-column-gap-default\">\n\t\t\t\t\t<div class=\"elementor-column elementor-col-100 elementor-top-column elementor-element elementor-element-f07ae88\" data-id=\"f07ae88\" data-element_type=\"column\" data-e-type=\"column\">\n\t\t\t<div class=\"elementor-widget-wrap elementor-element-populated\">\n\t\t\t\t\t\t<div class=\"elementor-element elementor-element-af270f3 elementor-widget elementor-widget-text-editor\" data-id=\"af270f3\" data-element_type=\"widget\" data-e-type=\"widget\" data-widget_type=\"text-editor.default\">\n\t\t\t\t<div class=\"elementor-widget-container\">\n\t\t\t\t\t\t\t\t\t<h2>Burse de performan\u021b\u0103 \u0219tiin\u021bific\u0103 pentru anul universitar 2025 \u2013 2026<\/h2><p><a href=\"http:\/\/umfst.ro\/fileadmin\/cercetare\/JRA\/Rezultate_finale_bursa_perf_st_2025_cu_punctaje_fn.pdf\">Rezultate finale burse de performan\u021b\u0103 \u0219tiin\u021bific\u0103 2025<\/a><\/p><p><a href=\"http:\/\/umfst.ro\/fileadmin\/cercetare\/JRA\/Rezultate_finale_evaluare_dosare_bursa_perf_st_2025_fn.pdf\">Rezultate evaluare dosare burse de performan\u021b\u0103 \u0219tiin\u021bific\u0103 \u2013 2025<\/a><\/p><p>Contesta\u021biile se pot depune \u00een perioada 31 octombrie \u2013 04 noiembrie 2025, ora 13:00 la registratura universit\u0103\u021bii.<\/p><p>Universitatea de Medicin\u0103, Farmacie, \u0218tiin\u021be \u0219i Tehnologie \u201eGeorge Emil Palade\u201d din T\u00e2rgu Mure\u0219 informeaz\u0103 studen\u021bii cu privire la depunerea online a dosarelor pentru ob\u021binerea burselor de performan\u021b\u0103 \u0219tiin\u021bific\u0103.<\/p><p>Dosarul se \u00eentocme\u0219te \u00een conformitate cu art. 10 din\u00a0<em>Regulamentul privind acordarea de burse de performan\u021b\u0103 \u0219tiin\u021bific\u0103 studen\u021bilor din cadrul Universit\u0103\u021bii de Medicin\u0103, Farmacie, \u0218tiin\u021be \u0219i Tehnologie \u201eGeorge Emil Palade\u201d din T\u00e2rgu Mure\u0219 prin intermediul Junior Researcher Academy<\/em>Regulation code :\u00a0<a href=\"https:\/\/umfst.ro\/fileadmin\/documente_oficiale\/regulamente\/UMFST-REG-109.pdf\">UMFST-REG-109, Edi\u021bia 02<\/a>.<\/p><p>Dosarul de \u00eenscriere la concurs trebuie s\u0103 cuprind\u0103 urm\u0103toarele documente:<\/p><p>1) adeverin\u021b\u0103 emis\u0103 de c\u0103tre Decanat care atest\u0103 calitatea de student \/ masterand \u00een anul universitar \u00een curs \u0219i faptul c\u0103 solicitantul nu a repetat niciun an de studiu din motive legate de acumularea unui num\u0103r insuficient de credite pentru promovare;<\/p><p>2) curriculum vitae;<\/p><p>3) fi\u0219a de autoevaluare completat\u0103 (<a href=\"https:\/\/umfst.ro\/fileadmin\/documente_oficiale\/regulamente\/UMFST-REG-109-F01.docx\">Anexa<\/a>);<\/p><p>4)\u00a0<strong>documente justificative care s\u0103 ateste activitatea punctat\u0103<\/strong>\u00a0\u00een fi\u0219a de autoevaluare.<\/p><p>Documentele (semnate \u0219i scanate \u00een format PDF) se transmit prin e-mail la adresa\u00a0<a href=\"mailto:jra@umfst.ro\">jra@umfst.ro<\/a>\u00a0until\u00a0<strong>24 octombrie 2025, ora 14.00<\/strong>. \u00cen coresponden\u021b\u0103, la rubrica subiect se specific\u0103: Dosar burs\u0103 \u2013\u00a0<em>facultatea \u00een care studentul \u00ee\u0219i desf\u0103\u0219oar\u0103 studiile<\/em>.<\/p><p><span style=\"color: #9c4848\"><strong><br \/>Calendar<\/strong><\/span><\/p><p>6 \u2013 24 octombrie 2025 \u2013 depunerea documenta\u021biei<\/p><p>27 \u2013 29 octombrie 2025 \u2013 evaluare dosare<\/p><p>30 octombrie 2025 \u2013 comunicarea rezultatelor<\/p><p>31 octombrie \u2013 04 noiembrie 2025 \u2013 depunerea contesta\u021biilor<\/p><p>05 noiembrie 2025 \u2013 analizarea contesta\u021biilor<\/p><p>06 noiembrie 2025 \u2013 comunicarea rezultatelor finale<\/p><p><strong>\u00a0<\/strong><\/p><h2>Burse de performan\u021b\u0103 \u0219tiin\u021bific\u0103 pentru anul universitar 2024 &#8211; 2025<\/h2><p><span style=\"font-size: 10.0pt;font-family: 'Verdana',sans-serif\"><a href=\"http:\/\/umfst.ro\/fileadmin\/cercetare\/JRA\/Rezultate_finale_bursa_performanta_st_2024_fn.pdf\">Rezultate finale evaluare dosare burse de performan\u021b\u0103 \u0219tiin\u021bific\u0103 2024<\/a><\/span><\/p><p><a href=\"https:\/\/www.umfst.ro\/fileadmin\/cercetare\/JRA\/Rezultate_evaluare_dosare_bursa_de_performanta_st_2024_fn.pdf\"><span style=\"font-size: 10.0pt;font-family: 'Verdana',sans-serif\">Rezultate evaluare dosare burse de performan\u021b\u0103 \u0219tiin\u021bific\u0103 \u2013 2024<\/span><\/a><\/p><p><span style=\"font-size: 10.0pt;font-family: 'Verdana',sans-serif\">\u00a0Contesta\u021biile se pot depune \u00een perioada 5-6 noiembrie 2024 ora 11:00 la registratura universit\u0103\u021bii.<\/span><\/p><p><span style=\"font-size: 10.0pt;font-family: 'Verdana',sans-serif\">\u00a0<\/span><\/p><p>Universitatea de Medicin\u0103, Farmacie, \u0218tiin\u021be \u0219i Tehnologie \u201eGeorge Emil Palade\u201d din T\u00e2rgu Mure\u0219 informeaz\u0103 studen\u021bii cu privire la depunerea online a dosarelor pentru ob\u021binerea burselor de performan\u021b\u0103 \u0219tiin\u021bific\u0103.<\/p><p>Dosarul se \u00eentocme\u0219te \u00een conformitate cu art. 10 din <em>Regulamentul privind acordarea de burse de performan\u021b\u0103 \u0219tiin\u021bific\u0103 studen\u021bilor din cadrul Universit\u0103\u021bii de Medicin\u0103, Farmacie, \u0218tiin\u021be \u0219i Tehnologie \u201eGeorge Emil Palade\u201d din T\u00e2rgu Mure\u0219 prin intermediul Junior Researcher Academy<\/em>Regulation code :\u00a0<a href=\"https:\/\/www.umfst.ro\/fileadmin\/cercetare\/2024\/UMFST-REG-109.pdf\">UMFST-REG-109, Edi\u021bia 02<\/a>.<\/p><p>Dosarul de \u00eenscriere la concurs trebuie s\u0103 cuprind\u0103 urm\u0103toarele documente:<\/p><p style=\"padding-left: 40px\">1) adeverin\u021b\u0103 emis\u0103 de c\u0103tre Decanat care atest\u0103 calitatea de student \/ masterand \u00een anul universitar \u00een curs \u0219i faptul c\u0103 solicitantul nu a repetat niciun an de studiu din motive legate de acumularea unui num\u0103r insuficient de credite pentru promovare;<\/p><p style=\"padding-left: 40px\">2) curriculum vitae;<\/p><p style=\"padding-left: 40px\">3) fi\u0219a de autoevaluare completat\u0103 (<a href=\"https:\/\/www.umfst.ro\/fileadmin\/cercetare\/2024\/UMFST-REG-109-F01.docx\"><u>Anexa <\/u><\/a>);<\/p><p style=\"padding-left: 40px\">4) <strong>documente justificative care s\u0103 ateste activitatea punctat\u0103<\/strong> \u00een fi\u0219a de autoevaluare.<\/p><p>Documentele (semnate \u0219i scanate \u00een format PDF) se transmit prin e-mail la adresa\u00a0<a href=\"mailto:jra@umfst.ro\">jra@umfst.ro<\/a>\u00a0until\u00a0<strong>25 octombrie, ora 14.00<\/strong>. \u00cen coresponden\u021b\u0103, la rubrica subiect se specific\u0103: Dosar burs\u0103 &#8211;\u00a0<em>facultatea \u00een care studentul \u00ee\u0219i desf\u0103\u0219oar\u0103 studiile<\/em>.<\/p><p><span style=\"color: #9c4848\"><strong>Calendar\u00a0<\/strong> <\/span><\/p><p style=\"padding-left: 40px\">7 \u2013 25 octombrie 2024 \u2013 depunerea documenta\u021biei<\/p><p style=\"padding-left: 40px\">28 \u2013 30 octombrie 2024 \u2013 evaluare dosare<\/p><p style=\"padding-left: 40px\">31 octombrie 2024 \u2013 comunicarea rezultatelor<\/p><p style=\"padding-left: 40px\">01 \u2013 04 noiembrie 2024 \u2013 depunerea contesta\u021biilor<\/p><p style=\"padding-left: 40px\">05 noiembrie 2024 \u2013 analizarea contesta\u021biilor<\/p><p style=\"padding-left: 40px\">06 noiembrie 2024 &#8211; comunicarea rezultatelor finale<\/p>\t\t\t\t\t\t\t\t<\/div>\n\t\t\t\t<\/div>\n\t\t\t\t\t<\/div>\n\t\t<\/div>\n\t\t\t\t\t<\/div>\n\t\t<\/section>\n\t\t\t\t<section class=\"elementor-section elementor-top-section elementor-element elementor-element-992db34 elementor-section-boxed elementor-section-height-default elementor-section-height-default\" data-id=\"992db34\" data-element_type=\"section\" data-e-type=\"section\">\n\t\t\t\t\t\t<div class=\"elementor-container elementor-column-gap-default\">\n\t\t\t\t\t<div class=\"elementor-column elementor-col-100 elementor-top-column elementor-element elementor-element-b727c94\" data-id=\"b727c94\" data-element_type=\"column\" data-e-type=\"column\">\n\t\t\t<div class=\"elementor-widget-wrap elementor-element-populated\">\n\t\t\t\t\t\t<div class=\"elementor-element elementor-element-61bec8d elementor-widget elementor-widget-text-editor\" data-id=\"61bec8d\" data-element_type=\"widget\" data-e-type=\"widget\" data-widget_type=\"text-editor.default\">\n\t\t\t\t<div class=\"elementor-widget-container\">\n\t\t\t\t\t\t\t\t\t<h2>Rezultate burse de performan\u021b\u0103 \u0219tiin\u021bific\u0103 pentru anul universitar 2023 &#8211; 2024<\/h2><p><a href=\"http:\/\/umfst.ro\/fileadmin\/cercetare\/JRA\/Rezultate%20finale%20evaluare%20dosare%20bursa%20de%20performanta%20st_2023_fn.pdf\">Rezultate finale evaluare dosare burse de performan\u021b\u0103 \u0219tiin\u021bific\u0103 2023<\/a><\/p><p><a href=\"https:\/\/umfst.ro\/wp-content\/uploads\/2023\/10\/Rezultate-evaluare-dosare-bursa-de-performanta-st_2023_fn-2.pdf\">Rezultate evaluare dosare burse de performan\u021b\u0103 \u0219tiin\u021bific\u0103 &#8211; 2023<\/a><\/p>\t\t\t\t\t\t\t\t<\/div>\n\t\t\t\t<\/div>\n\t\t\t\t<div class=\"elementor-element elementor-element-cc5f880 elementor-widget-divider--view-line_icon elementor-view-default elementor-widget-divider--element-align-center elementor-widget elementor-widget-divider\" data-id=\"cc5f880\" data-element_type=\"widget\" data-e-type=\"widget\" data-widget_type=\"divider.default\">\n\t\t\t\t<div class=\"elementor-widget-container\">\n\t\t\t\t\t\t\t<div class=\"elementor-divider\">\n\t\t\t<span class=\"elementor-divider-separator\">\n\t\t\t\t\t\t\t<div class=\"elementor-icon elementor-divider__element\">\n\t\t\t\t\t<i aria-hidden=\"true\" class=\"fas fa-university\"><\/i><\/div>\n\t\t\t\t\t\t<\/span>\n\t\t<\/div>\n\t\t\t\t\t\t<\/div>\n\t\t\t\t<\/div>\n\t\t\t\t\t<\/div>\n\t\t<\/div>\n\t\t\t\t\t<\/div>\n\t\t<\/section>\n\t\t\t\t<section class=\"elementor-section elementor-top-section elementor-element elementor-element-78f723a0 elementor-section-boxed elementor-section-height-default elementor-section-height-default\" data-id=\"78f723a0\" data-element_type=\"section\" data-e-type=\"section\">\n\t\t\t\t\t\t<div class=\"elementor-container elementor-column-gap-default\">\n\t\t\t\t\t<div class=\"elementor-column elementor-col-100 elementor-top-column elementor-element elementor-element-444173ba\" data-id=\"444173ba\" data-element_type=\"column\" data-e-type=\"column\">\n\t\t\t<div class=\"elementor-widget-wrap elementor-element-populated\">\n\t\t\t\t\t\t<div class=\"elementor-element elementor-element-1bad541 elementor-widget elementor-widget-text-editor\" data-id=\"1bad541\" data-element_type=\"widget\" data-e-type=\"widget\" data-widget_type=\"text-editor.default\">\n\t\t\t\t<div class=\"elementor-widget-container\">\n\t\t\t\t\t\t\t\t\t<p>Universitatea de Medicin\u0103, Farmacie, \u0218tiin\u021be \u0219i Tehnologie \u201eGeorge Emil Palade\u201d din T\u00e2rgu Mure\u0219 informeaz\u0103 studen\u021bii cu privire la depunerea online a dosarelor pentru ob\u021binerea burselor de performan\u021b\u0103 \u0219tiin\u021bific\u0103.<\/p><p>Dosarul se \u00eentocme\u0219te \u00een conformitate cu art. 10 din Regulamentul privind acordarea de burse de performan\u021b\u0103 \u0219tiin\u021bific\u0103 studen\u021bilor din cadrul Universit\u0103\u021bii de Medicin\u0103, Farmacie, \u0218tiin\u021be \u0219i Tehnologie \u201eGeorge Emil Palade\u201d din T\u00e2rgu Mure\u0219 prin intermediul Junior Researcher Academy, <a href=\"https:\/\/www.umfst.ro\/fileadmin\/documente_oficiale\/regulamente\/UMFST-REG-109.pdf\">Cod regulament<\/a>.<\/p><p>Dosarul de \u00eenscriere la concurs trebuie s\u0103 cuprind\u0103 urm\u0103toarele documente:<\/p><ul><li>adeverin\u021b\u0103 emis\u0103 de c\u0103tre Decanat care atest\u0103 calitatea de student\/masterand \u00een anul universitar \u00een curs \u0219i faptul c\u0103 solicitantul nu a repetat niciun an de studiu din motive legate de acumularea unui num\u0103r insuficient de credite pentru promovare;<\/li><li>curriculum vitae;<\/li><li>fi\u0219a de autoevaluare completat\u0103 (<a href=\"https:\/\/www.umfst.ro\/fileadmin\/documente_oficiale\/regulamente\/UMFST-REG-109-F01.docx\" target=\"_blank\" rel=\"noopener\">Anexa 01<\/a>);<\/li><li><strong>documente justificative care s\u0103 ateste activitatea punctat\u0103\u00a0<\/strong>\u00een fi\u0219a de autoevaluare.<\/li><\/ul><p>Documentele (semnate \u0219i scanate \u00een format PDF) se transmit prin e-mail la adresa<a href=\"mailto:jra@umfst.ro\">\u00a0jra@umfst.ro<\/a>\u00a0until\u00a0<strong>25 octombrie, ora 14.00<\/strong>. \u00cen coresponden\u021b\u0103, la rubrica subiect se specific\u0103: Dosar burs\u0103 &#8211;\u00a0facultatea \u00een care studentul \u00ee\u0219i desf\u0103\u0219oar\u0103 studiile.<\/p><p><span style=\"color: #a5243d\"><strong>Calendar<\/strong><\/span><\/p><ul><li>05 \u2013 25 octombrie 2023:\u00a0 depunerea documenta\u021biei<\/li><li>26 \u2013 30 octombrie 2023:\u00a0 evaluare dosare<\/li><li>31 octombrie 2023:\u00a0 comunicarea rezultatelor<\/li><li>01 \u2013 02 noiembrie 2023: depunerea contesta\u021biilor<\/li><li>03 noiembrie 2023: analizarea contesta\u021biilor<\/li><li>06 noiembrie 2023:\u00a0 comunicarea rezultatelor finale<\/li><\/ul>\t\t\t\t\t\t\t\t<\/div>\n\t\t\t\t<\/div>\n\t\t\t\t\t<\/div>\n\t\t<\/div>\n\t\t\t\t\t<\/div>\n\t\t<\/section>\n\t\t\t\t<\/div>","protected":false},"excerpt":{"rendered":"<p>Burse de performan\u021b\u0103 \u0219tiin\u021bific\u0103 pentru anul universitar 2025 \u2013 2026 Rezultate finale burse de performan\u021b\u0103 \u0219tiin\u021bific\u0103 2025 Rezultate evaluare dosare burse de performan\u021b\u0103 \u0219tiin\u021bific\u0103 \u2013 2025 Contesta\u021biile se pot depune \u00een perioada 31 octombrie \u2013 04 noiembrie 2025, ora 13:00 la registratura universit\u0103\u021bii. Universitatea de Medicin\u0103, Farmacie, \u0218tiin\u021be \u0219i Tehnologie \u201eGeorge Emil Palade\u201d din T\u00e2rgu [&hellip;]<\/p>\n","protected":false},"author":3,"featured_media":0,"parent":746,"menu_order":0,"comment_status":"closed","ping_status":"closed","template":"","meta":{"_relevanssi_hide_post":"","_relevanssi_hide_content":"","_relevanssi_pin_for_all":"","_relevanssi_pin_keywords":"","_relevanssi_unpin_keywords":"","_relevanssi_related_keywords":"","_relevanssi_related_include_ids":"","_relevanssi_related_exclude_ids":"","_relevanssi_related_no_append":"","_relevanssi_related_not_related":"","_relevanssi_related_posts":"150,154","_relevanssi_noindex_reason":"","footnotes":""},"categories":[145,16],"tags":[],"class_list":["post-757","page","type-page","status-publish","hentry","category-pagina-cercetare","category-pagina-sidebar"],"meta_box":[],"_links":{"self":[{"href":"https:\/\/umfst.ro\/en\/wp-json\/wp\/v2\/pages\/757","targetHints":{"allow":["GET"]}}],"collection":[{"href":"https:\/\/umfst.ro\/en\/wp-json\/wp\/v2\/pages"}],"about":[{"href":"https:\/\/umfst.ro\/en\/wp-json\/wp\/v2\/types\/page"}],"author":[{"embeddable":true,"href":"https:\/\/umfst.ro\/en\/wp-json\/wp\/v2\/users\/3"}],"replies":[{"embeddable":true,"href":"https:\/\/umfst.ro\/en\/wp-json\/wp\/v2\/comments?post=757"}],"version-history":[{"count":64,"href":"https:\/\/umfst.ro\/en\/wp-json\/wp\/v2\/pages\/757\/revisions"}],"predecessor-version":[{"id":44585,"href":"https:\/\/umfst.ro\/en\/wp-json\/wp\/v2\/pages\/757\/revisions\/44585"}],"up":[{"embeddable":true,"href":"https:\/\/umfst.ro\/en\/wp-json\/wp\/v2\/pages\/746"}],"wp:attachment":[{"href":"https:\/\/umfst.ro\/en\/wp-json\/wp\/v2\/media?parent=757"}],"wp:term":[{"taxonomy":"category","embeddable":true,"href":"https:\/\/umfst.ro\/en\/wp-json\/wp\/v2\/categories?post=757"},{"taxonomy":"post_tag","embeddable":true,"href":"https:\/\/umfst.ro\/en\/wp-json\/wp\/v2\/tags?post=757"}],"curies":[{"name":"wp","href":"https:\/\/api.w.org\/{rel}","templated":true}]}}