{"id":892,"date":"2022-11-18T11:46:55","date_gmt":"2022-11-18T09:46:55","guid":{"rendered":"https:\/\/dev.umfst.ro\/?page_id=892"},"modified":"2026-02-17T13:05:41","modified_gmt":"2026-02-17T11:05:41","slug":"academic-community-consultation","status":"publish","type":"page","link":"https:\/\/umfst.ro\/en\/universitate\/consultarea-comunitatii-academice\/","title":{"rendered":"Academic community consultation"},"content":{"rendered":"<div data-elementor-type=\"wp-page\" data-elementor-id=\"892\" class=\"elementor elementor-892\" data-elementor-post-type=\"page\">\n\t\t\t\t\t\t<section class=\"elementor-section elementor-top-section elementor-element elementor-element-25070783 elementor-section-boxed elementor-section-height-default elementor-section-height-default\" data-id=\"25070783\" data-element_type=\"section\" data-e-type=\"section\">\n\t\t\t\t\t\t<div class=\"elementor-container elementor-column-gap-default\">\n\t\t\t\t\t<div class=\"elementor-column elementor-col-100 elementor-top-column elementor-element elementor-element-985d5b5\" data-id=\"985d5b5\" data-element_type=\"column\" data-e-type=\"column\">\n\t\t\t<div class=\"elementor-widget-wrap elementor-element-populated\">\n\t\t\t\t\t\t<div class=\"elementor-element elementor-element-6252b62e elementor-widget elementor-widget-text-editor\" data-id=\"6252b62e\" data-element_type=\"widget\" data-e-type=\"widget\" data-widget_type=\"text-editor.default\">\n\t\t\t\t<div class=\"elementor-widget-container\">\n\t\t\t\t\t\t\t\t\t<h1>Carta UMFST G.E. Palade Tg.Mure\u0219<\/h1>\n<p><a href=\"https:\/\/www.umfst.ro\/fileadmin\/documente_oficiale\/2026\/Propuneri_modificare_Carta_UMFST.pdf\">Propuneri modificare Carta UMFST<\/a><\/p>\n<p><a href=\"https:\/\/www.umfst.ro\/fileadmin\/documente_oficiale\/2026\/Propuneri_modificare_Cod_de_Etica_si_Deontologie.pdf\">Propuneri modificare Cod de Etic\u0103 \u0219i Deontologie<\/a><\/p>\n<p><!-- \/wp:heading --><\/p>\n<p><!-- wp:paragraph --><\/p>\n<p><!-- \/wp:paragraph --><\/p>\n<p><!-- wp:paragraph --><\/p>\n<p>Observa\u021biile \u0219i sugestiile dumneavoastr\u0103 se pot trimite la adresa:<\/p>\n<p><!-- \/wp:paragraph --><\/p>\n<p><!-- wp:paragraph --><\/p>\n<p><a href=\"mailto:consultarepublica@umfst.ro\">consultarepublica@umfst.ro<\/a>, p\u00e2n\u0103 la data de 25 februarie 2026.<\/p>\n<p>\u00a0<\/p>\n<h1>Codul de etic\u0103<\/h1>\n<div><a href=\"https:\/\/www.umfst.ro\/fileadmin\/documente_oficiale\/doc_consultare\/2024\/Codul_de_etica.pdf\" target=\"_blank\" rel=\"noopener\">Codul de etic\u0103 \u0219i deontologie profesional\u0103 al UMFST G.E. Palade Tg.Mure\u0219 &#8211; consultare<\/a><\/div>\n<p>Observa\u021biile \u0219i sugestiile dumneavoastr\u0103 se pot trimite la adresa:<\/p>\n<p><a href=\"https:\/\/umfst.ro\/universitate\/consultarea-comunitatii-academice\/linkTo_UnCryptMailto(%27nbjmup%2BdpotvmubsfqvcmjdbAvngtu%5C%2Fsp%27);\">consultarepublica@umfst.ro<\/a>, p\u00e2n\u0103 la data de 3 iulie 2024.<\/p>\n<p>\u00a0<\/p>\n<h1>Carta UMFST G.E. Palade Tg.Mure\u0219<\/h1>\n<p><!-- \/wp:heading --><\/p>\n<p><!-- wp:paragraph --><\/p>\n<p><a href=\"https:\/\/www.umfst.ro\/fileadmin\/documente_oficiale\/doc_consultare\/2023\/CARTA_UMFST_2023_copie.pdf\">Carta UMFST G.E. Palade Tg.Mure\u0219 &#8211; consultare<\/a><\/p>\n<p><!-- \/wp:paragraph --><\/p>\n<p><!-- wp:paragraph --><\/p>\n<p>Observa\u021biile \u0219i sugestiile dumneavoastr\u0103 se pot trimite la adresa:<\/p>\n<p><!-- \/wp:paragraph --><\/p>\n<p><!-- wp:paragraph --><\/p>\n<p><a href=\"mailto:consultarepublica@umfst.ro\">consultarepublica@umfst.ro<\/a>, p\u00e2n\u0103 la data de 20 septembrie 2023.<\/p>\n<p><!-- \/wp:paragraph --><\/p>\n<p><!-- wp:heading {\"level\":1} --><\/p>\n<h1>CARTA UMFST<\/h1>\n<p><!-- \/wp:heading --><\/p>\n<p><!-- wp:paragraph --><\/p>\n<p><a href=\"https:\/\/www.umfst.ro\/fileadmin\/documente_oficiale\/doc_consultare\/2018\/Carta_UMFST_consultare.pdf\">Carta UMFST consultare<\/a><\/p>\n<p><!-- \/wp:paragraph --><\/p>\n<p><!-- wp:paragraph --><\/p>\n<p>Observa\u021biile \u0219i sugestiile dumneavoastr\u0103 se pot trimite la adresa:\u00a0<a href=\"linkTo_UnCryptMailto(%27nbjmup%2BdpotvmubsfAvnguhn%5C%2Fsp%27);\">consultare@umftgm.ro<\/a>,\u00a0p\u00e2n\u0103 la data de 22 oct. 2018.<\/p>\n<p><!-- \/wp:paragraph --><\/p>\n<p><!-- wp:heading {\"level\":1} --><\/p>\n<h1>FUZIUNE UMF &#8211; UPM PRIN ABSORBTIE<\/h1>\n<p><!-- \/wp:heading --><\/p>\n<p><!-- wp:paragraph --><\/p>\n<p><a href=\"https:\/\/www.umfst.ro\/fileadmin\/documente_oficiale\/doc_consultare\/2018\/Hotarare_Senat_UMF.pdf\">Proiect de Hot\u0103r\u00e2re a Senatului Universit\u0103\u021bii de Medicin\u0103 \u0219i Farmacie din T\u00eergu Mure\u0219 nr. 3\/18.04.2018<\/a><\/p>\n<p><!-- \/wp:paragraph --><\/p>\n<p><!-- wp:paragraph --><\/p>\n<p><a href=\"https:\/\/www.umfst.ro\/fileadmin\/documente_oficiale\/doc_consultare\/2018\/Proces_Verbal.pdf\">Proces Verbal al Comisiei Mixte UMF-UPM<\/a><\/p>\n<p><!-- \/wp:paragraph --><\/p>\n<p><!-- wp:paragraph --><\/p>\n<p><a href=\"https:\/\/www.umfst.ro\/fileadmin\/documente_oficiale\/doc_consultare\/2018\/Anexa_Hotarare_Senat_UMF.pdf\">Anex\u0103 la Hot\u0103r\u00e2rea Senatului Universit\u0103\u021bii de Medicin\u0103 \u0219i Farmacie din T\u00eergu Mure\u0219 nr. 3\/18.04.2018<\/a><\/p>\n<p><!-- \/wp:paragraph --><\/p>\n<p><!-- wp:paragraph --><\/p>\n<p><a href=\"https:\/\/www.umfst.ro\/fileadmin\/documente_oficiale\/doc_consultare\/2018\/Analiza_SWOT_fuziune_UMF_UPM.pdf\">Analiza SWOT a procesului de fuziune Universitatea de Medicin\u0103 \u015fi Farmacie \u2013 Universitatea \u201ePetru Maior\u201d<\/a><\/p>\n<p><!-- \/wp:paragraph --><\/p>\n<p><!-- wp:paragraph --><\/p>\n<p><a href=\"https:\/\/www.umfst.ro\/fileadmin\/documente_oficiale\/doc_consultare\/2018\/Raport_tehnic_UMF-UPM_Nagy_Elod.pdf\">Raport tehnic selectiv pentru comisia de negociere UMF-UPM &#8211; martie 2018<\/a><\/p>\n<p><!-- \/wp:paragraph --><\/p>\n<p><!-- wp:heading {\"level\":1} --><\/p>\n<h1>GRILE DE EVALUARE A ACTIVIT\u0102\u021aII CADRELOR DIDACTICE<\/h1>\n<p><!-- \/wp:heading --><\/p>\n<p><!-- wp:paragraph --><\/p>\n<p><a href=\"https:\/\/www.umfst.ro\/fileadmin\/documente_oficiale\/doc_consultare\/2015\/UMFTGM-REG-63_Ed.01Evaluare_cadre_didactice.pdf\">Metodologie proprie privind evaluarea anual\u0103 a cadrelor didactice<\/a><\/p>\n<p><!-- \/wp:paragraph --><\/p>\n<p><!-- wp:paragraph --><\/p>\n<p><a href=\"https:\/\/www.umfst.ro\/fileadmin\/documente_oficiale\/doc_consultare\/2015\/NOU_UMFTGM-REG-63-F01.pdf\">Fi\u015fa de evaluare anual\u0103 a performan\u0163elor profesionale individuale pentru func\u0163ia didactic\u0103 de profesor universitar<\/a><\/p>\n<p><!-- \/wp:paragraph --><\/p>\n<p><!-- wp:paragraph --><\/p>\n<p><a href=\"https:\/\/www.umfst.ro\/fileadmin\/documente_oficiale\/doc_consultare\/2015\/NOU_UMFTGM-REG-63-F02.pdf\">Fi\u015fa de evaluare anual\u0103 a performan\u0163elor profesionale individuale pentru func\u0163ia didactic\u0103 de conferen\u021biar universitar<\/a><\/p>\n<p><!-- \/wp:paragraph --><\/p>\n<p><!-- wp:paragraph --><\/p>\n<p><a href=\"https:\/\/www.umfst.ro\/fileadmin\/documente_oficiale\/doc_consultare\/2015\/NOU_UMFTGM-REG-63-F03.pdf\">Fi\u015fa de evaluare anual\u0103 a performan\u0163elor profesionale individuale pentru func\u0163ia didactic\u0103 de \u015fef de lucr\u0103ri<\/a><\/p>\n<p><!-- \/wp:paragraph --><\/p>\n<p><!-- wp:paragraph --><\/p>\n<p><a href=\"https:\/\/www.umfst.ro\/fileadmin\/documente_oficiale\/doc_consultare\/2015\/NOU_UMFTGM-REG-63-F04.pdf\">Fi\u015fa de evaluare anual\u0103 a performan\u0163elor profesionale individuale pentru func\u0163ia didactic\u0103 de\u00a0asistent universitar<\/a><\/p>\n<p><!-- \/wp:paragraph --><\/p>\n<p><!-- wp:paragraph --><\/p>\n<p><a href=\"https:\/\/www.umfst.ro\/fileadmin\/documente_oficiale\/doc_consultare\/2015\/NOU_UMFTGM-REG-63-F05.pdf\">Chestionar de evaluare a cadrelor didactice de c\u0103tre studen\u021bi<\/a><\/p>\n<p><!-- \/wp:paragraph --><\/p>\n<p><!-- wp:paragraph --><\/p>\n<p><a href=\"https:\/\/www.umfst.ro\/fileadmin\/documente_oficiale\/doc_consultare\/2015\/NOU_UMFTGM-REG-63-F06.pdf\">Fi\u015f\u0103 de evaluare anual\u0103 de c\u0103tre \u015feful ierarhic<\/a><\/p>\n<p><!-- \/wp:paragraph --><\/p>\n<p><!-- wp:paragraph --><\/p>\n<p><a href=\"https:\/\/www.umfst.ro\/fileadmin\/documente_oficiale\/doc_consultare\/2015\/NOU_UMFTGM-REG-63-F07.pdf\">Fi\u015f\u0103 de evaluare colegial\u0103<\/a><\/p>\n<p><!-- \/wp:paragraph --><\/p>\n<p><!-- wp:paragraph --><\/p>\n<p>Observa\u021biile \u0219i sugestiile dumneavoastr\u0103 se pot trimite la adresa:\u00a0<a href=\"linkTo_UnCryptMailto(%27nbjmup%2BdpotvmubsfAvnguhn%5C%2Fsp%27);\">consultare@umftgm.ro<\/a><\/p>\n<p><!-- \/wp:paragraph --><\/p>\n<p><!-- wp:paragraph --><\/p>\n<p><a href=\"https:\/\/www.umfst.ro\/fileadmin\/documente_oficiale\/doc_consultare\/Metodologie_Electorala_IOSUD-2.pdf\">Metodologie electoral\u0103 pentru alegerea membrilor Consiliului Studiilor Universitare de Doctorat C.S.U.D. \u0219i a membrilor Consiliului \u0218colii Doctorale C.S.D.<\/a><\/p>\n<p><!-- \/wp:paragraph --><\/p>\n<p><!-- wp:paragraph --><\/p>\n<p><a href=\"https:\/\/www.umfst.ro\/fileadmin\/documente_oficiale\/doc_consultare\/regulament_linia_maghiara_UMF.pdf\">PROIECT PROPUS DE REPREZENTAN\u021aII LINIEI MAGHIARE<\/a><\/p>\n<p><!-- \/wp:paragraph --><\/p>\t\t\t\t\t\t\t\t<\/div>\n\t\t\t\t<\/div>\n\t\t\t\t\t<\/div>\n\t\t<\/div>\n\t\t\t\t\t<\/div>\n\t\t<\/section>\n\t\t\t\t<\/div>","protected":false},"excerpt":{"rendered":"<p>Carta UMFST G.E. Palade Tg.Mure\u0219 Propuneri modificare Carta UMFST Propuneri modificare Cod de Etic\u0103 \u0219i Deontologie Observa\u021biile \u0219i sugestiile dumneavoastr\u0103 se pot trimite la adresa: consultarepublica@umfst.ro, p\u00e2n\u0103 la data de 25 februarie 2026. \u00a0 Codul de etic\u0103 Codul de etic\u0103 \u0219i deontologie profesional\u0103 al UMFST G.E. Palade Tg.Mure\u0219 &#8211; consultare Observa\u021biile \u0219i sugestiile dumneavoastr\u0103 se [&hellip;]<\/p>\n","protected":false},"author":3,"featured_media":0,"parent":83,"menu_order":17,"comment_status":"closed","ping_status":"closed","template":"","meta":{"_relevanssi_hide_post":"","_relevanssi_hide_content":"","_relevanssi_pin_for_all":"","_relevanssi_pin_keywords":"","_relevanssi_unpin_keywords":"","_relevanssi_related_keywords":"","_relevanssi_related_include_ids":"","_relevanssi_related_exclude_ids":"","_relevanssi_related_no_append":"","_relevanssi_related_not_related":"","_relevanssi_related_posts":"150,154","_relevanssi_noindex_reason":"","footnotes":""},"categories":[16],"tags":[],"class_list":["post-892","page","type-page","status-publish","hentry","category-pagina-sidebar"],"meta_box":[],"_links":{"self":[{"href":"https:\/\/umfst.ro\/en\/wp-json\/wp\/v2\/pages\/892","targetHints":{"allow":["GET"]}}],"collection":[{"href":"https:\/\/umfst.ro\/en\/wp-json\/wp\/v2\/pages"}],"about":[{"href":"https:\/\/umfst.ro\/en\/wp-json\/wp\/v2\/types\/page"}],"author":[{"embeddable":true,"href":"https:\/\/umfst.ro\/en\/wp-json\/wp\/v2\/users\/3"}],"replies":[{"embeddable":true,"href":"https:\/\/umfst.ro\/en\/wp-json\/wp\/v2\/comments?post=892"}],"version-history":[{"count":27,"href":"https:\/\/umfst.ro\/en\/wp-json\/wp\/v2\/pages\/892\/revisions"}],"predecessor-version":[{"id":46504,"href":"https:\/\/umfst.ro\/en\/wp-json\/wp\/v2\/pages\/892\/revisions\/46504"}],"up":[{"embeddable":true,"href":"https:\/\/umfst.ro\/en\/wp-json\/wp\/v2\/pages\/83"}],"wp:attachment":[{"href":"https:\/\/umfst.ro\/en\/wp-json\/wp\/v2\/media?parent=892"}],"wp:term":[{"taxonomy":"category","embeddable":true,"href":"https:\/\/umfst.ro\/en\/wp-json\/wp\/v2\/categories?post=892"},{"taxonomy":"post_tag","embeddable":true,"href":"https:\/\/umfst.ro\/en\/wp-json\/wp\/v2\/tags?post=892"}],"curies":[{"name":"wp","href":"https:\/\/api.w.org\/{rel}","templated":true}]}}