{"id":110,"date":"2022-11-24T17:58:32","date_gmt":"2022-11-24T17:58:32","guid":{"rendered":"https:\/\/dev.umfst.ro\/facultatea-de-farmacie\/?page_id=110"},"modified":"2026-02-18T12:19:22","modified_gmt":"2026-02-18T12:19:22","slug":"analitical-chemistry-and-drug-analysis","status":"publish","type":"page","link":"https:\/\/umfst.ro\/facultatea-de-farmacie\/en\/departamente-si-discipline\/departamentul-f1\/chimie-analitica-si-analiza-medicamentului\/","title":{"rendered":"Analitical Chemistry and Drug Analysis"},"content":{"rendered":"<div data-elementor-type=\"wp-page\" data-elementor-id=\"110\" class=\"elementor elementor-110\" data-elementor-post-type=\"page\">\n\t\t\t\t\t\t<section class=\"elementor-section elementor-top-section elementor-element elementor-element-9e22774 elementor-section-boxed elementor-section-height-default elementor-section-height-default\" data-id=\"9e22774\" data-element_type=\"section\" data-e-type=\"section\">\n\t\t\t\t\t\t<div class=\"elementor-container elementor-column-gap-default\">\n\t\t\t\t\t<div class=\"elementor-column elementor-col-50 elementor-top-column elementor-element elementor-element-6708a3b\" data-id=\"6708a3b\" data-element_type=\"column\" data-e-type=\"column\">\n\t\t\t<div class=\"elementor-widget-wrap elementor-element-populated\">\n\t\t\t\t\t\t<div class=\"elementor-element elementor-element-d2b0e58 elementor-widget elementor-widget-text-editor\" data-id=\"d2b0e58\" data-element_type=\"widget\" data-e-type=\"widget\" data-widget_type=\"text-editor.default\">\n\t\t\t\t<div class=\"elementor-widget-container\">\n\t\t\t\t\t\t\t\t\t<h2>Members<\/h2><p><strong>Head of discipline<\/strong><br \/>Prof. univ. dr. Daniela-Lucia Muntean \u2013\u00a0<a href=\"https:\/\/umfst.ro\/fileadmin\/f_farmacie\/Cadre_didactice\/CV\/F1\/CV_Muntean_DL.pdf\">CV<\/a><\/p><p><strong>Members<\/strong><br \/>Prof. univ. dr. Silvia Imre \u2013\u00a0<a href=\"https:\/\/umfst.ro\/fileadmin\/f_farmacie\/Cadre_didactice\/CV\/F1\/CV_Imre_Silvia.pdf\">CV<\/a><br \/>Conf. univ. dr. Anca-Gabriela C\u00e2rje \u2013\u00a0<a href=\"https:\/\/umfst.ro\/fileadmin\/f_farmacie\/Cadre_didactice\/CV\/F1\/CV_Carje_Anca.pdf\">CV<\/a><br \/>\u015eef lucr. dr. Alina Balint \u2013\u00a0<a href=\"https:\/\/umfst.ro\/fileadmin\/f_farmacie\/Cadre_didactice\/CV\/F1\/CV_Balint_Alina.pdf\">CV<\/a><br \/>\u015eef lucr. dr. Valentin Ion \u2013\u00a0<a href=\"https:\/\/umfst.ro\/fileadmin\/f_farmacie\/Cadre_didactice\/CV\/F1\/CV_Ion_Valentin.pdf\">CV<\/a><br \/>Asist. univ. drd. Camelia-Maria Matei \u2013\u00a0<a href=\"https:\/\/umfst.ro\/fileadmin\/f_farmacie\/Cadre_didactice\/CV\/F1\/CV_Camelia_Matei.pdf\">CV<\/a><br \/>Lab. Tech. Barab\u00e1s Hajnalka<br \/>Lab. Tech. M\u0103d\u0103lina Bacali<\/p><h2><strong>Research Directions<\/strong><\/h2><ul><li>Chiral separations using HPLC and capillary electrophoresis (CE)<\/li><li>Profiling of chemically related pharmaceutical impurities using HPLC and spectral methods<\/li><li>Drug stability studies<\/li><li>Bioanalysis of drugs and biomarkers<\/li><li>Bioanaliza medicamentelor \u0219i biomarkerilor<\/li><li>Targeted and untargeted proteomics<\/li><li>Analysis of native proteins and post-translational modifications (PTMs) by LC-MS\/MS<\/li><li>Microsampling-based analysis<\/li><li>Quality control of food supplements<\/li><\/ul>\t\t\t\t\t\t\t\t<\/div>\n\t\t\t\t<\/div>\n\t\t\t\t<div class=\"elementor-element elementor-element-a2786fa elementor-widget elementor-widget-text-editor\" data-id=\"a2786fa\" data-element_type=\"widget\" data-e-type=\"widget\" data-widget_type=\"text-editor.default\">\n\t\t\t\t<div class=\"elementor-widget-container\">\n\t\t\t\t\t\t\t\t\t<h2>Informations<\/h2>\t\t\t\t\t\t\t\t<\/div>\n\t\t\t\t<\/div>\n\t\t\t\t<div class=\"elementor-element elementor-element-ebc176e elementor-widget elementor-widget-jet-accordion\" data-id=\"ebc176e\" data-element_type=\"widget\" data-e-type=\"widget\" data-widget_type=\"jet-accordion.default\">\n\t\t\t\t<div class=\"elementor-widget-container\">\n\t\t\t\t\t\t\t\t\t<div class=\"jet-accordion\" data-settings=\"{&quot;collapsible&quot;:false,&quot;ajaxTemplate&quot;:false,&quot;switchScrolling&quot;:false,&quot;switchScrollingTablet&quot;:false,&quot;switchScrollingMobile&quot;:false,&quot;switchScrollingOffset&quot;:{&quot;size&quot;:0,&quot;unit&quot;:&quot;px&quot;},&quot;switchScrollingOffsetTablet&quot;:{&quot;size&quot;:0,&quot;unit&quot;:&quot;px&quot;},&quot;switchScrollingOffsetMobile&quot;:{&quot;size&quot;:0,&quot;unit&quot;:&quot;px&quot;},&quot;switchScrollingDelay&quot;:500,&quot;switchScrollingDelayTablet&quot;:500,&quot;switchScrollingDelayMobile&quot;:500}\">\n\t\t\t<div class=\"jet-accordion__inner\">\n\t\t\t\t<div class=\"jet-accordion__item jet-toggle jet-toggle-move-up-effect\">\n\t\t\t\t\t\t\t<div id=\"jet-toggle-control-2471\" class=\"jet-toggle__control elementor-menu-anchor\" data-toggle=\"1\" role=\"button\" tabindex=\"0\" aria-controls=\"jet-toggle-content-2471\" aria-expanded=\"false\" data-template-id=\"false\">\n\t\t\t\t\t\t\t\t<div class=\"jet-toggle__label-icon jet-toggle-icon-position-right\"><span class=\"jet-toggle__icon icon-normal jet-tabs-icon\"><svg xmlns=\"http:\/\/www.w3.org\/2000\/svg\" viewbox=\"0 0 448 512\"><path d=\"M256 80c0-17.7-14.3-32-32-32s-32 14.3-32 32V224H48c-17.7 0-32 14.3-32 32s14.3 32 32 32H192V432c0 17.7 14.3 32 32 32s32-14.3 32-32V288H400c17.7 0 32-14.3 32-32s-14.3-32-32-32H256V80z\"><\/path><\/svg><\/span><span class=\"jet-toggle__icon icon-active jet-tabs-icon\"><svg xmlns=\"http:\/\/www.w3.org\/2000\/svg\" viewbox=\"0 0 448 512\"><path d=\"M432 256c0 17.7-14.3 32-32 32L48 288c-17.7 0-32-14.3-32-32s14.3-32 32-32l352 0c17.7 0 32 14.3 32 32z\"><\/path><\/svg><\/span><\/div><div class=\"jet-toggle__label-text\">Sites of interest for the professional field of the subject<\/div>\t\t\t\t\t\t\t<\/div>\n\t\t\t\t\t\t\t<div id=\"jet-toggle-content-2471\" class=\"jet-toggle__content\" data-toggle=\"1\" role=\"region\" data-template-id=\"false\">\n\t\t\t\t\t\t\t\t<div class=\"jet-toggle__content-inner\"><p><a href=\"http:\/\/www.ema.europa.eu\/ema\/\" target=\"_blank\" rel=\"noopener\">Agen\u021bia European\u0103 a Medicamentului<\/a>\u00a0<\/p><p><a href=\"http:\/\/www.fda.gov\/\" target=\"_blank\" rel=\"noopener\">Food and Drug Administration<\/a><\/p><p><a href=\"http:\/\/www.anm.ro\/anmdm\/\" target=\"_blank\" rel=\"noopener\">Agen\u021bia Na\u021bional\u0103 a Medicamentului \u0219i a Dispozitivelor Medicale<\/a><\/p><p><a href=\"http:\/\/www.eufeps.org\/\" target=\"_blank\" rel=\"noopener\">The\u00a0European Federation for Pharmaceutical Sciences\u00a0(EUFEPS)<\/a><\/p><p><a href=\"http:\/\/www.efpia.eu\/\" target=\"_blank\" rel=\"noopener\">European Federation of Pharmaceutical Industries and Associations<\/a><\/p><p><a href=\"http:\/\/www.edqm.eu\/en\/european-pharmacopoeia-publications-1401.html\" target=\"_blank\" rel=\"noopener\">European Pharmacopoeia<\/a><\/p><p><a href=\"http:\/\/www.usp.org\/\" target=\"_blank\" rel=\"noopener\">United States Pharmacopeia<\/a><\/p><\/div>\n\t\t\t\t\t\t\t<\/div>\n\t\t\t\t\t\t<\/div>\t\t\t<\/div>\n\t\t<\/div>\n\t\t\t\t\t\t<\/div>\n\t\t\t\t<\/div>\n\t\t\t\t\t<\/div>\n\t\t<\/div>\n\t\t\t\t<div class=\"elementor-column elementor-col-50 elementor-top-column elementor-element elementor-element-f54e83a\" data-id=\"f54e83a\" data-element_type=\"column\" data-e-type=\"column\">\n\t\t\t<div class=\"elementor-widget-wrap elementor-element-populated\">\n\t\t\t\t\t\t<section class=\"elementor-section elementor-inner-section elementor-element elementor-element-77df88e elementor-section-boxed elementor-section-height-default elementor-section-height-default\" data-id=\"77df88e\" data-element_type=\"section\" data-e-type=\"section\">\n\t\t\t\t\t\t<div class=\"elementor-container elementor-column-gap-default\">\n\t\t\t\t\t<div data-dce-background-color=\"#F2F7FF\" class=\"elementor-column elementor-col-100 elementor-inner-column elementor-element elementor-element-9ae2e40\" data-id=\"9ae2e40\" data-element_type=\"column\" data-e-type=\"column\" data-settings=\"{&quot;background_background&quot;:&quot;classic&quot;}\">\n\t\t\t<div class=\"elementor-widget-wrap elementor-element-populated\">\n\t\t\t\t\t\t<div class=\"elementor-element elementor-element-9be477d elementor-widget elementor-widget-heading\" data-id=\"9be477d\" data-element_type=\"widget\" data-e-type=\"widget\" data-widget_type=\"heading.default\">\n\t\t\t\t<div class=\"elementor-widget-container\">\n\t\t\t\t\t<h5 class=\"elementor-heading-title elementor-size-default\">Contact<\/h5>\t\t\t\t<\/div>\n\t\t\t\t<\/div>\n\t\t\t\t<div class=\"elementor-element elementor-element-07c3073 elementor-widget-divider--view-line elementor-widget elementor-widget-divider\" data-id=\"07c3073\" data-element_type=\"widget\" data-e-type=\"widget\" data-widget_type=\"divider.default\">\n\t\t\t\t<div class=\"elementor-widget-container\">\n\t\t\t\t\t\t\t<div class=\"elementor-divider\">\n\t\t\t<span class=\"elementor-divider-separator\">\n\t\t\t\t\t\t<\/span>\n\t\t<\/div>\n\t\t\t\t\t\t<\/div>\n\t\t\t\t<\/div>\n\t\t\t\t<div class=\"elementor-element elementor-element-803e657 elementor-widget elementor-widget-icon-box\" data-id=\"803e657\" data-element_type=\"widget\" data-e-type=\"widget\" data-widget_type=\"icon-box.default\">\n\t\t\t\t<div class=\"elementor-widget-container\">\n\t\t\t\t\t\t\t<div class=\"elementor-icon-box-wrapper\">\n\n\t\t\t\n\t\t\t\t\t\t<div class=\"elementor-icon-box-content\">\n\n\t\t\t\t\t\t\t\t\t<h3 class=\"elementor-icon-box-title\">\n\t\t\t\t\t\t<span  >\n\t\t\t\t\t\t\tAddress\t\t\t\t\t\t<\/span>\n\t\t\t\t\t<\/h3>\n\t\t\t\t\n\t\t\t\t\t\t\t\t\t<p class=\"elementor-icon-box-description translation-block\">Faculty of Pharmacy Building 38 <br>\nGheorghe Marinescu Street\nT\u00e2rgu Mure\u0219, 540142 Rom\u00e2nia<\/p>\n\t\t\t\t\n\t\t\t<\/div>\n\t\t\t\n\t\t<\/div>\n\t\t\t\t\t\t<\/div>\n\t\t\t\t<\/div>\n\t\t\t\t<div class=\"elementor-element elementor-element-dcb59a6 elementor-widget elementor-widget-icon-box\" data-id=\"dcb59a6\" data-element_type=\"widget\" data-e-type=\"widget\" data-widget_type=\"icon-box.default\">\n\t\t\t\t<div class=\"elementor-widget-container\">\n\t\t\t\t\t\t\t<div class=\"elementor-icon-box-wrapper\">\n\n\t\t\t\n\t\t\t\t\t\t<div class=\"elementor-icon-box-content\">\n\n\t\t\t\t\t\t\t\t\t<h3 class=\"elementor-icon-box-title\">\n\t\t\t\t\t\t<span  >\n\t\t\t\t\t\t\tHead of discipline\t\t\t\t\t\t<\/span>\n\t\t\t\t\t<\/h3>\n\t\t\t\t\n\t\t\t\t\t\t\t\t\t<p class=\"elementor-icon-box-description\">\n\t\t\t\t\t\tblock C3, upper floor, entrance 101, room 108\t\t\t\t\t<\/p>\n\t\t\t\t\n\t\t\t<\/div>\n\t\t\t\n\t\t<\/div>\n\t\t\t\t\t\t<\/div>\n\t\t\t\t<\/div>\n\t\t\t\t<div class=\"elementor-element elementor-element-173fdd5 elementor-widget elementor-widget-icon-box\" data-id=\"173fdd5\" data-element_type=\"widget\" data-e-type=\"widget\" data-widget_type=\"icon-box.default\">\n\t\t\t\t<div class=\"elementor-widget-container\">\n\t\t\t\t\t\t\t<div class=\"elementor-icon-box-wrapper\">\n\n\t\t\t\n\t\t\t\t\t\t<div class=\"elementor-icon-box-content\">\n\n\t\t\t\t\t\t\t\t\t<h3 class=\"elementor-icon-box-title\">\n\t\t\t\t\t\t<span  >\n\t\t\t\t\t\t\tDiscipline members\t\t\t\t\t\t<\/span>\n\t\t\t\t\t<\/h3>\n\t\t\t\t\n\t\t\t\t\t\t\t\t\t<p class=\"elementor-icon-box-description translation-block\">block C3,<Br>\n- upper floor, entrance 88, room 92,<br>\n- ground floor, entrance 151, room 158<\/p>\n\t\t\t\t\n\t\t\t<\/div>\n\t\t\t\n\t\t<\/div>\n\t\t\t\t\t\t<\/div>\n\t\t\t\t<\/div>\n\t\t\t\t<div class=\"elementor-element elementor-element-f8e8a63 elementor-widget elementor-widget-icon-box\" data-id=\"f8e8a63\" data-element_type=\"widget\" data-e-type=\"widget\" data-widget_type=\"icon-box.default\">\n\t\t\t\t<div class=\"elementor-widget-container\">\n\t\t\t\t\t\t\t<div class=\"elementor-icon-box-wrapper\">\n\n\t\t\t\n\t\t\t\t\t\t<div class=\"elementor-icon-box-content\">\n\n\t\t\t\t\t\t\t\t\t<h3 class=\"elementor-icon-box-title\">\n\t\t\t\t\t\t<span  >\n\t\t\t\t\t\t\tLaboratory\t\t\t\t\t\t<\/span>\n\t\t\t\t\t<\/h3>\n\t\t\t\t\n\t\t\t\t\t\t\t\t\t<p class=\"elementor-icon-box-description translation-block\">corp C1<br>\n- ground floor, entrance 12<br>\n- ground floor, entrance 16<\/p>\n\t\t\t\t\n\t\t\t<\/div>\n\t\t\t\n\t\t<\/div>\n\t\t\t\t\t\t<\/div>\n\t\t\t\t<\/div>\n\t\t\t\t<div class=\"elementor-element elementor-element-3318ea3 elementor-widget elementor-widget-icon-box\" data-id=\"3318ea3\" data-element_type=\"widget\" data-e-type=\"widget\" data-widget_type=\"icon-box.default\">\n\t\t\t\t<div class=\"elementor-widget-container\">\n\t\t\t\t\t\t\t<div class=\"elementor-icon-box-wrapper\">\n\n\t\t\t\n\t\t\t\t\t\t<div class=\"elementor-icon-box-content\">\n\n\t\t\t\t\t\t\t\t\t<h3 class=\"elementor-icon-box-title\">\n\t\t\t\t\t\t<span  >\n\t\t\t\t\t\t\tPhone\t\t\t\t\t\t<\/span>\n\t\t\t\t\t<\/h3>\n\t\t\t\t\n\t\t\t\t\t\t\t\t\t<p class=\"elementor-icon-box-description\">\n\t\t\t\t\t\t+40-265-215.551, int. 204, 357, 360, 370, 379, 380\t\t\t\t\t<\/p>\n\t\t\t\t\n\t\t\t<\/div>\n\t\t\t\n\t\t<\/div>\n\t\t\t\t\t\t<\/div>\n\t\t\t\t<\/div>\n\t\t\t\t\t<\/div>\n\t\t<\/div>\n\t\t\t\t\t<\/div>\n\t\t<\/section>\n\t\t\t\t\t<\/div>\n\t\t<\/div>\n\t\t\t\t\t<\/div>\n\t\t<\/section>\n\t\t\t\t<\/div>","protected":false},"excerpt":{"rendered":"<p>Colectivul disciplinei \u0218ef disciplin\u0103Prof. univ. dr. Daniela-Lucia Muntean \u2013\u00a0CV MembriProf. univ. dr. Silvia Imre \u2013\u00a0CVConf. univ. dr. Anca-Gabriela C\u00e2rje \u2013\u00a0CV\u015eef lucr. dr. Alina Balint \u2013\u00a0CV\u015eef lucr. dr. Valentin Ion \u2013\u00a0CVAsist. univ. drd. Camelia-Maria Matei \u2013\u00a0CVLaborant Barab\u00e1s HajnalkaLaborant M\u0103d\u0103lina Bacali Direc\u021bii de cercetare Separ\u0103ri chirale prin HPLC \u0219i EC Profilarea impurit\u0103\u021bilor medicamentoase \u00eenrudite chimic prin metode [&hellip;]<\/p>\n","protected":false},"author":4,"featured_media":0,"parent":65,"menu_order":0,"comment_status":"closed","ping_status":"closed","template":"","meta":{"_relevanssi_hide_post":"","_relevanssi_hide_content":"","_relevanssi_pin_for_all":"","_relevanssi_pin_keywords":"","_relevanssi_unpin_keywords":"","_relevanssi_related_keywords":"","_relevanssi_related_include_ids":"","_relevanssi_related_exclude_ids":"","_relevanssi_related_no_append":"","_relevanssi_related_not_related":"","_relevanssi_related_posts":"1","_relevanssi_noindex_reason":"","footnotes":""},"categories":[13,31],"tags":[],"class_list":["post-110","page","type-page","status-publish","hentry","category-pagina-cu-sidebar","category-pagina-departamente-si-discipline"],"meta_box":[],"_links":{"self":[{"href":"https:\/\/umfst.ro\/facultatea-de-farmacie\/en\/wp-json\/wp\/v2\/pages\/110","targetHints":{"allow":["GET"]}}],"collection":[{"href":"https:\/\/umfst.ro\/facultatea-de-farmacie\/en\/wp-json\/wp\/v2\/pages"}],"about":[{"href":"https:\/\/umfst.ro\/facultatea-de-farmacie\/en\/wp-json\/wp\/v2\/types\/page"}],"author":[{"embeddable":true,"href":"https:\/\/umfst.ro\/facultatea-de-farmacie\/en\/wp-json\/wp\/v2\/users\/4"}],"replies":[{"embeddable":true,"href":"https:\/\/umfst.ro\/facultatea-de-farmacie\/en\/wp-json\/wp\/v2\/comments?post=110"}],"version-history":[{"count":46,"href":"https:\/\/umfst.ro\/facultatea-de-farmacie\/en\/wp-json\/wp\/v2\/pages\/110\/revisions"}],"predecessor-version":[{"id":4017,"href":"https:\/\/umfst.ro\/facultatea-de-farmacie\/en\/wp-json\/wp\/v2\/pages\/110\/revisions\/4017"}],"up":[{"embeddable":true,"href":"https:\/\/umfst.ro\/facultatea-de-farmacie\/en\/wp-json\/wp\/v2\/pages\/65"}],"wp:attachment":[{"href":"https:\/\/umfst.ro\/facultatea-de-farmacie\/en\/wp-json\/wp\/v2\/media?parent=110"}],"wp:term":[{"taxonomy":"category","embeddable":true,"href":"https:\/\/umfst.ro\/facultatea-de-farmacie\/en\/wp-json\/wp\/v2\/categories?post=110"},{"taxonomy":"post_tag","embeddable":true,"href":"https:\/\/umfst.ro\/facultatea-de-farmacie\/en\/wp-json\/wp\/v2\/tags?post=110"}],"curies":[{"name":"wp","href":"https:\/\/api.w.org\/{rel}","templated":true}]}}