{"id":215,"date":"2022-11-25T19:08:35","date_gmt":"2022-11-25T19:08:35","guid":{"rendered":"https:\/\/dev.umfst.ro\/facultatea-de-farmacie\/?page_id=215"},"modified":"2025-10-28T10:46:52","modified_gmt":"2025-10-28T10:46:52","slug":"bachelors-degree-studies","status":"publish","type":"page","link":"https:\/\/umfst.ro\/facultatea-de-farmacie\/en\/oferta-educationala\/studii-de-licenta\/","title":{"rendered":"Bachelor's degree studies"},"content":{"rendered":"\t\t<div data-elementor-type=\"wp-post\" data-elementor-id=\"215\" class=\"elementor elementor-215\" data-elementor-post-type=\"page\">\n\t\t\t\t\t\t<section class=\"elementor-section elementor-top-section elementor-element elementor-element-d2fc8a0 elementor-section-boxed elementor-section-height-default elementor-section-height-default\" data-id=\"d2fc8a0\" data-element_type=\"section\" data-e-type=\"section\">\n\t\t\t\t\t\t<div class=\"elementor-container elementor-column-gap-default\">\n\t\t\t\t\t<div class=\"elementor-column elementor-col-100 elementor-top-column elementor-element elementor-element-b659616\" data-id=\"b659616\" data-element_type=\"column\" data-e-type=\"column\">\n\t\t\t<div class=\"elementor-widget-wrap elementor-element-populated\">\n\t\t\t\t\t\t<div class=\"elementor-element elementor-element-f245ca7 elementor-widget elementor-widget-heading\" data-id=\"f245ca7\" data-element_type=\"widget\" data-e-type=\"widget\" data-widget_type=\"heading.default\">\n\t\t\t\t<div class=\"elementor-widget-container\">\n\t\t\t\t\t<h2 class=\"elementor-heading-title elementor-size-default\">Oferta educa\u021bional\u0103<\/h2>\t\t\t\t<\/div>\n\t\t\t\t<\/div>\n\t\t\t\t\t<\/div>\n\t\t<\/div>\n\t\t\t\t\t<\/div>\n\t\t<\/section>\n\t\t\t\t<section class=\"elementor-section elementor-top-section elementor-element elementor-element-a4bb00a elementor-section-boxed elementor-section-height-default elementor-section-height-default\" data-id=\"a4bb00a\" data-element_type=\"section\" data-e-type=\"section\">\n\t\t\t\t\t\t<div class=\"elementor-container elementor-column-gap-default\">\n\t\t\t\t\t<div class=\"elementor-column elementor-col-100 elementor-top-column elementor-element elementor-element-5f55360\" data-id=\"5f55360\" data-element_type=\"column\" data-e-type=\"column\">\n\t\t\t<div class=\"elementor-widget-wrap elementor-element-populated\">\n\t\t\t\t\t\t<div class=\"elementor-element elementor-element-f5a0f61 elementor-widget elementor-widget-text-editor\" data-id=\"f5a0f61\" data-element_type=\"widget\" data-e-type=\"widget\" data-no-translation=\"\" data-widget_type=\"text-editor.default\">\n\t\t\t\t<div class=\"elementor-widget-container\">\n\t\t\t\t\t\t\t\t\t<p>\n<div class=\"wpdt-c wdt-skin-light\">\n    \n    <input type=\"hidden\" id=\"wdtNonceFrontendServerSide_4\" name=\"wdtNonceFrontendServerSide_4\" value=\"31ad531407\" \/><input type=\"hidden\" name=\"_wp_http_referer\" value=\"\/facultatea-de-farmacie\/en\/wp-json\/wp\/v2\/pages\/215\" \/>    <input type=\"hidden\" id=\"table_2_desc\"\n           value='{\"tableId\":\"table_2\",\"tableType\":\"manual\",\"selector\":\"#table_2\",\"responsive\":true,\"responsiveAction\":\"icon\",\"editable\":false,\"inlineEditing\":false,\"infoBlock\":false,\"pagination_top\":0,\"pagination\":0,\"paginationAlign\":\"right\",\"paginationLayout\":\"full_numbers\",\"paginationLayoutMobile\":\"simple\",\"file_location\":\"\",\"tableSkin\":\"light\",\"table_wcag\":0,\"simple_template_id\":0,\"scrollable\":false,\"fixedLayout\":true,\"globalSearch\":false,\"showRowsPerPage\":false,\"popoverTools\":false,\"loader\":1,\"showCartInformation\":0,\"hideBeforeLoad\":false,\"number_format\":1,\"decimalPlaces\":2,\"spinnerSrc\":\"https:\\\/\\\/umfst.ro\\\/facultatea-de-farmacie\\\/wp-content\\\/plugins\\\/wpdatatables\\\/assets\\\/\\\/img\\\/spinner.gif\",\"index_column\":0,\"groupingEnabled\":false,\"tableWpId\":4,\"dataTableParams\":{\"sDom\":\"BT\\u003C\\u0027clear\\u0027\\u003Et\",\"bSortCellsTop\":false,\"bFilter\":true,\"aLengthMenu\":[[1,5,10,25,50,100,-1],[1,5,10,25,50,100,\"All\"]],\"iDisplayLength\":10,\"columnDefs\":[{\"sType\":\"formatted-num\",\"wdtType\":\"int\",\"bVisible\":false,\"orderable\":true,\"searchable\":true,\"InputType\":\"text\",\"name\":\"wdt_ID\",\"origHeader\":\"wdt_ID\",\"notNull\":false,\"conditionalFormattingRules\":[],\"transformValueRules\":\"\",\"className\":\"numdata integer  column-wdt_id\",\"aTargets\":[0]},{\"sType\":\"string\",\"wdtType\":\"string\",\"bVisible\":true,\"orderable\":true,\"searchable\":true,\"InputType\":\"text\",\"name\":\"domeniuldestudiiuniversitaredemasterat\",\"origHeader\":\"domeniuldestudiiuniversitaredemasterat\",\"notNull\":false,\"conditionalFormattingRules\":[],\"transformValueRules\":\"\",\"className\":\" column-domeniuldestudiiuniversitaredemasterat\",\"sWidth\":\"13%\",\"aTargets\":[1]},{\"sType\":\"string\",\"wdtType\":\"link\",\"bVisible\":true,\"orderable\":true,\"searchable\":true,\"InputType\":\"text\",\"name\":\"denumireaprogramuluidestudiiuniversitaredemasterat\",\"origHeader\":\"denumireaprogramuluidestudiiuniversitaredemasterat\",\"notNull\":false,\"conditionalFormattingRules\":[],\"transformValueRules\":\"\",\"className\":\" column-denumireaprogramuluidestudiiuniversitaredemasterat\",\"aTargets\":[2]},{\"sType\":\"string\",\"wdtType\":\"string\",\"bVisible\":true,\"orderable\":true,\"searchable\":true,\"InputType\":\"text\",\"name\":\"durata\",\"origHeader\":\"durata\",\"notNull\":false,\"conditionalFormattingRules\":[],\"transformValueRules\":\"\",\"className\":\" column-durata\",\"sWidth\":\"12%\",\"aTargets\":[3]},{\"sType\":\"string\",\"wdtType\":\"string\",\"bVisible\":true,\"orderable\":true,\"searchable\":true,\"InputType\":\"text\",\"name\":\"formadeinvatamant\",\"origHeader\":\"formadeinvatamant\",\"notNull\":false,\"conditionalFormattingRules\":[],\"transformValueRules\":\"\",\"className\":\" column-formadeinvatamant\",\"sWidth\":\"10%\",\"aTargets\":[4]},{\"sType\":\"string\",\"wdtType\":\"string\",\"bVisible\":true,\"orderable\":true,\"searchable\":true,\"InputType\":\"text\",\"name\":\"numarcredite\",\"origHeader\":\"numarcredite\",\"notNull\":false,\"conditionalFormattingRules\":[],\"transformValueRules\":\"\",\"className\":\" column-numarcredite\",\"sWidth\":\"10%\",\"aTargets\":[5]},{\"sType\":\"string\",\"wdtType\":\"string\",\"bVisible\":true,\"orderable\":true,\"searchable\":true,\"InputType\":\"text\",\"name\":\"limbadestudiu\",\"origHeader\":\"limbadestudiu\",\"notNull\":false,\"conditionalFormattingRules\":[],\"transformValueRules\":\"\",\"className\":\" column-limbadestudiu\",\"sWidth\":\"15%\",\"aTargets\":[6]}],\"bAutoWidth\":false,\"order\":[[0,\"asc\"]],\"ordering\":false,\"fixedHeader\":{\"header\":false,\"headerOffset\":0},\"fixedColumns\":false,\"oLanguage\":{\"sSearchPlaceholder\":\"\"},\"buttons\":[],\"bProcessing\":false,\"serverSide\":true,\"ajax\":{\"url\":\"https:\\\/\\\/umfst.ro\\\/facultatea-de-farmacie\\\/wp-admin\\\/admin-ajax.php?action=get_wdtable&#038;table_id=4\",\"type\":\"POST\"},\"oSearch\":{\"bSmart\":false,\"bRegex\":false,\"sSearch\":\"\"}},\"customRowDisplay\":\"\",\"tabletWidth\":\"1024\",\"mobileWidth\":\"480\",\"renderFilter\":\"footer\",\"advancedFilterEnabled\":false,\"serverSide\":true,\"autoRefreshInterval\":0,\"processing\":true,\"fnServerData\":true,\"columnsFixed\":0,\"sumFunctionsLabel\":false,\"avgFunctionsLabel\":false,\"minFunctionsLabel\":false,\"maxFunctionsLabel\":false,\"columnsDecimalPlaces\":{\"wdt_ID\":-1,\"domeniuldestudiiuniversitaredemasterat\":-1,\"denumireaprogramuluidestudiiuniversitaredemasterat\":-1,\"durata\":-1,\"formadeinvatamant\":-1,\"numarcredite\":-1,\"limbadestudiu\":-1},\"columnsThousandsSeparator\":{\"wdt_ID\":0},\"sumColumns\":[],\"avgColumns\":[],\"sumAvgColumns\":[],\"timeFormat\":\"h:i A\",\"datepickFormat\":\"dd\\\/mm\\\/yy\"}'\/>\n\n    <table id=\"table_2\"\n           class=\"  responsive display nowrap wdt-no-display data-t data-t wpDataTable wpDataTableID-4 \"\n           style=\"\"\n           data-described-by='table_2_desc'\n           data-wpdatatable_id=\"4\">\n        \n        <!-- Table header -->\n        \n<thead>\n<tr>\n                    <th\n                        class=\" wdtheader sort numdata integer \"\n        style=\"\">        wdt_ID<\/th>        <th\n                data-hide=\"phone\"        class=\"phone wdtheader sort \"\n        style=\"\">        Field of study<\/th>        <th\n        data-class=\"expand\"                class=\" wdtheader sort \"\n        style=\"\">        Study program<\/th>        <th\n                        class=\" wdtheader sort \"\n        style=\"\">        Duration of studies<\/th>        <th\n                data-hide=\"phone\"        class=\"phone wdtheader sort \"\n        style=\"\">        Form of education<\/th>        <th\n                data-hide=\"phone\"        class=\"phone wdtheader sort \"\n        style=\"\">        ECTS credits<\/th>        <th\n                        class=\" wdtheader sort \"\n        style=\"\">        Language<\/th>    <\/tr>\n<\/thead>\n        <!-- \/Table header -->\n\n        <!-- Table body -->\n        \n<tbody>\n<!-- Table body -->\n<div data-id=\"4\"\n     class=\"wdt-timeline-item wdt-timeline-table_2\"\n     style=\"\">\n    <div class=\"wdt-table-loader\">\n        <div class=\"wdt-table-loader-row wdt-table-loader-header\">\n            <div class=\"wdt-table-loader-header-cell wdt-animated-background\"><\/div>\n            <div class=\"wdt-table-loader-header-cell wdt-animated-background\"><\/div>\n            <div class=\"wdt-table-loader-header-cell wdt-animated-background\"><\/div>\n        <\/div>\n                    <div class=\"wdt-table-loader-row\">\n                <div class=\"wdt-table-loader-cell wdt-animated-background\"><\/div>\n                <div class=\"wdt-table-loader-cell wdt-animated-background\"><\/div>\n                <div class=\"wdt-table-loader-cell wdt-animated-background\"><\/div>\n            <\/div>\n                    <div class=\"wdt-table-loader-row\">\n                <div class=\"wdt-table-loader-cell wdt-animated-background\"><\/div>\n                <div class=\"wdt-table-loader-cell wdt-animated-background\"><\/div>\n                <div class=\"wdt-table-loader-cell wdt-animated-background\"><\/div>\n            <\/div>\n                    <div class=\"wdt-table-loader-row\">\n                <div class=\"wdt-table-loader-cell wdt-animated-background\"><\/div>\n                <div class=\"wdt-table-loader-cell wdt-animated-background\"><\/div>\n                <div class=\"wdt-table-loader-cell wdt-animated-background\"><\/div>\n            <\/div>\n                    <div class=\"wdt-table-loader-row\">\n                <div class=\"wdt-table-loader-cell wdt-animated-background\"><\/div>\n                <div class=\"wdt-table-loader-cell wdt-animated-background\"><\/div>\n                <div class=\"wdt-table-loader-cell wdt-animated-background\"><\/div>\n            <\/div>\n                    <div class=\"wdt-table-loader-row\">\n                <div class=\"wdt-table-loader-cell wdt-animated-background\"><\/div>\n                <div class=\"wdt-table-loader-cell wdt-animated-background\"><\/div>\n                <div class=\"wdt-table-loader-cell wdt-animated-background\"><\/div>\n            <\/div>\n                    <div class=\"wdt-table-loader-row\">\n                <div class=\"wdt-table-loader-cell wdt-animated-background\"><\/div>\n                <div class=\"wdt-table-loader-cell wdt-animated-background\"><\/div>\n                <div class=\"wdt-table-loader-cell wdt-animated-background\"><\/div>\n            <\/div>\n                    <div class=\"wdt-table-loader-row\">\n                <div class=\"wdt-table-loader-cell wdt-animated-background\"><\/div>\n                <div class=\"wdt-table-loader-cell wdt-animated-background\"><\/div>\n                <div class=\"wdt-table-loader-cell wdt-animated-background\"><\/div>\n            <\/div>\n            <\/div>\n<\/div><!-- \/Table body -->\n                    <tr id=\"table_4_row_0\"\n            data-row-index=\"0\">\n                            <td style=\"\">2<\/td>\n                            <td style=\"\">Pharmacy<\/td>\n                            <td style=\"\"><a data-content='Pharmacy' href='https:\/\/umfst.ro\/facultatea-de-farmacie\/en\/oferta-educationala\/studii-de-licenta\/farmacie\/' rel='' target='_self'>Pharmacy<\/a><\/td>\n                            <td style=\"\">5 years<\/td>\n                            <td style=\"\">full time<\/td>\n                            <td style=\"\">300<\/td>\n                            <td style=\"\">Romanian\/ Hungarian<\/td>\n                    <\/tr>\n                            <tr id=\"table_4_row_1\"\n            data-row-index=\"1\">\n                            <td style=\"\">3<\/td>\n                            <td style=\"\">Pharmacy<\/td>\n                            <td style=\"\"><a data-content='Medical cosmetics and cosmetic product technology' href='https:\/\/umfst.ro\/facultatea-de-farmacie\/en\/oferta-educationala\/studii-de-licenta\/cosmetica-medicala-si-tehnologia-produsului-cosmetic\/' rel='' target='_self'>Medical cosmetics and cosmetic product technology<\/a><\/td>\n                            <td style=\"\">3 years<\/td>\n                            <td style=\"\">full time<\/td>\n                            <td style=\"\">180<\/td>\n                            <td style=\"\">Romanian<\/td>\n                    <\/tr>\n                            <tr id=\"table_4_row_2\"\n            data-row-index=\"2\">\n                            <td style=\"\">5<\/td>\n                            <td style=\"\">Pharmacy<\/td>\n                            <td style=\"\"><a data-content='Pharmacy assistance (in Bistri\u021ba)' href='https:\/\/umfst.ro\/facultatea-de-farmacie\/en\/oferta-educationala\/studii-de-licenta\/asistenta-de-farmacie\/' rel='' target='_self'>Pharmacy assistance (in Bistri\u021ba)<\/a><\/td>\n                            <td style=\"\">3 years<\/td>\n                            <td style=\"\">full time<\/td>\n                            <td style=\"\">180<\/td>\n                            <td style=\"\">Romanian<\/td>\n                    <\/tr>\n                            <tr id=\"table_4_row_3\"\n            data-row-index=\"3\">\n                            <td style=\"\">7<\/td>\n                            <td style=\"\">Pharmacy<\/td>\n                            <td style=\"\"><a data-content='Nutrition and dietetics' href='https:\/\/umfst.ro\/facultatea-de-farmacie\/en\/oferta-educationala\/studii-de-licenta\/nutritie-si-dietetica\/' rel='' target='_self'>Nutrition and dietetics<\/a><\/td>\n                            <td style=\"\">3 years<\/td>\n                            <td style=\"\">full time<\/td>\n                            <td style=\"\">180<\/td>\n                            <td style=\"\">Romanian<\/td>\n                    <\/tr>\n                            <tr id=\"table_4_row_4\"\n            data-row-index=\"4\">\n                            <td style=\"\">8<\/td>\n                            <td style=\"\">Pharmacy<\/td>\n                            <td style=\"\"><a data-content='Medicinal chemistry' href='https:\/\/umfst.ro\/facultatea-de-farmacie\/en\/oferta-educationala\/studii-de-licenta\/chimie-medicala\/' rel='' target='_self'>Medicinal chemistry<\/a><\/td>\n                            <td style=\"\">3 years<\/td>\n                            <td style=\"\">full time<\/td>\n                            <td style=\"\">180<\/td>\n                            <td style=\"\">Romanian<\/td>\n                    <\/tr>\n                            <tr id=\"table_4_row_5\"\n            data-row-index=\"5\">\n                            <td style=\"\">9<\/td>\n                            <td style=\"\">Pharmacy<\/td>\n                            <td style=\"\"><a data-content='Technological chemistry' href='https:\/\/umfst.ro\/facultatea-de-farmacie\/en\/oferta-educationala\/studii-de-licenta\/chimie-tehnologica\/' rel='' target='_self'>Technological chemistry<\/a><\/td>\n                            <td style=\"\">3 years<\/td>\n                            <td style=\"\">full time<\/td>\n                            <td style=\"\">180<\/td>\n                            <td style=\"\">Romanian<\/td>\n                    <\/tr>\n            <\/tbody>        <!-- \/Table body -->\n\n        <!-- Table footer -->\n        \n        <!-- \/Table footer -->\n    <\/table>\n\n<\/div><style>\ntable.wpDataTable { table-layout: fixed !important; }\ntable.wpDataTable td, table.wpDataTable th { white-space: normal !important; }\ntable.wpDataTable td.numdata { text-align: right !important; }\n<\/style>\n<style>\n<\/style>\n<style>\n            \/* th background color *\/\n    .wpdt-c.wpDataTablesWrapper table.wpdtSimpleTable.bt[data-has-header='1'] td.wpdt-header-classes,\n    .wpdt-c.wpDataTablesWrapper table#wpdtSimpleTable-4 thead th,\n    .wpdt-c .wpDataTablesWrapper table.wpDataTable.wpDataTableID-4 > thead > tr > th,\n    .wpdt-c .wpDataTablesWrapper table.wpDataTable.wpDataTableID-4 thead th,\n    .wpdt-c .wpDataTablesWrapper table.wpDataTable.wpDataTableID-4 thead th.sorting {\n        background-color: #5A538A !important;\n        background-image: none !important;\n    }\n\n                \/* th font color *\/\n    .wpdt-c.wpDataTablesWrapper table.wpdtSimpleTable.bt[data-has-header='1'] td.wpdt-header-classes,\n    .wpdt-c.wpDataTablesWrapper table#wpdtSimpleTable-4 thead th,\n    .wpdt-c .wpDataTablesWrapper table.wpDataTable.wpDataTableID-4 thead th {\n        color: #FFFFFF !important;\n    }\n\n    .wpdt-c .wpDataTablesWrapper table.wpDataTable.wpDataTableID-4 thead th.sorting:after,\n    .wpdt-c .wpDataTablesWrapper table.wpDataTable.wpDataTableID-4 thead th.sorting_asc:after {\n        border-bottom-color: #FFFFFF !important;\n    }\n\n    .wpdt-c .wpDataTablesWrapper table.wpDataTable.wpDataTableID-4 thead th.sorting_desc:after {\n        border-top-color: #FFFFFF !important;\n    }\n\n                \n                                        \n                    \n<\/style>\n<\/p>\t\t\t\t\t\t\t\t<\/div>\n\t\t\t\t<\/div>\n\t\t\t\t\t<\/div>\n\t\t<\/div>\n\t\t\t\t\t<\/div>\n\t\t<\/section>\n\t\t\t\t<section class=\"elementor-section elementor-top-section elementor-element elementor-element-52699f7a elementor-hidden-widescreen elementor-hidden-desktop elementor-hidden-tablet elementor-hidden-mobile elementor-section-boxed elementor-section-height-default elementor-section-height-default\" data-id=\"52699f7a\" data-element_type=\"section\" data-e-type=\"section\">\n\t\t\t\t\t\t<div class=\"elementor-container elementor-column-gap-default\">\n\t\t\t\t\t<div class=\"elementor-column elementor-col-100 elementor-top-column elementor-element elementor-element-638e40e7\" data-id=\"638e40e7\" data-element_type=\"column\" data-e-type=\"column\">\n\t\t\t<div class=\"elementor-widget-wrap elementor-element-populated\">\n\t\t\t\t\t\t<div class=\"elementor-element elementor-element-1087876e elementor-widget elementor-widget-text-editor\" data-id=\"1087876e\" data-element_type=\"widget\" data-e-type=\"widget\" data-widget_type=\"text-editor.default\">\n\t\t\t\t<div class=\"elementor-widget-container\">\n\t\t\t\t\t\t\t\t\t<p><\/p>\n<p><!-- \/wp:paragraph --><\/p>\n<p><!-- wp:paragraph --><\/p>\n<p><\/p>\n<p><!-- \/wp:paragraph --><\/p>\t\t\t\t\t\t\t\t<\/div>\n\t\t\t\t<\/div>\n\t\t\t\t\t<\/div>\n\t\t<\/div>\n\t\t\t\t\t<\/div>\n\t\t<\/section>\n\t\t\t\t<\/div>\n\t\t","protected":false},"excerpt":{"rendered":"<p>Oferta educa\u021bional\u0103 *IF \u2013 \u00eenv\u0103\u021b\u0103m\u00e2nt cu frecven\u021b\u0103 \u00a0 Responsabili programe de studii universitare de licen\u021b\u0103 an universitar 2025-2026 PROGRAME DE STUDII UNIVERSITARE DE LICEN\u021a\u0102 Nr. crt. Programul de studii Responsabil 1. Farmacie LR, LM Prof. univ. dr. Daniela-Lucia MUNTEAN 2. Cosmetic\u0103 Medical\u0103 \u0219i Tehnologia Produsului Cosmetic \u0218ef lucr. dr. Cornelia-Titiana COTOI 3. Chimie Medical\u0103 Prof. [&hellip;]<\/p>\n","protected":false},"author":4,"featured_media":0,"parent":211,"menu_order":0,"comment_status":"closed","ping_status":"closed","template":"","meta":{"_relevanssi_hide_post":"","_relevanssi_hide_content":"","_relevanssi_pin_for_all":"","_relevanssi_pin_keywords":"","_relevanssi_unpin_keywords":"","_relevanssi_related_keywords":"","_relevanssi_related_include_ids":"","_relevanssi_related_exclude_ids":"","_relevanssi_related_no_append":"","_relevanssi_related_not_related":"","_relevanssi_related_posts":"1","_relevanssi_noindex_reason":"","footnotes":""},"categories":[13,32],"tags":[],"class_list":["post-215","page","type-page","status-publish","hentry","category-pagina-cu-sidebar","category-pagina-oferta-educationala"],"meta_box":[],"_links":{"self":[{"href":"https:\/\/umfst.ro\/facultatea-de-farmacie\/en\/wp-json\/wp\/v2\/pages\/215","targetHints":{"allow":["GET"]}}],"collection":[{"href":"https:\/\/umfst.ro\/facultatea-de-farmacie\/en\/wp-json\/wp\/v2\/pages"}],"about":[{"href":"https:\/\/umfst.ro\/facultatea-de-farmacie\/en\/wp-json\/wp\/v2\/types\/page"}],"author":[{"embeddable":true,"href":"https:\/\/umfst.ro\/facultatea-de-farmacie\/en\/wp-json\/wp\/v2\/users\/4"}],"replies":[{"embeddable":true,"href":"https:\/\/umfst.ro\/facultatea-de-farmacie\/en\/wp-json\/wp\/v2\/comments?post=215"}],"version-history":[{"count":105,"href":"https:\/\/umfst.ro\/facultatea-de-farmacie\/en\/wp-json\/wp\/v2\/pages\/215\/revisions"}],"predecessor-version":[{"id":3912,"href":"https:\/\/umfst.ro\/facultatea-de-farmacie\/en\/wp-json\/wp\/v2\/pages\/215\/revisions\/3912"}],"up":[{"embeddable":true,"href":"https:\/\/umfst.ro\/facultatea-de-farmacie\/en\/wp-json\/wp\/v2\/pages\/211"}],"wp:attachment":[{"href":"https:\/\/umfst.ro\/facultatea-de-farmacie\/en\/wp-json\/wp\/v2\/media?parent=215"}],"wp:term":[{"taxonomy":"category","embeddable":true,"href":"https:\/\/umfst.ro\/facultatea-de-farmacie\/en\/wp-json\/wp\/v2\/categories?post=215"},{"taxonomy":"post_tag","embeddable":true,"href":"https:\/\/umfst.ro\/facultatea-de-farmacie\/en\/wp-json\/wp\/v2\/tags?post=215"}],"curies":[{"name":"wp","href":"https:\/\/api.w.org\/{rel}","templated":true}]}}