{"id":66,"date":"2022-11-23T18:38:10","date_gmt":"2022-11-23T18:38:10","guid":{"rendered":"https:\/\/dev.umfst.ro\/facultatea-de-farmacie\/?page_id=66"},"modified":"2025-09-23T11:50:09","modified_gmt":"2025-09-23T11:50:09","slug":"pharmaceutical-biochemistry-and-the-chemistry-of-environmental-factors-3","status":"publish","type":"page","link":"https:\/\/umfst.ro\/facultatea-de-farmacie\/en\/departamente-si-discipline\/departamentul-f1\/biochimie-si-chimia-factorilor-de-mediu\/","title":{"rendered":"Biochemistry and environmental chemistry"},"content":{"rendered":"<div data-elementor-type=\"wp-page\" data-elementor-id=\"66\" class=\"elementor elementor-66\" data-elementor-post-type=\"page\">\n\t\t\t\t\t\t<section class=\"elementor-section elementor-top-section elementor-element elementor-element-bf7b5cb elementor-section-boxed elementor-section-height-default elementor-section-height-default\" data-id=\"bf7b5cb\" data-element_type=\"section\" data-e-type=\"section\">\n\t\t\t\t\t\t<div class=\"elementor-container elementor-column-gap-default\">\n\t\t\t\t\t<div class=\"elementor-column elementor-col-50 elementor-top-column elementor-element elementor-element-02d9518\" data-id=\"02d9518\" data-element_type=\"column\" data-e-type=\"column\">\n\t\t\t<div class=\"elementor-widget-wrap elementor-element-populated\">\n\t\t\t\t\t\t<div class=\"elementor-element elementor-element-4d8aa35 elementor-widget elementor-widget-text-editor\" data-id=\"4d8aa35\" data-element_type=\"widget\" data-e-type=\"widget\" data-widget_type=\"text-editor.default\">\n\t\t\t\t<div class=\"elementor-widget-container\">\n\t\t\t\t\t\t\t\t\t<h2>Members<\/h2><p><strong>Head of discipline<\/strong><br \/>Professor Nagy El\u0151d-Ern\u0151, MD, PhD \u2013 <a href=\"https:\/\/umfst.ro\/fileadmin\/f_farmacie\/Cadre_didactice\/CV\/F1\/CV_Nagy_Elod_Erno.pdf\">CV<\/a><\/p><p><strong>Members<br \/><\/strong>Associate professor Kov\u00e1cs Zsolt, PhD \u2013 <a href=\"https:\/\/umfst.ro\/fileadmin\/f_farmacie\/Cadre_didactice\/CV\/F1\/CV_Kovacs_Zsolt.pdf\">CV<\/a><br \/>Lecturer Cristina Filip, PhD <a href=\"https:\/\/umfst.ro\/fileadmin\/f_farmacie\/Cadre_didactice\/CV\/F1\/CV_Filip_Cristina.pdf\">&#8211; CV<\/a><br \/>Lecturer Kov\u00e1cs B\u00e9la, PhD <a href=\"https:\/\/umfst.ro\/fileadmin\/f_farmacie\/Cadre_didactice\/CV\/F1\/CV_Kovacs_Bela.pdf\">&#8211; CV<\/a><br \/>Lecturer Amalia Pu\u0219ca\u0219, PhD  \u2013 <a href=\"https:\/\/umfst.ro\/fileadmin\/f_farmacie\/Cadre_didactice\/CV\/F1\/CV_Puscas_Amalia.pdf\">CV<\/a><br \/>Lecturer Andreea Pricopie, PhD  \u2013 <a href=\"https:\/\/umfst.ro\/fileadmin\/f_farmacie\/Cadre_didactice\/CV\/F1\/CV_Pricopie.pdf\">CV<\/a><br \/>Lecturer Cosmina Uzun, PhD<br \/>Assistant lecturer Cristina-Alexandra Man, PhD student <a href=\"https:\/\/umfst.ro\/fileadmin\/f_farmacie\/Cadre_didactice\/CV\/F1\/CV_Man_Cristina.pdf\">CV<\/a><br \/>Assistant lecturer Moln\u00e1r Gyop\u00e1r-Be\u00e1ta, PhD student  \u2013 <a href=\"https:\/\/umfst.ro\/fileadmin\/f_farmacie\/Cadre_didactice\/CV\/F1\/CV_Molnar_Gyopar_Beata.pdf\">CV<\/a><br \/>Assistant lecturer Vass Timea-Magdolna, PhD student  \u2013 <a href=\"https:\/\/umfst.ro\/fileadmin\/f_farmacie\/Cadre_didactice\/CV\/F1\/CV_Vass_Timea.pdf\">CV<\/a><br \/>Lab. Tech. Cseh Margit<br \/>Lab. Tech. Lumini\u021ba Istrate<br \/>Lab. Tech. Stanca Ognean<\/p><h2><strong>Research Directions<\/strong><\/h2><ul><li>Biology of inflammation<\/li><li>Biomarkers and regulatory mechanisms in osteoarticular and cardiovascular pathology<\/li><li>Nutritional evaluation of novel sustainable protein products<\/li><li>Health impact assessment of plant-based product consumption<\/li><li>Mycoproteins derived from fungi: nutritional composition, production methods, and health benefits<\/li><li>Metabolic interrelations between diabetes mellitus and osteoarticular processes<\/li><li>Application of Quality by Design (QbD) and Process Analytical Technology (PAT) concepts in the development of solid pharmaceutical forms<\/li><li>Quality control of food supplements used for doping purposes<\/li><li>The role of oxidative stress in certain pathologies<\/li><li>Experimental design and development of antibiofilm solutions for the functionalization of implantable medical devices<\/li><li>Development of pharmaceutical nanosystems with antibacterial\/antifungal and antibiofilm properties<\/li><\/ul>\t\t\t\t\t\t\t\t<\/div>\n\t\t\t\t<\/div>\n\t\t\t\t\t<\/div>\n\t\t<\/div>\n\t\t\t\t<div class=\"elementor-column elementor-col-50 elementor-top-column elementor-element elementor-element-d149a2a\" data-id=\"d149a2a\" data-element_type=\"column\" data-e-type=\"column\">\n\t\t\t<div class=\"elementor-widget-wrap elementor-element-populated\">\n\t\t\t\t\t\t<section class=\"elementor-section elementor-inner-section elementor-element elementor-element-22ef6b3 elementor-section-boxed elementor-section-height-default elementor-section-height-default\" data-id=\"22ef6b3\" data-element_type=\"section\" data-e-type=\"section\">\n\t\t\t\t\t\t<div class=\"elementor-container elementor-column-gap-default\">\n\t\t\t\t\t<div data-dce-background-color=\"#F2F7FF\" class=\"elementor-column elementor-col-100 elementor-inner-column elementor-element elementor-element-969328c\" data-id=\"969328c\" data-element_type=\"column\" data-e-type=\"column\" data-settings=\"{&quot;background_background&quot;:&quot;classic&quot;}\">\n\t\t\t<div class=\"elementor-widget-wrap elementor-element-populated\">\n\t\t\t\t\t\t<div class=\"elementor-element elementor-element-a3859e2 elementor-widget elementor-widget-heading\" data-id=\"a3859e2\" data-element_type=\"widget\" data-e-type=\"widget\" data-widget_type=\"heading.default\">\n\t\t\t\t<div class=\"elementor-widget-container\">\n\t\t\t\t\t<h5 class=\"elementor-heading-title elementor-size-default\">Contact<\/h5>\t\t\t\t<\/div>\n\t\t\t\t<\/div>\n\t\t\t\t<div class=\"elementor-element elementor-element-95b9114 elementor-widget-divider--view-line elementor-widget elementor-widget-divider\" data-id=\"95b9114\" data-element_type=\"widget\" data-e-type=\"widget\" data-widget_type=\"divider.default\">\n\t\t\t\t<div class=\"elementor-widget-container\">\n\t\t\t\t\t\t\t<div class=\"elementor-divider\">\n\t\t\t<span class=\"elementor-divider-separator\">\n\t\t\t\t\t\t<\/span>\n\t\t<\/div>\n\t\t\t\t\t\t<\/div>\n\t\t\t\t<\/div>\n\t\t\t\t<div class=\"elementor-element elementor-element-de15d9d elementor-widget elementor-widget-icon-box\" data-id=\"de15d9d\" data-element_type=\"widget\" data-e-type=\"widget\" data-widget_type=\"icon-box.default\">\n\t\t\t\t<div class=\"elementor-widget-container\">\n\t\t\t\t\t\t\t<div class=\"elementor-icon-box-wrapper\">\n\n\t\t\t\n\t\t\t\t\t\t<div class=\"elementor-icon-box-content\">\n\n\t\t\t\t\t\t\t\t\t<h3 class=\"elementor-icon-box-title\">\n\t\t\t\t\t\t<span  >\n\t\t\t\t\t\t\tAddress\t\t\t\t\t\t<\/span>\n\t\t\t\t\t<\/h3>\n\t\t\t\t\n\t\t\t\t\t\t\t\t\t<p class=\"elementor-icon-box-description translation-block\">Faculty of Pharmacy Building 38 <br>\nGheorghe Marinescu Street\nT\u00e2rgu Mure\u0219, 540142 Rom\u00e2nia<\/p>\n\t\t\t\t\n\t\t\t<\/div>\n\t\t\t\n\t\t<\/div>\n\t\t\t\t\t\t<\/div>\n\t\t\t\t<\/div>\n\t\t\t\t<div class=\"elementor-element elementor-element-e92c3c9 elementor-widget elementor-widget-icon-box\" data-id=\"e92c3c9\" data-element_type=\"widget\" data-e-type=\"widget\" data-widget_type=\"icon-box.default\">\n\t\t\t\t<div class=\"elementor-widget-container\">\n\t\t\t\t\t\t\t<div class=\"elementor-icon-box-wrapper\">\n\n\t\t\t\n\t\t\t\t\t\t<div class=\"elementor-icon-box-content\">\n\n\t\t\t\t\t\t\t\t\t<h3 class=\"elementor-icon-box-title\">\n\t\t\t\t\t\t<span  >\n\t\t\t\t\t\t\tHead of discipline\t\t\t\t\t\t<\/span>\n\t\t\t\t\t<\/h3>\n\t\t\t\t\n\t\t\t\t\t\t\t\t\t<p class=\"elementor-icon-box-description\">\n\t\t\t\t\t\t block C3, upper floor, entrance 88, room 90\t\t\t\t\t<\/p>\n\t\t\t\t\n\t\t\t<\/div>\n\t\t\t\n\t\t<\/div>\n\t\t\t\t\t\t<\/div>\n\t\t\t\t<\/div>\n\t\t\t\t<div class=\"elementor-element elementor-element-a4e93b5 elementor-widget elementor-widget-icon-box\" data-id=\"a4e93b5\" data-element_type=\"widget\" data-e-type=\"widget\" data-widget_type=\"icon-box.default\">\n\t\t\t\t<div class=\"elementor-widget-container\">\n\t\t\t\t\t\t\t<div class=\"elementor-icon-box-wrapper\">\n\n\t\t\t\n\t\t\t\t\t\t<div class=\"elementor-icon-box-content\">\n\n\t\t\t\t\t\t\t\t\t<h3 class=\"elementor-icon-box-title\">\n\t\t\t\t\t\t<span  >\n\t\t\t\t\t\t\tDiscipline members\t\t\t\t\t\t<\/span>\n\t\t\t\t\t<\/h3>\n\t\t\t\t\n\t\t\t\t\t\t\t\t\t<p class=\"elementor-icon-box-description translation-block\">block C3,<br>\n- upper floor, entrance  88, room 91,<br>\n- basement, entrance 167<\/p>\n\t\t\t\t\n\t\t\t<\/div>\n\t\t\t\n\t\t<\/div>\n\t\t\t\t\t\t<\/div>\n\t\t\t\t<\/div>\n\t\t\t\t<div class=\"elementor-element elementor-element-9c82c4b elementor-widget elementor-widget-icon-box\" data-id=\"9c82c4b\" data-element_type=\"widget\" data-e-type=\"widget\" data-widget_type=\"icon-box.default\">\n\t\t\t\t<div class=\"elementor-widget-container\">\n\t\t\t\t\t\t\t<div class=\"elementor-icon-box-wrapper\">\n\n\t\t\t\n\t\t\t\t\t\t<div class=\"elementor-icon-box-content\">\n\n\t\t\t\t\t\t\t\t\t<h3 class=\"elementor-icon-box-title\">\n\t\t\t\t\t\t<span  >\n\t\t\t\t\t\t\tLaboratory\t\t\t\t\t\t<\/span>\n\t\t\t\t\t<\/h3>\n\t\t\t\t\n\t\t\t\t\t\t\t\t\t<p class=\"elementor-icon-box-description translation-block\">- corp C2, u\u0219a de acces 51<br>- corp C3, demisol, u\u0219a de acces 167<\/p>\n\t\t\t\t\n\t\t\t<\/div>\n\t\t\t\n\t\t<\/div>\n\t\t\t\t\t\t<\/div>\n\t\t\t\t<\/div>\n\t\t\t\t<div class=\"elementor-element elementor-element-24c79e3 elementor-widget elementor-widget-icon-box\" data-id=\"24c79e3\" data-element_type=\"widget\" data-e-type=\"widget\" data-widget_type=\"icon-box.default\">\n\t\t\t\t<div class=\"elementor-widget-container\">\n\t\t\t\t\t\t\t<div class=\"elementor-icon-box-wrapper\">\n\n\t\t\t\n\t\t\t\t\t\t<div class=\"elementor-icon-box-content\">\n\n\t\t\t\t\t\t\t\t\t<h3 class=\"elementor-icon-box-title\">\n\t\t\t\t\t\t<span  >\n\t\t\t\t\t\t\tPhone\t\t\t\t\t\t<\/span>\n\t\t\t\t\t<\/h3>\n\t\t\t\t\n\t\t\t\t\t\t\t\t\t<p class=\"elementor-icon-box-description\">\n\t\t\t\t\t\t+40-265-215.551, int. 362, 376, 378\t\t\t\t\t<\/p>\n\t\t\t\t\n\t\t\t<\/div>\n\t\t\t\n\t\t<\/div>\n\t\t\t\t\t\t<\/div>\n\t\t\t\t<\/div>\n\t\t\t\t\t<\/div>\n\t\t<\/div>\n\t\t\t\t\t<\/div>\n\t\t<\/section>\n\t\t\t\t\t<\/div>\n\t\t<\/div>\n\t\t\t\t\t<\/div>\n\t\t<\/section>\n\t\t\t\t<\/div>","protected":false},"excerpt":{"rendered":"<p>Colectivul disciplinei \u0218ef disciplin\u0103Prof. univ. dr. Nagy El\u0151d-Ern\u0151 &#8211; CV MembriConf. univ. dr. Kov\u00e1cs Zsolt &#8211; CV\u0218ef lucr. dr. Cristina Filip &#8211; CV\u0218ef lucr. dr. Kov\u00e1cs B\u00e9la &#8211; CV\u0218ef lucr. dr. Amalia Pu\u0219ca\u0219 &#8211; CV\u0218ef lucr. dr. Andreea Pricopie &#8211; CV\u0218ef lucr. dr. Cosmina UzunAsist. univ. drd. Cristina-Alexandra Man &#8211; CVAsist. univ. drd. Moln\u00e1r Gyop\u00e1r-Be\u00e1ta [&hellip;]<\/p>\n","protected":false},"author":4,"featured_media":0,"parent":65,"menu_order":0,"comment_status":"closed","ping_status":"closed","template":"","meta":{"_relevanssi_hide_post":"","_relevanssi_hide_content":"","_relevanssi_pin_for_all":"","_relevanssi_pin_keywords":"","_relevanssi_unpin_keywords":"","_relevanssi_related_keywords":"","_relevanssi_related_include_ids":"","_relevanssi_related_exclude_ids":"","_relevanssi_related_no_append":"","_relevanssi_related_not_related":"","_relevanssi_related_posts":"1","_relevanssi_noindex_reason":"","footnotes":""},"categories":[13,31],"tags":[],"class_list":["post-66","page","type-page","status-publish","hentry","category-pagina-cu-sidebar","category-pagina-departamente-si-discipline"],"meta_box":[],"_links":{"self":[{"href":"https:\/\/umfst.ro\/facultatea-de-farmacie\/en\/wp-json\/wp\/v2\/pages\/66","targetHints":{"allow":["GET"]}}],"collection":[{"href":"https:\/\/umfst.ro\/facultatea-de-farmacie\/en\/wp-json\/wp\/v2\/pages"}],"about":[{"href":"https:\/\/umfst.ro\/facultatea-de-farmacie\/en\/wp-json\/wp\/v2\/types\/page"}],"author":[{"embeddable":true,"href":"https:\/\/umfst.ro\/facultatea-de-farmacie\/en\/wp-json\/wp\/v2\/users\/4"}],"replies":[{"embeddable":true,"href":"https:\/\/umfst.ro\/facultatea-de-farmacie\/en\/wp-json\/wp\/v2\/comments?post=66"}],"version-history":[{"count":82,"href":"https:\/\/umfst.ro\/facultatea-de-farmacie\/en\/wp-json\/wp\/v2\/pages\/66\/revisions"}],"predecessor-version":[{"id":3853,"href":"https:\/\/umfst.ro\/facultatea-de-farmacie\/en\/wp-json\/wp\/v2\/pages\/66\/revisions\/3853"}],"up":[{"embeddable":true,"href":"https:\/\/umfst.ro\/facultatea-de-farmacie\/en\/wp-json\/wp\/v2\/pages\/65"}],"wp:attachment":[{"href":"https:\/\/umfst.ro\/facultatea-de-farmacie\/en\/wp-json\/wp\/v2\/media?parent=66"}],"wp:term":[{"taxonomy":"category","embeddable":true,"href":"https:\/\/umfst.ro\/facultatea-de-farmacie\/en\/wp-json\/wp\/v2\/categories?post=66"},{"taxonomy":"post_tag","embeddable":true,"href":"https:\/\/umfst.ro\/facultatea-de-farmacie\/en\/wp-json\/wp\/v2\/tags?post=66"}],"curies":[{"name":"wp","href":"https:\/\/api.w.org\/{rel}","templated":true}]}}