{"id":1223,"date":"2023-06-21T19:06:44","date_gmt":"2023-06-21T19:06:44","guid":{"rendered":"https:\/\/dev.umfst.ro\/facultatea-de-farmacie\/?page_id=1223"},"modified":"2025-05-20T10:10:53","modified_gmt":"2025-05-20T10:10:53","slug":"gyogyszereszeti-technologia-es-kozmetologia-6","status":"publish","type":"page","link":"https:\/\/umfst.ro\/facultatea-de-farmacie\/hu\/oferta-educationala\/studii-de-licenta\/chimie-tehnologica\/","title":{"rendered":"Technol\u00f3giai k\u00e9mia"},"content":{"rendered":"<div data-elementor-type=\"wp-page\" data-elementor-id=\"1223\" class=\"elementor elementor-1223\" data-elementor-post-type=\"page\">\n\t\t\t\t\t\t<section class=\"elementor-section elementor-top-section elementor-element elementor-element-1536296 elementor-section-boxed elementor-section-height-default elementor-section-height-default\" data-id=\"1536296\" data-element_type=\"section\" data-e-type=\"section\">\n\t\t\t\t\t\t<div class=\"elementor-container elementor-column-gap-default\">\n\t\t\t\t\t<div class=\"elementor-column elementor-col-50 elementor-top-column elementor-element elementor-element-7039768\" data-id=\"7039768\" data-element_type=\"column\" data-e-type=\"column\">\n\t\t\t<div class=\"elementor-widget-wrap elementor-element-populated\">\n\t\t\t\t\t\t<div class=\"elementor-element elementor-element-a9c4c67 elementor-widget elementor-widget-heading\" data-id=\"a9c4c67\" data-element_type=\"widget\" data-e-type=\"widget\" data-widget_type=\"heading.default\">\n\t\t\t\t<div class=\"elementor-widget-container\">\n\t\t\t\t\t<h2 class=\"elementor-heading-title elementor-size-default\">Le\u00edr\u00e1s<\/h2>\t\t\t\t<\/div>\n\t\t\t\t<\/div>\n\t\t\t\t<div class=\"elementor-element elementor-element-9a1e9d4 elementor-widget elementor-widget-text-editor\" data-id=\"9a1e9d4\" data-element_type=\"widget\" data-e-type=\"widget\" data-widget_type=\"text-editor.default\">\n\t\t\t\t<div class=\"elementor-widget-container\">\n\t\t\t\t\t\t\t\t\t<p><strong>A Technol\u00f3giai k\u00e9mia<\/strong>\u00a0mag\u00e1ban foglalja:<\/p><ul><li>K\u00e9miai vegy\u00fcletek vagy term\u00e9kek el\u0151\u00e1ll\u00edt\u00e1s\u00e1nak technol\u00f3giai m\u00f3dszereinek tervez\u00e9s\u00e9t \u00e9s fejleszt\u00e9s\u00e9t;<\/li><li>Technol\u00f3giai folyamatok ellen\u0151rz\u00e9s\u00e9t;<\/li><li>A kvalitat\u00edv \u00e9s kvantitat\u00edv anal\u00edzishez sz\u00fcks\u00e9ges m\u00f3dszerek, elj\u00e1r\u00e1sok \u00e9s technik\u00e1k fejleszt\u00e9s\u00e9t, optimaliz\u00e1l\u00e1s\u00e1t \u00e9s valid\u00e1l\u00e1s\u00e1t;<\/li><li>Tan\u00e1csad\u00e1st \u00e9s szak\u00e9rtelmet a k\u00fcl\u00f6nb\u00f6z\u0151 technol\u00f3giai folyamatok sor\u00e1n nyert term\u00e9kek ter\u00fclet\u00e9n;<\/li><li>Termel\u0151egys\u00e9gek szervez\u00e9s\u00e9t, ir\u00e1ny\u00edt\u00e1s\u00e1t \u00e9s marketingj\u00e9t;<\/li><li>A technol\u00f3giai folyamatokra vonatkoz\u00f3 jogszab\u00e1lyok \u00e9s k\u00f6rnyezet fogalmainak ismeret\u00e9t.<\/li><\/ul><p>\u00a0<\/p>\t\t\t\t\t\t\t\t<\/div>\n\t\t\t\t<\/div>\n\t\t\t\t<div class=\"elementor-element elementor-element-7a7459f elementor-widget elementor-widget-jet-accordion\" data-id=\"7a7459f\" data-element_type=\"widget\" data-e-type=\"widget\" data-widget_type=\"jet-accordion.default\">\n\t\t\t\t<div class=\"elementor-widget-container\">\n\t\t\t\t\t\t\t\t\t<div class=\"jet-accordion\" data-settings=\"{&quot;collapsible&quot;:false,&quot;ajaxTemplate&quot;:false,&quot;switchScrolling&quot;:false,&quot;switchScrollingTablet&quot;:false,&quot;switchScrollingMobile&quot;:false,&quot;switchScrollingOffset&quot;:{&quot;size&quot;:0,&quot;unit&quot;:&quot;px&quot;},&quot;switchScrollingOffsetTablet&quot;:{&quot;size&quot;:0,&quot;unit&quot;:&quot;px&quot;},&quot;switchScrollingOffsetMobile&quot;:{&quot;size&quot;:0,&quot;unit&quot;:&quot;px&quot;},&quot;switchScrollingDelay&quot;:500,&quot;switchScrollingDelayTablet&quot;:500,&quot;switchScrollingDelayMobile&quot;:500}\">\n\t\t\t<div class=\"jet-accordion__inner\">\n\t\t\t\t<div class=\"jet-accordion__item jet-toggle jet-toggle-move-up-effect\">\n\t\t\t\t\t\t\t<div id=\"jet-toggle-control-1281\" class=\"jet-toggle__control elementor-menu-anchor\" data-toggle=\"1\" role=\"button\" tabindex=\"0\" aria-controls=\"jet-toggle-content-1281\" aria-expanded=\"false\" data-template-id=\"false\">\n\t\t\t\t\t\t\t\t<div class=\"jet-toggle__label-icon jet-toggle-icon-position-right\"><span class=\"jet-toggle__icon icon-normal jet-tabs-icon\"><svg xmlns=\"http:\/\/www.w3.org\/2000\/svg\" viewbox=\"0 0 448 512\"><path d=\"M256 80c0-17.7-14.3-32-32-32s-32 14.3-32 32V224H48c-17.7 0-32 14.3-32 32s14.3 32 32 32H192V432c0 17.7 14.3 32 32 32s32-14.3 32-32V288H400c17.7 0 32-14.3 32-32s-14.3-32-32-32H256V80z\"><\/path><\/svg><\/span><span class=\"jet-toggle__icon icon-active jet-tabs-icon\"><svg xmlns=\"http:\/\/www.w3.org\/2000\/svg\" viewbox=\"0 0 448 512\"><path d=\"M432 256c0 17.7-14.3 32-32 32L48 288c-17.7 0-32-14.3-32-32s14.3-32 32-32l352 0c17.7 0 32 14.3 32 32z\"><\/path><\/svg><\/span><\/div><div class=\"jet-toggle__label-text\">K\u00fcldet\u00e9s<\/div>\t\t\t\t\t\t\t<\/div>\n\t\t\t\t\t\t\t<div id=\"jet-toggle-content-1281\" class=\"jet-toggle__content\" data-toggle=\"1\" role=\"region\" data-template-id=\"false\">\n\t\t\t\t\t\t\t\t<div class=\"jet-toggle__content-inner\"><p>A Technol\u00f3giai k\u00e9mia alapk\u00e9pz\u00e9si program k\u00fcldet\u00e9se \u00f6sszhangban \u00e1ll a Gy\u00f3gyszer\u00e9szeti Kar, illetve a George Emil Palade Marosv\u00e1s\u00e1rhelyi Orvosi, Gy\u00f3gyszer\u00e9szeti, Tudom\u00e1ny- \u00e9s Technol\u00f3giai Egyetem misszi\u00f3j\u00e1val:<\/p><ul><li>szakemberek k\u00e9pz\u00e9se a k\u00e9mia ter\u00fclet\u00e9n, akik a koncepci\u00f3kat, elveket, m\u00f3dszereket \u00e9s a j\u00f3 ipari gyakorlat szab\u00e1lyait alkalmazni tudj\u00e1k a gazdas\u00e1g \u00e9s az ipar k\u00fcl\u00f6nb\u00f6z\u0151 szektoraiban;<\/li><li>magas sz\u00ednvonal\u00fa alapk\u00e9pz\u00e9s fejleszt\u00e9se, amely szil\u00e1rd alapot teremt a mester-, doktori \u00e9s \u00e9lethosszig tart\u00f3 szakmai tov\u00e1bbk\u00e9pz\u00e9shez;<\/li><li>olyan v\u00e9gz\u0151s\u00f6k k\u00e9pz\u00e9se, akik \u00e1ltal\u00e1nos \u00e9s speci\u00e1lis k\u00e9miai-alkalmazott k\u00e9miai ismeretekkel, valamint a szakter\u00fclethez kapcsol\u00f3d\u00f3 kognit\u00edv k\u00e9szs\u00e9gekkel rendelkeznek.<\/li><\/ul><\/div>\n\t\t\t\t\t\t\t<\/div>\n\t\t\t\t\t\t<\/div><div class=\"jet-accordion__item jet-toggle jet-toggle-move-up-effect\">\n\t\t\t\t\t\t\t<div id=\"jet-toggle-control-1282\" class=\"jet-toggle__control elementor-menu-anchor\" data-toggle=\"2\" role=\"button\" tabindex=\"0\" aria-controls=\"jet-toggle-content-1282\" aria-expanded=\"false\" data-template-id=\"false\">\n\t\t\t\t\t\t\t\t<div class=\"jet-toggle__label-icon jet-toggle-icon-position-right\"><span class=\"jet-toggle__icon icon-normal jet-tabs-icon\"><svg xmlns=\"http:\/\/www.w3.org\/2000\/svg\" viewbox=\"0 0 448 512\"><path d=\"M256 80c0-17.7-14.3-32-32-32s-32 14.3-32 32V224H48c-17.7 0-32 14.3-32 32s14.3 32 32 32H192V432c0 17.7 14.3 32 32 32s32-14.3 32-32V288H400c17.7 0 32-14.3 32-32s-14.3-32-32-32H256V80z\"><\/path><\/svg><\/span><span class=\"jet-toggle__icon icon-active jet-tabs-icon\"><svg xmlns=\"http:\/\/www.w3.org\/2000\/svg\" viewbox=\"0 0 448 512\"><path d=\"M432 256c0 17.7-14.3 32-32 32L48 288c-17.7 0-32-14.3-32-32s14.3-32 32-32l352 0c17.7 0 32 14.3 32 32z\"><\/path><\/svg><\/span><\/div><div class=\"jet-toggle__label-text\">C\u00e9lkit\u0171z\u00e9sek<\/div>\t\t\t\t\t\t\t<\/div>\n\t\t\t\t\t\t\t<div id=\"jet-toggle-content-1282\" class=\"jet-toggle__content\" data-toggle=\"2\" role=\"region\" data-template-id=\"false\">\n\t\t\t\t\t\t\t\t<div class=\"jet-toggle__content-inner\"><p>A Technol\u00f3giai k\u00e9mia tanulm\u00e1nyi program c\u00e9lkit\u0171z\u00e9sei a Gy\u00f3gyszer\u00e9sztudom\u00e1nyi Kar \u00e9s az UMFST G.E. Palade T\u00e2rgu Mure\u0219 strat\u00e9giai c\u00e9lkit\u0171z\u00e9seib\u0151l \u00e9s k\u00fcldet\u00e9snyilatkozat\u00e1b\u00f3l erednek.<\/p><p><strong>\u00c1ltal\u00e1nos c\u00e9lok<\/strong> ale programului de studii de licen\u0163\u0103 Chimie tehnologic\u0103:<\/p><ul><li>a hallgat\u00f3 szakmai tud\u00e1sszintj\u00e9nek jogszab\u00e1lyban el\u0151\u00edrt szintre emel\u00e9se;<\/li><li>a szakmai intellektu\u00e1lis fegyelem kialak\u00edt\u00e1sa;<\/li><li>az etikai szeml\u00e9let fejleszt\u00e9se a szakmai \u00e9s \u00e9lethelyzetekben.<\/li><\/ul><p><strong>Specifikus c\u00e9lok<\/strong> ale programului de studii de licen\u0163\u0103 Chimie tehnologic\u0103:<\/p><ul><li>Az oktat\u00e1si keret biztos\u00edt\u00e1sa, hogy a hallgat\u00f3k el\u00e9rj\u00e9k a hivat\u00e1suk gyakorl\u00e1s\u00e1hoz sz\u00fcks\u00e9ges jogszab\u00e1lyi tud\u00e1sszintet; A szakmai intellektu\u00e1lis fegyelem kialak\u00edt\u00e1sa.<\/li><li>Az etikus szeml\u00e9let form\u00e1l\u00e1sa a szakmai \u00e9s szem\u00e9lyes d\u00f6nt\u00e9sekben.<\/li><\/ul><\/div>\n\t\t\t\t\t\t\t<\/div>\n\t\t\t\t\t\t<\/div><div class=\"jet-accordion__item jet-toggle jet-toggle-move-up-effect\">\n\t\t\t\t\t\t\t<div id=\"jet-toggle-control-1283\" class=\"jet-toggle__control elementor-menu-anchor\" data-toggle=\"3\" role=\"button\" tabindex=\"0\" aria-controls=\"jet-toggle-content-1283\" aria-expanded=\"false\" data-template-id=\"false\">\n\t\t\t\t\t\t\t\t<div class=\"jet-toggle__label-icon jet-toggle-icon-position-right\"><span class=\"jet-toggle__icon icon-normal jet-tabs-icon\"><svg xmlns=\"http:\/\/www.w3.org\/2000\/svg\" viewbox=\"0 0 448 512\"><path d=\"M256 80c0-17.7-14.3-32-32-32s-32 14.3-32 32V224H48c-17.7 0-32 14.3-32 32s14.3 32 32 32H192V432c0 17.7 14.3 32 32 32s32-14.3 32-32V288H400c17.7 0 32-14.3 32-32s-14.3-32-32-32H256V80z\"><\/path><\/svg><\/span><span class=\"jet-toggle__icon icon-active jet-tabs-icon\"><svg xmlns=\"http:\/\/www.w3.org\/2000\/svg\" viewbox=\"0 0 448 512\"><path d=\"M432 256c0 17.7-14.3 32-32 32L48 288c-17.7 0-32-14.3-32-32s14.3-32 32-32l352 0c17.7 0 32 14.3 32 32z\"><\/path><\/svg><\/span><\/div><div class=\"jet-toggle__label-text\">Megszerzett kompetenci\u00e1k \u00e9s ismeretek<\/div>\t\t\t\t\t\t\t<\/div>\n\t\t\t\t\t\t\t<div id=\"jet-toggle-content-1283\" class=\"jet-toggle__content\" data-toggle=\"3\" role=\"region\" data-template-id=\"false\">\n\t\t\t\t\t\t\t\t<div class=\"jet-toggle__content-inner\"><ul><li>Szakmai tev\u00e9kenys\u00e9g k\u00fcl\u00f6nb\u00f6z\u0151 t\u00edpus\u00fa termel\u00e9si folyamatokban, sz\u00e9les technol\u00f3giai palett\u00e1n.<\/li><li>Technol\u00f3giai elj\u00e1r\u00e1sok tervez\u00e9se \u00faj vegy\u00fcletek el\u0151\u00e1ll\u00edt\u00e1s\u00e1ra.<\/li><li>Technol\u00f3giai folyamatok ellen\u0151rz\u00e9se \u00e9s optimaliz\u00e1l\u00e1sa.<\/li><li>Analitikai m\u00f3dszerek kidolgoz\u00e1sa, optimaliz\u00e1l\u00e1sa \u00e9s valid\u00e1l\u00e1sa; min\u0151s\u00e9gi-mennyis\u00e9gi vizsg\u00e1latok.<\/li><li>Tan\u00e1csad\u00e1s \u00e9s szak\u00e9rt\u00e9s a technol\u00f3giai folyamatb\u00f3l sz\u00e1rmaz\u00f3 term\u00e9kek ter\u00e9n.<\/li><li>Termel\u00e9si egys\u00e9gek szervez\u00e9se, menedzsmentje \u00e9s marketingje.<\/li><li>A technol\u00f3giai folyamatokra \u00e9s a k\u00f6rnyezetv\u00e9delemre vonatkoz\u00f3 jogszab\u00e1lyok ismerete.<\/li><\/ul><p>A v\u00e9gz\u0151s hallgat\u00f3 mester-, illetve doktori k\u00e9pz\u00e9sben folytathatja tanulm\u00e1nyait.<\/p><\/div>\n\t\t\t\t\t\t\t<\/div>\n\t\t\t\t\t\t<\/div>\t\t\t<\/div>\n\t\t<\/div>\n\t\t\t\t\t\t<\/div>\n\t\t\t\t<\/div>\n\t\t\t\t<div class=\"elementor-element elementor-element-155306c elementor-widget elementor-widget-heading\" data-id=\"155306c\" data-element_type=\"widget\" data-e-type=\"widget\" data-widget_type=\"heading.default\">\n\t\t\t\t<div class=\"elementor-widget-container\">\n\t\t\t\t\t<h2 class=\"elementor-heading-title elementor-size-default\">Karrierlehet\u0151s\u00e9gek<\/h2>\t\t\t\t<\/div>\n\t\t\t\t<\/div>\n\t\t\t\t<div class=\"elementor-element elementor-element-91de08a elementor-widget elementor-widget-text-editor\" data-id=\"91de08a\" data-element_type=\"widget\" data-e-type=\"widget\" data-widget_type=\"text-editor.default\">\n\t\t\t\t<div class=\"elementor-widget-container\">\n\t\t\t\t\t\t\t\t\t<p>A veg\u00e9sz technikus sz\u00e1mos szakmai p\u00e1ly\u00e1t v\u00e1laszthat, p\u00e9ld\u00e1ul:<\/p><ul><li>k\u00e9miai tan\u00e1csad\u00f3<\/li><li>k\u00e9miai szak\u00e9rt\u0151<\/li><li>szakter\u00fcleti referens vegy\u00e9sz<\/li><\/ul><p>\u00a0<\/p><p><strong>Munkater\u00fcletek:<\/strong><\/p><ul><li>k\u00e9miai, gy\u00f3gyszeripari, biotechnol\u00f3giai v\u00e1llalatok<\/li><li>term\u00e9k- \u00e9s min\u0151s\u00e9gellen\u0151rz\u0151 laborat\u00f3riumok<\/li><li>laborat\u00f3riumi \u00e9s ipari berendez\u00e9seket gy\u00e1rt\u00f3 \/ forgalmaz\u00f3 c\u00e9gek<\/li><li>k\u00f6rnyezetmonitoring-c\u00e9gek \u00e9s int\u00e9zm\u00e9nyek<\/li><li>nemzeti hat\u00f3s\u00e1gok<\/li><li>k\u00f6z\u00e9pfok\u00fa oktat\u00e1si int\u00e9zm\u00e9nyek<\/li><\/ul>\t\t\t\t\t\t\t\t<\/div>\n\t\t\t\t<\/div>\n\t\t\t\t\t<\/div>\n\t\t<\/div>\n\t\t\t\t<div class=\"elementor-column elementor-col-50 elementor-top-column elementor-element elementor-element-1b974e1\" data-id=\"1b974e1\" data-element_type=\"column\" data-e-type=\"column\">\n\t\t\t<div class=\"elementor-widget-wrap elementor-element-populated\">\n\t\t\t\t\t\t<section class=\"elementor-section elementor-inner-section elementor-element elementor-element-fd54ed9 elementor-section-boxed elementor-section-height-default elementor-section-height-default\" data-id=\"fd54ed9\" data-element_type=\"section\" data-e-type=\"section\">\n\t\t\t\t\t\t<div class=\"elementor-container elementor-column-gap-default\">\n\t\t\t\t\t<div data-dce-background-color=\"#F2F7FF\" class=\"elementor-column elementor-col-100 elementor-inner-column elementor-element elementor-element-cf667d2\" data-id=\"cf667d2\" data-element_type=\"column\" data-e-type=\"column\" data-settings=\"{&quot;background_background&quot;:&quot;classic&quot;}\">\n\t\t\t<div class=\"elementor-widget-wrap elementor-element-populated\">\n\t\t\t\t\t\t<div class=\"elementor-element elementor-element-8b1af08 elementor-widget elementor-widget-heading\" data-id=\"8b1af08\" data-element_type=\"widget\" data-e-type=\"widget\" data-widget_type=\"heading.default\">\n\t\t\t\t<div class=\"elementor-widget-container\">\n\t\t\t\t\t<h5 class=\"elementor-heading-title elementor-size-default\">\u00c1ltal\u00e1nos inform\u00e1ci\u00f3k<\/h5>\t\t\t\t<\/div>\n\t\t\t\t<\/div>\n\t\t\t\t<div class=\"elementor-element elementor-element-424fac1 elementor-widget-divider--view-line elementor-widget elementor-widget-divider\" data-id=\"424fac1\" data-element_type=\"widget\" data-e-type=\"widget\" data-widget_type=\"divider.default\">\n\t\t\t\t<div class=\"elementor-widget-container\">\n\t\t\t\t\t\t\t<div class=\"elementor-divider\">\n\t\t\t<span class=\"elementor-divider-separator\">\n\t\t\t\t\t\t<\/span>\n\t\t<\/div>\n\t\t\t\t\t\t<\/div>\n\t\t\t\t<\/div>\n\t\t\t\t<div class=\"elementor-element elementor-element-fd9f1ac elementor-widget elementor-widget-icon-box\" data-id=\"fd9f1ac\" data-element_type=\"widget\" data-e-type=\"widget\" data-widget_type=\"icon-box.default\">\n\t\t\t\t<div class=\"elementor-widget-container\">\n\t\t\t\t\t\t\t<div class=\"elementor-icon-box-wrapper\">\n\n\t\t\t\n\t\t\t\t\t\t<div class=\"elementor-icon-box-content\">\n\n\t\t\t\t\t\t\t\t\t<h3 class=\"elementor-icon-box-title\">\n\t\t\t\t\t\t<span  >\n\t\t\t\t\t\t\tK\u00e9pz\u00e9si id\u0151\t\t\t\t\t\t<\/span>\n\t\t\t\t\t<\/h3>\n\t\t\t\t\n\t\t\t\t\t\t\t\t\t<p class=\"elementor-icon-box-description\">\n\t\t\t\t\t\t3 \u00e9v (6 f\u00e9l\u00e9v) \u2013 180 ECTS\t\t\t\t\t<\/p>\n\t\t\t\t\n\t\t\t<\/div>\n\t\t\t\n\t\t<\/div>\n\t\t\t\t\t\t<\/div>\n\t\t\t\t<\/div>\n\t\t\t\t<div class=\"elementor-element elementor-element-aeee075 elementor-widget elementor-widget-icon-box\" data-id=\"aeee075\" data-element_type=\"widget\" data-e-type=\"widget\" data-widget_type=\"icon-box.default\">\n\t\t\t\t<div class=\"elementor-widget-container\">\n\t\t\t\t\t\t\t<div class=\"elementor-icon-box-wrapper\">\n\n\t\t\t\n\t\t\t\t\t\t<div class=\"elementor-icon-box-content\">\n\n\t\t\t\t\t\t\t\t\t<h3 class=\"elementor-icon-box-title\">\n\t\t\t\t\t\t<span  >\n\t\t\t\t\t\t\tFelv\u00e9teli felt\u00e9tel\t\t\t\t\t\t<\/span>\n\t\t\t\t\t<\/h3>\n\t\t\t\t\n\t\t\t\t\t\t\t\t\t<p class=\"elementor-icon-box-description\">\n\t\t\t\t\t\t\u00c9retts\u00e9gi oklev\u00e9l \u00e9s sikeres felv\u00e9teli vizsga\t\t\t\t\t<\/p>\n\t\t\t\t\n\t\t\t<\/div>\n\t\t\t\n\t\t<\/div>\n\t\t\t\t\t\t<\/div>\n\t\t\t\t<\/div>\n\t\t\t\t<div class=\"elementor-element elementor-element-cacd557 elementor-widget elementor-widget-icon-box\" data-id=\"cacd557\" data-element_type=\"widget\" data-e-type=\"widget\" data-widget_type=\"icon-box.default\">\n\t\t\t\t<div class=\"elementor-widget-container\">\n\t\t\t\t\t\t\t<div class=\"elementor-icon-box-wrapper\">\n\n\t\t\t\n\t\t\t\t\t\t<div class=\"elementor-icon-box-content\">\n\n\t\t\t\t\t\t\t\t\t<h3 class=\"elementor-icon-box-title\">\n\t\t\t\t\t\t<span  >\n\t\t\t\t\t\t\tK\u00e9pz\u00e9si forma\t\t\t\t\t\t<\/span>\n\t\t\t\t\t<\/h3>\n\t\t\t\t\n\t\t\t\t\t\t\t\t\t<p class=\"elementor-icon-box-description\">\n\t\t\t\t\t\tNappali (IF)\t\t\t\t\t<\/p>\n\t\t\t\t\n\t\t\t<\/div>\n\t\t\t\n\t\t<\/div>\n\t\t\t\t\t\t<\/div>\n\t\t\t\t<\/div>\n\t\t\t\t<div class=\"elementor-element elementor-element-58fae23 elementor-widget elementor-widget-icon-box\" data-id=\"58fae23\" data-element_type=\"widget\" data-e-type=\"widget\" data-widget_type=\"icon-box.default\">\n\t\t\t\t<div class=\"elementor-widget-container\">\n\t\t\t\t\t\t\t<div class=\"elementor-icon-box-wrapper\">\n\n\t\t\t\n\t\t\t\t\t\t<div class=\"elementor-icon-box-content\">\n\n\t\t\t\t\t\t\t\t\t<h3 class=\"elementor-icon-box-title\">\n\t\t\t\t\t\t<span  >\n\t\t\t\t\t\t\tOktat\u00e1s nyelve\t\t\t\t\t\t<\/span>\n\t\t\t\t\t<\/h3>\n\t\t\t\t\n\t\t\t\t\t\t\t\t\t<p class=\"elementor-icon-box-description\">\n\t\t\t\t\t\tRom\u00e1n\t\t\t\t\t<\/p>\n\t\t\t\t\n\t\t\t<\/div>\n\t\t\t\n\t\t<\/div>\n\t\t\t\t\t\t<\/div>\n\t\t\t\t<\/div>\n\t\t\t\t<div class=\"elementor-element elementor-element-c1c69de elementor-widget elementor-widget-icon-box\" data-id=\"c1c69de\" data-element_type=\"widget\" data-e-type=\"widget\" data-widget_type=\"icon-box.default\">\n\t\t\t\t<div class=\"elementor-widget-container\">\n\t\t\t\t\t\t\t<div class=\"elementor-icon-box-wrapper\">\n\n\t\t\t\n\t\t\t\t\t\t<div class=\"elementor-icon-box-content\">\n\n\t\t\t\t\t\t\t\t\t<h3 class=\"elementor-icon-box-title\">\n\t\t\t\t\t\t<span  >\n\t\t\t\t\t\t\tMegszerezhet\u0151 c\u00edm\t\t\t\t\t\t<\/span>\n\t\t\t\t\t<\/h3>\n\t\t\t\t\n\t\t\t\t\t\t\t\t\t<p class=\"elementor-icon-box-description\">\n\t\t\t\t\t\tVegy\u00e9sz technikus\t\t\t\t\t<\/p>\n\t\t\t\t\n\t\t\t<\/div>\n\t\t\t\n\t\t<\/div>\n\t\t\t\t\t\t<\/div>\n\t\t\t\t<\/div>\n\t\t\t\t<div class=\"elementor-element elementor-element-4a662e6 elementor-widget elementor-widget-icon-box\" data-id=\"4a662e6\" data-element_type=\"widget\" data-e-type=\"widget\" data-widget_type=\"icon-box.default\">\n\t\t\t\t<div class=\"elementor-widget-container\">\n\t\t\t\t\t\t\t<div class=\"elementor-icon-box-wrapper\">\n\n\t\t\t\n\t\t\t\t\t\t<div class=\"elementor-icon-box-content\">\n\n\t\t\t\t\t\t\t\t\t<h3 class=\"elementor-icon-box-title\">\n\t\t\t\t\t\t<span  >\n\t\t\t\t\t\t\tK\u00e9pz\u00e9si program\t\t\t\t\t\t<\/span>\n\t\t\t\t\t<\/h3>\n\t\t\t\t\n\t\t\t\t\t\t\t\t\t<p class=\"elementor-icon-box-description\">\n\t\t\t\t\t\tIdeiglenesen enged\u00e9lyezett\t\t\t\t\t<\/p>\n\t\t\t\t\n\t\t\t<\/div>\n\t\t\t\n\t\t<\/div>\n\t\t\t\t\t\t<\/div>\n\t\t\t\t<\/div>\n\t\t\t\t<div class=\"elementor-element elementor-element-7056ae7 elementor-widget elementor-widget-icon-box\" data-id=\"7056ae7\" data-element_type=\"widget\" data-e-type=\"widget\" data-widget_type=\"icon-box.default\">\n\t\t\t\t<div class=\"elementor-widget-container\">\n\t\t\t\t\t\t\t<div class=\"elementor-icon-box-wrapper\">\n\n\t\t\t\n\t\t\t\t\t\t<div class=\"elementor-icon-box-content\">\n\n\t\t\t\t\t\t\t\t\t<h3 class=\"elementor-icon-box-title\">\n\t\t\t\t\t\t<span  >\n\t\t\t\t\t\t\tProgramfelel\u0151s\t\t\t\t\t\t<\/span>\n\t\t\t\t\t<\/h3>\n\t\t\t\t\n\t\t\t\t\t\t\t\t\t<p class=\"elementor-icon-box-description\">\n\t\t\t\t\t\tprof. univ. dr. Silvia Imre\n<br>e-mail: silvia.imre@umfst.ro\n\t\t\t\t\t<\/p>\n\t\t\t\t\n\t\t\t<\/div>\n\t\t\t\n\t\t<\/div>\n\t\t\t\t\t\t<\/div>\n\t\t\t\t<\/div>\n\t\t\t\t<div class=\"elementor-element elementor-element-7c64dd6 elementor-hidden-widescreen elementor-hidden-desktop elementor-hidden-tablet elementor-hidden-mobile elementor-widget elementor-widget-icon-box\" data-id=\"7c64dd6\" data-element_type=\"widget\" data-e-type=\"widget\" data-widget_type=\"icon-box.default\">\n\t\t\t\t<div class=\"elementor-widget-container\">\n\t\t\t\t\t\t\t<div class=\"elementor-icon-box-wrapper\">\n\n\t\t\t\n\t\t\t\t\t\t<div class=\"elementor-icon-box-content\">\n\n\t\t\t\t\t\t\t\t\t<h3 class=\"elementor-icon-box-title\">\n\t\t\t\t\t\t<span  >\n\t\t\t\t\t\t\tCifra de \u0219colarizare\t\t\t\t\t\t<\/span>\n\t\t\t\t\t<\/h3>\n\t\t\t\t\n\t\t\t\t\t\t\t\t\t<p class=\"elementor-icon-box-description\">\n\t\t\t\t\t\tBuget 10 <\/br>\nTax\u0103 20\t\t\t\t\t<\/p>\n\t\t\t\t\n\t\t\t<\/div>\n\t\t\t\n\t\t<\/div>\n\t\t\t\t\t\t<\/div>\n\t\t\t\t<\/div>\n\t\t\t\t\t<\/div>\n\t\t<\/div>\n\t\t\t\t\t<\/div>\n\t\t<\/section>\n\t\t\t\t\t<\/div>\n\t\t<\/div>\n\t\t\t\t\t<\/div>\n\t\t<\/section>\n\t\t\t\t<\/div>","protected":false},"excerpt":{"rendered":"<p>Descriere Chimia tehnologic\u0103\u00a0presupune: Proiectarea \u015fi elaborarea unor metode tehnologice de ob\u021binere a unor compu\u0219i chimici sau produse; Controlul fluxurilor tehnologice; Elaborarea, optimizarea \u0219i validarea unor metode de analiz\u0103, procedee \u0219i tehnici privind analiza calitativ\u0103 \u0219i cantitativ\u0103; Consultan\u021b\u0103 \u015fi expertiz\u0103 \u00een domeniul produselor ob\u021binute prin flux tehnologic; Organizarea, managementul \u015fi marketingul unit\u0103\u021bilor de produc\u021bie; Cunoa\u0219terea de [&hellip;]<\/p>\n","protected":false},"author":25,"featured_media":0,"parent":215,"menu_order":0,"comment_status":"closed","ping_status":"closed","template":"","meta":{"_relevanssi_hide_post":"","_relevanssi_hide_content":"","_relevanssi_pin_for_all":"","_relevanssi_pin_keywords":"","_relevanssi_unpin_keywords":"","_relevanssi_related_keywords":"","_relevanssi_related_include_ids":"","_relevanssi_related_exclude_ids":"","_relevanssi_related_no_append":"","_relevanssi_related_not_related":"","_relevanssi_related_posts":"1","_relevanssi_noindex_reason":"","footnotes":""},"categories":[13,32],"tags":[],"class_list":["post-1223","page","type-page","status-publish","hentry","category-pagina-cu-sidebar","category-pagina-oferta-educationala"],"meta_box":[],"_links":{"self":[{"href":"https:\/\/umfst.ro\/facultatea-de-farmacie\/hu\/wp-json\/wp\/v2\/pages\/1223","targetHints":{"allow":["GET"]}}],"collection":[{"href":"https:\/\/umfst.ro\/facultatea-de-farmacie\/hu\/wp-json\/wp\/v2\/pages"}],"about":[{"href":"https:\/\/umfst.ro\/facultatea-de-farmacie\/hu\/wp-json\/wp\/v2\/types\/page"}],"author":[{"embeddable":true,"href":"https:\/\/umfst.ro\/facultatea-de-farmacie\/hu\/wp-json\/wp\/v2\/users\/25"}],"replies":[{"embeddable":true,"href":"https:\/\/umfst.ro\/facultatea-de-farmacie\/hu\/wp-json\/wp\/v2\/comments?post=1223"}],"version-history":[{"count":30,"href":"https:\/\/umfst.ro\/facultatea-de-farmacie\/hu\/wp-json\/wp\/v2\/pages\/1223\/revisions"}],"predecessor-version":[{"id":3627,"href":"https:\/\/umfst.ro\/facultatea-de-farmacie\/hu\/wp-json\/wp\/v2\/pages\/1223\/revisions\/3627"}],"up":[{"embeddable":true,"href":"https:\/\/umfst.ro\/facultatea-de-farmacie\/hu\/wp-json\/wp\/v2\/pages\/215"}],"wp:attachment":[{"href":"https:\/\/umfst.ro\/facultatea-de-farmacie\/hu\/wp-json\/wp\/v2\/media?parent=1223"}],"wp:term":[{"taxonomy":"category","embeddable":true,"href":"https:\/\/umfst.ro\/facultatea-de-farmacie\/hu\/wp-json\/wp\/v2\/categories?post=1223"},{"taxonomy":"post_tag","embeddable":true,"href":"https:\/\/umfst.ro\/facultatea-de-farmacie\/hu\/wp-json\/wp\/v2\/tags?post=1223"}],"curies":[{"name":"wp","href":"https:\/\/api.w.org\/{rel}","templated":true}]}}