{"id":168,"date":"2022-11-25T17:36:22","date_gmt":"2022-11-25T17:36:22","guid":{"rendered":"https:\/\/dev.umfst.ro\/facultatea-de-farmacie\/?page_id=168"},"modified":"2025-09-23T11:52:15","modified_gmt":"2025-09-23T11:52:15","slug":"farmakologia-es-klinikai-gyogyszereszet","status":"publish","type":"page","link":"https:\/\/umfst.ro\/facultatea-de-farmacie\/hu\/departamente-si-discipline\/departamentul-f2\/farmacologie-si-farmacie-clinica\/","title":{"rendered":"Farmakol\u00f3gia \u00e9s klinikai gy\u00f3gyszer\u00e9szet"},"content":{"rendered":"<div data-elementor-type=\"wp-page\" data-elementor-id=\"168\" class=\"elementor elementor-168\" data-elementor-post-type=\"page\">\n\t\t\t\t\t\t<section class=\"elementor-section elementor-top-section elementor-element elementor-element-e7371ee elementor-section-boxed elementor-section-height-default elementor-section-height-default\" data-id=\"e7371ee\" data-element_type=\"section\" data-e-type=\"section\">\n\t\t\t\t\t\t<div class=\"elementor-container elementor-column-gap-default\">\n\t\t\t\t\t<div class=\"elementor-column elementor-col-50 elementor-top-column elementor-element elementor-element-b6f921a\" data-id=\"b6f921a\" data-element_type=\"column\" data-e-type=\"column\">\n\t\t\t<div class=\"elementor-widget-wrap elementor-element-populated\">\n\t\t\t\t\t\t<div class=\"elementor-element elementor-element-e2665f6 elementor-widget elementor-widget-text-editor\" data-id=\"e2665f6\" data-element_type=\"widget\" data-e-type=\"widget\" data-widget_type=\"text-editor.default\">\n\t\t\t\t<div class=\"elementor-widget-container\">\n\t\t\t\t\t\t\t\t\t<h2>Tansz\u00e9ki szem\u00e9lyzet<\/h2><p><strong>Tansz\u00e9kvezet\u0151<\/strong><br \/>Prof. univ. dr. Camil-Eugen Vari &#8211; <a href=\"https:\/\/umfst.ro\/fileadmin\/f_farmacie\/Cadre_didactice\/CV\/F2\/CV_Camil_Vari.pdf\">CV<\/a><\/p><p><strong>Tagok<\/strong><\/p><p>Prof. univ. dr. Bianca-Eugenia \u0150sz \u2013\u00a0<a href=\"https:\/\/umfst.ro\/fileadmin\/f_farmacie\/Cadre_didactice\/CV\/F2\/CV_Osz_BE.pdf\">CV<\/a><br \/>Dr. G\u00c1LL Zsolt, egyetemi docens -\u00a0<a href=\"https:\/\/umfst.ro\/fileadmin\/f_farmacie\/Cadre_didactice\/CV\/F2\/CV_Gall.pdf\">CV<\/a><br \/>Dr. KOLCS\u00c1R Melinda, egyetemi docens -\u00a0<a href=\"https:\/\/umfst.ro\/fileadmin\/f_farmacie\/Cadre_didactice\/CV\/F2\/CV_Kolcsar_Melinda.pdf\">CV<\/a><br \/>Dr. B\u00c1BA L\u00e1szl\u00f3-Istv\u00e1n, egyetemi adjunktus -\u00a0<a href=\"https:\/\/umfst.ro\/fileadmin\/f_farmacie\/Cadre_didactice\/CV\/F2\/CV_Baba_Laszlo_Istvan.pdf\">CV<\/a><br \/>Dr. Sorina CUCUIET, egyetemi adjunktus -\u00a0<a href=\"https:\/\/umfst.ro\/fileadmin\/f_farmacie\/Cadre_didactice\/CV\/F2\/CV_Cucuiet_Sorina.pdf\">CV<\/a><br \/>Dr. Alexandra D\u00d6RG\u00d6S-GRO\u015eAN, egyetemi adjunktus -\u00a0<a href=\"https:\/\/umfst.ro\/fileadmin\/f_farmacie\/Cadre_didactice\/CV\/F2\/CV_Alexandra_Grosan.pdf\">CV<\/a><br \/>Dr. George J\u00ceTC\u0102, egyetemi adjunktus -\u00a0<a href=\"https:\/\/umfst.ro\/fileadmin\/f_farmacie\/Cadre_didactice\/CV\/F2\/CV_Jitca_George.pdf\">CV<\/a><br \/>Mihaela B\u0102LDEAN, labor\u00e1ns<br \/>Angela D\u00c2MBEAN, labor\u00e1ns<br \/>SCHWARTZ M\u00e1rta, labor\u00e1ns<\/p><p><strong>Kutat\u00e1si ir\u00e1nyok<\/strong><\/p><ul><li>Oxidat\u00edv stressz<\/li><li>Gy\u00f3gyszerek hat\u00e1soss\u00e1ga \u00e9s biztons\u00e1ga<\/li><li>Reprodukt\u00edv toxicit\u00e1s<\/li><li>Term\u00e9szetes vegy\u00fcletek farmakol\u00f3gi\u00e1ja<\/li><li>Antiepileptikumok \u00e9s antipszichotikumok in vivo hat\u00e1svizsg\u00e1lata <em>in vivo;<\/em><\/li><li>D-vitamin \u00e9s metabolitjainak tanulm\u00e1nyoz\u00e1sa epilepszia- \u00e9s neurodegenerat\u00edv modelleken<\/li><li>Adipogenezis vizsg\u00e1lata sejtvonalakon \u00e9s \u00e1llatmodelleken<\/li><\/ul>\t\t\t\t\t\t\t\t<\/div>\n\t\t\t\t<\/div>\n\t\t\t\t\t<\/div>\n\t\t<\/div>\n\t\t\t\t<div class=\"elementor-column elementor-col-50 elementor-top-column elementor-element elementor-element-88a19fb\" data-id=\"88a19fb\" data-element_type=\"column\" data-e-type=\"column\">\n\t\t\t<div class=\"elementor-widget-wrap elementor-element-populated\">\n\t\t\t\t\t\t<section class=\"elementor-section elementor-inner-section elementor-element elementor-element-a7105b9 elementor-section-boxed elementor-section-height-default elementor-section-height-default\" data-id=\"a7105b9\" data-element_type=\"section\" data-e-type=\"section\">\n\t\t\t\t\t\t<div class=\"elementor-container elementor-column-gap-default\">\n\t\t\t\t\t<div data-dce-background-color=\"#F2F7FF\" class=\"elementor-column elementor-col-100 elementor-inner-column elementor-element elementor-element-144ae52\" data-id=\"144ae52\" data-element_type=\"column\" data-e-type=\"column\" data-settings=\"{&quot;background_background&quot;:&quot;classic&quot;}\">\n\t\t\t<div class=\"elementor-widget-wrap elementor-element-populated\">\n\t\t\t\t\t\t<div class=\"elementor-element elementor-element-7beff60 elementor-widget elementor-widget-heading\" data-id=\"7beff60\" data-element_type=\"widget\" data-e-type=\"widget\" data-widget_type=\"heading.default\">\n\t\t\t\t<div class=\"elementor-widget-container\">\n\t\t\t\t\t<h5 class=\"elementor-heading-title elementor-size-default\">Kapcsolat<\/h5>\t\t\t\t<\/div>\n\t\t\t\t<\/div>\n\t\t\t\t<div class=\"elementor-element elementor-element-c891c97 elementor-widget-divider--view-line elementor-widget elementor-widget-divider\" data-id=\"c891c97\" data-element_type=\"widget\" data-e-type=\"widget\" data-widget_type=\"divider.default\">\n\t\t\t\t<div class=\"elementor-widget-container\">\n\t\t\t\t\t\t\t<div class=\"elementor-divider\">\n\t\t\t<span class=\"elementor-divider-separator\">\n\t\t\t\t\t\t<\/span>\n\t\t<\/div>\n\t\t\t\t\t\t<\/div>\n\t\t\t\t<\/div>\n\t\t\t\t<div class=\"elementor-element elementor-element-67a3141 elementor-widget elementor-widget-icon-box\" data-id=\"67a3141\" data-element_type=\"widget\" data-e-type=\"widget\" data-widget_type=\"icon-box.default\">\n\t\t\t\t<div class=\"elementor-widget-container\">\n\t\t\t\t\t\t\t<div class=\"elementor-icon-box-wrapper\">\n\n\t\t\t\n\t\t\t\t\t\t<div class=\"elementor-icon-box-content\">\n\n\t\t\t\t\t\t\t\t\t<h3 class=\"elementor-icon-box-title\">\n\t\t\t\t\t\t<span  >\n\t\t\t\t\t\t\tLevelez\u00e9si c\u00edm\t\t\t\t\t\t<\/span>\n\t\t\t\t\t<\/h3>\n\t\t\t\t\n\t\t\t\t\t\t\t\t\t<p class=\"elementor-icon-box-description translation-block\">Gy\u00f3gyszer\u00e9szeti Kar \u00c9p\u00fclete \u2013 Gheorghe Marinescu utca, 38. sz\u00e1m, Marosv\u00e1s\u00e1rhely, Maros megye, 540142, Rom\u00e1nia<\/p>\n\t\t\t\t\n\t\t\t<\/div>\n\t\t\t\n\t\t<\/div>\n\t\t\t\t\t\t<\/div>\n\t\t\t\t<\/div>\n\t\t\t\t<div class=\"elementor-element elementor-element-d210e06 elementor-widget elementor-widget-icon-box\" data-id=\"d210e06\" data-element_type=\"widget\" data-e-type=\"widget\" data-widget_type=\"icon-box.default\">\n\t\t\t\t<div class=\"elementor-widget-container\">\n\t\t\t\t\t\t\t<div class=\"elementor-icon-box-wrapper\">\n\n\t\t\t\n\t\t\t\t\t\t<div class=\"elementor-icon-box-content\">\n\n\t\t\t\t\t\t\t\t\t<h3 class=\"elementor-icon-box-title\">\n\t\t\t\t\t\t<span  >\n\t\t\t\t\t\t\tTansz\u00e9kvezet\u0151\t\t\t\t\t\t<\/span>\n\t\t\t\t\t<\/h3>\n\t\t\t\t\n\t\t\t\t\t\t\t\t\t<p class=\"elementor-icon-box-description\">\n\t\t\t\t\t\t C3 sz\u00e1rny, emelet, 101. \/ 102. ajt\u00f3\t\t\t\t\t<\/p>\n\t\t\t\t\n\t\t\t<\/div>\n\t\t\t\n\t\t<\/div>\n\t\t\t\t\t\t<\/div>\n\t\t\t\t<\/div>\n\t\t\t\t<div class=\"elementor-element elementor-element-4210842 elementor-widget elementor-widget-icon-box\" data-id=\"4210842\" data-element_type=\"widget\" data-e-type=\"widget\" data-widget_type=\"icon-box.default\">\n\t\t\t\t<div class=\"elementor-widget-container\">\n\t\t\t\t\t\t\t<div class=\"elementor-icon-box-wrapper\">\n\n\t\t\t\n\t\t\t\t\t\t<div class=\"elementor-icon-box-content\">\n\n\t\t\t\t\t\t\t\t\t<h3 class=\"elementor-icon-box-title\">\n\t\t\t\t\t\t<span  >\n\t\t\t\t\t\t\tOktat\u00f3k\t\t\t\t\t\t<\/span>\n\t\t\t\t\t<\/h3>\n\t\t\t\t\n\t\t\t\t\t\t\t\t\t<p class=\"elementor-icon-box-description translation-block\">C1 sz\u00e1rny, alagsor, 25., 26., 27. ajt\u00f3k <br>\nC3 sz\u00e1rny, alagsor, 168. ajt\u00f3<\/p>\n\t\t\t\t\n\t\t\t<\/div>\n\t\t\t\n\t\t<\/div>\n\t\t\t\t\t\t<\/div>\n\t\t\t\t<\/div>\n\t\t\t\t<div class=\"elementor-element elementor-element-b9a867c elementor-widget elementor-widget-icon-box\" data-id=\"b9a867c\" data-element_type=\"widget\" data-e-type=\"widget\" data-widget_type=\"icon-box.default\">\n\t\t\t\t<div class=\"elementor-widget-container\">\n\t\t\t\t\t\t\t<div class=\"elementor-icon-box-wrapper\">\n\n\t\t\t\n\t\t\t\t\t\t<div class=\"elementor-icon-box-content\">\n\n\t\t\t\t\t\t\t\t\t<h3 class=\"elementor-icon-box-title\">\n\t\t\t\t\t\t<span  >\n\t\t\t\t\t\t\tLaborat\u00f3riumok\t\t\t\t\t\t<\/span>\n\t\t\t\t\t<\/h3>\n\t\t\t\t\n\t\t\t\t\t\t\t\t\t<p class=\"elementor-icon-box-description translation-block\">C1 sz\u00e1rny, f\u00f6ldszint, 4. ajt\u00f3 <Br>\nC3 sz\u00e1rny, alagsor, 167. ajt\u00f3<\/p>\n\t\t\t\t\n\t\t\t<\/div>\n\t\t\t\n\t\t<\/div>\n\t\t\t\t\t\t<\/div>\n\t\t\t\t<\/div>\n\t\t\t\t<div class=\"elementor-element elementor-element-86f4960 elementor-widget elementor-widget-icon-box\" data-id=\"86f4960\" data-element_type=\"widget\" data-e-type=\"widget\" data-widget_type=\"icon-box.default\">\n\t\t\t\t<div class=\"elementor-widget-container\">\n\t\t\t\t\t\t\t<div class=\"elementor-icon-box-wrapper\">\n\n\t\t\t\n\t\t\t\t\t\t<div class=\"elementor-icon-box-content\">\n\n\t\t\t\t\t\t\t\t\t<h3 class=\"elementor-icon-box-title\">\n\t\t\t\t\t\t<span  >\n\t\t\t\t\t\t\tTelefon\t\t\t\t\t\t<\/span>\n\t\t\t\t\t<\/h3>\n\t\t\t\t\n\t\t\t\t\t\t\t\t\t<p class=\"elementor-icon-box-description\">\n\t\t\t\t\t\t+40-265-215.551, int. 378, 381, 382, 383\t\t\t\t\t<\/p>\n\t\t\t\t\n\t\t\t<\/div>\n\t\t\t\n\t\t<\/div>\n\t\t\t\t\t\t<\/div>\n\t\t\t\t<\/div>\n\t\t\t\t\t<\/div>\n\t\t<\/div>\n\t\t\t\t\t<\/div>\n\t\t<\/section>\n\t\t\t\t\t<\/div>\n\t\t<\/div>\n\t\t\t\t\t<\/div>\n\t\t<\/section>\n\t\t\t\t<\/div>","protected":false},"excerpt":{"rendered":"<p>Colectivul disciplinei \u0218ef disciplin\u0103Prof. univ. dr. Camil-Eugen Vari &#8211; CV Membri Prof. univ. dr. Bianca-Eugenia \u0150sz \u2013\u00a0CVConf. univ. dr. G\u00e1ll Zsolt \u2013\u00a0CVConf. univ. dr. Kolcs\u00e1r Melinda \u2013\u00a0CV\u0218ef lucr. dr. B\u00e1ba L\u00e1szl\u00f3-Istv\u00e1n \u2013\u00a0CV\u015eef lucr. dr. Sorina Cucuiet \u2013\u00a0CV\u015eef lucr. dr. Alexandra\u00a0 Gro\u0219an \u2013\u00a0CV\u015eef lucr. dr. George J\u00eetc\u0103-\u00a0CVLab. Mihaela B\u0103ldeanLab. Angela D\u00e2mbeanLab. Schwartz M\u00e1rta Direc\u021bii de cercetare [&hellip;]<\/p>\n","protected":false},"author":4,"featured_media":0,"parent":141,"menu_order":0,"comment_status":"closed","ping_status":"closed","template":"","meta":{"_relevanssi_hide_post":"","_relevanssi_hide_content":"","_relevanssi_pin_for_all":"","_relevanssi_pin_keywords":"","_relevanssi_unpin_keywords":"","_relevanssi_related_keywords":"","_relevanssi_related_include_ids":"","_relevanssi_related_exclude_ids":"","_relevanssi_related_no_append":"","_relevanssi_related_not_related":"","_relevanssi_related_posts":"1","_relevanssi_noindex_reason":"","footnotes":""},"categories":[13,31],"tags":[],"class_list":["post-168","page","type-page","status-publish","hentry","category-pagina-cu-sidebar","category-pagina-departamente-si-discipline"],"meta_box":[],"_links":{"self":[{"href":"https:\/\/umfst.ro\/facultatea-de-farmacie\/hu\/wp-json\/wp\/v2\/pages\/168","targetHints":{"allow":["GET"]}}],"collection":[{"href":"https:\/\/umfst.ro\/facultatea-de-farmacie\/hu\/wp-json\/wp\/v2\/pages"}],"about":[{"href":"https:\/\/umfst.ro\/facultatea-de-farmacie\/hu\/wp-json\/wp\/v2\/types\/page"}],"author":[{"embeddable":true,"href":"https:\/\/umfst.ro\/facultatea-de-farmacie\/hu\/wp-json\/wp\/v2\/users\/4"}],"replies":[{"embeddable":true,"href":"https:\/\/umfst.ro\/facultatea-de-farmacie\/hu\/wp-json\/wp\/v2\/comments?post=168"}],"version-history":[{"count":41,"href":"https:\/\/umfst.ro\/facultatea-de-farmacie\/hu\/wp-json\/wp\/v2\/pages\/168\/revisions"}],"predecessor-version":[{"id":3856,"href":"https:\/\/umfst.ro\/facultatea-de-farmacie\/hu\/wp-json\/wp\/v2\/pages\/168\/revisions\/3856"}],"up":[{"embeddable":true,"href":"https:\/\/umfst.ro\/facultatea-de-farmacie\/hu\/wp-json\/wp\/v2\/pages\/141"}],"wp:attachment":[{"href":"https:\/\/umfst.ro\/facultatea-de-farmacie\/hu\/wp-json\/wp\/v2\/media?parent=168"}],"wp:term":[{"taxonomy":"category","embeddable":true,"href":"https:\/\/umfst.ro\/facultatea-de-farmacie\/hu\/wp-json\/wp\/v2\/categories?post=168"},{"taxonomy":"post_tag","embeddable":true,"href":"https:\/\/umfst.ro\/facultatea-de-farmacie\/hu\/wp-json\/wp\/v2\/tags?post=168"}],"curies":[{"name":"wp","href":"https:\/\/api.w.org\/{rel}","templated":true}]}}